{"id":6840,"date":"2024-09-16T10:38:04","date_gmt":"2024-09-16T10:38:04","guid":{"rendered":"https:\/\/murerpoint.dk\/?page_id=6840"},"modified":"2024-09-18T09:54:01","modified_gmt":"2024-09-18T09:54:01","slug":"optimales-schleifen-mit-diamantsegmenten","status":"publish","type":"page","link":"https:\/\/murerpoint.dk\/de\/optimales-schleifen-mit-diamantsegmenten\/","title":{"rendered":"Optimales Schleifen mit Diamantsegmenten \u2013 Beratung, Anleitung und 20 Jahre Erfahrung von MurerPoint"},"content":{"rendered":"<?xml encoding=\"utf-8\" ?><div data-elementor-type=\"wp-page\" data-elementor-id=\"6840\" class=\"elementor elementor-6840 elementor-6807\" data-elementor-post-type=\"page\">\n\t\t\t\t<div class=\"elementor-element elementor-element-a8d3c32 e-flex e-con-boxed e-con e-parent\" data-id=\"a8d3c32\" data-element_type=\"container\" data-e-type=\"container\">\n\t\t\t\t\t<div class=\"e-con-inner\">\n\t\t\t\t<div class=\"elementor-element elementor-element-ecf6185 elementor-widget elementor-widget-image\" data-id=\"ecf6185\" data-element_type=\"widget\" data-e-type=\"widget\" data-widget_type=\"image.default\">\n\t\t\t\t<div class=\"elementor-widget-container\">\n\t\t\t\t\t\t\t\t\t\t\t\t\t\t\t<img fetchpriority=\"high\" decoding=\"async\" width=\"276\" height=\"183\" src=\"https:\/\/murerpoint.dk\/wp-content\/uploads\/2024\/09\/betonslibning.jpg\" class=\"attachment-medium size-medium wp-image-6812\" alt=\"Optimal Slibning med Diamantsegmenter &ndash; R&aring;d, Vejledning og 20 &Aring;rs Erfaring fra MurerPoint\">\t\t\t\t\t\t\t\t\t\t\t\t\t\t\t<\/div>\n\t\t\t\t<\/div>\n\t\t\t\t\t<\/div>\n\t\t\t\t<\/div>\n\t\t<div class=\"elementor-element elementor-element-69a11d2 e-flex e-con-boxed e-con e-parent\" data-id=\"69a11d2\" data-element_type=\"container\" data-e-type=\"container\">\n\t\t\t\t\t<div class=\"e-con-inner\">\n\t\t\t\t<div class=\"elementor-element elementor-element-1077027 elementor-widget elementor-widget-text-editor\" data-id=\"1077027\" data-element_type=\"widget\" data-e-type=\"widget\" data-widget_type=\"text-editor.default\">\n\t\t\t\t<div class=\"elementor-widget-container\">\n\t\t\t\t\t\t\t\t\t<p><strong>Willkommen zu unserer Expertise in Diamantsegmenten und Betonschleifen!<\/strong><\/p><p>Bei MurerPoint verf&uuml;gen wir &uuml;ber 20 Jahre Erfahrung in der Entwicklung und Anpassung von Diamantsegmenten f&uuml;r alle Arten von Betonb&ouml;den &ndash; von weichem Flie&szlig;beton bis hin zu extrem harten Kieselb&ouml;den. Wir wissen, wie wichtig es ist, das richtige Segment auszuw&auml;hlen, und deshalb teilen wir hier unser umfangreiches Wissen.<\/p><p>Auf dieser Seite findest du Ratschl&auml;ge, Anleitungen und Erfahrungen, die dir helfen, die besten Ergebnisse zu erzielen, egal ob du ein professioneller oder privater Nutzer bist. Du erh&auml;ltst Einblicke, wie du deinen Schleifprozess optimierst und das Diamantsegment ausw&auml;hlst, das am besten zu deinen Anforderungen passt.<\/p><p><strong>Warum ist die Wahl des richtigen Diamantsegments wichtig?<\/strong><\/p><p>Das richtige Diamantsegment stellt sicher, dass dein Schleifprozess schnell und effizient verl&auml;uft, w&auml;hrend du gleichzeitig die l&auml;ngstm&ouml;gliche Lebensdauer des Segments erzielst. Bei MurerPoint haben wir unsere Produkte jahrelang getestet und optimiert, um das perfekte Gleichgewicht zwischen schneller Schleifleistung und Haltbarkeit zu finden.<\/p><p><i>Lies weiter, um mehr dar&uuml;ber zu erfahren, wie du das richtige Diamantsegment ausw&auml;hlst, basierend auf Betontyp, Maschinen und Arbeitsaufgaben.<\/i><\/p>\t\t\t\t\t\t\t\t<\/div>\n\t\t\t\t<\/div>\n\t\t\t\t\t<\/div>\n\t\t\t\t<\/div>\n\t\t<div class=\"elementor-element elementor-element-b7bcaff e-flex e-con-boxed e-con e-parent\" data-id=\"b7bcaff\" data-element_type=\"container\" data-e-type=\"container\">\n\t\t\t\t\t<div class=\"e-con-inner\">\n\t\t\t\t<div class=\"elementor-element elementor-element-6d74ed2 elementor-widget elementor-widget-heading\" data-id=\"6d74ed2\" data-element_type=\"widget\" data-e-type=\"widget\" data-widget_type=\"heading.default\">\n\t\t\t\t<div class=\"elementor-widget-container\">\n\t\t\t\t\t<h2 class=\"elementor-heading-title elementor-size-default\">H&auml;rte von Diamantsegmenten &ndash; Was Bedeutet Das f&uuml;r Dich?<\/h2>\t\t\t\t<\/div>\n\t\t\t\t<\/div>\n\t\t\t\t\t<\/div>\n\t\t\t\t<\/div>\n\t\t<div class=\"elementor-element elementor-element-c581bfa e-flex e-con-boxed e-con e-parent\" data-id=\"c581bfa\" data-element_type=\"container\" data-e-type=\"container\">\n\t\t\t\t\t<div class=\"e-con-inner\">\n\t\t\t\t<div class=\"elementor-element elementor-element-38b07dc elementor-widget elementor-widget-text-editor\" data-id=\"38b07dc\" data-element_type=\"widget\" data-e-type=\"widget\" data-widget_type=\"text-editor.default\">\n\t\t\t\t<div class=\"elementor-widget-container\">\n\t\t\t\t\t\t\t\t\t<h6 style=\"font-family: Roboto, sans-serif; color: rgb(15, 14, 14);\">Die H&auml;rte eines Diamantsegments ist entscheidend daf&uuml;r, wie effizient und schnell es arbeitet und wie lange es h&auml;lt. Ein Segment muss aggressiv genug sein, um schnell viel Material abzutragen, darf sich jedoch nicht zu schnell abnutzen.<\/h6>\n<p><strong>Bei MurerPoint haben wir die H&auml;rte unserer Diamantsegmente so angepasst, dass du die optimale Balance zwischen erh&auml;ltst:<\/strong><\/p><ul><li><strong>Schleifgeschwindigkeit<\/strong> &ndash; Wie schnell das Segment arbeitet und Beton entfernt.<\/li><li><strong>Verschlei&szlig;festigkeit<\/strong> &ndash; Wie lange das Segment h&auml;lt, bevor es ausgetauscht werden muss.<\/li><\/ul><p>Durch die Wahl des richtigen Segments arbeitest du schneller und mit weniger Verschlei&szlig;, was dir Zeit und Geld spart.<\/p><p><strong>Professionelle vs. private Bed&uuml;rfnisse &ndash; Welches Segment passt zu dir?<\/strong><br>Es gibt einen deutlichen Unterschied zwischen dem, was professionelle und private Benutzer bei der Wahl von Diamantsegmenten ben&ouml;tigen:<\/p><ul><li><strong>Professionelle Benutzer<\/strong> haben oft hohe Arbeitskosten und ben&ouml;tigen daher Segmente, die schnell und effizient arbeiten. F&uuml;r sie ist es wichtig, die Arbeit schnell abzuschlie&szlig;en, um Geld zu sparen.<\/li><li><strong>Private Benutzer<\/strong> legen mehr Wert auf die Lebensdauer des Segments, da sie oft an kleineren Projekten arbeiten. Hier geht es darum, das Segment so lange wie m&ouml;glich zu nutzen, auch wenn die Arbeit etwas l&auml;nger dauert.<\/li><\/ul><p>Bei MurerPoint helfen wir dir, das richtige Diamantsegment auszuw&auml;hlen, je nachdem, ob du auf schnelle Schleifleistung oder lange Haltbarkeit Wert legst.<\/p><p><strong>Wie w&auml;hlst du das richtige Diamantsegment aus?<\/strong><br>Bei der Auswahl des richtigen Diamantsegments musst du mehrere Faktoren ber&uuml;cksichtigen:<\/p><ul><li><strong>Betonart<\/strong>: Handelt es sich um weichen Flie&szlig;beton oder harten, vollst&auml;ndig ausgeh&auml;rteten Beton?<\/li><li><strong>Maschine<\/strong>: Welche Art von Maschine verwendest du und wie schwer ist sie?<\/li><li><strong>Arbeitsaufgabe<\/strong>: Musst du gro&szlig;e Mengen Beton entfernen oder ist es eher Pr&auml;zisionsarbeit?<\/li><\/ul><p>Bei MurerPoint helfen wir dir, die perfekte &Uuml;bereinstimmung zwischen Segment und Beton zu finden, damit du immer die besten Ergebnisse erzielst.<\/p><p><strong>Betonschleifmaschinen und Gewichtsoptimierung<\/strong><br>Bei der Arbeit mit schweren Betonschleifmaschinen (&uuml;ber 280 kg) ist es wichtig, den Druck der Maschine anzupassen, abh&auml;ngig von der Betonart, mit der du arbeitest. Bei weichem Beton kannst du das Gewicht der Maschine reduzieren, um die Lebensdauer des Diamantsegments zu verl&auml;ngern und unn&ouml;tigen Verschlei&szlig; zu vermeiden.<\/p><p><strong>Testen von Diamantsegmenten &ndash; Wie bewertest du die Qualit&auml;t?<\/strong><br>Um die Lebensdauer eines Segments korrekt zu messen, musst du dieselbe Segmentform, Maschine und auf derselben Art von Boden arbeiten. Bei MurerPoint haben wir diese Tests hunderte Male durchgef&uuml;hrt, um sicherzustellen, dass unsere Segmente die beste Leistung und Haltbarkeit bieten.<\/p><p>Wir messen sowohl:<\/p><ul><li><strong>Schleifgeschwindigkeit<\/strong> &ndash; Wie viel Beton in einer bestimmten Zeit entfernt wird.<\/li><li><strong>Verschlei&szlig;festigkeit<\/strong> &ndash; Wie viel das Segment in derselben Zeit abgenutzt wird.<\/li><\/ul><p>Dies stellt sicher, dass du Segmente erh&auml;ltst, die sowohl schnell arbeiten als auch lange halten.<\/p><p><strong>Kontaktiere MurerPoint f&uuml;r professionelle Beratung<\/strong><br>Hast du Fragen oder ben&ouml;tigst du Hilfe bei der Auswahl des richtigen Diamantsegments f&uuml;r deine Aufgabe? Kontaktiere uns noch heute und erhalte professionelle Beratung von unseren Experten mit &uuml;ber 20 Jahren Erfahrung.<\/p><p><strong>Vorteile der Diamantsegmente von MurerPoint:<\/strong><\/p><ul><li>Schnelles Schleifen f&uuml;r Profis<\/li><li>Lange Haltbarkeit f&uuml;r private Benutzer<\/li><li>Optimale Balance zwischen Effizienz und Lebensdauer<\/li><li>Beratung von Experten mit &uuml;ber 20 Jahren Erfahrung<\/li><\/ul><ul>\n<\/ul>\t\t\t\t\t\t\t\t<\/div>\n\t\t\t\t<\/div>\n\t\t\t\t\t<\/div>\n\t\t\t\t<\/div>\n\t\t<div class=\"elementor-element elementor-element-bd79b53 e-flex e-con-boxed e-con e-parent\" data-id=\"bd79b53\" data-element_type=\"container\" data-e-type=\"container\">\n\t\t\t\t\t<div class=\"e-con-inner\">\n\t\t\t\t\t<\/div>\n\t\t\t\t<\/div>\n\t\t\t\t<\/div>\n","protected":false},"excerpt":{"rendered":"<p>Willkommen zu unserer Expertise in Diamantsegmenten und Betonschleifen! Bei MurerPoint verf&uuml;gen wir &uuml;ber 20 Jahre Erfahrung in der Entwicklung und Anpassung von Diamantsegmenten f&uuml;r alle Arten von Betonb&ouml;den &ndash; von weichem Flie&szlig;beton bis hin zu extrem harten Kieselb&ouml;den. Wir wissen, wie wichtig es ist, das richtige Segment auszuw&auml;hlen, und deshalb teilen wir hier unser umfangreiches [&hellip;]<\/p>\n","protected":false},"author":2,"featured_media":0,"parent":0,"menu_order":0,"comment_status":"closed","ping_status":"closed","template":"","meta":{"footnotes":""},"class_list":["post-6840","page","type-page","status-publish","hentry"],"yoast_head":"<!-- This site is optimized with the Yoast SEO plugin v27.4 - https:\/\/yoast.com\/product\/yoast-seo-wordpress\/ -->\n<title>Optimales Schleifen mit Diamantsegmenten \u2013 Beratung, Anleitung und 20 Jahre Erfahrung von MurerPoint - Murerpoint ApS<\/title>\n<meta name=\"description\" content=\"Wir haben \u00fcber 20 Jahre Erfahrung in der Entwicklung und Anpassung von Diamantsegmenten f\u00fcr Betonb\u00f6den, von weichem Beton bis extrem hart.\" \/>\n<meta name=\"robots\" content=\"index, follow, max-snippet:-1, max-image-preview:large, max-video-preview:-1\" \/>\n<link rel=\"canonical\" href=\"https:\/\/murerpoint.dk\/de\/optimales-schleifen-mit-diamantsegmenten\/\" \/>\n<meta property=\"og:locale\" content=\"de_DE\" \/>\n<meta property=\"og:type\" content=\"article\" \/>\n<meta property=\"og:title\" content=\"Optimales Schleifen mit Diamantsegmenten \u2013 Beratung, Anleitung und 20 Jahre Erfahrung von MurerPoint - Murerpoint ApS\" \/>\n<meta property=\"og:description\" content=\"Wir haben \u00fcber 20 Jahre Erfahrung in der Entwicklung und Anpassung von Diamantsegmenten f\u00fcr Betonb\u00f6den, von weichem Beton bis extrem hart.\" \/>\n<meta property=\"og:url\" content=\"https:\/\/murerpoint.dk\/de\/optimales-schleifen-mit-diamantsegmenten\/\" \/>\n<meta property=\"og:site_name\" content=\"Murerpoint ApS\" \/>\n<meta property=\"article:publisher\" content=\"https:\/\/m.facebook.com\/profile.php?id=61555157262134\" \/>\n<meta property=\"article:modified_time\" content=\"2024-09-18T09:54:01+00:00\" \/>\n<meta property=\"og:image\" content=\"https:\/\/murerpoint.dk\/wp-content\/uploads\/2024\/09\/betonslibning.jpg\" \/>\n<meta name=\"twitter:card\" content=\"summary_large_image\" \/>\n<meta name=\"twitter:label1\" content=\"Gesch\u00e4tzte Lesezeit\" \/>\n\t<meta name=\"twitter:data1\" content=\"4\u00a0Minuten\" \/>\n<script type=\"application\/ld+json\" class=\"yoast-schema-graph\">{\"@context\":\"https:\\\/\\\/schema.org\",\"@graph\":[{\"@type\":\"WebPage\",\"@id\":\"https:\\\/\\\/murerpoint.dk\\\/de\\\/optimales-schleifen-mit-diamantsegmenten\\\/\",\"url\":\"https:\\\/\\\/murerpoint.dk\\\/de\\\/optimales-schleifen-mit-diamantsegmenten\\\/\",\"name\":\"Optimales Schleifen mit Diamantsegmenten \u2013 Beratung, Anleitung und 20 Jahre Erfahrung von MurerPoint - Murerpoint ApS\",\"isPartOf\":{\"@id\":\"https:\\\/\\\/murerpoint.dk\\\/de\\\/#website\"},\"primaryImageOfPage\":{\"@id\":\"https:\\\/\\\/murerpoint.dk\\\/de\\\/optimales-schleifen-mit-diamantsegmenten\\\/#primaryimage\"},\"image\":{\"@id\":\"https:\\\/\\\/murerpoint.dk\\\/de\\\/optimales-schleifen-mit-diamantsegmenten\\\/#primaryimage\"},\"thumbnailUrl\":\"https:\\\/\\\/murerpoint.dk\\\/wp-content\\\/uploads\\\/2024\\\/09\\\/betonslibning.jpg\",\"datePublished\":\"2024-09-16T10:38:04+00:00\",\"dateModified\":\"2024-09-18T09:54:01+00:00\",\"description\":\"Wir haben \u00fcber 20 Jahre Erfahrung in der Entwicklung und Anpassung von Diamantsegmenten f\u00fcr Betonb\u00f6den, von weichem Beton bis extrem hart.\",\"breadcrumb\":{\"@id\":\"https:\\\/\\\/murerpoint.dk\\\/de\\\/optimales-schleifen-mit-diamantsegmenten\\\/#breadcrumb\"},\"inLanguage\":\"de\",\"potentialAction\":[{\"@type\":\"ReadAction\",\"target\":[\"https:\\\/\\\/murerpoint.dk\\\/de\\\/optimales-schleifen-mit-diamantsegmenten\\\/\"]}]},{\"@type\":\"ImageObject\",\"inLanguage\":\"de\",\"@id\":\"https:\\\/\\\/murerpoint.dk\\\/de\\\/optimales-schleifen-mit-diamantsegmenten\\\/#primaryimage\",\"url\":\"https:\\\/\\\/murerpoint.dk\\\/wp-content\\\/uploads\\\/2024\\\/09\\\/betonslibning.jpg\",\"contentUrl\":\"https:\\\/\\\/murerpoint.dk\\\/wp-content\\\/uploads\\\/2024\\\/09\\\/betonslibning.jpg\"},{\"@type\":\"BreadcrumbList\",\"@id\":\"https:\\\/\\\/murerpoint.dk\\\/de\\\/optimales-schleifen-mit-diamantsegmenten\\\/#breadcrumb\",\"itemListElement\":[{\"@type\":\"ListItem\",\"position\":1,\"name\":\"Hjem\",\"item\":\"https:\\\/\\\/murerpoint.dk\\\/de\\\/\"},{\"@type\":\"ListItem\",\"position\":2,\"name\":\"Optimales Schleifen mit Diamantsegmenten \u2013 Beratung, Anleitung und 20 Jahre Erfahrung von MurerPoint\"}]},{\"@type\":\"WebSite\",\"@id\":\"https:\\\/\\\/murerpoint.dk\\\/de\\\/#website\",\"url\":\"https:\\\/\\\/murerpoint.dk\\\/de\\\/\",\"name\":\"Murerpoint\",\"description\":\"kvalitets v\u00e6rkt\u00f8j\",\"publisher\":{\"@id\":\"https:\\\/\\\/murerpoint.dk\\\/de\\\/#organization\"},\"potentialAction\":[{\"@type\":\"SearchAction\",\"target\":{\"@type\":\"EntryPoint\",\"urlTemplate\":\"https:\\\/\\\/murerpoint.dk\\\/de\\\/?s={search_term_string}\"},\"query-input\":{\"@type\":\"PropertyValueSpecification\",\"valueRequired\":true,\"valueName\":\"search_term_string\"}}],\"inLanguage\":\"de\"},{\"@type\":\"Organization\",\"@id\":\"https:\\\/\\\/murerpoint.dk\\\/de\\\/#organization\",\"name\":\"Murerpoint ApS\",\"url\":\"https:\\\/\\\/murerpoint.dk\\\/de\\\/\",\"logo\":{\"@type\":\"ImageObject\",\"inLanguage\":\"de\",\"@id\":\"https:\\\/\\\/murerpoint.dk\\\/de\\\/#\\\/schema\\\/logo\\\/image\\\/\",\"url\":\"https:\\\/\\\/murerpoint.dk\\\/wp-content\\\/uploads\\\/2023\\\/12\\\/cropped-Sort-Midt-Roed-Mursten.png\",\"contentUrl\":\"https:\\\/\\\/murerpoint.dk\\\/wp-content\\\/uploads\\\/2023\\\/12\\\/cropped-Sort-Midt-Roed-Mursten.png\",\"width\":512,\"height\":512,\"caption\":\"Murerpoint ApS\"},\"image\":{\"@id\":\"https:\\\/\\\/murerpoint.dk\\\/de\\\/#\\\/schema\\\/logo\\\/image\\\/\"},\"sameAs\":[\"https:\\\/\\\/m.facebook.com\\\/profile.php?id=61555157262134\",\"https:\\\/\\\/www.instagram.com\\\/murerpoint?igsh=azluMWV6cTnc2ts&utm_source=qr\",\"https:\\\/\\\/www.tiktok.com\\\/@murerpoint?is_from_webapp=1&sender_device=pc\"]}]}<\/script>\n<!-- \/ Yoast SEO plugin. -->","yoast_head_json":{"title":"Optimales Schleifen mit Diamantsegmenten \u2013 Beratung, Anleitung und 20 Jahre Erfahrung von MurerPoint - Murerpoint ApS","description":"Wir haben \u00fcber 20 Jahre Erfahrung in der Entwicklung und Anpassung von Diamantsegmenten f\u00fcr Betonb\u00f6den, von weichem Beton bis extrem hart.","robots":{"index":"index","follow":"follow","max-snippet":"max-snippet:-1","max-image-preview":"max-image-preview:large","max-video-preview":"max-video-preview:-1"},"canonical":"https:\/\/murerpoint.dk\/de\/optimales-schleifen-mit-diamantsegmenten\/","og_locale":"de_DE","og_type":"article","og_title":"Optimales Schleifen mit Diamantsegmenten \u2013 Beratung, Anleitung und 20 Jahre Erfahrung von MurerPoint - Murerpoint ApS","og_description":"Wir haben \u00fcber 20 Jahre Erfahrung in der Entwicklung und Anpassung von Diamantsegmenten f\u00fcr Betonb\u00f6den, von weichem Beton bis extrem hart.","og_url":"https:\/\/murerpoint.dk\/de\/optimales-schleifen-mit-diamantsegmenten\/","og_site_name":"Murerpoint ApS","article_publisher":"https:\/\/m.facebook.com\/profile.php?id=61555157262134","article_modified_time":"2024-09-18T09:54:01+00:00","og_image":[{"url":"https:\/\/murerpoint.dk\/wp-content\/uploads\/2024\/09\/betonslibning.jpg","type":"","width":"","height":""}],"twitter_card":"summary_large_image","twitter_misc":{"Gesch\u00e4tzte Lesezeit":"4\u00a0Minuten"},"schema":{"@context":"https:\/\/schema.org","@graph":[{"@type":"WebPage","@id":"https:\/\/murerpoint.dk\/de\/optimales-schleifen-mit-diamantsegmenten\/","url":"https:\/\/murerpoint.dk\/de\/optimales-schleifen-mit-diamantsegmenten\/","name":"Optimales Schleifen mit Diamantsegmenten \u2013 Beratung, Anleitung und 20 Jahre Erfahrung von MurerPoint - Murerpoint ApS","isPartOf":{"@id":"https:\/\/murerpoint.dk\/de\/#website"},"primaryImageOfPage":{"@id":"https:\/\/murerpoint.dk\/de\/optimales-schleifen-mit-diamantsegmenten\/#primaryimage"},"image":{"@id":"https:\/\/murerpoint.dk\/de\/optimales-schleifen-mit-diamantsegmenten\/#primaryimage"},"thumbnailUrl":"https:\/\/murerpoint.dk\/wp-content\/uploads\/2024\/09\/betonslibning.jpg","datePublished":"2024-09-16T10:38:04+00:00","dateModified":"2024-09-18T09:54:01+00:00","description":"Wir haben \u00fcber 20 Jahre Erfahrung in der Entwicklung und Anpassung von Diamantsegmenten f\u00fcr Betonb\u00f6den, von weichem Beton bis extrem hart.","breadcrumb":{"@id":"https:\/\/murerpoint.dk\/de\/optimales-schleifen-mit-diamantsegmenten\/#breadcrumb"},"inLanguage":"de","potentialAction":[{"@type":"ReadAction","target":["https:\/\/murerpoint.dk\/de\/optimales-schleifen-mit-diamantsegmenten\/"]}]},{"@type":"ImageObject","inLanguage":"de","@id":"https:\/\/murerpoint.dk\/de\/optimales-schleifen-mit-diamantsegmenten\/#primaryimage","url":"https:\/\/murerpoint.dk\/wp-content\/uploads\/2024\/09\/betonslibning.jpg","contentUrl":"https:\/\/murerpoint.dk\/wp-content\/uploads\/2024\/09\/betonslibning.jpg"},{"@type":"BreadcrumbList","@id":"https:\/\/murerpoint.dk\/de\/optimales-schleifen-mit-diamantsegmenten\/#breadcrumb","itemListElement":[{"@type":"ListItem","position":1,"name":"Hjem","item":"https:\/\/murerpoint.dk\/de\/"},{"@type":"ListItem","position":2,"name":"Optimales Schleifen mit Diamantsegmenten \u2013 Beratung, Anleitung und 20 Jahre Erfahrung von MurerPoint"}]},{"@type":"WebSite","@id":"https:\/\/murerpoint.dk\/de\/#website","url":"https:\/\/murerpoint.dk\/de\/","name":"Murerpoint","description":"kvalitets v\u00e6rkt\u00f8j","publisher":{"@id":"https:\/\/murerpoint.dk\/de\/#organization"},"potentialAction":[{"@type":"SearchAction","target":{"@type":"EntryPoint","urlTemplate":"https:\/\/murerpoint.dk\/de\/?s={search_term_string}"},"query-input":{"@type":"PropertyValueSpecification","valueRequired":true,"valueName":"search_term_string"}}],"inLanguage":"de"},{"@type":"Organization","@id":"https:\/\/murerpoint.dk\/de\/#organization","name":"Murerpoint ApS","url":"https:\/\/murerpoint.dk\/de\/","logo":{"@type":"ImageObject","inLanguage":"de","@id":"https:\/\/murerpoint.dk\/de\/#\/schema\/logo\/image\/","url":"https:\/\/murerpoint.dk\/wp-content\/uploads\/2023\/12\/cropped-Sort-Midt-Roed-Mursten.png","contentUrl":"https:\/\/murerpoint.dk\/wp-content\/uploads\/2023\/12\/cropped-Sort-Midt-Roed-Mursten.png","width":512,"height":512,"caption":"Murerpoint ApS"},"image":{"@id":"https:\/\/murerpoint.dk\/de\/#\/schema\/logo\/image\/"},"sameAs":["https:\/\/m.facebook.com\/profile.php?id=61555157262134","https:\/\/www.instagram.com\/murerpoint?igsh=azluMWV6cTnc2ts&utm_source=qr","https:\/\/www.tiktok.com\/@murerpoint?is_from_webapp=1&sender_device=pc"]}]}},"_links":{"self":[{"href":"https:\/\/murerpoint.dk\/de\/wp-json\/wp\/v2\/pages\/6840","targetHints":{"allow":["GET"]}}],"collection":[{"href":"https:\/\/murerpoint.dk\/de\/wp-json\/wp\/v2\/pages"}],"about":[{"href":"https:\/\/murerpoint.dk\/de\/wp-json\/wp\/v2\/types\/page"}],"author":[{"embeddable":true,"href":"https:\/\/murerpoint.dk\/de\/wp-json\/wp\/v2\/users\/2"}],"replies":[{"embeddable":true,"href":"https:\/\/murerpoint.dk\/de\/wp-json\/wp\/v2\/comments?post=6840"}],"version-history":[{"count":5,"href":"https:\/\/murerpoint.dk\/de\/wp-json\/wp\/v2\/pages\/6840\/revisions"}],"predecessor-version":[{"id":6845,"href":"https:\/\/murerpoint.dk\/de\/wp-json\/wp\/v2\/pages\/6840\/revisions\/6845"}],"wp:attachment":[{"href":"https:\/\/murerpoint.dk\/de\/wp-json\/wp\/v2\/media?parent=6840"}],"curies":[{"name":"wp","href":"https:\/\/api.w.org\/{rel}","templated":true}]}}