{"id":8811,"date":"2025-02-03T12:37:26","date_gmt":"2025-02-03T12:37:26","guid":{"rendered":"https:\/\/murerpoint.dk\/?page_id=8811"},"modified":"2025-02-04T08:49:53","modified_gmt":"2025-02-04T08:49:53","slug":"ueber-uns-murerpoint-aps","status":"publish","type":"page","link":"https:\/\/murerpoint.dk\/de\/ueber-uns-murerpoint-aps\/","title":{"rendered":"\u00dcber uns \u2013 Murerpoint ApS"},"content":{"rendered":"<?xml encoding=\"utf-8\" ?><div data-elementor-type=\"wp-page\" data-elementor-id=\"8811\" class=\"elementor elementor-8811 elementor-8789\" data-elementor-post-type=\"page\">\n\t\t\t\t<div class=\"elementor-element elementor-element-ac2ab46 e-flex e-con-boxed e-con e-parent\" data-id=\"ac2ab46\" data-element_type=\"container\" data-e-type=\"container\">\n\t\t\t\t\t<div class=\"e-con-inner\">\n\t\t\t\t<div class=\"elementor-element elementor-element-e553c9b elementor-widget elementor-widget-text-editor\" data-id=\"e553c9b\" data-element_type=\"widget\" data-e-type=\"widget\" data-widget_type=\"text-editor.default\">\n\t\t\t\t<div class=\"elementor-widget-container\">\n\t\t\t\t\t\t\t\t\t<h2><strong>&Uuml;ber uns &ndash; Murerpoint ApS<\/strong><\/h2><p>Bei Murerpoint ApS entwerfen und produzieren wir den Gro&szlig;teil unserer Werkzeuge selbst und sind bekannt daf&uuml;r, ma&szlig;geschneiderte L&ouml;sungen zu liefern, die den Bed&uuml;rfnissen unserer Kunden entsprechen. Tats&auml;chlich begannen wir urspr&uuml;nglich mit der Entwicklung von Speziall&ouml;sungen auf Basis von Kundenanfragen. Unsere starken Partnerschaften und &uuml;ber 20 Jahre Erfahrung in der Bauindustrie machen uns zu mehr als nur einem Lieferanten &ndash; wir sind Ihr Partner, wenn es um Qualit&auml;t, Haltbarkeit und Funktionalit&auml;t geht.<\/p><p><strong>Basierend auf Erfahrung und innovativen L&ouml;sungen<\/strong><br>Murerpoint wurde mit der Vision gegr&uuml;ndet, Werkzeuge zu schaffen, die nicht nur die Aufgabe erf&uuml;llen, sondern dies besser und schneller tun. Wir bieten alles von <strong>Fugenpistolen und Zubeh&ouml;r<\/strong>, das zu mehreren Systemen passt, bis hin zu <strong>Diamantklingen, PCD-Klingen, Kreiss&auml;geklingen und Multicutter-Klingen<\/strong>, von denen einige Modelle als besser als CMT gelten. Unser Sortiment umfasst auch <strong>Spezialklingen bis &Oslash;600 mm<\/strong> f&uuml;r Beton, Asphalt und kombinierte Materialien.<\/p><p><strong>D&auml;nemarks beste und g&uuml;nstigste Fugenfr&auml;ser<\/strong><br>Wir sind stolz darauf, einige der besten und g&uuml;nstigsten Fugenfr&auml;ser D&auml;nemarks f&uuml;r den Austausch von Fugen anzubieten. Unsere Fugenfr&auml;ser sind daf&uuml;r ausgelegt, schweren Belastungen standzuhalten und einen effizienten Fugenwechsel zu gew&auml;hrleisten &ndash; jedes Mal, mit einer breiten Auswahl.<\/p><p><strong>Schleifsegmente f&uuml;r alle Aufgaben<\/strong><br>Unser Sortiment umfasst auch <strong>Schleifsegmente<\/strong>, die zu verschiedenen Maschinen und Aufgaben passen &ndash; von grobem Schleifen bis hin zur Feinbearbeitung. Fehlt Ihnen ein bestimmtes Korn oder eine spezielle Art von Segment? Z&ouml;gern Sie nicht, uns zu kontaktieren, und wir finden eine L&ouml;sung. Wir vertiefen uns in Details und passen unsere Produkte an Ihre spezifischen Bed&uuml;rfnisse an.<\/p><p><strong>Offen f&uuml;r neue Ideen und Verbesserungen<\/strong><br>Bei Murerpoint entwickeln wir unsere Werkzeuge kontinuierlich auf Basis von Kunden- und Partnerfeedback weiter. Wir sch&auml;tzen Ihre Ideen und Verbesserungsvorschl&auml;ge &ndash; viele unserer aktuellen Produkte wurden in enger Zusammenarbeit mit unseren Kunden entwickelt.<\/p><p><strong>Materialien und Spezialprodukte f&uuml;r alle Anforderungen<\/strong><br>Neben Werkzeugen bieten wir sorgf&auml;ltig ausgew&auml;hlte Baumaterialien wie <strong>nat&uuml;rlichen hydraulischen Kalk (NHL)<\/strong> und <strong>FM-M&ouml;rtel<\/strong> in Paletten an. Unser breites Sortiment an Spezialklingen und Schleifmaterialien f&uuml;r Pr&auml;zisionsarbeiten und schwere Aufgaben gew&auml;hrleistet, dass wir auch die anspruchsvollsten Projekte bew&auml;ltigen k&ouml;nnen.<\/p><p><strong>Unsere Werte:<\/strong><\/p><ul><li><strong>Innovation und Entwicklung:<\/strong> Wir h&ouml;ren auf die Erfahrungen unserer Kunden und nutzen diese aktiv in der Produktentwicklung.<\/li><li><strong>Qualit&auml;t und Funktion:<\/strong> Unsere Werkzeuge sind darauf ausgelegt, schweren Belastungen standzuhalten und optimale Ergebnisse zu liefern.<\/li><li><strong>Zusammenarbeit und Dialog:<\/strong> Mit &uuml;ber 20 Jahren Erfahrung und einem detaillierten Fokus entwickeln wir L&ouml;sungen, die in der Praxis funktionieren.<\/li><\/ul><p><strong>Kontaktieren Sie uns<\/strong><br>Haben Sie Fragen zu unseren Produkten oder Ideen f&uuml;r Verbesserungen? Oder fehlt Ihnen ein bestimmtes Korn in unseren Schleifsegmenten oder etwas anderes? Wir w&uuml;rden uns freuen, von Ihnen zu h&ouml;ren!<\/p><p><strong>Kontaktieren Sie uns noch heute<\/strong>, damit wir gemeinsam die beste L&ouml;sung f&uuml;r Ihr Projekt finden. Wir bieten auch <strong>hervorragende B2B-L&ouml;sungen<\/strong> mit Zuverl&auml;ssigkeit und exzellentem Kundenservice an. Kontaktieren Sie uns unter <strong>+45 2714 5525<\/strong> oder <strong><a rel=\"noopener\">info@murerpoint.dk<\/a><\/strong>.<\/p>\t\t\t\t\t\t\t\t<\/div>\n\t\t\t\t<\/div>\n\t\t\t\t\t<\/div>\n\t\t\t\t<\/div>\n\t\t\t\t<\/div>\n","protected":false},"excerpt":{"rendered":"<p>&Uuml;ber uns &ndash; Murerpoint ApS Bei Murerpoint ApS entwerfen und produzieren wir den Gro&szlig;teil unserer Werkzeuge selbst und sind bekannt daf&uuml;r, ma&szlig;geschneiderte L&ouml;sungen zu liefern, die den Bed&uuml;rfnissen unserer Kunden entsprechen. Tats&auml;chlich begannen wir urspr&uuml;nglich mit der Entwicklung von Speziall&ouml;sungen auf Basis von Kundenanfragen. Unsere starken Partnerschaften und &uuml;ber 20 Jahre Erfahrung in der Bauindustrie [&hellip;]<\/p>\n","protected":false},"author":2,"featured_media":0,"parent":0,"menu_order":0,"comment_status":"closed","ping_status":"closed","template":"","meta":{"footnotes":""},"class_list":["post-8811","page","type-page","status-publish","hentry"],"yoast_head":"<!-- This site is optimized with the Yoast SEO plugin v27.4 - https:\/\/yoast.com\/product\/yoast-seo-wordpress\/ -->\n<title>\u00dcber uns \u2013 Murerpoint ApS - Murerpoint ApS<\/title>\n<meta name=\"description\" content=\"Entdecken Sie Murerpoint: Ihr Partner f\u00fcr ma\u00dfgeschneiderte Werkzeuge, Diamantklingen, Fugenfr\u00e4ser und Baumaterialien. \u00dcber 20 Jahre Erfahrung.\" \/>\n<meta name=\"robots\" content=\"index, follow, max-snippet:-1, max-image-preview:large, max-video-preview:-1\" \/>\n<link rel=\"canonical\" href=\"https:\/\/murerpoint.dk\/de\/ueber-uns-murerpoint-aps\/\" \/>\n<meta property=\"og:locale\" content=\"de_DE\" \/>\n<meta property=\"og:type\" content=\"article\" \/>\n<meta property=\"og:title\" content=\"\u00dcber uns \u2013 Murerpoint ApS - Murerpoint ApS\" \/>\n<meta property=\"og:description\" content=\"Entdecken Sie Murerpoint: Ihr Partner f\u00fcr ma\u00dfgeschneiderte Werkzeuge, Diamantklingen, Fugenfr\u00e4ser und Baumaterialien. \u00dcber 20 Jahre Erfahrung.\" \/>\n<meta property=\"og:url\" content=\"https:\/\/murerpoint.dk\/de\/ueber-uns-murerpoint-aps\/\" \/>\n<meta property=\"og:site_name\" content=\"Murerpoint ApS\" \/>\n<meta property=\"article:publisher\" content=\"https:\/\/m.facebook.com\/profile.php?id=61555157262134\" \/>\n<meta property=\"article:modified_time\" content=\"2025-02-04T08:49:53+00:00\" \/>\n<meta name=\"twitter:card\" content=\"summary_large_image\" \/>\n<meta name=\"twitter:label1\" content=\"Gesch\u00e4tzte Lesezeit\" \/>\n\t<meta name=\"twitter:data1\" content=\"3\u00a0Minuten\" \/>\n<script type=\"application\/ld+json\" class=\"yoast-schema-graph\">{\"@context\":\"https:\\\/\\\/schema.org\",\"@graph\":[{\"@type\":\"WebPage\",\"@id\":\"https:\\\/\\\/murerpoint.dk\\\/de\\\/ueber-uns-murerpoint-aps\\\/\",\"url\":\"https:\\\/\\\/murerpoint.dk\\\/de\\\/ueber-uns-murerpoint-aps\\\/\",\"name\":\"\u00dcber uns \u2013 Murerpoint ApS - Murerpoint ApS\",\"isPartOf\":{\"@id\":\"https:\\\/\\\/murerpoint.dk\\\/de\\\/#website\"},\"datePublished\":\"2025-02-03T12:37:26+00:00\",\"dateModified\":\"2025-02-04T08:49:53+00:00\",\"description\":\"Entdecken Sie Murerpoint: Ihr Partner f\u00fcr ma\u00dfgeschneiderte Werkzeuge, Diamantklingen, Fugenfr\u00e4ser und Baumaterialien. \u00dcber 20 Jahre Erfahrung.\",\"breadcrumb\":{\"@id\":\"https:\\\/\\\/murerpoint.dk\\\/de\\\/ueber-uns-murerpoint-aps\\\/#breadcrumb\"},\"inLanguage\":\"de\",\"potentialAction\":[{\"@type\":\"ReadAction\",\"target\":[\"https:\\\/\\\/murerpoint.dk\\\/de\\\/ueber-uns-murerpoint-aps\\\/\"]}]},{\"@type\":\"BreadcrumbList\",\"@id\":\"https:\\\/\\\/murerpoint.dk\\\/de\\\/ueber-uns-murerpoint-aps\\\/#breadcrumb\",\"itemListElement\":[{\"@type\":\"ListItem\",\"position\":1,\"name\":\"Hjem\",\"item\":\"https:\\\/\\\/murerpoint.dk\\\/de\\\/\"},{\"@type\":\"ListItem\",\"position\":2,\"name\":\"\u00dcber uns \u2013 Murerpoint ApS\"}]},{\"@type\":\"WebSite\",\"@id\":\"https:\\\/\\\/murerpoint.dk\\\/de\\\/#website\",\"url\":\"https:\\\/\\\/murerpoint.dk\\\/de\\\/\",\"name\":\"Murerpoint\",\"description\":\"kvalitets v\u00e6rkt\u00f8j\",\"publisher\":{\"@id\":\"https:\\\/\\\/murerpoint.dk\\\/de\\\/#organization\"},\"potentialAction\":[{\"@type\":\"SearchAction\",\"target\":{\"@type\":\"EntryPoint\",\"urlTemplate\":\"https:\\\/\\\/murerpoint.dk\\\/de\\\/?s={search_term_string}\"},\"query-input\":{\"@type\":\"PropertyValueSpecification\",\"valueRequired\":true,\"valueName\":\"search_term_string\"}}],\"inLanguage\":\"de\"},{\"@type\":\"Organization\",\"@id\":\"https:\\\/\\\/murerpoint.dk\\\/de\\\/#organization\",\"name\":\"Murerpoint ApS\",\"url\":\"https:\\\/\\\/murerpoint.dk\\\/de\\\/\",\"logo\":{\"@type\":\"ImageObject\",\"inLanguage\":\"de\",\"@id\":\"https:\\\/\\\/murerpoint.dk\\\/de\\\/#\\\/schema\\\/logo\\\/image\\\/\",\"url\":\"https:\\\/\\\/murerpoint.dk\\\/wp-content\\\/uploads\\\/2023\\\/12\\\/cropped-Sort-Midt-Roed-Mursten.png\",\"contentUrl\":\"https:\\\/\\\/murerpoint.dk\\\/wp-content\\\/uploads\\\/2023\\\/12\\\/cropped-Sort-Midt-Roed-Mursten.png\",\"width\":512,\"height\":512,\"caption\":\"Murerpoint ApS\"},\"image\":{\"@id\":\"https:\\\/\\\/murerpoint.dk\\\/de\\\/#\\\/schema\\\/logo\\\/image\\\/\"},\"sameAs\":[\"https:\\\/\\\/m.facebook.com\\\/profile.php?id=61555157262134\",\"https:\\\/\\\/www.instagram.com\\\/murerpoint?igsh=azluMWV6cTnc2ts&utm_source=qr\",\"https:\\\/\\\/www.tiktok.com\\\/@murerpoint?is_from_webapp=1&sender_device=pc\"]}]}<\/script>\n<!-- \/ Yoast SEO plugin. -->","yoast_head_json":{"title":"\u00dcber uns \u2013 Murerpoint ApS - Murerpoint ApS","description":"Entdecken Sie Murerpoint: Ihr Partner f\u00fcr ma\u00dfgeschneiderte Werkzeuge, Diamantklingen, Fugenfr\u00e4ser und Baumaterialien. \u00dcber 20 Jahre Erfahrung.","robots":{"index":"index","follow":"follow","max-snippet":"max-snippet:-1","max-image-preview":"max-image-preview:large","max-video-preview":"max-video-preview:-1"},"canonical":"https:\/\/murerpoint.dk\/de\/ueber-uns-murerpoint-aps\/","og_locale":"de_DE","og_type":"article","og_title":"\u00dcber uns \u2013 Murerpoint ApS - Murerpoint ApS","og_description":"Entdecken Sie Murerpoint: Ihr Partner f\u00fcr ma\u00dfgeschneiderte Werkzeuge, Diamantklingen, Fugenfr\u00e4ser und Baumaterialien. \u00dcber 20 Jahre Erfahrung.","og_url":"https:\/\/murerpoint.dk\/de\/ueber-uns-murerpoint-aps\/","og_site_name":"Murerpoint ApS","article_publisher":"https:\/\/m.facebook.com\/profile.php?id=61555157262134","article_modified_time":"2025-02-04T08:49:53+00:00","twitter_card":"summary_large_image","twitter_misc":{"Gesch\u00e4tzte Lesezeit":"3\u00a0Minuten"},"schema":{"@context":"https:\/\/schema.org","@graph":[{"@type":"WebPage","@id":"https:\/\/murerpoint.dk\/de\/ueber-uns-murerpoint-aps\/","url":"https:\/\/murerpoint.dk\/de\/ueber-uns-murerpoint-aps\/","name":"\u00dcber uns \u2013 Murerpoint ApS - Murerpoint ApS","isPartOf":{"@id":"https:\/\/murerpoint.dk\/de\/#website"},"datePublished":"2025-02-03T12:37:26+00:00","dateModified":"2025-02-04T08:49:53+00:00","description":"Entdecken Sie Murerpoint: Ihr Partner f\u00fcr ma\u00dfgeschneiderte Werkzeuge, Diamantklingen, Fugenfr\u00e4ser und Baumaterialien. \u00dcber 20 Jahre Erfahrung.","breadcrumb":{"@id":"https:\/\/murerpoint.dk\/de\/ueber-uns-murerpoint-aps\/#breadcrumb"},"inLanguage":"de","potentialAction":[{"@type":"ReadAction","target":["https:\/\/murerpoint.dk\/de\/ueber-uns-murerpoint-aps\/"]}]},{"@type":"BreadcrumbList","@id":"https:\/\/murerpoint.dk\/de\/ueber-uns-murerpoint-aps\/#breadcrumb","itemListElement":[{"@type":"ListItem","position":1,"name":"Hjem","item":"https:\/\/murerpoint.dk\/de\/"},{"@type":"ListItem","position":2,"name":"\u00dcber uns \u2013 Murerpoint ApS"}]},{"@type":"WebSite","@id":"https:\/\/murerpoint.dk\/de\/#website","url":"https:\/\/murerpoint.dk\/de\/","name":"Murerpoint","description":"kvalitets v\u00e6rkt\u00f8j","publisher":{"@id":"https:\/\/murerpoint.dk\/de\/#organization"},"potentialAction":[{"@type":"SearchAction","target":{"@type":"EntryPoint","urlTemplate":"https:\/\/murerpoint.dk\/de\/?s={search_term_string}"},"query-input":{"@type":"PropertyValueSpecification","valueRequired":true,"valueName":"search_term_string"}}],"inLanguage":"de"},{"@type":"Organization","@id":"https:\/\/murerpoint.dk\/de\/#organization","name":"Murerpoint ApS","url":"https:\/\/murerpoint.dk\/de\/","logo":{"@type":"ImageObject","inLanguage":"de","@id":"https:\/\/murerpoint.dk\/de\/#\/schema\/logo\/image\/","url":"https:\/\/murerpoint.dk\/wp-content\/uploads\/2023\/12\/cropped-Sort-Midt-Roed-Mursten.png","contentUrl":"https:\/\/murerpoint.dk\/wp-content\/uploads\/2023\/12\/cropped-Sort-Midt-Roed-Mursten.png","width":512,"height":512,"caption":"Murerpoint ApS"},"image":{"@id":"https:\/\/murerpoint.dk\/de\/#\/schema\/logo\/image\/"},"sameAs":["https:\/\/m.facebook.com\/profile.php?id=61555157262134","https:\/\/www.instagram.com\/murerpoint?igsh=azluMWV6cTnc2ts&utm_source=qr","https:\/\/www.tiktok.com\/@murerpoint?is_from_webapp=1&sender_device=pc"]}]}},"_links":{"self":[{"href":"https:\/\/murerpoint.dk\/de\/wp-json\/wp\/v2\/pages\/8811","targetHints":{"allow":["GET"]}}],"collection":[{"href":"https:\/\/murerpoint.dk\/de\/wp-json\/wp\/v2\/pages"}],"about":[{"href":"https:\/\/murerpoint.dk\/de\/wp-json\/wp\/v2\/types\/page"}],"author":[{"embeddable":true,"href":"https:\/\/murerpoint.dk\/de\/wp-json\/wp\/v2\/users\/2"}],"replies":[{"embeddable":true,"href":"https:\/\/murerpoint.dk\/de\/wp-json\/wp\/v2\/comments?post=8811"}],"version-history":[{"count":4,"href":"https:\/\/murerpoint.dk\/de\/wp-json\/wp\/v2\/pages\/8811\/revisions"}],"predecessor-version":[{"id":8815,"href":"https:\/\/murerpoint.dk\/de\/wp-json\/wp\/v2\/pages\/8811\/revisions\/8815"}],"wp:attachment":[{"href":"https:\/\/murerpoint.dk\/de\/wp-json\/wp\/v2\/media?parent=8811"}],"curies":[{"name":"wp","href":"https:\/\/api.w.org\/{rel}","templated":true}]}}