{"id":1016,"date":"2024-01-19T14:13:22","date_gmt":"2024-01-19T14:13:22","guid":{"rendered":"https:\/\/murerpoint.dk\/product\/fugemejsel-lang-sds-32-200mm\/"},"modified":"2024-03-21T08:48:20","modified_gmt":"2024-03-21T08:48:20","slug":"fugenmeissel-sds-plus-mit-hartmetall-32-200mm","status":"publish","type":"product","link":"https:\/\/murerpoint.dk\/de\/produkt\/fugenmeissel-sds-plus-mit-hartmetall-32-200mm\/","title":{"rendered":"Fugenmei\u00dfel SDS-Plus mit Hartmetall 32\/200mm"},"content":{"rendered":"<?xml encoding=\"utf-8\" ?><div class=\"product__header\" data-v-6044caef=\"\">\n<h2 class=\"sf-heading sf-heading--no-underline sf-heading--left\">Fugenmei&szlig;el SDS-Plus mit Hartmetall 32\/200mm<\/h2>\n<\/div><div class=\"product__description\" data-v-6044caef=\"\">\n<p>Fugenmei&szlig;el, f&uuml;r Beton und Mauerwerk verwendet. Der Mei&szlig;el eignet sich f&uuml;r das Durchbrechen und Entfernen von Beton, leichtere Abbrucharbeiten und das Mei&szlig;eln von Kan&auml;len, einschlie&szlig;lich Leitungen. Unser langer Fugenmei&szlig;el hat schr&auml;ge Diamanten am Ende, die daf&uuml;r sorgen, dass das Material nach vorne geschoben wird. Das erleichtert und vereinfacht die Arbeit mit diesem Fugenmei&szlig;el.<\/p>\n<p>Kaufen Sie diesen cleveren Fugenmei&szlig;el hier zu einem wettbewerbsf&auml;higen Preis!<\/p>\n<h5 class=\"sf-heading__title sf-heading__title--h3\"><strong>Fugenmei&szlig;el aus Hartmetall&nbsp;<\/strong><\/h5>\n<ul>\n<li>Kann auf Beton und Mauerwerk verwendet werden.<\/li>\n<li>Geeignet f&uuml;r Durchbr&uuml;che und Entfernen von Beton, leichtere Abbrucharbeiten<\/li>\n<li>Eignet sich auch zum Mei&szlig;eln von Kan&auml;len f&uuml;r Leitungen und mehr<\/li>\n<li>Schr&auml;ge Diamanten am Ende, die die Arbeit erleichtern, indem das Material nach au&szlig;en gedr&uuml;ckt wird<\/li>\n<li>Robust und langlebig<\/li>\n<\/ul>\n<h5 class=\"sf-heading__title sf-heading__title--h3\">Fugenmei&szlig;el mit SDS-Plus<\/h5>\n<p>Mit einer Schneide aus Wolframkarbid f&uuml;r eine lange Haltbarkeit.<\/p>\n<p>Der Mei&szlig;el ist f&uuml;r die Verwendung in M&ouml;rtel und Ziegel, zur Entfernung von Gips und zur Renovierung von M&ouml;rtelfugen in Mauerwerk bestimmt.<\/p>\n<p>Kann mit allen Bohrh&auml;mmern und Mei&szlig;elh&auml;mmern mit Rotationsstopp und SDS-Plus-Halter oder in einer SDS-Plus-Mei&szlig;elhalterung verwendet werden.<\/p>\n<\/div>\n","protected":false},"excerpt":{"rendered":"<h3>Fugenmei\u00dfel SDS-Plus mit Hartmetall 32\/200mm<\/h3>\n<ul>\n<li style=\"list-style-type: none;\"><\/li>\n<\/ul>\n<ul>\n<li>Kann auf Beton und Mauerwerk verwendet werden.<\/li>\n<li>Geeignet f\u00fcr Durchbr\u00fcche und Entfernen von Beton, leichtere Abbrucharbeiten<\/li>\n<li>Eignet sich auch zum Mei\u00dfeln von Kan\u00e4len f\u00fcr Leitungen und mehr<\/li>\n<li>Schr\u00e4ge Diamanten am Ende, die die Arbeit erleichtern, indem das Material nach au\u00dfen gedr\u00fcckt wird<\/li>\n<li>Robust und langlebig<\/li>\n<\/ul>\n","protected":false},"featured_media":741,"comment_status":"open","ping_status":"closed","template":"","meta":[],"product_brand":[],"product_cat":[102,103],"product_tag":[561,2900],"class_list":{"0":"post-1016","1":"product","2":"type-product","3":"status-publish","4":"has-post-thumbnail","6":"product_cat-lang-de","7":"product_cat-mejsler-2-de","8":"product_tag-musejern-fugefraesning-moertelfuger-byggeri-haandvaerktoej-renovering-vinkelsliber-murerarbejde-praecistvaerktoej-danmark-de","9":"product_tag-googleads-de","11":"first","12":"instock","13":"taxable","14":"shipping-taxable","15":"purchasable","16":"product-type-simple"},"yoast_head":"<!-- This site is optimized with the Yoast SEO plugin v27.6 - https:\/\/yoast.com\/product\/yoast-seo-wordpress\/ -->\n<title>Fugenmei\u00dfel SDS-Plus mit Hartmetall 32\/200mm - Murerpoint ApS<\/title>\n<meta name=\"description\" content=\"Fugenmei\u00dfel SDS-Plus mit Hartmetall 32\/200mm Mit einer Schneide aus Wolframkarbid f\u00fcr eine lange Haltbarkeit. Der Mei\u00dfel ist f\u00fcr die Verwendung in M\u00f6rtel.\" \/>\n<meta name=\"robots\" content=\"index, follow, max-snippet:-1, max-image-preview:large, max-video-preview:-1\" \/>\n<link rel=\"canonical\" href=\"https:\/\/murerpoint.dk\/de\/produkt\/fugenmeissel-sds-plus-mit-hartmetall-32-200mm\/\" \/>\n<meta property=\"og:locale\" content=\"de_DE\" \/>\n<meta property=\"og:type\" content=\"article\" \/>\n<meta property=\"og:title\" content=\"Fugenmei\u00dfel SDS-Plus mit Hartmetall 32\/200mm - Murerpoint ApS\" \/>\n<meta property=\"og:description\" content=\"Fugenmei\u00dfel SDS-Plus mit Hartmetall 32\/200mm Mit einer Schneide aus Wolframkarbid f\u00fcr eine lange Haltbarkeit. Der Mei\u00dfel ist f\u00fcr die Verwendung in M\u00f6rtel.\" \/>\n<meta property=\"og:url\" content=\"https:\/\/murerpoint.dk\/de\/produkt\/fugenmeissel-sds-plus-mit-hartmetall-32-200mm\/\" \/>\n<meta property=\"og:site_name\" content=\"Murerpoint ApS\" \/>\n<meta property=\"article:publisher\" content=\"https:\/\/m.facebook.com\/profile.php?id=61555157262134\" \/>\n<meta property=\"article:modified_time\" content=\"2024-03-21T08:48:20+00:00\" \/>\n<meta property=\"og:image\" content=\"https:\/\/murerpoint.dk\/wp-content\/uploads\/2024\/01\/Fugemejsel-Lang-SDS-32200mm.png\" \/>\n\t<meta property=\"og:image:width\" content=\"3024\" \/>\n\t<meta property=\"og:image:height\" content=\"4032\" \/>\n\t<meta property=\"og:image:type\" content=\"image\/png\" \/>\n<meta name=\"twitter:card\" content=\"summary_large_image\" \/>\n<meta name=\"twitter:label1\" content=\"Preis\" \/>\n\t<meta name=\"twitter:data1\" content=\"&euro;75.11 Pris ekskl. moms: &euro;60.09\" \/>\n\t<meta name=\"twitter:label2\" content=\"Verf\u00fcgbarkeit\" \/>\n\t<meta name=\"twitter:data2\" content=\"Auf Lager\" \/>\n<script type=\"application\/ld+json\" class=\"yoast-schema-graph\">{\"@context\":\"https:\\\/\\\/schema.org\",\"@graph\":[{\"@type\":\"WebPage\",\"@id\":\"https:\\\/\\\/murerpoint.dk\\\/de\\\/produkt\\\/fugenmeissel-sds-plus-mit-hartmetall-32-200mm\\\/\",\"url\":\"https:\\\/\\\/murerpoint.dk\\\/de\\\/produkt\\\/fugenmeissel-sds-plus-mit-hartmetall-32-200mm\\\/\",\"name\":\"Fugenmei\u00dfel SDS-Plus mit Hartmetall 32\\\/200mm - Murerpoint ApS\",\"isPartOf\":{\"@id\":\"https:\\\/\\\/murerpoint.dk\\\/de\\\/#website\"},\"primaryImageOfPage\":{\"@id\":\"https:\\\/\\\/murerpoint.dk\\\/de\\\/produkt\\\/fugenmeissel-sds-plus-mit-hartmetall-32-200mm\\\/#primaryimage\"},\"image\":{\"@id\":\"https:\\\/\\\/murerpoint.dk\\\/de\\\/produkt\\\/fugenmeissel-sds-plus-mit-hartmetall-32-200mm\\\/#primaryimage\"},\"thumbnailUrl\":\"https:\\\/\\\/murerpoint.dk\\\/wp-content\\\/uploads\\\/2024\\\/01\\\/Fugemejsel-Lang-SDS-32200mm.png\",\"datePublished\":\"2024-01-19T14:13:22+00:00\",\"dateModified\":\"2024-03-21T08:48:20+00:00\",\"description\":\"Fugenmei\u00dfel SDS-Plus mit Hartmetall 32\\\/200mm Mit einer Schneide aus Wolframkarbid f\u00fcr eine lange Haltbarkeit. Der Mei\u00dfel ist f\u00fcr die Verwendung in M\u00f6rtel.\",\"breadcrumb\":{\"@id\":\"https:\\\/\\\/murerpoint.dk\\\/de\\\/produkt\\\/fugenmeissel-sds-plus-mit-hartmetall-32-200mm\\\/#breadcrumb\"},\"inLanguage\":\"de\",\"potentialAction\":[{\"@type\":\"ReadAction\",\"target\":[\"https:\\\/\\\/murerpoint.dk\\\/de\\\/produkt\\\/fugenmeissel-sds-plus-mit-hartmetall-32-200mm\\\/\"]}]},{\"@type\":\"ImageObject\",\"inLanguage\":\"de\",\"@id\":\"https:\\\/\\\/murerpoint.dk\\\/de\\\/produkt\\\/fugenmeissel-sds-plus-mit-hartmetall-32-200mm\\\/#primaryimage\",\"url\":\"https:\\\/\\\/murerpoint.dk\\\/wp-content\\\/uploads\\\/2024\\\/01\\\/Fugemejsel-Lang-SDS-32200mm.png\",\"contentUrl\":\"https:\\\/\\\/murerpoint.dk\\\/wp-content\\\/uploads\\\/2024\\\/01\\\/Fugemejsel-Lang-SDS-32200mm.png\",\"width\":3024,\"height\":4032,\"caption\":\"Fugemejsel Lang SDS 32200mm\"},{\"@type\":\"BreadcrumbList\",\"@id\":\"https:\\\/\\\/murerpoint.dk\\\/de\\\/produkt\\\/fugenmeissel-sds-plus-mit-hartmetall-32-200mm\\\/#breadcrumb\",\"itemListElement\":[{\"@type\":\"ListItem\",\"position\":1,\"name\":\"Hjem\",\"item\":\"https:\\\/\\\/murerpoint.dk\\\/de\\\/\"},{\"@type\":\"ListItem\",\"position\":2,\"name\":\"SHOPPEN\",\"item\":\"https:\\\/\\\/murerpoint.dk\\\/de\\\/shoppen\\\/\"},{\"@type\":\"ListItem\",\"position\":3,\"name\":\"Fugenmei\u00dfel SDS-Plus mit Hartmetall 32\\\/200mm\"}]},{\"@type\":\"WebSite\",\"@id\":\"https:\\\/\\\/murerpoint.dk\\\/de\\\/#website\",\"url\":\"https:\\\/\\\/murerpoint.dk\\\/de\\\/\",\"name\":\"Murerpoint\",\"description\":\"kvalitets v\u00e6rkt\u00f8j\",\"publisher\":{\"@id\":\"https:\\\/\\\/murerpoint.dk\\\/de\\\/#organization\"},\"potentialAction\":[{\"@type\":\"SearchAction\",\"target\":{\"@type\":\"EntryPoint\",\"urlTemplate\":\"https:\\\/\\\/murerpoint.dk\\\/de\\\/?s={search_term_string}\"},\"query-input\":{\"@type\":\"PropertyValueSpecification\",\"valueRequired\":true,\"valueName\":\"search_term_string\"}}],\"inLanguage\":\"de\"},{\"@type\":\"Organization\",\"@id\":\"https:\\\/\\\/murerpoint.dk\\\/de\\\/#organization\",\"name\":\"Murerpoint ApS\",\"url\":\"https:\\\/\\\/murerpoint.dk\\\/de\\\/\",\"logo\":{\"@type\":\"ImageObject\",\"inLanguage\":\"de\",\"@id\":\"https:\\\/\\\/murerpoint.dk\\\/de\\\/#\\\/schema\\\/logo\\\/image\\\/\",\"url\":\"https:\\\/\\\/murerpoint.dk\\\/wp-content\\\/uploads\\\/2023\\\/12\\\/cropped-Sort-Midt-Roed-Mursten.png\",\"contentUrl\":\"https:\\\/\\\/murerpoint.dk\\\/wp-content\\\/uploads\\\/2023\\\/12\\\/cropped-Sort-Midt-Roed-Mursten.png\",\"width\":512,\"height\":512,\"caption\":\"Murerpoint ApS\"},\"image\":{\"@id\":\"https:\\\/\\\/murerpoint.dk\\\/de\\\/#\\\/schema\\\/logo\\\/image\\\/\"},\"sameAs\":[\"https:\\\/\\\/m.facebook.com\\\/profile.php?id=61555157262134\",\"https:\\\/\\\/www.instagram.com\\\/murerpoint?igsh=azluMWV6cTnc2ts&utm_source=qr\",\"https:\\\/\\\/www.tiktok.com\\\/@murerpoint?is_from_webapp=1&sender_device=pc\"]}]}<\/script>\n<meta property=\"product:price:amount\" content=\"75.11\" \/>\n<meta property=\"product:price:currency\" content=\"EUR\" \/>\n<meta property=\"og:availability\" content=\"instock\" \/>\n<meta property=\"product:availability\" content=\"instock\" \/>\n<meta property=\"product:retailer_item_id\" content=\"mp0017\" \/>\n<meta property=\"product:condition\" content=\"new\" \/>\n<!-- \/ Yoast SEO plugin. -->","yoast_head_json":{"title":"Fugenmei\u00dfel SDS-Plus mit Hartmetall 32\/200mm - Murerpoint ApS","description":"Fugenmei\u00dfel SDS-Plus mit Hartmetall 32\/200mm Mit einer Schneide aus Wolframkarbid f\u00fcr eine lange Haltbarkeit. Der Mei\u00dfel ist f\u00fcr die Verwendung in M\u00f6rtel.","robots":{"index":"index","follow":"follow","max-snippet":"max-snippet:-1","max-image-preview":"max-image-preview:large","max-video-preview":"max-video-preview:-1"},"canonical":"https:\/\/murerpoint.dk\/de\/produkt\/fugenmeissel-sds-plus-mit-hartmetall-32-200mm\/","og_locale":"de_DE","og_type":"article","og_title":"Fugenmei\u00dfel SDS-Plus mit Hartmetall 32\/200mm - Murerpoint ApS","og_description":"Fugenmei\u00dfel SDS-Plus mit Hartmetall 32\/200mm Mit einer Schneide aus Wolframkarbid f\u00fcr eine lange Haltbarkeit. Der Mei\u00dfel ist f\u00fcr die Verwendung in M\u00f6rtel.","og_url":"https:\/\/murerpoint.dk\/de\/produkt\/fugenmeissel-sds-plus-mit-hartmetall-32-200mm\/","og_site_name":"Murerpoint ApS","article_publisher":"https:\/\/m.facebook.com\/profile.php?id=61555157262134","article_modified_time":"2024-03-21T08:48:20+00:00","og_image":[{"width":3024,"height":4032,"url":"https:\/\/murerpoint.dk\/wp-content\/uploads\/2024\/01\/Fugemejsel-Lang-SDS-32200mm.png","type":"image\/png"}],"twitter_card":"summary_large_image","twitter_misc":{"Preis":"&euro;75.11 Pris ekskl. moms: &euro;60.09","Verf\u00fcgbarkeit":"Auf Lager"},"schema":{"@context":"https:\/\/schema.org","@graph":[{"@type":"WebPage","@id":"https:\/\/murerpoint.dk\/de\/produkt\/fugenmeissel-sds-plus-mit-hartmetall-32-200mm\/","url":"https:\/\/murerpoint.dk\/de\/produkt\/fugenmeissel-sds-plus-mit-hartmetall-32-200mm\/","name":"Fugenmei\u00dfel SDS-Plus mit Hartmetall 32\/200mm - Murerpoint ApS","isPartOf":{"@id":"https:\/\/murerpoint.dk\/de\/#website"},"primaryImageOfPage":{"@id":"https:\/\/murerpoint.dk\/de\/produkt\/fugenmeissel-sds-plus-mit-hartmetall-32-200mm\/#primaryimage"},"image":{"@id":"https:\/\/murerpoint.dk\/de\/produkt\/fugenmeissel-sds-plus-mit-hartmetall-32-200mm\/#primaryimage"},"thumbnailUrl":"https:\/\/murerpoint.dk\/wp-content\/uploads\/2024\/01\/Fugemejsel-Lang-SDS-32200mm.png","datePublished":"2024-01-19T14:13:22+00:00","dateModified":"2024-03-21T08:48:20+00:00","description":"Fugenmei\u00dfel SDS-Plus mit Hartmetall 32\/200mm Mit einer Schneide aus Wolframkarbid f\u00fcr eine lange Haltbarkeit. Der Mei\u00dfel ist f\u00fcr die Verwendung in M\u00f6rtel.","breadcrumb":{"@id":"https:\/\/murerpoint.dk\/de\/produkt\/fugenmeissel-sds-plus-mit-hartmetall-32-200mm\/#breadcrumb"},"inLanguage":"de","potentialAction":[{"@type":"ReadAction","target":["https:\/\/murerpoint.dk\/de\/produkt\/fugenmeissel-sds-plus-mit-hartmetall-32-200mm\/"]}]},{"@type":"ImageObject","inLanguage":"de","@id":"https:\/\/murerpoint.dk\/de\/produkt\/fugenmeissel-sds-plus-mit-hartmetall-32-200mm\/#primaryimage","url":"https:\/\/murerpoint.dk\/wp-content\/uploads\/2024\/01\/Fugemejsel-Lang-SDS-32200mm.png","contentUrl":"https:\/\/murerpoint.dk\/wp-content\/uploads\/2024\/01\/Fugemejsel-Lang-SDS-32200mm.png","width":3024,"height":4032,"caption":"Fugemejsel Lang SDS 32200mm"},{"@type":"BreadcrumbList","@id":"https:\/\/murerpoint.dk\/de\/produkt\/fugenmeissel-sds-plus-mit-hartmetall-32-200mm\/#breadcrumb","itemListElement":[{"@type":"ListItem","position":1,"name":"Hjem","item":"https:\/\/murerpoint.dk\/de\/"},{"@type":"ListItem","position":2,"name":"SHOPPEN","item":"https:\/\/murerpoint.dk\/de\/shoppen\/"},{"@type":"ListItem","position":3,"name":"Fugenmei\u00dfel SDS-Plus mit Hartmetall 32\/200mm"}]},{"@type":"WebSite","@id":"https:\/\/murerpoint.dk\/de\/#website","url":"https:\/\/murerpoint.dk\/de\/","name":"Murerpoint","description":"kvalitets v\u00e6rkt\u00f8j","publisher":{"@id":"https:\/\/murerpoint.dk\/de\/#organization"},"potentialAction":[{"@type":"SearchAction","target":{"@type":"EntryPoint","urlTemplate":"https:\/\/murerpoint.dk\/de\/?s={search_term_string}"},"query-input":{"@type":"PropertyValueSpecification","valueRequired":true,"valueName":"search_term_string"}}],"inLanguage":"de"},{"@type":"Organization","@id":"https:\/\/murerpoint.dk\/de\/#organization","name":"Murerpoint ApS","url":"https:\/\/murerpoint.dk\/de\/","logo":{"@type":"ImageObject","inLanguage":"de","@id":"https:\/\/murerpoint.dk\/de\/#\/schema\/logo\/image\/","url":"https:\/\/murerpoint.dk\/wp-content\/uploads\/2023\/12\/cropped-Sort-Midt-Roed-Mursten.png","contentUrl":"https:\/\/murerpoint.dk\/wp-content\/uploads\/2023\/12\/cropped-Sort-Midt-Roed-Mursten.png","width":512,"height":512,"caption":"Murerpoint ApS"},"image":{"@id":"https:\/\/murerpoint.dk\/de\/#\/schema\/logo\/image\/"},"sameAs":["https:\/\/m.facebook.com\/profile.php?id=61555157262134","https:\/\/www.instagram.com\/murerpoint?igsh=azluMWV6cTnc2ts&utm_source=qr","https:\/\/www.tiktok.com\/@murerpoint?is_from_webapp=1&sender_device=pc"]}]},"product_price_amount":"75.11","product_price_currency":"EUR","og_availability":"instock","product_availability":"instock","product_retailer_item_id":"mp0017","product_condition":"new"},"_links":{"self":[{"href":"https:\/\/murerpoint.dk\/de\/wp-json\/wp\/v2\/product\/1016","targetHints":{"allow":["GET"]}}],"collection":[{"href":"https:\/\/murerpoint.dk\/de\/wp-json\/wp\/v2\/product"}],"about":[{"href":"https:\/\/murerpoint.dk\/de\/wp-json\/wp\/v2\/types\/product"}],"replies":[{"embeddable":true,"href":"https:\/\/murerpoint.dk\/de\/wp-json\/wp\/v2\/comments?post=1016"}],"wp:featuredmedia":[{"embeddable":true,"href":"https:\/\/murerpoint.dk\/de\/wp-json\/wp\/v2\/media\/741"}],"wp:attachment":[{"href":"https:\/\/murerpoint.dk\/de\/wp-json\/wp\/v2\/media?parent=1016"}],"wp:term":[{"taxonomy":"product_brand","embeddable":true,"href":"https:\/\/murerpoint.dk\/de\/wp-json\/wp\/v2\/product_brand?post=1016"},{"taxonomy":"product_cat","embeddable":true,"href":"https:\/\/murerpoint.dk\/de\/wp-json\/wp\/v2\/product_cat?post=1016"},{"taxonomy":"product_tag","embeddable":true,"href":"https:\/\/murerpoint.dk\/de\/wp-json\/wp\/v2\/product_tag?post=1016"}],"curies":[{"name":"wp","href":"https:\/\/api.w.org\/{rel}","templated":true}]}}