{"id":1512,"date":"2024-01-26T12:30:02","date_gmt":"2024-01-26T12:30:02","guid":{"rendered":"https:\/\/murerpoint.dk\/product\/voegpistool-mondstukken-van-metaal-danepoint-quickpoint\/"},"modified":"2025-01-28T16:28:49","modified_gmt":"2025-01-28T16:28:49","slug":"metall-duesenaufsaetze-fuer-fugenpistole-danepoint-quickpoint","status":"publish","type":"product","link":"https:\/\/murerpoint.dk\/de\/produkt\/metall-duesenaufsaetze-fuer-fugenpistole-danepoint-quickpoint\/","title":{"rendered":"Metall-D\u00fcsenaufs\u00e4tze f\u00fcr Fugenpistole (DanePoint, Quickpoint)"},"content":{"rendered":"<?xml encoding=\"utf-8\" ?><h3>Metall-D&uuml;senaufs&auml;tze f&uuml;r Fugenpistole (DanePoint, Quickpoint)<\/h3><h3><a href=\"https:\/\/murerpoint.dk\/de\/produkt\/moertel-fugen-spritze-mit-druckluft\/\">M&ouml;rtel fugen spritze mit Druckluft &ndash; Murerpoint<\/a><\/h3><p>Unser kompletter Satz D&uuml;senaufs&auml;tze aus rostfreiem Stahl. Die gleichen D&uuml;sen, die von Quickpoint und DanePoint bekannt sind<\/p><ul>\n<li><strong>Edelstahld&uuml;sen:<\/strong> Klein (8 mm), mittelgro&szlig; (10 mm), gro&szlig; (15 mm), lang (10 mm) und 45 Grad (10 mm)<\/li>\n<\/ul><p>Zus&auml;tzliche Metall-D&uuml;sen f&uuml;r die Montage auf der Fugpistole. Die D&uuml;sen passen zusammen mit der D&uuml;sen&ouml;ffnung mit Gewinde, wo sie einfach durch Aufschrauben montiert werden k&ouml;nnen. Metall-D&uuml;sen sind in f&uuml;nf verschiedenen Gr&ouml;&szlig;en erh&auml;ltlich: klein (8 mm breit), mittelgro&szlig; (10 mm breit), gro&szlig; (15 mm breit), lang (10 mm breit) und 45 Grad (10 mm breit) mit einem Loch von 45 Grad.<\/p><p>Die gro&szlig;e D&uuml;se ist die beliebteste, da sie das einfache Einbringen der richtigen Menge M&ouml;rtel in die Fuge erm&ouml;glicht. Dies liegt daran, dass mit Hilfe der gro&szlig;en D&uuml;se viel mehr M&ouml;rtel durch die Fugpistole laufen kann. Die 45-Grad-D&uuml;se wird insbesondere beim Verfugen von Dachkanten und Wasserschwellen verwendet, und die lange D&uuml;se wird besonders bei tiefen Fugen eingesetzt. So haben Sie verschiedene D&uuml;sen, die f&uuml;r verschiedene Aufgaben geeignet sind.<\/p><p>Sehen Sie sich das Video an, in dem gezeigt wird, wie einfach sie zu montieren und zu demontieren sind.<\/p><p><iframe title=\"Fugestudshoved fra Danepoint og Quikpoint, passer p&aring; Trykpoint &#128079;. #m&oslash;rtelfugepistol #mortel\" width=\"800\" height=\"600\" src=\"https:\/\/www.youtube.com\/embed\/UtAd_tPPxt4?feature=oembed\" frameborder=\"0\" allow=\"accelerometer; autoplay; clipboard-write; encrypted-media; gyroscope; picture-in-picture; web-share\" referrerpolicy=\"strict-origin-when-cross-origin\" allowfullscreen><\/iframe><\/p>\n","protected":false},"excerpt":{"rendered":"<h4>Metall-D\u00fcsenaufs\u00e4tze f\u00fcr Fugenpistole (DanePoint, Quickpoint)<\/h4>\n<p>Zus\u00e4tzliche Metall-D\u00fcsen zur Befestigung auf der Drukpoint-Mauerwerkpistole. Kompatibel mit dem D\u00fcsenkopf mit Gewinde.<\/p>\n<ul>\n<li><strong>F\u00fcnf verschiedene Gr\u00f6\u00dfen: Klein (8 mm), mittel (10 mm), gro\u00df (15 mm), lang (10 mm) und 45 Grad (10 mm)<\/strong><\/li>\n<li><strong>F\u00fcr einfache Montage auf der D\u00fcsen\u00f6ffnung mit Gewinde.<\/strong><\/li>\n<li><strong>Hergestellt aus Edelstahl.<\/strong><\/li>\n<\/ul>\n<p><a href=\"file:\/\/\/C:\/Users\/johan\/OneDrive\/Skrivebord\/fugestudser%20og%20fugestudshovede%20livsl%C3%A6ngde\/Lebensdauer%20von%20D%C3%BCsenspitzen%20Deutsch.pdf\">Lebensdauer von D\u00fcsenspitzen Deutsch.pdf<\/a><\/p>\n","protected":false},"featured_media":8738,"comment_status":"open","ping_status":"closed","template":"","meta":[],"product_brand":[],"product_cat":[653,244,650],"product_tag":[670,587,8751,2862,2864,671,672,2870,673,2900],"class_list":{"0":"post-1512","1":"product","2":"type-product","3":"status-publish","4":"has-post-thumbnail","6":"product_cat-fugenduesen","7":"product_cat-mortelfugepistoler-de","8":"product_cat-zubehoer","9":"product_tag-danepoint-de","10":"product_tag-fugenstutzen","11":"product_tag-metall-de","12":"product_tag-mortarjointgun-de","13":"product_tag-moertelfugenpistole-de","14":"product_tag-moertelfugepistol-de","15":"product_tag-quickpoint-de","16":"product_tag-quikpoint-de","17":"product_tag-fugestuds-de","18":"product_tag-googleads-de","20":"first","21":"instock","22":"taxable","23":"shipping-taxable","24":"purchasable","25":"product-type-variable"},"yoast_head":"<!-- This site is optimized with the Yoast SEO plugin v27.4 - https:\/\/yoast.com\/product\/yoast-seo-wordpress\/ -->\n<title>Metall-D\u00fcsenaufs\u00e4tze f\u00fcr Fugenpistole (DanePoint, Quickpoint) - Murerpoint ApS<\/title>\n<meta name=\"description\" content=\"Metall-D\u00fcsenaufs\u00e4tze f\u00fcr Fugenpistole (DanePoint, Quickpoint) Extra Metall-D\u00fcsen zur Befestigung auf der Druckpunkt-Mauerwerks-Fugpistole.\" \/>\n<meta name=\"robots\" content=\"index, follow, max-snippet:-1, max-image-preview:large, max-video-preview:-1\" \/>\n<link rel=\"canonical\" href=\"https:\/\/murerpoint.dk\/de\/produkt\/metall-duesenaufsaetze-fuer-fugenpistole-danepoint-quickpoint\/\" \/>\n<meta property=\"og:locale\" content=\"de_DE\" \/>\n<meta property=\"og:type\" content=\"article\" \/>\n<meta property=\"og:title\" content=\"Metall-D\u00fcsenaufs\u00e4tze f\u00fcr Fugenpistole (DanePoint, Quickpoint) - Murerpoint ApS\" \/>\n<meta property=\"og:description\" content=\"Metall-D\u00fcsenaufs\u00e4tze f\u00fcr Fugenpistole (DanePoint, Quickpoint) Extra Metall-D\u00fcsen zur Befestigung auf der Druckpunkt-Mauerwerks-Fugpistole.\" \/>\n<meta property=\"og:url\" content=\"https:\/\/murerpoint.dk\/de\/produkt\/metall-duesenaufsaetze-fuer-fugenpistole-danepoint-quickpoint\/\" \/>\n<meta property=\"og:site_name\" content=\"Murerpoint ApS\" \/>\n<meta property=\"article:publisher\" content=\"https:\/\/m.facebook.com\/profile.php?id=61555157262134\" \/>\n<meta property=\"article:modified_time\" content=\"2025-01-28T16:28:49+00:00\" \/>\n<meta property=\"og:image\" content=\"https:\/\/murerpoint.dk\/wp-content\/uploads\/2024\/01\/357C6720-AA57-4020-8EE5-D2E49A6B059C.jpeg\" \/>\n\t<meta property=\"og:image:width\" content=\"1290\" \/>\n\t<meta property=\"og:image:height\" content=\"2293\" \/>\n\t<meta property=\"og:image:type\" content=\"image\/jpeg\" \/>\n<meta name=\"twitter:card\" content=\"summary_large_image\" \/>\n<meta name=\"twitter:label1\" content=\"Verf\u00fcgbarkeit\" \/>\n\t<meta name=\"twitter:data1\" content=\"Auf Lager\" \/>\n<script type=\"application\/ld+json\" class=\"yoast-schema-graph\">{\"@context\":\"https:\\\/\\\/schema.org\",\"@graph\":[{\"@type\":\"WebPage\",\"@id\":\"https:\\\/\\\/murerpoint.dk\\\/de\\\/produkt\\\/metall-duesenaufsaetze-fuer-fugenpistole-danepoint-quickpoint\\\/\",\"url\":\"https:\\\/\\\/murerpoint.dk\\\/de\\\/produkt\\\/metall-duesenaufsaetze-fuer-fugenpistole-danepoint-quickpoint\\\/\",\"name\":\"Metall-D\u00fcsenaufs\u00e4tze f\u00fcr Fugenpistole (DanePoint, Quickpoint) - Murerpoint ApS\",\"isPartOf\":{\"@id\":\"https:\\\/\\\/murerpoint.dk\\\/de\\\/#website\"},\"primaryImageOfPage\":{\"@id\":\"https:\\\/\\\/murerpoint.dk\\\/de\\\/produkt\\\/metall-duesenaufsaetze-fuer-fugenpistole-danepoint-quickpoint\\\/#primaryimage\"},\"image\":{\"@id\":\"https:\\\/\\\/murerpoint.dk\\\/de\\\/produkt\\\/metall-duesenaufsaetze-fuer-fugenpistole-danepoint-quickpoint\\\/#primaryimage\"},\"thumbnailUrl\":\"https:\\\/\\\/murerpoint.dk\\\/wp-content\\\/uploads\\\/2024\\\/01\\\/357C6720-AA57-4020-8EE5-D2E49A6B059C.jpeg\",\"datePublished\":\"2024-01-26T12:30:02+00:00\",\"dateModified\":\"2025-01-28T16:28:49+00:00\",\"description\":\"Metall-D\u00fcsenaufs\u00e4tze f\u00fcr Fugenpistole (DanePoint, Quickpoint) Extra Metall-D\u00fcsen zur Befestigung auf der Druckpunkt-Mauerwerks-Fugpistole.\",\"breadcrumb\":{\"@id\":\"https:\\\/\\\/murerpoint.dk\\\/de\\\/produkt\\\/metall-duesenaufsaetze-fuer-fugenpistole-danepoint-quickpoint\\\/#breadcrumb\"},\"inLanguage\":\"de\",\"potentialAction\":[{\"@type\":\"ReadAction\",\"target\":[\"https:\\\/\\\/murerpoint.dk\\\/de\\\/produkt\\\/metall-duesenaufsaetze-fuer-fugenpistole-danepoint-quickpoint\\\/\"]}]},{\"@type\":\"ImageObject\",\"inLanguage\":\"de\",\"@id\":\"https:\\\/\\\/murerpoint.dk\\\/de\\\/produkt\\\/metall-duesenaufsaetze-fuer-fugenpistole-danepoint-quickpoint\\\/#primaryimage\",\"url\":\"https:\\\/\\\/murerpoint.dk\\\/wp-content\\\/uploads\\\/2024\\\/01\\\/357C6720-AA57-4020-8EE5-D2E49A6B059C.jpeg\",\"contentUrl\":\"https:\\\/\\\/murerpoint.dk\\\/wp-content\\\/uploads\\\/2024\\\/01\\\/357C6720-AA57-4020-8EE5-D2E49A6B059C.jpeg\",\"width\":1290,\"height\":2293,\"caption\":\"Fugestudser i rustfrit st\u00e5l. Du kan v\u00e6lge mellem 5 forskellige st\u00f8rrelser fugestudsere: Lille = 5 mm h\u00f8j, 17 mm bred Mellem = 7 h\u00f8j, 17 mm bred Stor = 11 h\u00f8j, 17 mm bred Lang = 7 mm h\u00f8j, 17 mm bred 45 grader = 7 mm h\u00f8j, 17 mm bred, Ekstra lang fugestruds til gavl og hj\u00f8rner kan nu ogs\u00e5 k\u00f8bes\"},{\"@type\":\"BreadcrumbList\",\"@id\":\"https:\\\/\\\/murerpoint.dk\\\/de\\\/produkt\\\/metall-duesenaufsaetze-fuer-fugenpistole-danepoint-quickpoint\\\/#breadcrumb\",\"itemListElement\":[{\"@type\":\"ListItem\",\"position\":1,\"name\":\"Hjem\",\"item\":\"https:\\\/\\\/murerpoint.dk\\\/de\\\/\"},{\"@type\":\"ListItem\",\"position\":2,\"name\":\"SHOPPEN\",\"item\":\"https:\\\/\\\/murerpoint.dk\\\/de\\\/shoppen\\\/\"},{\"@type\":\"ListItem\",\"position\":3,\"name\":\"Metall-D\u00fcsenaufs\u00e4tze f\u00fcr Fugenpistole (DanePoint, Quickpoint)\"}]},{\"@type\":\"WebSite\",\"@id\":\"https:\\\/\\\/murerpoint.dk\\\/de\\\/#website\",\"url\":\"https:\\\/\\\/murerpoint.dk\\\/de\\\/\",\"name\":\"Murerpoint\",\"description\":\"kvalitets v\u00e6rkt\u00f8j\",\"publisher\":{\"@id\":\"https:\\\/\\\/murerpoint.dk\\\/de\\\/#organization\"},\"potentialAction\":[{\"@type\":\"SearchAction\",\"target\":{\"@type\":\"EntryPoint\",\"urlTemplate\":\"https:\\\/\\\/murerpoint.dk\\\/de\\\/?s={search_term_string}\"},\"query-input\":{\"@type\":\"PropertyValueSpecification\",\"valueRequired\":true,\"valueName\":\"search_term_string\"}}],\"inLanguage\":\"de\"},{\"@type\":\"Organization\",\"@id\":\"https:\\\/\\\/murerpoint.dk\\\/de\\\/#organization\",\"name\":\"Murerpoint ApS\",\"url\":\"https:\\\/\\\/murerpoint.dk\\\/de\\\/\",\"logo\":{\"@type\":\"ImageObject\",\"inLanguage\":\"de\",\"@id\":\"https:\\\/\\\/murerpoint.dk\\\/de\\\/#\\\/schema\\\/logo\\\/image\\\/\",\"url\":\"https:\\\/\\\/murerpoint.dk\\\/wp-content\\\/uploads\\\/2023\\\/12\\\/cropped-Sort-Midt-Roed-Mursten.png\",\"contentUrl\":\"https:\\\/\\\/murerpoint.dk\\\/wp-content\\\/uploads\\\/2023\\\/12\\\/cropped-Sort-Midt-Roed-Mursten.png\",\"width\":512,\"height\":512,\"caption\":\"Murerpoint ApS\"},\"image\":{\"@id\":\"https:\\\/\\\/murerpoint.dk\\\/de\\\/#\\\/schema\\\/logo\\\/image\\\/\"},\"sameAs\":[\"https:\\\/\\\/m.facebook.com\\\/profile.php?id=61555157262134\",\"https:\\\/\\\/www.instagram.com\\\/murerpoint?igsh=azluMWV6cTnc2ts&utm_source=qr\",\"https:\\\/\\\/www.tiktok.com\\\/@murerpoint?is_from_webapp=1&sender_device=pc\"]}]}<\/script>\n<meta property=\"og:availability\" content=\"instock\" \/>\n<meta property=\"product:availability\" content=\"instock\" \/>\n<meta property=\"product:retailer_item_id\" content=\"mp0111\" \/>\n<meta property=\"product:condition\" content=\"new\" \/>\n<!-- \/ Yoast SEO plugin. -->","yoast_head_json":{"title":"Metall-D\u00fcsenaufs\u00e4tze f\u00fcr Fugenpistole (DanePoint, Quickpoint) - Murerpoint ApS","description":"Metall-D\u00fcsenaufs\u00e4tze f\u00fcr Fugenpistole (DanePoint, Quickpoint) Extra Metall-D\u00fcsen zur Befestigung auf der Druckpunkt-Mauerwerks-Fugpistole.","robots":{"index":"index","follow":"follow","max-snippet":"max-snippet:-1","max-image-preview":"max-image-preview:large","max-video-preview":"max-video-preview:-1"},"canonical":"https:\/\/murerpoint.dk\/de\/produkt\/metall-duesenaufsaetze-fuer-fugenpistole-danepoint-quickpoint\/","og_locale":"de_DE","og_type":"article","og_title":"Metall-D\u00fcsenaufs\u00e4tze f\u00fcr Fugenpistole (DanePoint, Quickpoint) - Murerpoint ApS","og_description":"Metall-D\u00fcsenaufs\u00e4tze f\u00fcr Fugenpistole (DanePoint, Quickpoint) Extra Metall-D\u00fcsen zur Befestigung auf der Druckpunkt-Mauerwerks-Fugpistole.","og_url":"https:\/\/murerpoint.dk\/de\/produkt\/metall-duesenaufsaetze-fuer-fugenpistole-danepoint-quickpoint\/","og_site_name":"Murerpoint ApS","article_publisher":"https:\/\/m.facebook.com\/profile.php?id=61555157262134","article_modified_time":"2025-01-28T16:28:49+00:00","og_image":[{"width":1290,"height":2293,"url":"https:\/\/murerpoint.dk\/wp-content\/uploads\/2024\/01\/357C6720-AA57-4020-8EE5-D2E49A6B059C.jpeg","type":"image\/jpeg"}],"twitter_card":"summary_large_image","twitter_misc":{"Verf\u00fcgbarkeit":"Auf Lager"},"schema":{"@context":"https:\/\/schema.org","@graph":[{"@type":"WebPage","@id":"https:\/\/murerpoint.dk\/de\/produkt\/metall-duesenaufsaetze-fuer-fugenpistole-danepoint-quickpoint\/","url":"https:\/\/murerpoint.dk\/de\/produkt\/metall-duesenaufsaetze-fuer-fugenpistole-danepoint-quickpoint\/","name":"Metall-D\u00fcsenaufs\u00e4tze f\u00fcr Fugenpistole (DanePoint, Quickpoint) - Murerpoint ApS","isPartOf":{"@id":"https:\/\/murerpoint.dk\/de\/#website"},"primaryImageOfPage":{"@id":"https:\/\/murerpoint.dk\/de\/produkt\/metall-duesenaufsaetze-fuer-fugenpistole-danepoint-quickpoint\/#primaryimage"},"image":{"@id":"https:\/\/murerpoint.dk\/de\/produkt\/metall-duesenaufsaetze-fuer-fugenpistole-danepoint-quickpoint\/#primaryimage"},"thumbnailUrl":"https:\/\/murerpoint.dk\/wp-content\/uploads\/2024\/01\/357C6720-AA57-4020-8EE5-D2E49A6B059C.jpeg","datePublished":"2024-01-26T12:30:02+00:00","dateModified":"2025-01-28T16:28:49+00:00","description":"Metall-D\u00fcsenaufs\u00e4tze f\u00fcr Fugenpistole (DanePoint, Quickpoint) Extra Metall-D\u00fcsen zur Befestigung auf der Druckpunkt-Mauerwerks-Fugpistole.","breadcrumb":{"@id":"https:\/\/murerpoint.dk\/de\/produkt\/metall-duesenaufsaetze-fuer-fugenpistole-danepoint-quickpoint\/#breadcrumb"},"inLanguage":"de","potentialAction":[{"@type":"ReadAction","target":["https:\/\/murerpoint.dk\/de\/produkt\/metall-duesenaufsaetze-fuer-fugenpistole-danepoint-quickpoint\/"]}]},{"@type":"ImageObject","inLanguage":"de","@id":"https:\/\/murerpoint.dk\/de\/produkt\/metall-duesenaufsaetze-fuer-fugenpistole-danepoint-quickpoint\/#primaryimage","url":"https:\/\/murerpoint.dk\/wp-content\/uploads\/2024\/01\/357C6720-AA57-4020-8EE5-D2E49A6B059C.jpeg","contentUrl":"https:\/\/murerpoint.dk\/wp-content\/uploads\/2024\/01\/357C6720-AA57-4020-8EE5-D2E49A6B059C.jpeg","width":1290,"height":2293,"caption":"Fugestudser i rustfrit st\u00e5l. Du kan v\u00e6lge mellem 5 forskellige st\u00f8rrelser fugestudsere: Lille = 5 mm h\u00f8j, 17 mm bred Mellem = 7 h\u00f8j, 17 mm bred Stor = 11 h\u00f8j, 17 mm bred Lang = 7 mm h\u00f8j, 17 mm bred 45 grader = 7 mm h\u00f8j, 17 mm bred, Ekstra lang fugestruds til gavl og hj\u00f8rner kan nu ogs\u00e5 k\u00f8bes"},{"@type":"BreadcrumbList","@id":"https:\/\/murerpoint.dk\/de\/produkt\/metall-duesenaufsaetze-fuer-fugenpistole-danepoint-quickpoint\/#breadcrumb","itemListElement":[{"@type":"ListItem","position":1,"name":"Hjem","item":"https:\/\/murerpoint.dk\/de\/"},{"@type":"ListItem","position":2,"name":"SHOPPEN","item":"https:\/\/murerpoint.dk\/de\/shoppen\/"},{"@type":"ListItem","position":3,"name":"Metall-D\u00fcsenaufs\u00e4tze f\u00fcr Fugenpistole (DanePoint, Quickpoint)"}]},{"@type":"WebSite","@id":"https:\/\/murerpoint.dk\/de\/#website","url":"https:\/\/murerpoint.dk\/de\/","name":"Murerpoint","description":"kvalitets v\u00e6rkt\u00f8j","publisher":{"@id":"https:\/\/murerpoint.dk\/de\/#organization"},"potentialAction":[{"@type":"SearchAction","target":{"@type":"EntryPoint","urlTemplate":"https:\/\/murerpoint.dk\/de\/?s={search_term_string}"},"query-input":{"@type":"PropertyValueSpecification","valueRequired":true,"valueName":"search_term_string"}}],"inLanguage":"de"},{"@type":"Organization","@id":"https:\/\/murerpoint.dk\/de\/#organization","name":"Murerpoint ApS","url":"https:\/\/murerpoint.dk\/de\/","logo":{"@type":"ImageObject","inLanguage":"de","@id":"https:\/\/murerpoint.dk\/de\/#\/schema\/logo\/image\/","url":"https:\/\/murerpoint.dk\/wp-content\/uploads\/2023\/12\/cropped-Sort-Midt-Roed-Mursten.png","contentUrl":"https:\/\/murerpoint.dk\/wp-content\/uploads\/2023\/12\/cropped-Sort-Midt-Roed-Mursten.png","width":512,"height":512,"caption":"Murerpoint ApS"},"image":{"@id":"https:\/\/murerpoint.dk\/de\/#\/schema\/logo\/image\/"},"sameAs":["https:\/\/m.facebook.com\/profile.php?id=61555157262134","https:\/\/www.instagram.com\/murerpoint?igsh=azluMWV6cTnc2ts&utm_source=qr","https:\/\/www.tiktok.com\/@murerpoint?is_from_webapp=1&sender_device=pc"]}]},"og_availability":"instock","product_availability":"instock","product_retailer_item_id":"mp0111","product_condition":"new"},"_links":{"self":[{"href":"https:\/\/murerpoint.dk\/de\/wp-json\/wp\/v2\/product\/1512","targetHints":{"allow":["GET"]}}],"collection":[{"href":"https:\/\/murerpoint.dk\/de\/wp-json\/wp\/v2\/product"}],"about":[{"href":"https:\/\/murerpoint.dk\/de\/wp-json\/wp\/v2\/types\/product"}],"replies":[{"embeddable":true,"href":"https:\/\/murerpoint.dk\/de\/wp-json\/wp\/v2\/comments?post=1512"}],"wp:featuredmedia":[{"embeddable":true,"href":"https:\/\/murerpoint.dk\/de\/wp-json\/wp\/v2\/media\/8738"}],"wp:attachment":[{"href":"https:\/\/murerpoint.dk\/de\/wp-json\/wp\/v2\/media?parent=1512"}],"wp:term":[{"taxonomy":"product_brand","embeddable":true,"href":"https:\/\/murerpoint.dk\/de\/wp-json\/wp\/v2\/product_brand?post=1512"},{"taxonomy":"product_cat","embeddable":true,"href":"https:\/\/murerpoint.dk\/de\/wp-json\/wp\/v2\/product_cat?post=1512"},{"taxonomy":"product_tag","embeddable":true,"href":"https:\/\/murerpoint.dk\/de\/wp-json\/wp\/v2\/product_tag?post=1512"}],"curies":[{"name":"wp","href":"https:\/\/api.w.org\/{rel}","templated":true}]}}