{"id":1562,"date":"2024-01-25T10:46:32","date_gmt":"2024-01-25T10:46:32","guid":{"rendered":"https:\/\/murerpoint.dk\/product\/stofkap-voor-haakse-slijper-oe115-125mm-slijpmachines\/"},"modified":"2024-07-08T10:14:56","modified_gmt":"2024-07-08T10:14:56","slug":"absaughaube-fuer-schleifarbeiten-fuer-oe115-125mm","status":"publish","type":"product","link":"https:\/\/murerpoint.dk\/de\/produkt\/absaughaube-fuer-schleifarbeiten-fuer-oe115-125mm\/","title":{"rendered":"Absaughaube f\u00fcr Schleifarbeiten f\u00fcr \u00d8115-125mm"},"content":{"rendered":"<?xml encoding=\"utf-8\" ?><div class=\"flex-1 overflow-hidden\">\n<div class=\"react-scroll-to-bottom--css-nmuqr-79elbk h-full\">\n<div class=\"react-scroll-to-bottom--css-nmuqr-1n7m0yu\">\n<div class=\"flex flex-col pb-9 text-sm\">\n<div class=\"w-full text-token-text-primary\" data-testid=\"conversation-turn-427\">\n<div class=\"px-4 py-2 justify-center text-base md:gap-6 m-auto\">\n<div class=\"flex flex-1 text-base mx-auto gap-3 md:px-5 lg:px-1 xl:px-5 md:max-w-3xl lg:max-w-[40rem] xl:max-w-[48rem] group final-completion\">\n<div class=\"relative flex w-full flex-col lg:w-[calc(100%-115px)] agent-turn\">\n<div class=\"flex-col gap-1 md:gap-3\">\n<div class=\"flex flex-grow flex-col max-w-full\">\n<div class=\"min-h-[20px] text-message flex flex-col items-start gap-3 whitespace-pre-wrap break-words [.text-message+&amp;]:mt-5 overflow-x-auto\" data-message-author-role=\"assistant\" data-message-id=\"d78ce9b8-b000-487d-bb00-2dc9702a66fb\">\n<div class=\"markdown prose w-full break-words dark:prose-invert light\">\n<h1 class=\"articleName font-4 color-3\">Absaughaube f&uuml;r Schleifarbeiten f&uuml;r &Oslash;115-125mm<\/h1>\n<p>Minimieren Sie Staubbel&auml;stigungen und erzielen Sie scharfe, pr&auml;zise Schnitte mit unserem Staubschutz, der f&uuml;r kleinere Winkelschleifer mit S&auml;geblattgr&ouml;&szlig;en &Oslash;115 und &Oslash;125 mm entwickelt wurde. Dieser Staubschutz l&auml;sst sich einfach &uuml;ber den mitgelieferten Adapter an Ihren Staubsauger anschlie&szlig;en und ist darauf ausgelegt, praktisch staubfreie Leistung beim Schneiden zu bieten.<\/p>\n<p><strong>Eigenschaften und Vorteile des Winkelschleifer-Staubhaubs:<\/strong><\/p>\n<div class=\"flex-1 overflow-hidden\">\n<div class=\"react-scroll-to-bottom--css-wswhj-79elbk h-full\">\n<div class=\"react-scroll-to-bottom--css-wswhj-1n7m0yu\">\n<div class=\"flex flex-col pb-9 text-sm\">\n<div class=\"w-full text-token-text-primary\" data-testid=\"conversation-turn-269\">\n<div class=\"px-4 py-2 justify-center text-base md:gap-6 m-auto\">\n<div class=\"flex flex-1 text-base mx-auto gap-3 md:px-5 lg:px-1 xl:px-5 md:max-w-3xl lg:max-w-[40rem] xl:max-w-[48rem] group final-completion\">\n<div class=\"relative flex w-full flex-col agent-turn\">\n<div class=\"flex-col gap-1 md:gap-3\">\n<div class=\"flex flex-grow flex-col max-w-full\">\n<div class=\"min-h-[20px] text-message flex flex-col items-start gap-3 whitespace-pre-wrap break-words [.text-message+&amp;]:mt-5 overflow-x-auto\" data-message-author-role=\"assistant\" data-message-id=\"f1714e8a-3bb5-48c9-a58e-836002504a2b\">\n<div class=\"markdown prose w-full break-words dark:prose-invert light\">\n<ol>\n<li>Effektiv Staubkontrolle: Reduzieren Sie Staub w&auml;hrend des Schneidens und schaffen Sie eine sauberere Arbeitsumgebung.<\/li>\n<li>Universelle Anwendung: Geeignet f&uuml;r Fliesen, Beton, Ziegel und andere Materialien, was es vielseitig macht.<\/li>\n<li>Stabile Position und pr&auml;zise Schnitte: Eingebauter Seitensupport gew&auml;hrleistet Stabilit&auml;t und pr&auml;zise Schnitte bei 90 Grad.<\/li>\n<li>Einstellbare Schnitttiefe: Stufenlose Einstellung und Verriegelung der Schnitttiefe f&uuml;r volle Kontrolle &uuml;ber Schneideprojekte.<\/li>\n<li>Richtlinie f&uuml;r Pr&auml;zision: Die Frontf&uuml;hrung zeigt die Position des Diamantklinge f&uuml;r zus&auml;tzliche Genauigkeit.<\/li>\n<li>Staubabdeckung f&uuml;r spezifische Materialien: Entwickelt f&uuml;r Fliesen, Beton, Ziegel und gemieden f&uuml;r Metallprojekte.<\/li>\n<li>Universelle Kompatibilit&auml;t: Passt zu den meisten Winkelschleifermarken mit verschiedenen Adaptern und Einstellscheiben.<\/li>\n<\/ol>\n<\/div>\n<\/div>\n<\/div>\n<div class=\"mt-1 flex justify-start gap-3 empty:hidden\"><\/div>\n<\/div>\n<\/div>\n<\/div>\n<\/div>\n<\/div>\n<\/div>\n<\/div>\n<\/div>\n<\/div>\n<div class=\"w-full pt-2 md:pt-0 dark:border-white\/20 md:border-transparent md:dark:border-transparent md:w-[calc(100%-.5rem)]\">Machen Sie Ihre Schneideaufgaben effizienter und nahezu staubfrei mit diesem Staubschutz, perfekt f&uuml;r Aufgaben, bei denen Staubkontrolle entscheidend ist. Ideal f&uuml;r sowohl Profis als auch Heimwerker.<\/div>\n<\/div>\n<\/div>\n<\/div>\n<\/div>\n<\/div>\n<\/div>\n<\/div>\n<\/div>\n<\/div>\n<\/div>\n<\/div>\n<\/div>\n","protected":false},"excerpt":{"rendered":"<h1 class=\"articleName font-4 color-3\">Absaughaube f\u00fcr Schleifarbeiten f\u00fcr \u00d8115-125mm<\/h1>\n<div class=\"flex-1 overflow-hidden\">\n<div class=\"react-scroll-to-bottom--css-wswhj-79elbk h-full\">\n<div class=\"react-scroll-to-bottom--css-wswhj-1n7m0yu\">\n<div class=\"flex flex-col pb-9 text-sm\">\n<div class=\"w-full text-token-text-primary\" data-testid=\"conversation-turn-311\">\n<div class=\"px-4 py-2 justify-center text-base md:gap-6 m-auto\">\n<div class=\"flex flex-1 text-base mx-auto gap-3 md:px-5 lg:px-1 xl:px-5 md:max-w-3xl lg:max-w-[40rem] xl:max-w-[48rem] group final-completion\">\n<div class=\"relative flex w-full flex-col agent-turn\">\n<div class=\"flex-col gap-1 md:gap-3\">\n<div class=\"flex flex-grow flex-col max-w-full\">\n<div class=\"min-h-[20px] text-message flex flex-col items-start gap-3 whitespace-pre-wrap break-words [.text-message+&amp;]:mt-5 overflow-x-auto\" data-message-author-role=\"assistant\" data-message-id=\"0cd20814-3c73-4084-8ea0-800d4b248c82\">\n<div class=\"markdown prose w-full break-words dark:prose-invert light\">\n<p>Minimiere die Menge an Staub.<\/p>\n<p>Passt auf Standard-Winkelschleifer.<\/p>\n<p>Hat verstellbare Schnitttiefe.<\/p>\n<p>Geeignet f\u00fcr: \u00d8115, \u00d8125 mm S\u00e4geblatt.<\/p>\n<\/div>\n<\/div>\n<\/div>\n<\/div>\n<\/div>\n<\/div>\n<\/div>\n<\/div>\n<\/div>\n<\/div>\n<\/div>\n<\/div>\n","protected":false},"featured_media":1563,"comment_status":"open","ping_status":"closed","template":"","meta":[],"product_brand":[],"product_cat":[657,650],"product_tag":[246,1492,1236,1238,1493,4179,4180,4181,281,2583,2584,2585,288,3575,3544,3574,2230,2177,691,1626,824],"class_list":{"0":"post-1562","1":"product","2":"type-product","3":"status-publish","4":"has-post-thumbnail","6":"product_cat-staubschutzwaende","7":"product_cat-zubehoer","8":"product_tag-byggeri-de-2","9":"product_tag-diamantklinga-de","10":"product_tag-diamantklinge-de","11":"product_tag-diamantscheibe-de","12":"product_tag-diamantzaagblad-de","13":"product_tag-praecision-de","14":"product_tag-praezision-de","15":"product_tag-precisie-de","16":"product_tag-precision-de","17":"product_tag-professioneelgereedschap-de","18":"product_tag-professionelleswerkzeug-de","19":"product_tag-professionelltverktyg-de","20":"product_tag-professioneltvaerktoej-de","21":"product_tag-renovatie-de","22":"product_tag-renovering-de","23":"product_tag-renovierung-de","24":"product_tag-schneidwerkzeug-de","25":"product_tag-skaerevaerktoej-de","26":"product_tag-stofkap-de","27":"product_tag-stoevskaerm-de","28":"product_tag-winkelschleifer-de","30":"first","31":"instock","32":"taxable","33":"shipping-taxable","34":"purchasable","35":"product-type-simple"},"yoast_head":"<!-- This site is optimized with the Yoast SEO plugin v27.5 - https:\/\/yoast.com\/product\/yoast-seo-wordpress\/ -->\n<title>Absaughaube f\u00fcr Schleifarbeiten f\u00fcr \u00d8115-125mm - Murerpoint ApS<\/title>\n<meta name=\"description\" content=\"Absaughaube f\u00fcr Schleifarbeiten f\u00fcr \u00d8115-125mm Justierbare Schnitttiefe und kompatibel mit einem Staubsauger \u00fcber den mitgelieferten Adapter.\" \/>\n<meta name=\"robots\" content=\"index, follow, max-snippet:-1, max-image-preview:large, max-video-preview:-1\" \/>\n<link rel=\"canonical\" href=\"https:\/\/murerpoint.dk\/de\/produkt\/absaughaube-fuer-schleifarbeiten-fuer-oe115-125mm\/\" \/>\n<meta property=\"og:locale\" content=\"de_DE\" \/>\n<meta property=\"og:type\" content=\"article\" \/>\n<meta property=\"og:title\" content=\"Absaughaube f\u00fcr Schleifarbeiten f\u00fcr \u00d8115-125mm - Murerpoint ApS\" \/>\n<meta property=\"og:description\" content=\"Absaughaube f\u00fcr Schleifarbeiten f\u00fcr \u00d8115-125mm Justierbare Schnitttiefe und kompatibel mit einem Staubsauger \u00fcber den mitgelieferten Adapter.\" \/>\n<meta property=\"og:url\" content=\"https:\/\/murerpoint.dk\/de\/produkt\/absaughaube-fuer-schleifarbeiten-fuer-oe115-125mm\/\" \/>\n<meta property=\"og:site_name\" content=\"Murerpoint ApS\" \/>\n<meta property=\"article:publisher\" content=\"https:\/\/m.facebook.com\/profile.php?id=61555157262134\" \/>\n<meta property=\"article:modified_time\" content=\"2024-07-08T10:14:56+00:00\" \/>\n<meta property=\"og:image\" content=\"https:\/\/murerpoint.dk\/wp-content\/uploads\/2024\/01\/image4__22_-removebg-preview-removebg-preview.png\" \/>\n\t<meta property=\"og:image:width\" content=\"433\" \/>\n\t<meta property=\"og:image:height\" content=\"577\" \/>\n\t<meta property=\"og:image:type\" content=\"image\/png\" \/>\n<meta name=\"twitter:card\" content=\"summary_large_image\" \/>\n<meta name=\"twitter:label1\" content=\"Preis\" \/>\n\t<meta name=\"twitter:data1\" content=\"&euro;61.41 Pris ekskl. moms: &euro;49.13\" \/>\n\t<meta name=\"twitter:label2\" content=\"Verf\u00fcgbarkeit\" \/>\n\t<meta name=\"twitter:data2\" content=\"Auf Lager\" \/>\n<script type=\"application\/ld+json\" class=\"yoast-schema-graph\">{\"@context\":\"https:\\\/\\\/schema.org\",\"@graph\":[{\"@type\":\"WebPage\",\"@id\":\"https:\\\/\\\/murerpoint.dk\\\/de\\\/produkt\\\/absaughaube-fuer-schleifarbeiten-fuer-oe115-125mm\\\/\",\"url\":\"https:\\\/\\\/murerpoint.dk\\\/de\\\/produkt\\\/absaughaube-fuer-schleifarbeiten-fuer-oe115-125mm\\\/\",\"name\":\"Absaughaube f\u00fcr Schleifarbeiten f\u00fcr \u00d8115-125mm - Murerpoint ApS\",\"isPartOf\":{\"@id\":\"https:\\\/\\\/murerpoint.dk\\\/de\\\/#website\"},\"primaryImageOfPage\":{\"@id\":\"https:\\\/\\\/murerpoint.dk\\\/de\\\/produkt\\\/absaughaube-fuer-schleifarbeiten-fuer-oe115-125mm\\\/#primaryimage\"},\"image\":{\"@id\":\"https:\\\/\\\/murerpoint.dk\\\/de\\\/produkt\\\/absaughaube-fuer-schleifarbeiten-fuer-oe115-125mm\\\/#primaryimage\"},\"thumbnailUrl\":\"https:\\\/\\\/murerpoint.dk\\\/wp-content\\\/uploads\\\/2024\\\/01\\\/image4__22_-removebg-preview-removebg-preview.png\",\"datePublished\":\"2024-01-25T10:46:32+00:00\",\"dateModified\":\"2024-07-08T10:14:56+00:00\",\"description\":\"Absaughaube f\u00fcr Schleifarbeiten f\u00fcr \u00d8115-125mm Justierbare Schnitttiefe und kompatibel mit einem Staubsauger \u00fcber den mitgelieferten Adapter.\",\"breadcrumb\":{\"@id\":\"https:\\\/\\\/murerpoint.dk\\\/de\\\/produkt\\\/absaughaube-fuer-schleifarbeiten-fuer-oe115-125mm\\\/#breadcrumb\"},\"inLanguage\":\"de\",\"potentialAction\":[{\"@type\":\"ReadAction\",\"target\":[\"https:\\\/\\\/murerpoint.dk\\\/de\\\/produkt\\\/absaughaube-fuer-schleifarbeiten-fuer-oe115-125mm\\\/\"]}]},{\"@type\":\"ImageObject\",\"inLanguage\":\"de\",\"@id\":\"https:\\\/\\\/murerpoint.dk\\\/de\\\/produkt\\\/absaughaube-fuer-schleifarbeiten-fuer-oe115-125mm\\\/#primaryimage\",\"url\":\"https:\\\/\\\/murerpoint.dk\\\/wp-content\\\/uploads\\\/2024\\\/01\\\/image4__22_-removebg-preview-removebg-preview.png\",\"contentUrl\":\"https:\\\/\\\/murerpoint.dk\\\/wp-content\\\/uploads\\\/2024\\\/01\\\/image4__22_-removebg-preview-removebg-preview.png\",\"width\":433,\"height\":577,\"caption\":\"St\u00f8vsk\u00e6rm st\u00f8vkontrol til vinkelsliber\"},{\"@type\":\"BreadcrumbList\",\"@id\":\"https:\\\/\\\/murerpoint.dk\\\/de\\\/produkt\\\/absaughaube-fuer-schleifarbeiten-fuer-oe115-125mm\\\/#breadcrumb\",\"itemListElement\":[{\"@type\":\"ListItem\",\"position\":1,\"name\":\"Hjem\",\"item\":\"https:\\\/\\\/murerpoint.dk\\\/de\\\/\"},{\"@type\":\"ListItem\",\"position\":2,\"name\":\"SHOPPEN\",\"item\":\"https:\\\/\\\/murerpoint.dk\\\/de\\\/shoppen\\\/\"},{\"@type\":\"ListItem\",\"position\":3,\"name\":\"Absaughaube f\u00fcr Schleifarbeiten f\u00fcr \u00d8115-125mm\"}]},{\"@type\":\"WebSite\",\"@id\":\"https:\\\/\\\/murerpoint.dk\\\/de\\\/#website\",\"url\":\"https:\\\/\\\/murerpoint.dk\\\/de\\\/\",\"name\":\"Murerpoint\",\"description\":\"kvalitets v\u00e6rkt\u00f8j\",\"publisher\":{\"@id\":\"https:\\\/\\\/murerpoint.dk\\\/de\\\/#organization\"},\"potentialAction\":[{\"@type\":\"SearchAction\",\"target\":{\"@type\":\"EntryPoint\",\"urlTemplate\":\"https:\\\/\\\/murerpoint.dk\\\/de\\\/?s={search_term_string}\"},\"query-input\":{\"@type\":\"PropertyValueSpecification\",\"valueRequired\":true,\"valueName\":\"search_term_string\"}}],\"inLanguage\":\"de\"},{\"@type\":\"Organization\",\"@id\":\"https:\\\/\\\/murerpoint.dk\\\/de\\\/#organization\",\"name\":\"Murerpoint ApS\",\"url\":\"https:\\\/\\\/murerpoint.dk\\\/de\\\/\",\"logo\":{\"@type\":\"ImageObject\",\"inLanguage\":\"de\",\"@id\":\"https:\\\/\\\/murerpoint.dk\\\/de\\\/#\\\/schema\\\/logo\\\/image\\\/\",\"url\":\"https:\\\/\\\/murerpoint.dk\\\/wp-content\\\/uploads\\\/2023\\\/12\\\/cropped-Sort-Midt-Roed-Mursten.png\",\"contentUrl\":\"https:\\\/\\\/murerpoint.dk\\\/wp-content\\\/uploads\\\/2023\\\/12\\\/cropped-Sort-Midt-Roed-Mursten.png\",\"width\":512,\"height\":512,\"caption\":\"Murerpoint ApS\"},\"image\":{\"@id\":\"https:\\\/\\\/murerpoint.dk\\\/de\\\/#\\\/schema\\\/logo\\\/image\\\/\"},\"sameAs\":[\"https:\\\/\\\/m.facebook.com\\\/profile.php?id=61555157262134\",\"https:\\\/\\\/www.instagram.com\\\/murerpoint?igsh=azluMWV6cTnc2ts&utm_source=qr\",\"https:\\\/\\\/www.tiktok.com\\\/@murerpoint?is_from_webapp=1&sender_device=pc\"]}]}<\/script>\n<meta property=\"product:price:amount\" content=\"61.41\" \/>\n<meta property=\"product:price:currency\" content=\"EUR\" \/>\n<meta property=\"og:availability\" content=\"instock\" \/>\n<meta property=\"product:availability\" content=\"instock\" \/>\n<meta property=\"product:retailer_item_id\" content=\"mp0123\" \/>\n<meta property=\"product:condition\" content=\"new\" \/>\n<!-- \/ Yoast SEO plugin. -->","yoast_head_json":{"title":"Absaughaube f\u00fcr Schleifarbeiten f\u00fcr \u00d8115-125mm - Murerpoint ApS","description":"Absaughaube f\u00fcr Schleifarbeiten f\u00fcr \u00d8115-125mm Justierbare Schnitttiefe und kompatibel mit einem Staubsauger \u00fcber den mitgelieferten Adapter.","robots":{"index":"index","follow":"follow","max-snippet":"max-snippet:-1","max-image-preview":"max-image-preview:large","max-video-preview":"max-video-preview:-1"},"canonical":"https:\/\/murerpoint.dk\/de\/produkt\/absaughaube-fuer-schleifarbeiten-fuer-oe115-125mm\/","og_locale":"de_DE","og_type":"article","og_title":"Absaughaube f\u00fcr Schleifarbeiten f\u00fcr \u00d8115-125mm - Murerpoint ApS","og_description":"Absaughaube f\u00fcr Schleifarbeiten f\u00fcr \u00d8115-125mm Justierbare Schnitttiefe und kompatibel mit einem Staubsauger \u00fcber den mitgelieferten Adapter.","og_url":"https:\/\/murerpoint.dk\/de\/produkt\/absaughaube-fuer-schleifarbeiten-fuer-oe115-125mm\/","og_site_name":"Murerpoint ApS","article_publisher":"https:\/\/m.facebook.com\/profile.php?id=61555157262134","article_modified_time":"2024-07-08T10:14:56+00:00","og_image":[{"width":433,"height":577,"url":"https:\/\/murerpoint.dk\/wp-content\/uploads\/2024\/01\/image4__22_-removebg-preview-removebg-preview.png","type":"image\/png"}],"twitter_card":"summary_large_image","twitter_misc":{"Preis":"&euro;61.41 Pris ekskl. moms: &euro;49.13","Verf\u00fcgbarkeit":"Auf Lager"},"schema":{"@context":"https:\/\/schema.org","@graph":[{"@type":"WebPage","@id":"https:\/\/murerpoint.dk\/de\/produkt\/absaughaube-fuer-schleifarbeiten-fuer-oe115-125mm\/","url":"https:\/\/murerpoint.dk\/de\/produkt\/absaughaube-fuer-schleifarbeiten-fuer-oe115-125mm\/","name":"Absaughaube f\u00fcr Schleifarbeiten f\u00fcr \u00d8115-125mm - Murerpoint ApS","isPartOf":{"@id":"https:\/\/murerpoint.dk\/de\/#website"},"primaryImageOfPage":{"@id":"https:\/\/murerpoint.dk\/de\/produkt\/absaughaube-fuer-schleifarbeiten-fuer-oe115-125mm\/#primaryimage"},"image":{"@id":"https:\/\/murerpoint.dk\/de\/produkt\/absaughaube-fuer-schleifarbeiten-fuer-oe115-125mm\/#primaryimage"},"thumbnailUrl":"https:\/\/murerpoint.dk\/wp-content\/uploads\/2024\/01\/image4__22_-removebg-preview-removebg-preview.png","datePublished":"2024-01-25T10:46:32+00:00","dateModified":"2024-07-08T10:14:56+00:00","description":"Absaughaube f\u00fcr Schleifarbeiten f\u00fcr \u00d8115-125mm Justierbare Schnitttiefe und kompatibel mit einem Staubsauger \u00fcber den mitgelieferten Adapter.","breadcrumb":{"@id":"https:\/\/murerpoint.dk\/de\/produkt\/absaughaube-fuer-schleifarbeiten-fuer-oe115-125mm\/#breadcrumb"},"inLanguage":"de","potentialAction":[{"@type":"ReadAction","target":["https:\/\/murerpoint.dk\/de\/produkt\/absaughaube-fuer-schleifarbeiten-fuer-oe115-125mm\/"]}]},{"@type":"ImageObject","inLanguage":"de","@id":"https:\/\/murerpoint.dk\/de\/produkt\/absaughaube-fuer-schleifarbeiten-fuer-oe115-125mm\/#primaryimage","url":"https:\/\/murerpoint.dk\/wp-content\/uploads\/2024\/01\/image4__22_-removebg-preview-removebg-preview.png","contentUrl":"https:\/\/murerpoint.dk\/wp-content\/uploads\/2024\/01\/image4__22_-removebg-preview-removebg-preview.png","width":433,"height":577,"caption":"St\u00f8vsk\u00e6rm st\u00f8vkontrol til vinkelsliber"},{"@type":"BreadcrumbList","@id":"https:\/\/murerpoint.dk\/de\/produkt\/absaughaube-fuer-schleifarbeiten-fuer-oe115-125mm\/#breadcrumb","itemListElement":[{"@type":"ListItem","position":1,"name":"Hjem","item":"https:\/\/murerpoint.dk\/de\/"},{"@type":"ListItem","position":2,"name":"SHOPPEN","item":"https:\/\/murerpoint.dk\/de\/shoppen\/"},{"@type":"ListItem","position":3,"name":"Absaughaube f\u00fcr Schleifarbeiten f\u00fcr \u00d8115-125mm"}]},{"@type":"WebSite","@id":"https:\/\/murerpoint.dk\/de\/#website","url":"https:\/\/murerpoint.dk\/de\/","name":"Murerpoint","description":"kvalitets v\u00e6rkt\u00f8j","publisher":{"@id":"https:\/\/murerpoint.dk\/de\/#organization"},"potentialAction":[{"@type":"SearchAction","target":{"@type":"EntryPoint","urlTemplate":"https:\/\/murerpoint.dk\/de\/?s={search_term_string}"},"query-input":{"@type":"PropertyValueSpecification","valueRequired":true,"valueName":"search_term_string"}}],"inLanguage":"de"},{"@type":"Organization","@id":"https:\/\/murerpoint.dk\/de\/#organization","name":"Murerpoint ApS","url":"https:\/\/murerpoint.dk\/de\/","logo":{"@type":"ImageObject","inLanguage":"de","@id":"https:\/\/murerpoint.dk\/de\/#\/schema\/logo\/image\/","url":"https:\/\/murerpoint.dk\/wp-content\/uploads\/2023\/12\/cropped-Sort-Midt-Roed-Mursten.png","contentUrl":"https:\/\/murerpoint.dk\/wp-content\/uploads\/2023\/12\/cropped-Sort-Midt-Roed-Mursten.png","width":512,"height":512,"caption":"Murerpoint ApS"},"image":{"@id":"https:\/\/murerpoint.dk\/de\/#\/schema\/logo\/image\/"},"sameAs":["https:\/\/m.facebook.com\/profile.php?id=61555157262134","https:\/\/www.instagram.com\/murerpoint?igsh=azluMWV6cTnc2ts&utm_source=qr","https:\/\/www.tiktok.com\/@murerpoint?is_from_webapp=1&sender_device=pc"]}]},"product_price_amount":"61.41","product_price_currency":"EUR","og_availability":"instock","product_availability":"instock","product_retailer_item_id":"mp0123","product_condition":"new"},"_links":{"self":[{"href":"https:\/\/murerpoint.dk\/de\/wp-json\/wp\/v2\/product\/1562","targetHints":{"allow":["GET"]}}],"collection":[{"href":"https:\/\/murerpoint.dk\/de\/wp-json\/wp\/v2\/product"}],"about":[{"href":"https:\/\/murerpoint.dk\/de\/wp-json\/wp\/v2\/types\/product"}],"replies":[{"embeddable":true,"href":"https:\/\/murerpoint.dk\/de\/wp-json\/wp\/v2\/comments?post=1562"}],"wp:featuredmedia":[{"embeddable":true,"href":"https:\/\/murerpoint.dk\/de\/wp-json\/wp\/v2\/media\/1563"}],"wp:attachment":[{"href":"https:\/\/murerpoint.dk\/de\/wp-json\/wp\/v2\/media?parent=1562"}],"wp:term":[{"taxonomy":"product_brand","embeddable":true,"href":"https:\/\/murerpoint.dk\/de\/wp-json\/wp\/v2\/product_brand?post=1562"},{"taxonomy":"product_cat","embeddable":true,"href":"https:\/\/murerpoint.dk\/de\/wp-json\/wp\/v2\/product_cat?post=1562"},{"taxonomy":"product_tag","embeddable":true,"href":"https:\/\/murerpoint.dk\/de\/wp-json\/wp\/v2\/product_tag?post=1562"}],"curies":[{"name":"wp","href":"https:\/\/api.w.org\/{rel}","templated":true}]}}