{"id":1792,"date":"2024-01-22T08:14:30","date_gmt":"2024-01-22T08:14:30","guid":{"rendered":"https:\/\/murerpoint.dk\/product\/voegenbeitel-mit-haardmetaal-met-kromming\/"},"modified":"2024-03-21T08:38:35","modified_gmt":"2024-03-21T08:38:35","slug":"fugenmeissel-mit-hartmetallzaehnen-sds-befestigung-und-kruemmung","status":"publish","type":"product","link":"https:\/\/murerpoint.dk\/de\/produkt\/fugenmeissel-mit-hartmetallzaehnen-sds-befestigung-und-kruemmung\/","title":{"rendered":"Fugenmei\u00dfel mit Hartmetallz\u00e4hnen SDS-Befestigung und Kr\u00fcmmung"},"content":{"rendered":"<?xml encoding=\"utf-8\" ?><div class=\"product__header\" data-v-6044caef=\"\">\n<header class=\"sf-heading sf-heading--no-underline sf-heading--left\" data-v-6044caef=\"\">\n<div class=\"flex-1 overflow-hidden\">\n<div class=\"react-scroll-to-bottom--css-wpxos-79elbk h-full\">\n<div class=\"react-scroll-to-bottom--css-wpxos-1n7m0yu\">\n<div class=\"flex flex-col text-sm pb-9\">\n<div class=\"w-full text-token-text-primary\" data-testid=\"conversation-turn-7\">\n<div class=\"px-4 py-2 justify-center text-base md:gap-6 m-auto\">\n<div class=\"flex flex-1 text-base mx-auto gap-3 md:px-5 lg:px-1 xl:px-5 md:max-w-3xl lg:max-w-[40rem] xl:max-w-[48rem] group final-completion\">\n<div class=\"relative flex w-full flex-col agent-turn\">\n<div class=\"flex-col gap-1 md:gap-3\">\n<div class=\"flex flex-grow flex-col max-w-full\">\n<div class=\"min-h-[20px] text-message flex flex-col items-start gap-3 whitespace-pre-wrap break-words [.text-message+&amp;]:mt-5 overflow-x-auto\" data-message-author-role=\"assistant\" data-message-id=\"4d1fa72d-17bb-4b90-ae32-3eee07ed4737\">\n<div class=\"markdown prose w-full break-words dark:prose-invert light\">\n<h2>Fugenmei&szlig;el mit Hartmetallz&auml;hnen, SDS-Befestigung und Kr&uuml;mmung.<\/h2>\n<\/div>\n<\/div>\n<\/div>\n<\/div>\n<\/div>\n<\/div>\n<\/div>\n<\/div>\n<\/div>\n<\/div>\n<\/div>\n<\/div>\n<h5>Optimierte Entfernung Ihrer Fugen mit dieser Fugenmei&szlig;el &ndash; Effektive und pr&auml;zise Entfernung von hartem Fugenm&ouml;rtel.<\/h5>\n<p><span style=\"font-size: 16px;\">Ihr Fugenmei&szlig;el f&uuml;r effizente und pr&auml;zise Entfernung von M&ouml;rtel zwischen den Ziegelsteinen. Die abgewinkelte Diamantkrone gew&auml;hrleistet, dass das Material leicht nach vorne geschoben wird, was die Arbeit auch an schwer zug&auml;nglichen Stellen wie hinter Fallrohren erleichtert.<\/span><\/p>\n<h5>Einzigartige Biegung f&uuml;r nahtlose Verwendung.<\/h5>\n<div class=\"flex-1 overflow-hidden\">\n<div class=\"react-scroll-to-bottom--css-wpxos-79elbk h-full\">\n<div class=\"react-scroll-to-bottom--css-wpxos-1n7m0yu\">\n<div class=\"flex flex-col text-sm pb-9\">\n<div class=\"w-full text-token-text-primary\" data-testid=\"conversation-turn-19\">\n<div class=\"px-4 py-2 justify-center text-base md:gap-6 m-auto\">\n<div class=\"flex flex-1 text-base mx-auto gap-3 md:px-5 lg:px-1 xl:px-5 md:max-w-3xl lg:max-w-[40rem] xl:max-w-[48rem] group final-completion\">\n<div class=\"relative flex w-full flex-col agent-turn\">\n<div class=\"flex-col gap-1 md:gap-3\">\n<div class=\"flex flex-grow flex-col max-w-full\">\n<div class=\"min-h-[20px] text-message flex flex-col items-start gap-3 whitespace-pre-wrap break-words [.text-message+&amp;]:mt-5 overflow-x-auto\" data-message-author-role=\"assistant\" data-message-id=\"9cc817fd-8962-4990-b48b-a3659fc2fa5e\">\n<div class=\"markdown prose w-full break-words dark:prose-invert light\">\n<p>Die einzigartige Biegung des Mei&szlig;els ist so gestaltet, dass das Material effektiv aus dem Fugenm&ouml;rtel entfernt wird, ohne stecken zu bleiben. Die Kr&uuml;mmung ist speziell f&uuml;r Fugenm&ouml;rtel entwickelt und f&uuml;hrt zu einer nahtlosen Verwendung, die Zeit und M&uuml;he spart.<\/p>\n<\/div>\n<\/div>\n<\/div>\n<\/div>\n<\/div>\n<\/div>\n<\/div>\n<\/div>\n<\/div>\n<\/div>\n<\/div>\n<\/div>\n<div class=\"flex-1 overflow-hidden\">\n<div class=\"react-scroll-to-bottom--css-wpxos-79elbk h-full\">\n<div class=\"react-scroll-to-bottom--css-wpxos-1n7m0yu\">\n<div class=\"flex flex-col text-sm pb-9\">\n<div class=\"w-full text-token-text-primary\" data-testid=\"conversation-turn-21\">\n<div class=\"px-4 py-2 justify-center text-base md:gap-6 m-auto\">\n<div class=\"flex flex-1 text-base mx-auto gap-3 md:px-5 lg:px-1 xl:px-5 md:max-w-3xl lg:max-w-[40rem] xl:max-w-[48rem] group final-completion\">\n<div class=\"relative flex w-full flex-col agent-turn\">\n<div class=\"flex-col gap-1 md:gap-3\">\n<div class=\"flex flex-grow flex-col max-w-full\">\n<div class=\"min-h-[20px] text-message flex flex-col items-start gap-3 whitespace-pre-wrap break-words [.text-message+&amp;]:mt-5 overflow-x-auto\" data-message-author-role=\"assistant\" data-message-id=\"f22476d7-3fa9-4524-a6f3-89966d5724d1\">\n<div class=\"markdown prose w-full break-words dark:prose-invert light\">\n<h5>Robuste und langlebige Konstruktion.<\/h5>\n<\/div>\n<\/div>\n<\/div>\n<\/div>\n<\/div>\n<\/div>\n<\/div>\n<\/div>\n<\/div>\n<\/div>\n<\/div>\n<\/div>\n<p>Hartmetall-Fugenmei&szlig;el mit Kr&uuml;mmung. Hergestellt mit Schneidkanten aus Hartmetall, was eine lang anhaltende Haltbarkeit und Robustheit sicherstellt. Geeignet f&uuml;r den Einsatz in Mauerwerk und kann mit allen Rotationsh&auml;mmern und Abbruchh&auml;mmern mit Rotationsstopp und SDS-plus-Aufnahme oder in einem SDS-plus-Mei&szlig;eladapter verwendet werden.<\/p>\n<h5>Kaufen Sie noch heute Ihren Hartmetall-Fugenmei&szlig;el mit Kr&uuml;mmung.<\/h5>\n<p>Hol dir diesen wunderbaren Hartmetall-Fugenmei&szlig;el mit Kr&uuml;mmung, speziell entwickelt f&uuml;r Fugen. Kaufe ihn jetzt zu einem erschwinglichen Preis und erlebe einen neuen Standard in der Fugenentfernung. Optimiere deinen Arbeitstag mit dem M&ouml;rtelknackenden Guts Mei&szlig;el mit Hartmetallspitze von MurerPoint.dk.<\/p>\n<h5>Besondere Eigenschaften:<\/h5>\n<div class=\"flex-1 overflow-hidden\">\n<div class=\"react-scroll-to-bottom--css-pdclg-79elbk h-full\">\n<div class=\"react-scroll-to-bottom--css-pdclg-1n7m0yu\">\n<div class=\"flex flex-col pb-9 text-sm\">\n<div class=\"w-full text-token-text-primary\" data-testid=\"conversation-turn-209\">\n<div class=\"px-4 py-2 justify-center text-base md:gap-6 m-auto\">\n<div class=\"flex flex-1 text-base mx-auto gap-3 md:px-5 lg:px-1 xl:px-5 md:max-w-3xl lg:max-w-[40rem] xl:max-w-[48rem] group final-completion\">\n<div class=\"relative flex w-full flex-col agent-turn\">\n<div class=\"flex-col gap-1 md:gap-3\">\n<div class=\"flex flex-grow flex-col max-w-full\">\n<div class=\"min-h-[20px] text-message flex flex-col items-start gap-3 whitespace-pre-wrap break-words [.text-message+&amp;]:mt-5 overflow-x-auto\" data-message-author-role=\"assistant\" data-message-id=\"d54f5aae-f966-4a26-93d4-91036b03e268\">\n<div class=\"markdown prose w-full break-words dark:prose-invert light\">\n<ul>\n<li>Schr&auml;ge Diamanten f&uuml;r erleichterte Arbeit<\/li>\n<li>Robuste und langlebige Konstruktion, geeignet f&uuml;r schwer zug&auml;ngliche Stellen<\/li>\n<li>Kompatibel mit allen Rotationsh&auml;mmern und Abbruchh&auml;mmern<\/li>\n<li>Mit Rotationsstopp und SDS-plus-Aufnahme<\/li>\n<\/ul>\n<\/div>\n<\/div>\n<\/div>\n<\/div>\n<\/div>\n<\/div>\n<\/div>\n<\/div>\n<\/div>\n<\/div>\n<\/div>\n<\/div>\n<\/header>\n<\/div>\n","protected":false},"excerpt":{"rendered":"<h3>Fugenmei\u00dfel mit Hartmetallz\u00e4hnen, SDS-Befestigung und Kr\u00fcmmung.<\/h3>\n<h5>Besondere Eigenschaften:<\/h5>\n<div class=\"flex-1 overflow-hidden\">\n<div class=\"react-scroll-to-bottom--css-pdclg-79elbk h-full\">\n<div class=\"react-scroll-to-bottom--css-pdclg-1n7m0yu\">\n<div class=\"flex flex-col pb-9 text-sm\">\n<div class=\"w-full text-token-text-primary\" data-testid=\"conversation-turn-209\">\n<div class=\"px-4 py-2 justify-center text-base md:gap-6 m-auto\">\n<div class=\"flex flex-1 text-base mx-auto gap-3 md:px-5 lg:px-1 xl:px-5 md:max-w-3xl lg:max-w-[40rem] xl:max-w-[48rem] group final-completion\">\n<div class=\"relative flex w-full flex-col agent-turn\">\n<div class=\"flex-col gap-1 md:gap-3\">\n<div class=\"flex flex-grow flex-col max-w-full\">\n<div class=\"min-h-[20px] text-message flex flex-col items-start gap-3 whitespace-pre-wrap break-words [.text-message+&amp;]:mt-5 overflow-x-auto\" data-message-author-role=\"assistant\" data-message-id=\"d54f5aae-f966-4a26-93d4-91036b03e268\">\n<div class=\"markdown prose w-full break-words dark:prose-invert light\">\n<ul>\n<li>Schr\u00e4ge Diamanten f\u00fcr erleichterte Arbeit<\/li>\n<li>Robuste und langlebige Konstruktion, geeignet f\u00fcr schwer zug\u00e4ngliche Stellen<\/li>\n<li>Kompatibel mit allen Rotationsh\u00e4mmern und Abbruchh\u00e4mmern<\/li>\n<li>Mit Rotationsstopp und SDS-plus-Aufnahme&amp;lt;\/li&gt;<\/li>\n<\/ul>\n<\/div>\n<p>&lt;\/div&gt;<\/p><\/div>\n<p>&lt;\/div&gt;<\/p><\/div>\n<\/div>\n<\/div>\n<\/div>\n<\/div>\n<\/div>\n<\/div>\n<\/div>\n<\/div>\n<\/div>\n","protected":false},"featured_media":788,"comment_status":"open","ping_status":"closed","template":"","meta":[],"product_brand":[],"product_cat":[647,103],"product_tag":[566,556,604,561,564,2900],"class_list":{"0":"post-1792","1":"product","2":"type-product","3":"status-publish","4":"has-post-thumbnail","6":"product_cat-kapriolen-de","7":"product_cat-mejsler-2-de","8":"product_tag-fugefraeser-de","9":"product_tag-hmsds-de","10":"product_tag-mejsel-de-2","11":"product_tag-musejern-fugefraesning-moertelfuger-byggeri-haandvaerktoej-renovering-vinkelsliber-murerarbejde-praecistvaerktoej-danmark-de","12":"product_tag-sds-de","13":"product_tag-googleads-de","15":"first","16":"instock","17":"taxable","18":"shipping-taxable","19":"purchasable","20":"product-type-simple"},"yoast_head":"<!-- This site is optimized with the Yoast SEO plugin v27.6 - https:\/\/yoast.com\/product\/yoast-seo-wordpress\/ -->\n<title>Fugenmei\u00dfel mit Hartmetallz\u00e4hnen SDS-Befestigung und Kr\u00fcmmung - Murerpoint ApS<\/title>\n<meta name=\"description\" content=\"Fugenmei\u00dfel mit Hartmetallz\u00e4hnen, SDS-Befestigung und deutscher Kr\u00fcmmung \u2013 effizientes Entfernen von M\u00f6rtel auch an schwer zug\u00e4nglichen Stellen.\" \/>\n<meta name=\"robots\" content=\"index, follow, max-snippet:-1, max-image-preview:large, max-video-preview:-1\" \/>\n<link rel=\"canonical\" href=\"https:\/\/murerpoint.dk\/de\/produkt\/fugenmeissel-mit-hartmetallzaehnen-sds-befestigung-und-kruemmung\/\" \/>\n<meta property=\"og:locale\" content=\"de_DE\" \/>\n<meta property=\"og:type\" content=\"article\" \/>\n<meta property=\"og:title\" content=\"Fugenmei\u00dfel mit Hartmetallz\u00e4hnen SDS-Befestigung und Kr\u00fcmmung - Murerpoint ApS\" \/>\n<meta property=\"og:description\" content=\"Fugenmei\u00dfel mit Hartmetallz\u00e4hnen, SDS-Befestigung und deutscher Kr\u00fcmmung \u2013 effizientes Entfernen von M\u00f6rtel auch an schwer zug\u00e4nglichen Stellen.\" \/>\n<meta property=\"og:url\" content=\"https:\/\/murerpoint.dk\/de\/produkt\/fugenmeissel-mit-hartmetallzaehnen-sds-befestigung-und-kruemmung\/\" \/>\n<meta property=\"og:site_name\" content=\"Murerpoint ApS\" \/>\n<meta property=\"article:publisher\" content=\"https:\/\/m.facebook.com\/profile.php?id=61555157262134\" \/>\n<meta property=\"article:modified_time\" content=\"2024-03-21T08:38:35+00:00\" \/>\n<meta property=\"og:image\" content=\"https:\/\/murerpoint.dk\/wp-content\/uploads\/2024\/01\/fugemejsel-krumspring-i-haardmetal-front.png\" \/>\n\t<meta property=\"og:image:width\" content=\"433\" \/>\n\t<meta property=\"og:image:height\" content=\"577\" \/>\n\t<meta property=\"og:image:type\" content=\"image\/png\" \/>\n<meta name=\"twitter:card\" content=\"summary_large_image\" \/>\n<meta name=\"twitter:label1\" content=\"Preis\" \/>\n\t<meta name=\"twitter:data1\" content=\"&euro;45.04 Pris ekskl. moms: &euro;36.03\" \/>\n\t<meta name=\"twitter:label2\" content=\"Verf\u00fcgbarkeit\" \/>\n\t<meta name=\"twitter:data2\" content=\"Auf Lager\" \/>\n<script type=\"application\/ld+json\" class=\"yoast-schema-graph\">{\"@context\":\"https:\\\/\\\/schema.org\",\"@graph\":[{\"@type\":\"WebPage\",\"@id\":\"https:\\\/\\\/murerpoint.dk\\\/de\\\/produkt\\\/fugenmeissel-mit-hartmetallzaehnen-sds-befestigung-und-kruemmung\\\/\",\"url\":\"https:\\\/\\\/murerpoint.dk\\\/de\\\/produkt\\\/fugenmeissel-mit-hartmetallzaehnen-sds-befestigung-und-kruemmung\\\/\",\"name\":\"Fugenmei\u00dfel mit Hartmetallz\u00e4hnen SDS-Befestigung und Kr\u00fcmmung - Murerpoint ApS\",\"isPartOf\":{\"@id\":\"https:\\\/\\\/murerpoint.dk\\\/de\\\/#website\"},\"primaryImageOfPage\":{\"@id\":\"https:\\\/\\\/murerpoint.dk\\\/de\\\/produkt\\\/fugenmeissel-mit-hartmetallzaehnen-sds-befestigung-und-kruemmung\\\/#primaryimage\"},\"image\":{\"@id\":\"https:\\\/\\\/murerpoint.dk\\\/de\\\/produkt\\\/fugenmeissel-mit-hartmetallzaehnen-sds-befestigung-und-kruemmung\\\/#primaryimage\"},\"thumbnailUrl\":\"https:\\\/\\\/murerpoint.dk\\\/wp-content\\\/uploads\\\/2024\\\/01\\\/fugemejsel-krumspring-i-haardmetal-front.png\",\"datePublished\":\"2024-01-22T08:14:30+00:00\",\"dateModified\":\"2024-03-21T08:38:35+00:00\",\"description\":\"Fugenmei\u00dfel mit Hartmetallz\u00e4hnen, SDS-Befestigung und deutscher Kr\u00fcmmung \u2013 effizientes Entfernen von M\u00f6rtel auch an schwer zug\u00e4nglichen Stellen.\",\"breadcrumb\":{\"@id\":\"https:\\\/\\\/murerpoint.dk\\\/de\\\/produkt\\\/fugenmeissel-mit-hartmetallzaehnen-sds-befestigung-und-kruemmung\\\/#breadcrumb\"},\"inLanguage\":\"de\",\"potentialAction\":[{\"@type\":\"ReadAction\",\"target\":[\"https:\\\/\\\/murerpoint.dk\\\/de\\\/produkt\\\/fugenmeissel-mit-hartmetallzaehnen-sds-befestigung-und-kruemmung\\\/\"]}]},{\"@type\":\"ImageObject\",\"inLanguage\":\"de\",\"@id\":\"https:\\\/\\\/murerpoint.dk\\\/de\\\/produkt\\\/fugenmeissel-mit-hartmetallzaehnen-sds-befestigung-und-kruemmung\\\/#primaryimage\",\"url\":\"https:\\\/\\\/murerpoint.dk\\\/wp-content\\\/uploads\\\/2024\\\/01\\\/fugemejsel-krumspring-i-haardmetal-front.png\",\"contentUrl\":\"https:\\\/\\\/murerpoint.dk\\\/wp-content\\\/uploads\\\/2024\\\/01\\\/fugemejsel-krumspring-i-haardmetal-front.png\",\"width\":433,\"height\":577,\"caption\":\"Til fjernelse af m\u00f8rtel mellem mursten \u00b7 Krumning p\u00e5 mejslen sikrer effektiv fjernelse af materiale og forhindrer, at mejslen s\u00e6tter sig fast i fugen\"},{\"@type\":\"BreadcrumbList\",\"@id\":\"https:\\\/\\\/murerpoint.dk\\\/de\\\/produkt\\\/fugenmeissel-mit-hartmetallzaehnen-sds-befestigung-und-kruemmung\\\/#breadcrumb\",\"itemListElement\":[{\"@type\":\"ListItem\",\"position\":1,\"name\":\"Hjem\",\"item\":\"https:\\\/\\\/murerpoint.dk\\\/de\\\/\"},{\"@type\":\"ListItem\",\"position\":2,\"name\":\"SHOPPEN\",\"item\":\"https:\\\/\\\/murerpoint.dk\\\/de\\\/shoppen\\\/\"},{\"@type\":\"ListItem\",\"position\":3,\"name\":\"Fugenmei\u00dfel mit Hartmetallz\u00e4hnen SDS-Befestigung und Kr\u00fcmmung\"}]},{\"@type\":\"WebSite\",\"@id\":\"https:\\\/\\\/murerpoint.dk\\\/de\\\/#website\",\"url\":\"https:\\\/\\\/murerpoint.dk\\\/de\\\/\",\"name\":\"Murerpoint\",\"description\":\"kvalitets v\u00e6rkt\u00f8j\",\"publisher\":{\"@id\":\"https:\\\/\\\/murerpoint.dk\\\/de\\\/#organization\"},\"potentialAction\":[{\"@type\":\"SearchAction\",\"target\":{\"@type\":\"EntryPoint\",\"urlTemplate\":\"https:\\\/\\\/murerpoint.dk\\\/de\\\/?s={search_term_string}\"},\"query-input\":{\"@type\":\"PropertyValueSpecification\",\"valueRequired\":true,\"valueName\":\"search_term_string\"}}],\"inLanguage\":\"de\"},{\"@type\":\"Organization\",\"@id\":\"https:\\\/\\\/murerpoint.dk\\\/de\\\/#organization\",\"name\":\"Murerpoint ApS\",\"url\":\"https:\\\/\\\/murerpoint.dk\\\/de\\\/\",\"logo\":{\"@type\":\"ImageObject\",\"inLanguage\":\"de\",\"@id\":\"https:\\\/\\\/murerpoint.dk\\\/de\\\/#\\\/schema\\\/logo\\\/image\\\/\",\"url\":\"https:\\\/\\\/murerpoint.dk\\\/wp-content\\\/uploads\\\/2023\\\/12\\\/cropped-Sort-Midt-Roed-Mursten.png\",\"contentUrl\":\"https:\\\/\\\/murerpoint.dk\\\/wp-content\\\/uploads\\\/2023\\\/12\\\/cropped-Sort-Midt-Roed-Mursten.png\",\"width\":512,\"height\":512,\"caption\":\"Murerpoint ApS\"},\"image\":{\"@id\":\"https:\\\/\\\/murerpoint.dk\\\/de\\\/#\\\/schema\\\/logo\\\/image\\\/\"},\"sameAs\":[\"https:\\\/\\\/m.facebook.com\\\/profile.php?id=61555157262134\",\"https:\\\/\\\/www.instagram.com\\\/murerpoint?igsh=azluMWV6cTnc2ts&utm_source=qr\",\"https:\\\/\\\/www.tiktok.com\\\/@murerpoint?is_from_webapp=1&sender_device=pc\"]}]}<\/script>\n<meta property=\"product:price:amount\" content=\"45.04\" \/>\n<meta property=\"product:price:currency\" content=\"EUR\" \/>\n<meta property=\"og:availability\" content=\"instock\" \/>\n<meta property=\"product:availability\" content=\"instock\" \/>\n<meta property=\"product:retailer_item_id\" content=\"mp0019\" \/>\n<meta property=\"product:condition\" content=\"new\" \/>\n<!-- \/ Yoast SEO plugin. -->","yoast_head_json":{"title":"Fugenmei\u00dfel mit Hartmetallz\u00e4hnen SDS-Befestigung und Kr\u00fcmmung - Murerpoint ApS","description":"Fugenmei\u00dfel mit Hartmetallz\u00e4hnen, SDS-Befestigung und deutscher Kr\u00fcmmung \u2013 effizientes Entfernen von M\u00f6rtel auch an schwer zug\u00e4nglichen Stellen.","robots":{"index":"index","follow":"follow","max-snippet":"max-snippet:-1","max-image-preview":"max-image-preview:large","max-video-preview":"max-video-preview:-1"},"canonical":"https:\/\/murerpoint.dk\/de\/produkt\/fugenmeissel-mit-hartmetallzaehnen-sds-befestigung-und-kruemmung\/","og_locale":"de_DE","og_type":"article","og_title":"Fugenmei\u00dfel mit Hartmetallz\u00e4hnen SDS-Befestigung und Kr\u00fcmmung - Murerpoint ApS","og_description":"Fugenmei\u00dfel mit Hartmetallz\u00e4hnen, SDS-Befestigung und deutscher Kr\u00fcmmung \u2013 effizientes Entfernen von M\u00f6rtel auch an schwer zug\u00e4nglichen Stellen.","og_url":"https:\/\/murerpoint.dk\/de\/produkt\/fugenmeissel-mit-hartmetallzaehnen-sds-befestigung-und-kruemmung\/","og_site_name":"Murerpoint ApS","article_publisher":"https:\/\/m.facebook.com\/profile.php?id=61555157262134","article_modified_time":"2024-03-21T08:38:35+00:00","og_image":[{"width":433,"height":577,"url":"https:\/\/murerpoint.dk\/wp-content\/uploads\/2024\/01\/fugemejsel-krumspring-i-haardmetal-front.png","type":"image\/png"}],"twitter_card":"summary_large_image","twitter_misc":{"Preis":"&euro;45.04 Pris ekskl. moms: &euro;36.03","Verf\u00fcgbarkeit":"Auf Lager"},"schema":{"@context":"https:\/\/schema.org","@graph":[{"@type":"WebPage","@id":"https:\/\/murerpoint.dk\/de\/produkt\/fugenmeissel-mit-hartmetallzaehnen-sds-befestigung-und-kruemmung\/","url":"https:\/\/murerpoint.dk\/de\/produkt\/fugenmeissel-mit-hartmetallzaehnen-sds-befestigung-und-kruemmung\/","name":"Fugenmei\u00dfel mit Hartmetallz\u00e4hnen SDS-Befestigung und Kr\u00fcmmung - Murerpoint ApS","isPartOf":{"@id":"https:\/\/murerpoint.dk\/de\/#website"},"primaryImageOfPage":{"@id":"https:\/\/murerpoint.dk\/de\/produkt\/fugenmeissel-mit-hartmetallzaehnen-sds-befestigung-und-kruemmung\/#primaryimage"},"image":{"@id":"https:\/\/murerpoint.dk\/de\/produkt\/fugenmeissel-mit-hartmetallzaehnen-sds-befestigung-und-kruemmung\/#primaryimage"},"thumbnailUrl":"https:\/\/murerpoint.dk\/wp-content\/uploads\/2024\/01\/fugemejsel-krumspring-i-haardmetal-front.png","datePublished":"2024-01-22T08:14:30+00:00","dateModified":"2024-03-21T08:38:35+00:00","description":"Fugenmei\u00dfel mit Hartmetallz\u00e4hnen, SDS-Befestigung und deutscher Kr\u00fcmmung \u2013 effizientes Entfernen von M\u00f6rtel auch an schwer zug\u00e4nglichen Stellen.","breadcrumb":{"@id":"https:\/\/murerpoint.dk\/de\/produkt\/fugenmeissel-mit-hartmetallzaehnen-sds-befestigung-und-kruemmung\/#breadcrumb"},"inLanguage":"de","potentialAction":[{"@type":"ReadAction","target":["https:\/\/murerpoint.dk\/de\/produkt\/fugenmeissel-mit-hartmetallzaehnen-sds-befestigung-und-kruemmung\/"]}]},{"@type":"ImageObject","inLanguage":"de","@id":"https:\/\/murerpoint.dk\/de\/produkt\/fugenmeissel-mit-hartmetallzaehnen-sds-befestigung-und-kruemmung\/#primaryimage","url":"https:\/\/murerpoint.dk\/wp-content\/uploads\/2024\/01\/fugemejsel-krumspring-i-haardmetal-front.png","contentUrl":"https:\/\/murerpoint.dk\/wp-content\/uploads\/2024\/01\/fugemejsel-krumspring-i-haardmetal-front.png","width":433,"height":577,"caption":"Til fjernelse af m\u00f8rtel mellem mursten \u00b7 Krumning p\u00e5 mejslen sikrer effektiv fjernelse af materiale og forhindrer, at mejslen s\u00e6tter sig fast i fugen"},{"@type":"BreadcrumbList","@id":"https:\/\/murerpoint.dk\/de\/produkt\/fugenmeissel-mit-hartmetallzaehnen-sds-befestigung-und-kruemmung\/#breadcrumb","itemListElement":[{"@type":"ListItem","position":1,"name":"Hjem","item":"https:\/\/murerpoint.dk\/de\/"},{"@type":"ListItem","position":2,"name":"SHOPPEN","item":"https:\/\/murerpoint.dk\/de\/shoppen\/"},{"@type":"ListItem","position":3,"name":"Fugenmei\u00dfel mit Hartmetallz\u00e4hnen SDS-Befestigung und Kr\u00fcmmung"}]},{"@type":"WebSite","@id":"https:\/\/murerpoint.dk\/de\/#website","url":"https:\/\/murerpoint.dk\/de\/","name":"Murerpoint","description":"kvalitets v\u00e6rkt\u00f8j","publisher":{"@id":"https:\/\/murerpoint.dk\/de\/#organization"},"potentialAction":[{"@type":"SearchAction","target":{"@type":"EntryPoint","urlTemplate":"https:\/\/murerpoint.dk\/de\/?s={search_term_string}"},"query-input":{"@type":"PropertyValueSpecification","valueRequired":true,"valueName":"search_term_string"}}],"inLanguage":"de"},{"@type":"Organization","@id":"https:\/\/murerpoint.dk\/de\/#organization","name":"Murerpoint ApS","url":"https:\/\/murerpoint.dk\/de\/","logo":{"@type":"ImageObject","inLanguage":"de","@id":"https:\/\/murerpoint.dk\/de\/#\/schema\/logo\/image\/","url":"https:\/\/murerpoint.dk\/wp-content\/uploads\/2023\/12\/cropped-Sort-Midt-Roed-Mursten.png","contentUrl":"https:\/\/murerpoint.dk\/wp-content\/uploads\/2023\/12\/cropped-Sort-Midt-Roed-Mursten.png","width":512,"height":512,"caption":"Murerpoint ApS"},"image":{"@id":"https:\/\/murerpoint.dk\/de\/#\/schema\/logo\/image\/"},"sameAs":["https:\/\/m.facebook.com\/profile.php?id=61555157262134","https:\/\/www.instagram.com\/murerpoint?igsh=azluMWV6cTnc2ts&utm_source=qr","https:\/\/www.tiktok.com\/@murerpoint?is_from_webapp=1&sender_device=pc"]}]},"product_price_amount":"45.04","product_price_currency":"EUR","og_availability":"instock","product_availability":"instock","product_retailer_item_id":"mp0019","product_condition":"new"},"_links":{"self":[{"href":"https:\/\/murerpoint.dk\/de\/wp-json\/wp\/v2\/product\/1792","targetHints":{"allow":["GET"]}}],"collection":[{"href":"https:\/\/murerpoint.dk\/de\/wp-json\/wp\/v2\/product"}],"about":[{"href":"https:\/\/murerpoint.dk\/de\/wp-json\/wp\/v2\/types\/product"}],"replies":[{"embeddable":true,"href":"https:\/\/murerpoint.dk\/de\/wp-json\/wp\/v2\/comments?post=1792"}],"wp:featuredmedia":[{"embeddable":true,"href":"https:\/\/murerpoint.dk\/de\/wp-json\/wp\/v2\/media\/788"}],"wp:attachment":[{"href":"https:\/\/murerpoint.dk\/de\/wp-json\/wp\/v2\/media?parent=1792"}],"wp:term":[{"taxonomy":"product_brand","embeddable":true,"href":"https:\/\/murerpoint.dk\/de\/wp-json\/wp\/v2\/product_brand?post=1792"},{"taxonomy":"product_cat","embeddable":true,"href":"https:\/\/murerpoint.dk\/de\/wp-json\/wp\/v2\/product_cat?post=1792"},{"taxonomy":"product_tag","embeddable":true,"href":"https:\/\/murerpoint.dk\/de\/wp-json\/wp\/v2\/product_tag?post=1792"}],"curies":[{"name":"wp","href":"https:\/\/api.w.org\/{rel}","templated":true}]}}