{"id":1803,"date":"2024-01-19T14:33:59","date_gmt":"2024-01-19T14:33:59","guid":{"rendered":"https:\/\/murerpoint.dk\/product\/sds-plus-hardmetalen-beitel-32x133mm\/"},"modified":"2024-03-21T08:40:54","modified_gmt":"2024-03-21T08:40:54","slug":"fugenmeissel-sds-plus-mit-hartmetall-32x133mm","status":"publish","type":"product","link":"https:\/\/murerpoint.dk\/de\/produkt\/fugenmeissel-sds-plus-mit-hartmetall-32x133mm\/","title":{"rendered":"Fugenmei\u00dfel SDS-Plus mit Hartmetall 32x133mm"},"content":{"rendered":"<?xml encoding=\"utf-8\" ?><div class=\"product__header\" data-v-6044caef=\"\">\n<h1 id=\"videoly-product-title\" class=\"text-blue font-bold text-size-6 md:text-size-8 lg:text-size-9\">Fugenmei&szlig;el SDS-Plus mit Hartmetall 32x133mm<\/h1>\n<\/div><div class=\"product__description\" data-v-6044caef=\"\">\n<p>Fugenmei&szlig;el, gebruikt voor beton en metselwerk. De beitel is geschikt voor doorbraken en verwijdering van beton, licht sloopwerk en het beitelen van kanalen, inclusief leidingen. Onze korte voegbeitel heeft schuine diamanten aan het einde, zodat het materiaal naar buiten wordt geduwd. Het maakt het werk met deze voegbeitel gemakkelijker en lichter.<\/p>\n<p>Koop deze mooie voegbeitel hier voor een betaalbare prijs!<\/p>\n<h4 id=\"videoly-product-title\" class=\"text-blue font-bold text-size-6 md:text-size-8 lg:text-size-9\">Fugenmei&szlig;el Kan worden gebruikt op zowel beton als metselwerk.<\/h4>\n<ul>\n<li>Geeignet f&uuml;r Durchbr&uuml;che, Abriss von Beton, leichtere Abbrucharbeiten.<\/li>\n<li>Geeignet f&uuml;r das Mei&szlig;eln von Kan&auml;len f&uuml;r Leitungen und mehr.<\/li>\n<li>Schr&auml;ge Diamanten am Ende, wodurch die Arbeit erleichtert wird, da das Material nach au&szlig;en gedr&uuml;ckt wird.<\/li>\n<li>Robust und langlebig.<\/li>\n<\/ul>\n<h4 id=\"videoly-product-title\" class=\"text-blue font-bold text-size-6 md:text-size-8 lg:text-size-9\">Fugenmei&szlig;el SDS plus halter:<\/h4>\n<p>Mit Schnittkanten aus Wolframkarbid f&uuml;r eine lange Haltbarkeit. Der Mei&szlig;el ist f&uuml;r den Einsatz in M&ouml;rtel und Ziegel gedacht, zur Entfernung von Putz und Renovierung von M&ouml;rtel in Mauerwerk.<\/p>\n<p>Kann verwendet werden mit allen Bohrh&auml;mmern und Mei&szlig;elh&auml;mmern mit Rotationssperre und SDS-plus-Halter oder in einer SDS-plus-Mei&szlig;elvorrichtung.<\/p>\n<\/div>\n","protected":false},"excerpt":{"rendered":"<h4 id=\"videoly-product-title\" class=\"text-blue font-bold text-size-6 md:text-size-8 lg:text-size-9\">Fugenmei\u00dfel SDS-Plus mit Hartmetall 32x133mm Kan worden gebruikt op zowel beton als metselwerk.<\/h4>\n<ul>\n<li>Geeignet f\u00fcr Durchbr\u00fcche, Abriss von Beton, leichtere Abbrucharbeiten.<\/li>\n<li>Geeignet f\u00fcr das Mei\u00dfeln von Kan\u00e4len f\u00fcr Leitungen und mehr.<\/li>\n<li>Schr\u00e4ge Diamanten am Ende, wodurch die Arbeit erleichtert wird, da das Material nach au\u00dfen gedr\u00fcckt wird.<\/li>\n<li>Robust und langlebig.<\/li>\n<\/ul>\n","protected":false},"featured_media":762,"comment_status":"open","ping_status":"closed","template":"","meta":[],"product_brand":[],"product_cat":[643,103],"product_tag":[556,604,561,564,2900],"class_list":{"0":"post-1803","1":"product","2":"type-product","3":"status-publish","4":"has-post-thumbnail","6":"product_cat-kurz","7":"product_cat-mejsler-2-de","8":"product_tag-hmsds-de","9":"product_tag-mejsel-de-2","10":"product_tag-musejern-fugefraesning-moertelfuger-byggeri-haandvaerktoej-renovering-vinkelsliber-murerarbejde-praecistvaerktoej-danmark-de","11":"product_tag-sds-de","12":"product_tag-googleads-de","14":"first","15":"instock","16":"taxable","17":"shipping-taxable","18":"purchasable","19":"product-type-simple"},"yoast_head":"<!-- This site is optimized with the Yoast SEO plugin v27.6 - https:\/\/yoast.com\/product\/yoast-seo-wordpress\/ -->\n<title>Fugenmei\u00dfel SDS-Plus mit Hartmetall 32x133mm - Murerpoint ApS<\/title>\n<meta name=\"description\" content=\"Fugenmei\u00dfel SDS-Plus mit Hartmetall 32x133mm Mit Schneidkanten f\u00fcr eine lange Haltbarkeit. Der Mei\u00dfel ist f\u00fcr M\u00f6rtel, Ziegel und mehr vorgesehen.\" \/>\n<meta name=\"robots\" content=\"index, follow, max-snippet:-1, max-image-preview:large, max-video-preview:-1\" \/>\n<link rel=\"canonical\" href=\"https:\/\/murerpoint.dk\/de\/produkt\/fugenmeissel-sds-plus-mit-hartmetall-32x133mm\/\" \/>\n<meta property=\"og:locale\" content=\"de_DE\" \/>\n<meta property=\"og:type\" content=\"article\" \/>\n<meta property=\"og:title\" content=\"Fugenmei\u00dfel SDS-Plus mit Hartmetall 32x133mm - Murerpoint ApS\" \/>\n<meta property=\"og:description\" content=\"Fugenmei\u00dfel SDS-Plus mit Hartmetall 32x133mm Mit Schneidkanten f\u00fcr eine lange Haltbarkeit. Der Mei\u00dfel ist f\u00fcr M\u00f6rtel, Ziegel und mehr vorgesehen.\" \/>\n<meta property=\"og:url\" content=\"https:\/\/murerpoint.dk\/de\/produkt\/fugenmeissel-sds-plus-mit-hartmetall-32x133mm\/\" \/>\n<meta property=\"og:site_name\" content=\"Murerpoint ApS\" \/>\n<meta property=\"article:publisher\" content=\"https:\/\/m.facebook.com\/profile.php?id=61555157262134\" \/>\n<meta property=\"article:modified_time\" content=\"2024-03-21T08:40:54+00:00\" \/>\n<meta property=\"og:image\" content=\"https:\/\/murerpoint.dk\/wp-content\/uploads\/2024\/01\/Fugemejsel-Kort-SDS-32133-mm-frontpage.png\" \/>\n\t<meta property=\"og:image:width\" content=\"3024\" \/>\n\t<meta property=\"og:image:height\" content=\"4032\" \/>\n\t<meta property=\"og:image:type\" content=\"image\/png\" \/>\n<meta name=\"twitter:card\" content=\"summary_large_image\" \/>\n<meta name=\"twitter:label1\" content=\"Preis\" \/>\n\t<meta name=\"twitter:data1\" content=\"&euro;31.99 Pris ekskl. moms: &euro;25.59\" \/>\n\t<meta name=\"twitter:label2\" content=\"Verf\u00fcgbarkeit\" \/>\n\t<meta name=\"twitter:data2\" content=\"Auf Lager\" \/>\n<script type=\"application\/ld+json\" class=\"yoast-schema-graph\">{\"@context\":\"https:\\\/\\\/schema.org\",\"@graph\":[{\"@type\":\"WebPage\",\"@id\":\"https:\\\/\\\/murerpoint.dk\\\/de\\\/produkt\\\/fugenmeissel-sds-plus-mit-hartmetall-32x133mm\\\/\",\"url\":\"https:\\\/\\\/murerpoint.dk\\\/de\\\/produkt\\\/fugenmeissel-sds-plus-mit-hartmetall-32x133mm\\\/\",\"name\":\"Fugenmei\u00dfel SDS-Plus mit Hartmetall 32x133mm - Murerpoint ApS\",\"isPartOf\":{\"@id\":\"https:\\\/\\\/murerpoint.dk\\\/de\\\/#website\"},\"primaryImageOfPage\":{\"@id\":\"https:\\\/\\\/murerpoint.dk\\\/de\\\/produkt\\\/fugenmeissel-sds-plus-mit-hartmetall-32x133mm\\\/#primaryimage\"},\"image\":{\"@id\":\"https:\\\/\\\/murerpoint.dk\\\/de\\\/produkt\\\/fugenmeissel-sds-plus-mit-hartmetall-32x133mm\\\/#primaryimage\"},\"thumbnailUrl\":\"https:\\\/\\\/murerpoint.dk\\\/wp-content\\\/uploads\\\/2024\\\/01\\\/Fugemejsel-Kort-SDS-32133-mm-frontpage.png\",\"datePublished\":\"2024-01-19T14:33:59+00:00\",\"dateModified\":\"2024-03-21T08:40:54+00:00\",\"description\":\"Fugenmei\u00dfel SDS-Plus mit Hartmetall 32x133mm Mit Schneidkanten f\u00fcr eine lange Haltbarkeit. Der Mei\u00dfel ist f\u00fcr M\u00f6rtel, Ziegel und mehr vorgesehen.\",\"breadcrumb\":{\"@id\":\"https:\\\/\\\/murerpoint.dk\\\/de\\\/produkt\\\/fugenmeissel-sds-plus-mit-hartmetall-32x133mm\\\/#breadcrumb\"},\"inLanguage\":\"de\",\"potentialAction\":[{\"@type\":\"ReadAction\",\"target\":[\"https:\\\/\\\/murerpoint.dk\\\/de\\\/produkt\\\/fugenmeissel-sds-plus-mit-hartmetall-32x133mm\\\/\"]}]},{\"@type\":\"ImageObject\",\"inLanguage\":\"de\",\"@id\":\"https:\\\/\\\/murerpoint.dk\\\/de\\\/produkt\\\/fugenmeissel-sds-plus-mit-hartmetall-32x133mm\\\/#primaryimage\",\"url\":\"https:\\\/\\\/murerpoint.dk\\\/wp-content\\\/uploads\\\/2024\\\/01\\\/Fugemejsel-Kort-SDS-32133-mm-frontpage.png\",\"contentUrl\":\"https:\\\/\\\/murerpoint.dk\\\/wp-content\\\/uploads\\\/2024\\\/01\\\/Fugemejsel-Kort-SDS-32133-mm-frontpage.png\",\"width\":3024,\"height\":4032,\"caption\":\"Fugemejsel Kort SDS 32133 mm\"},{\"@type\":\"BreadcrumbList\",\"@id\":\"https:\\\/\\\/murerpoint.dk\\\/de\\\/produkt\\\/fugenmeissel-sds-plus-mit-hartmetall-32x133mm\\\/#breadcrumb\",\"itemListElement\":[{\"@type\":\"ListItem\",\"position\":1,\"name\":\"Hjem\",\"item\":\"https:\\\/\\\/murerpoint.dk\\\/de\\\/\"},{\"@type\":\"ListItem\",\"position\":2,\"name\":\"SHOPPEN\",\"item\":\"https:\\\/\\\/murerpoint.dk\\\/de\\\/shoppen\\\/\"},{\"@type\":\"ListItem\",\"position\":3,\"name\":\"Fugenmei\u00dfel SDS-Plus mit Hartmetall 32x133mm\"}]},{\"@type\":\"WebSite\",\"@id\":\"https:\\\/\\\/murerpoint.dk\\\/de\\\/#website\",\"url\":\"https:\\\/\\\/murerpoint.dk\\\/de\\\/\",\"name\":\"Murerpoint\",\"description\":\"kvalitets v\u00e6rkt\u00f8j\",\"publisher\":{\"@id\":\"https:\\\/\\\/murerpoint.dk\\\/de\\\/#organization\"},\"potentialAction\":[{\"@type\":\"SearchAction\",\"target\":{\"@type\":\"EntryPoint\",\"urlTemplate\":\"https:\\\/\\\/murerpoint.dk\\\/de\\\/?s={search_term_string}\"},\"query-input\":{\"@type\":\"PropertyValueSpecification\",\"valueRequired\":true,\"valueName\":\"search_term_string\"}}],\"inLanguage\":\"de\"},{\"@type\":\"Organization\",\"@id\":\"https:\\\/\\\/murerpoint.dk\\\/de\\\/#organization\",\"name\":\"Murerpoint ApS\",\"url\":\"https:\\\/\\\/murerpoint.dk\\\/de\\\/\",\"logo\":{\"@type\":\"ImageObject\",\"inLanguage\":\"de\",\"@id\":\"https:\\\/\\\/murerpoint.dk\\\/de\\\/#\\\/schema\\\/logo\\\/image\\\/\",\"url\":\"https:\\\/\\\/murerpoint.dk\\\/wp-content\\\/uploads\\\/2023\\\/12\\\/cropped-Sort-Midt-Roed-Mursten.png\",\"contentUrl\":\"https:\\\/\\\/murerpoint.dk\\\/wp-content\\\/uploads\\\/2023\\\/12\\\/cropped-Sort-Midt-Roed-Mursten.png\",\"width\":512,\"height\":512,\"caption\":\"Murerpoint ApS\"},\"image\":{\"@id\":\"https:\\\/\\\/murerpoint.dk\\\/de\\\/#\\\/schema\\\/logo\\\/image\\\/\"},\"sameAs\":[\"https:\\\/\\\/m.facebook.com\\\/profile.php?id=61555157262134\",\"https:\\\/\\\/www.instagram.com\\\/murerpoint?igsh=azluMWV6cTnc2ts&utm_source=qr\",\"https:\\\/\\\/www.tiktok.com\\\/@murerpoint?is_from_webapp=1&sender_device=pc\"]}]}<\/script>\n<meta property=\"product:price:amount\" content=\"31.99\" \/>\n<meta property=\"product:price:currency\" content=\"EUR\" \/>\n<meta property=\"og:availability\" content=\"instock\" \/>\n<meta property=\"product:availability\" content=\"instock\" \/>\n<meta property=\"product:retailer_item_id\" content=\"mp0018\" \/>\n<meta property=\"product:condition\" content=\"new\" \/>\n<!-- \/ Yoast SEO plugin. -->","yoast_head_json":{"title":"Fugenmei\u00dfel SDS-Plus mit Hartmetall 32x133mm - Murerpoint ApS","description":"Fugenmei\u00dfel SDS-Plus mit Hartmetall 32x133mm Mit Schneidkanten f\u00fcr eine lange Haltbarkeit. Der Mei\u00dfel ist f\u00fcr M\u00f6rtel, Ziegel und mehr vorgesehen.","robots":{"index":"index","follow":"follow","max-snippet":"max-snippet:-1","max-image-preview":"max-image-preview:large","max-video-preview":"max-video-preview:-1"},"canonical":"https:\/\/murerpoint.dk\/de\/produkt\/fugenmeissel-sds-plus-mit-hartmetall-32x133mm\/","og_locale":"de_DE","og_type":"article","og_title":"Fugenmei\u00dfel SDS-Plus mit Hartmetall 32x133mm - Murerpoint ApS","og_description":"Fugenmei\u00dfel SDS-Plus mit Hartmetall 32x133mm Mit Schneidkanten f\u00fcr eine lange Haltbarkeit. Der Mei\u00dfel ist f\u00fcr M\u00f6rtel, Ziegel und mehr vorgesehen.","og_url":"https:\/\/murerpoint.dk\/de\/produkt\/fugenmeissel-sds-plus-mit-hartmetall-32x133mm\/","og_site_name":"Murerpoint ApS","article_publisher":"https:\/\/m.facebook.com\/profile.php?id=61555157262134","article_modified_time":"2024-03-21T08:40:54+00:00","og_image":[{"width":3024,"height":4032,"url":"https:\/\/murerpoint.dk\/wp-content\/uploads\/2024\/01\/Fugemejsel-Kort-SDS-32133-mm-frontpage.png","type":"image\/png"}],"twitter_card":"summary_large_image","twitter_misc":{"Preis":"&euro;31.99 Pris ekskl. moms: &euro;25.59","Verf\u00fcgbarkeit":"Auf Lager"},"schema":{"@context":"https:\/\/schema.org","@graph":[{"@type":"WebPage","@id":"https:\/\/murerpoint.dk\/de\/produkt\/fugenmeissel-sds-plus-mit-hartmetall-32x133mm\/","url":"https:\/\/murerpoint.dk\/de\/produkt\/fugenmeissel-sds-plus-mit-hartmetall-32x133mm\/","name":"Fugenmei\u00dfel SDS-Plus mit Hartmetall 32x133mm - Murerpoint ApS","isPartOf":{"@id":"https:\/\/murerpoint.dk\/de\/#website"},"primaryImageOfPage":{"@id":"https:\/\/murerpoint.dk\/de\/produkt\/fugenmeissel-sds-plus-mit-hartmetall-32x133mm\/#primaryimage"},"image":{"@id":"https:\/\/murerpoint.dk\/de\/produkt\/fugenmeissel-sds-plus-mit-hartmetall-32x133mm\/#primaryimage"},"thumbnailUrl":"https:\/\/murerpoint.dk\/wp-content\/uploads\/2024\/01\/Fugemejsel-Kort-SDS-32133-mm-frontpage.png","datePublished":"2024-01-19T14:33:59+00:00","dateModified":"2024-03-21T08:40:54+00:00","description":"Fugenmei\u00dfel SDS-Plus mit Hartmetall 32x133mm Mit Schneidkanten f\u00fcr eine lange Haltbarkeit. Der Mei\u00dfel ist f\u00fcr M\u00f6rtel, Ziegel und mehr vorgesehen.","breadcrumb":{"@id":"https:\/\/murerpoint.dk\/de\/produkt\/fugenmeissel-sds-plus-mit-hartmetall-32x133mm\/#breadcrumb"},"inLanguage":"de","potentialAction":[{"@type":"ReadAction","target":["https:\/\/murerpoint.dk\/de\/produkt\/fugenmeissel-sds-plus-mit-hartmetall-32x133mm\/"]}]},{"@type":"ImageObject","inLanguage":"de","@id":"https:\/\/murerpoint.dk\/de\/produkt\/fugenmeissel-sds-plus-mit-hartmetall-32x133mm\/#primaryimage","url":"https:\/\/murerpoint.dk\/wp-content\/uploads\/2024\/01\/Fugemejsel-Kort-SDS-32133-mm-frontpage.png","contentUrl":"https:\/\/murerpoint.dk\/wp-content\/uploads\/2024\/01\/Fugemejsel-Kort-SDS-32133-mm-frontpage.png","width":3024,"height":4032,"caption":"Fugemejsel Kort SDS 32133 mm"},{"@type":"BreadcrumbList","@id":"https:\/\/murerpoint.dk\/de\/produkt\/fugenmeissel-sds-plus-mit-hartmetall-32x133mm\/#breadcrumb","itemListElement":[{"@type":"ListItem","position":1,"name":"Hjem","item":"https:\/\/murerpoint.dk\/de\/"},{"@type":"ListItem","position":2,"name":"SHOPPEN","item":"https:\/\/murerpoint.dk\/de\/shoppen\/"},{"@type":"ListItem","position":3,"name":"Fugenmei\u00dfel SDS-Plus mit Hartmetall 32x133mm"}]},{"@type":"WebSite","@id":"https:\/\/murerpoint.dk\/de\/#website","url":"https:\/\/murerpoint.dk\/de\/","name":"Murerpoint","description":"kvalitets v\u00e6rkt\u00f8j","publisher":{"@id":"https:\/\/murerpoint.dk\/de\/#organization"},"potentialAction":[{"@type":"SearchAction","target":{"@type":"EntryPoint","urlTemplate":"https:\/\/murerpoint.dk\/de\/?s={search_term_string}"},"query-input":{"@type":"PropertyValueSpecification","valueRequired":true,"valueName":"search_term_string"}}],"inLanguage":"de"},{"@type":"Organization","@id":"https:\/\/murerpoint.dk\/de\/#organization","name":"Murerpoint ApS","url":"https:\/\/murerpoint.dk\/de\/","logo":{"@type":"ImageObject","inLanguage":"de","@id":"https:\/\/murerpoint.dk\/de\/#\/schema\/logo\/image\/","url":"https:\/\/murerpoint.dk\/wp-content\/uploads\/2023\/12\/cropped-Sort-Midt-Roed-Mursten.png","contentUrl":"https:\/\/murerpoint.dk\/wp-content\/uploads\/2023\/12\/cropped-Sort-Midt-Roed-Mursten.png","width":512,"height":512,"caption":"Murerpoint ApS"},"image":{"@id":"https:\/\/murerpoint.dk\/de\/#\/schema\/logo\/image\/"},"sameAs":["https:\/\/m.facebook.com\/profile.php?id=61555157262134","https:\/\/www.instagram.com\/murerpoint?igsh=azluMWV6cTnc2ts&utm_source=qr","https:\/\/www.tiktok.com\/@murerpoint?is_from_webapp=1&sender_device=pc"]}]},"product_price_amount":"31.99","product_price_currency":"EUR","og_availability":"instock","product_availability":"instock","product_retailer_item_id":"mp0018","product_condition":"new"},"_links":{"self":[{"href":"https:\/\/murerpoint.dk\/de\/wp-json\/wp\/v2\/product\/1803","targetHints":{"allow":["GET"]}}],"collection":[{"href":"https:\/\/murerpoint.dk\/de\/wp-json\/wp\/v2\/product"}],"about":[{"href":"https:\/\/murerpoint.dk\/de\/wp-json\/wp\/v2\/types\/product"}],"replies":[{"embeddable":true,"href":"https:\/\/murerpoint.dk\/de\/wp-json\/wp\/v2\/comments?post=1803"}],"wp:featuredmedia":[{"embeddable":true,"href":"https:\/\/murerpoint.dk\/de\/wp-json\/wp\/v2\/media\/762"}],"wp:attachment":[{"href":"https:\/\/murerpoint.dk\/de\/wp-json\/wp\/v2\/media?parent=1803"}],"wp:term":[{"taxonomy":"product_brand","embeddable":true,"href":"https:\/\/murerpoint.dk\/de\/wp-json\/wp\/v2\/product_brand?post=1803"},{"taxonomy":"product_cat","embeddable":true,"href":"https:\/\/murerpoint.dk\/de\/wp-json\/wp\/v2\/product_cat?post=1803"},{"taxonomy":"product_tag","embeddable":true,"href":"https:\/\/murerpoint.dk\/de\/wp-json\/wp\/v2\/product_tag?post=1803"}],"curies":[{"name":"wp","href":"https:\/\/api.w.org\/{rel}","templated":true}]}}