{"id":1831,"date":"2024-01-19T11:03:30","date_gmt":"2024-01-19T11:03:30","guid":{"rendered":"https:\/\/murerpoint.dk\/product\/pointmaster-voegroller-voor-teruggetrokken-voegen\/"},"modified":"2024-09-18T10:36:04","modified_gmt":"2024-09-18T10:36:04","slug":"pointmaster-fuer-zurueckgesetzte-fugen-fuer-perfekte-fugen","status":"publish","type":"product","link":"https:\/\/murerpoint.dk\/de\/produkt\/pointmaster-fuer-zurueckgesetzte-fugen-fuer-perfekte-fugen\/","title":{"rendered":"Pointmaster f\u00fcr Zur\u00fcckgesetzte Fugen \u2013 f\u00fcr Perfekte Fugen!"},"content":{"rendered":"<?xml encoding=\"utf-8\" ?><div class=\"flex-1 overflow-hidden\">\n<div class=\"react-scroll-to-bottom--css-pdclg-79elbk h-full\">\n<div class=\"react-scroll-to-bottom--css-pdclg-1n7m0yu\">\n<div class=\"flex flex-col pb-9 text-sm\">\n<div class=\"w-full text-token-text-primary\" data-testid=\"conversation-turn-783\">\n<div class=\"px-4 py-2 justify-center text-base md:gap-6 m-auto\">\n<div class=\"flex flex-1 text-base mx-auto gap-3 md:px-5 lg:px-1 xl:px-5 md:max-w-3xl lg:max-w-[40rem] xl:max-w-[48rem] group final-completion\">\n<div class=\"relative flex w-full flex-col agent-turn\">\n<div class=\"flex-col gap-1 md:gap-3\">\n<div class=\"flex flex-grow flex-col max-w-full\">\n<div class=\"min-h-[20px] text-message flex flex-col items-start gap-3 whitespace-pre-wrap break-words [.text-message+&amp;]:mt-5 overflow-x-auto\" data-message-author-role=\"assistant\" data-message-id=\"696aeb6a-6eb4-4b35-95e0-eb95563d8374\">\n<div class=\"markdown prose w-full break-words dark:prose-invert light\">\n<h5>Pointmaster f&uuml;r Zur&uuml;ckgesetzte Fugen &ndash; Dein Schl&uuml;sselwerkzeug f&uuml;r Perfekte Fugen!<\/h5>\n<h5><em>Optimiere dein Verfugen mit dem Pointmaster Fugenpress-Set von MurerPoint!<\/em><\/h5>\n<p><strong>Pointmaster f&uuml;r zur&uuml;ckgesetzte Fugen<\/strong>, erh&auml;ltlich bei MurerPoint.de, bietet das sch&auml;rfste Preis-Leistungs-Verh&auml;ltnis auf dem Markt.<\/p>\n<p>Mit dem Pointmaster erzielst du ein professionelles und gleichm&auml;&szlig;iges Ergebnis bei jeder Anwendung und sparst dabei Zeit und M&uuml;he.<\/p>\n<p><strong>Das Pointmaster-Set enth&auml;lt:<\/strong><\/p>\n<ul>\n<li>4 Druckaufs&auml;tze f&uuml;r das Verfugen<\/li>\n<li>10 Stifte zum Auskratzen der Fugen<\/li>\n<li>Einen Inbusschl&uuml;ssel<\/li>\n<li>2 wei&szlig;e Montagebuchsen f&uuml;r die verschiedenen Druckaufs&auml;tze<\/li>\n<\/ul>\n<p><strong>Eigenschaften und Verwendung des Pointmaster Fugenpress-Sets:<\/strong><\/p>\n<ul>\n<li><strong>Starke und langlebige Fugen:<\/strong> Mit dem Pointmaster Fugenpress-Set kannst du M&ouml;rtelfugen von h&ouml;chster Qualit&auml;t herstellen, die sowohl stark als auch langlebig sind.<\/li>\n<li><strong>Vielf&auml;ltige Druckeisen:<\/strong> Das Set enth&auml;lt vier verschiedene Druckeisen, die dir Flexibilit&auml;t bei der Anpassung deiner Fugen bieten.<\/li>\n<li><strong>Raddesign:<\/strong> Der Fugenpresser ist mit Rollen ausgestattet, die f&uuml;r eine gleichm&auml;&szlig;ige Druckverteilung sorgen, was zu pr&auml;zisen und sauberen Fugen f&uuml;hrt.<\/li>\n<li><strong>Verwendung mit oder ohne Rollen:<\/strong> Kann sowohl mit als auch ohne Rollen verwendet werden, je nach Vorliebe und Arbeitsweise.<\/li>\n<\/ul>\n<p><strong>Praktische Anwendung:<\/strong><\/p>\n<ul>\n<li><strong>Auskratzen von Fugen:<\/strong> Der Pointmaster eignet sich auch zum Auskratzen der Fugen.<\/li>\n<\/ul>\n<p>Mach deine Fugenarbeit effizienter und professioneller und deine zur&uuml;ckgesetzten Fugen zu einem Meisterwerk mit dem Pointmaster Fugenpress-Set.<\/p>\n<\/div>\n<\/div>\n<\/div>\n<\/div>\n<\/div>\n<\/div>\n<\/div>\n<\/div>\n<\/div>\n<\/div>\n<\/div>\n<\/div>\n","protected":false},"excerpt":{"rendered":"<h5>Pointmaster f\u00fcr Zur\u00fcckgesetzte Fugen \u2013 f\u00fcr Perfekte Fugen!<\/h5>\n<div class=\"flex-1 overflow-hidden\">\n<div class=\"react-scroll-to-bottom--css-pdclg-79elbk h-full\">\n<div class=\"react-scroll-to-bottom--css-pdclg-1n7m0yu\">\n<div class=\"flex flex-col pb-9 text-sm\">\n<div class=\"w-full text-token-text-primary\" data-testid=\"conversation-turn-789\">\n<div class=\"px-4 py-2 justify-center text-base md:gap-6 m-auto\">\n<div class=\"flex flex-1 text-base mx-auto gap-3 md:px-5 lg:px-1 xl:px-5 md:max-w-3xl lg:max-w-[40rem] xl:max-w-[48rem] group final-completion\">\n<div class=\"relative flex w-full flex-col agent-turn\">\n<div class=\"flex-col gap-1 md:gap-3\">\n<div class=\"flex flex-grow flex-col max-w-full\">\n<div class=\"min-h-[20px] text-message flex flex-col items-start gap-3 whitespace-pre-wrap break-words [.text-message+&amp;]:mt-5 overflow-x-auto\" data-message-author-role=\"assistant\" data-message-id=\"6cfcaaff-fa63-4717-b0f0-4be496f49e74\">\n<div class=\"markdown prose w-full break-words dark:prose-invert light\">\n<div class=\"flex-1 overflow-hidden\">\n<div class=\"react-scroll-to-bottom--css-pdclg-79elbk h-full\">\n<div class=\"react-scroll-to-bottom--css-pdclg-1n7m0yu\">\n<div class=\"flex flex-col pb-9 text-sm\">\n<div class=\"w-full text-token-text-primary\" data-testid=\"conversation-turn-791\">\n<div class=\"px-4 py-2 justify-center text-base md:gap-6 m-auto\">\n<div class=\"flex flex-1 text-base mx-auto gap-3 md:px-5 lg:px-1 xl:px-5 md:max-w-3xl lg:max-w-[40rem] xl:max-w-[48rem] group final-completion\">\n<div class=\"relative flex w-full flex-col agent-turn\">\n<div class=\"flex-col gap-1 md:gap-3\">\n<div class=\"flex flex-grow flex-col max-w-full\">\n<div class=\"min-h-[20px] text-message flex flex-col items-start gap-3 whitespace-pre-wrap break-words [.text-message+&amp;]:mt-5 overflow-x-auto\" data-message-author-role=\"assistant\" data-message-id=\"8251a7eb-b54f-4079-9a04-2c88e9e11c31\">\n<div class=\"markdown prose w-full break-words dark:prose-invert light\">\n<div class=\"flex-1 overflow-hidden\">\n<div class=\"react-scroll-to-bottom--css-pdclg-79elbk h-full\">\n<div class=\"react-scroll-to-bottom--css-pdclg-1n7m0yu\">\n<div class=\"flex flex-col pb-9 text-sm\">\n<div class=\"w-full text-token-text-primary\" data-testid=\"conversation-turn-801\">\n<div class=\"px-4 py-2 justify-center text-base md:gap-6 m-auto\">\n<div class=\"flex flex-1 text-base mx-auto gap-3 md:px-5 lg:px-1 xl:px-5 md:max-w-3xl lg:max-w-[40rem] xl:max-w-[48rem] group final-completion\">\n<div class=\"relative flex w-full flex-col agent-turn\">\n<div class=\"flex-col gap-1 md:gap-3\">\n<div class=\"flex flex-grow flex-col max-w-full\">\n<div class=\"min-h-[20px] text-message flex flex-col items-start gap-3 whitespace-pre-wrap break-words [.text-message+&amp;]:mt-5 overflow-x-auto\" data-message-author-role=\"assistant\" data-message-id=\"5cd6f7c0-9e97-41c3-810b-21850b674471\">\n<div class=\"markdown prose w-full break-words dark:prose-invert light\">\n<p>Pointmaster f\u00fcr zur\u00fcckgesetzte Fugen garantiert professionelle und gleichm\u00e4\u00dfige Fugen jedes Mal. Das Set enth\u00e4lt 4 Druckaufs\u00e4tze, 10 Auskratzstifte und ein Raddesign f\u00fcr pr\u00e4zise Fugen bei minimalem Aufwand.<\/p>\n<\/div>\n<\/div>\n<\/div>\n<\/div>\n<\/div>\n<\/div>\n<\/div>\n<\/div>\n<\/div>\n<\/div>\n<\/div>\n<\/div>\n<\/div>\n<\/div>\n<\/div>\n<\/div>\n<\/div>\n<\/div>\n<\/div>\n<\/div>\n<\/div>\n<\/div>\n<\/div>\n<\/div>\n<\/div>\n<\/div>\n<\/div>\n<\/div>\n<\/div>\n<\/div>\n<\/div>\n<\/div>\n<\/div>\n<\/div>\n<\/div>\n<\/div>\n","protected":false},"featured_media":674,"comment_status":"open","ping_status":"closed","template":"","meta":[],"product_brand":[],"product_cat":[404],"product_tag":[7811,7810,408,7807,412,797,7809,7812,7813,7814,7808,2900],"class_list":{"0":"post-1831","1":"product","2":"type-product","3":"status-publish","4":"has-post-thumbnail","6":"product_cat-fugetrykker-de","7":"product_tag-auskratzenvonfugen-de","8":"product_tag-druckeisen-de","9":"product_tag-fugenfuelle","10":"product_tag-fugenpressset-de","11":"product_tag-murerpoint-de-2","12":"product_tag-pointmaster-de","13":"product_tag-professionellefugen-de","14":"product_tag-raddesign-de","15":"product_tag-starkefugen-de","16":"product_tag-verfugungswerkzeug-de","17":"product_tag-zurueckgesetztefugen-de","18":"product_tag-googleads-de","20":"first","21":"instock","22":"taxable","23":"shipping-taxable","24":"purchasable","25":"product-type-simple"},"yoast_head":"<!-- This site is optimized with the Yoast SEO plugin v27.5 - https:\/\/yoast.com\/product\/yoast-seo-wordpress\/ -->\n<title>Pointmaster f\u00fcr Zur\u00fcckgesetzte Fugen \u2013 f\u00fcr Perfekte Fugen! - Murerpoint ApS<\/title>\n<meta name=\"description\" content=\"Optimiere deine Verfugungsarbeiten mit dem Pointmaster Fugenpress-Set von MurerPoint. Erstelle pr\u00e4zise, starke Fugen mit minimalem Aufwand.\" \/>\n<meta name=\"robots\" content=\"index, follow, max-snippet:-1, max-image-preview:large, max-video-preview:-1\" \/>\n<link rel=\"canonical\" href=\"https:\/\/murerpoint.dk\/de\/produkt\/pointmaster-fuer-zurueckgesetzte-fugen-fuer-perfekte-fugen\/\" \/>\n<meta property=\"og:locale\" content=\"de_DE\" \/>\n<meta property=\"og:type\" content=\"article\" \/>\n<meta property=\"og:title\" content=\"Pointmaster f\u00fcr Zur\u00fcckgesetzte Fugen \u2013 f\u00fcr Perfekte Fugen! - Murerpoint ApS\" \/>\n<meta property=\"og:description\" content=\"Optimiere deine Verfugungsarbeiten mit dem Pointmaster Fugenpress-Set von MurerPoint. Erstelle pr\u00e4zise, starke Fugen mit minimalem Aufwand.\" \/>\n<meta property=\"og:url\" content=\"https:\/\/murerpoint.dk\/de\/produkt\/pointmaster-fuer-zurueckgesetzte-fugen-fuer-perfekte-fugen\/\" \/>\n<meta property=\"og:site_name\" content=\"Murerpoint ApS\" \/>\n<meta property=\"article:publisher\" content=\"https:\/\/m.facebook.com\/profile.php?id=61555157262134\" \/>\n<meta property=\"article:modified_time\" content=\"2024-09-18T10:36:04+00:00\" \/>\n<meta property=\"og:image\" content=\"https:\/\/murerpoint.dk\/wp-content\/uploads\/2024\/01\/Pointmasterfugetrykker-til-tilbagelagte-fuger-front-page-768x1024.png\" \/>\n\t<meta property=\"og:image:width\" content=\"768\" \/>\n\t<meta property=\"og:image:height\" content=\"1024\" \/>\n\t<meta property=\"og:image:type\" content=\"image\/png\" \/>\n<meta name=\"twitter:card\" content=\"summary_large_image\" \/>\n<meta name=\"twitter:label1\" content=\"Preis\" \/>\n\t<meta name=\"twitter:data1\" content=\"&euro;80.16 Pris ekskl. moms: &euro;64.13\" \/>\n\t<meta name=\"twitter:label2\" content=\"Verf\u00fcgbarkeit\" \/>\n\t<meta name=\"twitter:data2\" content=\"Auf Lager\" \/>\n<script type=\"application\/ld+json\" class=\"yoast-schema-graph\">{\"@context\":\"https:\\\/\\\/schema.org\",\"@graph\":[{\"@type\":\"WebPage\",\"@id\":\"https:\\\/\\\/murerpoint.dk\\\/de\\\/produkt\\\/pointmaster-fuer-zurueckgesetzte-fugen-fuer-perfekte-fugen\\\/\",\"url\":\"https:\\\/\\\/murerpoint.dk\\\/de\\\/produkt\\\/pointmaster-fuer-zurueckgesetzte-fugen-fuer-perfekte-fugen\\\/\",\"name\":\"Pointmaster f\u00fcr Zur\u00fcckgesetzte Fugen \u2013 f\u00fcr Perfekte Fugen! - Murerpoint ApS\",\"isPartOf\":{\"@id\":\"https:\\\/\\\/murerpoint.dk\\\/de\\\/#website\"},\"primaryImageOfPage\":{\"@id\":\"https:\\\/\\\/murerpoint.dk\\\/de\\\/produkt\\\/pointmaster-fuer-zurueckgesetzte-fugen-fuer-perfekte-fugen\\\/#primaryimage\"},\"image\":{\"@id\":\"https:\\\/\\\/murerpoint.dk\\\/de\\\/produkt\\\/pointmaster-fuer-zurueckgesetzte-fugen-fuer-perfekte-fugen\\\/#primaryimage\"},\"thumbnailUrl\":\"https:\\\/\\\/murerpoint.dk\\\/wp-content\\\/uploads\\\/2024\\\/01\\\/Pointmasterfugetrykker-til-tilbagelagte-fuger-front-page.png\",\"datePublished\":\"2024-01-19T11:03:30+00:00\",\"dateModified\":\"2024-09-18T10:36:04+00:00\",\"description\":\"Optimiere deine Verfugungsarbeiten mit dem Pointmaster Fugenpress-Set von MurerPoint. Erstelle pr\u00e4zise, starke Fugen mit minimalem Aufwand.\",\"breadcrumb\":{\"@id\":\"https:\\\/\\\/murerpoint.dk\\\/de\\\/produkt\\\/pointmaster-fuer-zurueckgesetzte-fugen-fuer-perfekte-fugen\\\/#breadcrumb\"},\"inLanguage\":\"de\",\"potentialAction\":[{\"@type\":\"ReadAction\",\"target\":[\"https:\\\/\\\/murerpoint.dk\\\/de\\\/produkt\\\/pointmaster-fuer-zurueckgesetzte-fugen-fuer-perfekte-fugen\\\/\"]}]},{\"@type\":\"ImageObject\",\"inLanguage\":\"de\",\"@id\":\"https:\\\/\\\/murerpoint.dk\\\/de\\\/produkt\\\/pointmaster-fuer-zurueckgesetzte-fugen-fuer-perfekte-fugen\\\/#primaryimage\",\"url\":\"https:\\\/\\\/murerpoint.dk\\\/wp-content\\\/uploads\\\/2024\\\/01\\\/Pointmasterfugetrykker-til-tilbagelagte-fuger-front-page.png\",\"contentUrl\":\"https:\\\/\\\/murerpoint.dk\\\/wp-content\\\/uploads\\\/2024\\\/01\\\/Pointmasterfugetrykker-til-tilbagelagte-fuger-front-page.png\",\"width\":3024,\"height\":4032,\"caption\":\"pointmaster fugetrykker bruges til tilbagelagte fuger. kan ogs\u00e5 bruges til udkradsning.\"},{\"@type\":\"BreadcrumbList\",\"@id\":\"https:\\\/\\\/murerpoint.dk\\\/de\\\/produkt\\\/pointmaster-fuer-zurueckgesetzte-fugen-fuer-perfekte-fugen\\\/#breadcrumb\",\"itemListElement\":[{\"@type\":\"ListItem\",\"position\":1,\"name\":\"Hjem\",\"item\":\"https:\\\/\\\/murerpoint.dk\\\/de\\\/\"},{\"@type\":\"ListItem\",\"position\":2,\"name\":\"SHOPPEN\",\"item\":\"https:\\\/\\\/murerpoint.dk\\\/de\\\/shoppen\\\/\"},{\"@type\":\"ListItem\",\"position\":3,\"name\":\"Pointmaster f\u00fcr Zur\u00fcckgesetzte Fugen \u2013 f\u00fcr Perfekte Fugen!\"}]},{\"@type\":\"WebSite\",\"@id\":\"https:\\\/\\\/murerpoint.dk\\\/de\\\/#website\",\"url\":\"https:\\\/\\\/murerpoint.dk\\\/de\\\/\",\"name\":\"Murerpoint\",\"description\":\"kvalitets v\u00e6rkt\u00f8j\",\"publisher\":{\"@id\":\"https:\\\/\\\/murerpoint.dk\\\/de\\\/#organization\"},\"potentialAction\":[{\"@type\":\"SearchAction\",\"target\":{\"@type\":\"EntryPoint\",\"urlTemplate\":\"https:\\\/\\\/murerpoint.dk\\\/de\\\/?s={search_term_string}\"},\"query-input\":{\"@type\":\"PropertyValueSpecification\",\"valueRequired\":true,\"valueName\":\"search_term_string\"}}],\"inLanguage\":\"de\"},{\"@type\":\"Organization\",\"@id\":\"https:\\\/\\\/murerpoint.dk\\\/de\\\/#organization\",\"name\":\"Murerpoint ApS\",\"url\":\"https:\\\/\\\/murerpoint.dk\\\/de\\\/\",\"logo\":{\"@type\":\"ImageObject\",\"inLanguage\":\"de\",\"@id\":\"https:\\\/\\\/murerpoint.dk\\\/de\\\/#\\\/schema\\\/logo\\\/image\\\/\",\"url\":\"https:\\\/\\\/murerpoint.dk\\\/wp-content\\\/uploads\\\/2023\\\/12\\\/cropped-Sort-Midt-Roed-Mursten.png\",\"contentUrl\":\"https:\\\/\\\/murerpoint.dk\\\/wp-content\\\/uploads\\\/2023\\\/12\\\/cropped-Sort-Midt-Roed-Mursten.png\",\"width\":512,\"height\":512,\"caption\":\"Murerpoint ApS\"},\"image\":{\"@id\":\"https:\\\/\\\/murerpoint.dk\\\/de\\\/#\\\/schema\\\/logo\\\/image\\\/\"},\"sameAs\":[\"https:\\\/\\\/m.facebook.com\\\/profile.php?id=61555157262134\",\"https:\\\/\\\/www.instagram.com\\\/murerpoint?igsh=azluMWV6cTnc2ts&utm_source=qr\",\"https:\\\/\\\/www.tiktok.com\\\/@murerpoint?is_from_webapp=1&sender_device=pc\"]}]}<\/script>\n<meta property=\"product:price:amount\" content=\"80.16\" \/>\n<meta property=\"product:price:currency\" content=\"EUR\" \/>\n<meta property=\"og:availability\" content=\"instock\" \/>\n<meta property=\"product:availability\" content=\"instock\" \/>\n<meta property=\"product:retailer_item_id\" content=\"mp0022\" \/>\n<meta property=\"product:condition\" content=\"new\" \/>\n<!-- \/ Yoast SEO plugin. -->","yoast_head_json":{"title":"Pointmaster f\u00fcr Zur\u00fcckgesetzte Fugen \u2013 f\u00fcr Perfekte Fugen! - Murerpoint ApS","description":"Optimiere deine Verfugungsarbeiten mit dem Pointmaster Fugenpress-Set von MurerPoint. Erstelle pr\u00e4zise, starke Fugen mit minimalem Aufwand.","robots":{"index":"index","follow":"follow","max-snippet":"max-snippet:-1","max-image-preview":"max-image-preview:large","max-video-preview":"max-video-preview:-1"},"canonical":"https:\/\/murerpoint.dk\/de\/produkt\/pointmaster-fuer-zurueckgesetzte-fugen-fuer-perfekte-fugen\/","og_locale":"de_DE","og_type":"article","og_title":"Pointmaster f\u00fcr Zur\u00fcckgesetzte Fugen \u2013 f\u00fcr Perfekte Fugen! - Murerpoint ApS","og_description":"Optimiere deine Verfugungsarbeiten mit dem Pointmaster Fugenpress-Set von MurerPoint. Erstelle pr\u00e4zise, starke Fugen mit minimalem Aufwand.","og_url":"https:\/\/murerpoint.dk\/de\/produkt\/pointmaster-fuer-zurueckgesetzte-fugen-fuer-perfekte-fugen\/","og_site_name":"Murerpoint ApS","article_publisher":"https:\/\/m.facebook.com\/profile.php?id=61555157262134","article_modified_time":"2024-09-18T10:36:04+00:00","og_image":[{"width":768,"height":1024,"url":"https:\/\/murerpoint.dk\/wp-content\/uploads\/2024\/01\/Pointmasterfugetrykker-til-tilbagelagte-fuger-front-page-768x1024.png","type":"image\/png"}],"twitter_card":"summary_large_image","twitter_misc":{"Preis":"&euro;80.16 Pris ekskl. moms: &euro;64.13","Verf\u00fcgbarkeit":"Auf Lager"},"schema":{"@context":"https:\/\/schema.org","@graph":[{"@type":"WebPage","@id":"https:\/\/murerpoint.dk\/de\/produkt\/pointmaster-fuer-zurueckgesetzte-fugen-fuer-perfekte-fugen\/","url":"https:\/\/murerpoint.dk\/de\/produkt\/pointmaster-fuer-zurueckgesetzte-fugen-fuer-perfekte-fugen\/","name":"Pointmaster f\u00fcr Zur\u00fcckgesetzte Fugen \u2013 f\u00fcr Perfekte Fugen! - Murerpoint ApS","isPartOf":{"@id":"https:\/\/murerpoint.dk\/de\/#website"},"primaryImageOfPage":{"@id":"https:\/\/murerpoint.dk\/de\/produkt\/pointmaster-fuer-zurueckgesetzte-fugen-fuer-perfekte-fugen\/#primaryimage"},"image":{"@id":"https:\/\/murerpoint.dk\/de\/produkt\/pointmaster-fuer-zurueckgesetzte-fugen-fuer-perfekte-fugen\/#primaryimage"},"thumbnailUrl":"https:\/\/murerpoint.dk\/wp-content\/uploads\/2024\/01\/Pointmasterfugetrykker-til-tilbagelagte-fuger-front-page.png","datePublished":"2024-01-19T11:03:30+00:00","dateModified":"2024-09-18T10:36:04+00:00","description":"Optimiere deine Verfugungsarbeiten mit dem Pointmaster Fugenpress-Set von MurerPoint. Erstelle pr\u00e4zise, starke Fugen mit minimalem Aufwand.","breadcrumb":{"@id":"https:\/\/murerpoint.dk\/de\/produkt\/pointmaster-fuer-zurueckgesetzte-fugen-fuer-perfekte-fugen\/#breadcrumb"},"inLanguage":"de","potentialAction":[{"@type":"ReadAction","target":["https:\/\/murerpoint.dk\/de\/produkt\/pointmaster-fuer-zurueckgesetzte-fugen-fuer-perfekte-fugen\/"]}]},{"@type":"ImageObject","inLanguage":"de","@id":"https:\/\/murerpoint.dk\/de\/produkt\/pointmaster-fuer-zurueckgesetzte-fugen-fuer-perfekte-fugen\/#primaryimage","url":"https:\/\/murerpoint.dk\/wp-content\/uploads\/2024\/01\/Pointmasterfugetrykker-til-tilbagelagte-fuger-front-page.png","contentUrl":"https:\/\/murerpoint.dk\/wp-content\/uploads\/2024\/01\/Pointmasterfugetrykker-til-tilbagelagte-fuger-front-page.png","width":3024,"height":4032,"caption":"pointmaster fugetrykker bruges til tilbagelagte fuger. kan ogs\u00e5 bruges til udkradsning."},{"@type":"BreadcrumbList","@id":"https:\/\/murerpoint.dk\/de\/produkt\/pointmaster-fuer-zurueckgesetzte-fugen-fuer-perfekte-fugen\/#breadcrumb","itemListElement":[{"@type":"ListItem","position":1,"name":"Hjem","item":"https:\/\/murerpoint.dk\/de\/"},{"@type":"ListItem","position":2,"name":"SHOPPEN","item":"https:\/\/murerpoint.dk\/de\/shoppen\/"},{"@type":"ListItem","position":3,"name":"Pointmaster f\u00fcr Zur\u00fcckgesetzte Fugen \u2013 f\u00fcr Perfekte Fugen!"}]},{"@type":"WebSite","@id":"https:\/\/murerpoint.dk\/de\/#website","url":"https:\/\/murerpoint.dk\/de\/","name":"Murerpoint","description":"kvalitets v\u00e6rkt\u00f8j","publisher":{"@id":"https:\/\/murerpoint.dk\/de\/#organization"},"potentialAction":[{"@type":"SearchAction","target":{"@type":"EntryPoint","urlTemplate":"https:\/\/murerpoint.dk\/de\/?s={search_term_string}"},"query-input":{"@type":"PropertyValueSpecification","valueRequired":true,"valueName":"search_term_string"}}],"inLanguage":"de"},{"@type":"Organization","@id":"https:\/\/murerpoint.dk\/de\/#organization","name":"Murerpoint ApS","url":"https:\/\/murerpoint.dk\/de\/","logo":{"@type":"ImageObject","inLanguage":"de","@id":"https:\/\/murerpoint.dk\/de\/#\/schema\/logo\/image\/","url":"https:\/\/murerpoint.dk\/wp-content\/uploads\/2023\/12\/cropped-Sort-Midt-Roed-Mursten.png","contentUrl":"https:\/\/murerpoint.dk\/wp-content\/uploads\/2023\/12\/cropped-Sort-Midt-Roed-Mursten.png","width":512,"height":512,"caption":"Murerpoint ApS"},"image":{"@id":"https:\/\/murerpoint.dk\/de\/#\/schema\/logo\/image\/"},"sameAs":["https:\/\/m.facebook.com\/profile.php?id=61555157262134","https:\/\/www.instagram.com\/murerpoint?igsh=azluMWV6cTnc2ts&utm_source=qr","https:\/\/www.tiktok.com\/@murerpoint?is_from_webapp=1&sender_device=pc"]}]},"product_price_amount":"80.16","product_price_currency":"EUR","og_availability":"instock","product_availability":"instock","product_retailer_item_id":"mp0022","product_condition":"new"},"_links":{"self":[{"href":"https:\/\/murerpoint.dk\/de\/wp-json\/wp\/v2\/product\/1831","targetHints":{"allow":["GET"]}}],"collection":[{"href":"https:\/\/murerpoint.dk\/de\/wp-json\/wp\/v2\/product"}],"about":[{"href":"https:\/\/murerpoint.dk\/de\/wp-json\/wp\/v2\/types\/product"}],"replies":[{"embeddable":true,"href":"https:\/\/murerpoint.dk\/de\/wp-json\/wp\/v2\/comments?post=1831"}],"wp:featuredmedia":[{"embeddable":true,"href":"https:\/\/murerpoint.dk\/de\/wp-json\/wp\/v2\/media\/674"}],"wp:attachment":[{"href":"https:\/\/murerpoint.dk\/de\/wp-json\/wp\/v2\/media?parent=1831"}],"wp:term":[{"taxonomy":"product_brand","embeddable":true,"href":"https:\/\/murerpoint.dk\/de\/wp-json\/wp\/v2\/product_brand?post=1831"},{"taxonomy":"product_cat","embeddable":true,"href":"https:\/\/murerpoint.dk\/de\/wp-json\/wp\/v2\/product_cat?post=1831"},{"taxonomy":"product_tag","embeddable":true,"href":"https:\/\/murerpoint.dk\/de\/wp-json\/wp\/v2\/product_tag?post=1831"}],"curies":[{"name":"wp","href":"https:\/\/api.w.org\/{rel}","templated":true}]}}