{"id":1873,"date":"2024-01-18T11:12:29","date_gmt":"2024-01-18T11:12:29","guid":{"rendered":"https:\/\/murerpoint.dk\/product\/hm-baksteenverwijderaar-z4-hardmetaal\/"},"modified":"2024-11-01T13:59:31","modified_gmt":"2024-11-01T13:59:31","slug":"backsteinentferner-mauerziegel-entferner-fugenfraesung-z4-hartmetall-10-mm","status":"publish","type":"product","link":"https:\/\/murerpoint.dk\/de\/produkt\/backsteinentferner-mauerziegel-entferner-fugenfraesung-z4-hartmetall-10-mm\/","title":{"rendered":"Backsteinentferner Mauerziegel-Entferner Fugenfr\u00e4sung Z4 Hartmetall (10 mm)"},"content":{"rendered":"<?xml encoding=\"utf-8\" ?><h4>Backsteinentferner Mauerziegel-Entferner Fugenfr&auml;sung Z4 Hartmetall (10 mm)<\/h4><p>Optimieren Sie Ihr Bauprojekt mit unserem Backsteinentferner. Dieses professionelle Werkzeug wurde entwickelt, um maximale Leistung und Effizienz beim Entfernen von Ziegeln zu gew&auml;hrleisten. Mit vier Hartmetall-Schneidkanten (z4) sorgt dieser Entferner f&uuml;r pr&auml;zises Ausschneiden und Entfernen von Ziegeln, ohne Sch&auml;den zu verursachen.<\/p><p>Der Ziegelentferner hat einen Durchmesser von 10 mm und eine L&auml;nge von 120 mm, was ihn ideal f&uuml;r verschiedene Bau- und Renovierungsprojekte macht. Das M14-Gewinde erleichtert die direkte Montage des Entferners auf kompatiblen Winkelschleifern, was Zeit spart und f&uuml;r einen sicheren und stabilen Betrieb sorgt.<\/p><p>Egal, ob Sie mit weichen oder harten Ziegelmaterialien arbeiten, dieser Entferner liefert optimale Pr&auml;zision und Haltbarkeit. Bereiten Sie sich auf genaue und effektive Ergebnisse mit unserem HM Ziegelentferner vor &ndash; dem unverzichtbaren Werkzeug f&uuml;r professionelle Handwerker und Bau-Enthusiasten.<\/p><h5><strong>Voordelen van <\/strong>Backsteinentferner Mauerziegel-Entferner<strong>:<\/strong><\/h5><ul>\n<li>\n<div class=\"flex-1 overflow-hidden\">\n<div class=\"react-scroll-to-bottom--css-ctgxi-79elbk h-full\">\n<div class=\"react-scroll-to-bottom--css-ctgxi-1n7m0yu\">\n<div class=\"flex flex-col text-sm pb-9\">\n<div class=\"w-full text-token-text-primary\" data-testid=\"conversation-turn-207\">\n<div class=\"px-4 py-2 justify-center text-base md:gap-6 m-auto\">\n<div class=\"flex flex-1 text-base mx-auto gap-3 md:px-5 lg:px-1 xl:px-5 md:max-w-3xl lg:max-w-[40rem] xl:max-w-[48rem] group final-completion\">\n<div class=\"relative flex w-full flex-col agent-turn\">\n<div class=\"flex-col gap-1 md:gap-3\">\n<div class=\"flex flex-grow flex-col max-w-full\">\n<div class=\"min-h-[20px] text-message flex flex-col items-start gap-3 whitespace-pre-wrap break-words [.text-message+&amp;]:mt-5 overflow-x-auto\" data-message-author-role=\"assistant\" data-message-id=\"12c86dff-a001-4e33-80ca-db25b6b788da\">\n<div class=\"markdown prose w-full break-words dark:prose-invert light\">\n<ul>\n<li>Effektiver Ziegelentferner: Ideal f&uuml;r tiefes Fr&auml;sen oder Entfernen ganzer Ziegel.<\/li>\n<li>Geeignet f&uuml;r weichen M&ouml;rtel: Perfekt zum Ausfr&auml;sen von weichem M&ouml;rtel, gew&auml;hrleistet pr&auml;zise und sanfte Entfernung.<\/li>\n<li>Hartmetallplatten: Ausgestattet mit 4 Hartmetallplatten f&uuml;r optimale Haltbarkeit und Pr&auml;zision.<\/li>\n<li>Hartmetallspitze: Enth&auml;lt eine Hartmetallspitze f&uuml;r das Bohren und einen pr&auml;zisen Start.<\/li>\n<li>Einfache Montage: Wird direkt auf die M14-Spindel der Winkelschleifer f&uuml;r schnelle und einfache Verwendung montiert.<\/li>\n<li>Arbeitsl&auml;nge: Hat eine Arbeitsl&auml;nge von 120 mm, was es vielseitig und effektiv macht.<\/li>\n<\/ul>\n<\/div>\n<\/div>\n<\/div>\n<div class=\"mt-1 flex justify-start gap-3 empty:hidden\"><\/div>\n<\/div>\n<\/div>\n<\/div>\n<\/div>\n<\/div>\n<\/div>\n<\/div>\n<\/div>\n<\/div>\n<div class=\"w-full pt-2 md:pt-0 dark:border-white\/20 md:border-transparent md:dark:border-transparent md:w-[calc(100%-.5rem)]\"><\/div>\n<\/li>\n<\/ul><h5>Gebruiksaanwijzing Backsteinentferner Mauerziegel-Entferner:<\/h5><ul>\n<li><strong>Richtig verwenden<\/strong>: Es ist wichtig, dass der Mauerziegel-Entferner in Kontakt mit dem Mauerwerk kommt, bevor er eingeschaltet wird.<\/li>\n<\/ul><h5>Spezifikationen:<\/h5><ul>\n<li><strong>Schneidkanten<\/strong>: 4<\/li>\n<li><strong>Arbeitsl&auml;nge:<\/strong> 120 mm<\/li>\n<li><strong>Durchmesser:<\/strong> 10 mm<\/li>\n<\/ul><p><strong>Verpackung enth&auml;lt:<\/strong><\/p><ul>\n<li>Wird in einem Rohr mit 1 St&uuml;ck Backsteinentferner<\/li>\n<\/ul><p><iframe title=\"Murstensfjerner Z4 8 x 120 mm\" width=\"800\" height=\"450\" src=\"https:\/\/www.youtube.com\/embed\/IMqFwz-QMA8?feature=oembed\" frameborder=\"0\" allow=\"accelerometer; autoplay; clipboard-write; encrypted-media; gyroscope; picture-in-picture; web-share\" referrerpolicy=\"strict-origin-when-cross-origin\" allowfullscreen><\/iframe><\/p>\n","protected":false},"excerpt":{"rendered":"<h3>Backsteinentferner Mauerziegel-Entferner Fugenfr\u00e4sung Z4 Hartmetall (10 mm)<\/h3>\n<p>Backsteinentferner Mauerziegel-Entferner Fugenfr\u00e4sung Z4 Hartmetall &#8211; Ein professionelles Werkzeug f\u00fcr pr\u00e4zise und sanfte Entfernung von Ziegeln. Vier Hartmetall-Schneidkanten sorgen f\u00fcr Effizienz und Zuverl\u00e4ssigkeit. Einfache Montage auf M14-Winkelschleifern. Optimieren Sie Ihr Bauprojekt mit unserem HM Ziegelentferner.<\/p>\n","protected":false},"featured_media":598,"comment_status":"open","ping_status":"closed","template":"","meta":[],"product_brand":[],"product_cat":[639],"product_tag":[6996,1948,1950,246,248,249,6789,6790,842,566,4112,6791,6792,7019,262,263,1035,761,1956,6084,776,814,6202,6203,2582,2583,2584,2585,288,3575,4106,3544,3574,4104,5775,7043,8215,4096,824,1960,4090],"class_list":{"0":"post-1873","1":"product","2":"type-product","3":"status-publish","4":"has-post-thumbnail","6":"product_cat-ziegelentferner","7":"product_tag-anglegrinder-de","8":"product_tag-baksteenverwijderaar-de","9":"product_tag-brickremover-de","10":"product_tag-byggeri-de-2","11":"product_tag-construction-de","12":"product_tag-craftsmanship-de","13":"product_tag-diy-de","14":"product_tag-doehetzelf-de","15":"product_tag-fogfras-de","16":"product_tag-fugefraeser-de","17":"product_tag-gereedschap-de","18":"product_tag-goerdetselv-de","19":"product_tag-goerdetsjaelv-de","20":"product_tag-haakseslijper-de","21":"product_tag-handtools-de","22":"product_tag-haandvaerk-de","23":"product_tag-haardmetal-de","24":"product_tag-hartmetall","25":"product_tag-masonry-de","26":"product_tag-mauerwerk-de","27":"product_tag-metselwerk-de","28":"product_tag-murstensfjerner-de","29":"product_tag-murvaerk-de","30":"product_tag-murverk-de","31":"product_tag-professionaltool-de","32":"product_tag-professioneelgereedschap-de","33":"product_tag-professionelleswerkzeug-de","34":"product_tag-professionelltverktyg-de","35":"product_tag-professioneltvaerktoej-de","36":"product_tag-renovatie-de","37":"product_tag-renovation-de","38":"product_tag-renovering-de","39":"product_tag-renovierung-de","40":"product_tag-tool-de","41":"product_tag-vinkelsliber-de","42":"product_tag-vinkelslip-de","43":"product_tag-voegfrees-de","44":"product_tag-werkzeug-de","45":"product_tag-winkelschleifer-de","46":"product_tag-ziegelentferner-de","47":"product_tag-vaerktoej-de","49":"first","50":"instock","51":"taxable","52":"shipping-taxable","53":"purchasable","54":"product-type-simple"},"yoast_head":"<!-- This site is optimized with the Yoast SEO plugin v27.5 - https:\/\/yoast.com\/product\/yoast-seo-wordpress\/ -->\n<title>Backsteinentferner Mauerziegel-Entferner Fugenfr\u00e4sung Z4 Hartmetall (10 mm) - Murerpoint ApS<\/title>\n<meta name=\"description\" content=\"Backsteinentferner Mauerziegel-Entferner Fugenfr\u00e4sung Z4 Hartmetall. Werkzeug mit 4 Hartmetall-Schneidkanten. Montage auf M14-Winkelschleifern.\" \/>\n<meta name=\"robots\" content=\"index, follow, max-snippet:-1, max-image-preview:large, max-video-preview:-1\" \/>\n<link rel=\"canonical\" href=\"https:\/\/murerpoint.dk\/de\/produkt\/backsteinentferner-mauerziegel-entferner-fugenfraesung-z4-hartmetall-10-mm\/\" \/>\n<meta property=\"og:locale\" content=\"de_DE\" \/>\n<meta property=\"og:type\" content=\"article\" \/>\n<meta property=\"og:title\" content=\"Backsteinentferner Mauerziegel-Entferner Fugenfr\u00e4sung Z4 Hartmetall (10 mm) - Murerpoint ApS\" \/>\n<meta property=\"og:description\" content=\"Backsteinentferner Mauerziegel-Entferner Fugenfr\u00e4sung Z4 Hartmetall. Werkzeug mit 4 Hartmetall-Schneidkanten. Montage auf M14-Winkelschleifern.\" \/>\n<meta property=\"og:url\" content=\"https:\/\/murerpoint.dk\/de\/produkt\/backsteinentferner-mauerziegel-entferner-fugenfraesung-z4-hartmetall-10-mm\/\" \/>\n<meta property=\"og:site_name\" content=\"Murerpoint ApS\" \/>\n<meta property=\"article:publisher\" content=\"https:\/\/m.facebook.com\/profile.php?id=61555157262134\" \/>\n<meta property=\"article:modified_time\" content=\"2024-11-01T13:59:31+00:00\" \/>\n<meta property=\"og:image\" content=\"https:\/\/murerpoint.dk\/wp-content\/uploads\/2024\/01\/10x120-mm-m14-z4-front-murstensfjerner.png\" \/>\n\t<meta property=\"og:image:width\" content=\"3024\" \/>\n\t<meta property=\"og:image:height\" content=\"4032\" \/>\n\t<meta property=\"og:image:type\" content=\"image\/png\" \/>\n<meta name=\"twitter:card\" content=\"summary_large_image\" \/>\n<meta name=\"twitter:label1\" content=\"Preis\" \/>\n\t<meta name=\"twitter:data1\" content=\"&euro;73.76 Pris ekskl. moms: &euro;59.01\" \/>\n\t<meta name=\"twitter:label2\" content=\"Verf\u00fcgbarkeit\" \/>\n\t<meta name=\"twitter:data2\" content=\"Auf Lager\" \/>\n<script type=\"application\/ld+json\" class=\"yoast-schema-graph\">{\"@context\":\"https:\\\/\\\/schema.org\",\"@graph\":[{\"@type\":\"WebPage\",\"@id\":\"https:\\\/\\\/murerpoint.dk\\\/de\\\/produkt\\\/backsteinentferner-mauerziegel-entferner-fugenfraesung-z4-hartmetall-10-mm\\\/\",\"url\":\"https:\\\/\\\/murerpoint.dk\\\/de\\\/produkt\\\/backsteinentferner-mauerziegel-entferner-fugenfraesung-z4-hartmetall-10-mm\\\/\",\"name\":\"Backsteinentferner Mauerziegel-Entferner Fugenfr\u00e4sung Z4 Hartmetall (10 mm) - Murerpoint ApS\",\"isPartOf\":{\"@id\":\"https:\\\/\\\/murerpoint.dk\\\/de\\\/#website\"},\"primaryImageOfPage\":{\"@id\":\"https:\\\/\\\/murerpoint.dk\\\/de\\\/produkt\\\/backsteinentferner-mauerziegel-entferner-fugenfraesung-z4-hartmetall-10-mm\\\/#primaryimage\"},\"image\":{\"@id\":\"https:\\\/\\\/murerpoint.dk\\\/de\\\/produkt\\\/backsteinentferner-mauerziegel-entferner-fugenfraesung-z4-hartmetall-10-mm\\\/#primaryimage\"},\"thumbnailUrl\":\"https:\\\/\\\/murerpoint.dk\\\/wp-content\\\/uploads\\\/2024\\\/01\\\/10x120-mm-m14-z4-front-murstensfjerner.png\",\"datePublished\":\"2024-01-18T11:12:29+00:00\",\"dateModified\":\"2024-11-01T13:59:31+00:00\",\"description\":\"Backsteinentferner Mauerziegel-Entferner Fugenfr\u00e4sung Z4 Hartmetall. Werkzeug mit 4 Hartmetall-Schneidkanten. Montage auf M14-Winkelschleifern.\",\"breadcrumb\":{\"@id\":\"https:\\\/\\\/murerpoint.dk\\\/de\\\/produkt\\\/backsteinentferner-mauerziegel-entferner-fugenfraesung-z4-hartmetall-10-mm\\\/#breadcrumb\"},\"inLanguage\":\"de\",\"potentialAction\":[{\"@type\":\"ReadAction\",\"target\":[\"https:\\\/\\\/murerpoint.dk\\\/de\\\/produkt\\\/backsteinentferner-mauerziegel-entferner-fugenfraesung-z4-hartmetall-10-mm\\\/\"]}]},{\"@type\":\"ImageObject\",\"inLanguage\":\"de\",\"@id\":\"https:\\\/\\\/murerpoint.dk\\\/de\\\/produkt\\\/backsteinentferner-mauerziegel-entferner-fugenfraesung-z4-hartmetall-10-mm\\\/#primaryimage\",\"url\":\"https:\\\/\\\/murerpoint.dk\\\/wp-content\\\/uploads\\\/2024\\\/01\\\/10x120-mm-m14-z4-front-murstensfjerner.png\",\"contentUrl\":\"https:\\\/\\\/murerpoint.dk\\\/wp-content\\\/uploads\\\/2024\\\/01\\\/10x120-mm-m14-z4-front-murstensfjerner.png\",\"width\":3024,\"height\":4032,\"caption\":\"Murstensfjerner\"},{\"@type\":\"BreadcrumbList\",\"@id\":\"https:\\\/\\\/murerpoint.dk\\\/de\\\/produkt\\\/backsteinentferner-mauerziegel-entferner-fugenfraesung-z4-hartmetall-10-mm\\\/#breadcrumb\",\"itemListElement\":[{\"@type\":\"ListItem\",\"position\":1,\"name\":\"Hjem\",\"item\":\"https:\\\/\\\/murerpoint.dk\\\/de\\\/\"},{\"@type\":\"ListItem\",\"position\":2,\"name\":\"SHOPPEN\",\"item\":\"https:\\\/\\\/murerpoint.dk\\\/de\\\/shoppen\\\/\"},{\"@type\":\"ListItem\",\"position\":3,\"name\":\"Backsteinentferner Mauerziegel-Entferner Fugenfr\u00e4sung Z4 Hartmetall (10 mm)\"}]},{\"@type\":\"WebSite\",\"@id\":\"https:\\\/\\\/murerpoint.dk\\\/de\\\/#website\",\"url\":\"https:\\\/\\\/murerpoint.dk\\\/de\\\/\",\"name\":\"Murerpoint\",\"description\":\"kvalitets v\u00e6rkt\u00f8j\",\"publisher\":{\"@id\":\"https:\\\/\\\/murerpoint.dk\\\/de\\\/#organization\"},\"potentialAction\":[{\"@type\":\"SearchAction\",\"target\":{\"@type\":\"EntryPoint\",\"urlTemplate\":\"https:\\\/\\\/murerpoint.dk\\\/de\\\/?s={search_term_string}\"},\"query-input\":{\"@type\":\"PropertyValueSpecification\",\"valueRequired\":true,\"valueName\":\"search_term_string\"}}],\"inLanguage\":\"de\"},{\"@type\":\"Organization\",\"@id\":\"https:\\\/\\\/murerpoint.dk\\\/de\\\/#organization\",\"name\":\"Murerpoint ApS\",\"url\":\"https:\\\/\\\/murerpoint.dk\\\/de\\\/\",\"logo\":{\"@type\":\"ImageObject\",\"inLanguage\":\"de\",\"@id\":\"https:\\\/\\\/murerpoint.dk\\\/de\\\/#\\\/schema\\\/logo\\\/image\\\/\",\"url\":\"https:\\\/\\\/murerpoint.dk\\\/wp-content\\\/uploads\\\/2023\\\/12\\\/cropped-Sort-Midt-Roed-Mursten.png\",\"contentUrl\":\"https:\\\/\\\/murerpoint.dk\\\/wp-content\\\/uploads\\\/2023\\\/12\\\/cropped-Sort-Midt-Roed-Mursten.png\",\"width\":512,\"height\":512,\"caption\":\"Murerpoint ApS\"},\"image\":{\"@id\":\"https:\\\/\\\/murerpoint.dk\\\/de\\\/#\\\/schema\\\/logo\\\/image\\\/\"},\"sameAs\":[\"https:\\\/\\\/m.facebook.com\\\/profile.php?id=61555157262134\",\"https:\\\/\\\/www.instagram.com\\\/murerpoint?igsh=azluMWV6cTnc2ts&utm_source=qr\",\"https:\\\/\\\/www.tiktok.com\\\/@murerpoint?is_from_webapp=1&sender_device=pc\"]}]}<\/script>\n<meta property=\"product:price:amount\" content=\"73.76\" \/>\n<meta property=\"product:price:currency\" content=\"EUR\" \/>\n<meta property=\"og:availability\" content=\"instock\" \/>\n<meta property=\"product:availability\" content=\"instock\" \/>\n<meta property=\"product:retailer_item_id\" content=\"mp0003\" \/>\n<meta property=\"product:condition\" content=\"new\" \/>\n<!-- \/ Yoast SEO plugin. -->","yoast_head_json":{"title":"Backsteinentferner Mauerziegel-Entferner Fugenfr\u00e4sung Z4 Hartmetall (10 mm) - Murerpoint ApS","description":"Backsteinentferner Mauerziegel-Entferner Fugenfr\u00e4sung Z4 Hartmetall. Werkzeug mit 4 Hartmetall-Schneidkanten. Montage auf M14-Winkelschleifern.","robots":{"index":"index","follow":"follow","max-snippet":"max-snippet:-1","max-image-preview":"max-image-preview:large","max-video-preview":"max-video-preview:-1"},"canonical":"https:\/\/murerpoint.dk\/de\/produkt\/backsteinentferner-mauerziegel-entferner-fugenfraesung-z4-hartmetall-10-mm\/","og_locale":"de_DE","og_type":"article","og_title":"Backsteinentferner Mauerziegel-Entferner Fugenfr\u00e4sung Z4 Hartmetall (10 mm) - Murerpoint ApS","og_description":"Backsteinentferner Mauerziegel-Entferner Fugenfr\u00e4sung Z4 Hartmetall. Werkzeug mit 4 Hartmetall-Schneidkanten. Montage auf M14-Winkelschleifern.","og_url":"https:\/\/murerpoint.dk\/de\/produkt\/backsteinentferner-mauerziegel-entferner-fugenfraesung-z4-hartmetall-10-mm\/","og_site_name":"Murerpoint ApS","article_publisher":"https:\/\/m.facebook.com\/profile.php?id=61555157262134","article_modified_time":"2024-11-01T13:59:31+00:00","og_image":[{"width":3024,"height":4032,"url":"https:\/\/murerpoint.dk\/wp-content\/uploads\/2024\/01\/10x120-mm-m14-z4-front-murstensfjerner.png","type":"image\/png"}],"twitter_card":"summary_large_image","twitter_misc":{"Preis":"&euro;73.76 Pris ekskl. moms: &euro;59.01","Verf\u00fcgbarkeit":"Auf Lager"},"schema":{"@context":"https:\/\/schema.org","@graph":[{"@type":"WebPage","@id":"https:\/\/murerpoint.dk\/de\/produkt\/backsteinentferner-mauerziegel-entferner-fugenfraesung-z4-hartmetall-10-mm\/","url":"https:\/\/murerpoint.dk\/de\/produkt\/backsteinentferner-mauerziegel-entferner-fugenfraesung-z4-hartmetall-10-mm\/","name":"Backsteinentferner Mauerziegel-Entferner Fugenfr\u00e4sung Z4 Hartmetall (10 mm) - Murerpoint ApS","isPartOf":{"@id":"https:\/\/murerpoint.dk\/de\/#website"},"primaryImageOfPage":{"@id":"https:\/\/murerpoint.dk\/de\/produkt\/backsteinentferner-mauerziegel-entferner-fugenfraesung-z4-hartmetall-10-mm\/#primaryimage"},"image":{"@id":"https:\/\/murerpoint.dk\/de\/produkt\/backsteinentferner-mauerziegel-entferner-fugenfraesung-z4-hartmetall-10-mm\/#primaryimage"},"thumbnailUrl":"https:\/\/murerpoint.dk\/wp-content\/uploads\/2024\/01\/10x120-mm-m14-z4-front-murstensfjerner.png","datePublished":"2024-01-18T11:12:29+00:00","dateModified":"2024-11-01T13:59:31+00:00","description":"Backsteinentferner Mauerziegel-Entferner Fugenfr\u00e4sung Z4 Hartmetall. Werkzeug mit 4 Hartmetall-Schneidkanten. Montage auf M14-Winkelschleifern.","breadcrumb":{"@id":"https:\/\/murerpoint.dk\/de\/produkt\/backsteinentferner-mauerziegel-entferner-fugenfraesung-z4-hartmetall-10-mm\/#breadcrumb"},"inLanguage":"de","potentialAction":[{"@type":"ReadAction","target":["https:\/\/murerpoint.dk\/de\/produkt\/backsteinentferner-mauerziegel-entferner-fugenfraesung-z4-hartmetall-10-mm\/"]}]},{"@type":"ImageObject","inLanguage":"de","@id":"https:\/\/murerpoint.dk\/de\/produkt\/backsteinentferner-mauerziegel-entferner-fugenfraesung-z4-hartmetall-10-mm\/#primaryimage","url":"https:\/\/murerpoint.dk\/wp-content\/uploads\/2024\/01\/10x120-mm-m14-z4-front-murstensfjerner.png","contentUrl":"https:\/\/murerpoint.dk\/wp-content\/uploads\/2024\/01\/10x120-mm-m14-z4-front-murstensfjerner.png","width":3024,"height":4032,"caption":"Murstensfjerner"},{"@type":"BreadcrumbList","@id":"https:\/\/murerpoint.dk\/de\/produkt\/backsteinentferner-mauerziegel-entferner-fugenfraesung-z4-hartmetall-10-mm\/#breadcrumb","itemListElement":[{"@type":"ListItem","position":1,"name":"Hjem","item":"https:\/\/murerpoint.dk\/de\/"},{"@type":"ListItem","position":2,"name":"SHOPPEN","item":"https:\/\/murerpoint.dk\/de\/shoppen\/"},{"@type":"ListItem","position":3,"name":"Backsteinentferner Mauerziegel-Entferner Fugenfr\u00e4sung Z4 Hartmetall (10 mm)"}]},{"@type":"WebSite","@id":"https:\/\/murerpoint.dk\/de\/#website","url":"https:\/\/murerpoint.dk\/de\/","name":"Murerpoint","description":"kvalitets v\u00e6rkt\u00f8j","publisher":{"@id":"https:\/\/murerpoint.dk\/de\/#organization"},"potentialAction":[{"@type":"SearchAction","target":{"@type":"EntryPoint","urlTemplate":"https:\/\/murerpoint.dk\/de\/?s={search_term_string}"},"query-input":{"@type":"PropertyValueSpecification","valueRequired":true,"valueName":"search_term_string"}}],"inLanguage":"de"},{"@type":"Organization","@id":"https:\/\/murerpoint.dk\/de\/#organization","name":"Murerpoint ApS","url":"https:\/\/murerpoint.dk\/de\/","logo":{"@type":"ImageObject","inLanguage":"de","@id":"https:\/\/murerpoint.dk\/de\/#\/schema\/logo\/image\/","url":"https:\/\/murerpoint.dk\/wp-content\/uploads\/2023\/12\/cropped-Sort-Midt-Roed-Mursten.png","contentUrl":"https:\/\/murerpoint.dk\/wp-content\/uploads\/2023\/12\/cropped-Sort-Midt-Roed-Mursten.png","width":512,"height":512,"caption":"Murerpoint ApS"},"image":{"@id":"https:\/\/murerpoint.dk\/de\/#\/schema\/logo\/image\/"},"sameAs":["https:\/\/m.facebook.com\/profile.php?id=61555157262134","https:\/\/www.instagram.com\/murerpoint?igsh=azluMWV6cTnc2ts&utm_source=qr","https:\/\/www.tiktok.com\/@murerpoint?is_from_webapp=1&sender_device=pc"]}]},"product_price_amount":"73.76","product_price_currency":"EUR","og_availability":"instock","product_availability":"instock","product_retailer_item_id":"mp0003","product_condition":"new"},"_links":{"self":[{"href":"https:\/\/murerpoint.dk\/de\/wp-json\/wp\/v2\/product\/1873","targetHints":{"allow":["GET"]}}],"collection":[{"href":"https:\/\/murerpoint.dk\/de\/wp-json\/wp\/v2\/product"}],"about":[{"href":"https:\/\/murerpoint.dk\/de\/wp-json\/wp\/v2\/types\/product"}],"replies":[{"embeddable":true,"href":"https:\/\/murerpoint.dk\/de\/wp-json\/wp\/v2\/comments?post=1873"}],"wp:featuredmedia":[{"embeddable":true,"href":"https:\/\/murerpoint.dk\/de\/wp-json\/wp\/v2\/media\/598"}],"wp:attachment":[{"href":"https:\/\/murerpoint.dk\/de\/wp-json\/wp\/v2\/media?parent=1873"}],"wp:term":[{"taxonomy":"product_brand","embeddable":true,"href":"https:\/\/murerpoint.dk\/de\/wp-json\/wp\/v2\/product_brand?post=1873"},{"taxonomy":"product_cat","embeddable":true,"href":"https:\/\/murerpoint.dk\/de\/wp-json\/wp\/v2\/product_cat?post=1873"},{"taxonomy":"product_tag","embeddable":true,"href":"https:\/\/murerpoint.dk\/de\/wp-json\/wp\/v2\/product_tag?post=1873"}],"curies":[{"name":"wp","href":"https:\/\/api.w.org\/{rel}","templated":true}]}}