{"id":1925,"date":"2024-01-12T10:54:33","date_gmt":"2024-01-12T10:54:33","guid":{"rendered":"https:\/\/murerpoint.dk\/product\/carbide-grout-snijder-z4-4-snijden-voor-haakse-grinder\/"},"modified":"2024-03-06T11:08:30","modified_gmt":"2024-03-06T11:08:30","slug":"fugenfraeser-z4-4-schneiden-fuer-winkelschleifer","status":"publish","type":"product","link":"https:\/\/murerpoint.dk\/de\/produkt\/fugenfraeser-z4-4-schneiden-fuer-winkelschleifer\/","title":{"rendered":"Fugenfr\u00e4ser Z4 \u2013 4 Schneiden f\u00fcr Winkelschleifer"},"content":{"rendered":"<?xml encoding=\"utf-8\" ?><h2>Fugenfr&auml;ser Z4 &ndash; 4 Schneiden f&uuml;r Winkelschleifer<\/h2><h5>Fugenfr&auml;ser Z4:<\/h5><div class=\"flex-1 overflow-hidden\">\n<div class=\"react-scroll-to-bottom--css-bqoqr-79elbk h-full\">\n<div class=\"react-scroll-to-bottom--css-bqoqr-1n7m0yu\">\n<div class=\"flex flex-col text-sm pb-9\">\n<div class=\"w-full text-token-text-primary\" data-testid=\"conversation-turn-421\">\n<div class=\"px-4 py-2 justify-center text-base md:gap-6 m-auto\">\n<div class=\"flex flex-1 text-base mx-auto gap-3 md:px-5 lg:px-1 xl:px-5 md:max-w-3xl lg:max-w-[40rem] xl:max-w-[48rem] group final-completion\">\n<div class=\"relative flex w-full flex-col agent-turn\">\n<div class=\"flex-col gap-1 md:gap-3\">\n<div class=\"flex flex-grow flex-col max-w-full\">\n<div class=\"min-h-[20px] text-message flex flex-col items-start gap-3 whitespace-pre-wrap break-words [.text-message+&amp;]:mt-5 overflow-x-auto\" data-message-author-role=\"assistant\" data-message-id=\"7d436ede-2039-450c-8cda-1d36acf369d8\">\n<div class=\"markdown prose w-full break-words dark:prose-invert light\">\n<p>Effiziente Entfernung von M&ouml;rtel in zement- und kalkhydraulischen Fugen. Kann direkt auf dem Winkelschleifer montiert werden. Austauschbare Fugenfr&auml;ser-Einheiten mit Hartmetallklingen, direkt auf M14-Spindel montiert. D&auml;nisches Qualit&auml;tswerkzeug f&uuml;r professionelle Leistung.<\/p>\n<p><strong>SPEZIFIKATIONEN:<\/strong><\/p>\n<ul>\n<li>Durchmesser: 8, 10 und 12 mm<\/li>\n<li>Anzahl der Hartmetallklingen: 4 (Z4)<\/li>\n<li>L&auml;nge der Hartmetallklingen: 26 mm<\/li>\n<li>M14-Gewinde zur direkten Montage auf dem Winkelschleifer<\/li>\n<li>Gesamtl&auml;nge inklusive M14-Adapter: 70 mm<\/li>\n<\/ul>\n<p>Verwenden Sie im Wesentlichen einen Fugenfr&auml;ser Z4 mit 26 mm Klingen f&uuml;r normale Nachfugung. Nur in speziellen F&auml;llen ist es erforderlich, tiefer zu gehen.<\/p>\n<p>Es kann viele Gr&uuml;nde daf&uuml;r geben, dass Fugen in Form von Fugenschneiden\/Fr&auml;sen renoviert werden m&uuml;ssen. &Uuml;ber viele Jahre hinweg wirken Sonne und Regen auf die Fugen. Mauerbienen k&ouml;nnen abgenutzten Fugenm&ouml;rtel aush&ouml;hlen und den Verfall beschleunigen. Frostsch&auml;den an feuchtem Mauerwerk k&ouml;nnen Fugenm&ouml;rtel und Ziegel besch&auml;digen. Andere Gr&uuml;nde k&ouml;nnen Setzungsrissen, gespaltene Ziegelsteine oder Risse in den Fugen sein, typischerweise um Mauerwerkswechsel, Fenster und T&uuml;ren oder Treppen herum.<\/p>\n<p><strong>Auf welche Sch&auml;den an den Fugen sollten Sie achten?<\/strong><\/p>\n<p>Der Zustand der Fugen l&auml;sst sich einfach beurteilen, indem Sie einen Spaziergang um Ihr Haus machen und das Mauerwerk betrachten.<\/p>\n<ul>\n<li>Sind die Fugen zwischen den Ziegeln intakt?<\/li>\n<li>F&uuml;llt die Fuge immer noch den Raum zwischen den Ziegeln aus?<\/li>\n<li>Ist die Oberfl&auml;che der Fugen intakt und ohne gr&ouml;&szlig;ere Abplatzungen?<\/li>\n<li>Gibt es L&ouml;cher von Mauerbienen?<\/li>\n<li>Gibt es Stellen, an denen die Fuge vollst&auml;ndig fehlt?<\/li>\n<li>Gibt es Risse in den Fugen oder Ziegeln?<\/li>\n<li>Gibt es Risse &uuml;ber Fenstern und T&uuml;ren oder an Traufen und Vorspr&uuml;ngen?<\/li>\n<li>Gibt es durch Frost verursachte Ziegelsch&auml;den?<\/li>\n<\/ul>\n<p>Diese austauschbaren Fugenfr&auml;ser Unit Z4 mit Hartmetallklingen werden direkt auf der M14-Spindel montiert. Fugenfr&auml;ser Unit mit 4 Klingen erm&ouml;glicht ein erheblich schnelleres Schneiden im Vergleich zu einer Einheit mit 3 Klingen, und der Winkelschleifer vibriert weniger und wird als angenehmer im Gebrauch empfunden. Dar&uuml;ber hinaus erreichen Sie mit 4 Klingen eine l&auml;ngere Lebensdauer, insbesondere in etwas h&auml;rteren Fugen.<\/p>\n<\/div>\n<\/div>\n<\/div>\n<\/div>\n<\/div>\n<\/div>\n<\/div>\n<\/div>\n<\/div>\n<\/div>\n<\/div>\n<\/div><div class=\"w-full pt-2 md:pt-0 dark:border-white\/20 md:border-transparent md:dark:border-transparent md:w-[calc(100%-.5rem)]\"><\/div>\n","protected":false},"excerpt":{"rendered":"<h3>Fugenfr\u00e4ser Z4 \u2013 4 Schneiden f\u00fcr Winkelschleifer<\/h3>\n<p>Effiziente Entfernung von M\u00f6rtel in zement- und kalkhydraulischen Fugen. Kann direkt auf einem Winkelschleifer montiert werden.<\/p>\n<p><strong>SPEZIFIKATIONEN:<\/strong><\/p>\n<ul>\n<li>Durchmesser: 8, 10 und 12 mm<\/li>\n<li>Anzahl der Hartmetallschneiden: 4 (Z4)<\/li>\n<li>L\u00e4nge der Hartmetallschneiden: 26 mm<\/li>\n<li>M14-Gewinde zur direkten Befestigung auf dem Winkelschleifer<\/li>\n<li>Gesamtl\u00e4nge inklusive M14-Adapter: 70 mm<\/li>\n<\/ul>\n<p><img decoding=\"async\" class=\"size-full wp-image-162\" src=\"https:\/\/murerpoint.dk\/wp-content\/uploads\/2024\/01\/4-skaer-fugefraeser-unit-total-laengde.webp\" alt=\"\" width=\"295\" height=\"78\" \/><\/p>\n","protected":false},"featured_media":185,"comment_status":"open","ping_status":"closed","template":"","meta":[],"product_brand":[],"product_cat":[624,635],"product_tag":[566,1033,853],"class_list":{"0":"post-1925","1":"product","2":"type-product","3":"status-publish","4":"has-post-thumbnail","6":"product_cat-voegfrezen","7":"product_cat-fugenschneidereinheiten-fraeserstifte-de","8":"product_tag-fugefraeser-de","9":"product_tag-fugefraeserstift-de","10":"product_tag-fugefraeserunit-de","11":"pa_z4-10mm-de-2","12":"pa_z4-12mm-de","13":"pa_z4-8mm-de","15":"first","16":"instock","17":"taxable","18":"shipping-taxable","19":"purchasable","20":"product-type-variable"},"yoast_head":"<!-- This site is optimized with the Yoast SEO plugin v27.5 - https:\/\/yoast.com\/product\/yoast-seo-wordpress\/ -->\n<title>Fugenfr\u00e4ser Z4 \u2013 4 Schneiden f\u00fcr Winkelschleifer - Murerpoint ApS<\/title>\n<meta name=\"description\" content=\"Fugenfr\u00e4ser Z4. Effiziente Entfernung von M\u00f6rtel in zement- und kalkhydraulischen Fugen. Kann direkt auf einem Winkelschleifer montiert werden.\" \/>\n<meta name=\"robots\" content=\"index, follow, max-snippet:-1, max-image-preview:large, max-video-preview:-1\" \/>\n<link rel=\"canonical\" href=\"https:\/\/murerpoint.dk\/de\/produkt\/fugenfraeser-z4-4-schneiden-fuer-winkelschleifer\/\" \/>\n<meta property=\"og:locale\" content=\"de_DE\" \/>\n<meta property=\"og:type\" content=\"article\" \/>\n<meta property=\"og:title\" content=\"Fugenfr\u00e4ser Z4 \u2013 4 Schneiden f\u00fcr Winkelschleifer - Murerpoint ApS\" \/>\n<meta property=\"og:description\" content=\"Fugenfr\u00e4ser Z4. Effiziente Entfernung von M\u00f6rtel in zement- und kalkhydraulischen Fugen. Kann direkt auf einem Winkelschleifer montiert werden.\" \/>\n<meta property=\"og:url\" content=\"https:\/\/murerpoint.dk\/de\/produkt\/fugenfraeser-z4-4-schneiden-fuer-winkelschleifer\/\" \/>\n<meta property=\"og:site_name\" content=\"Murerpoint ApS\" \/>\n<meta property=\"article:publisher\" content=\"https:\/\/m.facebook.com\/profile.php?id=61555157262134\" \/>\n<meta property=\"article:modified_time\" content=\"2024-03-06T11:08:30+00:00\" \/>\n<meta property=\"og:image\" content=\"https:\/\/murerpoint.dk\/wp-content\/uploads\/2024\/01\/Z4-Forbillede.png\" \/>\n\t<meta property=\"og:image:width\" content=\"433\" \/>\n\t<meta property=\"og:image:height\" content=\"577\" \/>\n\t<meta property=\"og:image:type\" content=\"image\/png\" \/>\n<meta name=\"twitter:card\" content=\"summary_large_image\" \/>\n<meta name=\"twitter:label1\" content=\"Verf\u00fcgbarkeit\" \/>\n\t<meta name=\"twitter:data1\" content=\"Auf Lager\" \/>\n<script type=\"application\/ld+json\" class=\"yoast-schema-graph\">{\"@context\":\"https:\\\/\\\/schema.org\",\"@graph\":[{\"@type\":\"WebPage\",\"@id\":\"https:\\\/\\\/murerpoint.dk\\\/de\\\/produkt\\\/fugenfraeser-z4-4-schneiden-fuer-winkelschleifer\\\/\",\"url\":\"https:\\\/\\\/murerpoint.dk\\\/de\\\/produkt\\\/fugenfraeser-z4-4-schneiden-fuer-winkelschleifer\\\/\",\"name\":\"Fugenfr\u00e4ser Z4 \u2013 4 Schneiden f\u00fcr Winkelschleifer - Murerpoint ApS\",\"isPartOf\":{\"@id\":\"https:\\\/\\\/murerpoint.dk\\\/de\\\/#website\"},\"primaryImageOfPage\":{\"@id\":\"https:\\\/\\\/murerpoint.dk\\\/de\\\/produkt\\\/fugenfraeser-z4-4-schneiden-fuer-winkelschleifer\\\/#primaryimage\"},\"image\":{\"@id\":\"https:\\\/\\\/murerpoint.dk\\\/de\\\/produkt\\\/fugenfraeser-z4-4-schneiden-fuer-winkelschleifer\\\/#primaryimage\"},\"thumbnailUrl\":\"https:\\\/\\\/murerpoint.dk\\\/wp-content\\\/uploads\\\/2024\\\/01\\\/Z4-Forbillede.png\",\"datePublished\":\"2024-01-12T10:54:33+00:00\",\"dateModified\":\"2024-03-06T11:08:30+00:00\",\"description\":\"Fugenfr\u00e4ser Z4. Effiziente Entfernung von M\u00f6rtel in zement- und kalkhydraulischen Fugen. Kann direkt auf einem Winkelschleifer montiert werden.\",\"breadcrumb\":{\"@id\":\"https:\\\/\\\/murerpoint.dk\\\/de\\\/produkt\\\/fugenfraeser-z4-4-schneiden-fuer-winkelschleifer\\\/#breadcrumb\"},\"inLanguage\":\"de\",\"potentialAction\":[{\"@type\":\"ReadAction\",\"target\":[\"https:\\\/\\\/murerpoint.dk\\\/de\\\/produkt\\\/fugenfraeser-z4-4-schneiden-fuer-winkelschleifer\\\/\"]}]},{\"@type\":\"ImageObject\",\"inLanguage\":\"de\",\"@id\":\"https:\\\/\\\/murerpoint.dk\\\/de\\\/produkt\\\/fugenfraeser-z4-4-schneiden-fuer-winkelschleifer\\\/#primaryimage\",\"url\":\"https:\\\/\\\/murerpoint.dk\\\/wp-content\\\/uploads\\\/2024\\\/01\\\/Z4-Forbillede.png\",\"contentUrl\":\"https:\\\/\\\/murerpoint.dk\\\/wp-content\\\/uploads\\\/2024\\\/01\\\/Z4-Forbillede.png\",\"width\":433,\"height\":577,\"caption\":\"4 sk\u00e6rs fugefr\u00e6serunit (z4)\"},{\"@type\":\"BreadcrumbList\",\"@id\":\"https:\\\/\\\/murerpoint.dk\\\/de\\\/produkt\\\/fugenfraeser-z4-4-schneiden-fuer-winkelschleifer\\\/#breadcrumb\",\"itemListElement\":[{\"@type\":\"ListItem\",\"position\":1,\"name\":\"Hjem\",\"item\":\"https:\\\/\\\/murerpoint.dk\\\/de\\\/\"},{\"@type\":\"ListItem\",\"position\":2,\"name\":\"SHOPPEN\",\"item\":\"https:\\\/\\\/murerpoint.dk\\\/de\\\/shoppen\\\/\"},{\"@type\":\"ListItem\",\"position\":3,\"name\":\"Fugenfr\u00e4ser Z4 \u2013 4 Schneiden f\u00fcr Winkelschleifer\"}]},{\"@type\":\"WebSite\",\"@id\":\"https:\\\/\\\/murerpoint.dk\\\/de\\\/#website\",\"url\":\"https:\\\/\\\/murerpoint.dk\\\/de\\\/\",\"name\":\"Murerpoint\",\"description\":\"kvalitets v\u00e6rkt\u00f8j\",\"publisher\":{\"@id\":\"https:\\\/\\\/murerpoint.dk\\\/de\\\/#organization\"},\"potentialAction\":[{\"@type\":\"SearchAction\",\"target\":{\"@type\":\"EntryPoint\",\"urlTemplate\":\"https:\\\/\\\/murerpoint.dk\\\/de\\\/?s={search_term_string}\"},\"query-input\":{\"@type\":\"PropertyValueSpecification\",\"valueRequired\":true,\"valueName\":\"search_term_string\"}}],\"inLanguage\":\"de\"},{\"@type\":\"Organization\",\"@id\":\"https:\\\/\\\/murerpoint.dk\\\/de\\\/#organization\",\"name\":\"Murerpoint ApS\",\"url\":\"https:\\\/\\\/murerpoint.dk\\\/de\\\/\",\"logo\":{\"@type\":\"ImageObject\",\"inLanguage\":\"de\",\"@id\":\"https:\\\/\\\/murerpoint.dk\\\/de\\\/#\\\/schema\\\/logo\\\/image\\\/\",\"url\":\"https:\\\/\\\/murerpoint.dk\\\/wp-content\\\/uploads\\\/2023\\\/12\\\/cropped-Sort-Midt-Roed-Mursten.png\",\"contentUrl\":\"https:\\\/\\\/murerpoint.dk\\\/wp-content\\\/uploads\\\/2023\\\/12\\\/cropped-Sort-Midt-Roed-Mursten.png\",\"width\":512,\"height\":512,\"caption\":\"Murerpoint ApS\"},\"image\":{\"@id\":\"https:\\\/\\\/murerpoint.dk\\\/de\\\/#\\\/schema\\\/logo\\\/image\\\/\"},\"sameAs\":[\"https:\\\/\\\/m.facebook.com\\\/profile.php?id=61555157262134\",\"https:\\\/\\\/www.instagram.com\\\/murerpoint?igsh=azluMWV6cTnc2ts&utm_source=qr\",\"https:\\\/\\\/www.tiktok.com\\\/@murerpoint?is_from_webapp=1&sender_device=pc\"]}]}<\/script>\n<meta property=\"og:availability\" content=\"instock\" \/>\n<meta property=\"product:availability\" content=\"instock\" \/>\n<meta property=\"product:retailer_item_id\" content=\"mp0009\" \/>\n<meta property=\"product:condition\" content=\"new\" \/>\n<!-- \/ Yoast SEO plugin. -->","yoast_head_json":{"title":"Fugenfr\u00e4ser Z4 \u2013 4 Schneiden f\u00fcr Winkelschleifer - Murerpoint ApS","description":"Fugenfr\u00e4ser Z4. Effiziente Entfernung von M\u00f6rtel in zement- und kalkhydraulischen Fugen. Kann direkt auf einem Winkelschleifer montiert werden.","robots":{"index":"index","follow":"follow","max-snippet":"max-snippet:-1","max-image-preview":"max-image-preview:large","max-video-preview":"max-video-preview:-1"},"canonical":"https:\/\/murerpoint.dk\/de\/produkt\/fugenfraeser-z4-4-schneiden-fuer-winkelschleifer\/","og_locale":"de_DE","og_type":"article","og_title":"Fugenfr\u00e4ser Z4 \u2013 4 Schneiden f\u00fcr Winkelschleifer - Murerpoint ApS","og_description":"Fugenfr\u00e4ser Z4. Effiziente Entfernung von M\u00f6rtel in zement- und kalkhydraulischen Fugen. Kann direkt auf einem Winkelschleifer montiert werden.","og_url":"https:\/\/murerpoint.dk\/de\/produkt\/fugenfraeser-z4-4-schneiden-fuer-winkelschleifer\/","og_site_name":"Murerpoint ApS","article_publisher":"https:\/\/m.facebook.com\/profile.php?id=61555157262134","article_modified_time":"2024-03-06T11:08:30+00:00","og_image":[{"width":433,"height":577,"url":"https:\/\/murerpoint.dk\/wp-content\/uploads\/2024\/01\/Z4-Forbillede.png","type":"image\/png"}],"twitter_card":"summary_large_image","twitter_misc":{"Verf\u00fcgbarkeit":"Auf Lager"},"schema":{"@context":"https:\/\/schema.org","@graph":[{"@type":"WebPage","@id":"https:\/\/murerpoint.dk\/de\/produkt\/fugenfraeser-z4-4-schneiden-fuer-winkelschleifer\/","url":"https:\/\/murerpoint.dk\/de\/produkt\/fugenfraeser-z4-4-schneiden-fuer-winkelschleifer\/","name":"Fugenfr\u00e4ser Z4 \u2013 4 Schneiden f\u00fcr Winkelschleifer - Murerpoint ApS","isPartOf":{"@id":"https:\/\/murerpoint.dk\/de\/#website"},"primaryImageOfPage":{"@id":"https:\/\/murerpoint.dk\/de\/produkt\/fugenfraeser-z4-4-schneiden-fuer-winkelschleifer\/#primaryimage"},"image":{"@id":"https:\/\/murerpoint.dk\/de\/produkt\/fugenfraeser-z4-4-schneiden-fuer-winkelschleifer\/#primaryimage"},"thumbnailUrl":"https:\/\/murerpoint.dk\/wp-content\/uploads\/2024\/01\/Z4-Forbillede.png","datePublished":"2024-01-12T10:54:33+00:00","dateModified":"2024-03-06T11:08:30+00:00","description":"Fugenfr\u00e4ser Z4. Effiziente Entfernung von M\u00f6rtel in zement- und kalkhydraulischen Fugen. Kann direkt auf einem Winkelschleifer montiert werden.","breadcrumb":{"@id":"https:\/\/murerpoint.dk\/de\/produkt\/fugenfraeser-z4-4-schneiden-fuer-winkelschleifer\/#breadcrumb"},"inLanguage":"de","potentialAction":[{"@type":"ReadAction","target":["https:\/\/murerpoint.dk\/de\/produkt\/fugenfraeser-z4-4-schneiden-fuer-winkelschleifer\/"]}]},{"@type":"ImageObject","inLanguage":"de","@id":"https:\/\/murerpoint.dk\/de\/produkt\/fugenfraeser-z4-4-schneiden-fuer-winkelschleifer\/#primaryimage","url":"https:\/\/murerpoint.dk\/wp-content\/uploads\/2024\/01\/Z4-Forbillede.png","contentUrl":"https:\/\/murerpoint.dk\/wp-content\/uploads\/2024\/01\/Z4-Forbillede.png","width":433,"height":577,"caption":"4 sk\u00e6rs fugefr\u00e6serunit (z4)"},{"@type":"BreadcrumbList","@id":"https:\/\/murerpoint.dk\/de\/produkt\/fugenfraeser-z4-4-schneiden-fuer-winkelschleifer\/#breadcrumb","itemListElement":[{"@type":"ListItem","position":1,"name":"Hjem","item":"https:\/\/murerpoint.dk\/de\/"},{"@type":"ListItem","position":2,"name":"SHOPPEN","item":"https:\/\/murerpoint.dk\/de\/shoppen\/"},{"@type":"ListItem","position":3,"name":"Fugenfr\u00e4ser Z4 \u2013 4 Schneiden f\u00fcr Winkelschleifer"}]},{"@type":"WebSite","@id":"https:\/\/murerpoint.dk\/de\/#website","url":"https:\/\/murerpoint.dk\/de\/","name":"Murerpoint","description":"kvalitets v\u00e6rkt\u00f8j","publisher":{"@id":"https:\/\/murerpoint.dk\/de\/#organization"},"potentialAction":[{"@type":"SearchAction","target":{"@type":"EntryPoint","urlTemplate":"https:\/\/murerpoint.dk\/de\/?s={search_term_string}"},"query-input":{"@type":"PropertyValueSpecification","valueRequired":true,"valueName":"search_term_string"}}],"inLanguage":"de"},{"@type":"Organization","@id":"https:\/\/murerpoint.dk\/de\/#organization","name":"Murerpoint ApS","url":"https:\/\/murerpoint.dk\/de\/","logo":{"@type":"ImageObject","inLanguage":"de","@id":"https:\/\/murerpoint.dk\/de\/#\/schema\/logo\/image\/","url":"https:\/\/murerpoint.dk\/wp-content\/uploads\/2023\/12\/cropped-Sort-Midt-Roed-Mursten.png","contentUrl":"https:\/\/murerpoint.dk\/wp-content\/uploads\/2023\/12\/cropped-Sort-Midt-Roed-Mursten.png","width":512,"height":512,"caption":"Murerpoint ApS"},"image":{"@id":"https:\/\/murerpoint.dk\/de\/#\/schema\/logo\/image\/"},"sameAs":["https:\/\/m.facebook.com\/profile.php?id=61555157262134","https:\/\/www.instagram.com\/murerpoint?igsh=azluMWV6cTnc2ts&utm_source=qr","https:\/\/www.tiktok.com\/@murerpoint?is_from_webapp=1&sender_device=pc"]}]},"og_availability":"instock","product_availability":"instock","product_retailer_item_id":"mp0009","product_condition":"new"},"_links":{"self":[{"href":"https:\/\/murerpoint.dk\/de\/wp-json\/wp\/v2\/product\/1925","targetHints":{"allow":["GET"]}}],"collection":[{"href":"https:\/\/murerpoint.dk\/de\/wp-json\/wp\/v2\/product"}],"about":[{"href":"https:\/\/murerpoint.dk\/de\/wp-json\/wp\/v2\/types\/product"}],"replies":[{"embeddable":true,"href":"https:\/\/murerpoint.dk\/de\/wp-json\/wp\/v2\/comments?post=1925"}],"wp:featuredmedia":[{"embeddable":true,"href":"https:\/\/murerpoint.dk\/de\/wp-json\/wp\/v2\/media\/185"}],"wp:attachment":[{"href":"https:\/\/murerpoint.dk\/de\/wp-json\/wp\/v2\/media?parent=1925"}],"wp:term":[{"taxonomy":"product_brand","embeddable":true,"href":"https:\/\/murerpoint.dk\/de\/wp-json\/wp\/v2\/product_brand?post=1925"},{"taxonomy":"product_cat","embeddable":true,"href":"https:\/\/murerpoint.dk\/de\/wp-json\/wp\/v2\/product_cat?post=1925"},{"taxonomy":"product_tag","embeddable":true,"href":"https:\/\/murerpoint.dk\/de\/wp-json\/wp\/v2\/product_tag?post=1925"}],"curies":[{"name":"wp","href":"https:\/\/api.w.org\/{rel}","templated":true}]}}