{"id":2175,"date":"2024-03-21T12:50:12","date_gmt":"2024-03-21T12:50:12","guid":{"rendered":"https:\/\/murerpoint.dk\/product\/dk-pointer-mortar-grouting-gun-manual\/"},"modified":"2024-05-14T10:45:30","modified_gmt":"2024-05-14T10:45:30","slug":"fugenpistole-mit-4-duesen-verfugen-moertel","status":"publish","type":"product","link":"https:\/\/murerpoint.dk\/de\/produkt\/fugenpistole-mit-4-duesen-verfugen-moertel\/","title":{"rendered":"Fugenpistole mit 4 D\u00fcsen Verfugen M\u00f6rtel"},"content":{"rendered":"<?xml encoding=\"utf-8\" ?><h3>Fugenpistole mit 4 D&uuml;sen Verfugen M&ouml;rtel<\/h3><p>M&ouml;rtelspritzenpistole mit niedrigen, Fugend&uuml;sen und glattem Kolben.<\/p><h2>Besonders wirtschaftliche M&ouml;rtelspritzenpistole<\/h2><p>Hier ben&ouml;tigen Sie weder Bohrer noch Kompressor, und zus&auml;tzlich erhalten Sie alle Vorteile einer M&ouml;rtelspritzenpistole f&uuml;r sehr wenig Geld. Die DK Pointer Fugenpistole ist effizienter als andere Fugenpistole auf dem Markt, da sie optimiert und f&uuml;r einen effektiveren Arbeitsablauf konzipiert ist.<\/p><p>Mit der DK Pointer fugenpistole k&ouml;nnen Sie immer mindestens 2-3 Mal schneller verfugen, und oft sogar noch schneller. Trotz der deutlich schnelleren Arbeit gehen Sie keine Kompromisse bei der Qualit&auml;t ein, da die Verwendung der M&ouml;rtelspritzenpistole zu einer viel st&auml;rkeren Fuge f&uuml;hrt als bei herk&ouml;mmlicher Verfugung.<\/p><p><em>Die DK Pointer fugenpistole funktioniert mit praktisch allen Arten von M&ouml;rtel.<\/em><\/p><h2>Einzigartig f&uuml;r DK Pointer haben Sie die M&ouml;glichkeit, einen Putzm&ouml;rtel zu verwenden.<\/h2><p>DK Pointer gibt den M&ouml;rtel wie ein Spritzbeutel aus &ndash; es gibt keine Probleme damit, dass der Putzm&ouml;rtel auf ein Schneckenf&ouml;rderband f&auml;llt. Es ist ein Vorteil &ndash; aber keine Voraussetzung -, Plastifizierungsmittel in Zementm&ouml;rteln zu verwenden. Dies gew&auml;hrleistet, dass der M&ouml;rtel besser in der Zylinder gleitet.<\/p>\n","protected":false},"excerpt":{"rendered":"<h3>Fugenpistole mit 4 D\u00fcsen Verfugen M\u00f6rtel<\/h3>\n<ul>\n<li>4 D\u00fcsen<\/li>\n<li>Kolben aus rostfreiem Stahl<\/li>\n<li>Hergestellt aus strapazierf\u00e4higem ABS<\/li>\n<li>630 x 135 mm<\/li>\n<li>D\u00fcsengr\u00f6\u00dfen: 12, 20, 35, 56 mm<\/li>\n<li>Einfach zu bedienen<\/li>\n<li>Weniger Verschwendung und Unordnung beim Verfugen<\/li>\n<\/ul>\n","protected":false},"featured_media":2069,"comment_status":"open","ping_status":"closed","template":"","meta":[],"product_brand":[],"product_cat":[244],"product_tag":[1235,1951,982,983,409,671,1313,2900,2874,868],"class_list":{"0":"post-2175","1":"product","2":"type-product","3":"status-publish","4":"has-post-thumbnail","6":"product_cat-mortelfugepistoler-de","7":"product_tag-beton-de","8":"product_tag-concrete-de","9":"product_tag-fuge-de","10":"product_tag-fugepistoltilmoertel-de","11":"product_tag-moertelfuge-de-2","12":"product_tag-moertelfugepistol-de","13":"product_tag-voegen-de","14":"product_tag-googleads-de","15":"product_tag-googleleads-de","16":"product_tag-moertel-fugen-spritze-mit-druckluft","18":"first","19":"instock","20":"taxable","21":"shipping-taxable","22":"purchasable","23":"product-type-simple"},"yoast_head":"<!-- This site is optimized with the Yoast SEO plugin v27.4 - https:\/\/yoast.com\/product\/yoast-seo-wordpress\/ -->\n<title>Fugenpistole mit 4 D\u00fcsen Verfugen M\u00f6rtel - Murerpoint ApS<\/title>\n<meta name=\"description\" content=\"DK Pointer dr\u00fcckt den M\u00f6rtel wie eine Spritzt\u00fcte aus - keine Probleme damit, dass der Putzm\u00f6rtel auf eine Schnecke f\u00e4llt. Einfach und funktional.\" \/>\n<meta name=\"robots\" content=\"index, follow, max-snippet:-1, max-image-preview:large, max-video-preview:-1\" \/>\n<link rel=\"canonical\" href=\"https:\/\/murerpoint.dk\/de\/produkt\/fugenpistole-mit-4-duesen-verfugen-moertel\/\" \/>\n<meta property=\"og:locale\" content=\"de_DE\" \/>\n<meta property=\"og:type\" content=\"article\" \/>\n<meta property=\"og:title\" content=\"Fugenpistole mit 4 D\u00fcsen Verfugen M\u00f6rtel - Murerpoint ApS\" \/>\n<meta property=\"og:description\" content=\"DK Pointer dr\u00fcckt den M\u00f6rtel wie eine Spritzt\u00fcte aus - keine Probleme damit, dass der Putzm\u00f6rtel auf eine Schnecke f\u00e4llt. Einfach und funktional.\" \/>\n<meta property=\"og:url\" content=\"https:\/\/murerpoint.dk\/de\/produkt\/fugenpistole-mit-4-duesen-verfugen-moertel\/\" \/>\n<meta property=\"og:site_name\" content=\"Murerpoint ApS\" \/>\n<meta property=\"article:publisher\" content=\"https:\/\/m.facebook.com\/profile.php?id=61555157262134\" \/>\n<meta property=\"article:modified_time\" content=\"2024-05-14T10:45:30+00:00\" \/>\n<meta property=\"og:image\" content=\"https:\/\/murerpoint.dk\/wp-content\/uploads\/2024\/03\/billede_2024-03-21_134753167.png\" \/>\n\t<meta property=\"og:image:width\" content=\"506\" \/>\n\t<meta property=\"og:image:height\" content=\"505\" \/>\n\t<meta property=\"og:image:type\" content=\"image\/png\" \/>\n<meta name=\"twitter:card\" content=\"summary_large_image\" \/>\n<meta name=\"twitter:label1\" content=\"Preis\" \/>\n\t<meta name=\"twitter:data1\" content=\"&euro;19.89 Pris ekskl. moms: &euro;15.91\" \/>\n\t<meta name=\"twitter:label2\" content=\"Verf\u00fcgbarkeit\" \/>\n\t<meta name=\"twitter:data2\" content=\"Auf Lager\" \/>\n<script type=\"application\/ld+json\" class=\"yoast-schema-graph\">{\"@context\":\"https:\\\/\\\/schema.org\",\"@graph\":[{\"@type\":\"WebPage\",\"@id\":\"https:\\\/\\\/murerpoint.dk\\\/de\\\/produkt\\\/fugenpistole-mit-4-duesen-verfugen-moertel\\\/\",\"url\":\"https:\\\/\\\/murerpoint.dk\\\/de\\\/produkt\\\/fugenpistole-mit-4-duesen-verfugen-moertel\\\/\",\"name\":\"Fugenpistole mit 4 D\u00fcsen Verfugen M\u00f6rtel - Murerpoint ApS\",\"isPartOf\":{\"@id\":\"https:\\\/\\\/murerpoint.dk\\\/de\\\/#website\"},\"primaryImageOfPage\":{\"@id\":\"https:\\\/\\\/murerpoint.dk\\\/de\\\/produkt\\\/fugenpistole-mit-4-duesen-verfugen-moertel\\\/#primaryimage\"},\"image\":{\"@id\":\"https:\\\/\\\/murerpoint.dk\\\/de\\\/produkt\\\/fugenpistole-mit-4-duesen-verfugen-moertel\\\/#primaryimage\"},\"thumbnailUrl\":\"https:\\\/\\\/murerpoint.dk\\\/wp-content\\\/uploads\\\/2024\\\/03\\\/billede_2024-03-21_134753167.png\",\"datePublished\":\"2024-03-21T12:50:12+00:00\",\"dateModified\":\"2024-05-14T10:45:30+00:00\",\"description\":\"DK Pointer dr\u00fcckt den M\u00f6rtel wie eine Spritzt\u00fcte aus - keine Probleme damit, dass der Putzm\u00f6rtel auf eine Schnecke f\u00e4llt. Einfach und funktional.\",\"breadcrumb\":{\"@id\":\"https:\\\/\\\/murerpoint.dk\\\/de\\\/produkt\\\/fugenpistole-mit-4-duesen-verfugen-moertel\\\/#breadcrumb\"},\"inLanguage\":\"de\",\"potentialAction\":[{\"@type\":\"ReadAction\",\"target\":[\"https:\\\/\\\/murerpoint.dk\\\/de\\\/produkt\\\/fugenpistole-mit-4-duesen-verfugen-moertel\\\/\"]}]},{\"@type\":\"ImageObject\",\"inLanguage\":\"de\",\"@id\":\"https:\\\/\\\/murerpoint.dk\\\/de\\\/produkt\\\/fugenpistole-mit-4-duesen-verfugen-moertel\\\/#primaryimage\",\"url\":\"https:\\\/\\\/murerpoint.dk\\\/wp-content\\\/uploads\\\/2024\\\/03\\\/billede_2024-03-21_134753167.png\",\"contentUrl\":\"https:\\\/\\\/murerpoint.dk\\\/wp-content\\\/uploads\\\/2024\\\/03\\\/billede_2024-03-21_134753167.png\",\"width\":506,\"height\":505,\"caption\":\"Komplet M\u00f8rtelfugepistol DK Pointer klar til brug\"},{\"@type\":\"BreadcrumbList\",\"@id\":\"https:\\\/\\\/murerpoint.dk\\\/de\\\/produkt\\\/fugenpistole-mit-4-duesen-verfugen-moertel\\\/#breadcrumb\",\"itemListElement\":[{\"@type\":\"ListItem\",\"position\":1,\"name\":\"Hjem\",\"item\":\"https:\\\/\\\/murerpoint.dk\\\/de\\\/\"},{\"@type\":\"ListItem\",\"position\":2,\"name\":\"SHOPPEN\",\"item\":\"https:\\\/\\\/murerpoint.dk\\\/de\\\/shoppen\\\/\"},{\"@type\":\"ListItem\",\"position\":3,\"name\":\"Fugenpistole mit 4 D\u00fcsen Verfugen M\u00f6rtel\"}]},{\"@type\":\"WebSite\",\"@id\":\"https:\\\/\\\/murerpoint.dk\\\/de\\\/#website\",\"url\":\"https:\\\/\\\/murerpoint.dk\\\/de\\\/\",\"name\":\"Murerpoint\",\"description\":\"kvalitets v\u00e6rkt\u00f8j\",\"publisher\":{\"@id\":\"https:\\\/\\\/murerpoint.dk\\\/de\\\/#organization\"},\"potentialAction\":[{\"@type\":\"SearchAction\",\"target\":{\"@type\":\"EntryPoint\",\"urlTemplate\":\"https:\\\/\\\/murerpoint.dk\\\/de\\\/?s={search_term_string}\"},\"query-input\":{\"@type\":\"PropertyValueSpecification\",\"valueRequired\":true,\"valueName\":\"search_term_string\"}}],\"inLanguage\":\"de\"},{\"@type\":\"Organization\",\"@id\":\"https:\\\/\\\/murerpoint.dk\\\/de\\\/#organization\",\"name\":\"Murerpoint ApS\",\"url\":\"https:\\\/\\\/murerpoint.dk\\\/de\\\/\",\"logo\":{\"@type\":\"ImageObject\",\"inLanguage\":\"de\",\"@id\":\"https:\\\/\\\/murerpoint.dk\\\/de\\\/#\\\/schema\\\/logo\\\/image\\\/\",\"url\":\"https:\\\/\\\/murerpoint.dk\\\/wp-content\\\/uploads\\\/2023\\\/12\\\/cropped-Sort-Midt-Roed-Mursten.png\",\"contentUrl\":\"https:\\\/\\\/murerpoint.dk\\\/wp-content\\\/uploads\\\/2023\\\/12\\\/cropped-Sort-Midt-Roed-Mursten.png\",\"width\":512,\"height\":512,\"caption\":\"Murerpoint ApS\"},\"image\":{\"@id\":\"https:\\\/\\\/murerpoint.dk\\\/de\\\/#\\\/schema\\\/logo\\\/image\\\/\"},\"sameAs\":[\"https:\\\/\\\/m.facebook.com\\\/profile.php?id=61555157262134\",\"https:\\\/\\\/www.instagram.com\\\/murerpoint?igsh=azluMWV6cTnc2ts&utm_source=qr\",\"https:\\\/\\\/www.tiktok.com\\\/@murerpoint?is_from_webapp=1&sender_device=pc\"]}]}<\/script>\n<meta property=\"product:price:amount\" content=\"19.89\" \/>\n<meta property=\"product:price:currency\" content=\"EUR\" \/>\n<meta property=\"og:availability\" content=\"instock\" \/>\n<meta property=\"product:availability\" content=\"instock\" \/>\n<meta property=\"product:retailer_item_id\" content=\"mp00\" \/>\n<meta property=\"product:condition\" content=\"new\" \/>\n<!-- \/ Yoast SEO plugin. -->","yoast_head_json":{"title":"Fugenpistole mit 4 D\u00fcsen Verfugen M\u00f6rtel - Murerpoint ApS","description":"DK Pointer dr\u00fcckt den M\u00f6rtel wie eine Spritzt\u00fcte aus - keine Probleme damit, dass der Putzm\u00f6rtel auf eine Schnecke f\u00e4llt. Einfach und funktional.","robots":{"index":"index","follow":"follow","max-snippet":"max-snippet:-1","max-image-preview":"max-image-preview:large","max-video-preview":"max-video-preview:-1"},"canonical":"https:\/\/murerpoint.dk\/de\/produkt\/fugenpistole-mit-4-duesen-verfugen-moertel\/","og_locale":"de_DE","og_type":"article","og_title":"Fugenpistole mit 4 D\u00fcsen Verfugen M\u00f6rtel - Murerpoint ApS","og_description":"DK Pointer dr\u00fcckt den M\u00f6rtel wie eine Spritzt\u00fcte aus - keine Probleme damit, dass der Putzm\u00f6rtel auf eine Schnecke f\u00e4llt. Einfach und funktional.","og_url":"https:\/\/murerpoint.dk\/de\/produkt\/fugenpistole-mit-4-duesen-verfugen-moertel\/","og_site_name":"Murerpoint ApS","article_publisher":"https:\/\/m.facebook.com\/profile.php?id=61555157262134","article_modified_time":"2024-05-14T10:45:30+00:00","og_image":[{"width":506,"height":505,"url":"https:\/\/murerpoint.dk\/wp-content\/uploads\/2024\/03\/billede_2024-03-21_134753167.png","type":"image\/png"}],"twitter_card":"summary_large_image","twitter_misc":{"Preis":"&euro;19.89 Pris ekskl. moms: &euro;15.91","Verf\u00fcgbarkeit":"Auf Lager"},"schema":{"@context":"https:\/\/schema.org","@graph":[{"@type":"WebPage","@id":"https:\/\/murerpoint.dk\/de\/produkt\/fugenpistole-mit-4-duesen-verfugen-moertel\/","url":"https:\/\/murerpoint.dk\/de\/produkt\/fugenpistole-mit-4-duesen-verfugen-moertel\/","name":"Fugenpistole mit 4 D\u00fcsen Verfugen M\u00f6rtel - Murerpoint ApS","isPartOf":{"@id":"https:\/\/murerpoint.dk\/de\/#website"},"primaryImageOfPage":{"@id":"https:\/\/murerpoint.dk\/de\/produkt\/fugenpistole-mit-4-duesen-verfugen-moertel\/#primaryimage"},"image":{"@id":"https:\/\/murerpoint.dk\/de\/produkt\/fugenpistole-mit-4-duesen-verfugen-moertel\/#primaryimage"},"thumbnailUrl":"https:\/\/murerpoint.dk\/wp-content\/uploads\/2024\/03\/billede_2024-03-21_134753167.png","datePublished":"2024-03-21T12:50:12+00:00","dateModified":"2024-05-14T10:45:30+00:00","description":"DK Pointer dr\u00fcckt den M\u00f6rtel wie eine Spritzt\u00fcte aus - keine Probleme damit, dass der Putzm\u00f6rtel auf eine Schnecke f\u00e4llt. Einfach und funktional.","breadcrumb":{"@id":"https:\/\/murerpoint.dk\/de\/produkt\/fugenpistole-mit-4-duesen-verfugen-moertel\/#breadcrumb"},"inLanguage":"de","potentialAction":[{"@type":"ReadAction","target":["https:\/\/murerpoint.dk\/de\/produkt\/fugenpistole-mit-4-duesen-verfugen-moertel\/"]}]},{"@type":"ImageObject","inLanguage":"de","@id":"https:\/\/murerpoint.dk\/de\/produkt\/fugenpistole-mit-4-duesen-verfugen-moertel\/#primaryimage","url":"https:\/\/murerpoint.dk\/wp-content\/uploads\/2024\/03\/billede_2024-03-21_134753167.png","contentUrl":"https:\/\/murerpoint.dk\/wp-content\/uploads\/2024\/03\/billede_2024-03-21_134753167.png","width":506,"height":505,"caption":"Komplet M\u00f8rtelfugepistol DK Pointer klar til brug"},{"@type":"BreadcrumbList","@id":"https:\/\/murerpoint.dk\/de\/produkt\/fugenpistole-mit-4-duesen-verfugen-moertel\/#breadcrumb","itemListElement":[{"@type":"ListItem","position":1,"name":"Hjem","item":"https:\/\/murerpoint.dk\/de\/"},{"@type":"ListItem","position":2,"name":"SHOPPEN","item":"https:\/\/murerpoint.dk\/de\/shoppen\/"},{"@type":"ListItem","position":3,"name":"Fugenpistole mit 4 D\u00fcsen Verfugen M\u00f6rtel"}]},{"@type":"WebSite","@id":"https:\/\/murerpoint.dk\/de\/#website","url":"https:\/\/murerpoint.dk\/de\/","name":"Murerpoint","description":"kvalitets v\u00e6rkt\u00f8j","publisher":{"@id":"https:\/\/murerpoint.dk\/de\/#organization"},"potentialAction":[{"@type":"SearchAction","target":{"@type":"EntryPoint","urlTemplate":"https:\/\/murerpoint.dk\/de\/?s={search_term_string}"},"query-input":{"@type":"PropertyValueSpecification","valueRequired":true,"valueName":"search_term_string"}}],"inLanguage":"de"},{"@type":"Organization","@id":"https:\/\/murerpoint.dk\/de\/#organization","name":"Murerpoint ApS","url":"https:\/\/murerpoint.dk\/de\/","logo":{"@type":"ImageObject","inLanguage":"de","@id":"https:\/\/murerpoint.dk\/de\/#\/schema\/logo\/image\/","url":"https:\/\/murerpoint.dk\/wp-content\/uploads\/2023\/12\/cropped-Sort-Midt-Roed-Mursten.png","contentUrl":"https:\/\/murerpoint.dk\/wp-content\/uploads\/2023\/12\/cropped-Sort-Midt-Roed-Mursten.png","width":512,"height":512,"caption":"Murerpoint ApS"},"image":{"@id":"https:\/\/murerpoint.dk\/de\/#\/schema\/logo\/image\/"},"sameAs":["https:\/\/m.facebook.com\/profile.php?id=61555157262134","https:\/\/www.instagram.com\/murerpoint?igsh=azluMWV6cTnc2ts&utm_source=qr","https:\/\/www.tiktok.com\/@murerpoint?is_from_webapp=1&sender_device=pc"]}]},"product_price_amount":"19.89","product_price_currency":"EUR","og_availability":"instock","product_availability":"instock","product_retailer_item_id":"mp00","product_condition":"new"},"_links":{"self":[{"href":"https:\/\/murerpoint.dk\/de\/wp-json\/wp\/v2\/product\/2175","targetHints":{"allow":["GET"]}}],"collection":[{"href":"https:\/\/murerpoint.dk\/de\/wp-json\/wp\/v2\/product"}],"about":[{"href":"https:\/\/murerpoint.dk\/de\/wp-json\/wp\/v2\/types\/product"}],"replies":[{"embeddable":true,"href":"https:\/\/murerpoint.dk\/de\/wp-json\/wp\/v2\/comments?post=2175"}],"wp:featuredmedia":[{"embeddable":true,"href":"https:\/\/murerpoint.dk\/de\/wp-json\/wp\/v2\/media\/2069"}],"wp:attachment":[{"href":"https:\/\/murerpoint.dk\/de\/wp-json\/wp\/v2\/media?parent=2175"}],"wp:term":[{"taxonomy":"product_brand","embeddable":true,"href":"https:\/\/murerpoint.dk\/de\/wp-json\/wp\/v2\/product_brand?post=2175"},{"taxonomy":"product_cat","embeddable":true,"href":"https:\/\/murerpoint.dk\/de\/wp-json\/wp\/v2\/product_cat?post=2175"},{"taxonomy":"product_tag","embeddable":true,"href":"https:\/\/murerpoint.dk\/de\/wp-json\/wp\/v2\/product_tag?post=2175"}],"curies":[{"name":"wp","href":"https:\/\/api.w.org\/{rel}","templated":true}]}}