{"id":2182,"date":"2024-03-21T14:05:49","date_gmt":"2024-03-21T14:05:49","guid":{"rendered":"https:\/\/murerpoint.dk\/product\/mortelfogpistol-manuell-med-visp\/"},"modified":"2024-05-14T12:00:50","modified_gmt":"2024-05-14T12:00:50","slug":"moertelfugenpistole-manuell-mit-schneebesen","status":"publish","type":"product","link":"https:\/\/murerpoint.dk\/de\/produkt\/moertelfugenpistole-manuell-mit-schneebesen\/","title":{"rendered":"M\u00f6rtelfugenpistole &#8211; manuell mit Schneebesen"},"content":{"rendered":"<?xml encoding=\"utf-8\" ?><h2>M&ouml;rtelfugenpistole &ndash; manuell mit Schneebesen<\/h2><p>Intelligentes Fugenpistole, das die Fugenarbeit einfach und effektiv macht.<\/p><p>Die Fugenpistole kann von jedermann verwendet werden, auch wenn Sie kein gro&szlig;er Heimwerker sind. Sie werden zweifellos ein gutes Fugenergebnis erzielen. Sie k&ouml;nnen die Fugenpistole verwenden, um alle Arten von Mauerwerk zu verfugen, und sie kann sowohl von Profis als auch von Heimwerkern verwendet werden.<\/p><h2>Manuelle M&ouml;rtelspritzpistole:<\/h2><div class=\"flex-1 overflow-hidden\">\n<div class=\"react-scroll-to-bottom--css-kzcmm-79elbk h-full\">\n<div class=\"react-scroll-to-bottom--css-kzcmm-1n7m0yu\">\n<div class=\"flex flex-col text-sm pb-9\">\n<div class=\"w-full text-token-text-primary\" data-testid=\"conversation-turn-113\">\n<div class=\"px-4 py-2 justify-center text-base md:gap-6 m-auto\">\n<div class=\"flex flex-1 text-base mx-auto gap-3 md:px-5 lg:px-1 xl:px-5 md:max-w-3xl lg:max-w-[40rem] xl:max-w-[48rem] group final-completion\">\n<div class=\"relative flex w-full flex-col agent-turn\">\n<div class=\"flex-col gap-1 md:gap-3\">\n<div class=\"flex flex-grow flex-col max-w-full\">\n<div class=\"min-h-[20px] text-message flex flex-col items-start gap-3 whitespace-pre-wrap break-words [.text-message+&amp;]:mt-5 overflow-x-auto\" data-message-author-role=\"assistant\" data-message-id=\"b1b1ceab-5a9e-48e7-b931-c8c24802b76b\">\n<div class=\"markdown prose w-full break-words dark:prose-invert light\">\n<ul>\n<li>Fugenpistole zum Verfugen von Mauerwerk und Fliesen.<\/li>\n<li>Geeignet f&uuml;r kleinere Reparaturen.<\/li>\n<li>Es ist von Vorteil, plastifizierendes Gibco dem M&ouml;rtel hinzuzuf&uuml;gen.<\/li>\n<li>Leicht und effektiv in der Anwendung.<\/li>\n<\/ul>\n<h2>Im Lieferumfang enthalten:<\/h2>\n<ul>\n<li>Fugenpistole<\/li>\n<li>Schneebesen<\/li>\n<li>Zus&auml;tzliche D&uuml;sen<\/li>\n<\/ul>\n<\/div>\n<\/div>\n<\/div>\n<\/div>\n<\/div>\n<\/div>\n<\/div>\n<\/div>\n<\/div>\n<\/div>\n<\/div>\n<\/div>\n","protected":false},"excerpt":{"rendered":"<h2>M\u00f6rtelfugenpistole &#8211; manuell mit Schneebesen<\/h2>\n<ol>\n<li>Fugenpistole zum Verfugen von Mauerwerk und Fliesen.<\/li>\n<li>Geeignet f\u00fcr kleinere Reparaturen.<\/li>\n<li>Es ist von Vorteil, plastifizierendes Gibco dem M\u00f6rtel hinzuzuf\u00fcgen.<\/li>\n<li>Leicht und effektiv in der Anwendung.<\/li>\n<\/ol>\n<h5>Im Lieferumfang enthalten:<\/h5>\n<ul>\n<li>Fugenpistole<\/li>\n<li>Schneebesen<\/li>\n<li>Zus\u00e4tzliche D\u00fcsen<\/li>\n<\/ul>\n","protected":false},"featured_media":2081,"comment_status":"open","ping_status":"closed","template":"","meta":[],"product_brand":[],"product_cat":[244],"product_tag":[674,983,1003,267,1004,269,671,273,1005,1006,297,1007,2900,868],"class_list":{"0":"post-2182","1":"product","2":"type-product","3":"status-publish","4":"has-post-thumbnail","6":"product_cat-mortelfugepistoler-de","7":"product_tag-fugenpistole","8":"product_tag-fugepistoltilmoertel-de","9":"product_tag-manuel-de","10":"product_tag-mortargun-de","11":"product_tag-mortarpointingun-de","12":"product_tag-mortel-de","13":"product_tag-moertelfugepistol-de","14":"product_tag-mortelpistool-de","15":"product_tag-pointinggrouting-de","16":"product_tag-pointinggun-de","17":"product_tag-voegpistool-de","18":"product_tag-voegspuit-de","19":"product_tag-googleads-de","20":"product_tag-moertel-fugen-spritze-mit-druckluft","22":"first","23":"instock","24":"taxable","25":"shipping-taxable","26":"purchasable","27":"product-type-simple"},"yoast_head":"<!-- This site is optimized with the Yoast SEO plugin v27.4 - https:\/\/yoast.com\/product\/yoast-seo-wordpress\/ -->\n<title>M\u00f6rtelfugenpistole - manuell mit Schneebesen - Murerpoint ApS<\/title>\n<meta name=\"description\" content=\"Intelligentes manuelles Fugenpistole, das die Fugenarbeit einfach und effektiv macht. Kann von jedermann verwendet werden. F\u00fcr alle Arten von Mauerwerk.\" \/>\n<meta name=\"robots\" content=\"index, follow, max-snippet:-1, max-image-preview:large, max-video-preview:-1\" \/>\n<link rel=\"canonical\" href=\"https:\/\/murerpoint.dk\/de\/produkt\/moertelfugenpistole-manuell-mit-schneebesen\/\" \/>\n<meta property=\"og:locale\" content=\"de_DE\" \/>\n<meta property=\"og:type\" content=\"article\" \/>\n<meta property=\"og:title\" content=\"M\u00f6rtelfugenpistole - manuell mit Schneebesen - Murerpoint ApS\" \/>\n<meta property=\"og:description\" content=\"Intelligentes manuelles Fugenpistole, das die Fugenarbeit einfach und effektiv macht. Kann von jedermann verwendet werden. F\u00fcr alle Arten von Mauerwerk.\" \/>\n<meta property=\"og:url\" content=\"https:\/\/murerpoint.dk\/de\/produkt\/moertelfugenpistole-manuell-mit-schneebesen\/\" \/>\n<meta property=\"og:site_name\" content=\"Murerpoint ApS\" \/>\n<meta property=\"article:publisher\" content=\"https:\/\/m.facebook.com\/profile.php?id=61555157262134\" \/>\n<meta property=\"article:modified_time\" content=\"2024-05-14T12:00:50+00:00\" \/>\n<meta property=\"og:image\" content=\"https:\/\/murerpoint.dk\/wp-content\/uploads\/2024\/03\/manuel-moertel-fugepistol.jpg\" \/>\n\t<meta property=\"og:image:width\" content=\"505\" \/>\n\t<meta property=\"og:image:height\" content=\"495\" \/>\n\t<meta property=\"og:image:type\" content=\"image\/jpeg\" \/>\n<meta name=\"twitter:card\" content=\"summary_large_image\" \/>\n<meta name=\"twitter:label1\" content=\"Preis\" \/>\n\t<meta name=\"twitter:data1\" content=\"&euro;53.35 Pris ekskl. moms: &euro;42.68\" \/>\n\t<meta name=\"twitter:label2\" content=\"Verf\u00fcgbarkeit\" \/>\n\t<meta name=\"twitter:data2\" content=\"Auf Lager\" \/>\n<script type=\"application\/ld+json\" class=\"yoast-schema-graph\">{\"@context\":\"https:\\\/\\\/schema.org\",\"@graph\":[{\"@type\":\"WebPage\",\"@id\":\"https:\\\/\\\/murerpoint.dk\\\/de\\\/produkt\\\/moertelfugenpistole-manuell-mit-schneebesen\\\/\",\"url\":\"https:\\\/\\\/murerpoint.dk\\\/de\\\/produkt\\\/moertelfugenpistole-manuell-mit-schneebesen\\\/\",\"name\":\"M\u00f6rtelfugenpistole - manuell mit Schneebesen - Murerpoint ApS\",\"isPartOf\":{\"@id\":\"https:\\\/\\\/murerpoint.dk\\\/de\\\/#website\"},\"primaryImageOfPage\":{\"@id\":\"https:\\\/\\\/murerpoint.dk\\\/de\\\/produkt\\\/moertelfugenpistole-manuell-mit-schneebesen\\\/#primaryimage\"},\"image\":{\"@id\":\"https:\\\/\\\/murerpoint.dk\\\/de\\\/produkt\\\/moertelfugenpistole-manuell-mit-schneebesen\\\/#primaryimage\"},\"thumbnailUrl\":\"https:\\\/\\\/murerpoint.dk\\\/wp-content\\\/uploads\\\/2024\\\/03\\\/manuel-moertel-fugepistol.jpg\",\"datePublished\":\"2024-03-21T14:05:49+00:00\",\"dateModified\":\"2024-05-14T12:00:50+00:00\",\"description\":\"Intelligentes manuelles Fugenpistole, das die Fugenarbeit einfach und effektiv macht. Kann von jedermann verwendet werden. F\u00fcr alle Arten von Mauerwerk.\",\"breadcrumb\":{\"@id\":\"https:\\\/\\\/murerpoint.dk\\\/de\\\/produkt\\\/moertelfugenpistole-manuell-mit-schneebesen\\\/#breadcrumb\"},\"inLanguage\":\"de\",\"potentialAction\":[{\"@type\":\"ReadAction\",\"target\":[\"https:\\\/\\\/murerpoint.dk\\\/de\\\/produkt\\\/moertelfugenpistole-manuell-mit-schneebesen\\\/\"]}]},{\"@type\":\"ImageObject\",\"inLanguage\":\"de\",\"@id\":\"https:\\\/\\\/murerpoint.dk\\\/de\\\/produkt\\\/moertelfugenpistole-manuell-mit-schneebesen\\\/#primaryimage\",\"url\":\"https:\\\/\\\/murerpoint.dk\\\/wp-content\\\/uploads\\\/2024\\\/03\\\/manuel-moertel-fugepistol.jpg\",\"contentUrl\":\"https:\\\/\\\/murerpoint.dk\\\/wp-content\\\/uploads\\\/2024\\\/03\\\/manuel-moertel-fugepistol.jpg\",\"width\":505,\"height\":495,\"caption\":\"Denne smarte fugepistol g\u00f8r fugearbejdet nemt og effektivt. Fugepistolen kan anvende af enhver, selv hvis du ikke er den store g\u00f8r-det-selv-man, og du vil uden tvivl opn\u00e5 et godt fugeresultat. Du kan bruge fugepistolen til fugning af alle typer murv\u00e6rk, og den kan b\u00e5de anvendes af professionelle samt g\u00f8r-det-selv folket.\"},{\"@type\":\"BreadcrumbList\",\"@id\":\"https:\\\/\\\/murerpoint.dk\\\/de\\\/produkt\\\/moertelfugenpistole-manuell-mit-schneebesen\\\/#breadcrumb\",\"itemListElement\":[{\"@type\":\"ListItem\",\"position\":1,\"name\":\"Hjem\",\"item\":\"https:\\\/\\\/murerpoint.dk\\\/de\\\/\"},{\"@type\":\"ListItem\",\"position\":2,\"name\":\"SHOPPEN\",\"item\":\"https:\\\/\\\/murerpoint.dk\\\/de\\\/shoppen\\\/\"},{\"@type\":\"ListItem\",\"position\":3,\"name\":\"M\u00f6rtelfugenpistole &#8211; manuell mit Schneebesen\"}]},{\"@type\":\"WebSite\",\"@id\":\"https:\\\/\\\/murerpoint.dk\\\/de\\\/#website\",\"url\":\"https:\\\/\\\/murerpoint.dk\\\/de\\\/\",\"name\":\"Murerpoint\",\"description\":\"kvalitets v\u00e6rkt\u00f8j\",\"publisher\":{\"@id\":\"https:\\\/\\\/murerpoint.dk\\\/de\\\/#organization\"},\"potentialAction\":[{\"@type\":\"SearchAction\",\"target\":{\"@type\":\"EntryPoint\",\"urlTemplate\":\"https:\\\/\\\/murerpoint.dk\\\/de\\\/?s={search_term_string}\"},\"query-input\":{\"@type\":\"PropertyValueSpecification\",\"valueRequired\":true,\"valueName\":\"search_term_string\"}}],\"inLanguage\":\"de\"},{\"@type\":\"Organization\",\"@id\":\"https:\\\/\\\/murerpoint.dk\\\/de\\\/#organization\",\"name\":\"Murerpoint ApS\",\"url\":\"https:\\\/\\\/murerpoint.dk\\\/de\\\/\",\"logo\":{\"@type\":\"ImageObject\",\"inLanguage\":\"de\",\"@id\":\"https:\\\/\\\/murerpoint.dk\\\/de\\\/#\\\/schema\\\/logo\\\/image\\\/\",\"url\":\"https:\\\/\\\/murerpoint.dk\\\/wp-content\\\/uploads\\\/2023\\\/12\\\/cropped-Sort-Midt-Roed-Mursten.png\",\"contentUrl\":\"https:\\\/\\\/murerpoint.dk\\\/wp-content\\\/uploads\\\/2023\\\/12\\\/cropped-Sort-Midt-Roed-Mursten.png\",\"width\":512,\"height\":512,\"caption\":\"Murerpoint ApS\"},\"image\":{\"@id\":\"https:\\\/\\\/murerpoint.dk\\\/de\\\/#\\\/schema\\\/logo\\\/image\\\/\"},\"sameAs\":[\"https:\\\/\\\/m.facebook.com\\\/profile.php?id=61555157262134\",\"https:\\\/\\\/www.instagram.com\\\/murerpoint?igsh=azluMWV6cTnc2ts&utm_source=qr\",\"https:\\\/\\\/www.tiktok.com\\\/@murerpoint?is_from_webapp=1&sender_device=pc\"]}]}<\/script>\n<meta property=\"product:price:amount\" content=\"53.35\" \/>\n<meta property=\"product:price:currency\" content=\"EUR\" \/>\n<meta property=\"og:availability\" content=\"instock\" \/>\n<meta property=\"product:availability\" content=\"instock\" \/>\n<meta property=\"product:retailer_item_id\" content=\"mp00036\" \/>\n<meta property=\"product:condition\" content=\"new\" \/>\n<!-- \/ Yoast SEO plugin. -->","yoast_head_json":{"title":"M\u00f6rtelfugenpistole - manuell mit Schneebesen - Murerpoint ApS","description":"Intelligentes manuelles Fugenpistole, das die Fugenarbeit einfach und effektiv macht. Kann von jedermann verwendet werden. F\u00fcr alle Arten von Mauerwerk.","robots":{"index":"index","follow":"follow","max-snippet":"max-snippet:-1","max-image-preview":"max-image-preview:large","max-video-preview":"max-video-preview:-1"},"canonical":"https:\/\/murerpoint.dk\/de\/produkt\/moertelfugenpistole-manuell-mit-schneebesen\/","og_locale":"de_DE","og_type":"article","og_title":"M\u00f6rtelfugenpistole - manuell mit Schneebesen - Murerpoint ApS","og_description":"Intelligentes manuelles Fugenpistole, das die Fugenarbeit einfach und effektiv macht. Kann von jedermann verwendet werden. F\u00fcr alle Arten von Mauerwerk.","og_url":"https:\/\/murerpoint.dk\/de\/produkt\/moertelfugenpistole-manuell-mit-schneebesen\/","og_site_name":"Murerpoint ApS","article_publisher":"https:\/\/m.facebook.com\/profile.php?id=61555157262134","article_modified_time":"2024-05-14T12:00:50+00:00","og_image":[{"width":505,"height":495,"url":"https:\/\/murerpoint.dk\/wp-content\/uploads\/2024\/03\/manuel-moertel-fugepistol.jpg","type":"image\/jpeg"}],"twitter_card":"summary_large_image","twitter_misc":{"Preis":"&euro;53.35 Pris ekskl. moms: &euro;42.68","Verf\u00fcgbarkeit":"Auf Lager"},"schema":{"@context":"https:\/\/schema.org","@graph":[{"@type":"WebPage","@id":"https:\/\/murerpoint.dk\/de\/produkt\/moertelfugenpistole-manuell-mit-schneebesen\/","url":"https:\/\/murerpoint.dk\/de\/produkt\/moertelfugenpistole-manuell-mit-schneebesen\/","name":"M\u00f6rtelfugenpistole - manuell mit Schneebesen - Murerpoint ApS","isPartOf":{"@id":"https:\/\/murerpoint.dk\/de\/#website"},"primaryImageOfPage":{"@id":"https:\/\/murerpoint.dk\/de\/produkt\/moertelfugenpistole-manuell-mit-schneebesen\/#primaryimage"},"image":{"@id":"https:\/\/murerpoint.dk\/de\/produkt\/moertelfugenpistole-manuell-mit-schneebesen\/#primaryimage"},"thumbnailUrl":"https:\/\/murerpoint.dk\/wp-content\/uploads\/2024\/03\/manuel-moertel-fugepistol.jpg","datePublished":"2024-03-21T14:05:49+00:00","dateModified":"2024-05-14T12:00:50+00:00","description":"Intelligentes manuelles Fugenpistole, das die Fugenarbeit einfach und effektiv macht. Kann von jedermann verwendet werden. F\u00fcr alle Arten von Mauerwerk.","breadcrumb":{"@id":"https:\/\/murerpoint.dk\/de\/produkt\/moertelfugenpistole-manuell-mit-schneebesen\/#breadcrumb"},"inLanguage":"de","potentialAction":[{"@type":"ReadAction","target":["https:\/\/murerpoint.dk\/de\/produkt\/moertelfugenpistole-manuell-mit-schneebesen\/"]}]},{"@type":"ImageObject","inLanguage":"de","@id":"https:\/\/murerpoint.dk\/de\/produkt\/moertelfugenpistole-manuell-mit-schneebesen\/#primaryimage","url":"https:\/\/murerpoint.dk\/wp-content\/uploads\/2024\/03\/manuel-moertel-fugepistol.jpg","contentUrl":"https:\/\/murerpoint.dk\/wp-content\/uploads\/2024\/03\/manuel-moertel-fugepistol.jpg","width":505,"height":495,"caption":"Denne smarte fugepistol g\u00f8r fugearbejdet nemt og effektivt. Fugepistolen kan anvende af enhver, selv hvis du ikke er den store g\u00f8r-det-selv-man, og du vil uden tvivl opn\u00e5 et godt fugeresultat. Du kan bruge fugepistolen til fugning af alle typer murv\u00e6rk, og den kan b\u00e5de anvendes af professionelle samt g\u00f8r-det-selv folket."},{"@type":"BreadcrumbList","@id":"https:\/\/murerpoint.dk\/de\/produkt\/moertelfugenpistole-manuell-mit-schneebesen\/#breadcrumb","itemListElement":[{"@type":"ListItem","position":1,"name":"Hjem","item":"https:\/\/murerpoint.dk\/de\/"},{"@type":"ListItem","position":2,"name":"SHOPPEN","item":"https:\/\/murerpoint.dk\/de\/shoppen\/"},{"@type":"ListItem","position":3,"name":"M\u00f6rtelfugenpistole &#8211; manuell mit Schneebesen"}]},{"@type":"WebSite","@id":"https:\/\/murerpoint.dk\/de\/#website","url":"https:\/\/murerpoint.dk\/de\/","name":"Murerpoint","description":"kvalitets v\u00e6rkt\u00f8j","publisher":{"@id":"https:\/\/murerpoint.dk\/de\/#organization"},"potentialAction":[{"@type":"SearchAction","target":{"@type":"EntryPoint","urlTemplate":"https:\/\/murerpoint.dk\/de\/?s={search_term_string}"},"query-input":{"@type":"PropertyValueSpecification","valueRequired":true,"valueName":"search_term_string"}}],"inLanguage":"de"},{"@type":"Organization","@id":"https:\/\/murerpoint.dk\/de\/#organization","name":"Murerpoint ApS","url":"https:\/\/murerpoint.dk\/de\/","logo":{"@type":"ImageObject","inLanguage":"de","@id":"https:\/\/murerpoint.dk\/de\/#\/schema\/logo\/image\/","url":"https:\/\/murerpoint.dk\/wp-content\/uploads\/2023\/12\/cropped-Sort-Midt-Roed-Mursten.png","contentUrl":"https:\/\/murerpoint.dk\/wp-content\/uploads\/2023\/12\/cropped-Sort-Midt-Roed-Mursten.png","width":512,"height":512,"caption":"Murerpoint ApS"},"image":{"@id":"https:\/\/murerpoint.dk\/de\/#\/schema\/logo\/image\/"},"sameAs":["https:\/\/m.facebook.com\/profile.php?id=61555157262134","https:\/\/www.instagram.com\/murerpoint?igsh=azluMWV6cTnc2ts&utm_source=qr","https:\/\/www.tiktok.com\/@murerpoint?is_from_webapp=1&sender_device=pc"]}]},"product_price_amount":"53.35","product_price_currency":"EUR","og_availability":"instock","product_availability":"instock","product_retailer_item_id":"mp00036","product_condition":"new"},"_links":{"self":[{"href":"https:\/\/murerpoint.dk\/de\/wp-json\/wp\/v2\/product\/2182","targetHints":{"allow":["GET"]}}],"collection":[{"href":"https:\/\/murerpoint.dk\/de\/wp-json\/wp\/v2\/product"}],"about":[{"href":"https:\/\/murerpoint.dk\/de\/wp-json\/wp\/v2\/types\/product"}],"replies":[{"embeddable":true,"href":"https:\/\/murerpoint.dk\/de\/wp-json\/wp\/v2\/comments?post=2182"}],"wp:featuredmedia":[{"embeddable":true,"href":"https:\/\/murerpoint.dk\/de\/wp-json\/wp\/v2\/media\/2081"}],"wp:attachment":[{"href":"https:\/\/murerpoint.dk\/de\/wp-json\/wp\/v2\/media?parent=2182"}],"wp:term":[{"taxonomy":"product_brand","embeddable":true,"href":"https:\/\/murerpoint.dk\/de\/wp-json\/wp\/v2\/product_brand?post=2182"},{"taxonomy":"product_cat","embeddable":true,"href":"https:\/\/murerpoint.dk\/de\/wp-json\/wp\/v2\/product_cat?post=2182"},{"taxonomy":"product_tag","embeddable":true,"href":"https:\/\/murerpoint.dk\/de\/wp-json\/wp\/v2\/product_tag?post=2182"}],"curies":[{"name":"wp","href":"https:\/\/api.w.org\/{rel}","templated":true}]}}