{"id":2194,"date":"2024-03-22T16:16:17","date_gmt":"2024-03-22T16:16:17","guid":{"rendered":"https:\/\/murerpoint.dk\/product\/fogfras-enhet-med-3-haardmetallskar\/"},"modified":"2025-03-22T15:35:16","modified_gmt":"2025-03-22T15:35:16","slug":"3-schneiden-fugenfraeser-unit-beste-qualitaet-besten-preis","status":"publish","type":"product","link":"https:\/\/murerpoint.dk\/de\/produkt\/3-schneiden-fugenfraeser-unit-beste-qualitaet-besten-preis\/","title":{"rendered":"3 Schneiden Fugenfr\u00e4ser Unit Z3 Beste Qualit\u00e4t und Preis"},"content":{"rendered":"<?xml encoding=\"utf-8\" ?><h5>3 Schneiden Fugenfr&auml;ser Unit Z3 Beste Qualit&auml;t und Preis<\/h5><p>Suchen Sie nach einer zuverl&auml;ssigen und kosteng&uuml;nstigen L&ouml;sung, um alte Fugen zu entfernen? Unser <strong>3-Schneiden Fugenfr&auml;ser Unit Z3<\/strong> bietet Ihnen das Beste aus beiden Welten &ndash; hohe Qualit&auml;t zum besten Preis. Der Fr&auml;ser wurde entwickelt, um M&ouml;rtelfugen schnell und effizient zu entfernen, ohne das Mauerwerk zu besch&auml;digen, was ihn zur idealen Wahl f&uuml;r Profis und Heimwerker macht.<\/p><hr><h5><strong>Warum unseren 3-Schneiden Fugenfr&auml;ser w&auml;hlen?<\/strong><\/h5><ul>\n<li><strong>Die kosteneffektivste L&ouml;sung:<\/strong> Sie erhalten den besten Preis auf dem Markt, ohne bei der Qualit&auml;t Kompromisse einzugehen. Unser Fr&auml;ser ist robust und langlebig, was zu weniger Austausch und l&auml;ngerer Lebensdauer f&uuml;hrt.<\/li>\n<li><strong>Effiziente und schnelle Entfernung von M&ouml;rtelfugen:<\/strong> Mit drei Hartmetallschneiden k&ouml;nnen Sie Fugen schnell und pr&auml;zise entfernen, was die Arbeitszeit verk&uuml;rzt und bessere Ergebnisse liefert.<\/li>\n<li><strong>Benutzerfreundlichkeit:<\/strong> Die einfache Installation mit M14-Gewinde erm&ouml;glicht einen schnellen Arbeitsbeginn. Perfekt f&uuml;r Profis und Heimwerker.<\/li>\n<li><strong>Lange Lebensdauer:<\/strong> Die drei Hartmetallschneiden garantieren eine lange Lebensdauer, selbst bei anspruchsvollen Aufgaben.<\/li>\n<\/ul><hr><p><strong>Kundens Bed&uuml;rfnisse im Fokus:<\/strong> Ben&ouml;tigen Sie Hilfe bei der Auswahl des richtigen Fugenfr&auml;sers f&uuml;r Ihr Projekt? Besuchen Sie unsere <a href=\"https:\/\/murerpoint.dk\/en\/tips-and-tricks\/\" target=\"_blank\" rel=\"noopener noreferrer\">Guide: Mortar Raker &ndash; Bit, Unit, or Blade? &ndash; Murerpoint ApS<\/a>,&nbsp;wo Sie wertvolle Ratschl&auml;ge finden, um den passenden Fugenfr&auml;ser zu w&auml;hlen. Kontaktieren Sie uns auch f&uuml;r eine gute B2B-L&ouml;sung.<\/p><hr><h5><strong>Spezifikationen:<\/strong><\/h5><ul>\n<li><strong>Schnitttiefe:<\/strong> 26 mm<\/li>\n<li><strong>Verf&uuml;gbare Durchmesser:<\/strong> 6 mm, 8 mm, 10 mm, 12 mm, 14 mm<\/li>\n<li><strong>Material:<\/strong> 3 Hartmetallschneiden (Z3)<\/li>\n<li><strong>Montage:<\/strong> M14-Gewinde, passend f&uuml;r Winkelschleifer<\/li>\n<\/ul><p>Hier ist ein monterings video:<\/p><p><iframe title=\"P&aring;montering og ibrugtagning af Fugefr&aelig;ser og fugefr&aelig;sers&aring;l in action\" width=\"800\" height=\"450\" src=\"https:\/\/www.youtube.com\/embed\/XcZ1x7m15To?feature=oembed\" frameborder=\"0\" allow=\"accelerometer; autoplay; clipboard-write; encrypted-media; gyroscope; picture-in-picture; web-share\" referrerpolicy=\"strict-origin-when-cross-origin\" allowfullscreen><\/iframe><\/p>\n","protected":false},"excerpt":{"rendered":"<h5>3 Schneiden Fugenfr\u00e4ser Unit Z3 Beste Qualit\u00e4t und Preis<\/h5>\n<p>Effektiver <strong>3-Schneiden Fugenfr\u00e4ser Unit Z3<\/strong> mit dem besten Preis-Leistungs-Verh\u00e4ltnis. Schnitttiefe 26 mm. Ideal zum Auskratzen von M\u00f6rtelfugen. Schauen Sie sich unsere <a href=\"https:\/\/murerpoint.dk\/en\/tips-and-tricks\/\">Guide: Mortar Raker \u2013 Bit, Unit, or Blade? &#8211; Murerpoint ApS<\/a>\u00a0an, um den richtigen Fugenfr\u00e4ser zu w\u00e4hlen.<\/p>\n","protected":false},"featured_media":5903,"comment_status":"open","ping_status":"closed","template":"","meta":[],"product_brand":[],"product_cat":[624,635],"product_tag":[8582,8597,4164,9227,8188,9548,2176,9551,2228,1274,566,1032,575,1033,853,9367,9379,1034,1345,9557,8196,264,2563,1035,1347,8204,1348,411,1349,1314,8215,2900],"class_list":{"0":"post-2194","1":"product","2":"type-product","3":"status-publish","4":"has-post-thumbnail","6":"product_cat-voegfrezen","7":"product_cat-fugenschneidereinheiten-fraeserstifte-de","8":"product_tag-bauwerkzeug-de","9":"product_tag-bouwgereedschap-de","10":"product_tag-byggematerialer-de","11":"product_tag-byggverktyg-de","12":"product_tag-cementfuger-de","13":"product_tag-diamantfugefraeser-de","14":"product_tag-diamantvaerktoej-de","15":"product_tag-diamantvoegfrees-de","16":"product_tag-diamantwerkzeug-de","17":"product_tag-fraesestift-de","18":"product_tag-fugefraeser-de","19":"product_tag-fugefraeser3skaer-de","20":"product_tag-fugefraesersaal-de-2","21":"product_tag-fugefraeserstift-de","22":"product_tag-fugefraeserunit-de","23":"product_tag-fugefraesning-de","24":"product_tag-fugenfraese-de","25":"product_tag-fugenfraesen-de","26":"product_tag-fugenfraeserschneider-de","27":"product_tag-fugenschneider-de","28":"product_tag-fugeudkradsning-de","29":"product_tag-handvaerktoej-de-2","30":"product_tag-handverktyg-de","31":"product_tag-haardmetal-de","32":"product_tag-mortarrakedustextractrion-de","33":"product_tag-moertelfuger-de","34":"product_tag-motarrakesoleplate-de","35":"product_tag-murerarbejde-de-2","36":"product_tag-soleplate-de","37":"product_tag-voegenfrees-de","38":"product_tag-voegfrees-de","39":"product_tag-googleads-de","41":"first","42":"instock","43":"featured","44":"taxable","45":"shipping-taxable","46":"purchasable","47":"product-type-variable"},"yoast_head":"<!-- This site is optimized with the Yoast SEO plugin v27.5 - https:\/\/yoast.com\/product\/yoast-seo-wordpress\/ -->\n<title>3 Schneiden Fugenfr\u00e4ser Unit Z3 Beste Qualit\u00e4t und Preis - Murerpoint ApS<\/title>\n<meta name=\"description\" content=\"3-Schneiden Fugenfr\u00e4ser Unit Z3 \u2013 beste Qualit\u00e4t zum besten Preis. Schnitttiefe 26 mm. Hilfe bei der Auswahl auf unserer Tipps &amp; Tricks-Seite.\" \/>\n<meta name=\"robots\" content=\"index, follow, max-snippet:-1, max-image-preview:large, max-video-preview:-1\" \/>\n<link rel=\"canonical\" href=\"https:\/\/murerpoint.dk\/de\/produkt\/3-schneiden-fugenfraeser-unit-beste-qualitaet-besten-preis\/\" \/>\n<meta property=\"og:locale\" content=\"de_DE\" \/>\n<meta property=\"og:type\" content=\"article\" \/>\n<meta property=\"og:title\" content=\"3 Schneiden Fugenfr\u00e4ser Unit Z3 Beste Qualit\u00e4t und Preis - Murerpoint ApS\" \/>\n<meta property=\"og:description\" content=\"3-Schneiden Fugenfr\u00e4ser Unit Z3 \u2013 beste Qualit\u00e4t zum besten Preis. Schnitttiefe 26 mm. Hilfe bei der Auswahl auf unserer Tipps &amp; Tricks-Seite.\" \/>\n<meta property=\"og:url\" content=\"https:\/\/murerpoint.dk\/de\/produkt\/3-schneiden-fugenfraeser-unit-beste-qualitaet-besten-preis\/\" \/>\n<meta property=\"og:site_name\" content=\"Murerpoint ApS\" \/>\n<meta property=\"article:publisher\" content=\"https:\/\/m.facebook.com\/profile.php?id=61555157262134\" \/>\n<meta property=\"article:modified_time\" content=\"2025-03-22T15:35:16+00:00\" \/>\n<meta property=\"og:image\" content=\"https:\/\/murerpoint.dk\/wp-content\/uploads\/2024\/03\/31-W103-010-fugefraeserunit-10mm-02.webp\" \/>\n\t<meta property=\"og:image:width\" content=\"633\" \/>\n\t<meta property=\"og:image:height\" content=\"633\" \/>\n\t<meta property=\"og:image:type\" content=\"image\/webp\" \/>\n<meta name=\"twitter:card\" content=\"summary_large_image\" \/>\n<meta name=\"twitter:label1\" content=\"Verf\u00fcgbarkeit\" \/>\n\t<meta name=\"twitter:data1\" content=\"Auf Lager\" \/>\n<script type=\"application\/ld+json\" class=\"yoast-schema-graph\">{\"@context\":\"https:\\\/\\\/schema.org\",\"@graph\":[{\"@type\":\"WebPage\",\"@id\":\"https:\\\/\\\/murerpoint.dk\\\/de\\\/produkt\\\/3-schneiden-fugenfraeser-unit-beste-qualitaet-besten-preis\\\/\",\"url\":\"https:\\\/\\\/murerpoint.dk\\\/de\\\/produkt\\\/3-schneiden-fugenfraeser-unit-beste-qualitaet-besten-preis\\\/\",\"name\":\"3 Schneiden Fugenfr\u00e4ser Unit Z3 Beste Qualit\u00e4t und Preis - Murerpoint ApS\",\"isPartOf\":{\"@id\":\"https:\\\/\\\/murerpoint.dk\\\/de\\\/#website\"},\"primaryImageOfPage\":{\"@id\":\"https:\\\/\\\/murerpoint.dk\\\/de\\\/produkt\\\/3-schneiden-fugenfraeser-unit-beste-qualitaet-besten-preis\\\/#primaryimage\"},\"image\":{\"@id\":\"https:\\\/\\\/murerpoint.dk\\\/de\\\/produkt\\\/3-schneiden-fugenfraeser-unit-beste-qualitaet-besten-preis\\\/#primaryimage\"},\"thumbnailUrl\":\"https:\\\/\\\/murerpoint.dk\\\/wp-content\\\/uploads\\\/2024\\\/03\\\/31-W103-010-fugefraeserunit-10mm-02.webp\",\"datePublished\":\"2024-03-22T16:16:17+00:00\",\"dateModified\":\"2025-03-22T15:35:16+00:00\",\"description\":\"3-Schneiden Fugenfr\u00e4ser Unit Z3 \u2013 beste Qualit\u00e4t zum besten Preis. Schnitttiefe 26 mm. Hilfe bei der Auswahl auf unserer Tipps & Tricks-Seite.\",\"breadcrumb\":{\"@id\":\"https:\\\/\\\/murerpoint.dk\\\/de\\\/produkt\\\/3-schneiden-fugenfraeser-unit-beste-qualitaet-besten-preis\\\/#breadcrumb\"},\"inLanguage\":\"de\",\"potentialAction\":[{\"@type\":\"ReadAction\",\"target\":[\"https:\\\/\\\/murerpoint.dk\\\/de\\\/produkt\\\/3-schneiden-fugenfraeser-unit-beste-qualitaet-besten-preis\\\/\"]}]},{\"@type\":\"ImageObject\",\"inLanguage\":\"de\",\"@id\":\"https:\\\/\\\/murerpoint.dk\\\/de\\\/produkt\\\/3-schneiden-fugenfraeser-unit-beste-qualitaet-besten-preis\\\/#primaryimage\",\"url\":\"https:\\\/\\\/murerpoint.dk\\\/wp-content\\\/uploads\\\/2024\\\/03\\\/31-W103-010-fugefraeserunit-10mm-02.webp\",\"contentUrl\":\"https:\\\/\\\/murerpoint.dk\\\/wp-content\\\/uploads\\\/2024\\\/03\\\/31-W103-010-fugefraeserunit-10mm-02.webp\",\"width\":633,\"height\":633,\"caption\":\"fugefr\u00e6ser unit 3 sk\u00e6r\"},{\"@type\":\"BreadcrumbList\",\"@id\":\"https:\\\/\\\/murerpoint.dk\\\/de\\\/produkt\\\/3-schneiden-fugenfraeser-unit-beste-qualitaet-besten-preis\\\/#breadcrumb\",\"itemListElement\":[{\"@type\":\"ListItem\",\"position\":1,\"name\":\"Hjem\",\"item\":\"https:\\\/\\\/murerpoint.dk\\\/de\\\/\"},{\"@type\":\"ListItem\",\"position\":2,\"name\":\"SHOPPEN\",\"item\":\"https:\\\/\\\/murerpoint.dk\\\/de\\\/shoppen\\\/\"},{\"@type\":\"ListItem\",\"position\":3,\"name\":\"3 Schneiden Fugenfr\u00e4ser Unit Z3 Beste Qualit\u00e4t und Preis\"}]},{\"@type\":\"WebSite\",\"@id\":\"https:\\\/\\\/murerpoint.dk\\\/de\\\/#website\",\"url\":\"https:\\\/\\\/murerpoint.dk\\\/de\\\/\",\"name\":\"Murerpoint\",\"description\":\"kvalitets v\u00e6rkt\u00f8j\",\"publisher\":{\"@id\":\"https:\\\/\\\/murerpoint.dk\\\/de\\\/#organization\"},\"potentialAction\":[{\"@type\":\"SearchAction\",\"target\":{\"@type\":\"EntryPoint\",\"urlTemplate\":\"https:\\\/\\\/murerpoint.dk\\\/de\\\/?s={search_term_string}\"},\"query-input\":{\"@type\":\"PropertyValueSpecification\",\"valueRequired\":true,\"valueName\":\"search_term_string\"}}],\"inLanguage\":\"de\"},{\"@type\":\"Organization\",\"@id\":\"https:\\\/\\\/murerpoint.dk\\\/de\\\/#organization\",\"name\":\"Murerpoint ApS\",\"url\":\"https:\\\/\\\/murerpoint.dk\\\/de\\\/\",\"logo\":{\"@type\":\"ImageObject\",\"inLanguage\":\"de\",\"@id\":\"https:\\\/\\\/murerpoint.dk\\\/de\\\/#\\\/schema\\\/logo\\\/image\\\/\",\"url\":\"https:\\\/\\\/murerpoint.dk\\\/wp-content\\\/uploads\\\/2023\\\/12\\\/cropped-Sort-Midt-Roed-Mursten.png\",\"contentUrl\":\"https:\\\/\\\/murerpoint.dk\\\/wp-content\\\/uploads\\\/2023\\\/12\\\/cropped-Sort-Midt-Roed-Mursten.png\",\"width\":512,\"height\":512,\"caption\":\"Murerpoint ApS\"},\"image\":{\"@id\":\"https:\\\/\\\/murerpoint.dk\\\/de\\\/#\\\/schema\\\/logo\\\/image\\\/\"},\"sameAs\":[\"https:\\\/\\\/m.facebook.com\\\/profile.php?id=61555157262134\",\"https:\\\/\\\/www.instagram.com\\\/murerpoint?igsh=azluMWV6cTnc2ts&utm_source=qr\",\"https:\\\/\\\/www.tiktok.com\\\/@murerpoint?is_from_webapp=1&sender_device=pc\"]}]}<\/script>\n<meta property=\"og:availability\" content=\"instock\" \/>\n<meta property=\"product:availability\" content=\"instock\" \/>\n<meta property=\"product:condition\" content=\"new\" \/>\n<!-- \/ Yoast SEO plugin. -->","yoast_head_json":{"title":"3 Schneiden Fugenfr\u00e4ser Unit Z3 Beste Qualit\u00e4t und Preis - Murerpoint ApS","description":"3-Schneiden Fugenfr\u00e4ser Unit Z3 \u2013 beste Qualit\u00e4t zum besten Preis. Schnitttiefe 26 mm. Hilfe bei der Auswahl auf unserer Tipps & Tricks-Seite.","robots":{"index":"index","follow":"follow","max-snippet":"max-snippet:-1","max-image-preview":"max-image-preview:large","max-video-preview":"max-video-preview:-1"},"canonical":"https:\/\/murerpoint.dk\/de\/produkt\/3-schneiden-fugenfraeser-unit-beste-qualitaet-besten-preis\/","og_locale":"de_DE","og_type":"article","og_title":"3 Schneiden Fugenfr\u00e4ser Unit Z3 Beste Qualit\u00e4t und Preis - Murerpoint ApS","og_description":"3-Schneiden Fugenfr\u00e4ser Unit Z3 \u2013 beste Qualit\u00e4t zum besten Preis. Schnitttiefe 26 mm. Hilfe bei der Auswahl auf unserer Tipps & Tricks-Seite.","og_url":"https:\/\/murerpoint.dk\/de\/produkt\/3-schneiden-fugenfraeser-unit-beste-qualitaet-besten-preis\/","og_site_name":"Murerpoint ApS","article_publisher":"https:\/\/m.facebook.com\/profile.php?id=61555157262134","article_modified_time":"2025-03-22T15:35:16+00:00","og_image":[{"width":633,"height":633,"url":"https:\/\/murerpoint.dk\/wp-content\/uploads\/2024\/03\/31-W103-010-fugefraeserunit-10mm-02.webp","type":"image\/webp"}],"twitter_card":"summary_large_image","twitter_misc":{"Verf\u00fcgbarkeit":"Auf Lager"},"schema":{"@context":"https:\/\/schema.org","@graph":[{"@type":"WebPage","@id":"https:\/\/murerpoint.dk\/de\/produkt\/3-schneiden-fugenfraeser-unit-beste-qualitaet-besten-preis\/","url":"https:\/\/murerpoint.dk\/de\/produkt\/3-schneiden-fugenfraeser-unit-beste-qualitaet-besten-preis\/","name":"3 Schneiden Fugenfr\u00e4ser Unit Z3 Beste Qualit\u00e4t und Preis - Murerpoint ApS","isPartOf":{"@id":"https:\/\/murerpoint.dk\/de\/#website"},"primaryImageOfPage":{"@id":"https:\/\/murerpoint.dk\/de\/produkt\/3-schneiden-fugenfraeser-unit-beste-qualitaet-besten-preis\/#primaryimage"},"image":{"@id":"https:\/\/murerpoint.dk\/de\/produkt\/3-schneiden-fugenfraeser-unit-beste-qualitaet-besten-preis\/#primaryimage"},"thumbnailUrl":"https:\/\/murerpoint.dk\/wp-content\/uploads\/2024\/03\/31-W103-010-fugefraeserunit-10mm-02.webp","datePublished":"2024-03-22T16:16:17+00:00","dateModified":"2025-03-22T15:35:16+00:00","description":"3-Schneiden Fugenfr\u00e4ser Unit Z3 \u2013 beste Qualit\u00e4t zum besten Preis. Schnitttiefe 26 mm. Hilfe bei der Auswahl auf unserer Tipps & Tricks-Seite.","breadcrumb":{"@id":"https:\/\/murerpoint.dk\/de\/produkt\/3-schneiden-fugenfraeser-unit-beste-qualitaet-besten-preis\/#breadcrumb"},"inLanguage":"de","potentialAction":[{"@type":"ReadAction","target":["https:\/\/murerpoint.dk\/de\/produkt\/3-schneiden-fugenfraeser-unit-beste-qualitaet-besten-preis\/"]}]},{"@type":"ImageObject","inLanguage":"de","@id":"https:\/\/murerpoint.dk\/de\/produkt\/3-schneiden-fugenfraeser-unit-beste-qualitaet-besten-preis\/#primaryimage","url":"https:\/\/murerpoint.dk\/wp-content\/uploads\/2024\/03\/31-W103-010-fugefraeserunit-10mm-02.webp","contentUrl":"https:\/\/murerpoint.dk\/wp-content\/uploads\/2024\/03\/31-W103-010-fugefraeserunit-10mm-02.webp","width":633,"height":633,"caption":"fugefr\u00e6ser unit 3 sk\u00e6r"},{"@type":"BreadcrumbList","@id":"https:\/\/murerpoint.dk\/de\/produkt\/3-schneiden-fugenfraeser-unit-beste-qualitaet-besten-preis\/#breadcrumb","itemListElement":[{"@type":"ListItem","position":1,"name":"Hjem","item":"https:\/\/murerpoint.dk\/de\/"},{"@type":"ListItem","position":2,"name":"SHOPPEN","item":"https:\/\/murerpoint.dk\/de\/shoppen\/"},{"@type":"ListItem","position":3,"name":"3 Schneiden Fugenfr\u00e4ser Unit Z3 Beste Qualit\u00e4t und Preis"}]},{"@type":"WebSite","@id":"https:\/\/murerpoint.dk\/de\/#website","url":"https:\/\/murerpoint.dk\/de\/","name":"Murerpoint","description":"kvalitets v\u00e6rkt\u00f8j","publisher":{"@id":"https:\/\/murerpoint.dk\/de\/#organization"},"potentialAction":[{"@type":"SearchAction","target":{"@type":"EntryPoint","urlTemplate":"https:\/\/murerpoint.dk\/de\/?s={search_term_string}"},"query-input":{"@type":"PropertyValueSpecification","valueRequired":true,"valueName":"search_term_string"}}],"inLanguage":"de"},{"@type":"Organization","@id":"https:\/\/murerpoint.dk\/de\/#organization","name":"Murerpoint ApS","url":"https:\/\/murerpoint.dk\/de\/","logo":{"@type":"ImageObject","inLanguage":"de","@id":"https:\/\/murerpoint.dk\/de\/#\/schema\/logo\/image\/","url":"https:\/\/murerpoint.dk\/wp-content\/uploads\/2023\/12\/cropped-Sort-Midt-Roed-Mursten.png","contentUrl":"https:\/\/murerpoint.dk\/wp-content\/uploads\/2023\/12\/cropped-Sort-Midt-Roed-Mursten.png","width":512,"height":512,"caption":"Murerpoint ApS"},"image":{"@id":"https:\/\/murerpoint.dk\/de\/#\/schema\/logo\/image\/"},"sameAs":["https:\/\/m.facebook.com\/profile.php?id=61555157262134","https:\/\/www.instagram.com\/murerpoint?igsh=azluMWV6cTnc2ts&utm_source=qr","https:\/\/www.tiktok.com\/@murerpoint?is_from_webapp=1&sender_device=pc"]}]},"og_availability":"instock","product_availability":"instock","product_condition":"new"},"_links":{"self":[{"href":"https:\/\/murerpoint.dk\/de\/wp-json\/wp\/v2\/product\/2194","targetHints":{"allow":["GET"]}}],"collection":[{"href":"https:\/\/murerpoint.dk\/de\/wp-json\/wp\/v2\/product"}],"about":[{"href":"https:\/\/murerpoint.dk\/de\/wp-json\/wp\/v2\/types\/product"}],"replies":[{"embeddable":true,"href":"https:\/\/murerpoint.dk\/de\/wp-json\/wp\/v2\/comments?post=2194"}],"wp:featuredmedia":[{"embeddable":true,"href":"https:\/\/murerpoint.dk\/de\/wp-json\/wp\/v2\/media\/5903"}],"wp:attachment":[{"href":"https:\/\/murerpoint.dk\/de\/wp-json\/wp\/v2\/media?parent=2194"}],"wp:term":[{"taxonomy":"product_brand","embeddable":true,"href":"https:\/\/murerpoint.dk\/de\/wp-json\/wp\/v2\/product_brand?post=2194"},{"taxonomy":"product_cat","embeddable":true,"href":"https:\/\/murerpoint.dk\/de\/wp-json\/wp\/v2\/product_cat?post=2194"},{"taxonomy":"product_tag","embeddable":true,"href":"https:\/\/murerpoint.dk\/de\/wp-json\/wp\/v2\/product_tag?post=2194"}],"curies":[{"name":"wp","href":"https:\/\/api.w.org\/{rel}","templated":true}]}}