{"id":2351,"date":"2024-04-08T09:05:15","date_gmt":"2024-04-08T09:05:15","guid":{"rendered":"https:\/\/murerpoint.dk\/product\/diamantklinge-med-koelehuller-stoejdaempet-oe230mm\/"},"modified":"2024-05-14T12:00:50","modified_gmt":"2024-05-14T12:00:50","slug":"diamantklinge-med-koelehuller-stoejdaempet-oe230mm","status":"publish","type":"product","link":"https:\/\/murerpoint.dk\/de\/produkt\/diamantklinge-med-koelehuller-stoejdaempet-oe230mm\/","title":{"rendered":"Diamantscheibe mit K\u00fchl\u00f6ffnungen ger\u00e4uschged\u00e4mpft \u00d8230mm"},"content":{"rendered":"<?xml encoding=\"utf-8\" ?><h2>Diamantscheibe mit K&uuml;hl&ouml;ffnungen ger&auml;uschged&auml;mpft &Oslash;230mm<\/h2><p>Erleben Sie die ultimative Schneidewirkung mit unserer Diamantscheibe mit K&uuml;hl&ouml;ffnungen &ndash; meisterhaft gestaltet f&uuml;r anspruchsvolle Handwerker.<\/p><p>Mit unserer renommierten Qualit&auml;t erhalten Sie eine Diamantscheibe, die entwickelt wurde, um die h&ouml;chsten Standards in der Schneidarbeitsbranche zu erf&uuml;llen. Mit 12 mm hohen lasergeschwei&szlig;ten Segmenten garantieren wir optimale Sicherheit gegen abgerissene Segmente, damit Sie sicher und effizient arbeiten k&ouml;nnen.<\/p><p>Integrierte K&uuml;hl&ouml;ffnungen im Stammblatt gew&auml;hrleisten nicht nur eine K&uuml;hlung der Klinge, sondern reduzieren auch das L&auml;rmniveau, was ein angenehmeres Arbeitsumfeld schafft. Diese Klinge ist perfekt f&uuml;r den universellen Gebrauch und wird f&uuml;r das Schneiden von Beton, armiertem Beton, Zementprodukten, Fliesen, Ziegeln und Mauersteinen empfohlen.<\/p><p>Unsere spezielle Betonscheibe mit einem Durchmesser von 230 mm eignet sich ideal f&uuml;r das Schneiden von Beton, Naturstein und harten Mauersteinen. Diese Diamantscheibe ist mit vielen Segmenten ausgestattet, die eng beieinander liegen, was schnelle Schnitte und eine effektive Evakuierung des geschnittenen Materials gew&auml;hrleistet.<\/p><p>Mit K&uuml;hl- und Schalld&auml;mpfungsl&ouml;chern im Stammblatt garantieren wir nicht nur eine lange Lebensdauer der Klinge, sondern auch ein gutes Arbeitsumfeld f&uuml;r Sie als Handwerker.<\/p><p>Bringen Sie die Schneidarbeiten auf die n&auml;chste Stufe mit unserer Diamantscheibe mit K&uuml;hl&ouml;ffnungen &ndash; die ultimative L&ouml;sung f&uuml;r professionelle Ergebnisse.<\/p><p>Diese Diamantscheibe wird verwendet f&uuml;r:<\/p><ul>\n<li>Beton<\/li>\n<li>Naturstein<\/li>\n<li>Hartemauerwerk<\/li>\n<\/ul><p>Spezifikationen:<\/p><ul>\n<li>&Oslash;230 x 2,6 x 22,9 (9&Prime;) mm<\/li>\n<li>12 mm hohe Diamantsegmente<\/li>\n<li>F&uuml;r trockenes und nasses Schneiden<\/li>\n<\/ul>\n","protected":false},"excerpt":{"rendered":"<h2>Diamantscheibe mit K\u00fchl\u00f6ffnungen ger\u00e4uschged\u00e4mpft \u00d8230mm<\/h2>\n<div class=\"flex-1 overflow-hidden\">\n<div class=\"react-scroll-to-bottom--css-yosdb-79elbk h-full\">\n<div class=\"react-scroll-to-bottom--css-yosdb-1n7m0yu\">\n<div>\n<div class=\"flex flex-col text-sm pb-9\">\n<div class=\"w-full text-token-text-primary\" dir=\"auto\" data-testid=\"conversation-turn-88\">\n<div class=\"px-4 py-2 justify-center text-base md:gap-6 m-auto\">\n<div class=\"flex flex-1 text-base mx-auto gap-3 juice:gap-4 juice:md:gap-6 md:px-5 lg:px-1 xl:px-5 md:max-w-3xl lg:max-w-[40rem] xl:max-w-[48rem] group final-completion\">\n<div class=\"relative flex w-full flex-col agent-turn\">\n<div class=\"flex-col gap-1 md:gap-3\">\n<div class=\"flex flex-grow flex-col max-w-full\">\n<div class=\"min-h-[20px] text-message flex flex-col items-start gap-3 whitespace-pre-wrap break-words [.text-message+&amp;]:mt-5 overflow-x-auto\" dir=\"auto\" data-message-author-role=\"assistant\" data-message-id=\"b07f30f4-caa8-410a-8991-2fb2b38aefc9\">\n<div class=\"markdown prose w-full break-words dark:prose-invert light\">\n<p>Diese Diamantscheibe wird verwendet f\u00fcr:<\/p>\n<ul>\n<li>Beton<\/li>\n<li>Naturstein<\/li>\n<li>Hartemauerwerk<\/li>\n<\/ul>\n<p>Spezifikationen:<\/p>\n<ul>\n<li>\u00d8230 x 2,6 x 22,9 (9&#8243;) mm<\/li>\n<li>12 mm hohe Diamantsegmente<\/li>\n<li>F\u00fcr trockenes und nasses Schneiden<\/li>\n<\/ul>\n<\/div>\n<\/div>\n<\/div>\n<div class=\"mt-1 flex gap-3 empty:hidden\"><\/div>\n<\/div>\n<\/div>\n<\/div>\n<\/div>\n<\/div>\n<\/div>\n<\/div>\n<\/div>\n<\/div>\n<\/div>\n","protected":false},"featured_media":2301,"comment_status":"open","ping_status":"closed","template":"","meta":[],"product_brand":[],"product_cat":[1234,1249],"product_tag":[1235,1236,1237,1238,1239,813],"class_list":{"0":"post-2351","1":"product","2":"type-product","3":"status-publish","4":"has-post-thumbnail","6":"product_cat-diamant-klinger-de","7":"product_cat-diamantscheiben-fuer-winkelschleifertil-vinkelsliber-de","8":"product_tag-beton-de","9":"product_tag-diamantklinge-de","10":"product_tag-diamantklinger-de","11":"product_tag-diamantscheibe-de","12":"product_tag-diamondblade-de","13":"product_tag-mursten-de","15":"first","16":"instock","17":"taxable","18":"shipping-taxable","19":"purchasable","20":"product-type-simple"},"yoast_head":"<!-- This site is optimized with the Yoast SEO plugin v27.4 - https:\/\/yoast.com\/product\/yoast-seo-wordpress\/ -->\n<title>Diamantscheibe mit K\u00fchl\u00f6ffnungen ger\u00e4uschged\u00e4mpft \u00d8230mm - Murerpoint ApS<\/title>\n<meta name=\"description\" content=\"Diese Diamantscheibe f\u00fcr: Beton Naturstein Hartemauerwerk -\u00d8230 x 2,6 x 22,9 (9&quot;) mm12 mm hohe Diamantsegmente F\u00fcr trockenes und nasses Schneiden.\" \/>\n<meta name=\"robots\" content=\"index, follow, max-snippet:-1, max-image-preview:large, max-video-preview:-1\" \/>\n<link rel=\"canonical\" href=\"https:\/\/murerpoint.dk\/de\/produkt\/diamantklinge-med-koelehuller-stoejdaempet-oe230mm\/\" \/>\n<meta property=\"og:locale\" content=\"de_DE\" \/>\n<meta property=\"og:type\" content=\"article\" \/>\n<meta property=\"og:title\" content=\"Diamantscheibe mit K\u00fchl\u00f6ffnungen ger\u00e4uschged\u00e4mpft \u00d8230mm - Murerpoint ApS\" \/>\n<meta property=\"og:description\" content=\"Diese Diamantscheibe f\u00fcr: Beton Naturstein Hartemauerwerk -\u00d8230 x 2,6 x 22,9 (9&quot;) mm12 mm hohe Diamantsegmente F\u00fcr trockenes und nasses Schneiden.\" \/>\n<meta property=\"og:url\" content=\"https:\/\/murerpoint.dk\/de\/produkt\/diamantklinge-med-koelehuller-stoejdaempet-oe230mm\/\" \/>\n<meta property=\"og:site_name\" content=\"Murerpoint ApS\" \/>\n<meta property=\"article:publisher\" content=\"https:\/\/m.facebook.com\/profile.php?id=61555157262134\" \/>\n<meta property=\"article:modified_time\" content=\"2024-05-14T12:00:50+00:00\" \/>\n<meta property=\"og:image\" content=\"https:\/\/murerpoint.dk\/wp-content\/uploads\/2024\/04\/IMG_5437.jpeg\" \/>\n\t<meta property=\"og:image:width\" content=\"593\" \/>\n\t<meta property=\"og:image:height\" content=\"772\" \/>\n\t<meta property=\"og:image:type\" content=\"image\/jpeg\" \/>\n<meta name=\"twitter:card\" content=\"summary_large_image\" \/>\n<meta name=\"twitter:label1\" content=\"Preis\" \/>\n\t<meta name=\"twitter:data1\" content=\"&euro;14.21 Pris ekskl. moms: &euro;11.37\" \/>\n\t<meta name=\"twitter:label2\" content=\"Verf\u00fcgbarkeit\" \/>\n\t<meta name=\"twitter:data2\" content=\"Auf Lager\" \/>\n<script type=\"application\/ld+json\" class=\"yoast-schema-graph\">{\"@context\":\"https:\\\/\\\/schema.org\",\"@graph\":[{\"@type\":\"WebPage\",\"@id\":\"https:\\\/\\\/murerpoint.dk\\\/de\\\/produkt\\\/diamantklinge-med-koelehuller-stoejdaempet-oe230mm\\\/\",\"url\":\"https:\\\/\\\/murerpoint.dk\\\/de\\\/produkt\\\/diamantklinge-med-koelehuller-stoejdaempet-oe230mm\\\/\",\"name\":\"Diamantscheibe mit K\u00fchl\u00f6ffnungen ger\u00e4uschged\u00e4mpft \u00d8230mm - Murerpoint ApS\",\"isPartOf\":{\"@id\":\"https:\\\/\\\/murerpoint.dk\\\/de\\\/#website\"},\"primaryImageOfPage\":{\"@id\":\"https:\\\/\\\/murerpoint.dk\\\/de\\\/produkt\\\/diamantklinge-med-koelehuller-stoejdaempet-oe230mm\\\/#primaryimage\"},\"image\":{\"@id\":\"https:\\\/\\\/murerpoint.dk\\\/de\\\/produkt\\\/diamantklinge-med-koelehuller-stoejdaempet-oe230mm\\\/#primaryimage\"},\"thumbnailUrl\":\"https:\\\/\\\/murerpoint.dk\\\/wp-content\\\/uploads\\\/2024\\\/04\\\/IMG_5437.jpeg\",\"datePublished\":\"2024-04-08T09:05:15+00:00\",\"dateModified\":\"2024-05-14T12:00:50+00:00\",\"description\":\"Diese Diamantscheibe f\u00fcr: Beton Naturstein Hartemauerwerk -\u00d8230 x 2,6 x 22,9 (9\\\") mm12 mm hohe Diamantsegmente F\u00fcr trockenes und nasses Schneiden.\",\"breadcrumb\":{\"@id\":\"https:\\\/\\\/murerpoint.dk\\\/de\\\/produkt\\\/diamantklinge-med-koelehuller-stoejdaempet-oe230mm\\\/#breadcrumb\"},\"inLanguage\":\"de\",\"potentialAction\":[{\"@type\":\"ReadAction\",\"target\":[\"https:\\\/\\\/murerpoint.dk\\\/de\\\/produkt\\\/diamantklinge-med-koelehuller-stoejdaempet-oe230mm\\\/\"]}]},{\"@type\":\"ImageObject\",\"inLanguage\":\"de\",\"@id\":\"https:\\\/\\\/murerpoint.dk\\\/de\\\/produkt\\\/diamantklinge-med-koelehuller-stoejdaempet-oe230mm\\\/#primaryimage\",\"url\":\"https:\\\/\\\/murerpoint.dk\\\/wp-content\\\/uploads\\\/2024\\\/04\\\/IMG_5437.jpeg\",\"contentUrl\":\"https:\\\/\\\/murerpoint.dk\\\/wp-content\\\/uploads\\\/2024\\\/04\\\/IMG_5437.jpeg\",\"width\":593,\"height\":772,\"caption\":\"Perfekt klinge til universal brug. Anbefales til sk\u00e6ring af beton, armeret beton, cementprodukter, klinker, tegl, og mursten.\"},{\"@type\":\"BreadcrumbList\",\"@id\":\"https:\\\/\\\/murerpoint.dk\\\/de\\\/produkt\\\/diamantklinge-med-koelehuller-stoejdaempet-oe230mm\\\/#breadcrumb\",\"itemListElement\":[{\"@type\":\"ListItem\",\"position\":1,\"name\":\"Hjem\",\"item\":\"https:\\\/\\\/murerpoint.dk\\\/de\\\/\"},{\"@type\":\"ListItem\",\"position\":2,\"name\":\"SHOPPEN\",\"item\":\"https:\\\/\\\/murerpoint.dk\\\/de\\\/shoppen\\\/\"},{\"@type\":\"ListItem\",\"position\":3,\"name\":\"Diamantscheibe mit K\u00fchl\u00f6ffnungen ger\u00e4uschged\u00e4mpft \u00d8230mm\"}]},{\"@type\":\"WebSite\",\"@id\":\"https:\\\/\\\/murerpoint.dk\\\/de\\\/#website\",\"url\":\"https:\\\/\\\/murerpoint.dk\\\/de\\\/\",\"name\":\"Murerpoint\",\"description\":\"kvalitets v\u00e6rkt\u00f8j\",\"publisher\":{\"@id\":\"https:\\\/\\\/murerpoint.dk\\\/de\\\/#organization\"},\"potentialAction\":[{\"@type\":\"SearchAction\",\"target\":{\"@type\":\"EntryPoint\",\"urlTemplate\":\"https:\\\/\\\/murerpoint.dk\\\/de\\\/?s={search_term_string}\"},\"query-input\":{\"@type\":\"PropertyValueSpecification\",\"valueRequired\":true,\"valueName\":\"search_term_string\"}}],\"inLanguage\":\"de\"},{\"@type\":\"Organization\",\"@id\":\"https:\\\/\\\/murerpoint.dk\\\/de\\\/#organization\",\"name\":\"Murerpoint ApS\",\"url\":\"https:\\\/\\\/murerpoint.dk\\\/de\\\/\",\"logo\":{\"@type\":\"ImageObject\",\"inLanguage\":\"de\",\"@id\":\"https:\\\/\\\/murerpoint.dk\\\/de\\\/#\\\/schema\\\/logo\\\/image\\\/\",\"url\":\"https:\\\/\\\/murerpoint.dk\\\/wp-content\\\/uploads\\\/2023\\\/12\\\/cropped-Sort-Midt-Roed-Mursten.png\",\"contentUrl\":\"https:\\\/\\\/murerpoint.dk\\\/wp-content\\\/uploads\\\/2023\\\/12\\\/cropped-Sort-Midt-Roed-Mursten.png\",\"width\":512,\"height\":512,\"caption\":\"Murerpoint ApS\"},\"image\":{\"@id\":\"https:\\\/\\\/murerpoint.dk\\\/de\\\/#\\\/schema\\\/logo\\\/image\\\/\"},\"sameAs\":[\"https:\\\/\\\/m.facebook.com\\\/profile.php?id=61555157262134\",\"https:\\\/\\\/www.instagram.com\\\/murerpoint?igsh=azluMWV6cTnc2ts&utm_source=qr\",\"https:\\\/\\\/www.tiktok.com\\\/@murerpoint?is_from_webapp=1&sender_device=pc\"]}]}<\/script>\n<meta property=\"product:price:amount\" content=\"14.21\" \/>\n<meta property=\"product:price:currency\" content=\"EUR\" \/>\n<meta property=\"og:availability\" content=\"instock\" \/>\n<meta property=\"product:availability\" content=\"instock\" \/>\n<meta property=\"product:retailer_item_id\" content=\"mp00040\" \/>\n<meta property=\"product:condition\" content=\"new\" \/>\n<!-- \/ Yoast SEO plugin. -->","yoast_head_json":{"title":"Diamantscheibe mit K\u00fchl\u00f6ffnungen ger\u00e4uschged\u00e4mpft \u00d8230mm - Murerpoint ApS","description":"Diese Diamantscheibe f\u00fcr: Beton Naturstein Hartemauerwerk -\u00d8230 x 2,6 x 22,9 (9\") mm12 mm hohe Diamantsegmente F\u00fcr trockenes und nasses Schneiden.","robots":{"index":"index","follow":"follow","max-snippet":"max-snippet:-1","max-image-preview":"max-image-preview:large","max-video-preview":"max-video-preview:-1"},"canonical":"https:\/\/murerpoint.dk\/de\/produkt\/diamantklinge-med-koelehuller-stoejdaempet-oe230mm\/","og_locale":"de_DE","og_type":"article","og_title":"Diamantscheibe mit K\u00fchl\u00f6ffnungen ger\u00e4uschged\u00e4mpft \u00d8230mm - Murerpoint ApS","og_description":"Diese Diamantscheibe f\u00fcr: Beton Naturstein Hartemauerwerk -\u00d8230 x 2,6 x 22,9 (9\") mm12 mm hohe Diamantsegmente F\u00fcr trockenes und nasses Schneiden.","og_url":"https:\/\/murerpoint.dk\/de\/produkt\/diamantklinge-med-koelehuller-stoejdaempet-oe230mm\/","og_site_name":"Murerpoint ApS","article_publisher":"https:\/\/m.facebook.com\/profile.php?id=61555157262134","article_modified_time":"2024-05-14T12:00:50+00:00","og_image":[{"width":593,"height":772,"url":"https:\/\/murerpoint.dk\/wp-content\/uploads\/2024\/04\/IMG_5437.jpeg","type":"image\/jpeg"}],"twitter_card":"summary_large_image","twitter_misc":{"Preis":"&euro;14.21 Pris ekskl. moms: &euro;11.37","Verf\u00fcgbarkeit":"Auf Lager"},"schema":{"@context":"https:\/\/schema.org","@graph":[{"@type":"WebPage","@id":"https:\/\/murerpoint.dk\/de\/produkt\/diamantklinge-med-koelehuller-stoejdaempet-oe230mm\/","url":"https:\/\/murerpoint.dk\/de\/produkt\/diamantklinge-med-koelehuller-stoejdaempet-oe230mm\/","name":"Diamantscheibe mit K\u00fchl\u00f6ffnungen ger\u00e4uschged\u00e4mpft \u00d8230mm - Murerpoint ApS","isPartOf":{"@id":"https:\/\/murerpoint.dk\/de\/#website"},"primaryImageOfPage":{"@id":"https:\/\/murerpoint.dk\/de\/produkt\/diamantklinge-med-koelehuller-stoejdaempet-oe230mm\/#primaryimage"},"image":{"@id":"https:\/\/murerpoint.dk\/de\/produkt\/diamantklinge-med-koelehuller-stoejdaempet-oe230mm\/#primaryimage"},"thumbnailUrl":"https:\/\/murerpoint.dk\/wp-content\/uploads\/2024\/04\/IMG_5437.jpeg","datePublished":"2024-04-08T09:05:15+00:00","dateModified":"2024-05-14T12:00:50+00:00","description":"Diese Diamantscheibe f\u00fcr: Beton Naturstein Hartemauerwerk -\u00d8230 x 2,6 x 22,9 (9\") mm12 mm hohe Diamantsegmente F\u00fcr trockenes und nasses Schneiden.","breadcrumb":{"@id":"https:\/\/murerpoint.dk\/de\/produkt\/diamantklinge-med-koelehuller-stoejdaempet-oe230mm\/#breadcrumb"},"inLanguage":"de","potentialAction":[{"@type":"ReadAction","target":["https:\/\/murerpoint.dk\/de\/produkt\/diamantklinge-med-koelehuller-stoejdaempet-oe230mm\/"]}]},{"@type":"ImageObject","inLanguage":"de","@id":"https:\/\/murerpoint.dk\/de\/produkt\/diamantklinge-med-koelehuller-stoejdaempet-oe230mm\/#primaryimage","url":"https:\/\/murerpoint.dk\/wp-content\/uploads\/2024\/04\/IMG_5437.jpeg","contentUrl":"https:\/\/murerpoint.dk\/wp-content\/uploads\/2024\/04\/IMG_5437.jpeg","width":593,"height":772,"caption":"Perfekt klinge til universal brug. Anbefales til sk\u00e6ring af beton, armeret beton, cementprodukter, klinker, tegl, og mursten."},{"@type":"BreadcrumbList","@id":"https:\/\/murerpoint.dk\/de\/produkt\/diamantklinge-med-koelehuller-stoejdaempet-oe230mm\/#breadcrumb","itemListElement":[{"@type":"ListItem","position":1,"name":"Hjem","item":"https:\/\/murerpoint.dk\/de\/"},{"@type":"ListItem","position":2,"name":"SHOPPEN","item":"https:\/\/murerpoint.dk\/de\/shoppen\/"},{"@type":"ListItem","position":3,"name":"Diamantscheibe mit K\u00fchl\u00f6ffnungen ger\u00e4uschged\u00e4mpft \u00d8230mm"}]},{"@type":"WebSite","@id":"https:\/\/murerpoint.dk\/de\/#website","url":"https:\/\/murerpoint.dk\/de\/","name":"Murerpoint","description":"kvalitets v\u00e6rkt\u00f8j","publisher":{"@id":"https:\/\/murerpoint.dk\/de\/#organization"},"potentialAction":[{"@type":"SearchAction","target":{"@type":"EntryPoint","urlTemplate":"https:\/\/murerpoint.dk\/de\/?s={search_term_string}"},"query-input":{"@type":"PropertyValueSpecification","valueRequired":true,"valueName":"search_term_string"}}],"inLanguage":"de"},{"@type":"Organization","@id":"https:\/\/murerpoint.dk\/de\/#organization","name":"Murerpoint ApS","url":"https:\/\/murerpoint.dk\/de\/","logo":{"@type":"ImageObject","inLanguage":"de","@id":"https:\/\/murerpoint.dk\/de\/#\/schema\/logo\/image\/","url":"https:\/\/murerpoint.dk\/wp-content\/uploads\/2023\/12\/cropped-Sort-Midt-Roed-Mursten.png","contentUrl":"https:\/\/murerpoint.dk\/wp-content\/uploads\/2023\/12\/cropped-Sort-Midt-Roed-Mursten.png","width":512,"height":512,"caption":"Murerpoint ApS"},"image":{"@id":"https:\/\/murerpoint.dk\/de\/#\/schema\/logo\/image\/"},"sameAs":["https:\/\/m.facebook.com\/profile.php?id=61555157262134","https:\/\/www.instagram.com\/murerpoint?igsh=azluMWV6cTnc2ts&utm_source=qr","https:\/\/www.tiktok.com\/@murerpoint?is_from_webapp=1&sender_device=pc"]}]},"product_price_amount":"14.21","product_price_currency":"EUR","og_availability":"instock","product_availability":"instock","product_retailer_item_id":"mp00040","product_condition":"new"},"_links":{"self":[{"href":"https:\/\/murerpoint.dk\/de\/wp-json\/wp\/v2\/product\/2351","targetHints":{"allow":["GET"]}}],"collection":[{"href":"https:\/\/murerpoint.dk\/de\/wp-json\/wp\/v2\/product"}],"about":[{"href":"https:\/\/murerpoint.dk\/de\/wp-json\/wp\/v2\/types\/product"}],"replies":[{"embeddable":true,"href":"https:\/\/murerpoint.dk\/de\/wp-json\/wp\/v2\/comments?post=2351"}],"wp:featuredmedia":[{"embeddable":true,"href":"https:\/\/murerpoint.dk\/de\/wp-json\/wp\/v2\/media\/2301"}],"wp:attachment":[{"href":"https:\/\/murerpoint.dk\/de\/wp-json\/wp\/v2\/media?parent=2351"}],"wp:term":[{"taxonomy":"product_brand","embeddable":true,"href":"https:\/\/murerpoint.dk\/de\/wp-json\/wp\/v2\/product_brand?post=2351"},{"taxonomy":"product_cat","embeddable":true,"href":"https:\/\/murerpoint.dk\/de\/wp-json\/wp\/v2\/product_cat?post=2351"},{"taxonomy":"product_tag","embeddable":true,"href":"https:\/\/murerpoint.dk\/de\/wp-json\/wp\/v2\/product_tag?post=2351"}],"curies":[{"name":"wp","href":"https:\/\/api.w.org\/{rel}","templated":true}]}}