{"id":2556,"date":"2024-04-15T11:21:36","date_gmt":"2024-04-15T11:21:36","guid":{"rendered":"https:\/\/murerpoint.dk\/product\/fugefraeser-startkit-fra-murerpoint\/"},"modified":"2024-05-14T12:01:13","modified_gmt":"2024-05-14T12:01:13","slug":"fugenfraeser-starterset-von-murerpoint","status":"publish","type":"product","link":"https:\/\/murerpoint.dk\/de\/produkt\/fugenfraeser-starterset-von-murerpoint\/","title":{"rendered":"Fugenfr\u00e4ser-Starterset von MurerPoint"},"content":{"rendered":"<?xml encoding=\"utf-8\" ?><h3>Fugenfr&auml;ser-Starterset von MurerPoint<\/h3><p>Mit unserem Smart Fugenfr&auml;ser-starterset Kit von MurerPoint wird das Ausfr&auml;sen von Fugen zum Kinderspiel. Dieses Kit ist das ideale Starterset f&uuml;r Fugenfr&auml;sarbeiten und wurde entwickelt, um Renovierungsprojekte schnell und effizient zu gestalten. Mit diesem Kit erhalten Sie alles, was Sie f&uuml;r eine pr&auml;zise und professionelle Entfernung von M&ouml;rtelfugen ben&ouml;tigen.<\/p><p>Inhalt des Sets:<\/p><ul>\n<li>Schutzschild mit Auslass<\/li>\n<li>5 Abstandshalter zur Einstellung der Fr&auml;stiefe<\/li>\n<li>Einsatz<\/li>\n<li>2 St&uuml;ck Z3-Fugenfr&auml;ser mit montiertem Adapter f&uuml;r Winkelschleifer<\/li>\n<li>1 St&uuml;ck Inbusschl&uuml;ssel<\/li>\n<\/ul><p>Der Fugenfr&auml;ser l&auml;sst sich problemlos an einem handels&uuml;blichen Winkelschleifer (min. 700W) montieren, und der mitgelieferte Einsatz erm&ouml;glicht es, die Tiefe des Fr&auml;sers mithilfe der beiliegenden Abstandshalter anzupassen. Die 2 Z3-Fugenfr&auml;ser sind darauf ausgelegt, M&ouml;rtelfugen effizient zu entfernen und Renovierungsprojekte schnell und problemlos zu gestalten.<\/p><p>Mit unserem Smart Fugenfr&auml;ser-Kit k&ouml;nnen Sie Staubentwicklung beim Fugenfr&auml;sen reduzieren, indem Sie den Fugenfr&auml;ser an einen Staubsauger anschlie&szlig;en. Dies sorgt f&uuml;r einen saubereren Arbeitsplatz und verringert die Notwendigkeit einer anschlie&szlig;enden Reinigung.<\/p><p>Kaufen Sie bei MurerPoint<\/p><p>Wenn Sie Werkzeuge bei MurerPoint kaufen, k&ouml;nnen Sie sich auf hohe Qualit&auml;t und Zuverl&auml;ssigkeit verlassen. Wir streben danach, unseren Kunden die besten Werkzeuge f&uuml;r Renovierungsprojekte anzubieten, und stehen Ihnen jederzeit zur Verf&uuml;gung, um das richtige Werkzeug f&uuml;r Ihre Bed&uuml;rfnisse zu finden.<\/p><p><iframe title=\"Fugefr&aelig;serunits og fugefr&aelig;sers&aring;l in action\" width=\"800\" height=\"450\" src=\"https:\/\/www.youtube.com\/embed\/XcZ1x7m15To?feature=oembed\" frameborder=\"0\" allow=\"accelerometer; autoplay; clipboard-write; encrypted-media; gyroscope; picture-in-picture; web-share\" referrerpolicy=\"strict-origin-when-cross-origin\" allowfullscreen><\/iframe><\/p>\n","protected":false},"excerpt":{"rendered":"<h3>Fugenfr\u00e4ser-Starterset von MurerPoint<\/h3>\n<p>Fugenfr\u00e4ser-Starterset mit F\u00fchrungssohle und 2 St\u00fcck Fugenfr\u00e4ser units.<\/p>\n<p>W\u00e4hlen Sie Fugenfr\u00e4serunit mit Durchmessern von 6, 8, 10 oder 12 mm.<\/p>\n<p>Mit MurerPoints Startkit f\u00fcr Fugenfr\u00e4sen k\u00f6nnen Sie schnell loslegen.<\/p>\n<p>Das Starterset wird einfach an der Winkelschleifer montiert und schon k\u00f6nnen Sie mit dem Fugenfr\u00e4sen beginnen. Wir haben es einfach gemacht &#8211; das Fugenfr\u00e4ser-Startkit enth\u00e4lt genau die Teile, die Sie f\u00fcr den Einstieg ins Fugenfr\u00e4sen ben\u00f6tigen.<\/p>\n","protected":false},"featured_media":2554,"comment_status":"open","ping_status":"closed","template":"","meta":[],"product_brand":[],"product_cat":[624,632],"product_tag":[842,566,575,756,1345,755,1346,1347,1348,1349,1314,752,2900],"class_list":{"0":"post-2556","1":"product","2":"type-product","3":"status-publish","4":"has-post-thumbnail","6":"product_cat-voegfrezen","7":"product_cat-fugenschneidersohle","8":"product_tag-fogfras-de","9":"product_tag-fugefraeser-de","10":"product_tag-fugefraesersaal-de-2","11":"product_tag-fugenfraeser","12":"product_tag-fugenfraeserschneider-de","13":"product_tag-fuehrungssohle","14":"product_tag-martarrake-de","15":"product_tag-mortarrakedustextractrion-de","16":"product_tag-motarrakesoleplate-de","17":"product_tag-soleplate-de","18":"product_tag-voegenfrees-de","19":"product_tag-voegenfrezen-de","20":"product_tag-googleads-de","22":"first","23":"instock","24":"taxable","25":"shipping-taxable","26":"purchasable","27":"product-type-variable"},"yoast_head":"<!-- This site is optimized with the Yoast SEO plugin v27.5 - https:\/\/yoast.com\/product\/yoast-seo-wordpress\/ -->\n<title>Fugenfr\u00e4ser-Starterset von MurerPoint - Murerpoint ApS<\/title>\n<meta name=\"description\" content=\"Effizientes und professionelles Fugenfr\u00e4ser-starterset Kit von MurerPoint f\u00fcr schnelle und pr\u00e4zise Entfernung von M\u00f6rtelfugen. F\u00fcr Renovierungsprojekte.\" \/>\n<meta name=\"robots\" content=\"index, follow, max-snippet:-1, max-image-preview:large, max-video-preview:-1\" \/>\n<link rel=\"canonical\" href=\"https:\/\/murerpoint.dk\/de\/produkt\/fugenfraeser-starterset-von-murerpoint\/\" \/>\n<meta property=\"og:locale\" content=\"de_DE\" \/>\n<meta property=\"og:type\" content=\"article\" \/>\n<meta property=\"og:title\" content=\"Fugenfr\u00e4ser-Starterset von MurerPoint - Murerpoint ApS\" \/>\n<meta property=\"og:description\" content=\"Effizientes und professionelles Fugenfr\u00e4ser-starterset Kit von MurerPoint f\u00fcr schnelle und pr\u00e4zise Entfernung von M\u00f6rtelfugen. F\u00fcr Renovierungsprojekte.\" \/>\n<meta property=\"og:url\" content=\"https:\/\/murerpoint.dk\/de\/produkt\/fugenfraeser-starterset-von-murerpoint\/\" \/>\n<meta property=\"og:site_name\" content=\"Murerpoint ApS\" \/>\n<meta property=\"article:publisher\" content=\"https:\/\/m.facebook.com\/profile.php?id=61555157262134\" \/>\n<meta property=\"article:modified_time\" content=\"2024-05-14T12:01:13+00:00\" \/>\n<meta property=\"og:image\" content=\"https:\/\/murerpoint.dk\/wp-content\/uploads\/2024\/04\/IMG_5551.jpeg\" \/>\n\t<meta property=\"og:image:width\" content=\"863\" \/>\n\t<meta property=\"og:image:height\" content=\"739\" \/>\n\t<meta property=\"og:image:type\" content=\"image\/jpeg\" \/>\n<meta name=\"twitter:card\" content=\"summary_large_image\" \/>\n<meta name=\"twitter:label1\" content=\"Verf\u00fcgbarkeit\" \/>\n\t<meta name=\"twitter:data1\" content=\"Auf Lager\" \/>\n<script type=\"application\/ld+json\" class=\"yoast-schema-graph\">{\"@context\":\"https:\\\/\\\/schema.org\",\"@graph\":[{\"@type\":\"WebPage\",\"@id\":\"https:\\\/\\\/murerpoint.dk\\\/de\\\/produkt\\\/fugenfraeser-starterset-von-murerpoint\\\/\",\"url\":\"https:\\\/\\\/murerpoint.dk\\\/de\\\/produkt\\\/fugenfraeser-starterset-von-murerpoint\\\/\",\"name\":\"Fugenfr\u00e4ser-Starterset von MurerPoint - Murerpoint ApS\",\"isPartOf\":{\"@id\":\"https:\\\/\\\/murerpoint.dk\\\/de\\\/#website\"},\"primaryImageOfPage\":{\"@id\":\"https:\\\/\\\/murerpoint.dk\\\/de\\\/produkt\\\/fugenfraeser-starterset-von-murerpoint\\\/#primaryimage\"},\"image\":{\"@id\":\"https:\\\/\\\/murerpoint.dk\\\/de\\\/produkt\\\/fugenfraeser-starterset-von-murerpoint\\\/#primaryimage\"},\"thumbnailUrl\":\"https:\\\/\\\/murerpoint.dk\\\/wp-content\\\/uploads\\\/2024\\\/04\\\/IMG_5551.jpeg\",\"datePublished\":\"2024-04-15T11:21:36+00:00\",\"dateModified\":\"2024-05-14T12:01:13+00:00\",\"description\":\"Effizientes und professionelles Fugenfr\u00e4ser-starterset Kit von MurerPoint f\u00fcr schnelle und pr\u00e4zise Entfernung von M\u00f6rtelfugen. F\u00fcr Renovierungsprojekte.\",\"breadcrumb\":{\"@id\":\"https:\\\/\\\/murerpoint.dk\\\/de\\\/produkt\\\/fugenfraeser-starterset-von-murerpoint\\\/#breadcrumb\"},\"inLanguage\":\"de\",\"potentialAction\":[{\"@type\":\"ReadAction\",\"target\":[\"https:\\\/\\\/murerpoint.dk\\\/de\\\/produkt\\\/fugenfraeser-starterset-von-murerpoint\\\/\"]}]},{\"@type\":\"ImageObject\",\"inLanguage\":\"de\",\"@id\":\"https:\\\/\\\/murerpoint.dk\\\/de\\\/produkt\\\/fugenfraeser-starterset-von-murerpoint\\\/#primaryimage\",\"url\":\"https:\\\/\\\/murerpoint.dk\\\/wp-content\\\/uploads\\\/2024\\\/04\\\/IMG_5551.jpeg\",\"contentUrl\":\"https:\\\/\\\/murerpoint.dk\\\/wp-content\\\/uploads\\\/2024\\\/04\\\/IMG_5551.jpeg\",\"width\":863,\"height\":739,\"caption\":\"Fugenfr\u00e4ser-Starterset\"},{\"@type\":\"BreadcrumbList\",\"@id\":\"https:\\\/\\\/murerpoint.dk\\\/de\\\/produkt\\\/fugenfraeser-starterset-von-murerpoint\\\/#breadcrumb\",\"itemListElement\":[{\"@type\":\"ListItem\",\"position\":1,\"name\":\"Hjem\",\"item\":\"https:\\\/\\\/murerpoint.dk\\\/de\\\/\"},{\"@type\":\"ListItem\",\"position\":2,\"name\":\"SHOPPEN\",\"item\":\"https:\\\/\\\/murerpoint.dk\\\/de\\\/shoppen\\\/\"},{\"@type\":\"ListItem\",\"position\":3,\"name\":\"Fugenfr\u00e4ser-Starterset von MurerPoint\"}]},{\"@type\":\"WebSite\",\"@id\":\"https:\\\/\\\/murerpoint.dk\\\/de\\\/#website\",\"url\":\"https:\\\/\\\/murerpoint.dk\\\/de\\\/\",\"name\":\"Murerpoint\",\"description\":\"kvalitets v\u00e6rkt\u00f8j\",\"publisher\":{\"@id\":\"https:\\\/\\\/murerpoint.dk\\\/de\\\/#organization\"},\"potentialAction\":[{\"@type\":\"SearchAction\",\"target\":{\"@type\":\"EntryPoint\",\"urlTemplate\":\"https:\\\/\\\/murerpoint.dk\\\/de\\\/?s={search_term_string}\"},\"query-input\":{\"@type\":\"PropertyValueSpecification\",\"valueRequired\":true,\"valueName\":\"search_term_string\"}}],\"inLanguage\":\"de\"},{\"@type\":\"Organization\",\"@id\":\"https:\\\/\\\/murerpoint.dk\\\/de\\\/#organization\",\"name\":\"Murerpoint ApS\",\"url\":\"https:\\\/\\\/murerpoint.dk\\\/de\\\/\",\"logo\":{\"@type\":\"ImageObject\",\"inLanguage\":\"de\",\"@id\":\"https:\\\/\\\/murerpoint.dk\\\/de\\\/#\\\/schema\\\/logo\\\/image\\\/\",\"url\":\"https:\\\/\\\/murerpoint.dk\\\/wp-content\\\/uploads\\\/2023\\\/12\\\/cropped-Sort-Midt-Roed-Mursten.png\",\"contentUrl\":\"https:\\\/\\\/murerpoint.dk\\\/wp-content\\\/uploads\\\/2023\\\/12\\\/cropped-Sort-Midt-Roed-Mursten.png\",\"width\":512,\"height\":512,\"caption\":\"Murerpoint ApS\"},\"image\":{\"@id\":\"https:\\\/\\\/murerpoint.dk\\\/de\\\/#\\\/schema\\\/logo\\\/image\\\/\"},\"sameAs\":[\"https:\\\/\\\/m.facebook.com\\\/profile.php?id=61555157262134\",\"https:\\\/\\\/www.instagram.com\\\/murerpoint?igsh=azluMWV6cTnc2ts&utm_source=qr\",\"https:\\\/\\\/www.tiktok.com\\\/@murerpoint?is_from_webapp=1&sender_device=pc\"]}]}<\/script>\n<meta property=\"og:availability\" content=\"instock\" \/>\n<meta property=\"product:availability\" content=\"instock\" \/>\n<meta property=\"product:condition\" content=\"new\" \/>\n<!-- \/ Yoast SEO plugin. -->","yoast_head_json":{"title":"Fugenfr\u00e4ser-Starterset von MurerPoint - Murerpoint ApS","description":"Effizientes und professionelles Fugenfr\u00e4ser-starterset Kit von MurerPoint f\u00fcr schnelle und pr\u00e4zise Entfernung von M\u00f6rtelfugen. F\u00fcr Renovierungsprojekte.","robots":{"index":"index","follow":"follow","max-snippet":"max-snippet:-1","max-image-preview":"max-image-preview:large","max-video-preview":"max-video-preview:-1"},"canonical":"https:\/\/murerpoint.dk\/de\/produkt\/fugenfraeser-starterset-von-murerpoint\/","og_locale":"de_DE","og_type":"article","og_title":"Fugenfr\u00e4ser-Starterset von MurerPoint - Murerpoint ApS","og_description":"Effizientes und professionelles Fugenfr\u00e4ser-starterset Kit von MurerPoint f\u00fcr schnelle und pr\u00e4zise Entfernung von M\u00f6rtelfugen. F\u00fcr Renovierungsprojekte.","og_url":"https:\/\/murerpoint.dk\/de\/produkt\/fugenfraeser-starterset-von-murerpoint\/","og_site_name":"Murerpoint ApS","article_publisher":"https:\/\/m.facebook.com\/profile.php?id=61555157262134","article_modified_time":"2024-05-14T12:01:13+00:00","og_image":[{"width":863,"height":739,"url":"https:\/\/murerpoint.dk\/wp-content\/uploads\/2024\/04\/IMG_5551.jpeg","type":"image\/jpeg"}],"twitter_card":"summary_large_image","twitter_misc":{"Verf\u00fcgbarkeit":"Auf Lager"},"schema":{"@context":"https:\/\/schema.org","@graph":[{"@type":"WebPage","@id":"https:\/\/murerpoint.dk\/de\/produkt\/fugenfraeser-starterset-von-murerpoint\/","url":"https:\/\/murerpoint.dk\/de\/produkt\/fugenfraeser-starterset-von-murerpoint\/","name":"Fugenfr\u00e4ser-Starterset von MurerPoint - Murerpoint ApS","isPartOf":{"@id":"https:\/\/murerpoint.dk\/de\/#website"},"primaryImageOfPage":{"@id":"https:\/\/murerpoint.dk\/de\/produkt\/fugenfraeser-starterset-von-murerpoint\/#primaryimage"},"image":{"@id":"https:\/\/murerpoint.dk\/de\/produkt\/fugenfraeser-starterset-von-murerpoint\/#primaryimage"},"thumbnailUrl":"https:\/\/murerpoint.dk\/wp-content\/uploads\/2024\/04\/IMG_5551.jpeg","datePublished":"2024-04-15T11:21:36+00:00","dateModified":"2024-05-14T12:01:13+00:00","description":"Effizientes und professionelles Fugenfr\u00e4ser-starterset Kit von MurerPoint f\u00fcr schnelle und pr\u00e4zise Entfernung von M\u00f6rtelfugen. F\u00fcr Renovierungsprojekte.","breadcrumb":{"@id":"https:\/\/murerpoint.dk\/de\/produkt\/fugenfraeser-starterset-von-murerpoint\/#breadcrumb"},"inLanguage":"de","potentialAction":[{"@type":"ReadAction","target":["https:\/\/murerpoint.dk\/de\/produkt\/fugenfraeser-starterset-von-murerpoint\/"]}]},{"@type":"ImageObject","inLanguage":"de","@id":"https:\/\/murerpoint.dk\/de\/produkt\/fugenfraeser-starterset-von-murerpoint\/#primaryimage","url":"https:\/\/murerpoint.dk\/wp-content\/uploads\/2024\/04\/IMG_5551.jpeg","contentUrl":"https:\/\/murerpoint.dk\/wp-content\/uploads\/2024\/04\/IMG_5551.jpeg","width":863,"height":739,"caption":"Fugenfr\u00e4ser-Starterset"},{"@type":"BreadcrumbList","@id":"https:\/\/murerpoint.dk\/de\/produkt\/fugenfraeser-starterset-von-murerpoint\/#breadcrumb","itemListElement":[{"@type":"ListItem","position":1,"name":"Hjem","item":"https:\/\/murerpoint.dk\/de\/"},{"@type":"ListItem","position":2,"name":"SHOPPEN","item":"https:\/\/murerpoint.dk\/de\/shoppen\/"},{"@type":"ListItem","position":3,"name":"Fugenfr\u00e4ser-Starterset von MurerPoint"}]},{"@type":"WebSite","@id":"https:\/\/murerpoint.dk\/de\/#website","url":"https:\/\/murerpoint.dk\/de\/","name":"Murerpoint","description":"kvalitets v\u00e6rkt\u00f8j","publisher":{"@id":"https:\/\/murerpoint.dk\/de\/#organization"},"potentialAction":[{"@type":"SearchAction","target":{"@type":"EntryPoint","urlTemplate":"https:\/\/murerpoint.dk\/de\/?s={search_term_string}"},"query-input":{"@type":"PropertyValueSpecification","valueRequired":true,"valueName":"search_term_string"}}],"inLanguage":"de"},{"@type":"Organization","@id":"https:\/\/murerpoint.dk\/de\/#organization","name":"Murerpoint ApS","url":"https:\/\/murerpoint.dk\/de\/","logo":{"@type":"ImageObject","inLanguage":"de","@id":"https:\/\/murerpoint.dk\/de\/#\/schema\/logo\/image\/","url":"https:\/\/murerpoint.dk\/wp-content\/uploads\/2023\/12\/cropped-Sort-Midt-Roed-Mursten.png","contentUrl":"https:\/\/murerpoint.dk\/wp-content\/uploads\/2023\/12\/cropped-Sort-Midt-Roed-Mursten.png","width":512,"height":512,"caption":"Murerpoint ApS"},"image":{"@id":"https:\/\/murerpoint.dk\/de\/#\/schema\/logo\/image\/"},"sameAs":["https:\/\/m.facebook.com\/profile.php?id=61555157262134","https:\/\/www.instagram.com\/murerpoint?igsh=azluMWV6cTnc2ts&utm_source=qr","https:\/\/www.tiktok.com\/@murerpoint?is_from_webapp=1&sender_device=pc"]}]},"og_availability":"instock","product_availability":"instock","product_condition":"new"},"_links":{"self":[{"href":"https:\/\/murerpoint.dk\/de\/wp-json\/wp\/v2\/product\/2556","targetHints":{"allow":["GET"]}}],"collection":[{"href":"https:\/\/murerpoint.dk\/de\/wp-json\/wp\/v2\/product"}],"about":[{"href":"https:\/\/murerpoint.dk\/de\/wp-json\/wp\/v2\/types\/product"}],"replies":[{"embeddable":true,"href":"https:\/\/murerpoint.dk\/de\/wp-json\/wp\/v2\/comments?post=2556"}],"wp:featuredmedia":[{"embeddable":true,"href":"https:\/\/murerpoint.dk\/de\/wp-json\/wp\/v2\/media\/2554"}],"wp:attachment":[{"href":"https:\/\/murerpoint.dk\/de\/wp-json\/wp\/v2\/media?parent=2556"}],"wp:term":[{"taxonomy":"product_brand","embeddable":true,"href":"https:\/\/murerpoint.dk\/de\/wp-json\/wp\/v2\/product_brand?post=2556"},{"taxonomy":"product_cat","embeddable":true,"href":"https:\/\/murerpoint.dk\/de\/wp-json\/wp\/v2\/product_cat?post=2556"},{"taxonomy":"product_tag","embeddable":true,"href":"https:\/\/murerpoint.dk\/de\/wp-json\/wp\/v2\/product_tag?post=2556"}],"curies":[{"name":"wp","href":"https:\/\/api.w.org\/{rel}","templated":true}]}}