{"id":2842,"date":"2024-04-19T08:18:44","date_gmt":"2024-04-19T08:18:44","guid":{"rendered":"https:\/\/murerpoint.dk\/product\/diamantklinge-standard-oe400-mm-til-beton-og-universel-brug\/"},"modified":"2024-05-14T12:00:50","modified_gmt":"2024-05-14T12:00:50","slug":"diamant-saegeblatt-standard-oe400-mm-fuer-beton-und-universelle-verwendung","status":"publish","type":"product","link":"https:\/\/murerpoint.dk\/de\/produkt\/diamant-saegeblatt-standard-oe400-mm-fuer-beton-und-universelle-verwendung\/","title":{"rendered":"Diamant s\u00e4geblatt Standard \u00d8400 mm f\u00fcr Beton und universelle Verwendung"},"content":{"rendered":"<?xml encoding=\"utf-8\" ?><div class=\"flex-1 overflow-hidden\">\n<div class=\"react-scroll-to-bottom--css-efdun-79elbk h-full\">\n<div class=\"react-scroll-to-bottom--css-efdun-1n7m0yu\">\n<div class=\"flex flex-col text-sm pb-9\">\n<div class=\"w-full text-token-text-primary\" dir=\"auto\" data-testid=\"conversation-turn-665\">\n<div class=\"px-4 py-2 justify-center text-base md:gap-6 m-auto\">\n<div class=\"flex flex-1 text-base mx-auto gap-3 juice:gap-4 juice:md:gap-6 md:px-5 lg:px-1 xl:px-5 md:max-w-3xl lg:max-w-[40rem] xl:max-w-[48rem]\">\n<div class=\"relative flex w-full flex-col agent-turn\">\n<div class=\"flex-col gap-1 md:gap-3\">\n<div class=\"flex flex-grow flex-col max-w-full\">\n<div class=\"min-h-[20px] text-message flex flex-col items-start gap-3 whitespace-pre-wrap break-words [.text-message+&amp;]:mt-5 overflow-x-auto\" dir=\"auto\" data-message-author-role=\"assistant\" data-message-id=\"7acfe0dd-e896-4a25-a42b-2f337603c577\">\n<div class=\"markdown prose w-full break-words dark:prose-invert light\">\n<h5>Diamant s&auml;geblatt Standard &Oslash;400 mm f&uuml;r Beton und universelle Verwendung<\/h5>\n<p>Erzielen Sie pr&auml;zise Schnitte und steigern Sie die Produktivit&auml;t mit unserem Diamants&auml;geblatt in Standardqualit&auml;t. Mit einem Durchmesser von 400 mm und einem Zentrierloch von 25,4 mm ist dieses Blatt ideal f&uuml;r eine Vielzahl von Anwendungen, einschlie&szlig;lich dem Schneiden von armiertem Beton, Ziegeln, Pflastersteinen und Gehwegplatten. Die glatten Diamantsegmente gew&auml;hrleisten eine gleichm&auml;&szlig;ige Schnittleistung und zuverl&auml;ssige Ergebnisse, was dieses Blatt zu einem unverzichtbaren Werkzeug auf jeder Baustelle macht.<\/p>\n<h5>Spezifikationen f&uuml;r Diamants&auml;geblatt &Oslash;400mm:<\/h5>\n<ul>\n<li>Typ: Diamants&auml;geblatt<\/li>\n<li>Durchmesser: 400 mm<\/li>\n<li>Zentrierloch: 25,4 mm<\/li>\n<li>Anwendung: F&uuml;r Beton und universelle Verwendung<\/li>\n<li>Segmenttyp: Glatte Diamantsegmente<\/li>\n<li>Anwendungsbereiche: Armierter Beton, Ziegel, Pflastersteine, Gehwegplatten<\/li>\n<li>Kompatibilit&auml;t: Geeignet f&uuml;r die meisten Standard-S&auml;gebl&auml;tter mit einem Durchmesser von 400 mm und einem Zentrierloch von 25,4 mm.<\/li>\n<\/ul>\n<\/div>\n<\/div>\n<\/div>\n<div class=\"mt-1 flex gap-3 empty:hidden\"><\/div>\n<\/div>\n<\/div>\n<\/div>\n<\/div>\n<\/div>\n<\/div>\n<\/div>\n<\/div>\n<\/div>\n","protected":false},"excerpt":{"rendered":"<h5>Diamant s\u00e4geblatt Standard \u00d8400 mm f\u00fcr Beton und universelle Verwendung<\/h5>\n<p>Erzeugen Sie pr\u00e4zise Schnitte in armiertem Beton, Ziegelsteinen, Pflastersteinen und mehr mit unserem Diamantklinge in Standardqualit\u00e4t. Mit einem Durchmesser von 400 mm und glatten Diamantsegmenten gew\u00e4hrleistet dieses vielseitige Klinge zuverl\u00e4ssige und effiziente Schnitte bei jeder Anwendung.<\/p>\n<ul>\n<li>\u00d8400 mm \u2013 Zentrierloch 25,4 mm<\/li>\n<li>Glatte Diamantsegmente<\/li>\n<li>Geeignet f\u00fcr: armierter Beton, Ziegelsteine, Pflastersteine, Gehwegplatten<\/li>\n<\/ul>\n","protected":false},"featured_media":2840,"comment_status":"open","ping_status":"closed","template":"","meta":[],"product_brand":[],"product_cat":[1234],"product_tag":[1803,248,1143,1492,1236,1238,1804,2741,2742,2743,2176,2228,1493,1239,2745,1494,10354,10355,8108,8109,8110,1495],"class_list":{"0":"post-2842","1":"product","2":"type-product","3":"status-publish","4":"has-post-thumbnail","6":"product_cat-diamant-klinger-de","7":"product_tag-concreteblade-de","8":"product_tag-construction-de","9":"product_tag-cuttingblade-de","10":"product_tag-diamantklinga-de","11":"product_tag-diamantklinge-de","12":"product_tag-diamantscheibe-de","13":"product_tag-diamantschijf-de","14":"product_tag-diamantsegment-de","15":"product_tag-diamantsegmente-de","16":"product_tag-diamantsegmenten-de","17":"product_tag-diamantvaerktoej-de","18":"product_tag-diamantwerkzeug-de","19":"product_tag-diamantzaagblad-de","20":"product_tag-diamondblade-de","21":"product_tag-diamondsegments-de","22":"product_tag-klinga-de","23":"product_tag-skaereklinge-de","24":"product_tag-skaerklinga-de","25":"product_tag-universalblade-de","26":"product_tag-universalklinge-de","27":"product_tag-universalscheibe-de","28":"product_tag-zaagblad-de","30":"first","31":"instock","32":"taxable","33":"shipping-taxable","34":"purchasable","35":"product-type-simple"},"yoast_head":"<!-- This site is optimized with the Yoast SEO plugin v27.4 - https:\/\/yoast.com\/product\/yoast-seo-wordpress\/ -->\n<title>Diamant s\u00e4geblatt Standard \u00d8400 mm f\u00fcr Beton und universelle Verwendung - Murerpoint ApS<\/title>\n<meta name=\"description\" content=\"Diamantblatt mit 400 mm Durchmesser. Mit glatten Diamantsegmenten und einem universellen Design ist dieses Blatt ideal f\u00fcr eine Vielzahl von Anwendungen.\" \/>\n<meta name=\"robots\" content=\"index, follow, max-snippet:-1, max-image-preview:large, max-video-preview:-1\" \/>\n<link rel=\"canonical\" href=\"https:\/\/murerpoint.dk\/de\/produkt\/diamant-saegeblatt-standard-oe400-mm-fuer-beton-und-universelle-verwendung\/\" \/>\n<meta property=\"og:locale\" content=\"de_DE\" \/>\n<meta property=\"og:type\" content=\"article\" \/>\n<meta property=\"og:title\" content=\"Diamant s\u00e4geblatt Standard \u00d8400 mm f\u00fcr Beton und universelle Verwendung - Murerpoint ApS\" \/>\n<meta property=\"og:description\" content=\"Diamantblatt mit 400 mm Durchmesser. Mit glatten Diamantsegmenten und einem universellen Design ist dieses Blatt ideal f\u00fcr eine Vielzahl von Anwendungen.\" \/>\n<meta property=\"og:url\" content=\"https:\/\/murerpoint.dk\/de\/produkt\/diamant-saegeblatt-standard-oe400-mm-fuer-beton-und-universelle-verwendung\/\" \/>\n<meta property=\"og:site_name\" content=\"Murerpoint ApS\" \/>\n<meta property=\"article:publisher\" content=\"https:\/\/m.facebook.com\/profile.php?id=61555157262134\" \/>\n<meta property=\"article:modified_time\" content=\"2024-05-14T12:00:50+00:00\" \/>\n<meta property=\"og:image\" content=\"https:\/\/murerpoint.dk\/wp-content\/uploads\/2024\/04\/Diamant-klinge-Oe400-stanard-front-768x1024.png\" \/>\n\t<meta property=\"og:image:width\" content=\"768\" \/>\n\t<meta property=\"og:image:height\" content=\"1024\" \/>\n\t<meta property=\"og:image:type\" content=\"image\/png\" \/>\n<meta name=\"twitter:card\" content=\"summary_large_image\" \/>\n<meta name=\"twitter:label1\" content=\"Preis\" \/>\n\t<meta name=\"twitter:data1\" content=\"&euro;63.43 Pris ekskl. moms: &euro;50.74\" \/>\n\t<meta name=\"twitter:label2\" content=\"Verf\u00fcgbarkeit\" \/>\n\t<meta name=\"twitter:data2\" content=\"Auf Lager\" \/>\n<script type=\"application\/ld+json\" class=\"yoast-schema-graph\">{\"@context\":\"https:\\\/\\\/schema.org\",\"@graph\":[{\"@type\":\"WebPage\",\"@id\":\"https:\\\/\\\/murerpoint.dk\\\/de\\\/produkt\\\/diamant-saegeblatt-standard-oe400-mm-fuer-beton-und-universelle-verwendung\\\/\",\"url\":\"https:\\\/\\\/murerpoint.dk\\\/de\\\/produkt\\\/diamant-saegeblatt-standard-oe400-mm-fuer-beton-und-universelle-verwendung\\\/\",\"name\":\"Diamant s\u00e4geblatt Standard \u00d8400 mm f\u00fcr Beton und universelle Verwendung - Murerpoint ApS\",\"isPartOf\":{\"@id\":\"https:\\\/\\\/murerpoint.dk\\\/de\\\/#website\"},\"primaryImageOfPage\":{\"@id\":\"https:\\\/\\\/murerpoint.dk\\\/de\\\/produkt\\\/diamant-saegeblatt-standard-oe400-mm-fuer-beton-und-universelle-verwendung\\\/#primaryimage\"},\"image\":{\"@id\":\"https:\\\/\\\/murerpoint.dk\\\/de\\\/produkt\\\/diamant-saegeblatt-standard-oe400-mm-fuer-beton-und-universelle-verwendung\\\/#primaryimage\"},\"thumbnailUrl\":\"https:\\\/\\\/murerpoint.dk\\\/wp-content\\\/uploads\\\/2024\\\/04\\\/Diamant-klinge-Oe400-stanard-front.png\",\"datePublished\":\"2024-04-19T08:18:44+00:00\",\"dateModified\":\"2024-05-14T12:00:50+00:00\",\"description\":\"Diamantblatt mit 400 mm Durchmesser. Mit glatten Diamantsegmenten und einem universellen Design ist dieses Blatt ideal f\u00fcr eine Vielzahl von Anwendungen.\",\"breadcrumb\":{\"@id\":\"https:\\\/\\\/murerpoint.dk\\\/de\\\/produkt\\\/diamant-saegeblatt-standard-oe400-mm-fuer-beton-und-universelle-verwendung\\\/#breadcrumb\"},\"inLanguage\":\"de\",\"potentialAction\":[{\"@type\":\"ReadAction\",\"target\":[\"https:\\\/\\\/murerpoint.dk\\\/de\\\/produkt\\\/diamant-saegeblatt-standard-oe400-mm-fuer-beton-und-universelle-verwendung\\\/\"]}]},{\"@type\":\"ImageObject\",\"inLanguage\":\"de\",\"@id\":\"https:\\\/\\\/murerpoint.dk\\\/de\\\/produkt\\\/diamant-saegeblatt-standard-oe400-mm-fuer-beton-und-universelle-verwendung\\\/#primaryimage\",\"url\":\"https:\\\/\\\/murerpoint.dk\\\/wp-content\\\/uploads\\\/2024\\\/04\\\/Diamant-klinge-Oe400-stanard-front.png\",\"contentUrl\":\"https:\\\/\\\/murerpoint.dk\\\/wp-content\\\/uploads\\\/2024\\\/04\\\/Diamant-klinge-Oe400-stanard-front.png\",\"width\":3024,\"height\":4032,\"caption\":\"Diamantklinge Standard \u00d8400 mm til Beton og Universel Brug\"},{\"@type\":\"BreadcrumbList\",\"@id\":\"https:\\\/\\\/murerpoint.dk\\\/de\\\/produkt\\\/diamant-saegeblatt-standard-oe400-mm-fuer-beton-und-universelle-verwendung\\\/#breadcrumb\",\"itemListElement\":[{\"@type\":\"ListItem\",\"position\":1,\"name\":\"Hjem\",\"item\":\"https:\\\/\\\/murerpoint.dk\\\/de\\\/\"},{\"@type\":\"ListItem\",\"position\":2,\"name\":\"SHOPPEN\",\"item\":\"https:\\\/\\\/murerpoint.dk\\\/de\\\/shoppen\\\/\"},{\"@type\":\"ListItem\",\"position\":3,\"name\":\"Diamant s\u00e4geblatt Standard \u00d8400 mm f\u00fcr Beton und universelle Verwendung\"}]},{\"@type\":\"WebSite\",\"@id\":\"https:\\\/\\\/murerpoint.dk\\\/de\\\/#website\",\"url\":\"https:\\\/\\\/murerpoint.dk\\\/de\\\/\",\"name\":\"Murerpoint\",\"description\":\"kvalitets v\u00e6rkt\u00f8j\",\"publisher\":{\"@id\":\"https:\\\/\\\/murerpoint.dk\\\/de\\\/#organization\"},\"potentialAction\":[{\"@type\":\"SearchAction\",\"target\":{\"@type\":\"EntryPoint\",\"urlTemplate\":\"https:\\\/\\\/murerpoint.dk\\\/de\\\/?s={search_term_string}\"},\"query-input\":{\"@type\":\"PropertyValueSpecification\",\"valueRequired\":true,\"valueName\":\"search_term_string\"}}],\"inLanguage\":\"de\"},{\"@type\":\"Organization\",\"@id\":\"https:\\\/\\\/murerpoint.dk\\\/de\\\/#organization\",\"name\":\"Murerpoint ApS\",\"url\":\"https:\\\/\\\/murerpoint.dk\\\/de\\\/\",\"logo\":{\"@type\":\"ImageObject\",\"inLanguage\":\"de\",\"@id\":\"https:\\\/\\\/murerpoint.dk\\\/de\\\/#\\\/schema\\\/logo\\\/image\\\/\",\"url\":\"https:\\\/\\\/murerpoint.dk\\\/wp-content\\\/uploads\\\/2023\\\/12\\\/cropped-Sort-Midt-Roed-Mursten.png\",\"contentUrl\":\"https:\\\/\\\/murerpoint.dk\\\/wp-content\\\/uploads\\\/2023\\\/12\\\/cropped-Sort-Midt-Roed-Mursten.png\",\"width\":512,\"height\":512,\"caption\":\"Murerpoint ApS\"},\"image\":{\"@id\":\"https:\\\/\\\/murerpoint.dk\\\/de\\\/#\\\/schema\\\/logo\\\/image\\\/\"},\"sameAs\":[\"https:\\\/\\\/m.facebook.com\\\/profile.php?id=61555157262134\",\"https:\\\/\\\/www.instagram.com\\\/murerpoint?igsh=azluMWV6cTnc2ts&utm_source=qr\",\"https:\\\/\\\/www.tiktok.com\\\/@murerpoint?is_from_webapp=1&sender_device=pc\"]}]}<\/script>\n<meta property=\"product:price:amount\" content=\"63.43\" \/>\n<meta property=\"product:price:currency\" content=\"EUR\" \/>\n<meta property=\"og:availability\" content=\"instock\" \/>\n<meta property=\"product:availability\" content=\"instock\" \/>\n<meta property=\"product:retailer_item_id\" content=\"mp00047\" \/>\n<meta property=\"product:condition\" content=\"new\" \/>\n<!-- \/ Yoast SEO plugin. -->","yoast_head_json":{"title":"Diamant s\u00e4geblatt Standard \u00d8400 mm f\u00fcr Beton und universelle Verwendung - Murerpoint ApS","description":"Diamantblatt mit 400 mm Durchmesser. Mit glatten Diamantsegmenten und einem universellen Design ist dieses Blatt ideal f\u00fcr eine Vielzahl von Anwendungen.","robots":{"index":"index","follow":"follow","max-snippet":"max-snippet:-1","max-image-preview":"max-image-preview:large","max-video-preview":"max-video-preview:-1"},"canonical":"https:\/\/murerpoint.dk\/de\/produkt\/diamant-saegeblatt-standard-oe400-mm-fuer-beton-und-universelle-verwendung\/","og_locale":"de_DE","og_type":"article","og_title":"Diamant s\u00e4geblatt Standard \u00d8400 mm f\u00fcr Beton und universelle Verwendung - Murerpoint ApS","og_description":"Diamantblatt mit 400 mm Durchmesser. Mit glatten Diamantsegmenten und einem universellen Design ist dieses Blatt ideal f\u00fcr eine Vielzahl von Anwendungen.","og_url":"https:\/\/murerpoint.dk\/de\/produkt\/diamant-saegeblatt-standard-oe400-mm-fuer-beton-und-universelle-verwendung\/","og_site_name":"Murerpoint ApS","article_publisher":"https:\/\/m.facebook.com\/profile.php?id=61555157262134","article_modified_time":"2024-05-14T12:00:50+00:00","og_image":[{"width":768,"height":1024,"url":"https:\/\/murerpoint.dk\/wp-content\/uploads\/2024\/04\/Diamant-klinge-Oe400-stanard-front-768x1024.png","type":"image\/png"}],"twitter_card":"summary_large_image","twitter_misc":{"Preis":"&euro;63.43 Pris ekskl. moms: &euro;50.74","Verf\u00fcgbarkeit":"Auf Lager"},"schema":{"@context":"https:\/\/schema.org","@graph":[{"@type":"WebPage","@id":"https:\/\/murerpoint.dk\/de\/produkt\/diamant-saegeblatt-standard-oe400-mm-fuer-beton-und-universelle-verwendung\/","url":"https:\/\/murerpoint.dk\/de\/produkt\/diamant-saegeblatt-standard-oe400-mm-fuer-beton-und-universelle-verwendung\/","name":"Diamant s\u00e4geblatt Standard \u00d8400 mm f\u00fcr Beton und universelle Verwendung - Murerpoint ApS","isPartOf":{"@id":"https:\/\/murerpoint.dk\/de\/#website"},"primaryImageOfPage":{"@id":"https:\/\/murerpoint.dk\/de\/produkt\/diamant-saegeblatt-standard-oe400-mm-fuer-beton-und-universelle-verwendung\/#primaryimage"},"image":{"@id":"https:\/\/murerpoint.dk\/de\/produkt\/diamant-saegeblatt-standard-oe400-mm-fuer-beton-und-universelle-verwendung\/#primaryimage"},"thumbnailUrl":"https:\/\/murerpoint.dk\/wp-content\/uploads\/2024\/04\/Diamant-klinge-Oe400-stanard-front.png","datePublished":"2024-04-19T08:18:44+00:00","dateModified":"2024-05-14T12:00:50+00:00","description":"Diamantblatt mit 400 mm Durchmesser. Mit glatten Diamantsegmenten und einem universellen Design ist dieses Blatt ideal f\u00fcr eine Vielzahl von Anwendungen.","breadcrumb":{"@id":"https:\/\/murerpoint.dk\/de\/produkt\/diamant-saegeblatt-standard-oe400-mm-fuer-beton-und-universelle-verwendung\/#breadcrumb"},"inLanguage":"de","potentialAction":[{"@type":"ReadAction","target":["https:\/\/murerpoint.dk\/de\/produkt\/diamant-saegeblatt-standard-oe400-mm-fuer-beton-und-universelle-verwendung\/"]}]},{"@type":"ImageObject","inLanguage":"de","@id":"https:\/\/murerpoint.dk\/de\/produkt\/diamant-saegeblatt-standard-oe400-mm-fuer-beton-und-universelle-verwendung\/#primaryimage","url":"https:\/\/murerpoint.dk\/wp-content\/uploads\/2024\/04\/Diamant-klinge-Oe400-stanard-front.png","contentUrl":"https:\/\/murerpoint.dk\/wp-content\/uploads\/2024\/04\/Diamant-klinge-Oe400-stanard-front.png","width":3024,"height":4032,"caption":"Diamantklinge Standard \u00d8400 mm til Beton og Universel Brug"},{"@type":"BreadcrumbList","@id":"https:\/\/murerpoint.dk\/de\/produkt\/diamant-saegeblatt-standard-oe400-mm-fuer-beton-und-universelle-verwendung\/#breadcrumb","itemListElement":[{"@type":"ListItem","position":1,"name":"Hjem","item":"https:\/\/murerpoint.dk\/de\/"},{"@type":"ListItem","position":2,"name":"SHOPPEN","item":"https:\/\/murerpoint.dk\/de\/shoppen\/"},{"@type":"ListItem","position":3,"name":"Diamant s\u00e4geblatt Standard \u00d8400 mm f\u00fcr Beton und universelle Verwendung"}]},{"@type":"WebSite","@id":"https:\/\/murerpoint.dk\/de\/#website","url":"https:\/\/murerpoint.dk\/de\/","name":"Murerpoint","description":"kvalitets v\u00e6rkt\u00f8j","publisher":{"@id":"https:\/\/murerpoint.dk\/de\/#organization"},"potentialAction":[{"@type":"SearchAction","target":{"@type":"EntryPoint","urlTemplate":"https:\/\/murerpoint.dk\/de\/?s={search_term_string}"},"query-input":{"@type":"PropertyValueSpecification","valueRequired":true,"valueName":"search_term_string"}}],"inLanguage":"de"},{"@type":"Organization","@id":"https:\/\/murerpoint.dk\/de\/#organization","name":"Murerpoint ApS","url":"https:\/\/murerpoint.dk\/de\/","logo":{"@type":"ImageObject","inLanguage":"de","@id":"https:\/\/murerpoint.dk\/de\/#\/schema\/logo\/image\/","url":"https:\/\/murerpoint.dk\/wp-content\/uploads\/2023\/12\/cropped-Sort-Midt-Roed-Mursten.png","contentUrl":"https:\/\/murerpoint.dk\/wp-content\/uploads\/2023\/12\/cropped-Sort-Midt-Roed-Mursten.png","width":512,"height":512,"caption":"Murerpoint ApS"},"image":{"@id":"https:\/\/murerpoint.dk\/de\/#\/schema\/logo\/image\/"},"sameAs":["https:\/\/m.facebook.com\/profile.php?id=61555157262134","https:\/\/www.instagram.com\/murerpoint?igsh=azluMWV6cTnc2ts&utm_source=qr","https:\/\/www.tiktok.com\/@murerpoint?is_from_webapp=1&sender_device=pc"]}]},"product_price_amount":"63.43","product_price_currency":"EUR","og_availability":"instock","product_availability":"instock","product_retailer_item_id":"mp00047","product_condition":"new"},"_links":{"self":[{"href":"https:\/\/murerpoint.dk\/de\/wp-json\/wp\/v2\/product\/2842","targetHints":{"allow":["GET"]}}],"collection":[{"href":"https:\/\/murerpoint.dk\/de\/wp-json\/wp\/v2\/product"}],"about":[{"href":"https:\/\/murerpoint.dk\/de\/wp-json\/wp\/v2\/types\/product"}],"replies":[{"embeddable":true,"href":"https:\/\/murerpoint.dk\/de\/wp-json\/wp\/v2\/comments?post=2842"}],"wp:featuredmedia":[{"embeddable":true,"href":"https:\/\/murerpoint.dk\/de\/wp-json\/wp\/v2\/media\/2840"}],"wp:attachment":[{"href":"https:\/\/murerpoint.dk\/de\/wp-json\/wp\/v2\/media?parent=2842"}],"wp:term":[{"taxonomy":"product_brand","embeddable":true,"href":"https:\/\/murerpoint.dk\/de\/wp-json\/wp\/v2\/product_brand?post=2842"},{"taxonomy":"product_cat","embeddable":true,"href":"https:\/\/murerpoint.dk\/de\/wp-json\/wp\/v2\/product_cat?post=2842"},{"taxonomy":"product_tag","embeddable":true,"href":"https:\/\/murerpoint.dk\/de\/wp-json\/wp\/v2\/product_tag?post=2842"}],"curies":[{"name":"wp","href":"https:\/\/api.w.org\/{rel}","templated":true}]}}