{"id":2985,"date":"2024-04-24T07:21:05","date_gmt":"2024-04-24T07:21:05","guid":{"rendered":"https:\/\/murerpoint.dk\/product\/flet-fliseklinge-oe125-mm\/"},"modified":"2024-05-14T12:00:49","modified_gmt":"2024-05-14T12:00:49","slug":"fliesen-diamant-saegeblatt-oe125-mm","status":"publish","type":"product","link":"https:\/\/murerpoint.dk\/de\/produkt\/fliesen-diamant-saegeblatt-oe125-mm\/","title":{"rendered":"Fliesen diamant s\u00e4geblatt \u00d8125 mm"},"content":{"rendered":"<?xml encoding=\"utf-8\" ?><h5>Fliesen diamant s&auml;geblatt &Oslash;125 mm &ndash; Pr&auml;zises und effizientes Schneiden<\/h5><p>Trockenschnitt in Fliesen, Keramik, d&uuml;nnem Granit und Marmor ist mit einer handels&uuml;blichen Winkelschleifer leicht durchf&uuml;hrbar.<\/p><p>Diese Diamantscheibe mit Bel&uuml;ftung ist ideal f&uuml;r professionelle Handwerker und anspruchsvolle Heimwerker.<\/p><p>Hochwertige Diamantklinge mit Diamantbeschichtung. Die extrem d&uuml;nne Schneide sorgt f&uuml;r schnelle und feine Schnitte.<\/p><p><strong>Spezifikationen:<\/strong><\/p><ul>\n<li>Durchmesser: 125 mm<\/li>\n<li>Mittelloch: 22,23 mm<\/li>\n<li>Geschwindigkeit: Max. 80 m\/s (12.250 U\/min)<\/li>\n<li>Fliesens&auml;geblatt f&uuml;r harte Keramikfliesen<\/li>\n<li>Flet-Diamantsegmentierung erm&ouml;glicht hohe Schnittgeschwindigkeit<\/li>\n<li>Erzeugt saubere und pr&auml;zise Schnitte<\/li>\n<\/ul><p>Erzielen Sie pr&auml;zise und effektive Schnitte mit unserem Flet-Fliesendiamants&auml;geblatt &Oslash;125 mm. Diese Klinge wurde entwickelt, um zuverl&auml;ssige Ergebnisse bei jeder Anwendung zu liefern. Mit einer maximalen Geschwindigkeit von 80 m\/s und Einhaltung des EN13236-Standards gew&auml;hrleistet dieses S&auml;geblatt Sicherheit und Leistung. Der Pfeil, der nach rechts zeigt, erleichtert die korrekte Montage der Klinge und gew&auml;hrleistet die optimale Schneidleistung.<\/p>\n","protected":false},"excerpt":{"rendered":"<h5>Fliesen diamant s\u00e4geblatt \u00d8125 mm<\/h5>\n<p><strong>Spezifikationen:<\/strong><\/p>\n<ul>\n<li>Durchmesser: 125 mm<\/li>\n<li>Mittelloch: 22,23 mm<\/li>\n<li>Geschwindigkeit: Max. 80 m\/s (12.250 U\/min)<\/li>\n<li>Fliesens\u00e4geblatt f\u00fcr harte Keramikfliesen<\/li>\n<li>Flet-Diamantsegmentierung erm\u00f6glicht hohe Schnittgeschwindigkeit<\/li>\n<li>Erzeugt saubere und pr\u00e4zise Schnitte<\/li>\n<\/ul>\n","protected":false},"featured_media":2967,"comment_status":"open","ping_status":"closed","template":"","meta":[],"product_brand":[],"product_cat":[],"product_tag":[],"class_list":{"0":"post-2985","1":"product","2":"type-product","3":"status-publish","4":"has-post-thumbnail","7":"first","8":"instock","9":"taxable","10":"shipping-taxable","11":"purchasable","12":"product-type-simple"},"yoast_head":"<!-- This site is optimized with the Yoast SEO plugin v27.5 - https:\/\/yoast.com\/product\/yoast-seo-wordpress\/ -->\n<title>Fliesen diamant s\u00e4geblatt \u00d8125 mm - Murerpoint ApS<\/title>\n<meta name=\"description\" content=\"Unser Flet-Fliesen schneider \u00d8125 mm ist zum Schneiden von Fliesen und keramischen Materialien geeignet. Maximale Geschwindigkeit von 80m\/s, \u00d8125x22,23mm.\" \/>\n<meta name=\"robots\" content=\"index, follow, max-snippet:-1, max-image-preview:large, max-video-preview:-1\" \/>\n<link rel=\"canonical\" href=\"https:\/\/murerpoint.dk\/de\/produkt\/fliesen-diamant-saegeblatt-oe125-mm\/\" \/>\n<meta property=\"og:locale\" content=\"de_DE\" \/>\n<meta property=\"og:type\" content=\"article\" \/>\n<meta property=\"og:title\" content=\"Fliesen diamant s\u00e4geblatt \u00d8125 mm - Murerpoint ApS\" \/>\n<meta property=\"og:description\" content=\"Unser Flet-Fliesen schneider \u00d8125 mm ist zum Schneiden von Fliesen und keramischen Materialien geeignet. Maximale Geschwindigkeit von 80m\/s, \u00d8125x22,23mm.\" \/>\n<meta property=\"og:url\" content=\"https:\/\/murerpoint.dk\/de\/produkt\/fliesen-diamant-saegeblatt-oe125-mm\/\" \/>\n<meta property=\"og:site_name\" content=\"Murerpoint ApS\" \/>\n<meta property=\"article:publisher\" content=\"https:\/\/m.facebook.com\/profile.php?id=61555157262134\" \/>\n<meta property=\"article:modified_time\" content=\"2024-05-14T12:00:49+00:00\" \/>\n<meta property=\"og:image\" content=\"https:\/\/murerpoint.dk\/wp-content\/uploads\/2024\/04\/FLiseklinge-FLET-bruges-til.jpg\" \/>\n\t<meta property=\"og:image:width\" content=\"500\" \/>\n\t<meta property=\"og:image:height\" content=\"500\" \/>\n\t<meta property=\"og:image:type\" content=\"image\/jpeg\" \/>\n<meta name=\"twitter:card\" content=\"summary_large_image\" \/>\n<meta name=\"twitter:label1\" content=\"Preis\" \/>\n\t<meta name=\"twitter:data1\" content=\"&euro;19.24 Pris ekskl. moms: &euro;15.39\" \/>\n\t<meta name=\"twitter:label2\" content=\"Verf\u00fcgbarkeit\" \/>\n\t<meta name=\"twitter:data2\" content=\"Auf Lager\" \/>\n<script type=\"application\/ld+json\" class=\"yoast-schema-graph\">{\"@context\":\"https:\\\/\\\/schema.org\",\"@graph\":[{\"@type\":\"WebPage\",\"@id\":\"https:\\\/\\\/murerpoint.dk\\\/de\\\/produkt\\\/fliesen-diamant-saegeblatt-oe125-mm\\\/\",\"url\":\"https:\\\/\\\/murerpoint.dk\\\/de\\\/produkt\\\/fliesen-diamant-saegeblatt-oe125-mm\\\/\",\"name\":\"Fliesen diamant s\u00e4geblatt \u00d8125 mm - Murerpoint ApS\",\"isPartOf\":{\"@id\":\"https:\\\/\\\/murerpoint.dk\\\/de\\\/#website\"},\"primaryImageOfPage\":{\"@id\":\"https:\\\/\\\/murerpoint.dk\\\/de\\\/produkt\\\/fliesen-diamant-saegeblatt-oe125-mm\\\/#primaryimage\"},\"image\":{\"@id\":\"https:\\\/\\\/murerpoint.dk\\\/de\\\/produkt\\\/fliesen-diamant-saegeblatt-oe125-mm\\\/#primaryimage\"},\"thumbnailUrl\":\"https:\\\/\\\/murerpoint.dk\\\/wp-content\\\/uploads\\\/2024\\\/04\\\/FLiseklinge-FLET-bruges-til.jpg\",\"datePublished\":\"2024-04-24T07:21:05+00:00\",\"dateModified\":\"2024-05-14T12:00:49+00:00\",\"description\":\"Unser Flet-Fliesen schneider \u00d8125 mm ist zum Schneiden von Fliesen und keramischen Materialien geeignet. Maximale Geschwindigkeit von 80m\\\/s, \u00d8125x22,23mm.\",\"breadcrumb\":{\"@id\":\"https:\\\/\\\/murerpoint.dk\\\/de\\\/produkt\\\/fliesen-diamant-saegeblatt-oe125-mm\\\/#breadcrumb\"},\"inLanguage\":\"de\",\"potentialAction\":[{\"@type\":\"ReadAction\",\"target\":[\"https:\\\/\\\/murerpoint.dk\\\/de\\\/produkt\\\/fliesen-diamant-saegeblatt-oe125-mm\\\/\"]}]},{\"@type\":\"ImageObject\",\"inLanguage\":\"de\",\"@id\":\"https:\\\/\\\/murerpoint.dk\\\/de\\\/produkt\\\/fliesen-diamant-saegeblatt-oe125-mm\\\/#primaryimage\",\"url\":\"https:\\\/\\\/murerpoint.dk\\\/wp-content\\\/uploads\\\/2024\\\/04\\\/FLiseklinge-FLET-bruges-til.jpg\",\"contentUrl\":\"https:\\\/\\\/murerpoint.dk\\\/wp-content\\\/uploads\\\/2024\\\/04\\\/FLiseklinge-FLET-bruges-til.jpg\",\"width\":500,\"height\":500,\"caption\":\"Diamant Fliseklinge-FLET \u00d8125mm\"},{\"@type\":\"BreadcrumbList\",\"@id\":\"https:\\\/\\\/murerpoint.dk\\\/de\\\/produkt\\\/fliesen-diamant-saegeblatt-oe125-mm\\\/#breadcrumb\",\"itemListElement\":[{\"@type\":\"ListItem\",\"position\":1,\"name\":\"Hjem\",\"item\":\"https:\\\/\\\/murerpoint.dk\\\/de\\\/\"},{\"@type\":\"ListItem\",\"position\":2,\"name\":\"SHOPPEN\",\"item\":\"https:\\\/\\\/murerpoint.dk\\\/de\\\/shoppen\\\/\"},{\"@type\":\"ListItem\",\"position\":3,\"name\":\"Fliesen diamant s\u00e4geblatt \u00d8125 mm\"}]},{\"@type\":\"WebSite\",\"@id\":\"https:\\\/\\\/murerpoint.dk\\\/de\\\/#website\",\"url\":\"https:\\\/\\\/murerpoint.dk\\\/de\\\/\",\"name\":\"Murerpoint\",\"description\":\"kvalitets v\u00e6rkt\u00f8j\",\"publisher\":{\"@id\":\"https:\\\/\\\/murerpoint.dk\\\/de\\\/#organization\"},\"potentialAction\":[{\"@type\":\"SearchAction\",\"target\":{\"@type\":\"EntryPoint\",\"urlTemplate\":\"https:\\\/\\\/murerpoint.dk\\\/de\\\/?s={search_term_string}\"},\"query-input\":{\"@type\":\"PropertyValueSpecification\",\"valueRequired\":true,\"valueName\":\"search_term_string\"}}],\"inLanguage\":\"de\"},{\"@type\":\"Organization\",\"@id\":\"https:\\\/\\\/murerpoint.dk\\\/de\\\/#organization\",\"name\":\"Murerpoint ApS\",\"url\":\"https:\\\/\\\/murerpoint.dk\\\/de\\\/\",\"logo\":{\"@type\":\"ImageObject\",\"inLanguage\":\"de\",\"@id\":\"https:\\\/\\\/murerpoint.dk\\\/de\\\/#\\\/schema\\\/logo\\\/image\\\/\",\"url\":\"https:\\\/\\\/murerpoint.dk\\\/wp-content\\\/uploads\\\/2023\\\/12\\\/cropped-Sort-Midt-Roed-Mursten.png\",\"contentUrl\":\"https:\\\/\\\/murerpoint.dk\\\/wp-content\\\/uploads\\\/2023\\\/12\\\/cropped-Sort-Midt-Roed-Mursten.png\",\"width\":512,\"height\":512,\"caption\":\"Murerpoint ApS\"},\"image\":{\"@id\":\"https:\\\/\\\/murerpoint.dk\\\/de\\\/#\\\/schema\\\/logo\\\/image\\\/\"},\"sameAs\":[\"https:\\\/\\\/m.facebook.com\\\/profile.php?id=61555157262134\",\"https:\\\/\\\/www.instagram.com\\\/murerpoint?igsh=azluMWV6cTnc2ts&utm_source=qr\",\"https:\\\/\\\/www.tiktok.com\\\/@murerpoint?is_from_webapp=1&sender_device=pc\"]}]}<\/script>\n<meta property=\"product:price:amount\" content=\"19.24\" \/>\n<meta property=\"product:price:currency\" content=\"EUR\" \/>\n<meta property=\"og:availability\" content=\"instock\" \/>\n<meta property=\"product:availability\" content=\"instock\" \/>\n<meta property=\"product:retailer_item_id\" content=\"mp00002\" \/>\n<meta property=\"product:condition\" content=\"new\" \/>\n<!-- \/ Yoast SEO plugin. -->","yoast_head_json":{"title":"Fliesen diamant s\u00e4geblatt \u00d8125 mm - Murerpoint ApS","description":"Unser Flet-Fliesen schneider \u00d8125 mm ist zum Schneiden von Fliesen und keramischen Materialien geeignet. Maximale Geschwindigkeit von 80m\/s, \u00d8125x22,23mm.","robots":{"index":"index","follow":"follow","max-snippet":"max-snippet:-1","max-image-preview":"max-image-preview:large","max-video-preview":"max-video-preview:-1"},"canonical":"https:\/\/murerpoint.dk\/de\/produkt\/fliesen-diamant-saegeblatt-oe125-mm\/","og_locale":"de_DE","og_type":"article","og_title":"Fliesen diamant s\u00e4geblatt \u00d8125 mm - Murerpoint ApS","og_description":"Unser Flet-Fliesen schneider \u00d8125 mm ist zum Schneiden von Fliesen und keramischen Materialien geeignet. Maximale Geschwindigkeit von 80m\/s, \u00d8125x22,23mm.","og_url":"https:\/\/murerpoint.dk\/de\/produkt\/fliesen-diamant-saegeblatt-oe125-mm\/","og_site_name":"Murerpoint ApS","article_publisher":"https:\/\/m.facebook.com\/profile.php?id=61555157262134","article_modified_time":"2024-05-14T12:00:49+00:00","og_image":[{"width":500,"height":500,"url":"https:\/\/murerpoint.dk\/wp-content\/uploads\/2024\/04\/FLiseklinge-FLET-bruges-til.jpg","type":"image\/jpeg"}],"twitter_card":"summary_large_image","twitter_misc":{"Preis":"&euro;19.24 Pris ekskl. moms: &euro;15.39","Verf\u00fcgbarkeit":"Auf Lager"},"schema":{"@context":"https:\/\/schema.org","@graph":[{"@type":"WebPage","@id":"https:\/\/murerpoint.dk\/de\/produkt\/fliesen-diamant-saegeblatt-oe125-mm\/","url":"https:\/\/murerpoint.dk\/de\/produkt\/fliesen-diamant-saegeblatt-oe125-mm\/","name":"Fliesen diamant s\u00e4geblatt \u00d8125 mm - Murerpoint ApS","isPartOf":{"@id":"https:\/\/murerpoint.dk\/de\/#website"},"primaryImageOfPage":{"@id":"https:\/\/murerpoint.dk\/de\/produkt\/fliesen-diamant-saegeblatt-oe125-mm\/#primaryimage"},"image":{"@id":"https:\/\/murerpoint.dk\/de\/produkt\/fliesen-diamant-saegeblatt-oe125-mm\/#primaryimage"},"thumbnailUrl":"https:\/\/murerpoint.dk\/wp-content\/uploads\/2024\/04\/FLiseklinge-FLET-bruges-til.jpg","datePublished":"2024-04-24T07:21:05+00:00","dateModified":"2024-05-14T12:00:49+00:00","description":"Unser Flet-Fliesen schneider \u00d8125 mm ist zum Schneiden von Fliesen und keramischen Materialien geeignet. Maximale Geschwindigkeit von 80m\/s, \u00d8125x22,23mm.","breadcrumb":{"@id":"https:\/\/murerpoint.dk\/de\/produkt\/fliesen-diamant-saegeblatt-oe125-mm\/#breadcrumb"},"inLanguage":"de","potentialAction":[{"@type":"ReadAction","target":["https:\/\/murerpoint.dk\/de\/produkt\/fliesen-diamant-saegeblatt-oe125-mm\/"]}]},{"@type":"ImageObject","inLanguage":"de","@id":"https:\/\/murerpoint.dk\/de\/produkt\/fliesen-diamant-saegeblatt-oe125-mm\/#primaryimage","url":"https:\/\/murerpoint.dk\/wp-content\/uploads\/2024\/04\/FLiseklinge-FLET-bruges-til.jpg","contentUrl":"https:\/\/murerpoint.dk\/wp-content\/uploads\/2024\/04\/FLiseklinge-FLET-bruges-til.jpg","width":500,"height":500,"caption":"Diamant Fliseklinge-FLET \u00d8125mm"},{"@type":"BreadcrumbList","@id":"https:\/\/murerpoint.dk\/de\/produkt\/fliesen-diamant-saegeblatt-oe125-mm\/#breadcrumb","itemListElement":[{"@type":"ListItem","position":1,"name":"Hjem","item":"https:\/\/murerpoint.dk\/de\/"},{"@type":"ListItem","position":2,"name":"SHOPPEN","item":"https:\/\/murerpoint.dk\/de\/shoppen\/"},{"@type":"ListItem","position":3,"name":"Fliesen diamant s\u00e4geblatt \u00d8125 mm"}]},{"@type":"WebSite","@id":"https:\/\/murerpoint.dk\/de\/#website","url":"https:\/\/murerpoint.dk\/de\/","name":"Murerpoint","description":"kvalitets v\u00e6rkt\u00f8j","publisher":{"@id":"https:\/\/murerpoint.dk\/de\/#organization"},"potentialAction":[{"@type":"SearchAction","target":{"@type":"EntryPoint","urlTemplate":"https:\/\/murerpoint.dk\/de\/?s={search_term_string}"},"query-input":{"@type":"PropertyValueSpecification","valueRequired":true,"valueName":"search_term_string"}}],"inLanguage":"de"},{"@type":"Organization","@id":"https:\/\/murerpoint.dk\/de\/#organization","name":"Murerpoint ApS","url":"https:\/\/murerpoint.dk\/de\/","logo":{"@type":"ImageObject","inLanguage":"de","@id":"https:\/\/murerpoint.dk\/de\/#\/schema\/logo\/image\/","url":"https:\/\/murerpoint.dk\/wp-content\/uploads\/2023\/12\/cropped-Sort-Midt-Roed-Mursten.png","contentUrl":"https:\/\/murerpoint.dk\/wp-content\/uploads\/2023\/12\/cropped-Sort-Midt-Roed-Mursten.png","width":512,"height":512,"caption":"Murerpoint ApS"},"image":{"@id":"https:\/\/murerpoint.dk\/de\/#\/schema\/logo\/image\/"},"sameAs":["https:\/\/m.facebook.com\/profile.php?id=61555157262134","https:\/\/www.instagram.com\/murerpoint?igsh=azluMWV6cTnc2ts&utm_source=qr","https:\/\/www.tiktok.com\/@murerpoint?is_from_webapp=1&sender_device=pc"]}]},"product_price_amount":"19.24","product_price_currency":"EUR","og_availability":"instock","product_availability":"instock","product_retailer_item_id":"mp00002","product_condition":"new"},"_links":{"self":[{"href":"https:\/\/murerpoint.dk\/de\/wp-json\/wp\/v2\/product\/2985","targetHints":{"allow":["GET"]}}],"collection":[{"href":"https:\/\/murerpoint.dk\/de\/wp-json\/wp\/v2\/product"}],"about":[{"href":"https:\/\/murerpoint.dk\/de\/wp-json\/wp\/v2\/types\/product"}],"replies":[{"embeddable":true,"href":"https:\/\/murerpoint.dk\/de\/wp-json\/wp\/v2\/comments?post=2985"}],"wp:featuredmedia":[{"embeddable":true,"href":"https:\/\/murerpoint.dk\/de\/wp-json\/wp\/v2\/media\/2967"}],"wp:attachment":[{"href":"https:\/\/murerpoint.dk\/de\/wp-json\/wp\/v2\/media?parent=2985"}],"wp:term":[{"taxonomy":"product_brand","embeddable":true,"href":"https:\/\/murerpoint.dk\/de\/wp-json\/wp\/v2\/product_brand?post=2985"},{"taxonomy":"product_cat","embeddable":true,"href":"https:\/\/murerpoint.dk\/de\/wp-json\/wp\/v2\/product_cat?post=2985"},{"taxonomy":"product_tag","embeddable":true,"href":"https:\/\/murerpoint.dk\/de\/wp-json\/wp\/v2\/product_tag?post=2985"}],"curies":[{"name":"wp","href":"https:\/\/api.w.org\/{rel}","templated":true}]}}