{"id":3027,"date":"2024-04-25T10:04:30","date_gmt":"2024-04-25T10:04:30","guid":{"rendered":"https:\/\/murerpoint.dk\/product\/diamantskive-til-keramiske-fliser-oe125-mm\/"},"modified":"2024-04-26T09:35:50","modified_gmt":"2024-04-26T09:35:50","slug":"diamantskive-til-keramiske-fliser-oe125-mm","status":"publish","type":"product","link":"https:\/\/murerpoint.dk\/de\/produkt\/diamantskive-til-keramiske-fliser-oe125-mm\/","title":{"rendered":"Diamantscheibe f\u00fcr keramische Fliesen \u00d8125&#215;22.23 mm"},"content":{"rendered":"<?xml encoding=\"utf-8\" ?><div class=\"flex-1 overflow-hidden\">\n<div class=\"react-scroll-to-bottom--css-aqzpy-79elbk h-full\">\n<div class=\"react-scroll-to-bottom--css-aqzpy-1n7m0yu\">\n<div class=\"flex flex-col text-sm pb-9\">\n<div class=\"w-full text-token-text-primary\" dir=\"auto\" data-testid=\"conversation-turn-797\">\n<div class=\"px-4 py-2 justify-center text-base md:gap-6 m-auto\">\n<div class=\"flex flex-1 text-base mx-auto gap-3 juice:gap-4 juice:md:gap-6 md:px-5 lg:px-1 xl:px-5 md:max-w-3xl lg:max-w-[40rem] xl:max-w-[48rem]\">\n<div class=\"relative flex w-full flex-col agent-turn\">\n<div class=\"flex-col gap-1 md:gap-3\">\n<div class=\"flex flex-grow flex-col max-w-full\">\n<div class=\"min-h-[20px] text-message flex flex-col items-start gap-3 whitespace-pre-wrap break-words [.text-message+&amp;]:mt-5 overflow-x-auto\" dir=\"auto\" data-message-author-role=\"assistant\" data-message-id=\"fb963a29-ec2c-461e-9f7f-c2e1ca34e01b\">\n<div class=\"markdown prose w-full break-words dark:prose-invert light\">\n<h5><strong>Diamantscheibe f&uuml;r keramische Fliesen &Oslash;125&times;22.23 mm <\/strong><\/h5>\n<p>Unsere Diamantscheibe mit vollem Rand f&uuml;r keramische Fliesen &Oslash;125 mm x 22,23 mm ist nicht nur eine einfache Scheibe, sondern Ihr zuverl&auml;ssiger Partner f&uuml;r jede Schneidaufgabe. Egal, ob Sie ein professioneller Handwerker oder ein begeisterter Heimwerker sind, diese Scheibe wird Sie mit ihrer Pr&auml;zision und Effizienz beeindrucken.<\/p>\n<p><strong>Spezifikationen:<\/strong><\/p>\n<ul>\n<li>Durchmesser: 125 mm<\/li>\n<li>Mittelloch: 22,23 mm<\/li>\n<li>Maximale Geschwindigkeit: 80 m\/s<\/li>\n<li>Geeignet zum Schneiden von Fliesen, Keramik und Marmor<\/li>\n<li>Hohe Diamantkonzentration f&uuml;r schnelles und pr&auml;zises Schneiden<\/li>\n<li>Vollkantschnitt f&uuml;r genaue und professionelle Ergebnisse<\/li>\n<\/ul>\n<p>Mit ihrer beeindruckenden Diamantkonzentration und ihrem fortschrittlichen Design ist diese Scheibe darauf ausgelegt, selbst mit den anspruchsvollsten Schneidaufgaben fertig zu werden. Sie liefert schnelle und saubere Schnitte, sodass Sie jedes Mal professionelle Ergebnisse erzielen k&ouml;nnen. Sie eignet sich ideal zum Schneiden von Fliesen, Keramik und Marmor, und ihre Vielseitigkeit macht sie zu einem unverzichtbaren Werkzeug in jeder Werkzeugkiste.<\/p>\n<p>Neben ihrer beeindruckenden Leistung wurde diese Diamantscheibe auch mit Sicherheit und Haltbarkeit im Blick entwickelt. Mit einer maximalen Geschwindigkeit von 80 m\/s und einem Vollkantschnitt garantiert sie genaue und professionelle Ergebnisse und gew&auml;hrleistet gleichzeitig Ihre Sicherheit bei der Verwendung.<\/p>\n<p>Egal, ob Sie vor einem gro&szlig;en professionellen Projekt oder einer kleinen Heimwerker-Aufgabe stehen, Sie k&ouml;nnen sich auf unsere Diamantscheibe mit vollem Rand f&uuml;r keramische Fliesen verlassen, um die Aufgabe mit Leichtigkeit und Pr&auml;zision zu bew&auml;ltigen. Vereinfachen Sie Ihre Schneidaufgaben mit dieser Scheibe, die entwickelt wurde, um Ihre Anforderungen zu erf&uuml;llen und zuverl&auml;ssige Ergebnisse zu liefern, jedes Mal.<\/p>\n<\/div>\n<\/div>\n<\/div>\n<\/div>\n<\/div>\n<\/div>\n<\/div>\n<\/div>\n<\/div>\n<\/div>\n<\/div>\n<\/div>\n","protected":false},"excerpt":{"rendered":"<h5>Diamantscheibe f\u00fcr keramische Fliesen \u00d8125&#215;22.23 mm<\/h5>\n<p><strong>Spezifikationen:<\/strong><\/p>\n<ul>\n<li>Durchmesser: 125 mm<\/li>\n<li>Mittelloch: 22,23 mm<\/li>\n<li>Maximale Geschwindigkeit: 80 m\/s<\/li>\n<li>Geeignet zum Schneiden von Fliesen, Keramik und Marmor<\/li>\n<li>Hohe Diamantkonzentration f\u00fcr schnelles und pr\u00e4zises Schneiden<\/li>\n<li>Vollkantschnitt f\u00fcr genaue und professionelle Ergebnisse<\/li>\n<\/ul>\n","protected":false},"featured_media":3015,"comment_status":"open","ping_status":"closed","template":"","meta":[],"product_brand":[],"product_cat":[1234,1249],"product_tag":[1238,1540,1544],"class_list":{"0":"post-3027","1":"product","2":"type-product","3":"status-publish","4":"has-post-thumbnail","6":"product_cat-diamant-klinger-de","7":"product_cat-diamantscheiben-fuer-winkelschleifertil-vinkelsliber-de","8":"product_tag-diamantscheibe-de","9":"product_tag-diamantskive-de","10":"product_tag-fliseklinge-de","12":"first","13":"instock","14":"taxable","15":"shipping-taxable","16":"purchasable","17":"product-type-simple"},"yoast_head":"<!-- This site is optimized with the Yoast SEO plugin v27.4 - https:\/\/yoast.com\/product\/yoast-seo-wordpress\/ -->\n<title>Diamantscheibe f\u00fcr keramische Fliesen \u00d8125x22.23 mm - Murerpoint ApS<\/title>\n<meta name=\"description\" content=\"Diamantscheibe f\u00fcr keramische Fliesen \u00d8125mm x 22,23mm ist perfekt f\u00fcr pr\u00e4zises Schneiden von Fliesen, Keramik und Marmor. Mit hoher Diamantkonzentration.\" \/>\n<meta name=\"robots\" content=\"index, follow, max-snippet:-1, max-image-preview:large, max-video-preview:-1\" \/>\n<link rel=\"canonical\" href=\"https:\/\/murerpoint.dk\/de\/produkt\/diamantskive-til-keramiske-fliser-oe125-mm\/\" \/>\n<meta property=\"og:locale\" content=\"de_DE\" \/>\n<meta property=\"og:type\" content=\"article\" \/>\n<meta property=\"og:title\" content=\"Diamantscheibe f\u00fcr keramische Fliesen \u00d8125x22.23 mm - Murerpoint ApS\" \/>\n<meta property=\"og:description\" content=\"Diamantscheibe f\u00fcr keramische Fliesen \u00d8125mm x 22,23mm ist perfekt f\u00fcr pr\u00e4zises Schneiden von Fliesen, Keramik und Marmor. Mit hoher Diamantkonzentration.\" \/>\n<meta property=\"og:url\" content=\"https:\/\/murerpoint.dk\/de\/produkt\/diamantskive-til-keramiske-fliser-oe125-mm\/\" \/>\n<meta property=\"og:site_name\" content=\"Murerpoint ApS\" \/>\n<meta property=\"article:publisher\" content=\"https:\/\/m.facebook.com\/profile.php?id=61555157262134\" \/>\n<meta property=\"article:modified_time\" content=\"2024-04-26T09:35:50+00:00\" \/>\n<meta property=\"og:image\" content=\"https:\/\/murerpoint.dk\/wp-content\/uploads\/2024\/04\/Diamantskive-til-keramiske-fliser-Oe125mm-front.jpg\" \/>\n\t<meta property=\"og:image:width\" content=\"1494\" \/>\n\t<meta property=\"og:image:height\" content=\"1417\" \/>\n\t<meta property=\"og:image:type\" content=\"image\/jpeg\" \/>\n<meta name=\"twitter:card\" content=\"summary_large_image\" \/>\n<meta name=\"twitter:label1\" content=\"Preis\" \/>\n\t<meta name=\"twitter:data1\" content=\"&euro;16.55 Pris ekskl. moms: &euro;13.24\" \/>\n\t<meta name=\"twitter:label2\" content=\"Verf\u00fcgbarkeit\" \/>\n\t<meta name=\"twitter:data2\" content=\"Auf Lager\" \/>\n<script type=\"application\/ld+json\" class=\"yoast-schema-graph\">{\"@context\":\"https:\\\/\\\/schema.org\",\"@graph\":[{\"@type\":\"WebPage\",\"@id\":\"https:\\\/\\\/murerpoint.dk\\\/de\\\/produkt\\\/diamantskive-til-keramiske-fliser-oe125-mm\\\/\",\"url\":\"https:\\\/\\\/murerpoint.dk\\\/de\\\/produkt\\\/diamantskive-til-keramiske-fliser-oe125-mm\\\/\",\"name\":\"Diamantscheibe f\u00fcr keramische Fliesen \u00d8125x22.23 mm - Murerpoint ApS\",\"isPartOf\":{\"@id\":\"https:\\\/\\\/murerpoint.dk\\\/de\\\/#website\"},\"primaryImageOfPage\":{\"@id\":\"https:\\\/\\\/murerpoint.dk\\\/de\\\/produkt\\\/diamantskive-til-keramiske-fliser-oe125-mm\\\/#primaryimage\"},\"image\":{\"@id\":\"https:\\\/\\\/murerpoint.dk\\\/de\\\/produkt\\\/diamantskive-til-keramiske-fliser-oe125-mm\\\/#primaryimage\"},\"thumbnailUrl\":\"https:\\\/\\\/murerpoint.dk\\\/wp-content\\\/uploads\\\/2024\\\/04\\\/Diamantskive-til-keramiske-fliser-Oe125mm-front.jpg\",\"datePublished\":\"2024-04-25T10:04:30+00:00\",\"dateModified\":\"2024-04-26T09:35:50+00:00\",\"description\":\"Diamantscheibe f\u00fcr keramische Fliesen \u00d8125mm x 22,23mm ist perfekt f\u00fcr pr\u00e4zises Schneiden von Fliesen, Keramik und Marmor. Mit hoher Diamantkonzentration.\",\"breadcrumb\":{\"@id\":\"https:\\\/\\\/murerpoint.dk\\\/de\\\/produkt\\\/diamantskive-til-keramiske-fliser-oe125-mm\\\/#breadcrumb\"},\"inLanguage\":\"de\",\"potentialAction\":[{\"@type\":\"ReadAction\",\"target\":[\"https:\\\/\\\/murerpoint.dk\\\/de\\\/produkt\\\/diamantskive-til-keramiske-fliser-oe125-mm\\\/\"]}]},{\"@type\":\"ImageObject\",\"inLanguage\":\"de\",\"@id\":\"https:\\\/\\\/murerpoint.dk\\\/de\\\/produkt\\\/diamantskive-til-keramiske-fliser-oe125-mm\\\/#primaryimage\",\"url\":\"https:\\\/\\\/murerpoint.dk\\\/wp-content\\\/uploads\\\/2024\\\/04\\\/Diamantskive-til-keramiske-fliser-Oe125mm-front.jpg\",\"contentUrl\":\"https:\\\/\\\/murerpoint.dk\\\/wp-content\\\/uploads\\\/2024\\\/04\\\/Diamantskive-til-keramiske-fliser-Oe125mm-front.jpg\",\"width\":1494,\"height\":1417,\"caption\":\"Diamantskive, Diamantscheibe, Diamantskiva, Diamond cutting blade\"},{\"@type\":\"BreadcrumbList\",\"@id\":\"https:\\\/\\\/murerpoint.dk\\\/de\\\/produkt\\\/diamantskive-til-keramiske-fliser-oe125-mm\\\/#breadcrumb\",\"itemListElement\":[{\"@type\":\"ListItem\",\"position\":1,\"name\":\"Hjem\",\"item\":\"https:\\\/\\\/murerpoint.dk\\\/de\\\/\"},{\"@type\":\"ListItem\",\"position\":2,\"name\":\"SHOPPEN\",\"item\":\"https:\\\/\\\/murerpoint.dk\\\/de\\\/shoppen\\\/\"},{\"@type\":\"ListItem\",\"position\":3,\"name\":\"Diamantscheibe f\u00fcr keramische Fliesen \u00d8125&#215;22.23 mm\"}]},{\"@type\":\"WebSite\",\"@id\":\"https:\\\/\\\/murerpoint.dk\\\/de\\\/#website\",\"url\":\"https:\\\/\\\/murerpoint.dk\\\/de\\\/\",\"name\":\"Murerpoint\",\"description\":\"kvalitets v\u00e6rkt\u00f8j\",\"publisher\":{\"@id\":\"https:\\\/\\\/murerpoint.dk\\\/de\\\/#organization\"},\"potentialAction\":[{\"@type\":\"SearchAction\",\"target\":{\"@type\":\"EntryPoint\",\"urlTemplate\":\"https:\\\/\\\/murerpoint.dk\\\/de\\\/?s={search_term_string}\"},\"query-input\":{\"@type\":\"PropertyValueSpecification\",\"valueRequired\":true,\"valueName\":\"search_term_string\"}}],\"inLanguage\":\"de\"},{\"@type\":\"Organization\",\"@id\":\"https:\\\/\\\/murerpoint.dk\\\/de\\\/#organization\",\"name\":\"Murerpoint ApS\",\"url\":\"https:\\\/\\\/murerpoint.dk\\\/de\\\/\",\"logo\":{\"@type\":\"ImageObject\",\"inLanguage\":\"de\",\"@id\":\"https:\\\/\\\/murerpoint.dk\\\/de\\\/#\\\/schema\\\/logo\\\/image\\\/\",\"url\":\"https:\\\/\\\/murerpoint.dk\\\/wp-content\\\/uploads\\\/2023\\\/12\\\/cropped-Sort-Midt-Roed-Mursten.png\",\"contentUrl\":\"https:\\\/\\\/murerpoint.dk\\\/wp-content\\\/uploads\\\/2023\\\/12\\\/cropped-Sort-Midt-Roed-Mursten.png\",\"width\":512,\"height\":512,\"caption\":\"Murerpoint ApS\"},\"image\":{\"@id\":\"https:\\\/\\\/murerpoint.dk\\\/de\\\/#\\\/schema\\\/logo\\\/image\\\/\"},\"sameAs\":[\"https:\\\/\\\/m.facebook.com\\\/profile.php?id=61555157262134\",\"https:\\\/\\\/www.instagram.com\\\/murerpoint?igsh=azluMWV6cTnc2ts&utm_source=qr\",\"https:\\\/\\\/www.tiktok.com\\\/@murerpoint?is_from_webapp=1&sender_device=pc\"]}]}<\/script>\n<meta property=\"product:price:amount\" content=\"16.55\" \/>\n<meta property=\"product:price:currency\" content=\"EUR\" \/>\n<meta property=\"og:availability\" content=\"instock\" \/>\n<meta property=\"product:availability\" content=\"instock\" \/>\n<meta property=\"product:retailer_item_id\" content=\"mp00054\" \/>\n<meta property=\"product:condition\" content=\"new\" \/>\n<!-- \/ Yoast SEO plugin. -->","yoast_head_json":{"title":"Diamantscheibe f\u00fcr keramische Fliesen \u00d8125x22.23 mm - Murerpoint ApS","description":"Diamantscheibe f\u00fcr keramische Fliesen \u00d8125mm x 22,23mm ist perfekt f\u00fcr pr\u00e4zises Schneiden von Fliesen, Keramik und Marmor. Mit hoher Diamantkonzentration.","robots":{"index":"index","follow":"follow","max-snippet":"max-snippet:-1","max-image-preview":"max-image-preview:large","max-video-preview":"max-video-preview:-1"},"canonical":"https:\/\/murerpoint.dk\/de\/produkt\/diamantskive-til-keramiske-fliser-oe125-mm\/","og_locale":"de_DE","og_type":"article","og_title":"Diamantscheibe f\u00fcr keramische Fliesen \u00d8125x22.23 mm - Murerpoint ApS","og_description":"Diamantscheibe f\u00fcr keramische Fliesen \u00d8125mm x 22,23mm ist perfekt f\u00fcr pr\u00e4zises Schneiden von Fliesen, Keramik und Marmor. Mit hoher Diamantkonzentration.","og_url":"https:\/\/murerpoint.dk\/de\/produkt\/diamantskive-til-keramiske-fliser-oe125-mm\/","og_site_name":"Murerpoint ApS","article_publisher":"https:\/\/m.facebook.com\/profile.php?id=61555157262134","article_modified_time":"2024-04-26T09:35:50+00:00","og_image":[{"width":1494,"height":1417,"url":"https:\/\/murerpoint.dk\/wp-content\/uploads\/2024\/04\/Diamantskive-til-keramiske-fliser-Oe125mm-front.jpg","type":"image\/jpeg"}],"twitter_card":"summary_large_image","twitter_misc":{"Preis":"&euro;16.55 Pris ekskl. moms: &euro;13.24","Verf\u00fcgbarkeit":"Auf Lager"},"schema":{"@context":"https:\/\/schema.org","@graph":[{"@type":"WebPage","@id":"https:\/\/murerpoint.dk\/de\/produkt\/diamantskive-til-keramiske-fliser-oe125-mm\/","url":"https:\/\/murerpoint.dk\/de\/produkt\/diamantskive-til-keramiske-fliser-oe125-mm\/","name":"Diamantscheibe f\u00fcr keramische Fliesen \u00d8125x22.23 mm - Murerpoint ApS","isPartOf":{"@id":"https:\/\/murerpoint.dk\/de\/#website"},"primaryImageOfPage":{"@id":"https:\/\/murerpoint.dk\/de\/produkt\/diamantskive-til-keramiske-fliser-oe125-mm\/#primaryimage"},"image":{"@id":"https:\/\/murerpoint.dk\/de\/produkt\/diamantskive-til-keramiske-fliser-oe125-mm\/#primaryimage"},"thumbnailUrl":"https:\/\/murerpoint.dk\/wp-content\/uploads\/2024\/04\/Diamantskive-til-keramiske-fliser-Oe125mm-front.jpg","datePublished":"2024-04-25T10:04:30+00:00","dateModified":"2024-04-26T09:35:50+00:00","description":"Diamantscheibe f\u00fcr keramische Fliesen \u00d8125mm x 22,23mm ist perfekt f\u00fcr pr\u00e4zises Schneiden von Fliesen, Keramik und Marmor. Mit hoher Diamantkonzentration.","breadcrumb":{"@id":"https:\/\/murerpoint.dk\/de\/produkt\/diamantskive-til-keramiske-fliser-oe125-mm\/#breadcrumb"},"inLanguage":"de","potentialAction":[{"@type":"ReadAction","target":["https:\/\/murerpoint.dk\/de\/produkt\/diamantskive-til-keramiske-fliser-oe125-mm\/"]}]},{"@type":"ImageObject","inLanguage":"de","@id":"https:\/\/murerpoint.dk\/de\/produkt\/diamantskive-til-keramiske-fliser-oe125-mm\/#primaryimage","url":"https:\/\/murerpoint.dk\/wp-content\/uploads\/2024\/04\/Diamantskive-til-keramiske-fliser-Oe125mm-front.jpg","contentUrl":"https:\/\/murerpoint.dk\/wp-content\/uploads\/2024\/04\/Diamantskive-til-keramiske-fliser-Oe125mm-front.jpg","width":1494,"height":1417,"caption":"Diamantskive, Diamantscheibe, Diamantskiva, Diamond cutting blade"},{"@type":"BreadcrumbList","@id":"https:\/\/murerpoint.dk\/de\/produkt\/diamantskive-til-keramiske-fliser-oe125-mm\/#breadcrumb","itemListElement":[{"@type":"ListItem","position":1,"name":"Hjem","item":"https:\/\/murerpoint.dk\/de\/"},{"@type":"ListItem","position":2,"name":"SHOPPEN","item":"https:\/\/murerpoint.dk\/de\/shoppen\/"},{"@type":"ListItem","position":3,"name":"Diamantscheibe f\u00fcr keramische Fliesen \u00d8125&#215;22.23 mm"}]},{"@type":"WebSite","@id":"https:\/\/murerpoint.dk\/de\/#website","url":"https:\/\/murerpoint.dk\/de\/","name":"Murerpoint","description":"kvalitets v\u00e6rkt\u00f8j","publisher":{"@id":"https:\/\/murerpoint.dk\/de\/#organization"},"potentialAction":[{"@type":"SearchAction","target":{"@type":"EntryPoint","urlTemplate":"https:\/\/murerpoint.dk\/de\/?s={search_term_string}"},"query-input":{"@type":"PropertyValueSpecification","valueRequired":true,"valueName":"search_term_string"}}],"inLanguage":"de"},{"@type":"Organization","@id":"https:\/\/murerpoint.dk\/de\/#organization","name":"Murerpoint ApS","url":"https:\/\/murerpoint.dk\/de\/","logo":{"@type":"ImageObject","inLanguage":"de","@id":"https:\/\/murerpoint.dk\/de\/#\/schema\/logo\/image\/","url":"https:\/\/murerpoint.dk\/wp-content\/uploads\/2023\/12\/cropped-Sort-Midt-Roed-Mursten.png","contentUrl":"https:\/\/murerpoint.dk\/wp-content\/uploads\/2023\/12\/cropped-Sort-Midt-Roed-Mursten.png","width":512,"height":512,"caption":"Murerpoint ApS"},"image":{"@id":"https:\/\/murerpoint.dk\/de\/#\/schema\/logo\/image\/"},"sameAs":["https:\/\/m.facebook.com\/profile.php?id=61555157262134","https:\/\/www.instagram.com\/murerpoint?igsh=azluMWV6cTnc2ts&utm_source=qr","https:\/\/www.tiktok.com\/@murerpoint?is_from_webapp=1&sender_device=pc"]}]},"product_price_amount":"16.55","product_price_currency":"EUR","og_availability":"instock","product_availability":"instock","product_retailer_item_id":"mp00054","product_condition":"new"},"_links":{"self":[{"href":"https:\/\/murerpoint.dk\/de\/wp-json\/wp\/v2\/product\/3027","targetHints":{"allow":["GET"]}}],"collection":[{"href":"https:\/\/murerpoint.dk\/de\/wp-json\/wp\/v2\/product"}],"about":[{"href":"https:\/\/murerpoint.dk\/de\/wp-json\/wp\/v2\/types\/product"}],"replies":[{"embeddable":true,"href":"https:\/\/murerpoint.dk\/de\/wp-json\/wp\/v2\/comments?post=3027"}],"wp:featuredmedia":[{"embeddable":true,"href":"https:\/\/murerpoint.dk\/de\/wp-json\/wp\/v2\/media\/3015"}],"wp:attachment":[{"href":"https:\/\/murerpoint.dk\/de\/wp-json\/wp\/v2\/media?parent=3027"}],"wp:term":[{"taxonomy":"product_brand","embeddable":true,"href":"https:\/\/murerpoint.dk\/de\/wp-json\/wp\/v2\/product_brand?post=3027"},{"taxonomy":"product_cat","embeddable":true,"href":"https:\/\/murerpoint.dk\/de\/wp-json\/wp\/v2\/product_cat?post=3027"},{"taxonomy":"product_tag","embeddable":true,"href":"https:\/\/murerpoint.dk\/de\/wp-json\/wp\/v2\/product_tag?post=3027"}],"curies":[{"name":"wp","href":"https:\/\/api.w.org\/{rel}","templated":true}]}}