{"id":3060,"date":"2024-04-26T11:20:16","date_gmt":"2024-04-26T11:20:16","guid":{"rendered":"https:\/\/murerpoint.dk\/product\/airchaser-sugeskaerm-til-vinkelsliber-oe125mm\/"},"modified":"2024-04-26T12:36:56","modified_gmt":"2024-04-26T12:36:56","slug":"mechanic-airchaser-staubabsaughaube-fuer-winkelschleifer-oe125mm","status":"publish","type":"product","link":"https:\/\/murerpoint.dk\/de\/produkt\/mechanic-airchaser-staubabsaughaube-fuer-winkelschleifer-oe125mm\/","title":{"rendered":"MECHANIC AirCHASER &#8211; Staubabsaughaube f\u00fcr Winkelschleifer \u00d8125mm"},"content":{"rendered":"<?xml encoding=\"utf-8\" ?><h5>AirCHASER &ndash; Staubabsaughaube f&uuml;r Winkelschleifer &Oslash;125mm<\/h5><p>Optimierte Staubkontrolle und reibungsloses Schneiden mit der MECHANIC AirCHASER -Staubabzugshaube f&uuml;r Winkelschleifer<\/p><p>Machen Sie Ihre Schneidearbeiten effizienter und umweltfreundlicher mit der MECHANIC AirCHASER &ndash; Staubabsaughaube mit R&auml;dern, speziell entwickelt f&uuml;r &Oslash;115 mm und &Oslash;125 mm Winkelschleifer. Diese Haube ist ein Game-Changer und erm&ouml;glicht ein gleichm&auml;&szlig;igeres Schneideerlebnis ohne Kratzer.<\/p><p><strong>Spezifikationen:<\/strong><\/p><ul>\n<li>Staubabsaughaube mit R&auml;dern f&uuml;r einen viel gleichm&auml;&szlig;igeren und stabileren&nbsp; Arbeitsablauf.<\/li>\n<li>Passend f&uuml;r &Oslash;115 mm und &Oslash;125 mm Winkelschleifer.<\/li>\n<li>Einfacher Anschluss an einen Staubsauger.<\/li>\n<li>M&ouml;glichkeit zur Montage einer einzelnen Diamantscheibe oder Doppelscheiben, auch bekannt als Sandwich oder Whopper.<\/li>\n<li>Die Schnitttiefe kann in Grad eingestellt und verriegelt werden.<\/li>\n<\/ul><h5>Verbesserte Arbeitsumgebung und Staubkontrolle<\/h5><p>Reduzieren Sie den Staubpegel erheblich und schaffen Sie eine bessere Arbeitsumgebung mit der MECHANIC AirCHASER-Staubabzugshaube. Der einfache Anschluss an einen Staubsauger minimiert Staubpartikel beim Schneiden, was weniger Reinigungsarbeiten nach der Arbeit bedeutet.<\/p><h5>Flexibilit&auml;t und Pr&auml;zision<\/h5><p>Mit der M&ouml;glichkeit, eine einzelne Diamantscheibe, zwei Diamantscheiben oder sogar eine breite Fugendiamantscheibe zu montieren, bietet die MurerPoints-Staubabzugshaube eine Vielzahl von Anwendungsm&ouml;glichkeiten. Erstellen Sie Ihre eigene &bdquo;Sandwich&ldquo; oder &bdquo;Whopper&ldquo; Scheibe und passen Sie die Schnitttiefe mit den ergonomischen Spannschrauben f&uuml;r pr&auml;zise und professionelle Ergebnisse an.<\/p><h5>Breite Anwendung<\/h5><p>Verwenden Sie die Staubabzugshaube f&uuml;r eine Vielzahl von Schneidearbeiten, einschlie&szlig;lich Fugenfr&auml;sen, Schneiden von keramischen Fliesen und Nutfr&auml;sen von Kan&auml;len. Egal, ob Sie ein professioneller Handwerker oder ein begeisterter Heimwerker sind, die MurerPoints-Staubabzugshaube AirCHASER wird Ihr zuverl&auml;ssiger Partner bei der Arbeit sein.<\/p><p><iframe title=\"AirCHASER Attachment Sugesk&aelig;rm\" width=\"800\" height=\"450\" src=\"https:\/\/www.youtube.com\/embed\/F2ztgSsi8pw?feature=oembed\" frameborder=\"0\" allow=\"accelerometer; autoplay; clipboard-write; encrypted-media; gyroscope; picture-in-picture; web-share\" referrerpolicy=\"strict-origin-when-cross-origin\" allowfullscreen><\/iframe><\/p>\n","protected":false},"excerpt":{"rendered":"<h5>MECHANIC AirCHASER &#8211; Staubabsaughaube f\u00fcr Winkelschleifer \u00d8125mm<\/h5>\n<p><strong>Spezifikationen:<\/strong><\/p>\n<ul>\n<li>Staubabsaughaube mit R\u00e4dern f\u00fcr einen viel gleichm\u00e4\u00dfigeren und stabileren\u00a0 Arbeitsablauf.<\/li>\n<li>Passend f\u00fcr \u00d8115 mm und \u00d8125 mm Winkelschleifer.<\/li>\n<li>Einfacher Anschluss an einen Staubsauger.<\/li>\n<li>M\u00f6glichkeit zur Montage einer einzelnen Diamantscheibe oder Doppelscheiben, auch bekannt als Sandwich oder Whopper.<\/li>\n<li>Die Schnitttiefe kann in Grad eingestellt und verriegelt werden.<\/li>\n<\/ul>\n","protected":false},"featured_media":3040,"comment_status":"open","ping_status":"closed","template":"","meta":[],"product_brand":[],"product_cat":[657,650],"product_tag":[1623,1624,1625,1668,1713,1626,1627,2900],"class_list":{"0":"post-3060","1":"product","2":"type-product","3":"status-publish","4":"has-post-thumbnail","6":"product_cat-staubschutzwaende","7":"product_cat-zubehoer","8":"product_tag-airchaser-de","9":"product_tag-airduster-de","10":"product_tag-dustextraction-de","11":"product_tag-mechanic-de","12":"product_tag-staubabsaughaube-de","13":"product_tag-stoevskaerm-de","14":"product_tag-sugeskaerm-de","15":"product_tag-googleads-de","17":"first","18":"instock","19":"taxable","20":"shipping-taxable","21":"purchasable","22":"product-type-simple"},"yoast_head":"<!-- This site is optimized with the Yoast SEO plugin v27.5 - https:\/\/yoast.com\/product\/yoast-seo-wordpress\/ -->\n<title>MECHANIC AirCHASER - Staubabsaughaube f\u00fcr Winkelschleifer \u00d8125mm - Murerpoint ApS<\/title>\n<meta name=\"description\" content=\"Staubabsaugung mit R\u00e4dern f\u00fcr einen stabilen Arbeitsablauf. Passend f\u00fcr \u00d8115 mm und \u00d8125 mm Winkelschleifer. Einfache Anbindung und einstellbarer Schnitt.\" \/>\n<meta name=\"robots\" content=\"index, follow, max-snippet:-1, max-image-preview:large, max-video-preview:-1\" \/>\n<link rel=\"canonical\" href=\"https:\/\/murerpoint.dk\/de\/produkt\/mechanic-airchaser-staubabsaughaube-fuer-winkelschleifer-oe125mm\/\" \/>\n<meta property=\"og:locale\" content=\"de_DE\" \/>\n<meta property=\"og:type\" content=\"article\" \/>\n<meta property=\"og:title\" content=\"MECHANIC AirCHASER - Staubabsaughaube f\u00fcr Winkelschleifer \u00d8125mm - Murerpoint ApS\" \/>\n<meta property=\"og:description\" content=\"Staubabsaugung mit R\u00e4dern f\u00fcr einen stabilen Arbeitsablauf. Passend f\u00fcr \u00d8115 mm und \u00d8125 mm Winkelschleifer. Einfache Anbindung und einstellbarer Schnitt.\" \/>\n<meta property=\"og:url\" content=\"https:\/\/murerpoint.dk\/de\/produkt\/mechanic-airchaser-staubabsaughaube-fuer-winkelschleifer-oe125mm\/\" \/>\n<meta property=\"og:site_name\" content=\"Murerpoint ApS\" \/>\n<meta property=\"article:publisher\" content=\"https:\/\/m.facebook.com\/profile.php?id=61555157262134\" \/>\n<meta property=\"article:modified_time\" content=\"2024-04-26T12:36:56+00:00\" \/>\n<meta property=\"og:image\" content=\"https:\/\/murerpoint.dk\/wp-content\/uploads\/2024\/04\/stoevskaerm-til-AirChaiser-med-logo.png\" \/>\n\t<meta property=\"og:image:width\" content=\"1200\" \/>\n\t<meta property=\"og:image:height\" content=\"1200\" \/>\n\t<meta property=\"og:image:type\" content=\"image\/png\" \/>\n<meta name=\"twitter:card\" content=\"summary_large_image\" \/>\n<meta name=\"twitter:label1\" content=\"Preis\" \/>\n\t<meta name=\"twitter:data1\" content=\"&euro;88.83 Pris ekskl. moms: &euro;71.06\" \/>\n\t<meta name=\"twitter:label2\" content=\"Verf\u00fcgbarkeit\" \/>\n\t<meta name=\"twitter:data2\" content=\"Auf Lager\" \/>\n<script type=\"application\/ld+json\" class=\"yoast-schema-graph\">{\"@context\":\"https:\\\/\\\/schema.org\",\"@graph\":[{\"@type\":\"WebPage\",\"@id\":\"https:\\\/\\\/murerpoint.dk\\\/de\\\/produkt\\\/mechanic-airchaser-staubabsaughaube-fuer-winkelschleifer-oe125mm\\\/\",\"url\":\"https:\\\/\\\/murerpoint.dk\\\/de\\\/produkt\\\/mechanic-airchaser-staubabsaughaube-fuer-winkelschleifer-oe125mm\\\/\",\"name\":\"MECHANIC AirCHASER - Staubabsaughaube f\u00fcr Winkelschleifer \u00d8125mm - Murerpoint ApS\",\"isPartOf\":{\"@id\":\"https:\\\/\\\/murerpoint.dk\\\/de\\\/#website\"},\"primaryImageOfPage\":{\"@id\":\"https:\\\/\\\/murerpoint.dk\\\/de\\\/produkt\\\/mechanic-airchaser-staubabsaughaube-fuer-winkelschleifer-oe125mm\\\/#primaryimage\"},\"image\":{\"@id\":\"https:\\\/\\\/murerpoint.dk\\\/de\\\/produkt\\\/mechanic-airchaser-staubabsaughaube-fuer-winkelschleifer-oe125mm\\\/#primaryimage\"},\"thumbnailUrl\":\"https:\\\/\\\/murerpoint.dk\\\/wp-content\\\/uploads\\\/2024\\\/04\\\/stoevskaerm-til-AirChaiser-med-logo.png\",\"datePublished\":\"2024-04-26T11:20:16+00:00\",\"dateModified\":\"2024-04-26T12:36:56+00:00\",\"description\":\"Staubabsaugung mit R\u00e4dern f\u00fcr einen stabilen Arbeitsablauf. Passend f\u00fcr \u00d8115 mm und \u00d8125 mm Winkelschleifer. Einfache Anbindung und einstellbarer Schnitt.\",\"breadcrumb\":{\"@id\":\"https:\\\/\\\/murerpoint.dk\\\/de\\\/produkt\\\/mechanic-airchaser-staubabsaughaube-fuer-winkelschleifer-oe125mm\\\/#breadcrumb\"},\"inLanguage\":\"de\",\"potentialAction\":[{\"@type\":\"ReadAction\",\"target\":[\"https:\\\/\\\/murerpoint.dk\\\/de\\\/produkt\\\/mechanic-airchaser-staubabsaughaube-fuer-winkelschleifer-oe125mm\\\/\"]}]},{\"@type\":\"ImageObject\",\"inLanguage\":\"de\",\"@id\":\"https:\\\/\\\/murerpoint.dk\\\/de\\\/produkt\\\/mechanic-airchaser-staubabsaughaube-fuer-winkelschleifer-oe125mm\\\/#primaryimage\",\"url\":\"https:\\\/\\\/murerpoint.dk\\\/wp-content\\\/uploads\\\/2024\\\/04\\\/stoevskaerm-til-AirChaiser-med-logo.png\",\"contentUrl\":\"https:\\\/\\\/murerpoint.dk\\\/wp-content\\\/uploads\\\/2024\\\/04\\\/stoevskaerm-til-AirChaiser-med-logo.png\",\"width\":1200,\"height\":1200,\"caption\":\"sugesk\u00e6rm til AirCHASER \u00d8115\\\/\u00d8125mm\"},{\"@type\":\"BreadcrumbList\",\"@id\":\"https:\\\/\\\/murerpoint.dk\\\/de\\\/produkt\\\/mechanic-airchaser-staubabsaughaube-fuer-winkelschleifer-oe125mm\\\/#breadcrumb\",\"itemListElement\":[{\"@type\":\"ListItem\",\"position\":1,\"name\":\"Hjem\",\"item\":\"https:\\\/\\\/murerpoint.dk\\\/de\\\/\"},{\"@type\":\"ListItem\",\"position\":2,\"name\":\"SHOPPEN\",\"item\":\"https:\\\/\\\/murerpoint.dk\\\/de\\\/shoppen\\\/\"},{\"@type\":\"ListItem\",\"position\":3,\"name\":\"MECHANIC AirCHASER &#8211; Staubabsaughaube f\u00fcr Winkelschleifer \u00d8125mm\"}]},{\"@type\":\"WebSite\",\"@id\":\"https:\\\/\\\/murerpoint.dk\\\/de\\\/#website\",\"url\":\"https:\\\/\\\/murerpoint.dk\\\/de\\\/\",\"name\":\"Murerpoint\",\"description\":\"kvalitets v\u00e6rkt\u00f8j\",\"publisher\":{\"@id\":\"https:\\\/\\\/murerpoint.dk\\\/de\\\/#organization\"},\"potentialAction\":[{\"@type\":\"SearchAction\",\"target\":{\"@type\":\"EntryPoint\",\"urlTemplate\":\"https:\\\/\\\/murerpoint.dk\\\/de\\\/?s={search_term_string}\"},\"query-input\":{\"@type\":\"PropertyValueSpecification\",\"valueRequired\":true,\"valueName\":\"search_term_string\"}}],\"inLanguage\":\"de\"},{\"@type\":\"Organization\",\"@id\":\"https:\\\/\\\/murerpoint.dk\\\/de\\\/#organization\",\"name\":\"Murerpoint ApS\",\"url\":\"https:\\\/\\\/murerpoint.dk\\\/de\\\/\",\"logo\":{\"@type\":\"ImageObject\",\"inLanguage\":\"de\",\"@id\":\"https:\\\/\\\/murerpoint.dk\\\/de\\\/#\\\/schema\\\/logo\\\/image\\\/\",\"url\":\"https:\\\/\\\/murerpoint.dk\\\/wp-content\\\/uploads\\\/2023\\\/12\\\/cropped-Sort-Midt-Roed-Mursten.png\",\"contentUrl\":\"https:\\\/\\\/murerpoint.dk\\\/wp-content\\\/uploads\\\/2023\\\/12\\\/cropped-Sort-Midt-Roed-Mursten.png\",\"width\":512,\"height\":512,\"caption\":\"Murerpoint ApS\"},\"image\":{\"@id\":\"https:\\\/\\\/murerpoint.dk\\\/de\\\/#\\\/schema\\\/logo\\\/image\\\/\"},\"sameAs\":[\"https:\\\/\\\/m.facebook.com\\\/profile.php?id=61555157262134\",\"https:\\\/\\\/www.instagram.com\\\/murerpoint?igsh=azluMWV6cTnc2ts&utm_source=qr\",\"https:\\\/\\\/www.tiktok.com\\\/@murerpoint?is_from_webapp=1&sender_device=pc\"]}]}<\/script>\n<meta property=\"product:price:amount\" content=\"88.83\" \/>\n<meta property=\"product:price:currency\" content=\"EUR\" \/>\n<meta property=\"og:availability\" content=\"instock\" \/>\n<meta property=\"product:availability\" content=\"instock\" \/>\n<meta property=\"product:retailer_item_id\" content=\"mp00055\" \/>\n<meta property=\"product:condition\" content=\"new\" \/>\n<!-- \/ Yoast SEO plugin. -->","yoast_head_json":{"title":"MECHANIC AirCHASER - Staubabsaughaube f\u00fcr Winkelschleifer \u00d8125mm - Murerpoint ApS","description":"Staubabsaugung mit R\u00e4dern f\u00fcr einen stabilen Arbeitsablauf. Passend f\u00fcr \u00d8115 mm und \u00d8125 mm Winkelschleifer. Einfache Anbindung und einstellbarer Schnitt.","robots":{"index":"index","follow":"follow","max-snippet":"max-snippet:-1","max-image-preview":"max-image-preview:large","max-video-preview":"max-video-preview:-1"},"canonical":"https:\/\/murerpoint.dk\/de\/produkt\/mechanic-airchaser-staubabsaughaube-fuer-winkelschleifer-oe125mm\/","og_locale":"de_DE","og_type":"article","og_title":"MECHANIC AirCHASER - Staubabsaughaube f\u00fcr Winkelschleifer \u00d8125mm - Murerpoint ApS","og_description":"Staubabsaugung mit R\u00e4dern f\u00fcr einen stabilen Arbeitsablauf. Passend f\u00fcr \u00d8115 mm und \u00d8125 mm Winkelschleifer. Einfache Anbindung und einstellbarer Schnitt.","og_url":"https:\/\/murerpoint.dk\/de\/produkt\/mechanic-airchaser-staubabsaughaube-fuer-winkelschleifer-oe125mm\/","og_site_name":"Murerpoint ApS","article_publisher":"https:\/\/m.facebook.com\/profile.php?id=61555157262134","article_modified_time":"2024-04-26T12:36:56+00:00","og_image":[{"width":1200,"height":1200,"url":"https:\/\/murerpoint.dk\/wp-content\/uploads\/2024\/04\/stoevskaerm-til-AirChaiser-med-logo.png","type":"image\/png"}],"twitter_card":"summary_large_image","twitter_misc":{"Preis":"&euro;88.83 Pris ekskl. moms: &euro;71.06","Verf\u00fcgbarkeit":"Auf Lager"},"schema":{"@context":"https:\/\/schema.org","@graph":[{"@type":"WebPage","@id":"https:\/\/murerpoint.dk\/de\/produkt\/mechanic-airchaser-staubabsaughaube-fuer-winkelschleifer-oe125mm\/","url":"https:\/\/murerpoint.dk\/de\/produkt\/mechanic-airchaser-staubabsaughaube-fuer-winkelschleifer-oe125mm\/","name":"MECHANIC AirCHASER - Staubabsaughaube f\u00fcr Winkelschleifer \u00d8125mm - Murerpoint ApS","isPartOf":{"@id":"https:\/\/murerpoint.dk\/de\/#website"},"primaryImageOfPage":{"@id":"https:\/\/murerpoint.dk\/de\/produkt\/mechanic-airchaser-staubabsaughaube-fuer-winkelschleifer-oe125mm\/#primaryimage"},"image":{"@id":"https:\/\/murerpoint.dk\/de\/produkt\/mechanic-airchaser-staubabsaughaube-fuer-winkelschleifer-oe125mm\/#primaryimage"},"thumbnailUrl":"https:\/\/murerpoint.dk\/wp-content\/uploads\/2024\/04\/stoevskaerm-til-AirChaiser-med-logo.png","datePublished":"2024-04-26T11:20:16+00:00","dateModified":"2024-04-26T12:36:56+00:00","description":"Staubabsaugung mit R\u00e4dern f\u00fcr einen stabilen Arbeitsablauf. Passend f\u00fcr \u00d8115 mm und \u00d8125 mm Winkelschleifer. Einfache Anbindung und einstellbarer Schnitt.","breadcrumb":{"@id":"https:\/\/murerpoint.dk\/de\/produkt\/mechanic-airchaser-staubabsaughaube-fuer-winkelschleifer-oe125mm\/#breadcrumb"},"inLanguage":"de","potentialAction":[{"@type":"ReadAction","target":["https:\/\/murerpoint.dk\/de\/produkt\/mechanic-airchaser-staubabsaughaube-fuer-winkelschleifer-oe125mm\/"]}]},{"@type":"ImageObject","inLanguage":"de","@id":"https:\/\/murerpoint.dk\/de\/produkt\/mechanic-airchaser-staubabsaughaube-fuer-winkelschleifer-oe125mm\/#primaryimage","url":"https:\/\/murerpoint.dk\/wp-content\/uploads\/2024\/04\/stoevskaerm-til-AirChaiser-med-logo.png","contentUrl":"https:\/\/murerpoint.dk\/wp-content\/uploads\/2024\/04\/stoevskaerm-til-AirChaiser-med-logo.png","width":1200,"height":1200,"caption":"sugesk\u00e6rm til AirCHASER \u00d8115\/\u00d8125mm"},{"@type":"BreadcrumbList","@id":"https:\/\/murerpoint.dk\/de\/produkt\/mechanic-airchaser-staubabsaughaube-fuer-winkelschleifer-oe125mm\/#breadcrumb","itemListElement":[{"@type":"ListItem","position":1,"name":"Hjem","item":"https:\/\/murerpoint.dk\/de\/"},{"@type":"ListItem","position":2,"name":"SHOPPEN","item":"https:\/\/murerpoint.dk\/de\/shoppen\/"},{"@type":"ListItem","position":3,"name":"MECHANIC AirCHASER &#8211; Staubabsaughaube f\u00fcr Winkelschleifer \u00d8125mm"}]},{"@type":"WebSite","@id":"https:\/\/murerpoint.dk\/de\/#website","url":"https:\/\/murerpoint.dk\/de\/","name":"Murerpoint","description":"kvalitets v\u00e6rkt\u00f8j","publisher":{"@id":"https:\/\/murerpoint.dk\/de\/#organization"},"potentialAction":[{"@type":"SearchAction","target":{"@type":"EntryPoint","urlTemplate":"https:\/\/murerpoint.dk\/de\/?s={search_term_string}"},"query-input":{"@type":"PropertyValueSpecification","valueRequired":true,"valueName":"search_term_string"}}],"inLanguage":"de"},{"@type":"Organization","@id":"https:\/\/murerpoint.dk\/de\/#organization","name":"Murerpoint ApS","url":"https:\/\/murerpoint.dk\/de\/","logo":{"@type":"ImageObject","inLanguage":"de","@id":"https:\/\/murerpoint.dk\/de\/#\/schema\/logo\/image\/","url":"https:\/\/murerpoint.dk\/wp-content\/uploads\/2023\/12\/cropped-Sort-Midt-Roed-Mursten.png","contentUrl":"https:\/\/murerpoint.dk\/wp-content\/uploads\/2023\/12\/cropped-Sort-Midt-Roed-Mursten.png","width":512,"height":512,"caption":"Murerpoint ApS"},"image":{"@id":"https:\/\/murerpoint.dk\/de\/#\/schema\/logo\/image\/"},"sameAs":["https:\/\/m.facebook.com\/profile.php?id=61555157262134","https:\/\/www.instagram.com\/murerpoint?igsh=azluMWV6cTnc2ts&utm_source=qr","https:\/\/www.tiktok.com\/@murerpoint?is_from_webapp=1&sender_device=pc"]}]},"product_price_amount":"88.83","product_price_currency":"EUR","og_availability":"instock","product_availability":"instock","product_retailer_item_id":"mp00055","product_condition":"new"},"_links":{"self":[{"href":"https:\/\/murerpoint.dk\/de\/wp-json\/wp\/v2\/product\/3060","targetHints":{"allow":["GET"]}}],"collection":[{"href":"https:\/\/murerpoint.dk\/de\/wp-json\/wp\/v2\/product"}],"about":[{"href":"https:\/\/murerpoint.dk\/de\/wp-json\/wp\/v2\/types\/product"}],"replies":[{"embeddable":true,"href":"https:\/\/murerpoint.dk\/de\/wp-json\/wp\/v2\/comments?post=3060"}],"wp:featuredmedia":[{"embeddable":true,"href":"https:\/\/murerpoint.dk\/de\/wp-json\/wp\/v2\/media\/3040"}],"wp:attachment":[{"href":"https:\/\/murerpoint.dk\/de\/wp-json\/wp\/v2\/media?parent=3060"}],"wp:term":[{"taxonomy":"product_brand","embeddable":true,"href":"https:\/\/murerpoint.dk\/de\/wp-json\/wp\/v2\/product_brand?post=3060"},{"taxonomy":"product_cat","embeddable":true,"href":"https:\/\/murerpoint.dk\/de\/wp-json\/wp\/v2\/product_cat?post=3060"},{"taxonomy":"product_tag","embeddable":true,"href":"https:\/\/murerpoint.dk\/de\/wp-json\/wp\/v2\/product_tag?post=3060"}],"curies":[{"name":"wp","href":"https:\/\/api.w.org\/{rel}","templated":true}]}}