{"id":3118,"date":"2024-04-29T08:10:32","date_gmt":"2024-04-29T08:10:32","guid":{"rendered":"https:\/\/murerpoint.dk\/product\/mechanic-duster-45-stoevskaerm-til-slibning-og-skaering\/"},"modified":"2024-04-29T18:16:46","modified_gmt":"2024-04-29T18:16:46","slug":"mechanic-duster-45-staubabdeckung-zum-schleifen","status":"publish","type":"product","link":"https:\/\/murerpoint.dk\/de\/produkt\/mechanic-duster-45-staubabdeckung-zum-schleifen\/","title":{"rendered":"MECHANIC DUSTER 45 &#8211; Staubabdeckung zum Schleifen"},"content":{"rendered":"<?xml encoding=\"utf-8\" ?><div class=\"flex-1 overflow-hidden\">\n<div class=\"react-scroll-to-bottom--css-abtlf-79elbk h-full\">\n<div class=\"react-scroll-to-bottom--css-abtlf-1n7m0yu\">\n<div>\n<div class=\"flex flex-col text-sm pb-9\">\n<div class=\"w-full text-token-text-primary\" dir=\"auto\" data-testid=\"conversation-turn-33\">\n<div class=\"px-4 py-2 justify-center text-base md:gap-6 m-auto\">\n<div class=\"flex flex-1 text-base mx-auto gap-3 juice:gap-4 juice:md:gap-6 md:px-5 lg:px-1 xl:px-5 md:max-w-3xl lg:max-w-[40rem] xl:max-w-[48rem]\">\n<div class=\"relative flex w-full min-w-0 flex-col agent-turn\">\n<div class=\"flex-col gap-1 md:gap-3\">\n<div class=\"flex flex-grow flex-col max-w-full\">\n<div class=\"min-h-[20px] text-message flex flex-col items-start gap-3 whitespace-pre-wrap break-words [.text-message+&amp;]:mt-5 overflow-x-auto\" dir=\"auto\" data-message-author-role=\"assistant\" data-message-id=\"c41215d6-4f12-4efe-8293-15824e6d36e5\">\n<div class=\"markdown prose w-full break-words dark:prose-invert light\">\n<h5>MECHANIC DUSTER 45 &ndash; Staubabdeckung f&uuml;r Schleifen, und Schneiden &ndash; MECHANIC DUSTER 45 &ndash; nahezu staubfreies Schneiden<\/h5>\n<p>Auf der Verpackung und auf der Staubabdeckung sind QR-Codes des Herstellers angebracht, die Zugang zu Montageanleitungen geben. Sie k&ouml;nnen das eine Video unten angeh&auml;ngt finden.<\/p>\n<p><strong>Spezifikationen:<\/strong><\/p>\n<ul>\n<li>Geeignet f&uuml;r 115\/125 mm Winkelschleifer<\/li>\n<li>Leicht, schnell und pr&auml;zises Schneiden von 45-Grad-Jolly-Kanten auf Fliesen und Klinkern<\/li>\n<li>Nahezu staubfreies Schneiden bei Anschluss an einen Staubsauger<\/li>\n<li>Direkt auf dem Bildschirm des Winkelschleifers montiert<\/li>\n<li>Pr&auml;zises und gleichm&auml;&szlig;iges Schneiden wird gew&auml;hrleistet<\/li>\n<li>Geringes Gewicht f&uuml;r einfache Handhabung<\/li>\n<li>Sohle mit Kunststoffauskleidung verbessert die Kontrolle und sch&uuml;tzt die Oberfl&auml;che<\/li>\n<li>Einstellbare Schnitttiefe<\/li>\n<\/ul>\n<p><strong>DUSTER 45:<\/strong><\/p>\n<p>Machen Sie Ihre Fliesen- und Klinkerarbeiten mit dem MECHANIC DUSTER 45 effizienter und pr&auml;ziser. Dieses innovative Ger&auml;t ist so konzipiert, dass es 45-Grad-Jolly-Kanten m&uuml;helos und genau schneidet. Mit Ihrem vorhandenen 115\/125 mm Winkelschleifer und einem angeschlossenen Staubsauger gew&auml;hrleistet der MECHANIC DUSTER 45 ein nahezu staubfreies Schneiden, was die Reinigung minimiert und die Arbeitsumgebung verbessert. Mit seinem geringen Gewicht und der einstellbaren Schnitttiefe k&ouml;nnen Sie jedes Mal pr&auml;zise und gleichm&auml;&szlig;ige Schnitte erzielen. Das robuste Design mit einer Sohle mit Kunststoffauskleidung bietet auch eine gute Kontrolle und sch&uuml;tzt die Oberfl&auml;che, was es ideal f&uuml;r professionelle Handwerker und Heimwerker macht.<\/p>\n<p>MECHANIC DUSTER 45 &ndash; Staubabdeckung zum Schleifen:<\/p>\n<\/div>\n<\/div>\n<\/div>\n<\/div>\n<\/div>\n<\/div>\n<\/div>\n<\/div>\n<\/div>\n<\/div>\n<\/div>\n<\/div>\n<\/div><p><iframe title=\"#MECHANICDUSTER 45\" width=\"800\" height=\"450\" src=\"https:\/\/www.youtube.com\/embed\/GWykHBUOyTo?feature=oembed\" frameborder=\"0\" allow=\"accelerometer; autoplay; clipboard-write; encrypted-media; gyroscope; picture-in-picture; web-share\" referrerpolicy=\"strict-origin-when-cross-origin\" allowfullscreen><\/iframe><\/p>\n","protected":false},"excerpt":{"rendered":"<div class=\"flex-1 overflow-hidden\">\n<div class=\"react-scroll-to-bottom--css-abtlf-79elbk h-full\">\n<div class=\"react-scroll-to-bottom--css-abtlf-1n7m0yu\">\n<div class=\"flex flex-col text-sm pb-9\">\n<div class=\"w-full text-token-text-primary\" dir=\"auto\" data-testid=\"conversation-turn-35\">\n<div class=\"px-4 py-2 justify-center text-base md:gap-6 m-auto\">\n<div class=\"flex flex-1 text-base mx-auto gap-3 juice:gap-4 juice:md:gap-6 md:px-5 lg:px-1 xl:px-5 md:max-w-3xl lg:max-w-[40rem] xl:max-w-[48rem]\">\n<div class=\"relative flex w-full min-w-0 flex-col agent-turn\">\n<div class=\"flex-col gap-1 md:gap-3\">\n<div class=\"flex flex-grow flex-col max-w-full\">\n<div class=\"min-h-[20px] text-message flex flex-col items-start gap-3 whitespace-pre-wrap break-words [.text-message+&amp;]:mt-5 overflow-x-auto\" dir=\"auto\" data-message-author-role=\"assistant\" data-message-id=\"aa0e6a5d-0a1a-45a1-8e98-430213ef30fc\">\n<div class=\"markdown prose w-full break-words dark:prose-invert light\">\n<h5>MECHANIC DUSTER 45 &#8211; Staubabdeckung zum Schleifen<\/h5>\n<p><strong>Spezifikationen:<\/strong><\/p>\n<ul>\n<li>Geeignet f\u00fcr 115\/125 mm Winkelschleifer<\/li>\n<li>Leicht, schnell und pr\u00e4zises Schneiden von 45-Grad-Jolly-Kanten auf Fliesen und Klinkern<\/li>\n<li>Nahezu staubfreies Schneiden bei Anschluss an einen Staubsauger<\/li>\n<li>Direkt auf dem Bildschirm des Winkelschleifers montiert<\/li>\n<li>Pr\u00e4zises und gleichm\u00e4\u00dfiges Schneiden wird gew\u00e4hrleistet<\/li>\n<li>Geringes Gewicht f\u00fcr einfache Handhabung<\/li>\n<li>Sohle mit Kunststoffauskleidung verbessert die Kontrolle und sch\u00fctzt die Oberfl\u00e4che<\/li>\n<li>Einstellbare Schnitttiefe<\/li>\n<\/ul>\n<\/div>\n<\/div>\n<\/div>\n<\/div>\n<\/div>\n<\/div>\n<\/div>\n<\/div>\n<\/div>\n<\/div>\n<\/div>\n<\/div>\n","protected":false},"featured_media":3101,"comment_status":"open","ping_status":"closed","template":"","meta":[],"product_brand":[],"product_cat":[657,650],"product_tag":[1665,1666,1667,1668,1669,1626,1627,1670,2900],"class_list":{"0":"post-3118","1":"product","2":"type-product","3":"status-publish","4":"has-post-thumbnail","6":"product_cat-staubschutzwaende","7":"product_cat-zubehoer","8":"product_tag-duster-de","9":"product_tag-duster45-de","10":"product_tag-dustguard-de","11":"product_tag-mechanic-de","12":"product_tag-mechanicduster-de","13":"product_tag-stoevskaerm-de","14":"product_tag-sugeskaerm-de","15":"product_tag-tmmechanic-de","16":"product_tag-googleads-de","18":"first","19":"instock","20":"taxable","21":"shipping-taxable","22":"purchasable","23":"product-type-simple"},"yoast_head":"<!-- This site is optimized with the Yoast SEO plugin v27.6 - https:\/\/yoast.com\/product\/yoast-seo-wordpress\/ -->\n<title>MECHANIC DUSTER 45 - Staubabdeckung zum Schleifen - Murerpoint ApS<\/title>\n<meta name=\"description\" content=\"Schneiden Sie 45-Grad-Jolly-Kanten auf Fliesen und Klinkern mit dem MECHANIC DUSTER 45. Fast staubfreies Schneiden, leicht zu montieren auf Winkelschleifer.\" \/>\n<meta name=\"robots\" content=\"index, follow, max-snippet:-1, max-image-preview:large, max-video-preview:-1\" \/>\n<link rel=\"canonical\" href=\"https:\/\/murerpoint.dk\/de\/produkt\/mechanic-duster-45-staubabdeckung-zum-schleifen\/\" \/>\n<meta property=\"og:locale\" content=\"de_DE\" \/>\n<meta property=\"og:type\" content=\"article\" \/>\n<meta property=\"og:title\" content=\"MECHANIC DUSTER 45 - Staubabdeckung zum Schleifen - Murerpoint ApS\" \/>\n<meta property=\"og:description\" content=\"Schneiden Sie 45-Grad-Jolly-Kanten auf Fliesen und Klinkern mit dem MECHANIC DUSTER 45. Fast staubfreies Schneiden, leicht zu montieren auf Winkelschleifer.\" \/>\n<meta property=\"og:url\" content=\"https:\/\/murerpoint.dk\/de\/produkt\/mechanic-duster-45-staubabdeckung-zum-schleifen\/\" \/>\n<meta property=\"og:site_name\" content=\"Murerpoint ApS\" \/>\n<meta property=\"article:publisher\" content=\"https:\/\/m.facebook.com\/profile.php?id=61555157262134\" \/>\n<meta property=\"article:modified_time\" content=\"2024-04-29T18:16:46+00:00\" \/>\n<meta property=\"og:image\" content=\"https:\/\/murerpoint.dk\/wp-content\/uploads\/2024\/04\/Duster-45_3-attached-on-angle-grinder-med-logo.png\" \/>\n\t<meta property=\"og:image:width\" content=\"1200\" \/>\n\t<meta property=\"og:image:height\" content=\"1200\" \/>\n\t<meta property=\"og:image:type\" content=\"image\/png\" \/>\n<meta name=\"twitter:card\" content=\"summary_large_image\" \/>\n<meta name=\"twitter:label1\" content=\"Preis\" \/>\n\t<meta name=\"twitter:data1\" content=\"&euro;75.15 Pris ekskl. moms: &euro;60.12\" \/>\n\t<meta name=\"twitter:label2\" content=\"Verf\u00fcgbarkeit\" \/>\n\t<meta name=\"twitter:data2\" content=\"Auf Lager\" \/>\n<script type=\"application\/ld+json\" class=\"yoast-schema-graph\">{\"@context\":\"https:\\\/\\\/schema.org\",\"@graph\":[{\"@type\":\"WebPage\",\"@id\":\"https:\\\/\\\/murerpoint.dk\\\/de\\\/produkt\\\/mechanic-duster-45-staubabdeckung-zum-schleifen\\\/\",\"url\":\"https:\\\/\\\/murerpoint.dk\\\/de\\\/produkt\\\/mechanic-duster-45-staubabdeckung-zum-schleifen\\\/\",\"name\":\"MECHANIC DUSTER 45 - Staubabdeckung zum Schleifen - Murerpoint ApS\",\"isPartOf\":{\"@id\":\"https:\\\/\\\/murerpoint.dk\\\/de\\\/#website\"},\"primaryImageOfPage\":{\"@id\":\"https:\\\/\\\/murerpoint.dk\\\/de\\\/produkt\\\/mechanic-duster-45-staubabdeckung-zum-schleifen\\\/#primaryimage\"},\"image\":{\"@id\":\"https:\\\/\\\/murerpoint.dk\\\/de\\\/produkt\\\/mechanic-duster-45-staubabdeckung-zum-schleifen\\\/#primaryimage\"},\"thumbnailUrl\":\"https:\\\/\\\/murerpoint.dk\\\/wp-content\\\/uploads\\\/2024\\\/04\\\/Duster-45_3-attached-on-angle-grinder-med-logo.png\",\"datePublished\":\"2024-04-29T08:10:32+00:00\",\"dateModified\":\"2024-04-29T18:16:46+00:00\",\"description\":\"Schneiden Sie 45-Grad-Jolly-Kanten auf Fliesen und Klinkern mit dem MECHANIC DUSTER 45. Fast staubfreies Schneiden, leicht zu montieren auf Winkelschleifer.\",\"breadcrumb\":{\"@id\":\"https:\\\/\\\/murerpoint.dk\\\/de\\\/produkt\\\/mechanic-duster-45-staubabdeckung-zum-schleifen\\\/#breadcrumb\"},\"inLanguage\":\"de\",\"potentialAction\":[{\"@type\":\"ReadAction\",\"target\":[\"https:\\\/\\\/murerpoint.dk\\\/de\\\/produkt\\\/mechanic-duster-45-staubabdeckung-zum-schleifen\\\/\"]}]},{\"@type\":\"ImageObject\",\"inLanguage\":\"de\",\"@id\":\"https:\\\/\\\/murerpoint.dk\\\/de\\\/produkt\\\/mechanic-duster-45-staubabdeckung-zum-schleifen\\\/#primaryimage\",\"url\":\"https:\\\/\\\/murerpoint.dk\\\/wp-content\\\/uploads\\\/2024\\\/04\\\/Duster-45_3-attached-on-angle-grinder-med-logo.png\",\"contentUrl\":\"https:\\\/\\\/murerpoint.dk\\\/wp-content\\\/uploads\\\/2024\\\/04\\\/Duster-45_3-attached-on-angle-grinder-med-logo.png\",\"width\":1200,\"height\":1200,\"caption\":\"Duster 45\"},{\"@type\":\"BreadcrumbList\",\"@id\":\"https:\\\/\\\/murerpoint.dk\\\/de\\\/produkt\\\/mechanic-duster-45-staubabdeckung-zum-schleifen\\\/#breadcrumb\",\"itemListElement\":[{\"@type\":\"ListItem\",\"position\":1,\"name\":\"Hjem\",\"item\":\"https:\\\/\\\/murerpoint.dk\\\/de\\\/\"},{\"@type\":\"ListItem\",\"position\":2,\"name\":\"SHOPPEN\",\"item\":\"https:\\\/\\\/murerpoint.dk\\\/de\\\/shoppen\\\/\"},{\"@type\":\"ListItem\",\"position\":3,\"name\":\"MECHANIC DUSTER 45 &#8211; Staubabdeckung zum Schleifen\"}]},{\"@type\":\"WebSite\",\"@id\":\"https:\\\/\\\/murerpoint.dk\\\/de\\\/#website\",\"url\":\"https:\\\/\\\/murerpoint.dk\\\/de\\\/\",\"name\":\"Murerpoint\",\"description\":\"kvalitets v\u00e6rkt\u00f8j\",\"publisher\":{\"@id\":\"https:\\\/\\\/murerpoint.dk\\\/de\\\/#organization\"},\"potentialAction\":[{\"@type\":\"SearchAction\",\"target\":{\"@type\":\"EntryPoint\",\"urlTemplate\":\"https:\\\/\\\/murerpoint.dk\\\/de\\\/?s={search_term_string}\"},\"query-input\":{\"@type\":\"PropertyValueSpecification\",\"valueRequired\":true,\"valueName\":\"search_term_string\"}}],\"inLanguage\":\"de\"},{\"@type\":\"Organization\",\"@id\":\"https:\\\/\\\/murerpoint.dk\\\/de\\\/#organization\",\"name\":\"Murerpoint ApS\",\"url\":\"https:\\\/\\\/murerpoint.dk\\\/de\\\/\",\"logo\":{\"@type\":\"ImageObject\",\"inLanguage\":\"de\",\"@id\":\"https:\\\/\\\/murerpoint.dk\\\/de\\\/#\\\/schema\\\/logo\\\/image\\\/\",\"url\":\"https:\\\/\\\/murerpoint.dk\\\/wp-content\\\/uploads\\\/2023\\\/12\\\/cropped-Sort-Midt-Roed-Mursten.png\",\"contentUrl\":\"https:\\\/\\\/murerpoint.dk\\\/wp-content\\\/uploads\\\/2023\\\/12\\\/cropped-Sort-Midt-Roed-Mursten.png\",\"width\":512,\"height\":512,\"caption\":\"Murerpoint ApS\"},\"image\":{\"@id\":\"https:\\\/\\\/murerpoint.dk\\\/de\\\/#\\\/schema\\\/logo\\\/image\\\/\"},\"sameAs\":[\"https:\\\/\\\/m.facebook.com\\\/profile.php?id=61555157262134\",\"https:\\\/\\\/www.instagram.com\\\/murerpoint?igsh=azluMWV6cTnc2ts&utm_source=qr\",\"https:\\\/\\\/www.tiktok.com\\\/@murerpoint?is_from_webapp=1&sender_device=pc\"]}]}<\/script>\n<meta property=\"product:price:amount\" content=\"75.15\" \/>\n<meta property=\"product:price:currency\" content=\"EUR\" \/>\n<meta property=\"og:availability\" content=\"instock\" \/>\n<meta property=\"product:availability\" content=\"instock\" \/>\n<meta property=\"product:retailer_item_id\" content=\"mp00057\" \/>\n<meta property=\"product:condition\" content=\"new\" \/>\n<!-- \/ Yoast SEO plugin. -->","yoast_head_json":{"title":"MECHANIC DUSTER 45 - Staubabdeckung zum Schleifen - Murerpoint ApS","description":"Schneiden Sie 45-Grad-Jolly-Kanten auf Fliesen und Klinkern mit dem MECHANIC DUSTER 45. Fast staubfreies Schneiden, leicht zu montieren auf Winkelschleifer.","robots":{"index":"index","follow":"follow","max-snippet":"max-snippet:-1","max-image-preview":"max-image-preview:large","max-video-preview":"max-video-preview:-1"},"canonical":"https:\/\/murerpoint.dk\/de\/produkt\/mechanic-duster-45-staubabdeckung-zum-schleifen\/","og_locale":"de_DE","og_type":"article","og_title":"MECHANIC DUSTER 45 - Staubabdeckung zum Schleifen - Murerpoint ApS","og_description":"Schneiden Sie 45-Grad-Jolly-Kanten auf Fliesen und Klinkern mit dem MECHANIC DUSTER 45. Fast staubfreies Schneiden, leicht zu montieren auf Winkelschleifer.","og_url":"https:\/\/murerpoint.dk\/de\/produkt\/mechanic-duster-45-staubabdeckung-zum-schleifen\/","og_site_name":"Murerpoint ApS","article_publisher":"https:\/\/m.facebook.com\/profile.php?id=61555157262134","article_modified_time":"2024-04-29T18:16:46+00:00","og_image":[{"width":1200,"height":1200,"url":"https:\/\/murerpoint.dk\/wp-content\/uploads\/2024\/04\/Duster-45_3-attached-on-angle-grinder-med-logo.png","type":"image\/png"}],"twitter_card":"summary_large_image","twitter_misc":{"Preis":"&euro;75.15 Pris ekskl. moms: &euro;60.12","Verf\u00fcgbarkeit":"Auf Lager"},"schema":{"@context":"https:\/\/schema.org","@graph":[{"@type":"WebPage","@id":"https:\/\/murerpoint.dk\/de\/produkt\/mechanic-duster-45-staubabdeckung-zum-schleifen\/","url":"https:\/\/murerpoint.dk\/de\/produkt\/mechanic-duster-45-staubabdeckung-zum-schleifen\/","name":"MECHANIC DUSTER 45 - Staubabdeckung zum Schleifen - Murerpoint ApS","isPartOf":{"@id":"https:\/\/murerpoint.dk\/de\/#website"},"primaryImageOfPage":{"@id":"https:\/\/murerpoint.dk\/de\/produkt\/mechanic-duster-45-staubabdeckung-zum-schleifen\/#primaryimage"},"image":{"@id":"https:\/\/murerpoint.dk\/de\/produkt\/mechanic-duster-45-staubabdeckung-zum-schleifen\/#primaryimage"},"thumbnailUrl":"https:\/\/murerpoint.dk\/wp-content\/uploads\/2024\/04\/Duster-45_3-attached-on-angle-grinder-med-logo.png","datePublished":"2024-04-29T08:10:32+00:00","dateModified":"2024-04-29T18:16:46+00:00","description":"Schneiden Sie 45-Grad-Jolly-Kanten auf Fliesen und Klinkern mit dem MECHANIC DUSTER 45. Fast staubfreies Schneiden, leicht zu montieren auf Winkelschleifer.","breadcrumb":{"@id":"https:\/\/murerpoint.dk\/de\/produkt\/mechanic-duster-45-staubabdeckung-zum-schleifen\/#breadcrumb"},"inLanguage":"de","potentialAction":[{"@type":"ReadAction","target":["https:\/\/murerpoint.dk\/de\/produkt\/mechanic-duster-45-staubabdeckung-zum-schleifen\/"]}]},{"@type":"ImageObject","inLanguage":"de","@id":"https:\/\/murerpoint.dk\/de\/produkt\/mechanic-duster-45-staubabdeckung-zum-schleifen\/#primaryimage","url":"https:\/\/murerpoint.dk\/wp-content\/uploads\/2024\/04\/Duster-45_3-attached-on-angle-grinder-med-logo.png","contentUrl":"https:\/\/murerpoint.dk\/wp-content\/uploads\/2024\/04\/Duster-45_3-attached-on-angle-grinder-med-logo.png","width":1200,"height":1200,"caption":"Duster 45"},{"@type":"BreadcrumbList","@id":"https:\/\/murerpoint.dk\/de\/produkt\/mechanic-duster-45-staubabdeckung-zum-schleifen\/#breadcrumb","itemListElement":[{"@type":"ListItem","position":1,"name":"Hjem","item":"https:\/\/murerpoint.dk\/de\/"},{"@type":"ListItem","position":2,"name":"SHOPPEN","item":"https:\/\/murerpoint.dk\/de\/shoppen\/"},{"@type":"ListItem","position":3,"name":"MECHANIC DUSTER 45 &#8211; Staubabdeckung zum Schleifen"}]},{"@type":"WebSite","@id":"https:\/\/murerpoint.dk\/de\/#website","url":"https:\/\/murerpoint.dk\/de\/","name":"Murerpoint","description":"kvalitets v\u00e6rkt\u00f8j","publisher":{"@id":"https:\/\/murerpoint.dk\/de\/#organization"},"potentialAction":[{"@type":"SearchAction","target":{"@type":"EntryPoint","urlTemplate":"https:\/\/murerpoint.dk\/de\/?s={search_term_string}"},"query-input":{"@type":"PropertyValueSpecification","valueRequired":true,"valueName":"search_term_string"}}],"inLanguage":"de"},{"@type":"Organization","@id":"https:\/\/murerpoint.dk\/de\/#organization","name":"Murerpoint ApS","url":"https:\/\/murerpoint.dk\/de\/","logo":{"@type":"ImageObject","inLanguage":"de","@id":"https:\/\/murerpoint.dk\/de\/#\/schema\/logo\/image\/","url":"https:\/\/murerpoint.dk\/wp-content\/uploads\/2023\/12\/cropped-Sort-Midt-Roed-Mursten.png","contentUrl":"https:\/\/murerpoint.dk\/wp-content\/uploads\/2023\/12\/cropped-Sort-Midt-Roed-Mursten.png","width":512,"height":512,"caption":"Murerpoint ApS"},"image":{"@id":"https:\/\/murerpoint.dk\/de\/#\/schema\/logo\/image\/"},"sameAs":["https:\/\/m.facebook.com\/profile.php?id=61555157262134","https:\/\/www.instagram.com\/murerpoint?igsh=azluMWV6cTnc2ts&utm_source=qr","https:\/\/www.tiktok.com\/@murerpoint?is_from_webapp=1&sender_device=pc"]}]},"product_price_amount":"75.15","product_price_currency":"EUR","og_availability":"instock","product_availability":"instock","product_retailer_item_id":"mp00057","product_condition":"new"},"_links":{"self":[{"href":"https:\/\/murerpoint.dk\/de\/wp-json\/wp\/v2\/product\/3118","targetHints":{"allow":["GET"]}}],"collection":[{"href":"https:\/\/murerpoint.dk\/de\/wp-json\/wp\/v2\/product"}],"about":[{"href":"https:\/\/murerpoint.dk\/de\/wp-json\/wp\/v2\/types\/product"}],"replies":[{"embeddable":true,"href":"https:\/\/murerpoint.dk\/de\/wp-json\/wp\/v2\/comments?post=3118"}],"wp:featuredmedia":[{"embeddable":true,"href":"https:\/\/murerpoint.dk\/de\/wp-json\/wp\/v2\/media\/3101"}],"wp:attachment":[{"href":"https:\/\/murerpoint.dk\/de\/wp-json\/wp\/v2\/media?parent=3118"}],"wp:term":[{"taxonomy":"product_brand","embeddable":true,"href":"https:\/\/murerpoint.dk\/de\/wp-json\/wp\/v2\/product_brand?post=3118"},{"taxonomy":"product_cat","embeddable":true,"href":"https:\/\/murerpoint.dk\/de\/wp-json\/wp\/v2\/product_cat?post=3118"},{"taxonomy":"product_tag","embeddable":true,"href":"https:\/\/murerpoint.dk\/de\/wp-json\/wp\/v2\/product_tag?post=3118"}],"curies":[{"name":"wp","href":"https:\/\/api.w.org\/{rel}","templated":true}]}}