{"id":3703,"date":"2024-05-13T07:01:52","date_gmt":"2024-05-13T07:01:52","guid":{"rendered":"https:\/\/murerpoint.dk\/product\/kombi-diamantskaereklinge-til-asfalt-og-beton-oe350\/"},"modified":"2024-05-14T07:23:52","modified_gmt":"2024-05-14T07:23:52","slug":"kombi-diamantschneidscheibe-fuer-asphalt-und-beton-oe350-mm","status":"publish","type":"product","link":"https:\/\/murerpoint.dk\/de\/produkt\/kombi-diamantschneidscheibe-fuer-asphalt-und-beton-oe350-mm\/","title":{"rendered":"Kombi Diamantschneidscheibe f\u00fcr Asphalt und Beton \u00d8350 mm"},"content":{"rendered":"<?xml encoding=\"utf-8\" ?><div class=\"flex-1 overflow-hidden\">\n<div class=\"react-scroll-to-bottom--css-oidkc-79elbk h-full\">\n<div class=\"react-scroll-to-bottom--css-oidkc-1n7m0yu\">\n<div>\n<div class=\"flex flex-col text-sm pb-9\">\n<div class=\"w-full text-token-text-primary\" dir=\"auto\" data-testid=\"conversation-turn-377\" data-scroll-anchor=\"true\">\n<div class=\"py-2 px-3 text-base md:px-4 m-auto md:px-5 lg:px-1 xl:px-5\">\n<div class=\"mx-auto flex flex-1 gap-3 text-base juice:gap-4 juice:md:gap-6 md:max-w-3xl lg:max-w-[40rem] xl:max-w-[48rem]\">\n<div class=\"relative flex w-full min-w-0 flex-col agent-turn\">\n<div class=\"flex-col gap-1 md:gap-3\">\n<div class=\"flex flex-grow flex-col max-w-full\">\n<div class=\"min-h-[20px] text-message flex flex-col items-start whitespace-pre-wrap break-words [.text-message+&amp;]:mt-5 juice:w-full juice:items-end overflow-x-auto gap-3\" dir=\"auto\" data-message-author-role=\"assistant\" data-message-id=\"07e8154d-b389-4434-9334-f589ce8facb7\">\n<div class=\"markdown prose w-full break-words dark:prose-invert light\">\n<h5>Kombi Diamantschneidscheibe f&uuml;r Asphalt und Beton &Oslash;350 mm<\/h5>\n<p>Optimieren Sie Ihre Schneideprojekte mit unserer Diamantschneidscheibe f&uuml;r Asphalt und Beton mit Stahl in der Gr&ouml;&szlig;e &Oslash;350 mm. Diese Klinge kombiniert fortschrittliche Technologie mit Haltbarkeit und Pr&auml;zision, um einen effizienten Schnitt auf verschiedenen Materialien und Untergr&uuml;nden zu gew&auml;hrleisten.<\/p>\n<p>Mit Laser- und Turbosegmenten sowie drei Arten von Diamantsegmenten liefert diese Klinge einen gleichm&auml;&szlig;igen und effektiven Schnitt mit hoher Schnittgeschwindigkeit und langer Lebensdauer. Die eingebauten K&uuml;hl- und Antivibrationsl&ouml;cher verl&auml;ngern die Lebensdauer der Klinge und schaffen eine angenehme Arbeitsumgebung.<\/p>\n<p><strong>Spezifikationen:<\/strong><\/p>\n<ul>\n<li>Durchmesser: &Oslash;350 mm, &Oslash;400 mm, &Oslash;450 mm, &Oslash;500 mm<\/li>\n<li>Segmenth&ouml;he: 12 mm<\/li>\n<li>Schnitttiefe: 25,4 mm<\/li>\n<li>Anwendung: Asphalt, Beton, armierter Beton, Betonsteine, Stein, Granit, Marmor<\/li>\n<li>Schnittgeschwindigkeit: Hoch<\/li>\n<li>Haltbarkeit: Lange Lebensdauer<\/li>\n<li>Segmenttypen: Lasersegmente, Turbosegmente, glatte Segment<\/li>\n<li>Geeignet f&uuml;r: Die meisten g&auml;ngigen Boden- und Stra&szlig;ens&auml;gen<\/li>\n<li>Mittelloch: 25,4 mm, wird zusammen mit Pinloch verwendet<\/li>\n<\/ul>\n<\/div>\n<\/div>\n<\/div>\n<div class=\"mt-1 flex gap-3 empty:hidden juice:-ml-3\"><\/div>\n<\/div>\n<\/div>\n<\/div>\n<\/div>\n<\/div>\n<\/div>\n<\/div>\n<\/div>\n<\/div>\n<\/div>\n","protected":false},"excerpt":{"rendered":"<h5>Kombi Diamantschneidscheibe f\u00fcr Asphalt und Beton \u00d8350 mm<\/h5>\n<p>Mit Laser- und Turbosegmenten sowie drei Arten von Diamantsegmenten liefert diese Klinge einen gleichm\u00e4\u00dfigen und effektiven Schnitt mit hoher Schnittgeschwindigkeit und langer Lebensdauer. Die eingebauten K\u00fchl- und Antivibrationsl\u00f6cher verl\u00e4ngern die Lebensdauer der Klinge und schaffen eine angenehme Arbeitsumgebung.<\/p>\n<p><strong>Spezifikationen:<\/strong><\/p>\n<ul>\n<li>Durchmesser: \u00d8350 mm, \u00d8400 mm, \u00d8450 mm, \u00d8500 mm<\/li>\n<li>Segmenth\u00f6he: 12 mm<\/li>\n<li>Schnitttiefe: 25,4 mm<\/li>\n<li>Anwendung: Asphalt, Beton, armierter Beton, Betonsteine, Stein, Granit, Marmor<\/li>\n<li>Schnittgeschwindigkeit: Hoch<\/li>\n<li>Haltbarkeit: Lange Lebensdauer<\/li>\n<li>Segmenttypen: Lasersegmente, Turbosegmente, glatte Segment<\/li>\n<li>Geeignet f\u00fcr: Die meisten g\u00e4ngigen Boden- und Stra\u00dfens\u00e4gen<\/li>\n<li>Mittelloch: 25,4 mm, wird zusammen mit Pinloch verwendet<\/li>\n<\/ul>\n","protected":false},"featured_media":3689,"comment_status":"open","ping_status":"closed","template":"","meta":[],"product_brand":[],"product_cat":[1234],"product_tag":[2088,2089,2090,2091,2092,2093,2094,1235,2095,1951,1492,1236,1539,1493,1239,2096,2097,2098,2099,2100,2101,2102,2103,2104,2105,2106,2107,2108,2109,2110,2111,2112,2113,2114,2115,2116,2117,2118,2119,2120,2121,2122,2123,2124,2125,2900],"class_list":{"0":"post-3703","1":"product","2":"type-product","3":"status-publish","4":"has-post-thumbnail","6":"product_cat-diamant-klinger-de","7":"product_tag-asfalt-de","8":"product_tag-asfaltenbeton-de","9":"product_tag-asfaltochbetong-de","10":"product_tag-asfaltogbeton-de","11":"product_tag-asphalt-de","12":"product_tag-asphaltandconcrete-de","13":"product_tag-asphaltundbeton-de","14":"product_tag-beton-de","15":"product_tag-betong-de","16":"product_tag-concrete-de","17":"product_tag-diamantklinga-de","18":"product_tag-diamantklinge-de","19":"product_tag-diamantsaegeblatt-de","20":"product_tag-diamantzaagblad-de","21":"product_tag-diamondblade-de","22":"product_tag-graniet-de","23":"product_tag-granite-de","24":"product_tag-grantit-de","25":"product_tag-laserblad-de","26":"product_tag-laserblade-de","27":"product_tag-laserblatt-de","28":"product_tag-laserdiamantklinga-de","29":"product_tag-laserdiamantklinge-de","30":"product_tag-laserdiamantsaegeblatt-de","31":"product_tag-laserdiamantzaagblad-de","32":"product_tag-laserdiamondblade-de","33":"product_tag-laserklinga-de","34":"product_tag-laserklinge-de","35":"product_tag-multicutting-de","36":"product_tag-multischneiden-de","37":"product_tag-multiskaering-de","38":"product_tag-multiskaerning-de","39":"product_tag-multisnijden-de","40":"product_tag-stahl-de","41":"product_tag-staal-de","42":"product_tag-steel-de","43":"product_tag-steen-de","44":"product_tag-stein-de","45":"product_tag-sten-de","46":"product_tag-stone-de","47":"product_tag-turboblad-de","48":"product_tag-turboblade-de","49":"product_tag-turboblatt-de","50":"product_tag-turboklinga-de","51":"product_tag-turboklinge-de","52":"product_tag-googleads-de","54":"first","55":"instock","56":"taxable","57":"shipping-taxable","58":"purchasable","59":"product-type-simple"},"yoast_head":"<!-- This site is optimized with the Yoast SEO plugin v27.4 - https:\/\/yoast.com\/product\/yoast-seo-wordpress\/ -->\n<title>Kombi Diamantschneidscheibe f\u00fcr Asphalt und Beton \u00d8350 mm - Murerpoint ApS<\/title>\n<meta name=\"description\" content=\"Mit Laser- und Turbosegmenten sowie drei Diamantsegmenttypen bietet diese Klinge einen effizienten Schnitt mit hoher Geschwindigkeit und langer Lebensdauer\" \/>\n<meta name=\"robots\" content=\"index, follow, max-snippet:-1, max-image-preview:large, max-video-preview:-1\" \/>\n<link rel=\"canonical\" href=\"https:\/\/murerpoint.dk\/de\/produkt\/kombi-diamantschneidscheibe-fuer-asphalt-und-beton-oe350-mm\/\" \/>\n<meta property=\"og:locale\" content=\"de_DE\" \/>\n<meta property=\"og:type\" content=\"article\" \/>\n<meta property=\"og:title\" content=\"Kombi Diamantschneidscheibe f\u00fcr Asphalt und Beton \u00d8350 mm - Murerpoint ApS\" \/>\n<meta property=\"og:description\" content=\"Mit Laser- und Turbosegmenten sowie drei Diamantsegmenttypen bietet diese Klinge einen effizienten Schnitt mit hoher Geschwindigkeit und langer Lebensdauer\" \/>\n<meta property=\"og:url\" content=\"https:\/\/murerpoint.dk\/de\/produkt\/kombi-diamantschneidscheibe-fuer-asphalt-und-beton-oe350-mm\/\" \/>\n<meta property=\"og:site_name\" content=\"Murerpoint ApS\" \/>\n<meta property=\"article:publisher\" content=\"https:\/\/m.facebook.com\/profile.php?id=61555157262134\" \/>\n<meta property=\"article:modified_time\" content=\"2024-05-14T07:23:52+00:00\" \/>\n<meta property=\"og:image\" content=\"https:\/\/murerpoint.dk\/wp-content\/uploads\/2024\/05\/Til-forsiden-redigeret-scaled.jpg\" \/>\n\t<meta property=\"og:image:width\" content=\"1920\" \/>\n\t<meta property=\"og:image:height\" content=\"2560\" \/>\n\t<meta property=\"og:image:type\" content=\"image\/jpeg\" \/>\n<meta name=\"twitter:card\" content=\"summary_large_image\" \/>\n<meta name=\"twitter:label1\" content=\"Preis\" \/>\n\t<meta name=\"twitter:data1\" content=\"&euro;93.68 Pris ekskl. moms: &euro;74.94\" \/>\n\t<meta name=\"twitter:label2\" content=\"Verf\u00fcgbarkeit\" \/>\n\t<meta name=\"twitter:data2\" content=\"Auf Lager\" \/>\n<script type=\"application\/ld+json\" class=\"yoast-schema-graph\">{\"@context\":\"https:\\\/\\\/schema.org\",\"@graph\":[{\"@type\":\"WebPage\",\"@id\":\"https:\\\/\\\/murerpoint.dk\\\/de\\\/produkt\\\/kombi-diamantschneidscheibe-fuer-asphalt-und-beton-oe350-mm\\\/\",\"url\":\"https:\\\/\\\/murerpoint.dk\\\/de\\\/produkt\\\/kombi-diamantschneidscheibe-fuer-asphalt-und-beton-oe350-mm\\\/\",\"name\":\"Kombi Diamantschneidscheibe f\u00fcr Asphalt und Beton \u00d8350 mm - Murerpoint ApS\",\"isPartOf\":{\"@id\":\"https:\\\/\\\/murerpoint.dk\\\/de\\\/#website\"},\"primaryImageOfPage\":{\"@id\":\"https:\\\/\\\/murerpoint.dk\\\/de\\\/produkt\\\/kombi-diamantschneidscheibe-fuer-asphalt-und-beton-oe350-mm\\\/#primaryimage\"},\"image\":{\"@id\":\"https:\\\/\\\/murerpoint.dk\\\/de\\\/produkt\\\/kombi-diamantschneidscheibe-fuer-asphalt-und-beton-oe350-mm\\\/#primaryimage\"},\"thumbnailUrl\":\"https:\\\/\\\/murerpoint.dk\\\/wp-content\\\/uploads\\\/2024\\\/05\\\/Til-forsiden-redigeret-scaled.jpg\",\"datePublished\":\"2024-05-13T07:01:52+00:00\",\"dateModified\":\"2024-05-14T07:23:52+00:00\",\"description\":\"Mit Laser- und Turbosegmenten sowie drei Diamantsegmenttypen bietet diese Klinge einen effizienten Schnitt mit hoher Geschwindigkeit und langer Lebensdauer\",\"breadcrumb\":{\"@id\":\"https:\\\/\\\/murerpoint.dk\\\/de\\\/produkt\\\/kombi-diamantschneidscheibe-fuer-asphalt-und-beton-oe350-mm\\\/#breadcrumb\"},\"inLanguage\":\"de\",\"potentialAction\":[{\"@type\":\"ReadAction\",\"target\":[\"https:\\\/\\\/murerpoint.dk\\\/de\\\/produkt\\\/kombi-diamantschneidscheibe-fuer-asphalt-und-beton-oe350-mm\\\/\"]}]},{\"@type\":\"ImageObject\",\"inLanguage\":\"de\",\"@id\":\"https:\\\/\\\/murerpoint.dk\\\/de\\\/produkt\\\/kombi-diamantschneidscheibe-fuer-asphalt-und-beton-oe350-mm\\\/#primaryimage\",\"url\":\"https:\\\/\\\/murerpoint.dk\\\/wp-content\\\/uploads\\\/2024\\\/05\\\/Til-forsiden-redigeret-scaled.jpg\",\"contentUrl\":\"https:\\\/\\\/murerpoint.dk\\\/wp-content\\\/uploads\\\/2024\\\/05\\\/Til-forsiden-redigeret-scaled.jpg\",\"width\":1920,\"height\":2560,\"caption\":\"\u00d8350 concrete & asphalt \u00d8350x25,40x12mm\"},{\"@type\":\"BreadcrumbList\",\"@id\":\"https:\\\/\\\/murerpoint.dk\\\/de\\\/produkt\\\/kombi-diamantschneidscheibe-fuer-asphalt-und-beton-oe350-mm\\\/#breadcrumb\",\"itemListElement\":[{\"@type\":\"ListItem\",\"position\":1,\"name\":\"Hjem\",\"item\":\"https:\\\/\\\/murerpoint.dk\\\/de\\\/\"},{\"@type\":\"ListItem\",\"position\":2,\"name\":\"SHOPPEN\",\"item\":\"https:\\\/\\\/murerpoint.dk\\\/de\\\/shoppen\\\/\"},{\"@type\":\"ListItem\",\"position\":3,\"name\":\"Kombi Diamantschneidscheibe f\u00fcr Asphalt und Beton \u00d8350 mm\"}]},{\"@type\":\"WebSite\",\"@id\":\"https:\\\/\\\/murerpoint.dk\\\/de\\\/#website\",\"url\":\"https:\\\/\\\/murerpoint.dk\\\/de\\\/\",\"name\":\"Murerpoint\",\"description\":\"kvalitets v\u00e6rkt\u00f8j\",\"publisher\":{\"@id\":\"https:\\\/\\\/murerpoint.dk\\\/de\\\/#organization\"},\"potentialAction\":[{\"@type\":\"SearchAction\",\"target\":{\"@type\":\"EntryPoint\",\"urlTemplate\":\"https:\\\/\\\/murerpoint.dk\\\/de\\\/?s={search_term_string}\"},\"query-input\":{\"@type\":\"PropertyValueSpecification\",\"valueRequired\":true,\"valueName\":\"search_term_string\"}}],\"inLanguage\":\"de\"},{\"@type\":\"Organization\",\"@id\":\"https:\\\/\\\/murerpoint.dk\\\/de\\\/#organization\",\"name\":\"Murerpoint ApS\",\"url\":\"https:\\\/\\\/murerpoint.dk\\\/de\\\/\",\"logo\":{\"@type\":\"ImageObject\",\"inLanguage\":\"de\",\"@id\":\"https:\\\/\\\/murerpoint.dk\\\/de\\\/#\\\/schema\\\/logo\\\/image\\\/\",\"url\":\"https:\\\/\\\/murerpoint.dk\\\/wp-content\\\/uploads\\\/2023\\\/12\\\/cropped-Sort-Midt-Roed-Mursten.png\",\"contentUrl\":\"https:\\\/\\\/murerpoint.dk\\\/wp-content\\\/uploads\\\/2023\\\/12\\\/cropped-Sort-Midt-Roed-Mursten.png\",\"width\":512,\"height\":512,\"caption\":\"Murerpoint ApS\"},\"image\":{\"@id\":\"https:\\\/\\\/murerpoint.dk\\\/de\\\/#\\\/schema\\\/logo\\\/image\\\/\"},\"sameAs\":[\"https:\\\/\\\/m.facebook.com\\\/profile.php?id=61555157262134\",\"https:\\\/\\\/www.instagram.com\\\/murerpoint?igsh=azluMWV6cTnc2ts&utm_source=qr\",\"https:\\\/\\\/www.tiktok.com\\\/@murerpoint?is_from_webapp=1&sender_device=pc\"]}]}<\/script>\n<meta property=\"product:price:amount\" content=\"93.68\" \/>\n<meta property=\"product:price:currency\" content=\"EUR\" \/>\n<meta property=\"og:availability\" content=\"instock\" \/>\n<meta property=\"product:availability\" content=\"instock\" \/>\n<meta property=\"product:retailer_item_id\" content=\"mp00068\" \/>\n<meta property=\"product:condition\" content=\"new\" \/>\n<!-- \/ Yoast SEO plugin. -->","yoast_head_json":{"title":"Kombi Diamantschneidscheibe f\u00fcr Asphalt und Beton \u00d8350 mm - Murerpoint ApS","description":"Mit Laser- und Turbosegmenten sowie drei Diamantsegmenttypen bietet diese Klinge einen effizienten Schnitt mit hoher Geschwindigkeit und langer Lebensdauer","robots":{"index":"index","follow":"follow","max-snippet":"max-snippet:-1","max-image-preview":"max-image-preview:large","max-video-preview":"max-video-preview:-1"},"canonical":"https:\/\/murerpoint.dk\/de\/produkt\/kombi-diamantschneidscheibe-fuer-asphalt-und-beton-oe350-mm\/","og_locale":"de_DE","og_type":"article","og_title":"Kombi Diamantschneidscheibe f\u00fcr Asphalt und Beton \u00d8350 mm - Murerpoint ApS","og_description":"Mit Laser- und Turbosegmenten sowie drei Diamantsegmenttypen bietet diese Klinge einen effizienten Schnitt mit hoher Geschwindigkeit und langer Lebensdauer","og_url":"https:\/\/murerpoint.dk\/de\/produkt\/kombi-diamantschneidscheibe-fuer-asphalt-und-beton-oe350-mm\/","og_site_name":"Murerpoint ApS","article_publisher":"https:\/\/m.facebook.com\/profile.php?id=61555157262134","article_modified_time":"2024-05-14T07:23:52+00:00","og_image":[{"width":1920,"height":2560,"url":"https:\/\/murerpoint.dk\/wp-content\/uploads\/2024\/05\/Til-forsiden-redigeret-scaled.jpg","type":"image\/jpeg"}],"twitter_card":"summary_large_image","twitter_misc":{"Preis":"&euro;93.68 Pris ekskl. moms: &euro;74.94","Verf\u00fcgbarkeit":"Auf Lager"},"schema":{"@context":"https:\/\/schema.org","@graph":[{"@type":"WebPage","@id":"https:\/\/murerpoint.dk\/de\/produkt\/kombi-diamantschneidscheibe-fuer-asphalt-und-beton-oe350-mm\/","url":"https:\/\/murerpoint.dk\/de\/produkt\/kombi-diamantschneidscheibe-fuer-asphalt-und-beton-oe350-mm\/","name":"Kombi Diamantschneidscheibe f\u00fcr Asphalt und Beton \u00d8350 mm - Murerpoint ApS","isPartOf":{"@id":"https:\/\/murerpoint.dk\/de\/#website"},"primaryImageOfPage":{"@id":"https:\/\/murerpoint.dk\/de\/produkt\/kombi-diamantschneidscheibe-fuer-asphalt-und-beton-oe350-mm\/#primaryimage"},"image":{"@id":"https:\/\/murerpoint.dk\/de\/produkt\/kombi-diamantschneidscheibe-fuer-asphalt-und-beton-oe350-mm\/#primaryimage"},"thumbnailUrl":"https:\/\/murerpoint.dk\/wp-content\/uploads\/2024\/05\/Til-forsiden-redigeret-scaled.jpg","datePublished":"2024-05-13T07:01:52+00:00","dateModified":"2024-05-14T07:23:52+00:00","description":"Mit Laser- und Turbosegmenten sowie drei Diamantsegmenttypen bietet diese Klinge einen effizienten Schnitt mit hoher Geschwindigkeit und langer Lebensdauer","breadcrumb":{"@id":"https:\/\/murerpoint.dk\/de\/produkt\/kombi-diamantschneidscheibe-fuer-asphalt-und-beton-oe350-mm\/#breadcrumb"},"inLanguage":"de","potentialAction":[{"@type":"ReadAction","target":["https:\/\/murerpoint.dk\/de\/produkt\/kombi-diamantschneidscheibe-fuer-asphalt-und-beton-oe350-mm\/"]}]},{"@type":"ImageObject","inLanguage":"de","@id":"https:\/\/murerpoint.dk\/de\/produkt\/kombi-diamantschneidscheibe-fuer-asphalt-und-beton-oe350-mm\/#primaryimage","url":"https:\/\/murerpoint.dk\/wp-content\/uploads\/2024\/05\/Til-forsiden-redigeret-scaled.jpg","contentUrl":"https:\/\/murerpoint.dk\/wp-content\/uploads\/2024\/05\/Til-forsiden-redigeret-scaled.jpg","width":1920,"height":2560,"caption":"\u00d8350 concrete & asphalt \u00d8350x25,40x12mm"},{"@type":"BreadcrumbList","@id":"https:\/\/murerpoint.dk\/de\/produkt\/kombi-diamantschneidscheibe-fuer-asphalt-und-beton-oe350-mm\/#breadcrumb","itemListElement":[{"@type":"ListItem","position":1,"name":"Hjem","item":"https:\/\/murerpoint.dk\/de\/"},{"@type":"ListItem","position":2,"name":"SHOPPEN","item":"https:\/\/murerpoint.dk\/de\/shoppen\/"},{"@type":"ListItem","position":3,"name":"Kombi Diamantschneidscheibe f\u00fcr Asphalt und Beton \u00d8350 mm"}]},{"@type":"WebSite","@id":"https:\/\/murerpoint.dk\/de\/#website","url":"https:\/\/murerpoint.dk\/de\/","name":"Murerpoint","description":"kvalitets v\u00e6rkt\u00f8j","publisher":{"@id":"https:\/\/murerpoint.dk\/de\/#organization"},"potentialAction":[{"@type":"SearchAction","target":{"@type":"EntryPoint","urlTemplate":"https:\/\/murerpoint.dk\/de\/?s={search_term_string}"},"query-input":{"@type":"PropertyValueSpecification","valueRequired":true,"valueName":"search_term_string"}}],"inLanguage":"de"},{"@type":"Organization","@id":"https:\/\/murerpoint.dk\/de\/#organization","name":"Murerpoint ApS","url":"https:\/\/murerpoint.dk\/de\/","logo":{"@type":"ImageObject","inLanguage":"de","@id":"https:\/\/murerpoint.dk\/de\/#\/schema\/logo\/image\/","url":"https:\/\/murerpoint.dk\/wp-content\/uploads\/2023\/12\/cropped-Sort-Midt-Roed-Mursten.png","contentUrl":"https:\/\/murerpoint.dk\/wp-content\/uploads\/2023\/12\/cropped-Sort-Midt-Roed-Mursten.png","width":512,"height":512,"caption":"Murerpoint ApS"},"image":{"@id":"https:\/\/murerpoint.dk\/de\/#\/schema\/logo\/image\/"},"sameAs":["https:\/\/m.facebook.com\/profile.php?id=61555157262134","https:\/\/www.instagram.com\/murerpoint?igsh=azluMWV6cTnc2ts&utm_source=qr","https:\/\/www.tiktok.com\/@murerpoint?is_from_webapp=1&sender_device=pc"]}]},"product_price_amount":"93.68","product_price_currency":"EUR","og_availability":"instock","product_availability":"instock","product_retailer_item_id":"mp00068","product_condition":"new"},"_links":{"self":[{"href":"https:\/\/murerpoint.dk\/de\/wp-json\/wp\/v2\/product\/3703","targetHints":{"allow":["GET"]}}],"collection":[{"href":"https:\/\/murerpoint.dk\/de\/wp-json\/wp\/v2\/product"}],"about":[{"href":"https:\/\/murerpoint.dk\/de\/wp-json\/wp\/v2\/types\/product"}],"replies":[{"embeddable":true,"href":"https:\/\/murerpoint.dk\/de\/wp-json\/wp\/v2\/comments?post=3703"}],"wp:featuredmedia":[{"embeddable":true,"href":"https:\/\/murerpoint.dk\/de\/wp-json\/wp\/v2\/media\/3689"}],"wp:attachment":[{"href":"https:\/\/murerpoint.dk\/de\/wp-json\/wp\/v2\/media?parent=3703"}],"wp:term":[{"taxonomy":"product_brand","embeddable":true,"href":"https:\/\/murerpoint.dk\/de\/wp-json\/wp\/v2\/product_brand?post=3703"},{"taxonomy":"product_cat","embeddable":true,"href":"https:\/\/murerpoint.dk\/de\/wp-json\/wp\/v2\/product_cat?post=3703"},{"taxonomy":"product_tag","embeddable":true,"href":"https:\/\/murerpoint.dk\/de\/wp-json\/wp\/v2\/product_tag?post=3703"}],"curies":[{"name":"wp","href":"https:\/\/api.w.org\/{rel}","templated":true}]}}