{"id":3749,"date":"2024-05-13T09:31:30","date_gmt":"2024-05-13T09:31:30","guid":{"rendered":"https:\/\/murerpoint.dk\/product\/kombi-diamantskaereklinge-til-asfalt-og-beton-oe450\/"},"modified":"2024-05-14T11:10:57","modified_gmt":"2024-05-14T11:10:57","slug":"kombi-diamantschneidblatt-fuer-asphalt-und-beton-oe450","status":"publish","type":"product","link":"https:\/\/murerpoint.dk\/de\/produkt\/kombi-diamantschneidblatt-fuer-asphalt-und-beton-oe450\/","title":{"rendered":"Kombi Diamantschneidblatt f\u00fcr Asphalt und Beton \u00d8450"},"content":{"rendered":"<?xml encoding=\"utf-8\" ?><h5>Kombi Diamantschneidblatt f&uuml;r Asphalt und Beton &Oslash;450<\/h5><p>Optimieren Sie Ihre Schneidprojekte mit unserer Diamantschneidklinge f&uuml;r Asphalt und Beton mit Stahl in der Gr&ouml;&szlig;e &Oslash;450 mm. Diese Klinge kombiniert fortschrittliche Technologie mit Haltbarkeit und Pr&auml;zision, um effektives Schneiden auf verschiedenen Materialien und Untergr&uuml;nden zu gew&auml;hrleisten.<\/p><p>Mit Laser- und Turbosegmenten sowie drei Arten von Diamantsegmenten liefert diese Klinge einen gleichm&auml;&szlig;igen und effizienten Schnitt mit hoher Schnittgeschwindigkeit und langer Lebensdauer. Die integrierten K&uuml;hl- und Antivibrationsl&ouml;cher verl&auml;ngern die Lebensdauer der Klinge und schaffen eine angenehme Arbeitsumgebung.<\/p><h5>Spezifikationen:<\/h5><ul>\n<li>Durchmesser: &Oslash;350 mm, &Oslash;400 mm, &Oslash;450 mm, &Oslash;500 mm<\/li>\n<li>Segmenth&ouml;he: 12 mm<\/li>\n<li>Schnitttiefe: 25,4 mm<\/li>\n<li>Anwendung: Asphalt, Beton, armierter Beton, Betonsteine, Stein, Granit, Marmor<\/li>\n<li>Schnittgeschwindigkeit: Hoch<\/li>\n<li>Haltbarkeit: Lange Lebensdauer<\/li>\n<li>Segmenttypen: Lasersegmente, Turbosegmente, glatte Segmente<\/li>\n<li>Passend f&uuml;r: Die meisten g&auml;ngigen Boden- und Stra&szlig;ens&auml;gen<\/li>\n<li>Zentrierbohrung: 25,4 mm, zur Verwendung mit Stiftbohrungen<\/li>\n<\/ul>\n","protected":false},"excerpt":{"rendered":"<h5>Kombi Diamantschneidblatt f\u00fcr Asphalt und Beton \u00d8450<\/h5>\n<p>Mit Laser- und Turbosegmenten sowie drei Arten von Diamantsegmenten liefert diese Klinge einen gleichm\u00e4\u00dfigen und effizienten Schnitt mit hoher Schnittgeschwindigkeit und langer Lebensdauer. Die integrierten K\u00fchl- und Antivibrationsl\u00f6cher verl\u00e4ngern die Lebensdauer der Klinge und schaffen eine angenehme Arbeitsumgebung.<\/p>\n<h5>Spezifikationen:<\/h5>\n<ul>\n<li>Durchmesser: \u00d8350 mm, \u00d8400 mm, \u00d8450 mm, \u00d8500 mm<\/li>\n<li>Segmenth\u00f6he: 12 mm<\/li>\n<li>Schnitttiefe: 25,4 mm<\/li>\n<li>Anwendung: Asphalt, Beton, armierter Beton, Betonsteine, Stein, Granit, Marmor<\/li>\n<li>Schnittgeschwindigkeit: Hoch<\/li>\n<li>Haltbarkeit: Lange Lebensdauer<\/li>\n<li>Segmenttypen: Lasersegmente, Turbosegmente, glatte Segmente<\/li>\n<li>Passend f\u00fcr: Die meisten g\u00e4ngigen Boden- und Stra\u00dfens\u00e4gen<\/li>\n<li>Zentrierbohrung: 25,4 mm, zur Verwendung mit Stiftbohrungen<\/li>\n<\/ul>\n","protected":false},"featured_media":3735,"comment_status":"open","ping_status":"closed","template":"","meta":[],"product_brand":[],"product_cat":[1234],"product_tag":[2088,2089,2090,2091,2092,2093,2094,1235,2095,1951,1492,1236,1539,1493,1239,2096,2167,2097,2099,2100,2101,2102,2103,2104,2105,2106,2107,2108,2109,2110,2111,2112,2113,2114,2115,2116,2117,2118,2119,2120,2121,2122,2123,2124,2125],"class_list":{"0":"post-3749","1":"product","2":"type-product","3":"status-publish","4":"has-post-thumbnail","6":"product_cat-diamant-klinger-de","7":"product_tag-asfalt-de","8":"product_tag-asfaltenbeton-de","9":"product_tag-asfaltochbetong-de","10":"product_tag-asfaltogbeton-de","11":"product_tag-asphalt-de","12":"product_tag-asphaltandconcrete-de","13":"product_tag-asphaltundbeton-de","14":"product_tag-beton-de","15":"product_tag-betong-de","16":"product_tag-concrete-de","17":"product_tag-diamantklinga-de","18":"product_tag-diamantklinge-de","19":"product_tag-diamantsaegeblatt-de","20":"product_tag-diamantzaagblad-de","21":"product_tag-diamondblade-de","22":"product_tag-graniet-de","23":"product_tag-granit-de","24":"product_tag-granite-de","25":"product_tag-laserblad-de","26":"product_tag-laserblade-de","27":"product_tag-laserblatt-de","28":"product_tag-laserdiamantklinga-de","29":"product_tag-laserdiamantklinge-de","30":"product_tag-laserdiamantsaegeblatt-de","31":"product_tag-laserdiamantzaagblad-de","32":"product_tag-laserdiamondblade-de","33":"product_tag-laserklinga-de","34":"product_tag-laserklinge-de","35":"product_tag-multicutting-de","36":"product_tag-multischneiden-de","37":"product_tag-multiskaering-de","38":"product_tag-multiskaerning-de","39":"product_tag-multisnijden-de","40":"product_tag-stahl-de","41":"product_tag-staal-de","42":"product_tag-steel-de","43":"product_tag-steen-de","44":"product_tag-stein-de","45":"product_tag-sten-de","46":"product_tag-stone-de","47":"product_tag-turboblad-de","48":"product_tag-turboblade-de","49":"product_tag-turboblatt-de","50":"product_tag-turboklinga-de","51":"product_tag-turboklinge-de","53":"first","54":"instock","55":"taxable","56":"shipping-taxable","57":"purchasable","58":"product-type-simple"},"yoast_head":"<!-- This site is optimized with the Yoast SEO plugin v27.4 - https:\/\/yoast.com\/product\/yoast-seo-wordpress\/ -->\n<title>Kombi Diamantschneidblatt f\u00fcr Asphalt und Beton \u00d8450 - Murerpoint ApS<\/title>\n<meta name=\"description\" content=\"Laser- und Turbosegmenten sowie drei Arten von Diamantsegmenten bietet dieses Blatt einen gleichm\u00e4\u00dfigen Schnitt mit hoher Schnittgeschwindigkeit.\" \/>\n<meta name=\"robots\" content=\"index, follow, max-snippet:-1, max-image-preview:large, max-video-preview:-1\" \/>\n<link rel=\"canonical\" href=\"https:\/\/murerpoint.dk\/de\/produkt\/kombi-diamantschneidblatt-fuer-asphalt-und-beton-oe450\/\" \/>\n<meta property=\"og:locale\" content=\"de_DE\" \/>\n<meta property=\"og:type\" content=\"article\" \/>\n<meta property=\"og:title\" content=\"Kombi Diamantschneidblatt f\u00fcr Asphalt und Beton \u00d8450 - Murerpoint ApS\" \/>\n<meta property=\"og:description\" content=\"Laser- und Turbosegmenten sowie drei Arten von Diamantsegmenten bietet dieses Blatt einen gleichm\u00e4\u00dfigen Schnitt mit hoher Schnittgeschwindigkeit.\" \/>\n<meta property=\"og:url\" content=\"https:\/\/murerpoint.dk\/de\/produkt\/kombi-diamantschneidblatt-fuer-asphalt-und-beton-oe450\/\" \/>\n<meta property=\"og:site_name\" content=\"Murerpoint ApS\" \/>\n<meta property=\"article:publisher\" content=\"https:\/\/m.facebook.com\/profile.php?id=61555157262134\" \/>\n<meta property=\"article:modified_time\" content=\"2024-05-14T11:10:57+00:00\" \/>\n<meta property=\"og:image\" content=\"https:\/\/murerpoint.dk\/wp-content\/uploads\/2024\/05\/Laser-turbe-damant-kombiklinge-front-719x1024.png\" \/>\n\t<meta property=\"og:image:width\" content=\"719\" \/>\n\t<meta property=\"og:image:height\" content=\"1024\" \/>\n\t<meta property=\"og:image:type\" content=\"image\/png\" \/>\n<meta name=\"twitter:card\" content=\"summary_large_image\" \/>\n<meta name=\"twitter:label1\" content=\"Preis\" \/>\n\t<meta name=\"twitter:data1\" content=\"&euro;147.20 Pris ekskl. moms: &euro;117.76\" \/>\n\t<meta name=\"twitter:label2\" content=\"Verf\u00fcgbarkeit\" \/>\n\t<meta name=\"twitter:data2\" content=\"Auf Lager\" \/>\n<script type=\"application\/ld+json\" class=\"yoast-schema-graph\">{\"@context\":\"https:\\\/\\\/schema.org\",\"@graph\":[{\"@type\":\"WebPage\",\"@id\":\"https:\\\/\\\/murerpoint.dk\\\/de\\\/produkt\\\/kombi-diamantschneidblatt-fuer-asphalt-und-beton-oe450\\\/\",\"url\":\"https:\\\/\\\/murerpoint.dk\\\/de\\\/produkt\\\/kombi-diamantschneidblatt-fuer-asphalt-und-beton-oe450\\\/\",\"name\":\"Kombi Diamantschneidblatt f\u00fcr Asphalt und Beton \u00d8450 - Murerpoint ApS\",\"isPartOf\":{\"@id\":\"https:\\\/\\\/murerpoint.dk\\\/de\\\/#website\"},\"primaryImageOfPage\":{\"@id\":\"https:\\\/\\\/murerpoint.dk\\\/de\\\/produkt\\\/kombi-diamantschneidblatt-fuer-asphalt-und-beton-oe450\\\/#primaryimage\"},\"image\":{\"@id\":\"https:\\\/\\\/murerpoint.dk\\\/de\\\/produkt\\\/kombi-diamantschneidblatt-fuer-asphalt-und-beton-oe450\\\/#primaryimage\"},\"thumbnailUrl\":\"https:\\\/\\\/murerpoint.dk\\\/wp-content\\\/uploads\\\/2024\\\/05\\\/Laser-turbe-damant-kombiklinge-front.png\",\"datePublished\":\"2024-05-13T09:31:30+00:00\",\"dateModified\":\"2024-05-14T11:10:57+00:00\",\"description\":\"Laser- und Turbosegmenten sowie drei Arten von Diamantsegmenten bietet dieses Blatt einen gleichm\u00e4\u00dfigen Schnitt mit hoher Schnittgeschwindigkeit.\",\"breadcrumb\":{\"@id\":\"https:\\\/\\\/murerpoint.dk\\\/de\\\/produkt\\\/kombi-diamantschneidblatt-fuer-asphalt-und-beton-oe450\\\/#breadcrumb\"},\"inLanguage\":\"de\",\"potentialAction\":[{\"@type\":\"ReadAction\",\"target\":[\"https:\\\/\\\/murerpoint.dk\\\/de\\\/produkt\\\/kombi-diamantschneidblatt-fuer-asphalt-und-beton-oe450\\\/\"]}]},{\"@type\":\"ImageObject\",\"inLanguage\":\"de\",\"@id\":\"https:\\\/\\\/murerpoint.dk\\\/de\\\/produkt\\\/kombi-diamantschneidblatt-fuer-asphalt-und-beton-oe450\\\/#primaryimage\",\"url\":\"https:\\\/\\\/murerpoint.dk\\\/wp-content\\\/uploads\\\/2024\\\/05\\\/Laser-turbe-damant-kombiklinge-front.png\",\"contentUrl\":\"https:\\\/\\\/murerpoint.dk\\\/wp-content\\\/uploads\\\/2024\\\/05\\\/Laser-turbe-damant-kombiklinge-front.png\",\"width\":2552,\"height\":3637,\"caption\":\"Multicut concrete & Asphalt \u00d8450, \u00d8400x25,40,12mm laser kombi klinge\"},{\"@type\":\"BreadcrumbList\",\"@id\":\"https:\\\/\\\/murerpoint.dk\\\/de\\\/produkt\\\/kombi-diamantschneidblatt-fuer-asphalt-und-beton-oe450\\\/#breadcrumb\",\"itemListElement\":[{\"@type\":\"ListItem\",\"position\":1,\"name\":\"Hjem\",\"item\":\"https:\\\/\\\/murerpoint.dk\\\/de\\\/\"},{\"@type\":\"ListItem\",\"position\":2,\"name\":\"SHOPPEN\",\"item\":\"https:\\\/\\\/murerpoint.dk\\\/de\\\/shoppen\\\/\"},{\"@type\":\"ListItem\",\"position\":3,\"name\":\"Kombi Diamantschneidblatt f\u00fcr Asphalt und Beton \u00d8450\"}]},{\"@type\":\"WebSite\",\"@id\":\"https:\\\/\\\/murerpoint.dk\\\/de\\\/#website\",\"url\":\"https:\\\/\\\/murerpoint.dk\\\/de\\\/\",\"name\":\"Murerpoint\",\"description\":\"kvalitets v\u00e6rkt\u00f8j\",\"publisher\":{\"@id\":\"https:\\\/\\\/murerpoint.dk\\\/de\\\/#organization\"},\"potentialAction\":[{\"@type\":\"SearchAction\",\"target\":{\"@type\":\"EntryPoint\",\"urlTemplate\":\"https:\\\/\\\/murerpoint.dk\\\/de\\\/?s={search_term_string}\"},\"query-input\":{\"@type\":\"PropertyValueSpecification\",\"valueRequired\":true,\"valueName\":\"search_term_string\"}}],\"inLanguage\":\"de\"},{\"@type\":\"Organization\",\"@id\":\"https:\\\/\\\/murerpoint.dk\\\/de\\\/#organization\",\"name\":\"Murerpoint ApS\",\"url\":\"https:\\\/\\\/murerpoint.dk\\\/de\\\/\",\"logo\":{\"@type\":\"ImageObject\",\"inLanguage\":\"de\",\"@id\":\"https:\\\/\\\/murerpoint.dk\\\/de\\\/#\\\/schema\\\/logo\\\/image\\\/\",\"url\":\"https:\\\/\\\/murerpoint.dk\\\/wp-content\\\/uploads\\\/2023\\\/12\\\/cropped-Sort-Midt-Roed-Mursten.png\",\"contentUrl\":\"https:\\\/\\\/murerpoint.dk\\\/wp-content\\\/uploads\\\/2023\\\/12\\\/cropped-Sort-Midt-Roed-Mursten.png\",\"width\":512,\"height\":512,\"caption\":\"Murerpoint ApS\"},\"image\":{\"@id\":\"https:\\\/\\\/murerpoint.dk\\\/de\\\/#\\\/schema\\\/logo\\\/image\\\/\"},\"sameAs\":[\"https:\\\/\\\/m.facebook.com\\\/profile.php?id=61555157262134\",\"https:\\\/\\\/www.instagram.com\\\/murerpoint?igsh=azluMWV6cTnc2ts&utm_source=qr\",\"https:\\\/\\\/www.tiktok.com\\\/@murerpoint?is_from_webapp=1&sender_device=pc\"]}]}<\/script>\n<meta property=\"product:price:amount\" content=\"147.20\" \/>\n<meta property=\"product:price:currency\" content=\"EUR\" \/>\n<meta property=\"og:availability\" content=\"instock\" \/>\n<meta property=\"product:availability\" content=\"instock\" \/>\n<meta property=\"product:retailer_item_id\" content=\"mp00066\" \/>\n<meta property=\"product:condition\" content=\"new\" \/>\n<!-- \/ Yoast SEO plugin. -->","yoast_head_json":{"title":"Kombi Diamantschneidblatt f\u00fcr Asphalt und Beton \u00d8450 - Murerpoint ApS","description":"Laser- und Turbosegmenten sowie drei Arten von Diamantsegmenten bietet dieses Blatt einen gleichm\u00e4\u00dfigen Schnitt mit hoher Schnittgeschwindigkeit.","robots":{"index":"index","follow":"follow","max-snippet":"max-snippet:-1","max-image-preview":"max-image-preview:large","max-video-preview":"max-video-preview:-1"},"canonical":"https:\/\/murerpoint.dk\/de\/produkt\/kombi-diamantschneidblatt-fuer-asphalt-und-beton-oe450\/","og_locale":"de_DE","og_type":"article","og_title":"Kombi Diamantschneidblatt f\u00fcr Asphalt und Beton \u00d8450 - Murerpoint ApS","og_description":"Laser- und Turbosegmenten sowie drei Arten von Diamantsegmenten bietet dieses Blatt einen gleichm\u00e4\u00dfigen Schnitt mit hoher Schnittgeschwindigkeit.","og_url":"https:\/\/murerpoint.dk\/de\/produkt\/kombi-diamantschneidblatt-fuer-asphalt-und-beton-oe450\/","og_site_name":"Murerpoint ApS","article_publisher":"https:\/\/m.facebook.com\/profile.php?id=61555157262134","article_modified_time":"2024-05-14T11:10:57+00:00","og_image":[{"width":719,"height":1024,"url":"https:\/\/murerpoint.dk\/wp-content\/uploads\/2024\/05\/Laser-turbe-damant-kombiklinge-front-719x1024.png","type":"image\/png"}],"twitter_card":"summary_large_image","twitter_misc":{"Preis":"&euro;147.20 Pris ekskl. moms: &euro;117.76","Verf\u00fcgbarkeit":"Auf Lager"},"schema":{"@context":"https:\/\/schema.org","@graph":[{"@type":"WebPage","@id":"https:\/\/murerpoint.dk\/de\/produkt\/kombi-diamantschneidblatt-fuer-asphalt-und-beton-oe450\/","url":"https:\/\/murerpoint.dk\/de\/produkt\/kombi-diamantschneidblatt-fuer-asphalt-und-beton-oe450\/","name":"Kombi Diamantschneidblatt f\u00fcr Asphalt und Beton \u00d8450 - Murerpoint ApS","isPartOf":{"@id":"https:\/\/murerpoint.dk\/de\/#website"},"primaryImageOfPage":{"@id":"https:\/\/murerpoint.dk\/de\/produkt\/kombi-diamantschneidblatt-fuer-asphalt-und-beton-oe450\/#primaryimage"},"image":{"@id":"https:\/\/murerpoint.dk\/de\/produkt\/kombi-diamantschneidblatt-fuer-asphalt-und-beton-oe450\/#primaryimage"},"thumbnailUrl":"https:\/\/murerpoint.dk\/wp-content\/uploads\/2024\/05\/Laser-turbe-damant-kombiklinge-front.png","datePublished":"2024-05-13T09:31:30+00:00","dateModified":"2024-05-14T11:10:57+00:00","description":"Laser- und Turbosegmenten sowie drei Arten von Diamantsegmenten bietet dieses Blatt einen gleichm\u00e4\u00dfigen Schnitt mit hoher Schnittgeschwindigkeit.","breadcrumb":{"@id":"https:\/\/murerpoint.dk\/de\/produkt\/kombi-diamantschneidblatt-fuer-asphalt-und-beton-oe450\/#breadcrumb"},"inLanguage":"de","potentialAction":[{"@type":"ReadAction","target":["https:\/\/murerpoint.dk\/de\/produkt\/kombi-diamantschneidblatt-fuer-asphalt-und-beton-oe450\/"]}]},{"@type":"ImageObject","inLanguage":"de","@id":"https:\/\/murerpoint.dk\/de\/produkt\/kombi-diamantschneidblatt-fuer-asphalt-und-beton-oe450\/#primaryimage","url":"https:\/\/murerpoint.dk\/wp-content\/uploads\/2024\/05\/Laser-turbe-damant-kombiklinge-front.png","contentUrl":"https:\/\/murerpoint.dk\/wp-content\/uploads\/2024\/05\/Laser-turbe-damant-kombiklinge-front.png","width":2552,"height":3637,"caption":"Multicut concrete & Asphalt \u00d8450, \u00d8400x25,40,12mm laser kombi klinge"},{"@type":"BreadcrumbList","@id":"https:\/\/murerpoint.dk\/de\/produkt\/kombi-diamantschneidblatt-fuer-asphalt-und-beton-oe450\/#breadcrumb","itemListElement":[{"@type":"ListItem","position":1,"name":"Hjem","item":"https:\/\/murerpoint.dk\/de\/"},{"@type":"ListItem","position":2,"name":"SHOPPEN","item":"https:\/\/murerpoint.dk\/de\/shoppen\/"},{"@type":"ListItem","position":3,"name":"Kombi Diamantschneidblatt f\u00fcr Asphalt und Beton \u00d8450"}]},{"@type":"WebSite","@id":"https:\/\/murerpoint.dk\/de\/#website","url":"https:\/\/murerpoint.dk\/de\/","name":"Murerpoint","description":"kvalitets v\u00e6rkt\u00f8j","publisher":{"@id":"https:\/\/murerpoint.dk\/de\/#organization"},"potentialAction":[{"@type":"SearchAction","target":{"@type":"EntryPoint","urlTemplate":"https:\/\/murerpoint.dk\/de\/?s={search_term_string}"},"query-input":{"@type":"PropertyValueSpecification","valueRequired":true,"valueName":"search_term_string"}}],"inLanguage":"de"},{"@type":"Organization","@id":"https:\/\/murerpoint.dk\/de\/#organization","name":"Murerpoint ApS","url":"https:\/\/murerpoint.dk\/de\/","logo":{"@type":"ImageObject","inLanguage":"de","@id":"https:\/\/murerpoint.dk\/de\/#\/schema\/logo\/image\/","url":"https:\/\/murerpoint.dk\/wp-content\/uploads\/2023\/12\/cropped-Sort-Midt-Roed-Mursten.png","contentUrl":"https:\/\/murerpoint.dk\/wp-content\/uploads\/2023\/12\/cropped-Sort-Midt-Roed-Mursten.png","width":512,"height":512,"caption":"Murerpoint ApS"},"image":{"@id":"https:\/\/murerpoint.dk\/de\/#\/schema\/logo\/image\/"},"sameAs":["https:\/\/m.facebook.com\/profile.php?id=61555157262134","https:\/\/www.instagram.com\/murerpoint?igsh=azluMWV6cTnc2ts&utm_source=qr","https:\/\/www.tiktok.com\/@murerpoint?is_from_webapp=1&sender_device=pc"]}]},"product_price_amount":"147.20","product_price_currency":"EUR","og_availability":"instock","product_availability":"instock","product_retailer_item_id":"mp00066","product_condition":"new"},"_links":{"self":[{"href":"https:\/\/murerpoint.dk\/de\/wp-json\/wp\/v2\/product\/3749","targetHints":{"allow":["GET"]}}],"collection":[{"href":"https:\/\/murerpoint.dk\/de\/wp-json\/wp\/v2\/product"}],"about":[{"href":"https:\/\/murerpoint.dk\/de\/wp-json\/wp\/v2\/types\/product"}],"replies":[{"embeddable":true,"href":"https:\/\/murerpoint.dk\/de\/wp-json\/wp\/v2\/comments?post=3749"}],"wp:featuredmedia":[{"embeddable":true,"href":"https:\/\/murerpoint.dk\/de\/wp-json\/wp\/v2\/media\/3735"}],"wp:attachment":[{"href":"https:\/\/murerpoint.dk\/de\/wp-json\/wp\/v2\/media?parent=3749"}],"wp:term":[{"taxonomy":"product_brand","embeddable":true,"href":"https:\/\/murerpoint.dk\/de\/wp-json\/wp\/v2\/product_brand?post=3749"},{"taxonomy":"product_cat","embeddable":true,"href":"https:\/\/murerpoint.dk\/de\/wp-json\/wp\/v2\/product_cat?post=3749"},{"taxonomy":"product_tag","embeddable":true,"href":"https:\/\/murerpoint.dk\/de\/wp-json\/wp\/v2\/product_tag?post=3749"}],"curies":[{"name":"wp","href":"https:\/\/api.w.org\/{rel}","templated":true}]}}