{"id":3849,"date":"2024-05-17T12:40:31","date_gmt":"2024-05-17T12:40:31","guid":{"rendered":"https:\/\/murerpoint.dk\/?post_type=product&#038;p=3849"},"modified":"2024-05-17T12:47:32","modified_gmt":"2024-05-17T12:47:32","slug":"fugenfraeser-z3-8x35mm-fuer-winkelschleifer","status":"publish","type":"product","link":"https:\/\/murerpoint.dk\/de\/produkt\/fugenfraeser-z3-8x35mm-fuer-winkelschleifer\/","title":{"rendered":"Fugenfr\u00e4ser (Z3) \u2013 8x35mm f\u00fcr Winkelschleifer"},"content":{"rendered":"<?xml encoding=\"utf-8\" ?><h2>Fugenfr&auml;ser (Z3) &ndash; 8x35mm f&uuml;r Winkelschleifer<\/h2><p><strong>Carbid 3&nbsp; &ndash; Pr&auml;zision in Maurerarbeit<\/strong><\/p><p>Erzielen Sie herausragende Pr&auml;zision und Effizienz mit unserem Fugenfr&auml;ser (Z3). Dieses speziell entwickelte Werkzeug ist mit drei scharfen Hartmetallklingen (Z3) ausgestattet, die eine optimale Leistung beim Fr&auml;sen von Kalkm&ouml;rtelfugen und hydraulischen Fugen gew&auml;hrleisten.<\/p><p><strong>H&ouml;hepunkte:<\/strong><\/p><ol>\n<li>Pr&auml;zises Fr&auml;sen: Mit einem Durchmesser von 10 mm und einer L&auml;nge von 35 mm ist diese Fugenfr&auml;serunit f&uuml;r Pr&auml;zisionsarbeiten konzipiert und liefert genaue Ergebnisse.<\/li>\n<li>Hochwertige Hartmetallklingen: Die drei Hartmetallklingen gew&auml;hrleisten Haltbarkeit und Sch&auml;rfe und machen das Werkzeug ideal f&uuml;r professionelle Maureraufgaben.<\/li>\n<li>Optimiert f&uuml;r verschiedene Fugentypen: Geeignet f&uuml;r Kalkm&ouml;rtelfugen mit minimalem oder keinem Zementgehalt sowie hydraulische M&ouml;rtelfugen, was es vielseitig f&uuml;r verschiedene Projekte macht.<\/li>\n<li>Effizientes Fr&auml;sen: Das Werkzeug ist darauf ausgelegt, verschiedene Arten von M&ouml;rtel zu handhaben, was es ideal f&uuml;r Renovierungs- und Neubauprojekte macht.<\/li>\n<li>Einfache Installation: Das M14-Gewinde erleichtert die Montage dieser Fugenfr&auml;seinheit direkt auf Ihrer Winkelschleifer, spart Zeit und erh&ouml;ht die Produktivit&auml;t.<\/li>\n<\/ol><p>Schaffen Sie Ziegelwerkkunst mit Pr&auml;zision und Zuverl&auml;ssigkeit, indem Sie diese Fugefr&auml;ser mit 3 Schneidern f&uuml;r Winkelschleifer 10x35MM w&auml;hlen.<\/p><p>Ein professionelles Werkzeug f&uuml;r professionelle Maureraufgaben.<\/p>\n","protected":false},"excerpt":{"rendered":"<h3>Fugenfr\u00e4ser (Z3) \u2013 8x35mm f\u00fcr Winkelschleifer<\/h3>\n<p>Fugenfr\u00e4ser Z3 Verwendet f\u00fcr Kalkm\u00f6rtelfugen mit geringem oder keinem Zementgehalt oder in hydraulischen M\u00f6rtelfugen.<\/p>\n<p><strong>Erh\u00e4ltlich in Durchmesser:<\/strong><\/p>\n<ul>\n<li>8 and 10 mm<\/li>\n<\/ul>\n<p><strong>Anzahl der Hartmetall-Schneiden und L\u00e4nge:<\/strong><\/p>\n<ul>\n<li>3 Schneiden (Z3)<\/li>\n<li>L\u00e4nge der Hartmetallschneiden 35 mm<\/li>\n<li>M14-Gewinde zum direkten Aufschrauben auf die Winkelschleifer<\/li>\n<\/ul>\n<h5>Beim Kauf von 50 St\u00fcck und mehr erhalten Sie Mengenrabatt. Rufen Sie uns bitte an, wenn Sie weitere Informationen ben\u00f6tigen.<\/h5>\n","protected":false},"featured_media":571,"comment_status":"open","ping_status":"closed","template":"","meta":[],"product_brand":[],"product_cat":[624,635],"product_tag":[819,1951,842,1274,566,1032,575,1033,853,1034,756,1035,2861,1036,1313,1314],"class_list":{"0":"post-3849","1":"product","2":"type-product","3":"status-publish","4":"has-post-thumbnail","6":"product_cat-voegfrezen","7":"product_cat-fugenschneidereinheiten-fraeserstifte-de","8":"product_tag-carbidegroutsnijder-de","9":"product_tag-concrete-de","10":"product_tag-fogfras-de","11":"product_tag-fraesestift-de","12":"product_tag-fugefraeser-de","13":"product_tag-fugefraeser3skaer-de","14":"product_tag-fugefraesersaal-de-2","15":"product_tag-fugefraeserstift-de","16":"product_tag-fugefraeserunit-de","17":"product_tag-fugenfraesen-de","18":"product_tag-fugenfraeser","19":"product_tag-haardmetal-de","20":"product_tag-mortar-de","21":"product_tag-tungsten-de","22":"product_tag-voegen-de","23":"product_tag-voegenfrees-de","25":"first","26":"instock","27":"taxable","28":"shipping-taxable","29":"purchasable","30":"product-type-simple"},"yoast_head":"<!-- This site is optimized with the Yoast SEO plugin v27.6 - https:\/\/yoast.com\/product\/yoast-seo-wordpress\/ -->\n<title>Fugenfr\u00e4ser (Z3) \u2013 8x35mm f\u00fcr Winkelschleifer - Murerpoint ApS<\/title>\n<meta name=\"description\" content=\"Fugenfr\u00e4ser Z3 \u2013 f\u00fcr Winkelschleifer - Entwickelt zum Fr\u00e4sen von Kalkm\u00f6rtelfugen mit minimalem oder keinem Zementgehalt sowie in hydraulischen M\u00f6rtelfugen.\" \/>\n<meta name=\"robots\" content=\"index, follow, max-snippet:-1, max-image-preview:large, max-video-preview:-1\" \/>\n<link rel=\"canonical\" href=\"https:\/\/murerpoint.dk\/de\/produkt\/fugenfraeser-z3-8x35mm-fuer-winkelschleifer\/\" \/>\n<meta property=\"og:locale\" content=\"de_DE\" \/>\n<meta property=\"og:type\" content=\"article\" \/>\n<meta property=\"og:title\" content=\"Fugenfr\u00e4ser (Z3) \u2013 8x35mm f\u00fcr Winkelschleifer - Murerpoint ApS\" \/>\n<meta property=\"og:description\" content=\"Fugenfr\u00e4ser Z3 \u2013 f\u00fcr Winkelschleifer - Entwickelt zum Fr\u00e4sen von Kalkm\u00f6rtelfugen mit minimalem oder keinem Zementgehalt sowie in hydraulischen M\u00f6rtelfugen.\" \/>\n<meta property=\"og:url\" content=\"https:\/\/murerpoint.dk\/de\/produkt\/fugenfraeser-z3-8x35mm-fuer-winkelschleifer\/\" \/>\n<meta property=\"og:site_name\" content=\"Murerpoint ApS\" \/>\n<meta property=\"article:publisher\" content=\"https:\/\/m.facebook.com\/profile.php?id=61555157262134\" \/>\n<meta property=\"article:modified_time\" content=\"2024-05-17T12:47:32+00:00\" \/>\n<meta property=\"og:image\" content=\"https:\/\/murerpoint.dk\/wp-content\/uploads\/2024\/01\/10-x-35-mm-Z3-2-en-liggende.png\" \/>\n\t<meta property=\"og:image:width\" content=\"433\" \/>\n\t<meta property=\"og:image:height\" content=\"577\" \/>\n\t<meta property=\"og:image:type\" content=\"image\/png\" \/>\n<meta name=\"twitter:card\" content=\"summary_large_image\" \/>\n<meta name=\"twitter:label1\" content=\"Preis\" \/>\n\t<meta name=\"twitter:data1\" content=\"&euro;17.90 Pris ekskl. moms: &euro;14.32\" \/>\n\t<meta name=\"twitter:label2\" content=\"Verf\u00fcgbarkeit\" \/>\n\t<meta name=\"twitter:data2\" content=\"Auf Lager\" \/>\n<script type=\"application\/ld+json\" class=\"yoast-schema-graph\">{\"@context\":\"https:\\\/\\\/schema.org\",\"@graph\":[{\"@type\":\"WebPage\",\"@id\":\"https:\\\/\\\/murerpoint.dk\\\/de\\\/produkt\\\/fugenfraeser-z3-8x35mm-fuer-winkelschleifer\\\/\",\"url\":\"https:\\\/\\\/murerpoint.dk\\\/de\\\/produkt\\\/fugenfraeser-z3-8x35mm-fuer-winkelschleifer\\\/\",\"name\":\"Fugenfr\u00e4ser (Z3) \u2013 8x35mm f\u00fcr Winkelschleifer - Murerpoint ApS\",\"isPartOf\":{\"@id\":\"https:\\\/\\\/murerpoint.dk\\\/de\\\/#website\"},\"primaryImageOfPage\":{\"@id\":\"https:\\\/\\\/murerpoint.dk\\\/de\\\/produkt\\\/fugenfraeser-z3-8x35mm-fuer-winkelschleifer\\\/#primaryimage\"},\"image\":{\"@id\":\"https:\\\/\\\/murerpoint.dk\\\/de\\\/produkt\\\/fugenfraeser-z3-8x35mm-fuer-winkelschleifer\\\/#primaryimage\"},\"thumbnailUrl\":\"https:\\\/\\\/murerpoint.dk\\\/wp-content\\\/uploads\\\/2024\\\/01\\\/10-x-35-mm-Z3-2-en-liggende.png\",\"datePublished\":\"2024-05-17T12:40:31+00:00\",\"dateModified\":\"2024-05-17T12:47:32+00:00\",\"description\":\"Fugenfr\u00e4ser Z3 \u2013 f\u00fcr Winkelschleifer - Entwickelt zum Fr\u00e4sen von Kalkm\u00f6rtelfugen mit minimalem oder keinem Zementgehalt sowie in hydraulischen M\u00f6rtelfugen.\",\"breadcrumb\":{\"@id\":\"https:\\\/\\\/murerpoint.dk\\\/de\\\/produkt\\\/fugenfraeser-z3-8x35mm-fuer-winkelschleifer\\\/#breadcrumb\"},\"inLanguage\":\"de\",\"potentialAction\":[{\"@type\":\"ReadAction\",\"target\":[\"https:\\\/\\\/murerpoint.dk\\\/de\\\/produkt\\\/fugenfraeser-z3-8x35mm-fuer-winkelschleifer\\\/\"]}]},{\"@type\":\"ImageObject\",\"inLanguage\":\"de\",\"@id\":\"https:\\\/\\\/murerpoint.dk\\\/de\\\/produkt\\\/fugenfraeser-z3-8x35mm-fuer-winkelschleifer\\\/#primaryimage\",\"url\":\"https:\\\/\\\/murerpoint.dk\\\/wp-content\\\/uploads\\\/2024\\\/01\\\/10-x-35-mm-Z3-2-en-liggende.png\",\"contentUrl\":\"https:\\\/\\\/murerpoint.dk\\\/wp-content\\\/uploads\\\/2024\\\/01\\\/10-x-35-mm-Z3-2-en-liggende.png\",\"width\":433,\"height\":577,\"caption\":\"Pr\u00e6cisionsfr\u00e6sning med MurerPoint 10x35 mm Fugefr\u00e6serunit\"},{\"@type\":\"BreadcrumbList\",\"@id\":\"https:\\\/\\\/murerpoint.dk\\\/de\\\/produkt\\\/fugenfraeser-z3-8x35mm-fuer-winkelschleifer\\\/#breadcrumb\",\"itemListElement\":[{\"@type\":\"ListItem\",\"position\":1,\"name\":\"Hjem\",\"item\":\"https:\\\/\\\/murerpoint.dk\\\/de\\\/\"},{\"@type\":\"ListItem\",\"position\":2,\"name\":\"SHOPPEN\",\"item\":\"https:\\\/\\\/murerpoint.dk\\\/de\\\/shoppen\\\/\"},{\"@type\":\"ListItem\",\"position\":3,\"name\":\"Fugenfr\u00e4ser (Z3) \u2013 8x35mm f\u00fcr Winkelschleifer\"}]},{\"@type\":\"WebSite\",\"@id\":\"https:\\\/\\\/murerpoint.dk\\\/de\\\/#website\",\"url\":\"https:\\\/\\\/murerpoint.dk\\\/de\\\/\",\"name\":\"Murerpoint\",\"description\":\"kvalitets v\u00e6rkt\u00f8j\",\"publisher\":{\"@id\":\"https:\\\/\\\/murerpoint.dk\\\/de\\\/#organization\"},\"potentialAction\":[{\"@type\":\"SearchAction\",\"target\":{\"@type\":\"EntryPoint\",\"urlTemplate\":\"https:\\\/\\\/murerpoint.dk\\\/de\\\/?s={search_term_string}\"},\"query-input\":{\"@type\":\"PropertyValueSpecification\",\"valueRequired\":true,\"valueName\":\"search_term_string\"}}],\"inLanguage\":\"de\"},{\"@type\":\"Organization\",\"@id\":\"https:\\\/\\\/murerpoint.dk\\\/de\\\/#organization\",\"name\":\"Murerpoint ApS\",\"url\":\"https:\\\/\\\/murerpoint.dk\\\/de\\\/\",\"logo\":{\"@type\":\"ImageObject\",\"inLanguage\":\"de\",\"@id\":\"https:\\\/\\\/murerpoint.dk\\\/de\\\/#\\\/schema\\\/logo\\\/image\\\/\",\"url\":\"https:\\\/\\\/murerpoint.dk\\\/wp-content\\\/uploads\\\/2023\\\/12\\\/cropped-Sort-Midt-Roed-Mursten.png\",\"contentUrl\":\"https:\\\/\\\/murerpoint.dk\\\/wp-content\\\/uploads\\\/2023\\\/12\\\/cropped-Sort-Midt-Roed-Mursten.png\",\"width\":512,\"height\":512,\"caption\":\"Murerpoint ApS\"},\"image\":{\"@id\":\"https:\\\/\\\/murerpoint.dk\\\/de\\\/#\\\/schema\\\/logo\\\/image\\\/\"},\"sameAs\":[\"https:\\\/\\\/m.facebook.com\\\/profile.php?id=61555157262134\",\"https:\\\/\\\/www.instagram.com\\\/murerpoint?igsh=azluMWV6cTnc2ts&utm_source=qr\",\"https:\\\/\\\/www.tiktok.com\\\/@murerpoint?is_from_webapp=1&sender_device=pc\"]}]}<\/script>\n<meta property=\"product:price:amount\" content=\"17.90\" \/>\n<meta property=\"product:price:currency\" content=\"EUR\" \/>\n<meta property=\"og:availability\" content=\"instock\" \/>\n<meta property=\"product:availability\" content=\"instock\" \/>\n<meta property=\"product:retailer_item_id\" content=\"mp0014-1\" \/>\n<meta property=\"product:condition\" content=\"new\" \/>\n<!-- \/ Yoast SEO plugin. -->","yoast_head_json":{"title":"Fugenfr\u00e4ser (Z3) \u2013 8x35mm f\u00fcr Winkelschleifer - Murerpoint ApS","description":"Fugenfr\u00e4ser Z3 \u2013 f\u00fcr Winkelschleifer - Entwickelt zum Fr\u00e4sen von Kalkm\u00f6rtelfugen mit minimalem oder keinem Zementgehalt sowie in hydraulischen M\u00f6rtelfugen.","robots":{"index":"index","follow":"follow","max-snippet":"max-snippet:-1","max-image-preview":"max-image-preview:large","max-video-preview":"max-video-preview:-1"},"canonical":"https:\/\/murerpoint.dk\/de\/produkt\/fugenfraeser-z3-8x35mm-fuer-winkelschleifer\/","og_locale":"de_DE","og_type":"article","og_title":"Fugenfr\u00e4ser (Z3) \u2013 8x35mm f\u00fcr Winkelschleifer - Murerpoint ApS","og_description":"Fugenfr\u00e4ser Z3 \u2013 f\u00fcr Winkelschleifer - Entwickelt zum Fr\u00e4sen von Kalkm\u00f6rtelfugen mit minimalem oder keinem Zementgehalt sowie in hydraulischen M\u00f6rtelfugen.","og_url":"https:\/\/murerpoint.dk\/de\/produkt\/fugenfraeser-z3-8x35mm-fuer-winkelschleifer\/","og_site_name":"Murerpoint ApS","article_publisher":"https:\/\/m.facebook.com\/profile.php?id=61555157262134","article_modified_time":"2024-05-17T12:47:32+00:00","og_image":[{"width":433,"height":577,"url":"https:\/\/murerpoint.dk\/wp-content\/uploads\/2024\/01\/10-x-35-mm-Z3-2-en-liggende.png","type":"image\/png"}],"twitter_card":"summary_large_image","twitter_misc":{"Preis":"&euro;17.90 Pris ekskl. moms: &euro;14.32","Verf\u00fcgbarkeit":"Auf Lager"},"schema":{"@context":"https:\/\/schema.org","@graph":[{"@type":"WebPage","@id":"https:\/\/murerpoint.dk\/de\/produkt\/fugenfraeser-z3-8x35mm-fuer-winkelschleifer\/","url":"https:\/\/murerpoint.dk\/de\/produkt\/fugenfraeser-z3-8x35mm-fuer-winkelschleifer\/","name":"Fugenfr\u00e4ser (Z3) \u2013 8x35mm f\u00fcr Winkelschleifer - Murerpoint ApS","isPartOf":{"@id":"https:\/\/murerpoint.dk\/de\/#website"},"primaryImageOfPage":{"@id":"https:\/\/murerpoint.dk\/de\/produkt\/fugenfraeser-z3-8x35mm-fuer-winkelschleifer\/#primaryimage"},"image":{"@id":"https:\/\/murerpoint.dk\/de\/produkt\/fugenfraeser-z3-8x35mm-fuer-winkelschleifer\/#primaryimage"},"thumbnailUrl":"https:\/\/murerpoint.dk\/wp-content\/uploads\/2024\/01\/10-x-35-mm-Z3-2-en-liggende.png","datePublished":"2024-05-17T12:40:31+00:00","dateModified":"2024-05-17T12:47:32+00:00","description":"Fugenfr\u00e4ser Z3 \u2013 f\u00fcr Winkelschleifer - Entwickelt zum Fr\u00e4sen von Kalkm\u00f6rtelfugen mit minimalem oder keinem Zementgehalt sowie in hydraulischen M\u00f6rtelfugen.","breadcrumb":{"@id":"https:\/\/murerpoint.dk\/de\/produkt\/fugenfraeser-z3-8x35mm-fuer-winkelschleifer\/#breadcrumb"},"inLanguage":"de","potentialAction":[{"@type":"ReadAction","target":["https:\/\/murerpoint.dk\/de\/produkt\/fugenfraeser-z3-8x35mm-fuer-winkelschleifer\/"]}]},{"@type":"ImageObject","inLanguage":"de","@id":"https:\/\/murerpoint.dk\/de\/produkt\/fugenfraeser-z3-8x35mm-fuer-winkelschleifer\/#primaryimage","url":"https:\/\/murerpoint.dk\/wp-content\/uploads\/2024\/01\/10-x-35-mm-Z3-2-en-liggende.png","contentUrl":"https:\/\/murerpoint.dk\/wp-content\/uploads\/2024\/01\/10-x-35-mm-Z3-2-en-liggende.png","width":433,"height":577,"caption":"Pr\u00e6cisionsfr\u00e6sning med MurerPoint 10x35 mm Fugefr\u00e6serunit"},{"@type":"BreadcrumbList","@id":"https:\/\/murerpoint.dk\/de\/produkt\/fugenfraeser-z3-8x35mm-fuer-winkelschleifer\/#breadcrumb","itemListElement":[{"@type":"ListItem","position":1,"name":"Hjem","item":"https:\/\/murerpoint.dk\/de\/"},{"@type":"ListItem","position":2,"name":"SHOPPEN","item":"https:\/\/murerpoint.dk\/de\/shoppen\/"},{"@type":"ListItem","position":3,"name":"Fugenfr\u00e4ser (Z3) \u2013 8x35mm f\u00fcr Winkelschleifer"}]},{"@type":"WebSite","@id":"https:\/\/murerpoint.dk\/de\/#website","url":"https:\/\/murerpoint.dk\/de\/","name":"Murerpoint","description":"kvalitets v\u00e6rkt\u00f8j","publisher":{"@id":"https:\/\/murerpoint.dk\/de\/#organization"},"potentialAction":[{"@type":"SearchAction","target":{"@type":"EntryPoint","urlTemplate":"https:\/\/murerpoint.dk\/de\/?s={search_term_string}"},"query-input":{"@type":"PropertyValueSpecification","valueRequired":true,"valueName":"search_term_string"}}],"inLanguage":"de"},{"@type":"Organization","@id":"https:\/\/murerpoint.dk\/de\/#organization","name":"Murerpoint ApS","url":"https:\/\/murerpoint.dk\/de\/","logo":{"@type":"ImageObject","inLanguage":"de","@id":"https:\/\/murerpoint.dk\/de\/#\/schema\/logo\/image\/","url":"https:\/\/murerpoint.dk\/wp-content\/uploads\/2023\/12\/cropped-Sort-Midt-Roed-Mursten.png","contentUrl":"https:\/\/murerpoint.dk\/wp-content\/uploads\/2023\/12\/cropped-Sort-Midt-Roed-Mursten.png","width":512,"height":512,"caption":"Murerpoint ApS"},"image":{"@id":"https:\/\/murerpoint.dk\/de\/#\/schema\/logo\/image\/"},"sameAs":["https:\/\/m.facebook.com\/profile.php?id=61555157262134","https:\/\/www.instagram.com\/murerpoint?igsh=azluMWV6cTnc2ts&utm_source=qr","https:\/\/www.tiktok.com\/@murerpoint?is_from_webapp=1&sender_device=pc"]}]},"product_price_amount":"17.90","product_price_currency":"EUR","og_availability":"instock","product_availability":"instock","product_retailer_item_id":"mp0014-1","product_condition":"new"},"_links":{"self":[{"href":"https:\/\/murerpoint.dk\/de\/wp-json\/wp\/v2\/product\/3849","targetHints":{"allow":["GET"]}}],"collection":[{"href":"https:\/\/murerpoint.dk\/de\/wp-json\/wp\/v2\/product"}],"about":[{"href":"https:\/\/murerpoint.dk\/de\/wp-json\/wp\/v2\/types\/product"}],"replies":[{"embeddable":true,"href":"https:\/\/murerpoint.dk\/de\/wp-json\/wp\/v2\/comments?post=3849"}],"wp:featuredmedia":[{"embeddable":true,"href":"https:\/\/murerpoint.dk\/de\/wp-json\/wp\/v2\/media\/571"}],"wp:attachment":[{"href":"https:\/\/murerpoint.dk\/de\/wp-json\/wp\/v2\/media?parent=3849"}],"wp:term":[{"taxonomy":"product_brand","embeddable":true,"href":"https:\/\/murerpoint.dk\/de\/wp-json\/wp\/v2\/product_brand?post=3849"},{"taxonomy":"product_cat","embeddable":true,"href":"https:\/\/murerpoint.dk\/de\/wp-json\/wp\/v2\/product_cat?post=3849"},{"taxonomy":"product_tag","embeddable":true,"href":"https:\/\/murerpoint.dk\/de\/wp-json\/wp\/v2\/product_tag?post=3849"}],"curies":[{"name":"wp","href":"https:\/\/api.w.org\/{rel}","templated":true}]}}