{"id":4915,"date":"2024-06-27T08:28:50","date_gmt":"2024-06-27T08:28:50","guid":{"rendered":"https:\/\/murerpoint.dk\/?post_type=product&#038;p=4915"},"modified":"2024-09-27T08:55:53","modified_gmt":"2024-09-27T08:55:53","slug":"lange-mauseisen-fuer-fugenfraesen-z3-3-varianten","status":"publish","type":"product","link":"https:\/\/murerpoint.dk\/de\/produkt\/lange-mauseisen-fuer-fugenfraesen-z3-3-varianten\/","title":{"rendered":"lange Mauseisen f\u00fcr Fugenfr\u00e4sen (Z3) \u2013 3 Varianten"},"content":{"rendered":"<?xml encoding=\"utf-8\" ?><div class=\"w-full text-token-text-primary\" data-testid=\"conversation-turn-187\">\n<div class=\"px-4 py-2 justify-center text-base md:gap-6 m-auto\">\n<div class=\"flex flex-1 text-base mx-auto gap-3 md:px-5 lg:px-1 xl:px-5 md:max-w-3xl lg:max-w-[40rem] xl:max-w-[48rem] group\">\n<div class=\"relative flex w-full flex-col lg:w-[calc(100%-115px)] agent-turn\">\n<div class=\"flex-col gap-1 md:gap-3\">\n<div class=\"flex flex-grow flex-col max-w-full\">\n<div class=\"min-h-[20px] text-message flex flex-col items-start gap-3 whitespace-pre-wrap break-words [.text-message+&amp;]:mt-5 overflow-x-auto\" data-message-author-role=\"assistant\" data-message-id=\"72a3e0b1-4b88-4b36-80fd-1ce132486876\">\n<div class=\"markdown prose w-full break-words dark:prose-invert light\">\n<p><strong>Extra lange Mauseisen f&uuml;r Fugenfr&auml;sen (Z3) &ndash; 3 Varianten<\/strong><\/p>\n<p>Unsere extra langen Mauseisen f&uuml;r Fugenfr&auml;sen (Z3) sind speziell entwickelt, um sowohl horizontale als auch vertikale Arbeiten pr&auml;zise und effizient durchzuf&uuml;hren.<\/p>\n<p>Sie werden direkt auf die Spindel des Winkelschleifers geschraubt und bieten maximale Kontrolle bei tiefen Fugenbearbeitungen.<\/p>\n<p>Verf&uuml;gbar in drei Durchmessern (8 mm, 10 mm und 12 mm), erm&ouml;glichen diese Mauseisen das Entfernen von Fugenmaterial in tiefer gelegenen Fugen.<\/p>\n<p>Ausgestattet mit 3 Hartmetallschneiden, garantieren sie eine lange Lebensdauer und konstant hohe Leistung, selbst bei anspruchsvollen Arbeiten.<\/p>\n<p>Ob bei Renovierungsprojekten, wo tiefere Fugen erforderlich sind, oder bei allt&auml;glichen Fugenfr&auml;sarbeiten &ndash; diese Mauseisen bieten die perfekte L&ouml;sung.<\/p>\n<p><strong>Technische Daten:<\/strong><\/p>\n<ul>\n<li>Durchmesser: 8 mm, 10 mm und 12 mm<\/li>\n<li>Arbeitsl&auml;nge: 60 mm<\/li>\n<li>3 Hartmetall-Schneiden<\/li>\n<li>Verwendbar bei tieferen Fugen in Mauerwerk<\/li>\n<li>Schraubbar auf Winkelschleifmaschinen-Spindel<\/li>\n<\/ul>\n<p>W&auml;hlen Sie unsere hochwertigen Mauseisen und profitieren Sie von einer pr&auml;zisen und langanhaltenden L&ouml;sung f&uuml;r Ihre Fugenarbeiten.<\/p>\n<\/div>\n<\/div>\n<\/div>\n<\/div>\n<\/div>\n<\/div>\n<\/div>\n<\/div>\n","protected":false},"excerpt":{"rendered":"<h5><strong>lange Mauseisen f\u00fcr Fugenfr\u00e4sen (Z3) \u2013 3 Varianten<\/strong><\/h5>\n<h2 class=\"wsite-content-title\"><span style=\"font-size: small;\"><u>Lang Mauseisen<\/u><br \/>\n<\/span><\/h2>\n<ul>\n<li><span style=\"font-size: small;\">Arbeitet sowohl horizontal als vertikal<\/span><\/li>\n<li class=\"wsite-content-title\"><span style=\"font-size: small;\">Wird direkt auf der Spindel des Winkelschleifmaschines\u00a0angeschraubt<br \/>\n<\/span><\/li>\n<li class=\"wsite-content-title\"><span style=\"font-size: small;\">Durchmesser: 8, 10 und 12 mm<br \/>\n<\/span><\/li>\n<li class=\"wsite-content-title\"><span style=\"font-size: small;\">Arbeitsl\u00e4nge: 115 mm, Schneidl\u00e4nge: 60 mm<br \/>\n<\/span><\/li>\n<li class=\"wsite-content-title\"><span style=\"font-size: small;\">3 Hartmetall-Schneiden<br \/>\n<\/span><\/li>\n<li class=\"wsite-content-title\"><span style=\"font-size: small;\">Verwendbar bei notwendigen tieferen Fugen und bei entfernen der Backstein<\/span><\/li>\n<\/ul>\n","protected":false},"featured_media":6965,"comment_status":"open","ping_status":"closed","template":"","meta":[],"product_brand":[],"product_cat":[624,635,639],"product_tag":[2633,8597,246,842,566,575,9367,10572,1034,756,1345,755,816,6084,776,1347,8204,1348,412,3544,1349,5775,1314,752,9580,10583],"class_list":{"0":"post-4915","1":"product","2":"type-product","3":"status-publish","4":"has-post-thumbnail","6":"product_cat-voegfrezen","7":"product_cat-fugenschneidereinheiten-fraeserstifte-de","8":"product_cat-ziegelentferner","9":"product_tag-bauwerkzeuge","10":"product_tag-bouwgereedschap-de","11":"product_tag-byggeri-de-2","12":"product_tag-fogfras-de","13":"product_tag-fugefraeser-de","14":"product_tag-fugefraesersaal-de-2","15":"product_tag-fugefraesning-de","16":"product_tag-fugenentfernung-de","17":"product_tag-fugenfraesen-de","18":"product_tag-fugenfraeser","19":"product_tag-fugenfraeserschneider-de","20":"product_tag-fuehrungssohle","21":"product_tag-m14spindel","22":"product_tag-mauerwerk-de","23":"product_tag-metselwerk-de","24":"product_tag-mortarrakedustextractrion-de","25":"product_tag-moertelfuger-de","26":"product_tag-motarrakesoleplate-de","27":"product_tag-murerpoint-de-2","28":"product_tag-renovering-de","29":"product_tag-soleplate-de","30":"product_tag-vinkelsliber-de","31":"product_tag-voegenfrees-de","32":"product_tag-voegenfrezen-de","33":"product_tag-voegfrezen-de","34":"product_tag-voegverwijdering-de","36":"first","37":"instock","38":"taxable","39":"shipping-taxable","40":"purchasable","41":"product-type-variable"},"yoast_head":"<!-- This site is optimized with the Yoast SEO plugin v27.6 - https:\/\/yoast.com\/product\/yoast-seo-wordpress\/ -->\n<title>lange Mauseisen f\u00fcr Fugenfr\u00e4sen (Z3) \u2013 3 Varianten - Murerpoint ApS<\/title>\n<meta name=\"description\" content=\"Extra lange Mauseisen f\u00fcr Fugenfr\u00e4sen (Z3) in 3 Varianten. Perfekt f\u00fcr tiefe Fugen im Mauerwerk, Durchmesser 8, 10 und 12 mm mit Hartmetallschneiden.\" \/>\n<meta name=\"robots\" content=\"index, follow, max-snippet:-1, max-image-preview:large, max-video-preview:-1\" \/>\n<link rel=\"canonical\" href=\"https:\/\/murerpoint.dk\/de\/produkt\/lange-mauseisen-fuer-fugenfraesen-z3-3-varianten\/\" \/>\n<meta property=\"og:locale\" content=\"de_DE\" \/>\n<meta property=\"og:type\" content=\"article\" \/>\n<meta property=\"og:title\" content=\"lange Mauseisen f\u00fcr Fugenfr\u00e4sen (Z3) \u2013 3 Varianten - Murerpoint ApS\" \/>\n<meta property=\"og:description\" content=\"Extra lange Mauseisen f\u00fcr Fugenfr\u00e4sen (Z3) in 3 Varianten. Perfekt f\u00fcr tiefe Fugen im Mauerwerk, Durchmesser 8, 10 und 12 mm mit Hartmetallschneiden.\" \/>\n<meta property=\"og:url\" content=\"https:\/\/murerpoint.dk\/de\/produkt\/lange-mauseisen-fuer-fugenfraesen-z3-3-varianten\/\" \/>\n<meta property=\"og:site_name\" content=\"Murerpoint ApS\" \/>\n<meta property=\"article:publisher\" content=\"https:\/\/m.facebook.com\/profile.php?id=61555157262134\" \/>\n<meta property=\"article:modified_time\" content=\"2024-09-27T08:55:53+00:00\" \/>\n<meta property=\"og:image\" content=\"https:\/\/murerpoint.dk\/wp-content\/uploads\/2024\/06\/Lang-musejern-forside.jpg\" \/>\n\t<meta property=\"og:image:width\" content=\"474\" \/>\n\t<meta property=\"og:image:height\" content=\"474\" \/>\n\t<meta property=\"og:image:type\" content=\"image\/jpeg\" \/>\n<meta name=\"twitter:card\" content=\"summary_large_image\" \/>\n<meta name=\"twitter:label1\" content=\"Verf\u00fcgbarkeit\" \/>\n\t<meta name=\"twitter:data1\" content=\"Auf Lager\" \/>\n<script type=\"application\/ld+json\" class=\"yoast-schema-graph\">{\"@context\":\"https:\\\/\\\/schema.org\",\"@graph\":[{\"@type\":\"WebPage\",\"@id\":\"https:\\\/\\\/murerpoint.dk\\\/de\\\/produkt\\\/lange-mauseisen-fuer-fugenfraesen-z3-3-varianten\\\/\",\"url\":\"https:\\\/\\\/murerpoint.dk\\\/de\\\/produkt\\\/lange-mauseisen-fuer-fugenfraesen-z3-3-varianten\\\/\",\"name\":\"lange Mauseisen f\u00fcr Fugenfr\u00e4sen (Z3) \u2013 3 Varianten - Murerpoint ApS\",\"isPartOf\":{\"@id\":\"https:\\\/\\\/murerpoint.dk\\\/de\\\/#website\"},\"primaryImageOfPage\":{\"@id\":\"https:\\\/\\\/murerpoint.dk\\\/de\\\/produkt\\\/lange-mauseisen-fuer-fugenfraesen-z3-3-varianten\\\/#primaryimage\"},\"image\":{\"@id\":\"https:\\\/\\\/murerpoint.dk\\\/de\\\/produkt\\\/lange-mauseisen-fuer-fugenfraesen-z3-3-varianten\\\/#primaryimage\"},\"thumbnailUrl\":\"https:\\\/\\\/murerpoint.dk\\\/wp-content\\\/uploads\\\/2024\\\/06\\\/Lang-musejern-forside.jpg\",\"datePublished\":\"2024-06-27T08:28:50+00:00\",\"dateModified\":\"2024-09-27T08:55:53+00:00\",\"description\":\"Extra lange Mauseisen f\u00fcr Fugenfr\u00e4sen (Z3) in 3 Varianten. Perfekt f\u00fcr tiefe Fugen im Mauerwerk, Durchmesser 8, 10 und 12 mm mit Hartmetallschneiden.\",\"breadcrumb\":{\"@id\":\"https:\\\/\\\/murerpoint.dk\\\/de\\\/produkt\\\/lange-mauseisen-fuer-fugenfraesen-z3-3-varianten\\\/#breadcrumb\"},\"inLanguage\":\"de\",\"potentialAction\":[{\"@type\":\"ReadAction\",\"target\":[\"https:\\\/\\\/murerpoint.dk\\\/de\\\/produkt\\\/lange-mauseisen-fuer-fugenfraesen-z3-3-varianten\\\/\"]}]},{\"@type\":\"ImageObject\",\"inLanguage\":\"de\",\"@id\":\"https:\\\/\\\/murerpoint.dk\\\/de\\\/produkt\\\/lange-mauseisen-fuer-fugenfraesen-z3-3-varianten\\\/#primaryimage\",\"url\":\"https:\\\/\\\/murerpoint.dk\\\/wp-content\\\/uploads\\\/2024\\\/06\\\/Lang-musejern-forside.jpg\",\"contentUrl\":\"https:\\\/\\\/murerpoint.dk\\\/wp-content\\\/uploads\\\/2024\\\/06\\\/Lang-musejern-forside.jpg\",\"width\":474,\"height\":474,\"caption\":\"Langt musejern P\u00e5monteres direkte p\u00e5 M14-spindel p\u00e5 vinkelsliberen Diameter: 8, 10 og 12 mm Arbejdsl\u00e6ngde: 115 mm - plattel\u00e6ngde 60 mm 3 h\u00e5rdmetal-sk\u00e6r Anvendes som musejern, men med \u00f8get l\u00e6ngde, da dette kan v\u00e6re en fordel til forskellige opgaver.\"},{\"@type\":\"BreadcrumbList\",\"@id\":\"https:\\\/\\\/murerpoint.dk\\\/de\\\/produkt\\\/lange-mauseisen-fuer-fugenfraesen-z3-3-varianten\\\/#breadcrumb\",\"itemListElement\":[{\"@type\":\"ListItem\",\"position\":1,\"name\":\"Hjem\",\"item\":\"https:\\\/\\\/murerpoint.dk\\\/de\\\/\"},{\"@type\":\"ListItem\",\"position\":2,\"name\":\"SHOPPEN\",\"item\":\"https:\\\/\\\/murerpoint.dk\\\/de\\\/shoppen\\\/\"},{\"@type\":\"ListItem\",\"position\":3,\"name\":\"lange Mauseisen f\u00fcr Fugenfr\u00e4sen (Z3) \u2013 3 Varianten\"}]},{\"@type\":\"WebSite\",\"@id\":\"https:\\\/\\\/murerpoint.dk\\\/de\\\/#website\",\"url\":\"https:\\\/\\\/murerpoint.dk\\\/de\\\/\",\"name\":\"Murerpoint\",\"description\":\"kvalitets v\u00e6rkt\u00f8j\",\"publisher\":{\"@id\":\"https:\\\/\\\/murerpoint.dk\\\/de\\\/#organization\"},\"potentialAction\":[{\"@type\":\"SearchAction\",\"target\":{\"@type\":\"EntryPoint\",\"urlTemplate\":\"https:\\\/\\\/murerpoint.dk\\\/de\\\/?s={search_term_string}\"},\"query-input\":{\"@type\":\"PropertyValueSpecification\",\"valueRequired\":true,\"valueName\":\"search_term_string\"}}],\"inLanguage\":\"de\"},{\"@type\":\"Organization\",\"@id\":\"https:\\\/\\\/murerpoint.dk\\\/de\\\/#organization\",\"name\":\"Murerpoint ApS\",\"url\":\"https:\\\/\\\/murerpoint.dk\\\/de\\\/\",\"logo\":{\"@type\":\"ImageObject\",\"inLanguage\":\"de\",\"@id\":\"https:\\\/\\\/murerpoint.dk\\\/de\\\/#\\\/schema\\\/logo\\\/image\\\/\",\"url\":\"https:\\\/\\\/murerpoint.dk\\\/wp-content\\\/uploads\\\/2023\\\/12\\\/cropped-Sort-Midt-Roed-Mursten.png\",\"contentUrl\":\"https:\\\/\\\/murerpoint.dk\\\/wp-content\\\/uploads\\\/2023\\\/12\\\/cropped-Sort-Midt-Roed-Mursten.png\",\"width\":512,\"height\":512,\"caption\":\"Murerpoint ApS\"},\"image\":{\"@id\":\"https:\\\/\\\/murerpoint.dk\\\/de\\\/#\\\/schema\\\/logo\\\/image\\\/\"},\"sameAs\":[\"https:\\\/\\\/m.facebook.com\\\/profile.php?id=61555157262134\",\"https:\\\/\\\/www.instagram.com\\\/murerpoint?igsh=azluMWV6cTnc2ts&utm_source=qr\",\"https:\\\/\\\/www.tiktok.com\\\/@murerpoint?is_from_webapp=1&sender_device=pc\"]}]}<\/script>\n<meta property=\"og:availability\" content=\"instock\" \/>\n<meta property=\"product:availability\" content=\"instock\" \/>\n<meta property=\"product:retailer_item_id\" content=\"mp0013-1\" \/>\n<meta property=\"product:condition\" content=\"new\" \/>\n<!-- \/ Yoast SEO plugin. -->","yoast_head_json":{"title":"lange Mauseisen f\u00fcr Fugenfr\u00e4sen (Z3) \u2013 3 Varianten - Murerpoint ApS","description":"Extra lange Mauseisen f\u00fcr Fugenfr\u00e4sen (Z3) in 3 Varianten. Perfekt f\u00fcr tiefe Fugen im Mauerwerk, Durchmesser 8, 10 und 12 mm mit Hartmetallschneiden.","robots":{"index":"index","follow":"follow","max-snippet":"max-snippet:-1","max-image-preview":"max-image-preview:large","max-video-preview":"max-video-preview:-1"},"canonical":"https:\/\/murerpoint.dk\/de\/produkt\/lange-mauseisen-fuer-fugenfraesen-z3-3-varianten\/","og_locale":"de_DE","og_type":"article","og_title":"lange Mauseisen f\u00fcr Fugenfr\u00e4sen (Z3) \u2013 3 Varianten - Murerpoint ApS","og_description":"Extra lange Mauseisen f\u00fcr Fugenfr\u00e4sen (Z3) in 3 Varianten. Perfekt f\u00fcr tiefe Fugen im Mauerwerk, Durchmesser 8, 10 und 12 mm mit Hartmetallschneiden.","og_url":"https:\/\/murerpoint.dk\/de\/produkt\/lange-mauseisen-fuer-fugenfraesen-z3-3-varianten\/","og_site_name":"Murerpoint ApS","article_publisher":"https:\/\/m.facebook.com\/profile.php?id=61555157262134","article_modified_time":"2024-09-27T08:55:53+00:00","og_image":[{"width":474,"height":474,"url":"https:\/\/murerpoint.dk\/wp-content\/uploads\/2024\/06\/Lang-musejern-forside.jpg","type":"image\/jpeg"}],"twitter_card":"summary_large_image","twitter_misc":{"Verf\u00fcgbarkeit":"Auf Lager"},"schema":{"@context":"https:\/\/schema.org","@graph":[{"@type":"WebPage","@id":"https:\/\/murerpoint.dk\/de\/produkt\/lange-mauseisen-fuer-fugenfraesen-z3-3-varianten\/","url":"https:\/\/murerpoint.dk\/de\/produkt\/lange-mauseisen-fuer-fugenfraesen-z3-3-varianten\/","name":"lange Mauseisen f\u00fcr Fugenfr\u00e4sen (Z3) \u2013 3 Varianten - Murerpoint ApS","isPartOf":{"@id":"https:\/\/murerpoint.dk\/de\/#website"},"primaryImageOfPage":{"@id":"https:\/\/murerpoint.dk\/de\/produkt\/lange-mauseisen-fuer-fugenfraesen-z3-3-varianten\/#primaryimage"},"image":{"@id":"https:\/\/murerpoint.dk\/de\/produkt\/lange-mauseisen-fuer-fugenfraesen-z3-3-varianten\/#primaryimage"},"thumbnailUrl":"https:\/\/murerpoint.dk\/wp-content\/uploads\/2024\/06\/Lang-musejern-forside.jpg","datePublished":"2024-06-27T08:28:50+00:00","dateModified":"2024-09-27T08:55:53+00:00","description":"Extra lange Mauseisen f\u00fcr Fugenfr\u00e4sen (Z3) in 3 Varianten. Perfekt f\u00fcr tiefe Fugen im Mauerwerk, Durchmesser 8, 10 und 12 mm mit Hartmetallschneiden.","breadcrumb":{"@id":"https:\/\/murerpoint.dk\/de\/produkt\/lange-mauseisen-fuer-fugenfraesen-z3-3-varianten\/#breadcrumb"},"inLanguage":"de","potentialAction":[{"@type":"ReadAction","target":["https:\/\/murerpoint.dk\/de\/produkt\/lange-mauseisen-fuer-fugenfraesen-z3-3-varianten\/"]}]},{"@type":"ImageObject","inLanguage":"de","@id":"https:\/\/murerpoint.dk\/de\/produkt\/lange-mauseisen-fuer-fugenfraesen-z3-3-varianten\/#primaryimage","url":"https:\/\/murerpoint.dk\/wp-content\/uploads\/2024\/06\/Lang-musejern-forside.jpg","contentUrl":"https:\/\/murerpoint.dk\/wp-content\/uploads\/2024\/06\/Lang-musejern-forside.jpg","width":474,"height":474,"caption":"Langt musejern P\u00e5monteres direkte p\u00e5 M14-spindel p\u00e5 vinkelsliberen Diameter: 8, 10 og 12 mm Arbejdsl\u00e6ngde: 115 mm - plattel\u00e6ngde 60 mm 3 h\u00e5rdmetal-sk\u00e6r Anvendes som musejern, men med \u00f8get l\u00e6ngde, da dette kan v\u00e6re en fordel til forskellige opgaver."},{"@type":"BreadcrumbList","@id":"https:\/\/murerpoint.dk\/de\/produkt\/lange-mauseisen-fuer-fugenfraesen-z3-3-varianten\/#breadcrumb","itemListElement":[{"@type":"ListItem","position":1,"name":"Hjem","item":"https:\/\/murerpoint.dk\/de\/"},{"@type":"ListItem","position":2,"name":"SHOPPEN","item":"https:\/\/murerpoint.dk\/de\/shoppen\/"},{"@type":"ListItem","position":3,"name":"lange Mauseisen f\u00fcr Fugenfr\u00e4sen (Z3) \u2013 3 Varianten"}]},{"@type":"WebSite","@id":"https:\/\/murerpoint.dk\/de\/#website","url":"https:\/\/murerpoint.dk\/de\/","name":"Murerpoint","description":"kvalitets v\u00e6rkt\u00f8j","publisher":{"@id":"https:\/\/murerpoint.dk\/de\/#organization"},"potentialAction":[{"@type":"SearchAction","target":{"@type":"EntryPoint","urlTemplate":"https:\/\/murerpoint.dk\/de\/?s={search_term_string}"},"query-input":{"@type":"PropertyValueSpecification","valueRequired":true,"valueName":"search_term_string"}}],"inLanguage":"de"},{"@type":"Organization","@id":"https:\/\/murerpoint.dk\/de\/#organization","name":"Murerpoint ApS","url":"https:\/\/murerpoint.dk\/de\/","logo":{"@type":"ImageObject","inLanguage":"de","@id":"https:\/\/murerpoint.dk\/de\/#\/schema\/logo\/image\/","url":"https:\/\/murerpoint.dk\/wp-content\/uploads\/2023\/12\/cropped-Sort-Midt-Roed-Mursten.png","contentUrl":"https:\/\/murerpoint.dk\/wp-content\/uploads\/2023\/12\/cropped-Sort-Midt-Roed-Mursten.png","width":512,"height":512,"caption":"Murerpoint ApS"},"image":{"@id":"https:\/\/murerpoint.dk\/de\/#\/schema\/logo\/image\/"},"sameAs":["https:\/\/m.facebook.com\/profile.php?id=61555157262134","https:\/\/www.instagram.com\/murerpoint?igsh=azluMWV6cTnc2ts&utm_source=qr","https:\/\/www.tiktok.com\/@murerpoint?is_from_webapp=1&sender_device=pc"]}]},"og_availability":"instock","product_availability":"instock","product_retailer_item_id":"mp0013-1","product_condition":"new"},"_links":{"self":[{"href":"https:\/\/murerpoint.dk\/de\/wp-json\/wp\/v2\/product\/4915","targetHints":{"allow":["GET"]}}],"collection":[{"href":"https:\/\/murerpoint.dk\/de\/wp-json\/wp\/v2\/product"}],"about":[{"href":"https:\/\/murerpoint.dk\/de\/wp-json\/wp\/v2\/types\/product"}],"replies":[{"embeddable":true,"href":"https:\/\/murerpoint.dk\/de\/wp-json\/wp\/v2\/comments?post=4915"}],"wp:featuredmedia":[{"embeddable":true,"href":"https:\/\/murerpoint.dk\/de\/wp-json\/wp\/v2\/media\/6965"}],"wp:attachment":[{"href":"https:\/\/murerpoint.dk\/de\/wp-json\/wp\/v2\/media?parent=4915"}],"wp:term":[{"taxonomy":"product_brand","embeddable":true,"href":"https:\/\/murerpoint.dk\/de\/wp-json\/wp\/v2\/product_brand?post=4915"},{"taxonomy":"product_cat","embeddable":true,"href":"https:\/\/murerpoint.dk\/de\/wp-json\/wp\/v2\/product_cat?post=4915"},{"taxonomy":"product_tag","embeddable":true,"href":"https:\/\/murerpoint.dk\/de\/wp-json\/wp\/v2\/product_tag?post=4915"}],"curies":[{"name":"wp","href":"https:\/\/api.w.org\/{rel}","templated":true}]}}