{"id":5256,"date":"2024-01-26T16:47:39","date_gmt":"2024-01-26T16:47:39","guid":{"rendered":"https:\/\/murerpoint.dk\/?post_type=product&#038;p=5256"},"modified":"2024-08-02T15:44:29","modified_gmt":"2024-08-02T15:44:29","slug":"fugestudshoved-med-gevind-og-firm-grip","status":"publish","type":"product","link":"https:\/\/murerpoint.dk\/de\/produkt\/fugestudshoved-med-gevind-og-firm-grip\/","title":{"rendered":"D\u00fcsenkopf mit Gewinde und festem Griff"},"content":{"rendered":"<?xml encoding=\"utf-8\" ?><h4>D&uuml;senkopf mit Gewinde und festem Griff<\/h4><p>Universal-D&uuml;senkopf mit Gewinde f&uuml;r D&uuml;senspitzen passt perfekt auf die Trykpoint M&ouml;rtelfugenpistole.<\/p><h4>Warum Gewinde und fester Griff?<\/h4><p>Beim Verfugen von M&ouml;rtel zwischen Ziegeln wirst du Unterschiede in der Breite der M&ouml;rtelfugen bei den verschiedenen Aufgaben feststellen. Manchmal wirst du feststellen, dass es Unterschiede in der Fugenbreite in derselben Ziegelwand gibt &ndash; oder Unterschiede in der Breite zwischen Lagerfuge und Sto&szlig;fuge. Du kannst auch auf die Aufgabe sto&szlig;en, in Ecken und anderen Bereichen schr&auml;g zu verfugen.<\/p><p>Deshalb gibt es verschiedene Breiten und Gr&ouml;&szlig;en von D&uuml;senspitzen f&uuml;r die M&ouml;rtelpistole. Das, was die D&uuml;senspitzen an der Druckluftm&ouml;rtelpistole befestigt, wird D&uuml;senkopf genannt. Der D&uuml;senkopf ist universell und passt auf TrykPoint, DanePoint und QuickPoint.<\/p><p>Der D&uuml;senkopf ist mit einem Gewinde und festem Griff ausgestattet. Das Gewinde am D&uuml;senkopf passt zum Gewinde der D&uuml;senspitzen, sodass sie je nach der vorliegenden Verfugungsaufgabe schnell und effektiv gewechselt werden k&ouml;nnen.<\/p><p>Der feste Griff sorgt f&uuml;r einen guten Halt am D&uuml;senkopf, auch wenn er fettig und glatt ist.<\/p><p>Trykpoint&rsquo;s eigene D&uuml;senspitzen aus rostfreiem Stahl &ndash; Unser D&uuml;senkopf hat ein Gewinde zur Montage der verschiedenen D&uuml;senspitzen. <a href=\"https:\/\/murerpoint.dk\/de\/produkt\/metall-duesenaufsaetze-fuer-fugenpistole-danepoint-quickpoint\/\">Metall-D&uuml;senaufs&auml;tze f&uuml;r Fugenpistole (DanePoint, Quickpoint)&nbsp;<\/a><\/p><ul>\n<li>Einfache Montage mit dem Gewinde &ndash; einfach die D&uuml;senspitze aufschrauben, und schon bist du bereit.<\/li>\n<li>Passt zu allen DanePoint, Quikpoint usw. D&uuml;senspitzen &ndash; sowohl aus Metall als auch aus Nylon.<\/li>\n<li>Montiere genau die Gr&ouml;&szlig;e der D&uuml;senspitze, die du f&uuml;r die jeweilige Arbeit ben&ouml;tigst.<\/li>\n<\/ul><p>Ein Video, das zeigt, wie leicht es ist, ihn mit verschiedenen D&uuml;senk&ouml;pfen zu verwenden.<\/p><p><iframe title=\"Fugestudshoved fra Danepoint og Quikpoint, passer p&aring; Trykpoint &#128079;. #m&oslash;rtelfugepistol #mortel\" width=\"800\" height=\"600\" src=\"https:\/\/www.youtube.com\/embed\/UtAd_tPPxt4?feature=oembed\" frameborder=\"0\" allow=\"accelerometer; autoplay; clipboard-write; encrypted-media; gyroscope; picture-in-picture; web-share\" referrerpolicy=\"strict-origin-when-cross-origin\" allowfullscreen><\/iframe><\/p>\n","protected":false},"excerpt":{"rendered":"<h5>D\u00fcsenkopf mit Gewinde und festem Griff<\/h5>\n<p>Das Gewinde passt zu allen Quikpoint &amp; DanePoint M\u00f6rtelfugenpistolen.<\/p>\n<ul>\n<li>Einfache Montage mit dem Gewinde \u2013 einfach die D\u00fcsenspitze aufschrauben, und schon bist du bereit<\/li>\n<li>Passt zu allen DanePoint D\u00fcsenspitzen \u2013 sowohl aus Metall als auch aus Nylon<\/li>\n<li>Montiere genau die Art und Gr\u00f6\u00dfe der D\u00fcsenspitze, die du f\u00fcr die jeweilige Arbeit ben\u00f6tigst<\/li>\n<\/ul>\n<p><a href=\"file:\/\/\/C:\/Users\/johan\/OneDrive\/Skrivebord\/fugestudser%20og%20fugestudshovede%20livsl%C3%A6ngde\/Lebensdauer%20von%20D%C3%BCsenspitzen%20Deutsch.pdf\">Lebensdauer von D\u00fcsenspitzen Deutsch.pdf<\/a><\/p>\n<p>&nbsp;<\/p>\n","protected":false},"featured_media":2038,"comment_status":"open","ping_status":"closed","template":"","meta":[],"product_brand":[],"product_cat":[653,650],"product_tag":[670,2862,2864,275,2870,257],"class_list":{"0":"post-5256","1":"product","2":"type-product","3":"status-publish","4":"has-post-thumbnail","6":"product_cat-fugenduesen","7":"product_cat-zubehoer","8":"product_tag-danepoint-de","9":"product_tag-mortarjointgun-de","10":"product_tag-moertelfugenpistole-de","11":"product_tag-nozzles-de","12":"product_tag-quikpoint-de","13":"product_tag-verfugung","15":"first","16":"instock","17":"taxable","18":"shipping-taxable","19":"purchasable","20":"product-type-simple"},"yoast_head":"<!-- This site is optimized with the Yoast SEO plugin v27.5 - https:\/\/yoast.com\/product\/yoast-seo-wordpress\/ -->\n<title>D\u00fcsenkopf mit Gewinde und festem Griff - Murerpoint ApS<\/title>\n<meta name=\"description\" content=\"D\u00fcsenkopf mit Gewinde und festem Griff f\u00fcr D\u00fcsenspitzen, auch die von DanePoint und Quikpoint passen. Einfach die D\u00fcsenspitze aufschrauben.\" \/>\n<meta name=\"robots\" content=\"index, follow, max-snippet:-1, max-image-preview:large, max-video-preview:-1\" \/>\n<link rel=\"canonical\" href=\"https:\/\/murerpoint.dk\/de\/produkt\/fugestudshoved-med-gevind-og-firm-grip\/\" \/>\n<meta property=\"og:locale\" content=\"de_DE\" \/>\n<meta property=\"og:type\" content=\"article\" \/>\n<meta property=\"og:title\" content=\"D\u00fcsenkopf mit Gewinde und festem Griff - Murerpoint ApS\" \/>\n<meta property=\"og:description\" content=\"D\u00fcsenkopf mit Gewinde und festem Griff f\u00fcr D\u00fcsenspitzen, auch die von DanePoint und Quikpoint passen. Einfach die D\u00fcsenspitze aufschrauben.\" \/>\n<meta property=\"og:url\" content=\"https:\/\/murerpoint.dk\/de\/produkt\/fugestudshoved-med-gevind-og-firm-grip\/\" \/>\n<meta property=\"og:site_name\" content=\"Murerpoint ApS\" \/>\n<meta property=\"article:publisher\" content=\"https:\/\/m.facebook.com\/profile.php?id=61555157262134\" \/>\n<meta property=\"article:modified_time\" content=\"2024-08-02T15:44:29+00:00\" \/>\n<meta property=\"og:image\" content=\"https:\/\/murerpoint.dk\/wp-content\/uploads\/2024\/01\/Adapter-med-firm-grip-fra-siden.jpeg\" \/>\n\t<meta property=\"og:image:width\" content=\"535\" \/>\n\t<meta property=\"og:image:height\" content=\"792\" \/>\n\t<meta property=\"og:image:type\" content=\"image\/jpeg\" \/>\n<meta name=\"twitter:card\" content=\"summary_large_image\" \/>\n<meta name=\"twitter:label1\" content=\"Preis\" \/>\n\t<meta name=\"twitter:data1\" content=\"&euro;16.55 Pris ekskl. moms: &euro;13.24\" \/>\n\t<meta name=\"twitter:label2\" content=\"Verf\u00fcgbarkeit\" \/>\n\t<meta name=\"twitter:data2\" content=\"Auf Lager\" \/>\n<script type=\"application\/ld+json\" class=\"yoast-schema-graph\">{\"@context\":\"https:\\\/\\\/schema.org\",\"@graph\":[{\"@type\":\"WebPage\",\"@id\":\"https:\\\/\\\/murerpoint.dk\\\/de\\\/produkt\\\/fugestudshoved-med-gevind-og-firm-grip\\\/\",\"url\":\"https:\\\/\\\/murerpoint.dk\\\/de\\\/produkt\\\/fugestudshoved-med-gevind-og-firm-grip\\\/\",\"name\":\"D\u00fcsenkopf mit Gewinde und festem Griff - Murerpoint ApS\",\"isPartOf\":{\"@id\":\"https:\\\/\\\/murerpoint.dk\\\/de\\\/#website\"},\"primaryImageOfPage\":{\"@id\":\"https:\\\/\\\/murerpoint.dk\\\/de\\\/produkt\\\/fugestudshoved-med-gevind-og-firm-grip\\\/#primaryimage\"},\"image\":{\"@id\":\"https:\\\/\\\/murerpoint.dk\\\/de\\\/produkt\\\/fugestudshoved-med-gevind-og-firm-grip\\\/#primaryimage\"},\"thumbnailUrl\":\"https:\\\/\\\/murerpoint.dk\\\/wp-content\\\/uploads\\\/2024\\\/01\\\/Adapter-med-firm-grip-fra-siden.jpeg\",\"datePublished\":\"2024-01-26T16:47:39+00:00\",\"dateModified\":\"2024-08-02T15:44:29+00:00\",\"description\":\"D\u00fcsenkopf mit Gewinde und festem Griff f\u00fcr D\u00fcsenspitzen, auch die von DanePoint und Quikpoint passen. Einfach die D\u00fcsenspitze aufschrauben.\",\"breadcrumb\":{\"@id\":\"https:\\\/\\\/murerpoint.dk\\\/de\\\/produkt\\\/fugestudshoved-med-gevind-og-firm-grip\\\/#breadcrumb\"},\"inLanguage\":\"de\",\"potentialAction\":[{\"@type\":\"ReadAction\",\"target\":[\"https:\\\/\\\/murerpoint.dk\\\/de\\\/produkt\\\/fugestudshoved-med-gevind-og-firm-grip\\\/\"]}]},{\"@type\":\"ImageObject\",\"inLanguage\":\"de\",\"@id\":\"https:\\\/\\\/murerpoint.dk\\\/de\\\/produkt\\\/fugestudshoved-med-gevind-og-firm-grip\\\/#primaryimage\",\"url\":\"https:\\\/\\\/murerpoint.dk\\\/wp-content\\\/uploads\\\/2024\\\/01\\\/Adapter-med-firm-grip-fra-siden.jpeg\",\"contentUrl\":\"https:\\\/\\\/murerpoint.dk\\\/wp-content\\\/uploads\\\/2024\\\/01\\\/Adapter-med-firm-grip-fra-siden.jpeg\",\"width\":535,\"height\":792,\"caption\":\"Fugestudhoved med gevind og firmgrip\"},{\"@type\":\"BreadcrumbList\",\"@id\":\"https:\\\/\\\/murerpoint.dk\\\/de\\\/produkt\\\/fugestudshoved-med-gevind-og-firm-grip\\\/#breadcrumb\",\"itemListElement\":[{\"@type\":\"ListItem\",\"position\":1,\"name\":\"Hjem\",\"item\":\"https:\\\/\\\/murerpoint.dk\\\/de\\\/\"},{\"@type\":\"ListItem\",\"position\":2,\"name\":\"SHOPPEN\",\"item\":\"https:\\\/\\\/murerpoint.dk\\\/de\\\/shoppen\\\/\"},{\"@type\":\"ListItem\",\"position\":3,\"name\":\"D\u00fcsenkopf mit Gewinde und festem Griff\"}]},{\"@type\":\"WebSite\",\"@id\":\"https:\\\/\\\/murerpoint.dk\\\/de\\\/#website\",\"url\":\"https:\\\/\\\/murerpoint.dk\\\/de\\\/\",\"name\":\"Murerpoint\",\"description\":\"kvalitets v\u00e6rkt\u00f8j\",\"publisher\":{\"@id\":\"https:\\\/\\\/murerpoint.dk\\\/de\\\/#organization\"},\"potentialAction\":[{\"@type\":\"SearchAction\",\"target\":{\"@type\":\"EntryPoint\",\"urlTemplate\":\"https:\\\/\\\/murerpoint.dk\\\/de\\\/?s={search_term_string}\"},\"query-input\":{\"@type\":\"PropertyValueSpecification\",\"valueRequired\":true,\"valueName\":\"search_term_string\"}}],\"inLanguage\":\"de\"},{\"@type\":\"Organization\",\"@id\":\"https:\\\/\\\/murerpoint.dk\\\/de\\\/#organization\",\"name\":\"Murerpoint ApS\",\"url\":\"https:\\\/\\\/murerpoint.dk\\\/de\\\/\",\"logo\":{\"@type\":\"ImageObject\",\"inLanguage\":\"de\",\"@id\":\"https:\\\/\\\/murerpoint.dk\\\/de\\\/#\\\/schema\\\/logo\\\/image\\\/\",\"url\":\"https:\\\/\\\/murerpoint.dk\\\/wp-content\\\/uploads\\\/2023\\\/12\\\/cropped-Sort-Midt-Roed-Mursten.png\",\"contentUrl\":\"https:\\\/\\\/murerpoint.dk\\\/wp-content\\\/uploads\\\/2023\\\/12\\\/cropped-Sort-Midt-Roed-Mursten.png\",\"width\":512,\"height\":512,\"caption\":\"Murerpoint ApS\"},\"image\":{\"@id\":\"https:\\\/\\\/murerpoint.dk\\\/de\\\/#\\\/schema\\\/logo\\\/image\\\/\"},\"sameAs\":[\"https:\\\/\\\/m.facebook.com\\\/profile.php?id=61555157262134\",\"https:\\\/\\\/www.instagram.com\\\/murerpoint?igsh=azluMWV6cTnc2ts&utm_source=qr\",\"https:\\\/\\\/www.tiktok.com\\\/@murerpoint?is_from_webapp=1&sender_device=pc\"]}]}<\/script>\n<meta property=\"product:price:amount\" content=\"16.55\" \/>\n<meta property=\"product:price:currency\" content=\"EUR\" \/>\n<meta property=\"og:availability\" content=\"instock\" \/>\n<meta property=\"product:availability\" content=\"instock\" \/>\n<meta property=\"product:retailer_item_id\" content=\"MP0039\" \/>\n<meta property=\"product:condition\" content=\"new\" \/>\n<!-- \/ Yoast SEO plugin. -->","yoast_head_json":{"title":"D\u00fcsenkopf mit Gewinde und festem Griff - Murerpoint ApS","description":"D\u00fcsenkopf mit Gewinde und festem Griff f\u00fcr D\u00fcsenspitzen, auch die von DanePoint und Quikpoint passen. Einfach die D\u00fcsenspitze aufschrauben.","robots":{"index":"index","follow":"follow","max-snippet":"max-snippet:-1","max-image-preview":"max-image-preview:large","max-video-preview":"max-video-preview:-1"},"canonical":"https:\/\/murerpoint.dk\/de\/produkt\/fugestudshoved-med-gevind-og-firm-grip\/","og_locale":"de_DE","og_type":"article","og_title":"D\u00fcsenkopf mit Gewinde und festem Griff - Murerpoint ApS","og_description":"D\u00fcsenkopf mit Gewinde und festem Griff f\u00fcr D\u00fcsenspitzen, auch die von DanePoint und Quikpoint passen. Einfach die D\u00fcsenspitze aufschrauben.","og_url":"https:\/\/murerpoint.dk\/de\/produkt\/fugestudshoved-med-gevind-og-firm-grip\/","og_site_name":"Murerpoint ApS","article_publisher":"https:\/\/m.facebook.com\/profile.php?id=61555157262134","article_modified_time":"2024-08-02T15:44:29+00:00","og_image":[{"width":535,"height":792,"url":"https:\/\/murerpoint.dk\/wp-content\/uploads\/2024\/01\/Adapter-med-firm-grip-fra-siden.jpeg","type":"image\/jpeg"}],"twitter_card":"summary_large_image","twitter_misc":{"Preis":"&euro;16.55 Pris ekskl. moms: &euro;13.24","Verf\u00fcgbarkeit":"Auf Lager"},"schema":{"@context":"https:\/\/schema.org","@graph":[{"@type":"WebPage","@id":"https:\/\/murerpoint.dk\/de\/produkt\/fugestudshoved-med-gevind-og-firm-grip\/","url":"https:\/\/murerpoint.dk\/de\/produkt\/fugestudshoved-med-gevind-og-firm-grip\/","name":"D\u00fcsenkopf mit Gewinde und festem Griff - Murerpoint ApS","isPartOf":{"@id":"https:\/\/murerpoint.dk\/de\/#website"},"primaryImageOfPage":{"@id":"https:\/\/murerpoint.dk\/de\/produkt\/fugestudshoved-med-gevind-og-firm-grip\/#primaryimage"},"image":{"@id":"https:\/\/murerpoint.dk\/de\/produkt\/fugestudshoved-med-gevind-og-firm-grip\/#primaryimage"},"thumbnailUrl":"https:\/\/murerpoint.dk\/wp-content\/uploads\/2024\/01\/Adapter-med-firm-grip-fra-siden.jpeg","datePublished":"2024-01-26T16:47:39+00:00","dateModified":"2024-08-02T15:44:29+00:00","description":"D\u00fcsenkopf mit Gewinde und festem Griff f\u00fcr D\u00fcsenspitzen, auch die von DanePoint und Quikpoint passen. Einfach die D\u00fcsenspitze aufschrauben.","breadcrumb":{"@id":"https:\/\/murerpoint.dk\/de\/produkt\/fugestudshoved-med-gevind-og-firm-grip\/#breadcrumb"},"inLanguage":"de","potentialAction":[{"@type":"ReadAction","target":["https:\/\/murerpoint.dk\/de\/produkt\/fugestudshoved-med-gevind-og-firm-grip\/"]}]},{"@type":"ImageObject","inLanguage":"de","@id":"https:\/\/murerpoint.dk\/de\/produkt\/fugestudshoved-med-gevind-og-firm-grip\/#primaryimage","url":"https:\/\/murerpoint.dk\/wp-content\/uploads\/2024\/01\/Adapter-med-firm-grip-fra-siden.jpeg","contentUrl":"https:\/\/murerpoint.dk\/wp-content\/uploads\/2024\/01\/Adapter-med-firm-grip-fra-siden.jpeg","width":535,"height":792,"caption":"Fugestudhoved med gevind og firmgrip"},{"@type":"BreadcrumbList","@id":"https:\/\/murerpoint.dk\/de\/produkt\/fugestudshoved-med-gevind-og-firm-grip\/#breadcrumb","itemListElement":[{"@type":"ListItem","position":1,"name":"Hjem","item":"https:\/\/murerpoint.dk\/de\/"},{"@type":"ListItem","position":2,"name":"SHOPPEN","item":"https:\/\/murerpoint.dk\/de\/shoppen\/"},{"@type":"ListItem","position":3,"name":"D\u00fcsenkopf mit Gewinde und festem Griff"}]},{"@type":"WebSite","@id":"https:\/\/murerpoint.dk\/de\/#website","url":"https:\/\/murerpoint.dk\/de\/","name":"Murerpoint","description":"kvalitets v\u00e6rkt\u00f8j","publisher":{"@id":"https:\/\/murerpoint.dk\/de\/#organization"},"potentialAction":[{"@type":"SearchAction","target":{"@type":"EntryPoint","urlTemplate":"https:\/\/murerpoint.dk\/de\/?s={search_term_string}"},"query-input":{"@type":"PropertyValueSpecification","valueRequired":true,"valueName":"search_term_string"}}],"inLanguage":"de"},{"@type":"Organization","@id":"https:\/\/murerpoint.dk\/de\/#organization","name":"Murerpoint ApS","url":"https:\/\/murerpoint.dk\/de\/","logo":{"@type":"ImageObject","inLanguage":"de","@id":"https:\/\/murerpoint.dk\/de\/#\/schema\/logo\/image\/","url":"https:\/\/murerpoint.dk\/wp-content\/uploads\/2023\/12\/cropped-Sort-Midt-Roed-Mursten.png","contentUrl":"https:\/\/murerpoint.dk\/wp-content\/uploads\/2023\/12\/cropped-Sort-Midt-Roed-Mursten.png","width":512,"height":512,"caption":"Murerpoint ApS"},"image":{"@id":"https:\/\/murerpoint.dk\/de\/#\/schema\/logo\/image\/"},"sameAs":["https:\/\/m.facebook.com\/profile.php?id=61555157262134","https:\/\/www.instagram.com\/murerpoint?igsh=azluMWV6cTnc2ts&utm_source=qr","https:\/\/www.tiktok.com\/@murerpoint?is_from_webapp=1&sender_device=pc"]}]},"product_price_amount":"16.55","product_price_currency":"EUR","og_availability":"instock","product_availability":"instock","product_retailer_item_id":"MP0039","product_condition":"new"},"_links":{"self":[{"href":"https:\/\/murerpoint.dk\/de\/wp-json\/wp\/v2\/product\/5256","targetHints":{"allow":["GET"]}}],"collection":[{"href":"https:\/\/murerpoint.dk\/de\/wp-json\/wp\/v2\/product"}],"about":[{"href":"https:\/\/murerpoint.dk\/de\/wp-json\/wp\/v2\/types\/product"}],"replies":[{"embeddable":true,"href":"https:\/\/murerpoint.dk\/de\/wp-json\/wp\/v2\/comments?post=5256"}],"wp:featuredmedia":[{"embeddable":true,"href":"https:\/\/murerpoint.dk\/de\/wp-json\/wp\/v2\/media\/2038"}],"wp:attachment":[{"href":"https:\/\/murerpoint.dk\/de\/wp-json\/wp\/v2\/media?parent=5256"}],"wp:term":[{"taxonomy":"product_brand","embeddable":true,"href":"https:\/\/murerpoint.dk\/de\/wp-json\/wp\/v2\/product_brand?post=5256"},{"taxonomy":"product_cat","embeddable":true,"href":"https:\/\/murerpoint.dk\/de\/wp-json\/wp\/v2\/product_cat?post=5256"},{"taxonomy":"product_tag","embeddable":true,"href":"https:\/\/murerpoint.dk\/de\/wp-json\/wp\/v2\/product_tag?post=5256"}],"curies":[{"name":"wp","href":"https:\/\/api.w.org\/{rel}","templated":true}]}}