{"id":5335,"date":"2024-08-05T08:21:17","date_gmt":"2024-08-05T08:21:17","guid":{"rendered":"https:\/\/murerpoint.dk\/product\/diamond-cup-wheel-for-festool-rg130-hard-concrete\/"},"modified":"2024-08-05T09:31:58","modified_gmt":"2024-08-05T09:31:58","slug":"diamantschleifteller-fuer-festool-rg130-harter-beton","status":"publish","type":"product","link":"https:\/\/murerpoint.dk\/de\/produkt\/diamantschleifteller-fuer-festool-rg130-harter-beton\/","title":{"rendered":"Diamantschleifteller f\u00fcr Festool, RG130 &#8211; harter Beton"},"content":{"rendered":"<?xml encoding=\"utf-8\" ?><h5>Diamantschleifteller f&uuml;r Festool, RG130 &ndash; harter Beton<\/h5><p>Spezialentwickelter Diamantschleifteller f&uuml;r FESTOOL RENOFIX RG 130 E-Plus.<\/p><p><strong>VORTEILE:<\/strong><\/p><ul>\n<li>Schleift schneller und effizienter<\/li>\n<li>Erzeugt weniger Staub beim Schleifen<\/li>\n<li>Hat eine l&auml;ngere Lebensdauer als Standard-Schleifteller<\/li>\n<\/ul><p>Dieser Diamantschleifteller ist ideal f&uuml;r Profis und Heimwerker, die mit hartem Beton arbeiten. Sein einzigartiges Design sorgt f&uuml;r minimale Vibrationen w&auml;hrend des Gebrauchs, was den Arbeitskomfort und die Pr&auml;zision verbessert. Dank seiner robusten Konstruktion kann dieser Schleifteller intensiven Gebrauch widerstehen, ohne seine Sch&auml;rfe oder Effizienz zu verlieren.<\/p><p>Es wird immer empfohlen, mit angeschlossener Staubhaube und Staubsauger zu arbeiten. Diese Kombination reduziert die Staubbelastung und sorgt f&uuml;r eine sauberere Arbeitsumgebung. Anwender m&uuml;ssen weniger Pausen einlegen, um den Arbeitsbereich zu reinigen, was die Produktivit&auml;t erh&ouml;ht.<\/p><p><strong>Spezifikationen:<\/strong><\/p><ul>\n<li>Rot &oslash; 130 mm f&uuml;r harten Beton<\/li>\n<li>25 mm Loch<\/li>\n<li>Futterring zu 22,2 mm<\/li>\n<\/ul><p>Kann an folgenden Maschinen montiert werden:<\/p><ul>\n<li>RG-130<\/li>\n<li>AG-125<\/li>\n<li>RGP-130<\/li>\n<li>AGP-125<\/li>\n<\/ul><p>Festool Betonschleifer Renofix RG 130 E-Plus ist ein Diamantschleifer mit perfekter Drehzahl f&uuml;r Diamantwerkzeuge. Dieser leistungsstarke 1.600-W-Motor sorgt f&uuml;r schnelle Schleifleistung und hohe Arbeitsgeschwindigkeit, was ihn ideal f&uuml;r gro&szlig;e Projekte macht. Wenn Sie Fragen zu unseren Produkten haben, kontaktieren Sie uns gerne unter <a href=\"info@murerpoint.dk\" rel=\"noreferrer\">info@murerpoint.dk<\/a> oder rufen Sie unseren Kundenservice an ( +45 ) 27145525. Unser Team steht Ihnen jederzeit zur Verf&uuml;gung, um die beste L&ouml;sung f&uuml;r Ihr Projekt zu finden.<\/p><p><iframe title=\"Kopsten \/slipsk&aring;l \/ diamant schleifteller -festool RG\" width=\"800\" height=\"450\" src=\"https:\/\/www.youtube.com\/embed\/xRN8XO6D3K0?feature=oembed\" frameborder=\"0\" allow=\"accelerometer; autoplay; clipboard-write; encrypted-media; gyroscope; picture-in-picture; web-share\" referrerpolicy=\"strict-origin-when-cross-origin\" allowfullscreen><\/iframe><\/p><p>Festool RG 130 Diamantschleifteller F&uuml;r harten Beton D130 PREMIUM 768018 Diamantschleifteller f&uuml;r Festool RG 130<\/p>\n","protected":false},"excerpt":{"rendered":"<h5>Diamantschleifteller f\u00fcr Festool, RG130 &#8211; harter Beton<\/h5>\n<p>Roter Diamantschleifteller f\u00fcr harten Beton f\u00fcr Festool RG 130. Durchmesser 130 mm. Loch 25 mm mit Futterring zu 22,2 mm. Passend f\u00fcr Betonschleifer RG130, AG-125, RGP-130, AGP-125.<\/p>\n<p><strong>VORTEILE:<\/strong><\/p>\n<ul>\n<li>Schleift schneller und effizienter<\/li>\n<li>Erzeugt weniger Staub beim Schleifen<\/li>\n<li>Hat eine l\u00e4ngere Lebensdauer als Standard-Schleifteller<\/li>\n<\/ul>\n","protected":false},"featured_media":5328,"comment_status":"open","ping_status":"closed","template":"","meta":[],"product_brand":[],"product_cat":[1767,4160],"product_tag":[1768,4816,4817,4818,4819,4820,4821,4822,4823,4824,4825,4826,4827,4828,4829,4830,4831,4832],"class_list":{"0":"post-5335","1":"product","2":"type-product","3":"status-publish","4":"has-post-thumbnail","6":"product_cat-diamant-pflasterstein","7":"product_cat-schleifwerkzeuge-fuer-profis-und-heimwerker-de","8":"product_tag-diamantkopsten-de","9":"product_tag-diamantschleifteller-de","10":"product_tag-diamantslijpschijf-de","11":"product_tag-diamantslipsten-de","12":"product_tag-diamond-cup-wheel-de","13":"product_tag-festool-de","14":"product_tag-grinding-de","15":"product_tag-haard-beton-de","16":"product_tag-haard-betong-de","17":"product_tag-hard-concrete-de","18":"product_tag-harde-beton-de","19":"product_tag-harter-beton-de","20":"product_tag-rg130-de","21":"product_tag-schleifen-de","22":"product_tag-slibning-de","23":"product_tag-slijpen-de","24":"product_tag-slipning-de","25":"product_tag-slipskaal-de","27":"first","28":"instock","29":"taxable","30":"shipping-taxable","31":"purchasable","32":"product-type-simple"},"yoast_head":"<!-- This site is optimized with the Yoast SEO plugin v27.5 - https:\/\/yoast.com\/product\/yoast-seo-wordpress\/ -->\n<title>Diamantschleifteller f\u00fcr Festool, RG130 - harter Beton - Murerpoint ApS<\/title>\n<meta name=\"description\" content=\"Spezialentwickelter roter Diamantschleifteller f\u00fcr Festool RG130 f\u00fcr harten Beton.Optimale Schleifleistung und l\u00e4ngere Lebensdauer mit minimalem Staub.\" \/>\n<meta name=\"robots\" content=\"index, follow, max-snippet:-1, max-image-preview:large, max-video-preview:-1\" \/>\n<link rel=\"canonical\" href=\"https:\/\/murerpoint.dk\/de\/produkt\/diamantschleifteller-fuer-festool-rg130-harter-beton\/\" \/>\n<meta property=\"og:locale\" content=\"de_DE\" \/>\n<meta property=\"og:type\" content=\"article\" \/>\n<meta property=\"og:title\" content=\"Diamantschleifteller f\u00fcr Festool, RG130 - harter Beton - Murerpoint ApS\" \/>\n<meta property=\"og:description\" content=\"Spezialentwickelter roter Diamantschleifteller f\u00fcr Festool RG130 f\u00fcr harten Beton.Optimale Schleifleistung und l\u00e4ngere Lebensdauer mit minimalem Staub.\" \/>\n<meta property=\"og:url\" content=\"https:\/\/murerpoint.dk\/de\/produkt\/diamantschleifteller-fuer-festool-rg130-harter-beton\/\" \/>\n<meta property=\"og:site_name\" content=\"Murerpoint ApS\" \/>\n<meta property=\"article:publisher\" content=\"https:\/\/m.facebook.com\/profile.php?id=61555157262134\" \/>\n<meta property=\"article:modified_time\" content=\"2024-08-05T09:31:58+00:00\" \/>\n<meta property=\"og:image\" content=\"https:\/\/murerpoint.dk\/wp-content\/uploads\/2024\/08\/Festool-oe130-mm-kopsten-til-Murerpoint.webp\" \/>\n\t<meta property=\"og:image:width\" content=\"700\" \/>\n\t<meta property=\"og:image:height\" content=\"700\" \/>\n\t<meta property=\"og:image:type\" content=\"image\/webp\" \/>\n<meta name=\"twitter:card\" content=\"summary_large_image\" \/>\n<meta name=\"twitter:label1\" content=\"Preis\" \/>\n\t<meta name=\"twitter:data1\" content=\"&euro;61.89 Pris ekskl. moms: &euro;49.51\" \/>\n\t<meta name=\"twitter:label2\" content=\"Verf\u00fcgbarkeit\" \/>\n\t<meta name=\"twitter:data2\" content=\"Auf Lager\" \/>\n<script type=\"application\/ld+json\" class=\"yoast-schema-graph\">{\"@context\":\"https:\\\/\\\/schema.org\",\"@graph\":[{\"@type\":\"WebPage\",\"@id\":\"https:\\\/\\\/murerpoint.dk\\\/de\\\/produkt\\\/diamantschleifteller-fuer-festool-rg130-harter-beton\\\/\",\"url\":\"https:\\\/\\\/murerpoint.dk\\\/de\\\/produkt\\\/diamantschleifteller-fuer-festool-rg130-harter-beton\\\/\",\"name\":\"Diamantschleifteller f\u00fcr Festool, RG130 - harter Beton - Murerpoint ApS\",\"isPartOf\":{\"@id\":\"https:\\\/\\\/murerpoint.dk\\\/de\\\/#website\"},\"primaryImageOfPage\":{\"@id\":\"https:\\\/\\\/murerpoint.dk\\\/de\\\/produkt\\\/diamantschleifteller-fuer-festool-rg130-harter-beton\\\/#primaryimage\"},\"image\":{\"@id\":\"https:\\\/\\\/murerpoint.dk\\\/de\\\/produkt\\\/diamantschleifteller-fuer-festool-rg130-harter-beton\\\/#primaryimage\"},\"thumbnailUrl\":\"https:\\\/\\\/murerpoint.dk\\\/wp-content\\\/uploads\\\/2024\\\/08\\\/Festool-oe130-mm-kopsten-til-Murerpoint.webp\",\"datePublished\":\"2024-08-05T08:21:17+00:00\",\"dateModified\":\"2024-08-05T09:31:58+00:00\",\"description\":\"Spezialentwickelter roter Diamantschleifteller f\u00fcr Festool RG130 f\u00fcr harten Beton.Optimale Schleifleistung und l\u00e4ngere Lebensdauer mit minimalem Staub.\",\"breadcrumb\":{\"@id\":\"https:\\\/\\\/murerpoint.dk\\\/de\\\/produkt\\\/diamantschleifteller-fuer-festool-rg130-harter-beton\\\/#breadcrumb\"},\"inLanguage\":\"de\",\"potentialAction\":[{\"@type\":\"ReadAction\",\"target\":[\"https:\\\/\\\/murerpoint.dk\\\/de\\\/produkt\\\/diamantschleifteller-fuer-festool-rg130-harter-beton\\\/\"]}]},{\"@type\":\"ImageObject\",\"inLanguage\":\"de\",\"@id\":\"https:\\\/\\\/murerpoint.dk\\\/de\\\/produkt\\\/diamantschleifteller-fuer-festool-rg130-harter-beton\\\/#primaryimage\",\"url\":\"https:\\\/\\\/murerpoint.dk\\\/wp-content\\\/uploads\\\/2024\\\/08\\\/Festool-oe130-mm-kopsten-til-Murerpoint.webp\",\"contentUrl\":\"https:\\\/\\\/murerpoint.dk\\\/wp-content\\\/uploads\\\/2024\\\/08\\\/Festool-oe130-mm-kopsten-til-Murerpoint.webp\",\"width\":700,\"height\":700,\"caption\":\"Festool-\u00f8130-mm-kopsten fra Murerpoint\"},{\"@type\":\"BreadcrumbList\",\"@id\":\"https:\\\/\\\/murerpoint.dk\\\/de\\\/produkt\\\/diamantschleifteller-fuer-festool-rg130-harter-beton\\\/#breadcrumb\",\"itemListElement\":[{\"@type\":\"ListItem\",\"position\":1,\"name\":\"Hjem\",\"item\":\"https:\\\/\\\/murerpoint.dk\\\/de\\\/\"},{\"@type\":\"ListItem\",\"position\":2,\"name\":\"SHOPPEN\",\"item\":\"https:\\\/\\\/murerpoint.dk\\\/de\\\/shoppen\\\/\"},{\"@type\":\"ListItem\",\"position\":3,\"name\":\"Diamantschleifteller f\u00fcr Festool, RG130 &#8211; harter Beton\"}]},{\"@type\":\"WebSite\",\"@id\":\"https:\\\/\\\/murerpoint.dk\\\/de\\\/#website\",\"url\":\"https:\\\/\\\/murerpoint.dk\\\/de\\\/\",\"name\":\"Murerpoint\",\"description\":\"kvalitets v\u00e6rkt\u00f8j\",\"publisher\":{\"@id\":\"https:\\\/\\\/murerpoint.dk\\\/de\\\/#organization\"},\"potentialAction\":[{\"@type\":\"SearchAction\",\"target\":{\"@type\":\"EntryPoint\",\"urlTemplate\":\"https:\\\/\\\/murerpoint.dk\\\/de\\\/?s={search_term_string}\"},\"query-input\":{\"@type\":\"PropertyValueSpecification\",\"valueRequired\":true,\"valueName\":\"search_term_string\"}}],\"inLanguage\":\"de\"},{\"@type\":\"Organization\",\"@id\":\"https:\\\/\\\/murerpoint.dk\\\/de\\\/#organization\",\"name\":\"Murerpoint ApS\",\"url\":\"https:\\\/\\\/murerpoint.dk\\\/de\\\/\",\"logo\":{\"@type\":\"ImageObject\",\"inLanguage\":\"de\",\"@id\":\"https:\\\/\\\/murerpoint.dk\\\/de\\\/#\\\/schema\\\/logo\\\/image\\\/\",\"url\":\"https:\\\/\\\/murerpoint.dk\\\/wp-content\\\/uploads\\\/2023\\\/12\\\/cropped-Sort-Midt-Roed-Mursten.png\",\"contentUrl\":\"https:\\\/\\\/murerpoint.dk\\\/wp-content\\\/uploads\\\/2023\\\/12\\\/cropped-Sort-Midt-Roed-Mursten.png\",\"width\":512,\"height\":512,\"caption\":\"Murerpoint ApS\"},\"image\":{\"@id\":\"https:\\\/\\\/murerpoint.dk\\\/de\\\/#\\\/schema\\\/logo\\\/image\\\/\"},\"sameAs\":[\"https:\\\/\\\/m.facebook.com\\\/profile.php?id=61555157262134\",\"https:\\\/\\\/www.instagram.com\\\/murerpoint?igsh=azluMWV6cTnc2ts&utm_source=qr\",\"https:\\\/\\\/www.tiktok.com\\\/@murerpoint?is_from_webapp=1&sender_device=pc\"]}]}<\/script>\n<meta property=\"product:price:amount\" content=\"61.89\" \/>\n<meta property=\"product:price:currency\" content=\"EUR\" \/>\n<meta property=\"og:availability\" content=\"instock\" \/>\n<meta property=\"product:availability\" content=\"instock\" \/>\n<meta property=\"product:retailer_item_id\" content=\"mp00091\" \/>\n<meta property=\"product:condition\" content=\"new\" \/>\n<!-- \/ Yoast SEO plugin. -->","yoast_head_json":{"title":"Diamantschleifteller f\u00fcr Festool, RG130 - harter Beton - Murerpoint ApS","description":"Spezialentwickelter roter Diamantschleifteller f\u00fcr Festool RG130 f\u00fcr harten Beton.Optimale Schleifleistung und l\u00e4ngere Lebensdauer mit minimalem Staub.","robots":{"index":"index","follow":"follow","max-snippet":"max-snippet:-1","max-image-preview":"max-image-preview:large","max-video-preview":"max-video-preview:-1"},"canonical":"https:\/\/murerpoint.dk\/de\/produkt\/diamantschleifteller-fuer-festool-rg130-harter-beton\/","og_locale":"de_DE","og_type":"article","og_title":"Diamantschleifteller f\u00fcr Festool, RG130 - harter Beton - Murerpoint ApS","og_description":"Spezialentwickelter roter Diamantschleifteller f\u00fcr Festool RG130 f\u00fcr harten Beton.Optimale Schleifleistung und l\u00e4ngere Lebensdauer mit minimalem Staub.","og_url":"https:\/\/murerpoint.dk\/de\/produkt\/diamantschleifteller-fuer-festool-rg130-harter-beton\/","og_site_name":"Murerpoint ApS","article_publisher":"https:\/\/m.facebook.com\/profile.php?id=61555157262134","article_modified_time":"2024-08-05T09:31:58+00:00","og_image":[{"width":700,"height":700,"url":"https:\/\/murerpoint.dk\/wp-content\/uploads\/2024\/08\/Festool-oe130-mm-kopsten-til-Murerpoint.webp","type":"image\/webp"}],"twitter_card":"summary_large_image","twitter_misc":{"Preis":"&euro;61.89 Pris ekskl. moms: &euro;49.51","Verf\u00fcgbarkeit":"Auf Lager"},"schema":{"@context":"https:\/\/schema.org","@graph":[{"@type":"WebPage","@id":"https:\/\/murerpoint.dk\/de\/produkt\/diamantschleifteller-fuer-festool-rg130-harter-beton\/","url":"https:\/\/murerpoint.dk\/de\/produkt\/diamantschleifteller-fuer-festool-rg130-harter-beton\/","name":"Diamantschleifteller f\u00fcr Festool, RG130 - harter Beton - Murerpoint ApS","isPartOf":{"@id":"https:\/\/murerpoint.dk\/de\/#website"},"primaryImageOfPage":{"@id":"https:\/\/murerpoint.dk\/de\/produkt\/diamantschleifteller-fuer-festool-rg130-harter-beton\/#primaryimage"},"image":{"@id":"https:\/\/murerpoint.dk\/de\/produkt\/diamantschleifteller-fuer-festool-rg130-harter-beton\/#primaryimage"},"thumbnailUrl":"https:\/\/murerpoint.dk\/wp-content\/uploads\/2024\/08\/Festool-oe130-mm-kopsten-til-Murerpoint.webp","datePublished":"2024-08-05T08:21:17+00:00","dateModified":"2024-08-05T09:31:58+00:00","description":"Spezialentwickelter roter Diamantschleifteller f\u00fcr Festool RG130 f\u00fcr harten Beton.Optimale Schleifleistung und l\u00e4ngere Lebensdauer mit minimalem Staub.","breadcrumb":{"@id":"https:\/\/murerpoint.dk\/de\/produkt\/diamantschleifteller-fuer-festool-rg130-harter-beton\/#breadcrumb"},"inLanguage":"de","potentialAction":[{"@type":"ReadAction","target":["https:\/\/murerpoint.dk\/de\/produkt\/diamantschleifteller-fuer-festool-rg130-harter-beton\/"]}]},{"@type":"ImageObject","inLanguage":"de","@id":"https:\/\/murerpoint.dk\/de\/produkt\/diamantschleifteller-fuer-festool-rg130-harter-beton\/#primaryimage","url":"https:\/\/murerpoint.dk\/wp-content\/uploads\/2024\/08\/Festool-oe130-mm-kopsten-til-Murerpoint.webp","contentUrl":"https:\/\/murerpoint.dk\/wp-content\/uploads\/2024\/08\/Festool-oe130-mm-kopsten-til-Murerpoint.webp","width":700,"height":700,"caption":"Festool-\u00f8130-mm-kopsten fra Murerpoint"},{"@type":"BreadcrumbList","@id":"https:\/\/murerpoint.dk\/de\/produkt\/diamantschleifteller-fuer-festool-rg130-harter-beton\/#breadcrumb","itemListElement":[{"@type":"ListItem","position":1,"name":"Hjem","item":"https:\/\/murerpoint.dk\/de\/"},{"@type":"ListItem","position":2,"name":"SHOPPEN","item":"https:\/\/murerpoint.dk\/de\/shoppen\/"},{"@type":"ListItem","position":3,"name":"Diamantschleifteller f\u00fcr Festool, RG130 &#8211; harter Beton"}]},{"@type":"WebSite","@id":"https:\/\/murerpoint.dk\/de\/#website","url":"https:\/\/murerpoint.dk\/de\/","name":"Murerpoint","description":"kvalitets v\u00e6rkt\u00f8j","publisher":{"@id":"https:\/\/murerpoint.dk\/de\/#organization"},"potentialAction":[{"@type":"SearchAction","target":{"@type":"EntryPoint","urlTemplate":"https:\/\/murerpoint.dk\/de\/?s={search_term_string}"},"query-input":{"@type":"PropertyValueSpecification","valueRequired":true,"valueName":"search_term_string"}}],"inLanguage":"de"},{"@type":"Organization","@id":"https:\/\/murerpoint.dk\/de\/#organization","name":"Murerpoint ApS","url":"https:\/\/murerpoint.dk\/de\/","logo":{"@type":"ImageObject","inLanguage":"de","@id":"https:\/\/murerpoint.dk\/de\/#\/schema\/logo\/image\/","url":"https:\/\/murerpoint.dk\/wp-content\/uploads\/2023\/12\/cropped-Sort-Midt-Roed-Mursten.png","contentUrl":"https:\/\/murerpoint.dk\/wp-content\/uploads\/2023\/12\/cropped-Sort-Midt-Roed-Mursten.png","width":512,"height":512,"caption":"Murerpoint ApS"},"image":{"@id":"https:\/\/murerpoint.dk\/de\/#\/schema\/logo\/image\/"},"sameAs":["https:\/\/m.facebook.com\/profile.php?id=61555157262134","https:\/\/www.instagram.com\/murerpoint?igsh=azluMWV6cTnc2ts&utm_source=qr","https:\/\/www.tiktok.com\/@murerpoint?is_from_webapp=1&sender_device=pc"]}]},"product_price_amount":"61.89","product_price_currency":"EUR","og_availability":"instock","product_availability":"instock","product_retailer_item_id":"mp00091","product_condition":"new"},"_links":{"self":[{"href":"https:\/\/murerpoint.dk\/de\/wp-json\/wp\/v2\/product\/5335","targetHints":{"allow":["GET"]}}],"collection":[{"href":"https:\/\/murerpoint.dk\/de\/wp-json\/wp\/v2\/product"}],"about":[{"href":"https:\/\/murerpoint.dk\/de\/wp-json\/wp\/v2\/types\/product"}],"replies":[{"embeddable":true,"href":"https:\/\/murerpoint.dk\/de\/wp-json\/wp\/v2\/comments?post=5335"}],"wp:featuredmedia":[{"embeddable":true,"href":"https:\/\/murerpoint.dk\/de\/wp-json\/wp\/v2\/media\/5328"}],"wp:attachment":[{"href":"https:\/\/murerpoint.dk\/de\/wp-json\/wp\/v2\/media?parent=5335"}],"wp:term":[{"taxonomy":"product_brand","embeddable":true,"href":"https:\/\/murerpoint.dk\/de\/wp-json\/wp\/v2\/product_brand?post=5335"},{"taxonomy":"product_cat","embeddable":true,"href":"https:\/\/murerpoint.dk\/de\/wp-json\/wp\/v2\/product_cat?post=5335"},{"taxonomy":"product_tag","embeddable":true,"href":"https:\/\/murerpoint.dk\/de\/wp-json\/wp\/v2\/product_tag?post=5335"}],"curies":[{"name":"wp","href":"https:\/\/api.w.org\/{rel}","templated":true}]}}