{"id":6550,"date":"2024-09-11T10:12:30","date_gmt":"2024-09-11T10:12:30","guid":{"rendered":"https:\/\/murerpoint.dk\/product\/chaser-sole-plate-efficient-en-stofvrij-sleuven-frezen\/"},"modified":"2024-10-22T13:24:59","modified_gmt":"2024-10-22T13:24:59","slug":"fuehrungsschlitten-fuer-kanalfraeser-staubfreies-fraesen","status":"publish","type":"product","link":"https:\/\/murerpoint.dk\/de\/produkt\/fuehrungsschlitten-fuer-kanalfraeser-staubfreies-fraesen\/","title":{"rendered":"F\u00fchrungsschlitten f\u00fcr Kanalfr\u00e4ser \u2013 Staubfreies Fr\u00e4sen"},"content":{"rendered":"<?xml encoding=\"utf-8\" ?><h5><strong>F&uuml;hrungsschlitten f&uuml;r Kanalfr&auml;ser &ndash; Staubfreies Fr&auml;sen von Kan&auml;len f&uuml;r Sanit&auml;r- und Elektrokabel<\/strong><\/h5><h5><strong>Effizienz und Staubfreiheit in einer L&ouml;sung<\/strong><\/h5><p>Suchen Sie nach einer einfachen und effektiven L&ouml;sung zum Fr&auml;sen von Kan&auml;len f&uuml;r Sanit&auml;r- und Elektrokabel? Unsere F&uuml;hrungsschlitten f&uuml;r Winkelschleifer wurden entwickelt, um Ihre Arbeit schneller und sauberer zu machen. Mit diesem Schlitten erreichen Sie immer eine gleichm&auml;&szlig;ige Fr&auml;stiefe und ein staubfreies Arbeitsumfeld.<\/p><h5><strong>Drei Funktionen, die Ihre Arbeit optimieren:<\/strong><\/h5><ol>\n<li>Gleichm&auml;&szlig;ige Fr&auml;stiefe &ndash; Der Schlitten hilft, eine konstante Fr&auml;stiefe zu halten und vermeidet so Variationen und Unebenheiten.<\/li>\n<li>Stabile F&uuml;hrung &ndash; Mit der fixierbaren F&uuml;hrungsschiene h&auml;lt der Winkelschleifer den Kurs und sorgt f&uuml;r ein professionelleres und gleichm&auml;&szlig;iges Ergebnis.<\/li>\n<li>Staubfreies Fr&auml;sen &ndash; Durch den Anschluss eines Staubsaugers k&ouml;nnen Sie Staubpartikel entfernen, was sowohl Ihre Arbeitsumgebung als auch das Arbeitsklima verbessert.<\/li>\n<\/ol><h5><strong>Fokussierung auf die Bed&uuml;rfnisse des Kunden:<\/strong><\/h5><p>Mit unserem F&uuml;hrungsschlitten k&ouml;nnen Sie effizient arbeiten, ohne sich um Staub und Ungenauigkeiten zu sorgen. Egal ob Sie an gro&szlig;en Sanit&auml;rprojekten oder kleineren Installationen arbeiten, dieser Schlitten hilft Ihnen, die Arbeit schnell und pr&auml;zise zu erledigen.<\/p><h5><strong>Warum unseren F&uuml;hrungsschlitten w&auml;hlen?<\/strong><\/h5><ul>\n<li>Vielseitig und effizient &ndash; Kompatibel mit allen Standard-125-mm-Winkelschleifern und ideal zum Fr&auml;sen von Kan&auml;len f&uuml;r Sanit&auml;r- und Elektrokabel.<\/li>\n<li>Saubereres Arbeitsumfeld &ndash; Staubfreies Fr&auml;sen dank Staubsaugeranschluss sorgt f&uuml;r eine bessere und ges&uuml;ndere Arbeitsumgebung.<\/li>\n<li>Pr&auml;zise Ergebnisse ohne Aufwand &ndash; Die F&uuml;hrungsschiene sorgt f&uuml;r gleichm&auml;&szlig;iges und stabiles Fr&auml;sen.<\/li>\n<\/ul><h5><strong>Hinweis:<\/strong><\/h5><p>Klingen sind nicht im Lieferumfang enthalten und m&uuml;ssen separat erworben werden. Sehen Sie sich unser Angebot an kompatiblen Klingen im Zubeh&ouml;rbereich des Shops an.<\/p><p><iframe title=\"Kanalf&auml;sen in Porenbeton mit Kanalfr&auml;ser + F&uuml;hrungsschlitten. Staubfreie  El installationen\" width=\"800\" height=\"450\" src=\"https:\/\/www.youtube.com\/embed\/4jVTP1ncPD8?feature=oembed\" frameborder=\"0\" allow=\"accelerometer; autoplay; clipboard-write; encrypted-media; gyroscope; picture-in-picture; web-share\" referrerpolicy=\"strict-origin-when-cross-origin\" allowfullscreen><\/iframe><\/p>\n","protected":false},"excerpt":{"rendered":"<h5>F\u00fchrungsschlitten f\u00fcr Kanalfr\u00e4ser \u2013 Staubfreies Fr\u00e4sen<\/h5>\n<p>Effizienter und staubfreier F\u00fchrungsschlitten f\u00fcr Winkelschleifer. Ideal zum Fr\u00e4sen von Kan\u00e4len f\u00fcr Sanit\u00e4r- und Elektrokabel. Kompatibel mit 125-mm-Winkelschleifern. Klingen separat erh\u00e4ltlich.<\/p>\n","protected":false},"featured_media":6524,"comment_status":"open","ping_status":"closed","template":"","meta":[],"product_brand":[],"product_cat":[624,632],"product_tag":[6995,8587,8588,7205,8600,6996,8579,8580,8567,8568,8609,8610,8576,8582,8597,4164,8570,6997,6998,8584,8586,6999,7000,8606,7001,7002,8596,7211,7003,7004,7005,7006,7007,7008,8601,8590,7009,7010,7212,8591,8602,7011,8564,7213,8604,8560,7214,7012,7013,7014,8605,8594,7015,8574,7216,7016,7017,7018,7019,8565,8578,8608,8571,8611,8583,8595,8561,7020,8573,7223,6245,7021,7224,7022,8569,8581,7023,7024,8603,8559,7227,6204,6205,6206,6207,6208,7228,7025,7026,7027,7028,7029,8572,8592,8593,1349,7231,7030,7031,5336,8575,7032,7033,7034,7233,7035,7036,8562,7037,7038,8566,7039,7040,8589,7041,7042,8563,8607,5775,7043,7044,7045,8598,8599,8577,824,8585,2900],"class_list":{"0":"post-6550","1":"product","2":"type-product","3":"status-publish","4":"has-post-thumbnail","6":"product_cat-voegfrezen","7":"product_cat-fugenschneidersohle","8":"product_tag-125mm-de","9":"product_tag-26mmdepth-de","10":"product_tag-60mmdepth-de","11":"product_tag-aeratedconcrete-de","12":"product_tag-afzuigsysteem-de","13":"product_tag-anglegrinder-de","14":"product_tag-arbeitstiefe26mm-de","15":"product_tag-arbeitstiefe60mm-de","16":"product_tag-arbejdsdybde26mm-de","17":"product_tag-arbejdsdybde60mm-de","18":"product_tag-arbetsdjup26mm-de","19":"product_tag-arbetsdjup60mm-de","20":"product_tag-baumaterial-de","21":"product_tag-bauwerkzeug-de","22":"product_tag-bouwgereedschap-de","23":"product_tag-byggematerialer-de","24":"product_tag-byggerivaerktoej-de","25":"product_tag-channelcutter-de","26":"product_tag-channelcutting-de","27":"product_tag-chaser-de","28":"product_tag-constructiontool-de","29":"product_tag-dammfrifraening-de","30":"product_tag-dammfrifraesning-de","31":"product_tag-dammfritarbete-de","32":"product_tag-dammsugare-de","33":"product_tag-dammsugartillkoppling-de","34":"product_tag-draadinstallatie-de","35":"product_tag-dustfree-de","36":"product_tag-dustfreecutting-de","37":"product_tag-dustfreegrooving-de","38":"product_tag-effektivfraesning-de","39":"product_tag-effektivfraening-de","40":"product_tag-efficientcutting-de","41":"product_tag-efficientfrezen-de","42":"product_tag-efficientwerken-de","43":"product_tag-efficientwork-de","44":"product_tag-effizientesfraesen-de","45":"product_tag-electricalcables-de","46":"product_tag-electricalinstallations-de","47":"product_tag-electriciantool-de","48":"product_tag-elektriciensgereedschap-de","49":"product_tag-elektriciteitskabels-de","50":"product_tag-elektriker-de","51":"product_tag-elektrischeinstallaties-de","52":"product_tag-elektriskainstallationer-de","53":"product_tag-elektriskeinstallationer-de","54":"product_tag-elektroinstallationen-de","55":"product_tag-elektrokabel-de","56":"product_tag-elkablar-de","57":"product_tag-elkabler-de","58":"product_tag-fraessula-de","59":"product_tag-freesschoen-de","60":"product_tag-fuehrungsschiene-de","61":"product_tag-fuehrungsschlitten-de","62":"product_tag-gasbeton-de","63":"product_tag-geleiderail-de","64":"product_tag-groovingsole-de","65":"product_tag-guiderail-de","66":"product_tag-haakseslijper-de","67":"product_tag-haandvaerker-de","68":"product_tag-handwerker-de","69":"product_tag-hantverkare-de","70":"product_tag-installationsvaerktoej-de","71":"product_tag-installationsverktyg-de","72":"product_tag-installationswerkzeug-de","73":"product_tag-kabelinstallatie-de","74":"product_tag-kabelinstallation-de","75":"product_tag-kanalenfrezen-de","76":"product_tag-kanalfaesen-de","77":"product_tag-kanalfraeser-de","78":"product_tag-kanalfraesning-de","79":"product_tag-kanalfraening-de","80":"product_tag-kanalfraes-de","81":"product_tag-kanalfraesen-de","82":"product_tag-ledningsinstallation-de","83":"product_tag-leitungsinstallation-de","84":"product_tag-nutfraessohle-de","85":"product_tag-plumbingcables-de","86":"product_tag-porbetong-de","87":"product_tag-porebeton-de","88":"product_tag-porenbeton-de","89":"product_tag-praecisionsvaerktoej-de","90":"product_tag-praezisionswerkzeug-de","91":"product_tag-precisiegereedschap-de","92":"product_tag-precisionsverktyg-de","93":"product_tag-precisiontool-de","94":"product_tag-rillefraeser-de","95":"product_tag-rillefraesersaal-de","96":"product_tag-rillefraesschiene-de","97":"product_tag-rillefreeszool-de","98":"product_tag-sanitairkabels-de","99":"product_tag-sanitaerkabel-de","100":"product_tag-schlitzfraeser-de","101":"product_tag-sleuvenfrees-de","102":"product_tag-sleuvenfrezen-de","103":"product_tag-soleplate-de","104":"product_tag-spaarfraes-de","105":"product_tag-spaarfraessula-de","106":"product_tag-spaarsaal-de","107":"product_tag-staubabsaugung-de","108":"product_tag-staubfreiesarbeiten-de","109":"product_tag-staubfreiesfraesen-de","110":"product_tag-staubsauger-de","111":"product_tag-staubsaugeranschluss-de","112":"product_tag-stofvrij-de","113":"product_tag-stofvrijfrezen-de","114":"product_tag-stofzuigeraansluiting-de","115":"product_tag-stoevfriarbejde-de","116":"product_tag-stoevfrifraesning-de","117":"product_tag-stoevsuger-de","118":"product_tag-stoevudtraek-de","119":"product_tag-styreskinne-de","120":"product_tag-styrskena-de","121":"product_tag-vacuumattachment-de","122":"product_tag-vacuumcleaner-de","123":"product_tag-vacuumconnection-de","124":"product_tag-vaerktoejtilbyggeri-de","125":"product_tag-verktygfoerelektriker-de","126":"product_tag-vinkelsliber-de","127":"product_tag-vinkelslip-de","128":"product_tag-vvskablar-de","129":"product_tag-vvskabler-de","130":"product_tag-werkdiepte26mm-de","131":"product_tag-werkdiepte60mm-de","132":"product_tag-werkzeugfuerelektriker-de","133":"product_tag-winkelschleifer-de","134":"product_tag-wireinstallation-de","135":"product_tag-googleads-de","137":"first","138":"instock","139":"taxable","140":"shipping-taxable","141":"purchasable","142":"product-type-simple"},"yoast_head":"<!-- This site is optimized with the Yoast SEO plugin v27.4 - https:\/\/yoast.com\/product\/yoast-seo-wordpress\/ -->\n<title>F\u00fchrungsschlitten f\u00fcr Kanalfr\u00e4ser \u2013 Staubfreies Fr\u00e4sen - Murerpoint ApS<\/title>\n<meta name=\"description\" content=\"Effizienter und staubfreier F\u00fchrungsschlitten f\u00fcr Winkelschleifer \u2013 Ideal zum Fr\u00e4sen von Kan\u00e4len. Passend f\u00fcr 125-mm-Winkelschleifer.\" \/>\n<meta name=\"robots\" content=\"index, follow, max-snippet:-1, max-image-preview:large, max-video-preview:-1\" \/>\n<link rel=\"canonical\" href=\"https:\/\/murerpoint.dk\/de\/produkt\/fuehrungsschlitten-fuer-kanalfraeser-staubfreies-fraesen\/\" \/>\n<meta property=\"og:locale\" content=\"de_DE\" \/>\n<meta property=\"og:type\" content=\"article\" \/>\n<meta property=\"og:title\" content=\"F\u00fchrungsschlitten f\u00fcr Kanalfr\u00e4ser \u2013 Staubfreies Fr\u00e4sen - Murerpoint ApS\" \/>\n<meta property=\"og:description\" content=\"Effizienter und staubfreier F\u00fchrungsschlitten f\u00fcr Winkelschleifer \u2013 Ideal zum Fr\u00e4sen von Kan\u00e4len. Passend f\u00fcr 125-mm-Winkelschleifer.\" \/>\n<meta property=\"og:url\" content=\"https:\/\/murerpoint.dk\/de\/produkt\/fuehrungsschlitten-fuer-kanalfraeser-staubfreies-fraesen\/\" \/>\n<meta property=\"og:site_name\" content=\"Murerpoint ApS\" \/>\n<meta property=\"article:publisher\" content=\"https:\/\/m.facebook.com\/profile.php?id=61555157262134\" \/>\n<meta property=\"article:modified_time\" content=\"2024-10-22T13:24:59+00:00\" \/>\n<meta property=\"og:image\" content=\"https:\/\/murerpoint.dk\/wp-content\/uploads\/2024\/09\/Rillefraesersaal-top-150x150-1-1.jpg\" \/>\n\t<meta property=\"og:image:width\" content=\"223\" \/>\n\t<meta property=\"og:image:height\" content=\"234\" \/>\n\t<meta property=\"og:image:type\" content=\"image\/jpeg\" \/>\n<meta name=\"twitter:card\" content=\"summary_large_image\" \/>\n<meta name=\"twitter:label1\" content=\"Preis\" \/>\n\t<meta name=\"twitter:data1\" content=\"&euro;76.94 Pris ekskl. moms: &euro;61.55\" \/>\n\t<meta name=\"twitter:label2\" content=\"Verf\u00fcgbarkeit\" \/>\n\t<meta name=\"twitter:data2\" content=\"Auf Lager\" \/>\n<script type=\"application\/ld+json\" class=\"yoast-schema-graph\">{\"@context\":\"https:\\\/\\\/schema.org\",\"@graph\":[{\"@type\":\"WebPage\",\"@id\":\"https:\\\/\\\/murerpoint.dk\\\/de\\\/produkt\\\/fuehrungsschlitten-fuer-kanalfraeser-staubfreies-fraesen\\\/\",\"url\":\"https:\\\/\\\/murerpoint.dk\\\/de\\\/produkt\\\/fuehrungsschlitten-fuer-kanalfraeser-staubfreies-fraesen\\\/\",\"name\":\"F\u00fchrungsschlitten f\u00fcr Kanalfr\u00e4ser \u2013 Staubfreies Fr\u00e4sen - Murerpoint ApS\",\"isPartOf\":{\"@id\":\"https:\\\/\\\/murerpoint.dk\\\/de\\\/#website\"},\"primaryImageOfPage\":{\"@id\":\"https:\\\/\\\/murerpoint.dk\\\/de\\\/produkt\\\/fuehrungsschlitten-fuer-kanalfraeser-staubfreies-fraesen\\\/#primaryimage\"},\"image\":{\"@id\":\"https:\\\/\\\/murerpoint.dk\\\/de\\\/produkt\\\/fuehrungsschlitten-fuer-kanalfraeser-staubfreies-fraesen\\\/#primaryimage\"},\"thumbnailUrl\":\"https:\\\/\\\/murerpoint.dk\\\/wp-content\\\/uploads\\\/2024\\\/09\\\/Rillefraesersaal-top-150x150-1-1.jpg\",\"datePublished\":\"2024-09-11T10:12:30+00:00\",\"dateModified\":\"2024-10-22T13:24:59+00:00\",\"description\":\"Effizienter und staubfreier F\u00fchrungsschlitten f\u00fcr Winkelschleifer \u2013 Ideal zum Fr\u00e4sen von Kan\u00e4len. Passend f\u00fcr 125-mm-Winkelschleifer.\",\"breadcrumb\":{\"@id\":\"https:\\\/\\\/murerpoint.dk\\\/de\\\/produkt\\\/fuehrungsschlitten-fuer-kanalfraeser-staubfreies-fraesen\\\/#breadcrumb\"},\"inLanguage\":\"de\",\"potentialAction\":[{\"@type\":\"ReadAction\",\"target\":[\"https:\\\/\\\/murerpoint.dk\\\/de\\\/produkt\\\/fuehrungsschlitten-fuer-kanalfraeser-staubfreies-fraesen\\\/\"]}]},{\"@type\":\"ImageObject\",\"inLanguage\":\"de\",\"@id\":\"https:\\\/\\\/murerpoint.dk\\\/de\\\/produkt\\\/fuehrungsschlitten-fuer-kanalfraeser-staubfreies-fraesen\\\/#primaryimage\",\"url\":\"https:\\\/\\\/murerpoint.dk\\\/wp-content\\\/uploads\\\/2024\\\/09\\\/Rillefraesersaal-top-150x150-1-1.jpg\",\"contentUrl\":\"https:\\\/\\\/murerpoint.dk\\\/wp-content\\\/uploads\\\/2024\\\/09\\\/Rillefraesersaal-top-150x150-1-1.jpg\",\"width\":223,\"height\":234,\"caption\":\"Rillefr\u00e6sers\u00e5len har tre funktioner: 1. s\u00f8rger for ensartet dybde 2. holder retningen grundet fixeret styreskinne 3. st\u00f8vfri fr\u00e6sning ved sammenkobling med st\u00f8vssuger\"},{\"@type\":\"BreadcrumbList\",\"@id\":\"https:\\\/\\\/murerpoint.dk\\\/de\\\/produkt\\\/fuehrungsschlitten-fuer-kanalfraeser-staubfreies-fraesen\\\/#breadcrumb\",\"itemListElement\":[{\"@type\":\"ListItem\",\"position\":1,\"name\":\"Hjem\",\"item\":\"https:\\\/\\\/murerpoint.dk\\\/de\\\/\"},{\"@type\":\"ListItem\",\"position\":2,\"name\":\"SHOPPEN\",\"item\":\"https:\\\/\\\/murerpoint.dk\\\/de\\\/shoppen\\\/\"},{\"@type\":\"ListItem\",\"position\":3,\"name\":\"F\u00fchrungsschlitten f\u00fcr Kanalfr\u00e4ser \u2013 Staubfreies Fr\u00e4sen\"}]},{\"@type\":\"WebSite\",\"@id\":\"https:\\\/\\\/murerpoint.dk\\\/de\\\/#website\",\"url\":\"https:\\\/\\\/murerpoint.dk\\\/de\\\/\",\"name\":\"Murerpoint\",\"description\":\"kvalitets v\u00e6rkt\u00f8j\",\"publisher\":{\"@id\":\"https:\\\/\\\/murerpoint.dk\\\/de\\\/#organization\"},\"potentialAction\":[{\"@type\":\"SearchAction\",\"target\":{\"@type\":\"EntryPoint\",\"urlTemplate\":\"https:\\\/\\\/murerpoint.dk\\\/de\\\/?s={search_term_string}\"},\"query-input\":{\"@type\":\"PropertyValueSpecification\",\"valueRequired\":true,\"valueName\":\"search_term_string\"}}],\"inLanguage\":\"de\"},{\"@type\":\"Organization\",\"@id\":\"https:\\\/\\\/murerpoint.dk\\\/de\\\/#organization\",\"name\":\"Murerpoint ApS\",\"url\":\"https:\\\/\\\/murerpoint.dk\\\/de\\\/\",\"logo\":{\"@type\":\"ImageObject\",\"inLanguage\":\"de\",\"@id\":\"https:\\\/\\\/murerpoint.dk\\\/de\\\/#\\\/schema\\\/logo\\\/image\\\/\",\"url\":\"https:\\\/\\\/murerpoint.dk\\\/wp-content\\\/uploads\\\/2023\\\/12\\\/cropped-Sort-Midt-Roed-Mursten.png\",\"contentUrl\":\"https:\\\/\\\/murerpoint.dk\\\/wp-content\\\/uploads\\\/2023\\\/12\\\/cropped-Sort-Midt-Roed-Mursten.png\",\"width\":512,\"height\":512,\"caption\":\"Murerpoint ApS\"},\"image\":{\"@id\":\"https:\\\/\\\/murerpoint.dk\\\/de\\\/#\\\/schema\\\/logo\\\/image\\\/\"},\"sameAs\":[\"https:\\\/\\\/m.facebook.com\\\/profile.php?id=61555157262134\",\"https:\\\/\\\/www.instagram.com\\\/murerpoint?igsh=azluMWV6cTnc2ts&utm_source=qr\",\"https:\\\/\\\/www.tiktok.com\\\/@murerpoint?is_from_webapp=1&sender_device=pc\"]}]}<\/script>\n<meta property=\"product:price:amount\" content=\"76.94\" \/>\n<meta property=\"product:price:currency\" content=\"EUR\" \/>\n<meta property=\"og:availability\" content=\"instock\" \/>\n<meta property=\"product:availability\" content=\"instock\" \/>\n<meta property=\"product:retailer_item_id\" content=\"mp000133\" \/>\n<meta property=\"product:condition\" content=\"new\" \/>\n<!-- \/ Yoast SEO plugin. -->","yoast_head_json":{"title":"F\u00fchrungsschlitten f\u00fcr Kanalfr\u00e4ser \u2013 Staubfreies Fr\u00e4sen - Murerpoint ApS","description":"Effizienter und staubfreier F\u00fchrungsschlitten f\u00fcr Winkelschleifer \u2013 Ideal zum Fr\u00e4sen von Kan\u00e4len. Passend f\u00fcr 125-mm-Winkelschleifer.","robots":{"index":"index","follow":"follow","max-snippet":"max-snippet:-1","max-image-preview":"max-image-preview:large","max-video-preview":"max-video-preview:-1"},"canonical":"https:\/\/murerpoint.dk\/de\/produkt\/fuehrungsschlitten-fuer-kanalfraeser-staubfreies-fraesen\/","og_locale":"de_DE","og_type":"article","og_title":"F\u00fchrungsschlitten f\u00fcr Kanalfr\u00e4ser \u2013 Staubfreies Fr\u00e4sen - Murerpoint ApS","og_description":"Effizienter und staubfreier F\u00fchrungsschlitten f\u00fcr Winkelschleifer \u2013 Ideal zum Fr\u00e4sen von Kan\u00e4len. Passend f\u00fcr 125-mm-Winkelschleifer.","og_url":"https:\/\/murerpoint.dk\/de\/produkt\/fuehrungsschlitten-fuer-kanalfraeser-staubfreies-fraesen\/","og_site_name":"Murerpoint ApS","article_publisher":"https:\/\/m.facebook.com\/profile.php?id=61555157262134","article_modified_time":"2024-10-22T13:24:59+00:00","og_image":[{"width":223,"height":234,"url":"https:\/\/murerpoint.dk\/wp-content\/uploads\/2024\/09\/Rillefraesersaal-top-150x150-1-1.jpg","type":"image\/jpeg"}],"twitter_card":"summary_large_image","twitter_misc":{"Preis":"&euro;76.94 Pris ekskl. moms: &euro;61.55","Verf\u00fcgbarkeit":"Auf Lager"},"schema":{"@context":"https:\/\/schema.org","@graph":[{"@type":"WebPage","@id":"https:\/\/murerpoint.dk\/de\/produkt\/fuehrungsschlitten-fuer-kanalfraeser-staubfreies-fraesen\/","url":"https:\/\/murerpoint.dk\/de\/produkt\/fuehrungsschlitten-fuer-kanalfraeser-staubfreies-fraesen\/","name":"F\u00fchrungsschlitten f\u00fcr Kanalfr\u00e4ser \u2013 Staubfreies Fr\u00e4sen - Murerpoint ApS","isPartOf":{"@id":"https:\/\/murerpoint.dk\/de\/#website"},"primaryImageOfPage":{"@id":"https:\/\/murerpoint.dk\/de\/produkt\/fuehrungsschlitten-fuer-kanalfraeser-staubfreies-fraesen\/#primaryimage"},"image":{"@id":"https:\/\/murerpoint.dk\/de\/produkt\/fuehrungsschlitten-fuer-kanalfraeser-staubfreies-fraesen\/#primaryimage"},"thumbnailUrl":"https:\/\/murerpoint.dk\/wp-content\/uploads\/2024\/09\/Rillefraesersaal-top-150x150-1-1.jpg","datePublished":"2024-09-11T10:12:30+00:00","dateModified":"2024-10-22T13:24:59+00:00","description":"Effizienter und staubfreier F\u00fchrungsschlitten f\u00fcr Winkelschleifer \u2013 Ideal zum Fr\u00e4sen von Kan\u00e4len. Passend f\u00fcr 125-mm-Winkelschleifer.","breadcrumb":{"@id":"https:\/\/murerpoint.dk\/de\/produkt\/fuehrungsschlitten-fuer-kanalfraeser-staubfreies-fraesen\/#breadcrumb"},"inLanguage":"de","potentialAction":[{"@type":"ReadAction","target":["https:\/\/murerpoint.dk\/de\/produkt\/fuehrungsschlitten-fuer-kanalfraeser-staubfreies-fraesen\/"]}]},{"@type":"ImageObject","inLanguage":"de","@id":"https:\/\/murerpoint.dk\/de\/produkt\/fuehrungsschlitten-fuer-kanalfraeser-staubfreies-fraesen\/#primaryimage","url":"https:\/\/murerpoint.dk\/wp-content\/uploads\/2024\/09\/Rillefraesersaal-top-150x150-1-1.jpg","contentUrl":"https:\/\/murerpoint.dk\/wp-content\/uploads\/2024\/09\/Rillefraesersaal-top-150x150-1-1.jpg","width":223,"height":234,"caption":"Rillefr\u00e6sers\u00e5len har tre funktioner: 1. s\u00f8rger for ensartet dybde 2. holder retningen grundet fixeret styreskinne 3. st\u00f8vfri fr\u00e6sning ved sammenkobling med st\u00f8vssuger"},{"@type":"BreadcrumbList","@id":"https:\/\/murerpoint.dk\/de\/produkt\/fuehrungsschlitten-fuer-kanalfraeser-staubfreies-fraesen\/#breadcrumb","itemListElement":[{"@type":"ListItem","position":1,"name":"Hjem","item":"https:\/\/murerpoint.dk\/de\/"},{"@type":"ListItem","position":2,"name":"SHOPPEN","item":"https:\/\/murerpoint.dk\/de\/shoppen\/"},{"@type":"ListItem","position":3,"name":"F\u00fchrungsschlitten f\u00fcr Kanalfr\u00e4ser \u2013 Staubfreies Fr\u00e4sen"}]},{"@type":"WebSite","@id":"https:\/\/murerpoint.dk\/de\/#website","url":"https:\/\/murerpoint.dk\/de\/","name":"Murerpoint","description":"kvalitets v\u00e6rkt\u00f8j","publisher":{"@id":"https:\/\/murerpoint.dk\/de\/#organization"},"potentialAction":[{"@type":"SearchAction","target":{"@type":"EntryPoint","urlTemplate":"https:\/\/murerpoint.dk\/de\/?s={search_term_string}"},"query-input":{"@type":"PropertyValueSpecification","valueRequired":true,"valueName":"search_term_string"}}],"inLanguage":"de"},{"@type":"Organization","@id":"https:\/\/murerpoint.dk\/de\/#organization","name":"Murerpoint ApS","url":"https:\/\/murerpoint.dk\/de\/","logo":{"@type":"ImageObject","inLanguage":"de","@id":"https:\/\/murerpoint.dk\/de\/#\/schema\/logo\/image\/","url":"https:\/\/murerpoint.dk\/wp-content\/uploads\/2023\/12\/cropped-Sort-Midt-Roed-Mursten.png","contentUrl":"https:\/\/murerpoint.dk\/wp-content\/uploads\/2023\/12\/cropped-Sort-Midt-Roed-Mursten.png","width":512,"height":512,"caption":"Murerpoint ApS"},"image":{"@id":"https:\/\/murerpoint.dk\/de\/#\/schema\/logo\/image\/"},"sameAs":["https:\/\/m.facebook.com\/profile.php?id=61555157262134","https:\/\/www.instagram.com\/murerpoint?igsh=azluMWV6cTnc2ts&utm_source=qr","https:\/\/www.tiktok.com\/@murerpoint?is_from_webapp=1&sender_device=pc"]}]},"product_price_amount":"76.94","product_price_currency":"EUR","og_availability":"instock","product_availability":"instock","product_retailer_item_id":"mp000133","product_condition":"new"},"_links":{"self":[{"href":"https:\/\/murerpoint.dk\/de\/wp-json\/wp\/v2\/product\/6550","targetHints":{"allow":["GET"]}}],"collection":[{"href":"https:\/\/murerpoint.dk\/de\/wp-json\/wp\/v2\/product"}],"about":[{"href":"https:\/\/murerpoint.dk\/de\/wp-json\/wp\/v2\/types\/product"}],"replies":[{"embeddable":true,"href":"https:\/\/murerpoint.dk\/de\/wp-json\/wp\/v2\/comments?post=6550"}],"wp:featuredmedia":[{"embeddable":true,"href":"https:\/\/murerpoint.dk\/de\/wp-json\/wp\/v2\/media\/6524"}],"wp:attachment":[{"href":"https:\/\/murerpoint.dk\/de\/wp-json\/wp\/v2\/media?parent=6550"}],"wp:term":[{"taxonomy":"product_brand","embeddable":true,"href":"https:\/\/murerpoint.dk\/de\/wp-json\/wp\/v2\/product_brand?post=6550"},{"taxonomy":"product_cat","embeddable":true,"href":"https:\/\/murerpoint.dk\/de\/wp-json\/wp\/v2\/product_cat?post=6550"},{"taxonomy":"product_tag","embeddable":true,"href":"https:\/\/murerpoint.dk\/de\/wp-json\/wp\/v2\/product_tag?post=6550"}],"curies":[{"name":"wp","href":"https:\/\/api.w.org\/{rel}","templated":true}]}}