{"id":8855,"date":"2025-01-24T12:04:48","date_gmt":"2025-01-24T12:04:48","guid":{"rendered":"https:\/\/murerpoint.dk\/product\/cam-coupling-for-mixpoint-quikpoint-mortar-pointing-gun\/"},"modified":"2025-02-04T09:54:44","modified_gmt":"2025-02-04T09:54:44","slug":"cam-kupplung-fuer-mixpoint-quikpoint-moertel-fugen-pistole","status":"publish","type":"product","link":"https:\/\/murerpoint.dk\/de\/produkt\/cam-kupplung-fuer-mixpoint-quikpoint-moertel-fugen-pistole\/","title":{"rendered":"Cam-Kupplung f\u00fcr MIXpoint \/ Quikpoint M\u00f6rtel Fugen pistole"},"content":{"rendered":"<?xml encoding=\"utf-8\" ?><div class=\"flex max-w-full flex-col flex-grow\">\n<div class=\"min-h-8 text-message flex w-full flex-col items-end gap-2 whitespace-normal break-words text-start [.text-message+&amp;]:mt-5\" dir=\"auto\" data-message-author-role=\"assistant\" data-message-id=\"6089d5a2-2fe7-41fa-b61d-2f1ccb3624fc\" data-message-model-slug=\"gpt-4o\">\n<div class=\"flex w-full flex-col gap-1 empty:hidden first:pt-[3px]\">\n<div class=\"markdown prose w-full break-words dark:prose-invert light\">\n<p><strong>Cam-Kupplung f&uuml;r MIXpoint \/ Quikpoint M&ouml;rtel Fugen pistole<\/strong><\/p>\n<p>Diese Cam-Kupplung ist ein wichtiges Ersatzteil f&uuml;r die M&ouml;rtel-Fugenspistolen von MIXpoint, Quikpoint und Kwikpoint. Sie dient als zentrale Verbindung zwischen der Bohrmaschine und der F&ouml;rderschnecke und treibt gleichzeitig die Vibrationsstange an, die den M&ouml;rtel im Trichter bewegt.<\/p>\n<p><strong>Was macht die Cam-Kupplung?<\/strong><\/p>\n<ul>\n<li>Verbindet die Bohrmaschine mit der F&ouml;rderschnecke &uuml;ber die 5-seitige &bdquo;Cam&ldquo;.<\/li>\n<li>&Uuml;ber eine zwischengeschaltete Cam-Rolle treibt sie auch die Vibrationsstange an, um eine gleichm&auml;&szlig;ige und effiziente M&ouml;rtelmischung im Trichter zu gew&auml;hrleisten.<\/li>\n<\/ul>\n<p><strong>Was ist enthalten?<\/strong><\/p>\n<ul>\n<li>1 Cam-Kupplung mit Befestigungsschrauben.<\/li>\n<\/ul>\n<p><strong>Vorteile:<\/strong><\/p>\n<ul>\n<li>Kompatibel mit allen Modellen der M&ouml;rtel-Fugenspistolen von MIXpoint, Quikpoint und Kwikpoint.<\/li>\n<li>Hergestellt aus strapazierf&auml;higen Materialien f&uuml;r zuverl&auml;ssige und langlebige Leistung.<\/li>\n<li>Einfach zu montieren und auszutauschen.<\/li>\n<\/ul>\n<p><strong>Hinweis:<\/strong><br>\nKontaktieren Sie uns, wenn Sie Fragen zur Kompatibilit&auml;t oder Verwendung der Cam-Kupplung haben.<\/p>\n<\/div>\n<\/div>\n<\/div>\n<\/div><div class=\"mb-2 flex gap-3 empty:hidden -ml-2\">\n<div class=\"items-center justify-start rounded-xl p-1 flex\">\n<div class=\"flex items-center\"><button class=\"rounded-lg text-token-text-secondary hover:bg-token-main-surface-secondary\" aria-label=\"Read aloud\" data-testid=\"voice-play-turn-action-button\"><\/button><button class=\"rounded-lg text-token-text-secondary hover:bg-token-main-surface-secondary\" aria-label=\"Kopier\" data-testid=\"copy-turn-action-button\"><\/button><button class=\"rounded-lg text-token-text-secondary hover:bg-token-main-surface-secondary\" aria-label=\"Rediger i Canvas\"><\/button>\n<div class=\"flex items-center pb-0\"><span class=\"overflow-hidden text-clip whitespace-nowrap text-sm\">4o<\/span><\/div>\n<\/div>\n<\/div>\n<\/div>\n","protected":false},"excerpt":{"rendered":"<h5><strong>Cam-Kupplung f\u00fcr MIXpoint \/ Quikpoint M\u00f6rtel Fugen pistole<\/strong><\/h5>\n<p>ersatz-Cam-Kupplung f\u00fcr MIXpoint-, Quikpoint- und Kwikpoint-Fugenspistolen<\/p>\n<p>Ersatzteil mit Befestigungsschrauben.<\/p>\n<p>Online kaufen oder kontaktieren Sie uns f\u00fcr Beratung.<\/p>\n","protected":false},"featured_media":8712,"comment_status":"open","ping_status":"closed","template":"","meta":[],"product_brand":[],"product_cat":[1140],"product_tag":[10472,10473,3970,10474,2866,2870,10475,6429,10476,10477,10478,868],"class_list":{"0":"post-8855","1":"product","2":"type-product","3":"status-publish","4":"has-post-thumbnail","6":"product_cat-klinge-fuer-kreissaege","7":"product_tag-camkobling-de","8":"product_tag-kwikpoint-de","9":"product_tag-mixpoint-de","10":"product_tag-moertelarbejde-de","11":"product_tag-moertelfugepistoladapter-de","12":"product_tag-quikpoint-de","13":"product_tag-reparation-de","14":"product_tag-reservedel-de","15":"product_tag-tilbehoer-de","16":"product_tag-tilbehoerfugepistol-de","17":"product_tag-tilbehoerquikpoint-de","18":"product_tag-moertel-fugen-spritze-mit-druckluft","20":"first","21":"outofstock","22":"taxable","23":"shipping-taxable","24":"purchasable","25":"product-type-simple"},"yoast_head":"<!-- This site is optimized with the Yoast SEO plugin v27.5 - https:\/\/yoast.com\/product\/yoast-seo-wordpress\/ -->\n<title>Cam-Kupplung f\u00fcr MIXpoint \/ Quikpoint M\u00f6rtel Fugen pistole - Murerpoint ApS<\/title>\n<meta name=\"description\" content=\"Ersatz-Cam-Kupplung f\u00fcr MIXpoint- und Quikpoint-M\u00f6rtel-FugenspistolenEnthalten: 1 Cam-Kupplung mit Befestigungsschrauben. Online hier kaufen.\" \/>\n<meta name=\"robots\" content=\"index, follow, max-snippet:-1, max-image-preview:large, max-video-preview:-1\" \/>\n<link rel=\"canonical\" href=\"https:\/\/murerpoint.dk\/de\/produkt\/cam-kupplung-fuer-mixpoint-quikpoint-moertel-fugen-pistole\/\" \/>\n<meta property=\"og:locale\" content=\"de_DE\" \/>\n<meta property=\"og:type\" content=\"article\" \/>\n<meta property=\"og:title\" content=\"Cam-Kupplung f\u00fcr MIXpoint \/ Quikpoint M\u00f6rtel Fugen pistole - Murerpoint ApS\" \/>\n<meta property=\"og:description\" content=\"Ersatz-Cam-Kupplung f\u00fcr MIXpoint- und Quikpoint-M\u00f6rtel-FugenspistolenEnthalten: 1 Cam-Kupplung mit Befestigungsschrauben. Online hier kaufen.\" \/>\n<meta property=\"og:url\" content=\"https:\/\/murerpoint.dk\/de\/produkt\/cam-kupplung-fuer-mixpoint-quikpoint-moertel-fugen-pistole\/\" \/>\n<meta property=\"og:site_name\" content=\"Murerpoint ApS\" \/>\n<meta property=\"article:publisher\" content=\"https:\/\/m.facebook.com\/profile.php?id=61555157262134\" \/>\n<meta property=\"article:modified_time\" content=\"2025-02-04T09:54:44+00:00\" \/>\n<meta property=\"og:image\" content=\"https:\/\/murerpoint.dk\/wp-content\/uploads\/2025\/01\/Skaermbillede-2025-01-24-130252.png\" \/>\n\t<meta property=\"og:image:width\" content=\"751\" \/>\n\t<meta property=\"og:image:height\" content=\"656\" \/>\n\t<meta property=\"og:image:type\" content=\"image\/png\" \/>\n<meta name=\"twitter:card\" content=\"summary_large_image\" \/>\n<meta name=\"twitter:label1\" content=\"Preis\" \/>\n\t<meta name=\"twitter:data1\" content=\"&euro;37.63 Pris ekskl. moms: &euro;30.10\" \/>\n\t<meta name=\"twitter:label2\" content=\"Verf\u00fcgbarkeit\" \/>\n\t<meta name=\"twitter:data2\" content=\"ausverkauft\" \/>\n<script type=\"application\/ld+json\" class=\"yoast-schema-graph\">{\"@context\":\"https:\\\/\\\/schema.org\",\"@graph\":[{\"@type\":\"WebPage\",\"@id\":\"https:\\\/\\\/murerpoint.dk\\\/de\\\/produkt\\\/cam-kupplung-fuer-mixpoint-quikpoint-moertel-fugen-pistole\\\/\",\"url\":\"https:\\\/\\\/murerpoint.dk\\\/de\\\/produkt\\\/cam-kupplung-fuer-mixpoint-quikpoint-moertel-fugen-pistole\\\/\",\"name\":\"Cam-Kupplung f\u00fcr MIXpoint \\\/ Quikpoint M\u00f6rtel Fugen pistole - Murerpoint ApS\",\"isPartOf\":{\"@id\":\"https:\\\/\\\/murerpoint.dk\\\/de\\\/#website\"},\"primaryImageOfPage\":{\"@id\":\"https:\\\/\\\/murerpoint.dk\\\/de\\\/produkt\\\/cam-kupplung-fuer-mixpoint-quikpoint-moertel-fugen-pistole\\\/#primaryimage\"},\"image\":{\"@id\":\"https:\\\/\\\/murerpoint.dk\\\/de\\\/produkt\\\/cam-kupplung-fuer-mixpoint-quikpoint-moertel-fugen-pistole\\\/#primaryimage\"},\"thumbnailUrl\":\"https:\\\/\\\/murerpoint.dk\\\/wp-content\\\/uploads\\\/2025\\\/01\\\/Skaermbillede-2025-01-24-130252.png\",\"datePublished\":\"2025-01-24T12:04:48+00:00\",\"dateModified\":\"2025-02-04T09:54:44+00:00\",\"description\":\"Ersatz-Cam-Kupplung f\u00fcr MIXpoint- und Quikpoint-M\u00f6rtel-FugenspistolenEnthalten: 1 Cam-Kupplung mit Befestigungsschrauben. Online hier kaufen.\",\"breadcrumb\":{\"@id\":\"https:\\\/\\\/murerpoint.dk\\\/de\\\/produkt\\\/cam-kupplung-fuer-mixpoint-quikpoint-moertel-fugen-pistole\\\/#breadcrumb\"},\"inLanguage\":\"de\",\"potentialAction\":[{\"@type\":\"ReadAction\",\"target\":[\"https:\\\/\\\/murerpoint.dk\\\/de\\\/produkt\\\/cam-kupplung-fuer-mixpoint-quikpoint-moertel-fugen-pistole\\\/\"]}]},{\"@type\":\"ImageObject\",\"inLanguage\":\"de\",\"@id\":\"https:\\\/\\\/murerpoint.dk\\\/de\\\/produkt\\\/cam-kupplung-fuer-mixpoint-quikpoint-moertel-fugen-pistole\\\/#primaryimage\",\"url\":\"https:\\\/\\\/murerpoint.dk\\\/wp-content\\\/uploads\\\/2025\\\/01\\\/Skaermbillede-2025-01-24-130252.png\",\"contentUrl\":\"https:\\\/\\\/murerpoint.dk\\\/wp-content\\\/uploads\\\/2025\\\/01\\\/Skaermbillede-2025-01-24-130252.png\",\"width\":751,\"height\":656,\"caption\":\"Cam-kobling til MIXpoint, Quikpoint og Kwikpoint m\u00f8rtelfugepistoler \u2013 udskiftningsdel med fastg\u00f8relsesskruer. resevedel \\\/ tilbeh\u00f8r til quikpoint m\u00f8rtel fugepistol\"},{\"@type\":\"BreadcrumbList\",\"@id\":\"https:\\\/\\\/murerpoint.dk\\\/de\\\/produkt\\\/cam-kupplung-fuer-mixpoint-quikpoint-moertel-fugen-pistole\\\/#breadcrumb\",\"itemListElement\":[{\"@type\":\"ListItem\",\"position\":1,\"name\":\"Hjem\",\"item\":\"https:\\\/\\\/murerpoint.dk\\\/de\\\/\"},{\"@type\":\"ListItem\",\"position\":2,\"name\":\"SHOPPEN\",\"item\":\"https:\\\/\\\/murerpoint.dk\\\/de\\\/shoppen\\\/\"},{\"@type\":\"ListItem\",\"position\":3,\"name\":\"Cam-Kupplung f\u00fcr MIXpoint \\\/ Quikpoint M\u00f6rtel Fugen pistole\"}]},{\"@type\":\"WebSite\",\"@id\":\"https:\\\/\\\/murerpoint.dk\\\/de\\\/#website\",\"url\":\"https:\\\/\\\/murerpoint.dk\\\/de\\\/\",\"name\":\"Murerpoint\",\"description\":\"kvalitets v\u00e6rkt\u00f8j\",\"publisher\":{\"@id\":\"https:\\\/\\\/murerpoint.dk\\\/de\\\/#organization\"},\"potentialAction\":[{\"@type\":\"SearchAction\",\"target\":{\"@type\":\"EntryPoint\",\"urlTemplate\":\"https:\\\/\\\/murerpoint.dk\\\/de\\\/?s={search_term_string}\"},\"query-input\":{\"@type\":\"PropertyValueSpecification\",\"valueRequired\":true,\"valueName\":\"search_term_string\"}}],\"inLanguage\":\"de\"},{\"@type\":\"Organization\",\"@id\":\"https:\\\/\\\/murerpoint.dk\\\/de\\\/#organization\",\"name\":\"Murerpoint ApS\",\"url\":\"https:\\\/\\\/murerpoint.dk\\\/de\\\/\",\"logo\":{\"@type\":\"ImageObject\",\"inLanguage\":\"de\",\"@id\":\"https:\\\/\\\/murerpoint.dk\\\/de\\\/#\\\/schema\\\/logo\\\/image\\\/\",\"url\":\"https:\\\/\\\/murerpoint.dk\\\/wp-content\\\/uploads\\\/2023\\\/12\\\/cropped-Sort-Midt-Roed-Mursten.png\",\"contentUrl\":\"https:\\\/\\\/murerpoint.dk\\\/wp-content\\\/uploads\\\/2023\\\/12\\\/cropped-Sort-Midt-Roed-Mursten.png\",\"width\":512,\"height\":512,\"caption\":\"Murerpoint ApS\"},\"image\":{\"@id\":\"https:\\\/\\\/murerpoint.dk\\\/de\\\/#\\\/schema\\\/logo\\\/image\\\/\"},\"sameAs\":[\"https:\\\/\\\/m.facebook.com\\\/profile.php?id=61555157262134\",\"https:\\\/\\\/www.instagram.com\\\/murerpoint?igsh=azluMWV6cTnc2ts&utm_source=qr\",\"https:\\\/\\\/www.tiktok.com\\\/@murerpoint?is_from_webapp=1&sender_device=pc\"]}]}<\/script>\n<meta property=\"product:price:amount\" content=\"37.63\" \/>\n<meta property=\"product:price:currency\" content=\"EUR\" \/>\n<meta property=\"og:availability\" content=\"out of stock\" \/>\n<meta property=\"product:availability\" content=\"out of stock\" \/>\n<meta property=\"product:retailer_item_id\" content=\"mp000246\" \/>\n<meta property=\"product:condition\" content=\"new\" \/>\n<!-- \/ Yoast SEO plugin. -->","yoast_head_json":{"title":"Cam-Kupplung f\u00fcr MIXpoint \/ Quikpoint M\u00f6rtel Fugen pistole - Murerpoint ApS","description":"Ersatz-Cam-Kupplung f\u00fcr MIXpoint- und Quikpoint-M\u00f6rtel-FugenspistolenEnthalten: 1 Cam-Kupplung mit Befestigungsschrauben. Online hier kaufen.","robots":{"index":"index","follow":"follow","max-snippet":"max-snippet:-1","max-image-preview":"max-image-preview:large","max-video-preview":"max-video-preview:-1"},"canonical":"https:\/\/murerpoint.dk\/de\/produkt\/cam-kupplung-fuer-mixpoint-quikpoint-moertel-fugen-pistole\/","og_locale":"de_DE","og_type":"article","og_title":"Cam-Kupplung f\u00fcr MIXpoint \/ Quikpoint M\u00f6rtel Fugen pistole - Murerpoint ApS","og_description":"Ersatz-Cam-Kupplung f\u00fcr MIXpoint- und Quikpoint-M\u00f6rtel-FugenspistolenEnthalten: 1 Cam-Kupplung mit Befestigungsschrauben. Online hier kaufen.","og_url":"https:\/\/murerpoint.dk\/de\/produkt\/cam-kupplung-fuer-mixpoint-quikpoint-moertel-fugen-pistole\/","og_site_name":"Murerpoint ApS","article_publisher":"https:\/\/m.facebook.com\/profile.php?id=61555157262134","article_modified_time":"2025-02-04T09:54:44+00:00","og_image":[{"width":751,"height":656,"url":"https:\/\/murerpoint.dk\/wp-content\/uploads\/2025\/01\/Skaermbillede-2025-01-24-130252.png","type":"image\/png"}],"twitter_card":"summary_large_image","twitter_misc":{"Preis":"&euro;37.63 Pris ekskl. moms: &euro;30.10","Verf\u00fcgbarkeit":"ausverkauft"},"schema":{"@context":"https:\/\/schema.org","@graph":[{"@type":"WebPage","@id":"https:\/\/murerpoint.dk\/de\/produkt\/cam-kupplung-fuer-mixpoint-quikpoint-moertel-fugen-pistole\/","url":"https:\/\/murerpoint.dk\/de\/produkt\/cam-kupplung-fuer-mixpoint-quikpoint-moertel-fugen-pistole\/","name":"Cam-Kupplung f\u00fcr MIXpoint \/ Quikpoint M\u00f6rtel Fugen pistole - Murerpoint ApS","isPartOf":{"@id":"https:\/\/murerpoint.dk\/de\/#website"},"primaryImageOfPage":{"@id":"https:\/\/murerpoint.dk\/de\/produkt\/cam-kupplung-fuer-mixpoint-quikpoint-moertel-fugen-pistole\/#primaryimage"},"image":{"@id":"https:\/\/murerpoint.dk\/de\/produkt\/cam-kupplung-fuer-mixpoint-quikpoint-moertel-fugen-pistole\/#primaryimage"},"thumbnailUrl":"https:\/\/murerpoint.dk\/wp-content\/uploads\/2025\/01\/Skaermbillede-2025-01-24-130252.png","datePublished":"2025-01-24T12:04:48+00:00","dateModified":"2025-02-04T09:54:44+00:00","description":"Ersatz-Cam-Kupplung f\u00fcr MIXpoint- und Quikpoint-M\u00f6rtel-FugenspistolenEnthalten: 1 Cam-Kupplung mit Befestigungsschrauben. Online hier kaufen.","breadcrumb":{"@id":"https:\/\/murerpoint.dk\/de\/produkt\/cam-kupplung-fuer-mixpoint-quikpoint-moertel-fugen-pistole\/#breadcrumb"},"inLanguage":"de","potentialAction":[{"@type":"ReadAction","target":["https:\/\/murerpoint.dk\/de\/produkt\/cam-kupplung-fuer-mixpoint-quikpoint-moertel-fugen-pistole\/"]}]},{"@type":"ImageObject","inLanguage":"de","@id":"https:\/\/murerpoint.dk\/de\/produkt\/cam-kupplung-fuer-mixpoint-quikpoint-moertel-fugen-pistole\/#primaryimage","url":"https:\/\/murerpoint.dk\/wp-content\/uploads\/2025\/01\/Skaermbillede-2025-01-24-130252.png","contentUrl":"https:\/\/murerpoint.dk\/wp-content\/uploads\/2025\/01\/Skaermbillede-2025-01-24-130252.png","width":751,"height":656,"caption":"Cam-kobling til MIXpoint, Quikpoint og Kwikpoint m\u00f8rtelfugepistoler \u2013 udskiftningsdel med fastg\u00f8relsesskruer. resevedel \/ tilbeh\u00f8r til quikpoint m\u00f8rtel fugepistol"},{"@type":"BreadcrumbList","@id":"https:\/\/murerpoint.dk\/de\/produkt\/cam-kupplung-fuer-mixpoint-quikpoint-moertel-fugen-pistole\/#breadcrumb","itemListElement":[{"@type":"ListItem","position":1,"name":"Hjem","item":"https:\/\/murerpoint.dk\/de\/"},{"@type":"ListItem","position":2,"name":"SHOPPEN","item":"https:\/\/murerpoint.dk\/de\/shoppen\/"},{"@type":"ListItem","position":3,"name":"Cam-Kupplung f\u00fcr MIXpoint \/ Quikpoint M\u00f6rtel Fugen pistole"}]},{"@type":"WebSite","@id":"https:\/\/murerpoint.dk\/de\/#website","url":"https:\/\/murerpoint.dk\/de\/","name":"Murerpoint","description":"kvalitets v\u00e6rkt\u00f8j","publisher":{"@id":"https:\/\/murerpoint.dk\/de\/#organization"},"potentialAction":[{"@type":"SearchAction","target":{"@type":"EntryPoint","urlTemplate":"https:\/\/murerpoint.dk\/de\/?s={search_term_string}"},"query-input":{"@type":"PropertyValueSpecification","valueRequired":true,"valueName":"search_term_string"}}],"inLanguage":"de"},{"@type":"Organization","@id":"https:\/\/murerpoint.dk\/de\/#organization","name":"Murerpoint ApS","url":"https:\/\/murerpoint.dk\/de\/","logo":{"@type":"ImageObject","inLanguage":"de","@id":"https:\/\/murerpoint.dk\/de\/#\/schema\/logo\/image\/","url":"https:\/\/murerpoint.dk\/wp-content\/uploads\/2023\/12\/cropped-Sort-Midt-Roed-Mursten.png","contentUrl":"https:\/\/murerpoint.dk\/wp-content\/uploads\/2023\/12\/cropped-Sort-Midt-Roed-Mursten.png","width":512,"height":512,"caption":"Murerpoint ApS"},"image":{"@id":"https:\/\/murerpoint.dk\/de\/#\/schema\/logo\/image\/"},"sameAs":["https:\/\/m.facebook.com\/profile.php?id=61555157262134","https:\/\/www.instagram.com\/murerpoint?igsh=azluMWV6cTnc2ts&utm_source=qr","https:\/\/www.tiktok.com\/@murerpoint?is_from_webapp=1&sender_device=pc"]}]},"product_price_amount":"37.63","product_price_currency":"EUR","og_availability":"out of stock","product_availability":"out of stock","product_retailer_item_id":"mp000246","product_condition":"new"},"_links":{"self":[{"href":"https:\/\/murerpoint.dk\/de\/wp-json\/wp\/v2\/product\/8855","targetHints":{"allow":["GET"]}}],"collection":[{"href":"https:\/\/murerpoint.dk\/de\/wp-json\/wp\/v2\/product"}],"about":[{"href":"https:\/\/murerpoint.dk\/de\/wp-json\/wp\/v2\/types\/product"}],"replies":[{"embeddable":true,"href":"https:\/\/murerpoint.dk\/de\/wp-json\/wp\/v2\/comments?post=8855"}],"wp:featuredmedia":[{"embeddable":true,"href":"https:\/\/murerpoint.dk\/de\/wp-json\/wp\/v2\/media\/8712"}],"wp:attachment":[{"href":"https:\/\/murerpoint.dk\/de\/wp-json\/wp\/v2\/media?parent=8855"}],"wp:term":[{"taxonomy":"product_brand","embeddable":true,"href":"https:\/\/murerpoint.dk\/de\/wp-json\/wp\/v2\/product_brand?post=8855"},{"taxonomy":"product_cat","embeddable":true,"href":"https:\/\/murerpoint.dk\/de\/wp-json\/wp\/v2\/product_cat?post=8855"},{"taxonomy":"product_tag","embeddable":true,"href":"https:\/\/murerpoint.dk\/de\/wp-json\/wp\/v2\/product_tag?post=8855"}],"curies":[{"name":"wp","href":"https:\/\/api.w.org\/{rel}","templated":true}]}}