{"id":1550,"date":"2024-01-25T10:46:32","date_gmt":"2024-01-25T10:46:32","guid":{"rendered":"https:\/\/murerpoint.dk\/product\/stoevskaerm-stoevkontrol-til-vinkelsliber\/"},"modified":"2024-07-08T10:14:30","modified_gmt":"2024-07-08T10:14:30","slug":"angle-grinder-dust-shroud-oe115-125mm-grinders","status":"publish","type":"product","link":"https:\/\/murerpoint.dk\/en\/product\/angle-grinder-dust-shroud-oe115-125mm-grinders\/","title":{"rendered":"Angle Grinder Dust Shroud &#8211; \u00d8115-125mm Grinders"},"content":{"rendered":"<?xml encoding=\"utf-8\" ?><div class=\"flex-1 overflow-hidden\">\n<div class=\"react-scroll-to-bottom--css-nmuqr-79elbk h-full\">\n<div class=\"react-scroll-to-bottom--css-nmuqr-1n7m0yu\">\n<div class=\"flex flex-col pb-9 text-sm\">\n<div class=\"w-full text-token-text-primary\" data-testid=\"conversation-turn-427\">\n<div class=\"px-4 py-2 justify-center text-base md:gap-6 m-auto\">\n<div class=\"flex flex-1 text-base mx-auto gap-3 md:px-5 lg:px-1 xl:px-5 md:max-w-3xl lg:max-w-[40rem] xl:max-w-[48rem] group final-completion\">\n<div class=\"relative flex w-full flex-col lg:w-[calc(100%-115px)] agent-turn\">\n<div class=\"flex-col gap-1 md:gap-3\">\n<div class=\"flex flex-grow flex-col max-w-full\">\n<div class=\"min-h-[20px] text-message flex flex-col items-start gap-3 whitespace-pre-wrap break-words [.text-message+&amp;]:mt-5 overflow-x-auto\" data-message-author-role=\"assistant\" data-message-id=\"d78ce9b8-b000-487d-bb00-2dc9702a66fb\">\n<div class=\"markdown prose w-full break-words dark:prose-invert light\">\n<h3>Angle Grinder Dust Shroud &ndash; &Oslash;115-125mm Grinders<\/h3>\n<p>Minimize dust nuisance and achieve sharp, precise cuts with our Dust Shroud, designed for smaller angle grinders with saw disc sizes &Oslash;115 and &Oslash;125 mm. This dust guard easily connects to your vacuum cleaner via the included adapter and is designed to deliver nearly dust-free performance during cutting<\/p>\n<h5>Grinder Features and Benefits:<\/h5>\n<ol>\n<li>Effective Dust Control: Reduce dust during cutting and create a cleaner work environment.<\/li>\n<li>Universal Application: Suitable for tiles, concrete, bricks, and other materials, making it versatile.<\/li>\n<li>Stable Position and Precise Cuts: Built-in side support ensures stability and accurate cuts at 90 degrees.<\/li>\n<li>Adjustable Cutting Depth: Stepless adjustment and locking of the cutting depth for full control over cutting projects.<\/li>\n<li>Guideline for Precision: The front guide indicates the position of the diamond blade for extra accuracy.<\/li>\n<li>Dust Shield for Specific Materials: Designed for tiles, concrete, bricks, and avoided for metal projects.<\/li>\n<li>Universal Compatibility: Fits most angle grinder brands with various adapters and adjustment discs.<\/li>\n<\/ol>\n<div class=\"flex-1 overflow-hidden\">\n<div class=\"react-scroll-to-bottom--css-wswhj-79elbk h-full\">\n<div class=\"react-scroll-to-bottom--css-wswhj-1n7m0yu\">\n<div class=\"flex flex-col pb-9 text-sm\">\n<div class=\"w-full text-token-text-primary\" data-testid=\"conversation-turn-261\">\n<div class=\"px-4 py-2 justify-center text-base md:gap-6 m-auto\">\n<div class=\"flex flex-1 text-base mx-auto gap-3 md:px-5 lg:px-1 xl:px-5 md:max-w-3xl lg:max-w-[40rem] xl:max-w-[48rem] group final-completion\">\n<div class=\"relative flex w-full flex-col agent-turn\">\n<div class=\"flex-col gap-1 md:gap-3\">\n<div class=\"flex flex-grow flex-col max-w-full\">\n<div class=\"min-h-[20px] text-message flex flex-col items-start gap-3 whitespace-pre-wrap break-words [.text-message+&amp;]:mt-5 overflow-x-auto\" data-message-author-role=\"assistant\" data-message-id=\"78e2d6fd-2558-4ce2-81b2-d4ee16fda1b6\">\n<div class=\"markdown prose w-full break-words dark:prose-invert light\">\n<p>Make your cutting tasks more efficient and almost dust-free with this dust shield, perfect for tasks where dust control is crucial. Ideal for both professionals and do-it-yourself enthusiasts.<\/p>\n<\/div>\n<\/div>\n<\/div>\n<\/div>\n<\/div>\n<\/div>\n<\/div>\n<\/div>\n<\/div>\n<\/div>\n<\/div>\n<\/div>\n<\/div>\n<\/div>\n<\/div>\n<\/div>\n<\/div>\n<\/div>\n<\/div>\n<\/div>\n<\/div>\n<\/div>\n<\/div>\n<\/div>\n","protected":false},"excerpt":{"rendered":"<h3>Angle Grinder Dust Shroud &#8211; \u00d8115-125mm Grinders<\/h3>\n<p>Minimize the amount of dust.<\/p>\n<p>Fits standard angle grinders.<\/p>\n<p>Has adjustable cutting depth.<\/p>\n<p>Suitable for: \u00d8115, \u00d8125 mm saw disc.<\/p>\n","protected":false},"featured_media":1551,"comment_status":"open","ping_status":"closed","template":"","meta":[],"product_brand":[],"product_cat":[651,656],"product_tag":[135,1496,1230,1232,1497,4151,4152,4153,151,2542,2543,2544,153,4088,3536,4071,2217,2174,2218,2221,1718,1642,740],"class_list":{"0":"post-1550","1":"product","2":"type-product","3":"status-publish","4":"has-post-thumbnail","6":"product_cat-accessories","7":"product_cat-dust-screens","8":"product_tag-byggeri-en-2","9":"product_tag-diamantklinga-en","10":"product_tag-diamantklinge-en","11":"product_tag-diamantscheibe-en","12":"product_tag-diamantzaagblad-en","13":"product_tag-praecision-en","14":"product_tag-praezision-en","15":"product_tag-precisie-en","16":"product_tag-precision-en","17":"product_tag-professioneelgereedschap-en","18":"product_tag-professionelleswerkzeug-en","19":"product_tag-professionelltverktyg-en","20":"product_tag-professioneltvaerktoej-en","21":"product_tag-renovatie-en","22":"product_tag-renovering-en","23":"product_tag-renovierung-en","24":"product_tag-schneidwerkzeug-en","25":"product_tag-skaerevaerktoej-en","26":"product_tag-skaerverktyg-en","27":"product_tag-snijgereedschap-en","28":"product_tag-stofkap-en","29":"product_tag-stoevskaerm-en","30":"product_tag-vinkelslip-en","32":"first","33":"instock","34":"taxable","35":"shipping-taxable","36":"purchasable","37":"product-type-simple"},"yoast_head":"<!-- This site is optimized with the Yoast SEO plugin v27.5 - https:\/\/yoast.com\/product\/yoast-seo-wordpress\/ -->\n<title>Angle Grinder Dust Shroud - \u00d8115-125mm Grinders - Murerpoint ApS<\/title>\n<meta name=\"description\" content=\"Angle Grinder Dust Shroud - \u00d8115-125mm Grinders. Adjustable cutting depth, and compatible with a vacuum cleaner. via the included adapter.\" \/>\n<meta name=\"robots\" content=\"index, follow, max-snippet:-1, max-image-preview:large, max-video-preview:-1\" \/>\n<link rel=\"canonical\" href=\"https:\/\/murerpoint.dk\/en\/product\/angle-grinder-dust-shroud-oe115-125mm-grinders\/\" \/>\n<meta property=\"og:locale\" content=\"en_US\" \/>\n<meta property=\"og:type\" content=\"article\" \/>\n<meta property=\"og:title\" content=\"Angle Grinder Dust Shroud - \u00d8115-125mm Grinders - Murerpoint ApS\" \/>\n<meta property=\"og:description\" content=\"Angle Grinder Dust Shroud - \u00d8115-125mm Grinders. Adjustable cutting depth, and compatible with a vacuum cleaner. via the included adapter.\" \/>\n<meta property=\"og:url\" content=\"https:\/\/murerpoint.dk\/en\/product\/angle-grinder-dust-shroud-oe115-125mm-grinders\/\" \/>\n<meta property=\"og:site_name\" content=\"Murerpoint ApS\" \/>\n<meta property=\"article:publisher\" content=\"https:\/\/m.facebook.com\/profile.php?id=61555157262134\" \/>\n<meta property=\"article:modified_time\" content=\"2024-07-08T10:14:30+00:00\" \/>\n<meta property=\"og:image\" content=\"https:\/\/murerpoint.dk\/wp-content\/uploads\/2024\/01\/image4__22_-removebg-preview-removebg-preview.png\" \/>\n\t<meta property=\"og:image:width\" content=\"433\" \/>\n\t<meta property=\"og:image:height\" content=\"577\" \/>\n\t<meta property=\"og:image:type\" content=\"image\/png\" \/>\n<meta name=\"twitter:card\" content=\"summary_large_image\" \/>\n<meta name=\"twitter:label1\" content=\"Price\" \/>\n\t<meta name=\"twitter:data1\" content=\"&euro;61.41 Pris ekskl. moms: &euro;49.13\" \/>\n\t<meta name=\"twitter:label2\" content=\"Availability\" \/>\n\t<meta name=\"twitter:data2\" content=\"In stock\" \/>\n<script type=\"application\/ld+json\" class=\"yoast-schema-graph\">{\"@context\":\"https:\\\/\\\/schema.org\",\"@graph\":[{\"@type\":\"WebPage\",\"@id\":\"https:\\\/\\\/murerpoint.dk\\\/en\\\/product\\\/angle-grinder-dust-shroud-oe115-125mm-grinders\\\/\",\"url\":\"https:\\\/\\\/murerpoint.dk\\\/en\\\/product\\\/angle-grinder-dust-shroud-oe115-125mm-grinders\\\/\",\"name\":\"Angle Grinder Dust Shroud - \u00d8115-125mm Grinders - Murerpoint ApS\",\"isPartOf\":{\"@id\":\"https:\\\/\\\/murerpoint.dk\\\/en\\\/#website\"},\"primaryImageOfPage\":{\"@id\":\"https:\\\/\\\/murerpoint.dk\\\/en\\\/product\\\/angle-grinder-dust-shroud-oe115-125mm-grinders\\\/#primaryimage\"},\"image\":{\"@id\":\"https:\\\/\\\/murerpoint.dk\\\/en\\\/product\\\/angle-grinder-dust-shroud-oe115-125mm-grinders\\\/#primaryimage\"},\"thumbnailUrl\":\"https:\\\/\\\/murerpoint.dk\\\/wp-content\\\/uploads\\\/2024\\\/01\\\/image4__22_-removebg-preview-removebg-preview.png\",\"datePublished\":\"2024-01-25T10:46:32+00:00\",\"dateModified\":\"2024-07-08T10:14:30+00:00\",\"description\":\"Angle Grinder Dust Shroud - \u00d8115-125mm Grinders. Adjustable cutting depth, and compatible with a vacuum cleaner. via the included adapter.\",\"breadcrumb\":{\"@id\":\"https:\\\/\\\/murerpoint.dk\\\/en\\\/product\\\/angle-grinder-dust-shroud-oe115-125mm-grinders\\\/#breadcrumb\"},\"inLanguage\":\"en-US\",\"potentialAction\":[{\"@type\":\"ReadAction\",\"target\":[\"https:\\\/\\\/murerpoint.dk\\\/en\\\/product\\\/angle-grinder-dust-shroud-oe115-125mm-grinders\\\/\"]}]},{\"@type\":\"ImageObject\",\"inLanguage\":\"en-US\",\"@id\":\"https:\\\/\\\/murerpoint.dk\\\/en\\\/product\\\/angle-grinder-dust-shroud-oe115-125mm-grinders\\\/#primaryimage\",\"url\":\"https:\\\/\\\/murerpoint.dk\\\/wp-content\\\/uploads\\\/2024\\\/01\\\/image4__22_-removebg-preview-removebg-preview.png\",\"contentUrl\":\"https:\\\/\\\/murerpoint.dk\\\/wp-content\\\/uploads\\\/2024\\\/01\\\/image4__22_-removebg-preview-removebg-preview.png\",\"width\":433,\"height\":577,\"caption\":\"St\u00f8vsk\u00e6rm st\u00f8vkontrol til vinkelsliber\"},{\"@type\":\"BreadcrumbList\",\"@id\":\"https:\\\/\\\/murerpoint.dk\\\/en\\\/product\\\/angle-grinder-dust-shroud-oe115-125mm-grinders\\\/#breadcrumb\",\"itemListElement\":[{\"@type\":\"ListItem\",\"position\":1,\"name\":\"Hjem\",\"item\":\"https:\\\/\\\/murerpoint.dk\\\/en\\\/\"},{\"@type\":\"ListItem\",\"position\":2,\"name\":\"SHOPPEN\",\"item\":\"https:\\\/\\\/murerpoint.dk\\\/en\\\/shoppen\\\/\"},{\"@type\":\"ListItem\",\"position\":3,\"name\":\"Angle Grinder Dust Shroud &#8211; \u00d8115-125mm Grinders\"}]},{\"@type\":\"WebSite\",\"@id\":\"https:\\\/\\\/murerpoint.dk\\\/en\\\/#website\",\"url\":\"https:\\\/\\\/murerpoint.dk\\\/en\\\/\",\"name\":\"Murerpoint\",\"description\":\"kvalitets v\u00e6rkt\u00f8j\",\"publisher\":{\"@id\":\"https:\\\/\\\/murerpoint.dk\\\/en\\\/#organization\"},\"potentialAction\":[{\"@type\":\"SearchAction\",\"target\":{\"@type\":\"EntryPoint\",\"urlTemplate\":\"https:\\\/\\\/murerpoint.dk\\\/en\\\/?s={search_term_string}\"},\"query-input\":{\"@type\":\"PropertyValueSpecification\",\"valueRequired\":true,\"valueName\":\"search_term_string\"}}],\"inLanguage\":\"en-US\"},{\"@type\":\"Organization\",\"@id\":\"https:\\\/\\\/murerpoint.dk\\\/en\\\/#organization\",\"name\":\"Murerpoint ApS\",\"url\":\"https:\\\/\\\/murerpoint.dk\\\/en\\\/\",\"logo\":{\"@type\":\"ImageObject\",\"inLanguage\":\"en-US\",\"@id\":\"https:\\\/\\\/murerpoint.dk\\\/en\\\/#\\\/schema\\\/logo\\\/image\\\/\",\"url\":\"https:\\\/\\\/murerpoint.dk\\\/wp-content\\\/uploads\\\/2023\\\/12\\\/cropped-Sort-Midt-Roed-Mursten.png\",\"contentUrl\":\"https:\\\/\\\/murerpoint.dk\\\/wp-content\\\/uploads\\\/2023\\\/12\\\/cropped-Sort-Midt-Roed-Mursten.png\",\"width\":512,\"height\":512,\"caption\":\"Murerpoint ApS\"},\"image\":{\"@id\":\"https:\\\/\\\/murerpoint.dk\\\/en\\\/#\\\/schema\\\/logo\\\/image\\\/\"},\"sameAs\":[\"https:\\\/\\\/m.facebook.com\\\/profile.php?id=61555157262134\",\"https:\\\/\\\/www.instagram.com\\\/murerpoint?igsh=azluMWV6cTnc2ts&utm_source=qr\",\"https:\\\/\\\/www.tiktok.com\\\/@murerpoint?is_from_webapp=1&sender_device=pc\"]}]}<\/script>\n<meta property=\"product:price:amount\" content=\"61.41\" \/>\n<meta property=\"product:price:currency\" content=\"EUR\" \/>\n<meta property=\"og:availability\" content=\"instock\" \/>\n<meta property=\"product:availability\" content=\"instock\" \/>\n<meta property=\"product:retailer_item_id\" content=\"mp0123\" \/>\n<meta property=\"product:condition\" content=\"new\" \/>\n<!-- \/ Yoast SEO plugin. -->","yoast_head_json":{"title":"Angle Grinder Dust Shroud - \u00d8115-125mm Grinders - Murerpoint ApS","description":"Angle Grinder Dust Shroud - \u00d8115-125mm Grinders. Adjustable cutting depth, and compatible with a vacuum cleaner. via the included adapter.","robots":{"index":"index","follow":"follow","max-snippet":"max-snippet:-1","max-image-preview":"max-image-preview:large","max-video-preview":"max-video-preview:-1"},"canonical":"https:\/\/murerpoint.dk\/en\/product\/angle-grinder-dust-shroud-oe115-125mm-grinders\/","og_locale":"en_US","og_type":"article","og_title":"Angle Grinder Dust Shroud - \u00d8115-125mm Grinders - Murerpoint ApS","og_description":"Angle Grinder Dust Shroud - \u00d8115-125mm Grinders. Adjustable cutting depth, and compatible with a vacuum cleaner. via the included adapter.","og_url":"https:\/\/murerpoint.dk\/en\/product\/angle-grinder-dust-shroud-oe115-125mm-grinders\/","og_site_name":"Murerpoint ApS","article_publisher":"https:\/\/m.facebook.com\/profile.php?id=61555157262134","article_modified_time":"2024-07-08T10:14:30+00:00","og_image":[{"width":433,"height":577,"url":"https:\/\/murerpoint.dk\/wp-content\/uploads\/2024\/01\/image4__22_-removebg-preview-removebg-preview.png","type":"image\/png"}],"twitter_card":"summary_large_image","twitter_misc":{"Price":"&euro;61.41 Pris ekskl. moms: &euro;49.13","Availability":"In stock"},"schema":{"@context":"https:\/\/schema.org","@graph":[{"@type":"WebPage","@id":"https:\/\/murerpoint.dk\/en\/product\/angle-grinder-dust-shroud-oe115-125mm-grinders\/","url":"https:\/\/murerpoint.dk\/en\/product\/angle-grinder-dust-shroud-oe115-125mm-grinders\/","name":"Angle Grinder Dust Shroud - \u00d8115-125mm Grinders - Murerpoint ApS","isPartOf":{"@id":"https:\/\/murerpoint.dk\/en\/#website"},"primaryImageOfPage":{"@id":"https:\/\/murerpoint.dk\/en\/product\/angle-grinder-dust-shroud-oe115-125mm-grinders\/#primaryimage"},"image":{"@id":"https:\/\/murerpoint.dk\/en\/product\/angle-grinder-dust-shroud-oe115-125mm-grinders\/#primaryimage"},"thumbnailUrl":"https:\/\/murerpoint.dk\/wp-content\/uploads\/2024\/01\/image4__22_-removebg-preview-removebg-preview.png","datePublished":"2024-01-25T10:46:32+00:00","dateModified":"2024-07-08T10:14:30+00:00","description":"Angle Grinder Dust Shroud - \u00d8115-125mm Grinders. Adjustable cutting depth, and compatible with a vacuum cleaner. via the included adapter.","breadcrumb":{"@id":"https:\/\/murerpoint.dk\/en\/product\/angle-grinder-dust-shroud-oe115-125mm-grinders\/#breadcrumb"},"inLanguage":"en-US","potentialAction":[{"@type":"ReadAction","target":["https:\/\/murerpoint.dk\/en\/product\/angle-grinder-dust-shroud-oe115-125mm-grinders\/"]}]},{"@type":"ImageObject","inLanguage":"en-US","@id":"https:\/\/murerpoint.dk\/en\/product\/angle-grinder-dust-shroud-oe115-125mm-grinders\/#primaryimage","url":"https:\/\/murerpoint.dk\/wp-content\/uploads\/2024\/01\/image4__22_-removebg-preview-removebg-preview.png","contentUrl":"https:\/\/murerpoint.dk\/wp-content\/uploads\/2024\/01\/image4__22_-removebg-preview-removebg-preview.png","width":433,"height":577,"caption":"St\u00f8vsk\u00e6rm st\u00f8vkontrol til vinkelsliber"},{"@type":"BreadcrumbList","@id":"https:\/\/murerpoint.dk\/en\/product\/angle-grinder-dust-shroud-oe115-125mm-grinders\/#breadcrumb","itemListElement":[{"@type":"ListItem","position":1,"name":"Hjem","item":"https:\/\/murerpoint.dk\/en\/"},{"@type":"ListItem","position":2,"name":"SHOPPEN","item":"https:\/\/murerpoint.dk\/en\/shoppen\/"},{"@type":"ListItem","position":3,"name":"Angle Grinder Dust Shroud &#8211; \u00d8115-125mm Grinders"}]},{"@type":"WebSite","@id":"https:\/\/murerpoint.dk\/en\/#website","url":"https:\/\/murerpoint.dk\/en\/","name":"Murerpoint","description":"kvalitets v\u00e6rkt\u00f8j","publisher":{"@id":"https:\/\/murerpoint.dk\/en\/#organization"},"potentialAction":[{"@type":"SearchAction","target":{"@type":"EntryPoint","urlTemplate":"https:\/\/murerpoint.dk\/en\/?s={search_term_string}"},"query-input":{"@type":"PropertyValueSpecification","valueRequired":true,"valueName":"search_term_string"}}],"inLanguage":"en-US"},{"@type":"Organization","@id":"https:\/\/murerpoint.dk\/en\/#organization","name":"Murerpoint ApS","url":"https:\/\/murerpoint.dk\/en\/","logo":{"@type":"ImageObject","inLanguage":"en-US","@id":"https:\/\/murerpoint.dk\/en\/#\/schema\/logo\/image\/","url":"https:\/\/murerpoint.dk\/wp-content\/uploads\/2023\/12\/cropped-Sort-Midt-Roed-Mursten.png","contentUrl":"https:\/\/murerpoint.dk\/wp-content\/uploads\/2023\/12\/cropped-Sort-Midt-Roed-Mursten.png","width":512,"height":512,"caption":"Murerpoint ApS"},"image":{"@id":"https:\/\/murerpoint.dk\/en\/#\/schema\/logo\/image\/"},"sameAs":["https:\/\/m.facebook.com\/profile.php?id=61555157262134","https:\/\/www.instagram.com\/murerpoint?igsh=azluMWV6cTnc2ts&utm_source=qr","https:\/\/www.tiktok.com\/@murerpoint?is_from_webapp=1&sender_device=pc"]}]},"product_price_amount":"61.41","product_price_currency":"EUR","og_availability":"instock","product_availability":"instock","product_retailer_item_id":"mp0123","product_condition":"new"},"_links":{"self":[{"href":"https:\/\/murerpoint.dk\/en\/wp-json\/wp\/v2\/product\/1550","targetHints":{"allow":["GET"]}}],"collection":[{"href":"https:\/\/murerpoint.dk\/en\/wp-json\/wp\/v2\/product"}],"about":[{"href":"https:\/\/murerpoint.dk\/en\/wp-json\/wp\/v2\/types\/product"}],"replies":[{"embeddable":true,"href":"https:\/\/murerpoint.dk\/en\/wp-json\/wp\/v2\/comments?post=1550"}],"wp:featuredmedia":[{"embeddable":true,"href":"https:\/\/murerpoint.dk\/en\/wp-json\/wp\/v2\/media\/1551"}],"wp:attachment":[{"href":"https:\/\/murerpoint.dk\/en\/wp-json\/wp\/v2\/media?parent=1550"}],"wp:term":[{"taxonomy":"product_brand","embeddable":true,"href":"https:\/\/murerpoint.dk\/en\/wp-json\/wp\/v2\/product_brand?post=1550"},{"taxonomy":"product_cat","embeddable":true,"href":"https:\/\/murerpoint.dk\/en\/wp-json\/wp\/v2\/product_cat?post=1550"},{"taxonomy":"product_tag","embeddable":true,"href":"https:\/\/murerpoint.dk\/en\/wp-json\/wp\/v2\/product_tag?post=1550"}],"curies":[{"name":"wp","href":"https:\/\/api.w.org\/{rel}","templated":true}]}}