{"id":3848,"date":"2024-05-17T12:40:31","date_gmt":"2024-05-17T12:40:31","guid":{"rendered":"https:\/\/murerpoint.dk\/?post_type=product&#038;p=3848"},"modified":"2024-05-17T12:46:17","modified_gmt":"2024-05-17T12:46:17","slug":"mortar-rakes-3-cutters-for-angle-grinder-8x35mm-kopier","status":"publish","type":"product","link":"https:\/\/murerpoint.dk\/en\/product\/mortar-rakes-3-cutters-for-angle-grinder-8x35mm-kopier\/","title":{"rendered":"Mortar Rakes 3 cutters for Angle Grinder 8x35MM"},"content":{"rendered":"<?xml encoding=\"utf-8\" ?><h2>Mortar Rakes 3 cutters for Angle Grinder 8x35MM<\/h2><p><strong>Carbide &ndash; Precision in Masonry Work<\/strong><\/p><p>Achieve outstanding precision and efficiency with our mortar rakes (Z3). This specially designed tool is equipped with three sharp carbide blades (Z3), that ensure optimal performance when milling lime mortar joints and hydraulic joints<\/p><h5>Highlights:<\/h5><ol>\n<li><strong>Precise Milling:<\/strong> With a diameter of 8 mm and a length of 35 mm, this grout milling unit is designed for precision work, providing accurate results.<\/li>\n<li><strong>High-Quality Carbide Blades:<\/strong> The three carbide blades ensure durability and sharpness, making the tool ideal for professional masonry tasks.<\/li>\n<li><strong>Optimized for Various Joint Types:<\/strong> Suitable for lime mortar joints with minimal or no cement content, as well as hydraulic mortar joints, making it versatile for different projects.<\/li>\n<li><strong>Efficient Milling:<\/strong> The tool is designed to handle various types of mortar, making it ideal for both renovation and new construction projects.<\/li>\n<li><strong>Easy Installation:<\/strong> The M14 thread makes it easy to mount this grout milling unit directly on your angle grinder, saving time and increasing productivity<\/li>\n<\/ol><p>Create brickwork art with precision and reliability by choosing this Mortar Rakes 3 cutters for Angle Grinder 10x35MM.<\/p><p>A professional tool for professional masonry tasks.<\/p>\n","protected":false},"excerpt":{"rendered":"<h3>Mortar Rakes 3 cutters for Angle Grinder<\/h3>\n<p>Mortar Rakes 3 cutters for Angle Grinder 8x35MM &#8211; Used for lime mortar joints with little or no cement content or in hydraulic mortar joints.<\/p>\n<p><strong>Available in Diameter<\/strong>:<\/p>\n<ul>\n<li>8 and 10 mm<\/li>\n<\/ul>\n<p><strong>Number of carbide and length:<\/strong><\/p>\n<ul>\n<li>3 blades (Z3)<\/li>\n<li>Length of carbide blades 35 mm<\/li>\n<li>M14 thread to be screwed directly onto angle grinder<\/li>\n<\/ul>\n<h5>When purchasing 50 pieces or more, quantity discounts are available. Please call\/write us for more information.<\/h5>\n","protected":false},"featured_media":570,"comment_status":"open","ping_status":"closed","template":"","meta":[],"product_brand":[],"product_cat":[634,623],"product_tag":[848,1302,1927,738,1267,568,1050,576,1051,854,1052,846,1053,2846,806,808,1307,1308],"class_list":{"0":"post-3848","1":"product","2":"type-product","3":"status-publish","4":"has-post-thumbnail","6":"product_cat-mortar-rakes-en","7":"product_cat-mortar-rakes-dust-extraction-and-more","8":"product_tag-carbide","9":"product_tag-carbidegroutsnijder-en","10":"product_tag-concrete-en","11":"product_tag-fogfras-en","12":"product_tag-fraesestift-en","13":"product_tag-fugefraeser-en","14":"product_tag-fugefraeser3skaer-en","15":"product_tag-fugefraesersaal-en-2","16":"product_tag-fugefraeserstift-en","17":"product_tag-fugefraeserunit-en","18":"product_tag-fugenfraesen-en","19":"product_tag-fugenfraeser-en","20":"product_tag-haardmetal-en","21":"product_tag-mortar-en","22":"product_tag-mortarrake","23":"product_tag-tungsten","24":"product_tag-voegen-en","25":"product_tag-voegenfrees-en","27":"first","28":"instock","29":"taxable","30":"shipping-taxable","31":"purchasable","32":"product-type-simple"},"yoast_head":"<!-- This site is optimized with the Yoast SEO plugin v27.5 - https:\/\/yoast.com\/product\/yoast-seo-wordpress\/ -->\n<title>Mortar Rakes 3 cutters for Angle Grinder 8x35MM - Murerpoint ApS<\/title>\n<meta name=\"description\" content=\"Mortar Rakes 3 cutters for Angle Grinder - Designed to mill lime mortar joints with minimal or no cement content as well as in hydraulic mortar joints.\" \/>\n<meta name=\"robots\" content=\"index, follow, max-snippet:-1, max-image-preview:large, max-video-preview:-1\" \/>\n<link rel=\"canonical\" href=\"https:\/\/murerpoint.dk\/en\/product\/mortar-rakes-3-cutters-for-angle-grinder-8x35mm-kopier\/\" \/>\n<meta property=\"og:locale\" content=\"en_US\" \/>\n<meta property=\"og:type\" content=\"article\" \/>\n<meta property=\"og:title\" content=\"Mortar Rakes 3 cutters for Angle Grinder 8x35MM - Murerpoint ApS\" \/>\n<meta property=\"og:description\" content=\"Mortar Rakes 3 cutters for Angle Grinder - Designed to mill lime mortar joints with minimal or no cement content as well as in hydraulic mortar joints.\" \/>\n<meta property=\"og:url\" content=\"https:\/\/murerpoint.dk\/en\/product\/mortar-rakes-3-cutters-for-angle-grinder-8x35mm-kopier\/\" \/>\n<meta property=\"og:site_name\" content=\"Murerpoint ApS\" \/>\n<meta property=\"article:publisher\" content=\"https:\/\/m.facebook.com\/profile.php?id=61555157262134\" \/>\n<meta property=\"article:modified_time\" content=\"2024-05-17T12:46:17+00:00\" \/>\n<meta property=\"og:image\" content=\"https:\/\/murerpoint.dk\/wp-content\/uploads\/2024\/01\/10-x-35-mm-Z3-2-en-liggende.png\" \/>\n\t<meta property=\"og:image:width\" content=\"433\" \/>\n\t<meta property=\"og:image:height\" content=\"577\" \/>\n\t<meta property=\"og:image:type\" content=\"image\/png\" \/>\n<meta name=\"twitter:card\" content=\"summary_large_image\" \/>\n<meta name=\"twitter:label1\" content=\"Price\" \/>\n\t<meta name=\"twitter:data1\" content=\"&euro;17.90 Pris ekskl. moms: &euro;14.32\" \/>\n\t<meta name=\"twitter:label2\" content=\"Availability\" \/>\n\t<meta name=\"twitter:data2\" content=\"In stock\" \/>\n<script type=\"application\/ld+json\" class=\"yoast-schema-graph\">{\"@context\":\"https:\\\/\\\/schema.org\",\"@graph\":[{\"@type\":\"WebPage\",\"@id\":\"https:\\\/\\\/murerpoint.dk\\\/en\\\/product\\\/mortar-rakes-3-cutters-for-angle-grinder-8x35mm-kopier\\\/\",\"url\":\"https:\\\/\\\/murerpoint.dk\\\/en\\\/product\\\/mortar-rakes-3-cutters-for-angle-grinder-8x35mm-kopier\\\/\",\"name\":\"Mortar Rakes 3 cutters for Angle Grinder 8x35MM - Murerpoint ApS\",\"isPartOf\":{\"@id\":\"https:\\\/\\\/murerpoint.dk\\\/en\\\/#website\"},\"primaryImageOfPage\":{\"@id\":\"https:\\\/\\\/murerpoint.dk\\\/en\\\/product\\\/mortar-rakes-3-cutters-for-angle-grinder-8x35mm-kopier\\\/#primaryimage\"},\"image\":{\"@id\":\"https:\\\/\\\/murerpoint.dk\\\/en\\\/product\\\/mortar-rakes-3-cutters-for-angle-grinder-8x35mm-kopier\\\/#primaryimage\"},\"thumbnailUrl\":\"https:\\\/\\\/murerpoint.dk\\\/wp-content\\\/uploads\\\/2024\\\/01\\\/10-x-35-mm-Z3-2-en-liggende.png\",\"datePublished\":\"2024-05-17T12:40:31+00:00\",\"dateModified\":\"2024-05-17T12:46:17+00:00\",\"description\":\"Mortar Rakes 3 cutters for Angle Grinder - Designed to mill lime mortar joints with minimal or no cement content as well as in hydraulic mortar joints.\",\"breadcrumb\":{\"@id\":\"https:\\\/\\\/murerpoint.dk\\\/en\\\/product\\\/mortar-rakes-3-cutters-for-angle-grinder-8x35mm-kopier\\\/#breadcrumb\"},\"inLanguage\":\"en-US\",\"potentialAction\":[{\"@type\":\"ReadAction\",\"target\":[\"https:\\\/\\\/murerpoint.dk\\\/en\\\/product\\\/mortar-rakes-3-cutters-for-angle-grinder-8x35mm-kopier\\\/\"]}]},{\"@type\":\"ImageObject\",\"inLanguage\":\"en-US\",\"@id\":\"https:\\\/\\\/murerpoint.dk\\\/en\\\/product\\\/mortar-rakes-3-cutters-for-angle-grinder-8x35mm-kopier\\\/#primaryimage\",\"url\":\"https:\\\/\\\/murerpoint.dk\\\/wp-content\\\/uploads\\\/2024\\\/01\\\/10-x-35-mm-Z3-2-en-liggende.png\",\"contentUrl\":\"https:\\\/\\\/murerpoint.dk\\\/wp-content\\\/uploads\\\/2024\\\/01\\\/10-x-35-mm-Z3-2-en-liggende.png\",\"width\":433,\"height\":577,\"caption\":\"Pr\u00e6cisionsfr\u00e6sning med MurerPoint 10x35 mm Fugefr\u00e6serunit\"},{\"@type\":\"BreadcrumbList\",\"@id\":\"https:\\\/\\\/murerpoint.dk\\\/en\\\/product\\\/mortar-rakes-3-cutters-for-angle-grinder-8x35mm-kopier\\\/#breadcrumb\",\"itemListElement\":[{\"@type\":\"ListItem\",\"position\":1,\"name\":\"Hjem\",\"item\":\"https:\\\/\\\/murerpoint.dk\\\/en\\\/\"},{\"@type\":\"ListItem\",\"position\":2,\"name\":\"SHOPPEN\",\"item\":\"https:\\\/\\\/murerpoint.dk\\\/en\\\/shoppen\\\/\"},{\"@type\":\"ListItem\",\"position\":3,\"name\":\"Mortar Rakes 3 cutters for Angle Grinder 8x35MM\"}]},{\"@type\":\"WebSite\",\"@id\":\"https:\\\/\\\/murerpoint.dk\\\/en\\\/#website\",\"url\":\"https:\\\/\\\/murerpoint.dk\\\/en\\\/\",\"name\":\"Murerpoint\",\"description\":\"kvalitets v\u00e6rkt\u00f8j\",\"publisher\":{\"@id\":\"https:\\\/\\\/murerpoint.dk\\\/en\\\/#organization\"},\"potentialAction\":[{\"@type\":\"SearchAction\",\"target\":{\"@type\":\"EntryPoint\",\"urlTemplate\":\"https:\\\/\\\/murerpoint.dk\\\/en\\\/?s={search_term_string}\"},\"query-input\":{\"@type\":\"PropertyValueSpecification\",\"valueRequired\":true,\"valueName\":\"search_term_string\"}}],\"inLanguage\":\"en-US\"},{\"@type\":\"Organization\",\"@id\":\"https:\\\/\\\/murerpoint.dk\\\/en\\\/#organization\",\"name\":\"Murerpoint ApS\",\"url\":\"https:\\\/\\\/murerpoint.dk\\\/en\\\/\",\"logo\":{\"@type\":\"ImageObject\",\"inLanguage\":\"en-US\",\"@id\":\"https:\\\/\\\/murerpoint.dk\\\/en\\\/#\\\/schema\\\/logo\\\/image\\\/\",\"url\":\"https:\\\/\\\/murerpoint.dk\\\/wp-content\\\/uploads\\\/2023\\\/12\\\/cropped-Sort-Midt-Roed-Mursten.png\",\"contentUrl\":\"https:\\\/\\\/murerpoint.dk\\\/wp-content\\\/uploads\\\/2023\\\/12\\\/cropped-Sort-Midt-Roed-Mursten.png\",\"width\":512,\"height\":512,\"caption\":\"Murerpoint ApS\"},\"image\":{\"@id\":\"https:\\\/\\\/murerpoint.dk\\\/en\\\/#\\\/schema\\\/logo\\\/image\\\/\"},\"sameAs\":[\"https:\\\/\\\/m.facebook.com\\\/profile.php?id=61555157262134\",\"https:\\\/\\\/www.instagram.com\\\/murerpoint?igsh=azluMWV6cTnc2ts&utm_source=qr\",\"https:\\\/\\\/www.tiktok.com\\\/@murerpoint?is_from_webapp=1&sender_device=pc\"]}]}<\/script>\n<meta property=\"product:price:amount\" content=\"17.90\" \/>\n<meta property=\"product:price:currency\" content=\"EUR\" \/>\n<meta property=\"og:availability\" content=\"instock\" \/>\n<meta property=\"product:availability\" content=\"instock\" \/>\n<meta property=\"product:retailer_item_id\" content=\"mp0014-1\" \/>\n<meta property=\"product:condition\" content=\"new\" \/>\n<!-- \/ Yoast SEO plugin. -->","yoast_head_json":{"title":"Mortar Rakes 3 cutters for Angle Grinder 8x35MM - Murerpoint ApS","description":"Mortar Rakes 3 cutters for Angle Grinder - Designed to mill lime mortar joints with minimal or no cement content as well as in hydraulic mortar joints.","robots":{"index":"index","follow":"follow","max-snippet":"max-snippet:-1","max-image-preview":"max-image-preview:large","max-video-preview":"max-video-preview:-1"},"canonical":"https:\/\/murerpoint.dk\/en\/product\/mortar-rakes-3-cutters-for-angle-grinder-8x35mm-kopier\/","og_locale":"en_US","og_type":"article","og_title":"Mortar Rakes 3 cutters for Angle Grinder 8x35MM - Murerpoint ApS","og_description":"Mortar Rakes 3 cutters for Angle Grinder - Designed to mill lime mortar joints with minimal or no cement content as well as in hydraulic mortar joints.","og_url":"https:\/\/murerpoint.dk\/en\/product\/mortar-rakes-3-cutters-for-angle-grinder-8x35mm-kopier\/","og_site_name":"Murerpoint ApS","article_publisher":"https:\/\/m.facebook.com\/profile.php?id=61555157262134","article_modified_time":"2024-05-17T12:46:17+00:00","og_image":[{"width":433,"height":577,"url":"https:\/\/murerpoint.dk\/wp-content\/uploads\/2024\/01\/10-x-35-mm-Z3-2-en-liggende.png","type":"image\/png"}],"twitter_card":"summary_large_image","twitter_misc":{"Price":"&euro;17.90 Pris ekskl. moms: &euro;14.32","Availability":"In stock"},"schema":{"@context":"https:\/\/schema.org","@graph":[{"@type":"WebPage","@id":"https:\/\/murerpoint.dk\/en\/product\/mortar-rakes-3-cutters-for-angle-grinder-8x35mm-kopier\/","url":"https:\/\/murerpoint.dk\/en\/product\/mortar-rakes-3-cutters-for-angle-grinder-8x35mm-kopier\/","name":"Mortar Rakes 3 cutters for Angle Grinder 8x35MM - Murerpoint ApS","isPartOf":{"@id":"https:\/\/murerpoint.dk\/en\/#website"},"primaryImageOfPage":{"@id":"https:\/\/murerpoint.dk\/en\/product\/mortar-rakes-3-cutters-for-angle-grinder-8x35mm-kopier\/#primaryimage"},"image":{"@id":"https:\/\/murerpoint.dk\/en\/product\/mortar-rakes-3-cutters-for-angle-grinder-8x35mm-kopier\/#primaryimage"},"thumbnailUrl":"https:\/\/murerpoint.dk\/wp-content\/uploads\/2024\/01\/10-x-35-mm-Z3-2-en-liggende.png","datePublished":"2024-05-17T12:40:31+00:00","dateModified":"2024-05-17T12:46:17+00:00","description":"Mortar Rakes 3 cutters for Angle Grinder - Designed to mill lime mortar joints with minimal or no cement content as well as in hydraulic mortar joints.","breadcrumb":{"@id":"https:\/\/murerpoint.dk\/en\/product\/mortar-rakes-3-cutters-for-angle-grinder-8x35mm-kopier\/#breadcrumb"},"inLanguage":"en-US","potentialAction":[{"@type":"ReadAction","target":["https:\/\/murerpoint.dk\/en\/product\/mortar-rakes-3-cutters-for-angle-grinder-8x35mm-kopier\/"]}]},{"@type":"ImageObject","inLanguage":"en-US","@id":"https:\/\/murerpoint.dk\/en\/product\/mortar-rakes-3-cutters-for-angle-grinder-8x35mm-kopier\/#primaryimage","url":"https:\/\/murerpoint.dk\/wp-content\/uploads\/2024\/01\/10-x-35-mm-Z3-2-en-liggende.png","contentUrl":"https:\/\/murerpoint.dk\/wp-content\/uploads\/2024\/01\/10-x-35-mm-Z3-2-en-liggende.png","width":433,"height":577,"caption":"Pr\u00e6cisionsfr\u00e6sning med MurerPoint 10x35 mm Fugefr\u00e6serunit"},{"@type":"BreadcrumbList","@id":"https:\/\/murerpoint.dk\/en\/product\/mortar-rakes-3-cutters-for-angle-grinder-8x35mm-kopier\/#breadcrumb","itemListElement":[{"@type":"ListItem","position":1,"name":"Hjem","item":"https:\/\/murerpoint.dk\/en\/"},{"@type":"ListItem","position":2,"name":"SHOPPEN","item":"https:\/\/murerpoint.dk\/en\/shoppen\/"},{"@type":"ListItem","position":3,"name":"Mortar Rakes 3 cutters for Angle Grinder 8x35MM"}]},{"@type":"WebSite","@id":"https:\/\/murerpoint.dk\/en\/#website","url":"https:\/\/murerpoint.dk\/en\/","name":"Murerpoint","description":"kvalitets v\u00e6rkt\u00f8j","publisher":{"@id":"https:\/\/murerpoint.dk\/en\/#organization"},"potentialAction":[{"@type":"SearchAction","target":{"@type":"EntryPoint","urlTemplate":"https:\/\/murerpoint.dk\/en\/?s={search_term_string}"},"query-input":{"@type":"PropertyValueSpecification","valueRequired":true,"valueName":"search_term_string"}}],"inLanguage":"en-US"},{"@type":"Organization","@id":"https:\/\/murerpoint.dk\/en\/#organization","name":"Murerpoint ApS","url":"https:\/\/murerpoint.dk\/en\/","logo":{"@type":"ImageObject","inLanguage":"en-US","@id":"https:\/\/murerpoint.dk\/en\/#\/schema\/logo\/image\/","url":"https:\/\/murerpoint.dk\/wp-content\/uploads\/2023\/12\/cropped-Sort-Midt-Roed-Mursten.png","contentUrl":"https:\/\/murerpoint.dk\/wp-content\/uploads\/2023\/12\/cropped-Sort-Midt-Roed-Mursten.png","width":512,"height":512,"caption":"Murerpoint ApS"},"image":{"@id":"https:\/\/murerpoint.dk\/en\/#\/schema\/logo\/image\/"},"sameAs":["https:\/\/m.facebook.com\/profile.php?id=61555157262134","https:\/\/www.instagram.com\/murerpoint?igsh=azluMWV6cTnc2ts&utm_source=qr","https:\/\/www.tiktok.com\/@murerpoint?is_from_webapp=1&sender_device=pc"]}]},"product_price_amount":"17.90","product_price_currency":"EUR","og_availability":"instock","product_availability":"instock","product_retailer_item_id":"mp0014-1","product_condition":"new"},"_links":{"self":[{"href":"https:\/\/murerpoint.dk\/en\/wp-json\/wp\/v2\/product\/3848","targetHints":{"allow":["GET"]}}],"collection":[{"href":"https:\/\/murerpoint.dk\/en\/wp-json\/wp\/v2\/product"}],"about":[{"href":"https:\/\/murerpoint.dk\/en\/wp-json\/wp\/v2\/types\/product"}],"replies":[{"embeddable":true,"href":"https:\/\/murerpoint.dk\/en\/wp-json\/wp\/v2\/comments?post=3848"}],"wp:featuredmedia":[{"embeddable":true,"href":"https:\/\/murerpoint.dk\/en\/wp-json\/wp\/v2\/media\/570"}],"wp:attachment":[{"href":"https:\/\/murerpoint.dk\/en\/wp-json\/wp\/v2\/media?parent=3848"}],"wp:term":[{"taxonomy":"product_brand","embeddable":true,"href":"https:\/\/murerpoint.dk\/en\/wp-json\/wp\/v2\/product_brand?post=3848"},{"taxonomy":"product_cat","embeddable":true,"href":"https:\/\/murerpoint.dk\/en\/wp-json\/wp\/v2\/product_cat?post=3848"},{"taxonomy":"product_tag","embeddable":true,"href":"https:\/\/murerpoint.dk\/en\/wp-json\/wp\/v2\/product_tag?post=3848"}],"curies":[{"name":"wp","href":"https:\/\/api.w.org\/{rel}","templated":true}]}}