{"id":4917,"date":"2024-06-27T08:28:50","date_gmt":"2024-06-27T08:28:50","guid":{"rendered":"https:\/\/murerpoint.dk\/?post_type=product&#038;p=4917"},"modified":"2024-09-27T08:58:39","modified_gmt":"2024-09-27T08:58:39","slug":"extra-long-mortar-rake-unit-3-variants","status":"publish","type":"product","link":"https:\/\/murerpoint.dk\/en\/product\/extra-long-mortar-rake-unit-3-variants\/","title":{"rendered":"Extra Long Mortar Rake Unit 3 variants"},"content":{"rendered":"<?xml encoding=\"utf-8\" ?><div class=\"w-full text-token-text-primary\" data-testid=\"conversation-turn-187\">\n<div class=\"px-4 py-2 justify-center text-base md:gap-6 m-auto\">\n<div class=\"flex flex-1 text-base mx-auto gap-3 md:px-5 lg:px-1 xl:px-5 md:max-w-3xl lg:max-w-[40rem] xl:max-w-[48rem] group\">\n<div class=\"relative flex w-full flex-col lg:w-[calc(100%-115px)] agent-turn\">\n<div class=\"flex-col gap-1 md:gap-3\">\n<div class=\"flex flex-grow flex-col max-w-full\">\n<div class=\"min-h-[20px] text-message flex flex-col items-start gap-3 whitespace-pre-wrap break-words [.text-message+&amp;]:mt-5 overflow-x-auto\" data-message-author-role=\"assistant\" data-message-id=\"72a3e0b1-4b88-4b36-80fd-1ce132486876\">\n<div class=\"markdown prose w-full break-words dark:prose-invert light\">\n<p><strong>Extra Long Mortar Rake Unit &ndash; 3 Variants<\/strong><\/p>\n<p>Our Extra Long Mortar Rake Unit is designed for precise and efficient mortar raking, even in deeper mortar joints.<\/p>\n<p>It attaches directly to the M14 spindle of an angle grinder, ensuring stability and control during use.<\/p>\n<p>Available in three diameters (8 mm, 10 mm, and 12 mm), these units are equipped with 3 tungsten carbide cutters, providing durability and long-lasting performance.<\/p>\n<p>With a cutter length of 60 mm and a work length of 115 mm, this mortar rake is ideal for applications where unusual depth is required, or when used alongside a long mortar rake to remove entire bricks.<\/p>\n<p>Whether you are working on renovation projects or general masonry work, the Extra Long Mortar Rake Unit offers the perfect solution for demanding tasks.<\/p>\n<p><strong>Technical Specifications:<\/strong><\/p>\n<ul>\n<li>Diameter: 8 mm, 10 mm, and 12 mm<\/li>\n<li>Work length: 115 mm<\/li>\n<li>Cutter length: 60 mm<\/li>\n<li>3 tungsten carbide cutters<\/li>\n<li>Attaches to M14 spindle of angle grinder<\/li>\n<li>Suitable for deep mortar joints and brick removal<\/li>\n<\/ul>\n<p>Choose our high-quality mortar rake units for professional results and reliable performance.<\/p>\n<p>&nbsp;<\/p>\n<\/div>\n<\/div>\n<\/div>\n<\/div>\n<\/div>\n<\/div>\n<\/div>\n<\/div>\n","protected":false},"excerpt":{"rendered":"<div class=\"product__header\" data-v-6044caef=\"\">\n<header class=\"sf-heading sf-heading--no-underline sf-heading--left\" data-v-6044caef=\"\">\n<h3>Extra Long Mortar Rake Unit 3 variants<\/h3>\n<h2 class=\"wsite-content-title\"><span style=\"font-size: small;\"><u>Extra Long Mortar Rake Unit<\/u><\/span><\/h2>\n<ul>\n<li><span style=\"font-size: small;\">Attach directly unto the M14-spindle of the angle grinder<\/span><\/li>\n<li><span style=\"font-size: small;\">Diameter: 8, 10 and 12 mm<\/span><\/li>\n<li><span style=\"font-size: small;\">Work length: 115 mm &#8211; cutter length: 60 mm<\/span><\/li>\n<li><span style=\"font-size: small;\">3 tungsten carbide cutters<\/span><\/li>\n<li><span style=\"font-size: small;\">Used for mortar raking, where unusual depth is required or in conjunction with a long mortar rake to <\/span><span style=\"font-size: small;\">remove entire bricks<\/span><\/li>\n<\/ul>\n<\/header>\n<\/div>\n","protected":false},"featured_media":6964,"comment_status":"open","ping_status":"closed","template":"","meta":[],"product_brand":[],"product_cat":[637,634,623],"product_tag":[8544,135,738,568,576,9347,10548,1052,846,1350,1351,6066,2531,806,1353,8240,1354,323,3536,1355,5749,1308,1356,11093,10559],"class_list":{"0":"post-4917","1":"product","2":"type-product","3":"status-publish","4":"has-post-thumbnail","6":"product_cat-brick-remover-en","7":"product_cat-mortar-rakes-en","8":"product_cat-mortar-rakes-dust-extraction-and-more","9":"product_tag-bouwgereedschap-en","10":"product_tag-byggeri-en-2","11":"product_tag-fogfras-en","12":"product_tag-fugefraeser-en","13":"product_tag-fugefraesersaal-en-2","14":"product_tag-fugefraesning-en","15":"product_tag-fugenentfernung-en","16":"product_tag-fugenfraesen-en","17":"product_tag-fugenfraeser-en","18":"product_tag-fugenfraeserschneider-en","19":"product_tag-fuehrungssohle-en","20":"product_tag-mauerwerk-en","21":"product_tag-metselwerk-en","22":"product_tag-mortarrake","23":"product_tag-mortarrakedustextractrion-en","24":"product_tag-moertelfuger-en","25":"product_tag-motarrakesoleplate-en","26":"product_tag-murerpoint-en-2","27":"product_tag-renovering-en","28":"product_tag-soleplate-en","29":"product_tag-vinkelsliber-en","30":"product_tag-voegenfrees-en","31":"product_tag-voegenfrezen-en","32":"product_tag-voegfrezen-en","33":"product_tag-voegverwijdering-en","35":"first","36":"instock","37":"taxable","38":"shipping-taxable","39":"purchasable","40":"product-type-variable"},"yoast_head":"<!-- This site is optimized with the Yoast SEO plugin v27.5 - https:\/\/yoast.com\/product\/yoast-seo-wordpress\/ -->\n<title>Extra Long Mortar Rake Unit 3 variants - Murerpoint ApS<\/title>\n<meta name=\"description\" content=\"Extra Long Mortar Rake Unit with 3 tungsten carbide cutters for deep mortar joints and brick removal. Available in diameters 8, 10, and 12 mm.\" \/>\n<meta name=\"robots\" content=\"index, follow, max-snippet:-1, max-image-preview:large, max-video-preview:-1\" \/>\n<link rel=\"canonical\" href=\"https:\/\/murerpoint.dk\/en\/product\/extra-long-mortar-rake-unit-3-variants\/\" \/>\n<meta property=\"og:locale\" content=\"en_US\" \/>\n<meta property=\"og:type\" content=\"article\" \/>\n<meta property=\"og:title\" content=\"Extra Long Mortar Rake Unit 3 variants - Murerpoint ApS\" \/>\n<meta property=\"og:description\" content=\"Extra Long Mortar Rake Unit with 3 tungsten carbide cutters for deep mortar joints and brick removal. Available in diameters 8, 10, and 12 mm.\" \/>\n<meta property=\"og:url\" content=\"https:\/\/murerpoint.dk\/en\/product\/extra-long-mortar-rake-unit-3-variants\/\" \/>\n<meta property=\"og:site_name\" content=\"Murerpoint ApS\" \/>\n<meta property=\"article:publisher\" content=\"https:\/\/m.facebook.com\/profile.php?id=61555157262134\" \/>\n<meta property=\"article:modified_time\" content=\"2024-09-27T08:58:39+00:00\" \/>\n<meta property=\"og:image\" content=\"https:\/\/murerpoint.dk\/wp-content\/uploads\/2024\/06\/Lang-musejern-forside.jpg\" \/>\n\t<meta property=\"og:image:width\" content=\"474\" \/>\n\t<meta property=\"og:image:height\" content=\"474\" \/>\n\t<meta property=\"og:image:type\" content=\"image\/jpeg\" \/>\n<meta name=\"twitter:card\" content=\"summary_large_image\" \/>\n<meta name=\"twitter:label1\" content=\"Availability\" \/>\n\t<meta name=\"twitter:data1\" content=\"In stock\" \/>\n<script type=\"application\/ld+json\" class=\"yoast-schema-graph\">{\"@context\":\"https:\\\/\\\/schema.org\",\"@graph\":[{\"@type\":\"WebPage\",\"@id\":\"https:\\\/\\\/murerpoint.dk\\\/en\\\/product\\\/extra-long-mortar-rake-unit-3-variants\\\/\",\"url\":\"https:\\\/\\\/murerpoint.dk\\\/en\\\/product\\\/extra-long-mortar-rake-unit-3-variants\\\/\",\"name\":\"Extra Long Mortar Rake Unit 3 variants - Murerpoint ApS\",\"isPartOf\":{\"@id\":\"https:\\\/\\\/murerpoint.dk\\\/en\\\/#website\"},\"primaryImageOfPage\":{\"@id\":\"https:\\\/\\\/murerpoint.dk\\\/en\\\/product\\\/extra-long-mortar-rake-unit-3-variants\\\/#primaryimage\"},\"image\":{\"@id\":\"https:\\\/\\\/murerpoint.dk\\\/en\\\/product\\\/extra-long-mortar-rake-unit-3-variants\\\/#primaryimage\"},\"thumbnailUrl\":\"https:\\\/\\\/murerpoint.dk\\\/wp-content\\\/uploads\\\/2024\\\/06\\\/Lang-musejern-forside.jpg\",\"datePublished\":\"2024-06-27T08:28:50+00:00\",\"dateModified\":\"2024-09-27T08:58:39+00:00\",\"description\":\"Extra Long Mortar Rake Unit with 3 tungsten carbide cutters for deep mortar joints and brick removal. Available in diameters 8, 10, and 12 mm.\",\"breadcrumb\":{\"@id\":\"https:\\\/\\\/murerpoint.dk\\\/en\\\/product\\\/extra-long-mortar-rake-unit-3-variants\\\/#breadcrumb\"},\"inLanguage\":\"en-US\",\"potentialAction\":[{\"@type\":\"ReadAction\",\"target\":[\"https:\\\/\\\/murerpoint.dk\\\/en\\\/product\\\/extra-long-mortar-rake-unit-3-variants\\\/\"]}]},{\"@type\":\"ImageObject\",\"inLanguage\":\"en-US\",\"@id\":\"https:\\\/\\\/murerpoint.dk\\\/en\\\/product\\\/extra-long-mortar-rake-unit-3-variants\\\/#primaryimage\",\"url\":\"https:\\\/\\\/murerpoint.dk\\\/wp-content\\\/uploads\\\/2024\\\/06\\\/Lang-musejern-forside.jpg\",\"contentUrl\":\"https:\\\/\\\/murerpoint.dk\\\/wp-content\\\/uploads\\\/2024\\\/06\\\/Lang-musejern-forside.jpg\",\"width\":474,\"height\":474,\"caption\":\"Langt musejern P\u00e5monteres direkte p\u00e5 M14-spindel p\u00e5 vinkelsliberen Diameter: 8, 10 og 12 mm Arbejdsl\u00e6ngde: 115 mm - plattel\u00e6ngde 60 mm 3 h\u00e5rdmetal-sk\u00e6r Anvendes som musejern, men med \u00f8get l\u00e6ngde, da dette kan v\u00e6re en fordel til forskellige opgaver.\"},{\"@type\":\"BreadcrumbList\",\"@id\":\"https:\\\/\\\/murerpoint.dk\\\/en\\\/product\\\/extra-long-mortar-rake-unit-3-variants\\\/#breadcrumb\",\"itemListElement\":[{\"@type\":\"ListItem\",\"position\":1,\"name\":\"Hjem\",\"item\":\"https:\\\/\\\/murerpoint.dk\\\/en\\\/\"},{\"@type\":\"ListItem\",\"position\":2,\"name\":\"SHOPPEN\",\"item\":\"https:\\\/\\\/murerpoint.dk\\\/en\\\/shoppen\\\/\"},{\"@type\":\"ListItem\",\"position\":3,\"name\":\"Extra Long Mortar Rake Unit 3 variants\"}]},{\"@type\":\"WebSite\",\"@id\":\"https:\\\/\\\/murerpoint.dk\\\/en\\\/#website\",\"url\":\"https:\\\/\\\/murerpoint.dk\\\/en\\\/\",\"name\":\"Murerpoint\",\"description\":\"kvalitets v\u00e6rkt\u00f8j\",\"publisher\":{\"@id\":\"https:\\\/\\\/murerpoint.dk\\\/en\\\/#organization\"},\"potentialAction\":[{\"@type\":\"SearchAction\",\"target\":{\"@type\":\"EntryPoint\",\"urlTemplate\":\"https:\\\/\\\/murerpoint.dk\\\/en\\\/?s={search_term_string}\"},\"query-input\":{\"@type\":\"PropertyValueSpecification\",\"valueRequired\":true,\"valueName\":\"search_term_string\"}}],\"inLanguage\":\"en-US\"},{\"@type\":\"Organization\",\"@id\":\"https:\\\/\\\/murerpoint.dk\\\/en\\\/#organization\",\"name\":\"Murerpoint ApS\",\"url\":\"https:\\\/\\\/murerpoint.dk\\\/en\\\/\",\"logo\":{\"@type\":\"ImageObject\",\"inLanguage\":\"en-US\",\"@id\":\"https:\\\/\\\/murerpoint.dk\\\/en\\\/#\\\/schema\\\/logo\\\/image\\\/\",\"url\":\"https:\\\/\\\/murerpoint.dk\\\/wp-content\\\/uploads\\\/2023\\\/12\\\/cropped-Sort-Midt-Roed-Mursten.png\",\"contentUrl\":\"https:\\\/\\\/murerpoint.dk\\\/wp-content\\\/uploads\\\/2023\\\/12\\\/cropped-Sort-Midt-Roed-Mursten.png\",\"width\":512,\"height\":512,\"caption\":\"Murerpoint ApS\"},\"image\":{\"@id\":\"https:\\\/\\\/murerpoint.dk\\\/en\\\/#\\\/schema\\\/logo\\\/image\\\/\"},\"sameAs\":[\"https:\\\/\\\/m.facebook.com\\\/profile.php?id=61555157262134\",\"https:\\\/\\\/www.instagram.com\\\/murerpoint?igsh=azluMWV6cTnc2ts&utm_source=qr\",\"https:\\\/\\\/www.tiktok.com\\\/@murerpoint?is_from_webapp=1&sender_device=pc\"]}]}<\/script>\n<meta property=\"og:availability\" content=\"instock\" \/>\n<meta property=\"product:availability\" content=\"instock\" \/>\n<meta property=\"product:retailer_item_id\" content=\"mp0013-1\" \/>\n<meta property=\"product:condition\" content=\"new\" \/>\n<!-- \/ Yoast SEO plugin. -->","yoast_head_json":{"title":"Extra Long Mortar Rake Unit 3 variants - Murerpoint ApS","description":"Extra Long Mortar Rake Unit with 3 tungsten carbide cutters for deep mortar joints and brick removal. Available in diameters 8, 10, and 12 mm.","robots":{"index":"index","follow":"follow","max-snippet":"max-snippet:-1","max-image-preview":"max-image-preview:large","max-video-preview":"max-video-preview:-1"},"canonical":"https:\/\/murerpoint.dk\/en\/product\/extra-long-mortar-rake-unit-3-variants\/","og_locale":"en_US","og_type":"article","og_title":"Extra Long Mortar Rake Unit 3 variants - Murerpoint ApS","og_description":"Extra Long Mortar Rake Unit with 3 tungsten carbide cutters for deep mortar joints and brick removal. Available in diameters 8, 10, and 12 mm.","og_url":"https:\/\/murerpoint.dk\/en\/product\/extra-long-mortar-rake-unit-3-variants\/","og_site_name":"Murerpoint ApS","article_publisher":"https:\/\/m.facebook.com\/profile.php?id=61555157262134","article_modified_time":"2024-09-27T08:58:39+00:00","og_image":[{"width":474,"height":474,"url":"https:\/\/murerpoint.dk\/wp-content\/uploads\/2024\/06\/Lang-musejern-forside.jpg","type":"image\/jpeg"}],"twitter_card":"summary_large_image","twitter_misc":{"Availability":"In stock"},"schema":{"@context":"https:\/\/schema.org","@graph":[{"@type":"WebPage","@id":"https:\/\/murerpoint.dk\/en\/product\/extra-long-mortar-rake-unit-3-variants\/","url":"https:\/\/murerpoint.dk\/en\/product\/extra-long-mortar-rake-unit-3-variants\/","name":"Extra Long Mortar Rake Unit 3 variants - Murerpoint ApS","isPartOf":{"@id":"https:\/\/murerpoint.dk\/en\/#website"},"primaryImageOfPage":{"@id":"https:\/\/murerpoint.dk\/en\/product\/extra-long-mortar-rake-unit-3-variants\/#primaryimage"},"image":{"@id":"https:\/\/murerpoint.dk\/en\/product\/extra-long-mortar-rake-unit-3-variants\/#primaryimage"},"thumbnailUrl":"https:\/\/murerpoint.dk\/wp-content\/uploads\/2024\/06\/Lang-musejern-forside.jpg","datePublished":"2024-06-27T08:28:50+00:00","dateModified":"2024-09-27T08:58:39+00:00","description":"Extra Long Mortar Rake Unit with 3 tungsten carbide cutters for deep mortar joints and brick removal. Available in diameters 8, 10, and 12 mm.","breadcrumb":{"@id":"https:\/\/murerpoint.dk\/en\/product\/extra-long-mortar-rake-unit-3-variants\/#breadcrumb"},"inLanguage":"en-US","potentialAction":[{"@type":"ReadAction","target":["https:\/\/murerpoint.dk\/en\/product\/extra-long-mortar-rake-unit-3-variants\/"]}]},{"@type":"ImageObject","inLanguage":"en-US","@id":"https:\/\/murerpoint.dk\/en\/product\/extra-long-mortar-rake-unit-3-variants\/#primaryimage","url":"https:\/\/murerpoint.dk\/wp-content\/uploads\/2024\/06\/Lang-musejern-forside.jpg","contentUrl":"https:\/\/murerpoint.dk\/wp-content\/uploads\/2024\/06\/Lang-musejern-forside.jpg","width":474,"height":474,"caption":"Langt musejern P\u00e5monteres direkte p\u00e5 M14-spindel p\u00e5 vinkelsliberen Diameter: 8, 10 og 12 mm Arbejdsl\u00e6ngde: 115 mm - plattel\u00e6ngde 60 mm 3 h\u00e5rdmetal-sk\u00e6r Anvendes som musejern, men med \u00f8get l\u00e6ngde, da dette kan v\u00e6re en fordel til forskellige opgaver."},{"@type":"BreadcrumbList","@id":"https:\/\/murerpoint.dk\/en\/product\/extra-long-mortar-rake-unit-3-variants\/#breadcrumb","itemListElement":[{"@type":"ListItem","position":1,"name":"Hjem","item":"https:\/\/murerpoint.dk\/en\/"},{"@type":"ListItem","position":2,"name":"SHOPPEN","item":"https:\/\/murerpoint.dk\/en\/shoppen\/"},{"@type":"ListItem","position":3,"name":"Extra Long Mortar Rake Unit 3 variants"}]},{"@type":"WebSite","@id":"https:\/\/murerpoint.dk\/en\/#website","url":"https:\/\/murerpoint.dk\/en\/","name":"Murerpoint","description":"kvalitets v\u00e6rkt\u00f8j","publisher":{"@id":"https:\/\/murerpoint.dk\/en\/#organization"},"potentialAction":[{"@type":"SearchAction","target":{"@type":"EntryPoint","urlTemplate":"https:\/\/murerpoint.dk\/en\/?s={search_term_string}"},"query-input":{"@type":"PropertyValueSpecification","valueRequired":true,"valueName":"search_term_string"}}],"inLanguage":"en-US"},{"@type":"Organization","@id":"https:\/\/murerpoint.dk\/en\/#organization","name":"Murerpoint ApS","url":"https:\/\/murerpoint.dk\/en\/","logo":{"@type":"ImageObject","inLanguage":"en-US","@id":"https:\/\/murerpoint.dk\/en\/#\/schema\/logo\/image\/","url":"https:\/\/murerpoint.dk\/wp-content\/uploads\/2023\/12\/cropped-Sort-Midt-Roed-Mursten.png","contentUrl":"https:\/\/murerpoint.dk\/wp-content\/uploads\/2023\/12\/cropped-Sort-Midt-Roed-Mursten.png","width":512,"height":512,"caption":"Murerpoint ApS"},"image":{"@id":"https:\/\/murerpoint.dk\/en\/#\/schema\/logo\/image\/"},"sameAs":["https:\/\/m.facebook.com\/profile.php?id=61555157262134","https:\/\/www.instagram.com\/murerpoint?igsh=azluMWV6cTnc2ts&utm_source=qr","https:\/\/www.tiktok.com\/@murerpoint?is_from_webapp=1&sender_device=pc"]}]},"og_availability":"instock","product_availability":"instock","product_retailer_item_id":"mp0013-1","product_condition":"new"},"_links":{"self":[{"href":"https:\/\/murerpoint.dk\/en\/wp-json\/wp\/v2\/product\/4917","targetHints":{"allow":["GET"]}}],"collection":[{"href":"https:\/\/murerpoint.dk\/en\/wp-json\/wp\/v2\/product"}],"about":[{"href":"https:\/\/murerpoint.dk\/en\/wp-json\/wp\/v2\/types\/product"}],"replies":[{"embeddable":true,"href":"https:\/\/murerpoint.dk\/en\/wp-json\/wp\/v2\/comments?post=4917"}],"wp:featuredmedia":[{"embeddable":true,"href":"https:\/\/murerpoint.dk\/en\/wp-json\/wp\/v2\/media\/6964"}],"wp:attachment":[{"href":"https:\/\/murerpoint.dk\/en\/wp-json\/wp\/v2\/media?parent=4917"}],"wp:term":[{"taxonomy":"product_brand","embeddable":true,"href":"https:\/\/murerpoint.dk\/en\/wp-json\/wp\/v2\/product_brand?post=4917"},{"taxonomy":"product_cat","embeddable":true,"href":"https:\/\/murerpoint.dk\/en\/wp-json\/wp\/v2\/product_cat?post=4917"},{"taxonomy":"product_tag","embeddable":true,"href":"https:\/\/murerpoint.dk\/en\/wp-json\/wp\/v2\/product_tag?post=4917"}],"curies":[{"name":"wp","href":"https:\/\/api.w.org\/{rel}","templated":true}]}}