{"id":6272,"date":"2024-09-07T13:43:29","date_gmt":"2024-09-07T13:43:29","guid":{"rendered":"https:\/\/murerpoint.dk\/product\/laag-til-gul-trykluft-moertelfugepistol\/"},"modified":"2024-09-07T13:48:47","modified_gmt":"2024-09-07T13:48:47","slug":"lid-for-yellow-pneumatic-mortar-jointing-gun","status":"publish","type":"product","link":"https:\/\/murerpoint.dk\/en\/product\/lid-for-yellow-pneumatic-mortar-jointing-gun\/","title":{"rendered":"Lid for Yellow Pneumatic Mortar Jointing Gun"},"content":{"rendered":"<?xml encoding=\"utf-8\" ?><h5><strong>Lid for Yellow Pneumatic Mortar Jointing Gun<\/strong><\/h5><p>This lid is specifically designed to fit perfectly on the yellow pneumatic mortar jointing gun. It is an essential accessory ensuring proper pressure build-up and sealing, which is crucial for achieving the best results in jointing work. The lid is durable and resistant to wear, making it ideal for daily use in both professional and DIY projects.<\/p><ul>\n<li><strong>Material:<\/strong> Durable plastic<\/li>\n<li><strong>Compatibility:<\/strong> Fits yellow pneumatic mortar jointing gun<\/li>\n<li><strong>Function:<\/strong> Airtight sealing for optimal pressure build-up<\/li>\n<li><strong>Easy installation:<\/strong> Quick to mount and remove for maintenance<\/li>\n<li><strong>Use:<\/strong> For jointing and masonry projects<\/li>\n<\/ul>\n","protected":false},"excerpt":{"rendered":"<p>Durable lid for yellow pneumatic mortar jointing gun. Made of durable plastic to ensure optimal sealing and performance.<\/p>\n","protected":false},"featured_media":5509,"comment_status":"open","ping_status":"closed","template":"","meta":[],"product_brand":[],"product_cat":[651,6265],"product_tag":[5436,6266,6267,2846,144,2852,5456,5458,6268,867],"class_list":{"0":"post-6272","1":"product","2":"type-product","3":"status-publish","4":"has-post-thumbnail","6":"product_cat-accessories","7":"product_cat-spare-parts-for-yellow-pneumatic-mortar-caulking-gun","8":"product_tag-druckluft-en","9":"product_tag-gulmoertelpistol-en","10":"product_tag-laag-en","11":"product_tag-mortar-en","12":"product_tag-mortel-en","13":"product_tag-murbruk-en","14":"product_tag-tryckluft-en","15":"product_tag-trykluft-en","16":"product_tag-trykluftstilbehoer-en","17":"product_tag-pneumatic-mortar-pointing-gun","19":"first","20":"instock","21":"taxable","22":"shipping-taxable","23":"purchasable","24":"product-type-simple"},"yoast_head":"<!-- This site is optimized with the Yoast SEO plugin v27.6 - https:\/\/yoast.com\/product\/yoast-seo-wordpress\/ -->\n<title>Lid for Yellow Pneumatic Mortar Jointing Gun - Murerpoint ApS<\/title>\n<meta name=\"description\" content=\"Buy a lid for your yellow pneumatic mortar jointing gun. Perfect for sealing and pressure build-up during jointing work, easy to install.\" \/>\n<meta name=\"robots\" content=\"index, follow, max-snippet:-1, max-image-preview:large, max-video-preview:-1\" \/>\n<link rel=\"canonical\" href=\"https:\/\/murerpoint.dk\/en\/product\/lid-for-yellow-pneumatic-mortar-jointing-gun\/\" \/>\n<meta property=\"og:locale\" content=\"en_US\" \/>\n<meta property=\"og:type\" content=\"article\" \/>\n<meta property=\"og:title\" content=\"Lid for Yellow Pneumatic Mortar Jointing Gun - Murerpoint ApS\" \/>\n<meta property=\"og:description\" content=\"Buy a lid for your yellow pneumatic mortar jointing gun. Perfect for sealing and pressure build-up during jointing work, easy to install.\" \/>\n<meta property=\"og:url\" content=\"https:\/\/murerpoint.dk\/en\/product\/lid-for-yellow-pneumatic-mortar-jointing-gun\/\" \/>\n<meta property=\"og:site_name\" content=\"Murerpoint ApS\" \/>\n<meta property=\"article:publisher\" content=\"https:\/\/m.facebook.com\/profile.php?id=61555157262134\" \/>\n<meta property=\"article:modified_time\" content=\"2024-09-07T13:48:47+00:00\" \/>\n<meta property=\"og:image\" content=\"https:\/\/murerpoint.dk\/wp-content\/uploads\/2023\/12\/snablaag-scaled.jpg\" \/>\n\t<meta property=\"og:image:width\" content=\"2560\" \/>\n\t<meta property=\"og:image:height\" content=\"1920\" \/>\n\t<meta property=\"og:image:type\" content=\"image\/jpeg\" \/>\n<meta name=\"twitter:card\" content=\"summary_large_image\" \/>\n<meta name=\"twitter:label1\" content=\"Price\" \/>\n\t<meta name=\"twitter:data1\" content=\"&euro;40.15 Pris ekskl. moms: &euro;32.12\" \/>\n\t<meta name=\"twitter:label2\" content=\"Availability\" \/>\n\t<meta name=\"twitter:data2\" content=\"In stock\" \/>\n<script type=\"application\/ld+json\" class=\"yoast-schema-graph\">{\"@context\":\"https:\\\/\\\/schema.org\",\"@graph\":[{\"@type\":\"WebPage\",\"@id\":\"https:\\\/\\\/murerpoint.dk\\\/en\\\/product\\\/lid-for-yellow-pneumatic-mortar-jointing-gun\\\/\",\"url\":\"https:\\\/\\\/murerpoint.dk\\\/en\\\/product\\\/lid-for-yellow-pneumatic-mortar-jointing-gun\\\/\",\"name\":\"Lid for Yellow Pneumatic Mortar Jointing Gun - Murerpoint ApS\",\"isPartOf\":{\"@id\":\"https:\\\/\\\/murerpoint.dk\\\/en\\\/#website\"},\"primaryImageOfPage\":{\"@id\":\"https:\\\/\\\/murerpoint.dk\\\/en\\\/product\\\/lid-for-yellow-pneumatic-mortar-jointing-gun\\\/#primaryimage\"},\"image\":{\"@id\":\"https:\\\/\\\/murerpoint.dk\\\/en\\\/product\\\/lid-for-yellow-pneumatic-mortar-jointing-gun\\\/#primaryimage\"},\"thumbnailUrl\":\"https:\\\/\\\/murerpoint.dk\\\/wp-content\\\/uploads\\\/2023\\\/12\\\/snablaag-scaled.jpg\",\"datePublished\":\"2024-09-07T13:43:29+00:00\",\"dateModified\":\"2024-09-07T13:48:47+00:00\",\"description\":\"Buy a lid for your yellow pneumatic mortar jointing gun. Perfect for sealing and pressure build-up during jointing work, easy to install.\",\"breadcrumb\":{\"@id\":\"https:\\\/\\\/murerpoint.dk\\\/en\\\/product\\\/lid-for-yellow-pneumatic-mortar-jointing-gun\\\/#breadcrumb\"},\"inLanguage\":\"en-US\",\"potentialAction\":[{\"@type\":\"ReadAction\",\"target\":[\"https:\\\/\\\/murerpoint.dk\\\/en\\\/product\\\/lid-for-yellow-pneumatic-mortar-jointing-gun\\\/\"]}]},{\"@type\":\"ImageObject\",\"inLanguage\":\"en-US\",\"@id\":\"https:\\\/\\\/murerpoint.dk\\\/en\\\/product\\\/lid-for-yellow-pneumatic-mortar-jointing-gun\\\/#primaryimage\",\"url\":\"https:\\\/\\\/murerpoint.dk\\\/wp-content\\\/uploads\\\/2023\\\/12\\\/snablaag-scaled.jpg\",\"contentUrl\":\"https:\\\/\\\/murerpoint.dk\\\/wp-content\\\/uploads\\\/2023\\\/12\\\/snablaag-scaled.jpg\",\"width\":2560,\"height\":1920,\"caption\":\"Trykluft m\u00f8rtel fugepistol med snabbl\u00e5g - klikkes p\u00e5, hurtig nemt og enkelt\"},{\"@type\":\"BreadcrumbList\",\"@id\":\"https:\\\/\\\/murerpoint.dk\\\/en\\\/product\\\/lid-for-yellow-pneumatic-mortar-jointing-gun\\\/#breadcrumb\",\"itemListElement\":[{\"@type\":\"ListItem\",\"position\":1,\"name\":\"Hjem\",\"item\":\"https:\\\/\\\/murerpoint.dk\\\/en\\\/\"},{\"@type\":\"ListItem\",\"position\":2,\"name\":\"SHOPPEN\",\"item\":\"https:\\\/\\\/murerpoint.dk\\\/en\\\/shoppen\\\/\"},{\"@type\":\"ListItem\",\"position\":3,\"name\":\"Lid for Yellow Pneumatic Mortar Jointing Gun\"}]},{\"@type\":\"WebSite\",\"@id\":\"https:\\\/\\\/murerpoint.dk\\\/en\\\/#website\",\"url\":\"https:\\\/\\\/murerpoint.dk\\\/en\\\/\",\"name\":\"Murerpoint\",\"description\":\"kvalitets v\u00e6rkt\u00f8j\",\"publisher\":{\"@id\":\"https:\\\/\\\/murerpoint.dk\\\/en\\\/#organization\"},\"potentialAction\":[{\"@type\":\"SearchAction\",\"target\":{\"@type\":\"EntryPoint\",\"urlTemplate\":\"https:\\\/\\\/murerpoint.dk\\\/en\\\/?s={search_term_string}\"},\"query-input\":{\"@type\":\"PropertyValueSpecification\",\"valueRequired\":true,\"valueName\":\"search_term_string\"}}],\"inLanguage\":\"en-US\"},{\"@type\":\"Organization\",\"@id\":\"https:\\\/\\\/murerpoint.dk\\\/en\\\/#organization\",\"name\":\"Murerpoint ApS\",\"url\":\"https:\\\/\\\/murerpoint.dk\\\/en\\\/\",\"logo\":{\"@type\":\"ImageObject\",\"inLanguage\":\"en-US\",\"@id\":\"https:\\\/\\\/murerpoint.dk\\\/en\\\/#\\\/schema\\\/logo\\\/image\\\/\",\"url\":\"https:\\\/\\\/murerpoint.dk\\\/wp-content\\\/uploads\\\/2023\\\/12\\\/cropped-Sort-Midt-Roed-Mursten.png\",\"contentUrl\":\"https:\\\/\\\/murerpoint.dk\\\/wp-content\\\/uploads\\\/2023\\\/12\\\/cropped-Sort-Midt-Roed-Mursten.png\",\"width\":512,\"height\":512,\"caption\":\"Murerpoint ApS\"},\"image\":{\"@id\":\"https:\\\/\\\/murerpoint.dk\\\/en\\\/#\\\/schema\\\/logo\\\/image\\\/\"},\"sameAs\":[\"https:\\\/\\\/m.facebook.com\\\/profile.php?id=61555157262134\",\"https:\\\/\\\/www.instagram.com\\\/murerpoint?igsh=azluMWV6cTnc2ts&utm_source=qr\",\"https:\\\/\\\/www.tiktok.com\\\/@murerpoint?is_from_webapp=1&sender_device=pc\"]}]}<\/script>\n<meta property=\"product:price:amount\" content=\"40.15\" \/>\n<meta property=\"product:price:currency\" content=\"EUR\" \/>\n<meta property=\"og:availability\" content=\"instock\" \/>\n<meta property=\"product:availability\" content=\"instock\" \/>\n<meta property=\"product:retailer_item_id\" content=\"mp000126\" \/>\n<meta property=\"product:condition\" content=\"new\" \/>\n<!-- \/ Yoast SEO plugin. -->","yoast_head_json":{"title":"Lid for Yellow Pneumatic Mortar Jointing Gun - Murerpoint ApS","description":"Buy a lid for your yellow pneumatic mortar jointing gun. Perfect for sealing and pressure build-up during jointing work, easy to install.","robots":{"index":"index","follow":"follow","max-snippet":"max-snippet:-1","max-image-preview":"max-image-preview:large","max-video-preview":"max-video-preview:-1"},"canonical":"https:\/\/murerpoint.dk\/en\/product\/lid-for-yellow-pneumatic-mortar-jointing-gun\/","og_locale":"en_US","og_type":"article","og_title":"Lid for Yellow Pneumatic Mortar Jointing Gun - Murerpoint ApS","og_description":"Buy a lid for your yellow pneumatic mortar jointing gun. Perfect for sealing and pressure build-up during jointing work, easy to install.","og_url":"https:\/\/murerpoint.dk\/en\/product\/lid-for-yellow-pneumatic-mortar-jointing-gun\/","og_site_name":"Murerpoint ApS","article_publisher":"https:\/\/m.facebook.com\/profile.php?id=61555157262134","article_modified_time":"2024-09-07T13:48:47+00:00","og_image":[{"width":2560,"height":1920,"url":"https:\/\/murerpoint.dk\/wp-content\/uploads\/2023\/12\/snablaag-scaled.jpg","type":"image\/jpeg"}],"twitter_card":"summary_large_image","twitter_misc":{"Price":"&euro;40.15 Pris ekskl. moms: &euro;32.12","Availability":"In stock"},"schema":{"@context":"https:\/\/schema.org","@graph":[{"@type":"WebPage","@id":"https:\/\/murerpoint.dk\/en\/product\/lid-for-yellow-pneumatic-mortar-jointing-gun\/","url":"https:\/\/murerpoint.dk\/en\/product\/lid-for-yellow-pneumatic-mortar-jointing-gun\/","name":"Lid for Yellow Pneumatic Mortar Jointing Gun - Murerpoint ApS","isPartOf":{"@id":"https:\/\/murerpoint.dk\/en\/#website"},"primaryImageOfPage":{"@id":"https:\/\/murerpoint.dk\/en\/product\/lid-for-yellow-pneumatic-mortar-jointing-gun\/#primaryimage"},"image":{"@id":"https:\/\/murerpoint.dk\/en\/product\/lid-for-yellow-pneumatic-mortar-jointing-gun\/#primaryimage"},"thumbnailUrl":"https:\/\/murerpoint.dk\/wp-content\/uploads\/2023\/12\/snablaag-scaled.jpg","datePublished":"2024-09-07T13:43:29+00:00","dateModified":"2024-09-07T13:48:47+00:00","description":"Buy a lid for your yellow pneumatic mortar jointing gun. Perfect for sealing and pressure build-up during jointing work, easy to install.","breadcrumb":{"@id":"https:\/\/murerpoint.dk\/en\/product\/lid-for-yellow-pneumatic-mortar-jointing-gun\/#breadcrumb"},"inLanguage":"en-US","potentialAction":[{"@type":"ReadAction","target":["https:\/\/murerpoint.dk\/en\/product\/lid-for-yellow-pneumatic-mortar-jointing-gun\/"]}]},{"@type":"ImageObject","inLanguage":"en-US","@id":"https:\/\/murerpoint.dk\/en\/product\/lid-for-yellow-pneumatic-mortar-jointing-gun\/#primaryimage","url":"https:\/\/murerpoint.dk\/wp-content\/uploads\/2023\/12\/snablaag-scaled.jpg","contentUrl":"https:\/\/murerpoint.dk\/wp-content\/uploads\/2023\/12\/snablaag-scaled.jpg","width":2560,"height":1920,"caption":"Trykluft m\u00f8rtel fugepistol med snabbl\u00e5g - klikkes p\u00e5, hurtig nemt og enkelt"},{"@type":"BreadcrumbList","@id":"https:\/\/murerpoint.dk\/en\/product\/lid-for-yellow-pneumatic-mortar-jointing-gun\/#breadcrumb","itemListElement":[{"@type":"ListItem","position":1,"name":"Hjem","item":"https:\/\/murerpoint.dk\/en\/"},{"@type":"ListItem","position":2,"name":"SHOPPEN","item":"https:\/\/murerpoint.dk\/en\/shoppen\/"},{"@type":"ListItem","position":3,"name":"Lid for Yellow Pneumatic Mortar Jointing Gun"}]},{"@type":"WebSite","@id":"https:\/\/murerpoint.dk\/en\/#website","url":"https:\/\/murerpoint.dk\/en\/","name":"Murerpoint","description":"kvalitets v\u00e6rkt\u00f8j","publisher":{"@id":"https:\/\/murerpoint.dk\/en\/#organization"},"potentialAction":[{"@type":"SearchAction","target":{"@type":"EntryPoint","urlTemplate":"https:\/\/murerpoint.dk\/en\/?s={search_term_string}"},"query-input":{"@type":"PropertyValueSpecification","valueRequired":true,"valueName":"search_term_string"}}],"inLanguage":"en-US"},{"@type":"Organization","@id":"https:\/\/murerpoint.dk\/en\/#organization","name":"Murerpoint ApS","url":"https:\/\/murerpoint.dk\/en\/","logo":{"@type":"ImageObject","inLanguage":"en-US","@id":"https:\/\/murerpoint.dk\/en\/#\/schema\/logo\/image\/","url":"https:\/\/murerpoint.dk\/wp-content\/uploads\/2023\/12\/cropped-Sort-Midt-Roed-Mursten.png","contentUrl":"https:\/\/murerpoint.dk\/wp-content\/uploads\/2023\/12\/cropped-Sort-Midt-Roed-Mursten.png","width":512,"height":512,"caption":"Murerpoint ApS"},"image":{"@id":"https:\/\/murerpoint.dk\/en\/#\/schema\/logo\/image\/"},"sameAs":["https:\/\/m.facebook.com\/profile.php?id=61555157262134","https:\/\/www.instagram.com\/murerpoint?igsh=azluMWV6cTnc2ts&utm_source=qr","https:\/\/www.tiktok.com\/@murerpoint?is_from_webapp=1&sender_device=pc"]}]},"product_price_amount":"40.15","product_price_currency":"EUR","og_availability":"instock","product_availability":"instock","product_retailer_item_id":"mp000126","product_condition":"new"},"_links":{"self":[{"href":"https:\/\/murerpoint.dk\/en\/wp-json\/wp\/v2\/product\/6272","targetHints":{"allow":["GET"]}}],"collection":[{"href":"https:\/\/murerpoint.dk\/en\/wp-json\/wp\/v2\/product"}],"about":[{"href":"https:\/\/murerpoint.dk\/en\/wp-json\/wp\/v2\/types\/product"}],"replies":[{"embeddable":true,"href":"https:\/\/murerpoint.dk\/en\/wp-json\/wp\/v2\/comments?post=6272"}],"wp:featuredmedia":[{"embeddable":true,"href":"https:\/\/murerpoint.dk\/en\/wp-json\/wp\/v2\/media\/5509"}],"wp:attachment":[{"href":"https:\/\/murerpoint.dk\/en\/wp-json\/wp\/v2\/media?parent=6272"}],"wp:term":[{"taxonomy":"product_brand","embeddable":true,"href":"https:\/\/murerpoint.dk\/en\/wp-json\/wp\/v2\/product_brand?post=6272"},{"taxonomy":"product_cat","embeddable":true,"href":"https:\/\/murerpoint.dk\/en\/wp-json\/wp\/v2\/product_cat?post=6272"},{"taxonomy":"product_tag","embeddable":true,"href":"https:\/\/murerpoint.dk\/en\/wp-json\/wp\/v2\/product_tag?post=6272"}],"curies":[{"name":"wp","href":"https:\/\/api.w.org\/{rel}","templated":true}]}}