{"id":6278,"date":"2024-09-07T14:01:42","date_gmt":"2024-09-07T14:01:42","guid":{"rendered":"https:\/\/murerpoint.dk\/product\/ventil-reservedel-til-trykluft-moertelpistol\/"},"modified":"2024-09-07T14:12:07","modified_gmt":"2024-09-07T14:12:07","slug":"replaceable-valve-spare-part-for-pneumatic-caulking-gun","status":"publish","type":"product","link":"https:\/\/murerpoint.dk\/en\/product\/replaceable-valve-spare-part-for-pneumatic-caulking-gun\/","title":{"rendered":"Replaceable Valve Spare Part for Pneumatic Caulking Gun"},"content":{"rendered":"<?xml encoding=\"utf-8\" ?><h5><strong>Replaceable Valve Spare Part for Pneumatic Caulking Gun<\/strong><\/h5><p>This replaceable valve is a key component of your pneumatic caulking gun. It ensures smooth and reliable airflow during use and is ideal for replacing worn or faulty valves, extending the life of your caulking gun. The valve is easy to install and designed to withstand frequent use in demanding conditions.<\/p><p><strong>Features:<\/strong><\/p><ul>\n<li><strong>Replaceable valve<\/strong>: Perfectly fits our pneumatic caulking gun and ensures continuous airflow.<\/li>\n<li><strong>Long durability<\/strong>: Made of durable materials that can withstand frequent use under tough conditions.<\/li>\n<li><strong>Easy installation<\/strong>: Can be quickly replaced without special tools.<\/li>\n<li><strong>Efficient airflow<\/strong>: Optimized to provide constant air pressure support, increasing the gun&rsquo;s precision and performance.<\/li>\n<\/ul>\n","protected":false},"excerpt":{"rendered":"<h5><strong>Replaceable Valve Spare Part for Pneumatic Caulking Gun<\/strong><\/h5>\n<p>Spare valve for pneumatic caulking gun \u2013 Replaceable valve for optimal airflow.<\/p>\n","protected":false},"featured_media":5509,"comment_status":"open","ping_status":"closed","template":"","meta":[],"product_brand":[],"product_cat":[651,6265],"product_tag":[5436,5456,5458,231,867],"class_list":{"0":"post-6278","1":"product","2":"type-product","3":"status-publish","4":"has-post-thumbnail","6":"product_cat-accessories","7":"product_cat-spare-parts-for-yellow-pneumatic-mortar-caulking-gun","8":"product_tag-druckluft-en","9":"product_tag-tryckluft-en","10":"product_tag-trykluft-en","11":"product_tag-voegpistool","12":"product_tag-pneumatic-mortar-pointing-gun","14":"first","15":"instock","16":"taxable","17":"shipping-taxable","18":"purchasable","19":"product-type-simple"},"yoast_head":"<!-- This site is optimized with the Yoast SEO plugin v27.6 - https:\/\/yoast.com\/product\/yoast-seo-wordpress\/ -->\n<title>Replaceable Valve Spare Part for Pneumatic Caulking Gun - Murerpoint ApS<\/title>\n<meta name=\"description\" content=\"Replace your pneumatic caulking gun valve for optimal airflow. Buy the spare valve now \u2013 easy installation and durable materials.\" \/>\n<meta name=\"robots\" content=\"index, follow, max-snippet:-1, max-image-preview:large, max-video-preview:-1\" \/>\n<link rel=\"canonical\" href=\"https:\/\/murerpoint.dk\/en\/product\/replaceable-valve-spare-part-for-pneumatic-caulking-gun\/\" \/>\n<meta property=\"og:locale\" content=\"en_US\" \/>\n<meta property=\"og:type\" content=\"article\" \/>\n<meta property=\"og:title\" content=\"Replaceable Valve Spare Part for Pneumatic Caulking Gun - Murerpoint ApS\" \/>\n<meta property=\"og:description\" content=\"Replace your pneumatic caulking gun valve for optimal airflow. Buy the spare valve now \u2013 easy installation and durable materials.\" \/>\n<meta property=\"og:url\" content=\"https:\/\/murerpoint.dk\/en\/product\/replaceable-valve-spare-part-for-pneumatic-caulking-gun\/\" \/>\n<meta property=\"og:site_name\" content=\"Murerpoint ApS\" \/>\n<meta property=\"article:publisher\" content=\"https:\/\/m.facebook.com\/profile.php?id=61555157262134\" \/>\n<meta property=\"article:modified_time\" content=\"2024-09-07T14:12:07+00:00\" \/>\n<meta property=\"og:image\" content=\"https:\/\/murerpoint.dk\/wp-content\/uploads\/2023\/12\/snablaag-scaled.jpg\" \/>\n\t<meta property=\"og:image:width\" content=\"2560\" \/>\n\t<meta property=\"og:image:height\" content=\"1920\" \/>\n\t<meta property=\"og:image:type\" content=\"image\/jpeg\" \/>\n<meta name=\"twitter:card\" content=\"summary_large_image\" \/>\n<meta name=\"twitter:label1\" content=\"Price\" \/>\n\t<meta name=\"twitter:data1\" content=\"&euro;13.39 Pris ekskl. moms: &euro;10.71\" \/>\n\t<meta name=\"twitter:label2\" content=\"Availability\" \/>\n\t<meta name=\"twitter:data2\" content=\"In stock\" \/>\n<script type=\"application\/ld+json\" class=\"yoast-schema-graph\">{\"@context\":\"https:\\\/\\\/schema.org\",\"@graph\":[{\"@type\":\"WebPage\",\"@id\":\"https:\\\/\\\/murerpoint.dk\\\/en\\\/product\\\/replaceable-valve-spare-part-for-pneumatic-caulking-gun\\\/\",\"url\":\"https:\\\/\\\/murerpoint.dk\\\/en\\\/product\\\/replaceable-valve-spare-part-for-pneumatic-caulking-gun\\\/\",\"name\":\"Replaceable Valve Spare Part for Pneumatic Caulking Gun - Murerpoint ApS\",\"isPartOf\":{\"@id\":\"https:\\\/\\\/murerpoint.dk\\\/en\\\/#website\"},\"primaryImageOfPage\":{\"@id\":\"https:\\\/\\\/murerpoint.dk\\\/en\\\/product\\\/replaceable-valve-spare-part-for-pneumatic-caulking-gun\\\/#primaryimage\"},\"image\":{\"@id\":\"https:\\\/\\\/murerpoint.dk\\\/en\\\/product\\\/replaceable-valve-spare-part-for-pneumatic-caulking-gun\\\/#primaryimage\"},\"thumbnailUrl\":\"https:\\\/\\\/murerpoint.dk\\\/wp-content\\\/uploads\\\/2023\\\/12\\\/snablaag-scaled.jpg\",\"datePublished\":\"2024-09-07T14:01:42+00:00\",\"dateModified\":\"2024-09-07T14:12:07+00:00\",\"description\":\"Replace your pneumatic caulking gun valve for optimal airflow. Buy the spare valve now \u2013 easy installation and durable materials.\",\"breadcrumb\":{\"@id\":\"https:\\\/\\\/murerpoint.dk\\\/en\\\/product\\\/replaceable-valve-spare-part-for-pneumatic-caulking-gun\\\/#breadcrumb\"},\"inLanguage\":\"en-US\",\"potentialAction\":[{\"@type\":\"ReadAction\",\"target\":[\"https:\\\/\\\/murerpoint.dk\\\/en\\\/product\\\/replaceable-valve-spare-part-for-pneumatic-caulking-gun\\\/\"]}]},{\"@type\":\"ImageObject\",\"inLanguage\":\"en-US\",\"@id\":\"https:\\\/\\\/murerpoint.dk\\\/en\\\/product\\\/replaceable-valve-spare-part-for-pneumatic-caulking-gun\\\/#primaryimage\",\"url\":\"https:\\\/\\\/murerpoint.dk\\\/wp-content\\\/uploads\\\/2023\\\/12\\\/snablaag-scaled.jpg\",\"contentUrl\":\"https:\\\/\\\/murerpoint.dk\\\/wp-content\\\/uploads\\\/2023\\\/12\\\/snablaag-scaled.jpg\",\"width\":2560,\"height\":1920,\"caption\":\"Trykluft m\u00f8rtel fugepistol med snabbl\u00e5g - klikkes p\u00e5, hurtig nemt og enkelt\"},{\"@type\":\"BreadcrumbList\",\"@id\":\"https:\\\/\\\/murerpoint.dk\\\/en\\\/product\\\/replaceable-valve-spare-part-for-pneumatic-caulking-gun\\\/#breadcrumb\",\"itemListElement\":[{\"@type\":\"ListItem\",\"position\":1,\"name\":\"Hjem\",\"item\":\"https:\\\/\\\/murerpoint.dk\\\/en\\\/\"},{\"@type\":\"ListItem\",\"position\":2,\"name\":\"SHOPPEN\",\"item\":\"https:\\\/\\\/murerpoint.dk\\\/en\\\/shoppen\\\/\"},{\"@type\":\"ListItem\",\"position\":3,\"name\":\"Replaceable Valve Spare Part for Pneumatic Caulking Gun\"}]},{\"@type\":\"WebSite\",\"@id\":\"https:\\\/\\\/murerpoint.dk\\\/en\\\/#website\",\"url\":\"https:\\\/\\\/murerpoint.dk\\\/en\\\/\",\"name\":\"Murerpoint\",\"description\":\"kvalitets v\u00e6rkt\u00f8j\",\"publisher\":{\"@id\":\"https:\\\/\\\/murerpoint.dk\\\/en\\\/#organization\"},\"potentialAction\":[{\"@type\":\"SearchAction\",\"target\":{\"@type\":\"EntryPoint\",\"urlTemplate\":\"https:\\\/\\\/murerpoint.dk\\\/en\\\/?s={search_term_string}\"},\"query-input\":{\"@type\":\"PropertyValueSpecification\",\"valueRequired\":true,\"valueName\":\"search_term_string\"}}],\"inLanguage\":\"en-US\"},{\"@type\":\"Organization\",\"@id\":\"https:\\\/\\\/murerpoint.dk\\\/en\\\/#organization\",\"name\":\"Murerpoint ApS\",\"url\":\"https:\\\/\\\/murerpoint.dk\\\/en\\\/\",\"logo\":{\"@type\":\"ImageObject\",\"inLanguage\":\"en-US\",\"@id\":\"https:\\\/\\\/murerpoint.dk\\\/en\\\/#\\\/schema\\\/logo\\\/image\\\/\",\"url\":\"https:\\\/\\\/murerpoint.dk\\\/wp-content\\\/uploads\\\/2023\\\/12\\\/cropped-Sort-Midt-Roed-Mursten.png\",\"contentUrl\":\"https:\\\/\\\/murerpoint.dk\\\/wp-content\\\/uploads\\\/2023\\\/12\\\/cropped-Sort-Midt-Roed-Mursten.png\",\"width\":512,\"height\":512,\"caption\":\"Murerpoint ApS\"},\"image\":{\"@id\":\"https:\\\/\\\/murerpoint.dk\\\/en\\\/#\\\/schema\\\/logo\\\/image\\\/\"},\"sameAs\":[\"https:\\\/\\\/m.facebook.com\\\/profile.php?id=61555157262134\",\"https:\\\/\\\/www.instagram.com\\\/murerpoint?igsh=azluMWV6cTnc2ts&utm_source=qr\",\"https:\\\/\\\/www.tiktok.com\\\/@murerpoint?is_from_webapp=1&sender_device=pc\"]}]}<\/script>\n<meta property=\"product:price:amount\" content=\"13.39\" \/>\n<meta property=\"product:price:currency\" content=\"EUR\" \/>\n<meta property=\"og:availability\" content=\"instock\" \/>\n<meta property=\"product:availability\" content=\"instock\" \/>\n<meta property=\"product:retailer_item_id\" content=\"mp000127\" \/>\n<meta property=\"product:condition\" content=\"new\" \/>\n<!-- \/ Yoast SEO plugin. -->","yoast_head_json":{"title":"Replaceable Valve Spare Part for Pneumatic Caulking Gun - Murerpoint ApS","description":"Replace your pneumatic caulking gun valve for optimal airflow. Buy the spare valve now \u2013 easy installation and durable materials.","robots":{"index":"index","follow":"follow","max-snippet":"max-snippet:-1","max-image-preview":"max-image-preview:large","max-video-preview":"max-video-preview:-1"},"canonical":"https:\/\/murerpoint.dk\/en\/product\/replaceable-valve-spare-part-for-pneumatic-caulking-gun\/","og_locale":"en_US","og_type":"article","og_title":"Replaceable Valve Spare Part for Pneumatic Caulking Gun - Murerpoint ApS","og_description":"Replace your pneumatic caulking gun valve for optimal airflow. Buy the spare valve now \u2013 easy installation and durable materials.","og_url":"https:\/\/murerpoint.dk\/en\/product\/replaceable-valve-spare-part-for-pneumatic-caulking-gun\/","og_site_name":"Murerpoint ApS","article_publisher":"https:\/\/m.facebook.com\/profile.php?id=61555157262134","article_modified_time":"2024-09-07T14:12:07+00:00","og_image":[{"width":2560,"height":1920,"url":"https:\/\/murerpoint.dk\/wp-content\/uploads\/2023\/12\/snablaag-scaled.jpg","type":"image\/jpeg"}],"twitter_card":"summary_large_image","twitter_misc":{"Price":"&euro;13.39 Pris ekskl. moms: &euro;10.71","Availability":"In stock"},"schema":{"@context":"https:\/\/schema.org","@graph":[{"@type":"WebPage","@id":"https:\/\/murerpoint.dk\/en\/product\/replaceable-valve-spare-part-for-pneumatic-caulking-gun\/","url":"https:\/\/murerpoint.dk\/en\/product\/replaceable-valve-spare-part-for-pneumatic-caulking-gun\/","name":"Replaceable Valve Spare Part for Pneumatic Caulking Gun - Murerpoint ApS","isPartOf":{"@id":"https:\/\/murerpoint.dk\/en\/#website"},"primaryImageOfPage":{"@id":"https:\/\/murerpoint.dk\/en\/product\/replaceable-valve-spare-part-for-pneumatic-caulking-gun\/#primaryimage"},"image":{"@id":"https:\/\/murerpoint.dk\/en\/product\/replaceable-valve-spare-part-for-pneumatic-caulking-gun\/#primaryimage"},"thumbnailUrl":"https:\/\/murerpoint.dk\/wp-content\/uploads\/2023\/12\/snablaag-scaled.jpg","datePublished":"2024-09-07T14:01:42+00:00","dateModified":"2024-09-07T14:12:07+00:00","description":"Replace your pneumatic caulking gun valve for optimal airflow. Buy the spare valve now \u2013 easy installation and durable materials.","breadcrumb":{"@id":"https:\/\/murerpoint.dk\/en\/product\/replaceable-valve-spare-part-for-pneumatic-caulking-gun\/#breadcrumb"},"inLanguage":"en-US","potentialAction":[{"@type":"ReadAction","target":["https:\/\/murerpoint.dk\/en\/product\/replaceable-valve-spare-part-for-pneumatic-caulking-gun\/"]}]},{"@type":"ImageObject","inLanguage":"en-US","@id":"https:\/\/murerpoint.dk\/en\/product\/replaceable-valve-spare-part-for-pneumatic-caulking-gun\/#primaryimage","url":"https:\/\/murerpoint.dk\/wp-content\/uploads\/2023\/12\/snablaag-scaled.jpg","contentUrl":"https:\/\/murerpoint.dk\/wp-content\/uploads\/2023\/12\/snablaag-scaled.jpg","width":2560,"height":1920,"caption":"Trykluft m\u00f8rtel fugepistol med snabbl\u00e5g - klikkes p\u00e5, hurtig nemt og enkelt"},{"@type":"BreadcrumbList","@id":"https:\/\/murerpoint.dk\/en\/product\/replaceable-valve-spare-part-for-pneumatic-caulking-gun\/#breadcrumb","itemListElement":[{"@type":"ListItem","position":1,"name":"Hjem","item":"https:\/\/murerpoint.dk\/en\/"},{"@type":"ListItem","position":2,"name":"SHOPPEN","item":"https:\/\/murerpoint.dk\/en\/shoppen\/"},{"@type":"ListItem","position":3,"name":"Replaceable Valve Spare Part for Pneumatic Caulking Gun"}]},{"@type":"WebSite","@id":"https:\/\/murerpoint.dk\/en\/#website","url":"https:\/\/murerpoint.dk\/en\/","name":"Murerpoint","description":"kvalitets v\u00e6rkt\u00f8j","publisher":{"@id":"https:\/\/murerpoint.dk\/en\/#organization"},"potentialAction":[{"@type":"SearchAction","target":{"@type":"EntryPoint","urlTemplate":"https:\/\/murerpoint.dk\/en\/?s={search_term_string}"},"query-input":{"@type":"PropertyValueSpecification","valueRequired":true,"valueName":"search_term_string"}}],"inLanguage":"en-US"},{"@type":"Organization","@id":"https:\/\/murerpoint.dk\/en\/#organization","name":"Murerpoint ApS","url":"https:\/\/murerpoint.dk\/en\/","logo":{"@type":"ImageObject","inLanguage":"en-US","@id":"https:\/\/murerpoint.dk\/en\/#\/schema\/logo\/image\/","url":"https:\/\/murerpoint.dk\/wp-content\/uploads\/2023\/12\/cropped-Sort-Midt-Roed-Mursten.png","contentUrl":"https:\/\/murerpoint.dk\/wp-content\/uploads\/2023\/12\/cropped-Sort-Midt-Roed-Mursten.png","width":512,"height":512,"caption":"Murerpoint ApS"},"image":{"@id":"https:\/\/murerpoint.dk\/en\/#\/schema\/logo\/image\/"},"sameAs":["https:\/\/m.facebook.com\/profile.php?id=61555157262134","https:\/\/www.instagram.com\/murerpoint?igsh=azluMWV6cTnc2ts&utm_source=qr","https:\/\/www.tiktok.com\/@murerpoint?is_from_webapp=1&sender_device=pc"]}]},"product_price_amount":"13.39","product_price_currency":"EUR","og_availability":"instock","product_availability":"instock","product_retailer_item_id":"mp000127","product_condition":"new"},"_links":{"self":[{"href":"https:\/\/murerpoint.dk\/en\/wp-json\/wp\/v2\/product\/6278","targetHints":{"allow":["GET"]}}],"collection":[{"href":"https:\/\/murerpoint.dk\/en\/wp-json\/wp\/v2\/product"}],"about":[{"href":"https:\/\/murerpoint.dk\/en\/wp-json\/wp\/v2\/types\/product"}],"replies":[{"embeddable":true,"href":"https:\/\/murerpoint.dk\/en\/wp-json\/wp\/v2\/comments?post=6278"}],"wp:featuredmedia":[{"embeddable":true,"href":"https:\/\/murerpoint.dk\/en\/wp-json\/wp\/v2\/media\/5509"}],"wp:attachment":[{"href":"https:\/\/murerpoint.dk\/en\/wp-json\/wp\/v2\/media?parent=6278"}],"wp:term":[{"taxonomy":"product_brand","embeddable":true,"href":"https:\/\/murerpoint.dk\/en\/wp-json\/wp\/v2\/product_brand?post=6278"},{"taxonomy":"product_cat","embeddable":true,"href":"https:\/\/murerpoint.dk\/en\/wp-json\/wp\/v2\/product_cat?post=6278"},{"taxonomy":"product_tag","embeddable":true,"href":"https:\/\/murerpoint.dk\/en\/wp-json\/wp\/v2\/product_tag?post=6278"}],"curies":[{"name":"wp","href":"https:\/\/api.w.org\/{rel}","templated":true}]}}