{"id":6541,"date":"2024-09-11T10:12:30","date_gmt":"2024-09-11T10:12:30","guid":{"rendered":"https:\/\/murerpoint.dk\/product\/effektiv-og-stoevfri-rillefraesersaal-til-vinkelsliber-fraesning-af-kanaler\/"},"modified":"2024-10-22T17:13:10","modified_gmt":"2024-10-22T17:13:10","slug":"a-wall-chaser-sole-plate-makes-efficient-dust-collection-for-grooves","status":"publish","type":"product","link":"https:\/\/murerpoint.dk\/en\/product\/a-wall-chaser-sole-plate-makes-efficient-dust-collection-for-grooves\/","title":{"rendered":"A wall chaser Sole Plate makes efficient dust collection for grooves"},"content":{"rendered":"<?xml encoding=\"utf-8\" ?><h5>A wall chaser Sole Plate makes efficient dust collection for <strong>grooves<\/strong><\/h5><h5>Wall Chaser Sole Plate for Angle Grinder Dust Free Channel Cutting for Plumbing and Electrical Cables<\/h5><p>The Wall Chaser Sole Plate is a highly efficient tool designed to ensure uniform channel depth while working with your angle grinder. It helps you maintain consistency and precision in every cut, whether you&rsquo;re cutting channels for plumbing or electrical cables.<\/p><h5><strong>Key Features<\/strong>:<\/h5><ol>\n<li><strong>Uniform Chasing Depth<\/strong>: Ensures consistent depth throughout the entire channel, eliminating any variations or irregularities.<\/li>\n<li><strong>Stable Direction<\/strong>: The guide rail helps to keep the angle grinder in a steady direction, providing a professional and uniform result.<\/li>\n<li><strong>Dust-Free Operation<\/strong>: When connected to a vacuum cleaner, the Wall Chaser Sole Plate creates a dust-free working environment, allowing for cleaner and safer work conditions.<\/li>\n<\/ol><h5><strong>Why Choose the Wall Chaser Sole Plate?<\/strong><\/h5><ul>\n<li><strong>Efficient and Versatile<\/strong>: Suitable for all standard 125 mm angle grinders, making it easy to cut precise channels for both plumbing and electrical installations.<\/li>\n<li><strong>Cleaner Workspace<\/strong>: The ability to connect to a vacuum cleaner ensures a dust-free workspace, improving safety and comfort during operation.<\/li>\n<li><strong>Precise Results<\/strong>: The fixable guide rail guarantees consistent cuts, reducing the chance of errors.<\/li>\n<\/ul><p><em>Note<\/em>: The Wall Chaser Sole Plate is sold separately from chaser, which can be purchased under seperately.<\/p><p><iframe title=\"Channel Cutting in Aerated Concrete with Chaser + Sole Plate. DustFree Precision for ElInstallations\" width=\"800\" height=\"450\" src=\"https:\/\/www.youtube.com\/embed\/tqNhCdp732w?feature=oembed\" frameborder=\"0\" allow=\"accelerometer; autoplay; clipboard-write; encrypted-media; gyroscope; picture-in-picture; web-share\" referrerpolicy=\"strict-origin-when-cross-origin\" allowfullscreen><\/iframe><\/p>\n","protected":false},"excerpt":{"rendered":"<h4>A wall chaser Sole Plate makes efficient dust collection for grooves<\/h4>\n<h5>Wall Chaser Sole Plate for Angle Grinder Dust Free Channel Cutting<\/h5>\n<p>Efficient and dust-free Wall Chaser Sole Plate for cutting channels in plumbing and electrical installations. Ensures consistent depth and stable direction. Fits standard 125mm angle grinders. Chaser sold separately.<\/p>\n","protected":false},"featured_media":6523,"comment_status":"open","ping_status":"closed","template":"","meta":[],"product_brand":[],"product_cat":[630,623],"product_tag":[6896,8534,8535,7172,8547,713,8526,8527,8514,8515,8556,8557,8523,8529,8544,4139,8517,6897,6898,8531,8533,6899,6900,8553,6901,6902,8543,7178,6903,6904,6905,6906,6907,6908,8548,8537,6909,6910,7179,8538,8549,6911,8511,7180,8551,8507,7181,6912,6913,6914,8552,8541,6915,8521,7183,6916,6917,6918,6919,8512,8525,8555,8518,8558,8530,8542,8508,6920,8520,7190,6248,6921,7191,6922,8516,8528,6923,6924,8550,8506,7194,6179,6180,6181,6182,6183,7195,6925,6926,6927,6928,6929,8519,8539,8540,1355,7198,6930,6931,5308,8522,6932,6933,6934,7200,6935,6936,8509,6937,6938,8513,6939,6940,8536,6941,6942,8510,8554,5749,740,6943,6944,8545,8546,8524,6945,8532,2899],"class_list":{"0":"post-6541","1":"product","2":"type-product","3":"status-publish","4":"has-post-thumbnail","6":"product_cat-jointcuttersole","7":"product_cat-mortar-rakes-dust-extraction-and-more","8":"product_tag-125mm-en","9":"product_tag-26mmdepth-en","10":"product_tag-60mmdepth-en","11":"product_tag-aeratedconcrete-en","12":"product_tag-afzuigsysteem-en","13":"product_tag-anglegrinder","14":"product_tag-arbeitstiefe26mm-en","15":"product_tag-arbeitstiefe60mm-en","16":"product_tag-arbejdsdybde26mm-en","17":"product_tag-arbejdsdybde60mm-en","18":"product_tag-arbetsdjup26mm-en","19":"product_tag-arbetsdjup60mm-en","20":"product_tag-baumaterial-en","21":"product_tag-bauwerkzeug-en","22":"product_tag-bouwgereedschap-en","23":"product_tag-byggematerialer-en","24":"product_tag-byggerivaerktoej-en","25":"product_tag-channelcutter-en","26":"product_tag-channelcutting-en","27":"product_tag-chaser-en","28":"product_tag-constructiontool-en","29":"product_tag-dammfrifraening-en","30":"product_tag-dammfrifraesning-en","31":"product_tag-dammfritarbete-en","32":"product_tag-dammsugare-en","33":"product_tag-dammsugartillkoppling-en","34":"product_tag-draadinstallatie-en","35":"product_tag-dustfree-en","36":"product_tag-dustfreecutting-en","37":"product_tag-dustfreegrooving-en","38":"product_tag-effektivfraesning-en","39":"product_tag-effektivfraening-en","40":"product_tag-efficientcutting-en","41":"product_tag-efficientfrezen-en","42":"product_tag-efficientwerken-en","43":"product_tag-efficientwork-en","44":"product_tag-effizientesfraesen-en","45":"product_tag-electricalcables-en","46":"product_tag-electricalinstallations-en","47":"product_tag-electriciantool-en","48":"product_tag-elektriciensgereedschap-en","49":"product_tag-elektriciteitskabels-en","50":"product_tag-elektriker-en","51":"product_tag-elektrischeinstallaties-en","52":"product_tag-elektriskainstallationer-en","53":"product_tag-elektriskeinstallationer-en","54":"product_tag-elektroinstallationen-en","55":"product_tag-elektrokabel-en","56":"product_tag-elkablar-en","57":"product_tag-elkabler-en","58":"product_tag-frassula-en","59":"product_tag-freesschoen-en","60":"product_tag-fuehrungsschiene-en","61":"product_tag-fuhrungsschlitten-en","62":"product_tag-gasbeton-en","63":"product_tag-geleiderail-en","64":"product_tag-groovingsole-en","65":"product_tag-guiderail-en","66":"product_tag-haakseslijper-en","67":"product_tag-haandvaerker-en","68":"product_tag-handwerker-en","69":"product_tag-hantverkare-en","70":"product_tag-installationsvaerktoej-en","71":"product_tag-installationsverktyg-en","72":"product_tag-installationswerkzeug-en","73":"product_tag-kabelinstallatie-en","74":"product_tag-kabelinstallation-en","75":"product_tag-kanalenfrezen-en","76":"product_tag-kanalfasen-en","77":"product_tag-kanalfraeser-en","78":"product_tag-kanalfraesning-en","79":"product_tag-kanalfraening-en","80":"product_tag-kanalfraes-en","81":"product_tag-kanalfraesen-en","82":"product_tag-ledningsinstallation-en","83":"product_tag-leitungsinstallation-en","84":"product_tag-nutfraessohle-en","85":"product_tag-plumbingcables-en","86":"product_tag-porbetong-en","87":"product_tag-porebeton-en","88":"product_tag-porenbeton-en","89":"product_tag-praecisionsvaerktoej-en","90":"product_tag-praezisionswerkzeug-en","91":"product_tag-precisiegereedschap-en","92":"product_tag-precisionsverktyg-en","93":"product_tag-precisiontool-en","94":"product_tag-rillefraeser-en","95":"product_tag-rillefraesersaal-en","96":"product_tag-rillefraesschiene-en","97":"product_tag-rillefreeszool-en","98":"product_tag-sanitairkabels-en","99":"product_tag-sanitaerkabel-en","100":"product_tag-schlitzfraser-en","101":"product_tag-sleuvenfrees-en","102":"product_tag-sleuvenfrezen-en","103":"product_tag-soleplate-en","104":"product_tag-spaarfraes-en","105":"product_tag-spaarfraessula-en","106":"product_tag-spaarsaal-en","107":"product_tag-staubabsaugung-en","108":"product_tag-staubfreiesarbeiten-en","109":"product_tag-staubfreiesfraesen-en","110":"product_tag-staubsauger-en","111":"product_tag-staubsaugeranschluss-en","112":"product_tag-stofvrij-en","113":"product_tag-stofvrijfrezen-en","114":"product_tag-stofzuigeraansluiting-en","115":"product_tag-stoevfriarbejde-en","116":"product_tag-stoevfrifraesning-en","117":"product_tag-stoevsuger-en","118":"product_tag-stoevudtraek-en","119":"product_tag-styreskinne-en","120":"product_tag-styrskena-en","121":"product_tag-vacuumattachment-en","122":"product_tag-vacuumcleaner-en","123":"product_tag-vacuumconnection-en","124":"product_tag-vaerktoejtilbyggeri-en","125":"product_tag-verktygforelektriker-en","126":"product_tag-vinkelsliber-en","127":"product_tag-vinkelslip-en","128":"product_tag-vvskablar-en","129":"product_tag-vvskabler-en","130":"product_tag-werkdiepte26mm-en","131":"product_tag-werkdiepte60mm-en","132":"product_tag-werkzeugfurelektriker-en","133":"product_tag-winkelschleifer-en","134":"product_tag-wireinstallation-en","135":"product_tag-googleads-en","137":"first","138":"instock","139":"taxable","140":"shipping-taxable","141":"purchasable","142":"product-type-simple"},"yoast_head":"<!-- This site is optimized with the Yoast SEO plugin v27.4 - https:\/\/yoast.com\/product\/yoast-seo-wordpress\/ -->\n<title>A wall chaser Sole Plate makes efficient dust collection for grooves - Murerpoint ApS<\/title>\n<meta name=\"description\" content=\"Wall Chaser Sole Plate for efficient and dust-free chasing of channels for plumbing and electrical installations. Fits standard 125mm angle grinders.\" \/>\n<meta name=\"robots\" content=\"index, follow, max-snippet:-1, max-image-preview:large, max-video-preview:-1\" \/>\n<link rel=\"canonical\" href=\"https:\/\/murerpoint.dk\/en\/product\/a-wall-chaser-sole-plate-makes-efficient-dust-collection-for-grooves\/\" \/>\n<meta property=\"og:locale\" content=\"en_US\" \/>\n<meta property=\"og:type\" content=\"article\" \/>\n<meta property=\"og:title\" content=\"A wall chaser Sole Plate makes efficient dust collection for grooves - Murerpoint ApS\" \/>\n<meta property=\"og:description\" content=\"Wall Chaser Sole Plate for efficient and dust-free chasing of channels for plumbing and electrical installations. Fits standard 125mm angle grinders.\" \/>\n<meta property=\"og:url\" content=\"https:\/\/murerpoint.dk\/en\/product\/a-wall-chaser-sole-plate-makes-efficient-dust-collection-for-grooves\/\" \/>\n<meta property=\"og:site_name\" content=\"Murerpoint ApS\" \/>\n<meta property=\"article:publisher\" content=\"https:\/\/m.facebook.com\/profile.php?id=61555157262134\" \/>\n<meta property=\"article:modified_time\" content=\"2024-10-22T17:13:10+00:00\" \/>\n<meta property=\"og:image\" content=\"https:\/\/murerpoint.dk\/wp-content\/uploads\/2024\/09\/Rillefraesersaal-top-150x150-1-1.jpg\" \/>\n\t<meta property=\"og:image:width\" content=\"223\" \/>\n\t<meta property=\"og:image:height\" content=\"234\" \/>\n\t<meta property=\"og:image:type\" content=\"image\/jpeg\" \/>\n<meta name=\"twitter:card\" content=\"summary_large_image\" \/>\n<meta name=\"twitter:label1\" content=\"Price\" \/>\n\t<meta name=\"twitter:data1\" content=\"&euro;76.94 Pris ekskl. moms: &euro;61.55\" \/>\n\t<meta name=\"twitter:label2\" content=\"Availability\" \/>\n\t<meta name=\"twitter:data2\" content=\"In stock\" \/>\n<script type=\"application\/ld+json\" class=\"yoast-schema-graph\">{\"@context\":\"https:\\\/\\\/schema.org\",\"@graph\":[{\"@type\":\"WebPage\",\"@id\":\"https:\\\/\\\/murerpoint.dk\\\/en\\\/product\\\/a-wall-chaser-sole-plate-makes-efficient-dust-collection-for-grooves\\\/\",\"url\":\"https:\\\/\\\/murerpoint.dk\\\/en\\\/product\\\/a-wall-chaser-sole-plate-makes-efficient-dust-collection-for-grooves\\\/\",\"name\":\"A wall chaser Sole Plate makes efficient dust collection for grooves - Murerpoint ApS\",\"isPartOf\":{\"@id\":\"https:\\\/\\\/murerpoint.dk\\\/en\\\/#website\"},\"primaryImageOfPage\":{\"@id\":\"https:\\\/\\\/murerpoint.dk\\\/en\\\/product\\\/a-wall-chaser-sole-plate-makes-efficient-dust-collection-for-grooves\\\/#primaryimage\"},\"image\":{\"@id\":\"https:\\\/\\\/murerpoint.dk\\\/en\\\/product\\\/a-wall-chaser-sole-plate-makes-efficient-dust-collection-for-grooves\\\/#primaryimage\"},\"thumbnailUrl\":\"https:\\\/\\\/murerpoint.dk\\\/wp-content\\\/uploads\\\/2024\\\/09\\\/Rillefraesersaal-top-150x150-1-1.jpg\",\"datePublished\":\"2024-09-11T10:12:30+00:00\",\"dateModified\":\"2024-10-22T17:13:10+00:00\",\"description\":\"Wall Chaser Sole Plate for efficient and dust-free chasing of channels for plumbing and electrical installations. Fits standard 125mm angle grinders.\",\"breadcrumb\":{\"@id\":\"https:\\\/\\\/murerpoint.dk\\\/en\\\/product\\\/a-wall-chaser-sole-plate-makes-efficient-dust-collection-for-grooves\\\/#breadcrumb\"},\"inLanguage\":\"en-US\",\"potentialAction\":[{\"@type\":\"ReadAction\",\"target\":[\"https:\\\/\\\/murerpoint.dk\\\/en\\\/product\\\/a-wall-chaser-sole-plate-makes-efficient-dust-collection-for-grooves\\\/\"]}]},{\"@type\":\"ImageObject\",\"inLanguage\":\"en-US\",\"@id\":\"https:\\\/\\\/murerpoint.dk\\\/en\\\/product\\\/a-wall-chaser-sole-plate-makes-efficient-dust-collection-for-grooves\\\/#primaryimage\",\"url\":\"https:\\\/\\\/murerpoint.dk\\\/wp-content\\\/uploads\\\/2024\\\/09\\\/Rillefraesersaal-top-150x150-1-1.jpg\",\"contentUrl\":\"https:\\\/\\\/murerpoint.dk\\\/wp-content\\\/uploads\\\/2024\\\/09\\\/Rillefraesersaal-top-150x150-1-1.jpg\",\"width\":223,\"height\":234,\"caption\":\"Rillefr\u00e6sers\u00e5len har tre funktioner: 1. s\u00f8rger for ensartet dybde 2. holder retningen grundet fixeret styreskinne 3. st\u00f8vfri fr\u00e6sning ved sammenkobling med st\u00f8vssuger\"},{\"@type\":\"BreadcrumbList\",\"@id\":\"https:\\\/\\\/murerpoint.dk\\\/en\\\/product\\\/a-wall-chaser-sole-plate-makes-efficient-dust-collection-for-grooves\\\/#breadcrumb\",\"itemListElement\":[{\"@type\":\"ListItem\",\"position\":1,\"name\":\"Hjem\",\"item\":\"https:\\\/\\\/murerpoint.dk\\\/en\\\/\"},{\"@type\":\"ListItem\",\"position\":2,\"name\":\"SHOPPEN\",\"item\":\"https:\\\/\\\/murerpoint.dk\\\/en\\\/shoppen\\\/\"},{\"@type\":\"ListItem\",\"position\":3,\"name\":\"A wall chaser Sole Plate makes efficient dust collection for grooves\"}]},{\"@type\":\"WebSite\",\"@id\":\"https:\\\/\\\/murerpoint.dk\\\/en\\\/#website\",\"url\":\"https:\\\/\\\/murerpoint.dk\\\/en\\\/\",\"name\":\"Murerpoint\",\"description\":\"kvalitets v\u00e6rkt\u00f8j\",\"publisher\":{\"@id\":\"https:\\\/\\\/murerpoint.dk\\\/en\\\/#organization\"},\"potentialAction\":[{\"@type\":\"SearchAction\",\"target\":{\"@type\":\"EntryPoint\",\"urlTemplate\":\"https:\\\/\\\/murerpoint.dk\\\/en\\\/?s={search_term_string}\"},\"query-input\":{\"@type\":\"PropertyValueSpecification\",\"valueRequired\":true,\"valueName\":\"search_term_string\"}}],\"inLanguage\":\"en-US\"},{\"@type\":\"Organization\",\"@id\":\"https:\\\/\\\/murerpoint.dk\\\/en\\\/#organization\",\"name\":\"Murerpoint ApS\",\"url\":\"https:\\\/\\\/murerpoint.dk\\\/en\\\/\",\"logo\":{\"@type\":\"ImageObject\",\"inLanguage\":\"en-US\",\"@id\":\"https:\\\/\\\/murerpoint.dk\\\/en\\\/#\\\/schema\\\/logo\\\/image\\\/\",\"url\":\"https:\\\/\\\/murerpoint.dk\\\/wp-content\\\/uploads\\\/2023\\\/12\\\/cropped-Sort-Midt-Roed-Mursten.png\",\"contentUrl\":\"https:\\\/\\\/murerpoint.dk\\\/wp-content\\\/uploads\\\/2023\\\/12\\\/cropped-Sort-Midt-Roed-Mursten.png\",\"width\":512,\"height\":512,\"caption\":\"Murerpoint ApS\"},\"image\":{\"@id\":\"https:\\\/\\\/murerpoint.dk\\\/en\\\/#\\\/schema\\\/logo\\\/image\\\/\"},\"sameAs\":[\"https:\\\/\\\/m.facebook.com\\\/profile.php?id=61555157262134\",\"https:\\\/\\\/www.instagram.com\\\/murerpoint?igsh=azluMWV6cTnc2ts&utm_source=qr\",\"https:\\\/\\\/www.tiktok.com\\\/@murerpoint?is_from_webapp=1&sender_device=pc\"]}]}<\/script>\n<meta property=\"product:price:amount\" content=\"76.94\" \/>\n<meta property=\"product:price:currency\" content=\"EUR\" \/>\n<meta property=\"og:availability\" content=\"instock\" \/>\n<meta property=\"product:availability\" content=\"instock\" \/>\n<meta property=\"product:retailer_item_id\" content=\"mp000133\" \/>\n<meta property=\"product:condition\" content=\"new\" \/>\n<!-- \/ Yoast SEO plugin. -->","yoast_head_json":{"title":"A wall chaser Sole Plate makes efficient dust collection for grooves - Murerpoint ApS","description":"Wall Chaser Sole Plate for efficient and dust-free chasing of channels for plumbing and electrical installations. Fits standard 125mm angle grinders.","robots":{"index":"index","follow":"follow","max-snippet":"max-snippet:-1","max-image-preview":"max-image-preview:large","max-video-preview":"max-video-preview:-1"},"canonical":"https:\/\/murerpoint.dk\/en\/product\/a-wall-chaser-sole-plate-makes-efficient-dust-collection-for-grooves\/","og_locale":"en_US","og_type":"article","og_title":"A wall chaser Sole Plate makes efficient dust collection for grooves - Murerpoint ApS","og_description":"Wall Chaser Sole Plate for efficient and dust-free chasing of channels for plumbing and electrical installations. Fits standard 125mm angle grinders.","og_url":"https:\/\/murerpoint.dk\/en\/product\/a-wall-chaser-sole-plate-makes-efficient-dust-collection-for-grooves\/","og_site_name":"Murerpoint ApS","article_publisher":"https:\/\/m.facebook.com\/profile.php?id=61555157262134","article_modified_time":"2024-10-22T17:13:10+00:00","og_image":[{"width":223,"height":234,"url":"https:\/\/murerpoint.dk\/wp-content\/uploads\/2024\/09\/Rillefraesersaal-top-150x150-1-1.jpg","type":"image\/jpeg"}],"twitter_card":"summary_large_image","twitter_misc":{"Price":"&euro;76.94 Pris ekskl. moms: &euro;61.55","Availability":"In stock"},"schema":{"@context":"https:\/\/schema.org","@graph":[{"@type":"WebPage","@id":"https:\/\/murerpoint.dk\/en\/product\/a-wall-chaser-sole-plate-makes-efficient-dust-collection-for-grooves\/","url":"https:\/\/murerpoint.dk\/en\/product\/a-wall-chaser-sole-plate-makes-efficient-dust-collection-for-grooves\/","name":"A wall chaser Sole Plate makes efficient dust collection for grooves - Murerpoint ApS","isPartOf":{"@id":"https:\/\/murerpoint.dk\/en\/#website"},"primaryImageOfPage":{"@id":"https:\/\/murerpoint.dk\/en\/product\/a-wall-chaser-sole-plate-makes-efficient-dust-collection-for-grooves\/#primaryimage"},"image":{"@id":"https:\/\/murerpoint.dk\/en\/product\/a-wall-chaser-sole-plate-makes-efficient-dust-collection-for-grooves\/#primaryimage"},"thumbnailUrl":"https:\/\/murerpoint.dk\/wp-content\/uploads\/2024\/09\/Rillefraesersaal-top-150x150-1-1.jpg","datePublished":"2024-09-11T10:12:30+00:00","dateModified":"2024-10-22T17:13:10+00:00","description":"Wall Chaser Sole Plate for efficient and dust-free chasing of channels for plumbing and electrical installations. Fits standard 125mm angle grinders.","breadcrumb":{"@id":"https:\/\/murerpoint.dk\/en\/product\/a-wall-chaser-sole-plate-makes-efficient-dust-collection-for-grooves\/#breadcrumb"},"inLanguage":"en-US","potentialAction":[{"@type":"ReadAction","target":["https:\/\/murerpoint.dk\/en\/product\/a-wall-chaser-sole-plate-makes-efficient-dust-collection-for-grooves\/"]}]},{"@type":"ImageObject","inLanguage":"en-US","@id":"https:\/\/murerpoint.dk\/en\/product\/a-wall-chaser-sole-plate-makes-efficient-dust-collection-for-grooves\/#primaryimage","url":"https:\/\/murerpoint.dk\/wp-content\/uploads\/2024\/09\/Rillefraesersaal-top-150x150-1-1.jpg","contentUrl":"https:\/\/murerpoint.dk\/wp-content\/uploads\/2024\/09\/Rillefraesersaal-top-150x150-1-1.jpg","width":223,"height":234,"caption":"Rillefr\u00e6sers\u00e5len har tre funktioner: 1. s\u00f8rger for ensartet dybde 2. holder retningen grundet fixeret styreskinne 3. st\u00f8vfri fr\u00e6sning ved sammenkobling med st\u00f8vssuger"},{"@type":"BreadcrumbList","@id":"https:\/\/murerpoint.dk\/en\/product\/a-wall-chaser-sole-plate-makes-efficient-dust-collection-for-grooves\/#breadcrumb","itemListElement":[{"@type":"ListItem","position":1,"name":"Hjem","item":"https:\/\/murerpoint.dk\/en\/"},{"@type":"ListItem","position":2,"name":"SHOPPEN","item":"https:\/\/murerpoint.dk\/en\/shoppen\/"},{"@type":"ListItem","position":3,"name":"A wall chaser Sole Plate makes efficient dust collection for grooves"}]},{"@type":"WebSite","@id":"https:\/\/murerpoint.dk\/en\/#website","url":"https:\/\/murerpoint.dk\/en\/","name":"Murerpoint","description":"kvalitets v\u00e6rkt\u00f8j","publisher":{"@id":"https:\/\/murerpoint.dk\/en\/#organization"},"potentialAction":[{"@type":"SearchAction","target":{"@type":"EntryPoint","urlTemplate":"https:\/\/murerpoint.dk\/en\/?s={search_term_string}"},"query-input":{"@type":"PropertyValueSpecification","valueRequired":true,"valueName":"search_term_string"}}],"inLanguage":"en-US"},{"@type":"Organization","@id":"https:\/\/murerpoint.dk\/en\/#organization","name":"Murerpoint ApS","url":"https:\/\/murerpoint.dk\/en\/","logo":{"@type":"ImageObject","inLanguage":"en-US","@id":"https:\/\/murerpoint.dk\/en\/#\/schema\/logo\/image\/","url":"https:\/\/murerpoint.dk\/wp-content\/uploads\/2023\/12\/cropped-Sort-Midt-Roed-Mursten.png","contentUrl":"https:\/\/murerpoint.dk\/wp-content\/uploads\/2023\/12\/cropped-Sort-Midt-Roed-Mursten.png","width":512,"height":512,"caption":"Murerpoint ApS"},"image":{"@id":"https:\/\/murerpoint.dk\/en\/#\/schema\/logo\/image\/"},"sameAs":["https:\/\/m.facebook.com\/profile.php?id=61555157262134","https:\/\/www.instagram.com\/murerpoint?igsh=azluMWV6cTnc2ts&utm_source=qr","https:\/\/www.tiktok.com\/@murerpoint?is_from_webapp=1&sender_device=pc"]}]},"product_price_amount":"76.94","product_price_currency":"EUR","og_availability":"instock","product_availability":"instock","product_retailer_item_id":"mp000133","product_condition":"new"},"_links":{"self":[{"href":"https:\/\/murerpoint.dk\/en\/wp-json\/wp\/v2\/product\/6541","targetHints":{"allow":["GET"]}}],"collection":[{"href":"https:\/\/murerpoint.dk\/en\/wp-json\/wp\/v2\/product"}],"about":[{"href":"https:\/\/murerpoint.dk\/en\/wp-json\/wp\/v2\/types\/product"}],"replies":[{"embeddable":true,"href":"https:\/\/murerpoint.dk\/en\/wp-json\/wp\/v2\/comments?post=6541"}],"wp:featuredmedia":[{"embeddable":true,"href":"https:\/\/murerpoint.dk\/en\/wp-json\/wp\/v2\/media\/6523"}],"wp:attachment":[{"href":"https:\/\/murerpoint.dk\/en\/wp-json\/wp\/v2\/media?parent=6541"}],"wp:term":[{"taxonomy":"product_brand","embeddable":true,"href":"https:\/\/murerpoint.dk\/en\/wp-json\/wp\/v2\/product_brand?post=6541"},{"taxonomy":"product_cat","embeddable":true,"href":"https:\/\/murerpoint.dk\/en\/wp-json\/wp\/v2\/product_cat?post=6541"},{"taxonomy":"product_tag","embeddable":true,"href":"https:\/\/murerpoint.dk\/en\/wp-json\/wp\/v2\/product_tag?post=6541"}],"curies":[{"name":"wp","href":"https:\/\/api.w.org\/{rel}","templated":true}]}}