{"id":1556,"date":"2024-01-25T10:46:32","date_gmt":"2024-01-25T10:46:32","guid":{"rendered":"https:\/\/murerpoint.dk\/product\/angle-grinder-dust-shroud-oe115-125mm-grinders\/"},"modified":"2024-07-08T10:14:07","modified_gmt":"2024-07-08T10:14:07","slug":"stofkap-voor-haakse-slijper-oe115-125mm-slijpmachines","status":"publish","type":"product","link":"https:\/\/murerpoint.dk\/nl\/product\/stofkap-voor-haakse-slijper-oe115-125mm-slijpmachines\/","title":{"rendered":"Stofkap voor haakse slijper &#8211; \u00d8115-125mm slijpmachines"},"content":{"rendered":"<?xml encoding=\"utf-8\" ?><div class=\"flex-1 overflow-hidden\">\n<div class=\"react-scroll-to-bottom--css-nmuqr-79elbk h-full\">\n<div class=\"react-scroll-to-bottom--css-nmuqr-1n7m0yu\">\n<div class=\"flex flex-col pb-9 text-sm\">\n<div class=\"w-full text-token-text-primary\" data-testid=\"conversation-turn-427\">\n<div class=\"px-4 py-2 justify-center text-base md:gap-6 m-auto\">\n<div class=\"flex flex-1 text-base mx-auto gap-3 md:px-5 lg:px-1 xl:px-5 md:max-w-3xl lg:max-w-[40rem] xl:max-w-[48rem] group final-completion\">\n<div class=\"relative flex w-full flex-col lg:w-[calc(100%-115px)] agent-turn\">\n<div class=\"flex-col gap-1 md:gap-3\">\n<div class=\"flex flex-grow flex-col max-w-full\">\n<div class=\"min-h-[20px] text-message flex flex-col items-start gap-3 whitespace-pre-wrap break-words [.text-message+&amp;]:mt-5 overflow-x-auto\" data-message-author-role=\"assistant\" data-message-id=\"d78ce9b8-b000-487d-bb00-2dc9702a66fb\">\n<div class=\"markdown prose w-full break-words dark:prose-invert light\">\n<h3>Stofkap voor haakse slijper &ndash; &Oslash;115-125mm slijpmachines<\/h3>\n<p>Minimaliseer stofoverlast en bereik scherpe, nauwkeurige sneden met onze stofkap, ontworpen voor kleinere haakse slijpers met zaagbladmaten &Oslash;115 en &Oslash;125 mm. Deze stofkap kan eenvoudig worden aangesloten op uw stofzuiger via de meegeleverde adapter en is ontworpen om vrijwel stofvrije prestaties te leveren tijdens het snijden.<\/p>\n<p><strong>Kenmerken en Voordelen van de Haakse Slijperstofkap:<\/strong><\/p>\n<div class=\"flex-1 overflow-hidden\">\n<div class=\"react-scroll-to-bottom--css-wswhj-79elbk h-full\">\n<div class=\"react-scroll-to-bottom--css-wswhj-1n7m0yu\">\n<div class=\"flex flex-col pb-9 text-sm\">\n<div class=\"w-full text-token-text-primary\" data-testid=\"conversation-turn-269\">\n<div class=\"px-4 py-2 justify-center text-base md:gap-6 m-auto\">\n<div class=\"flex flex-1 text-base mx-auto gap-3 md:px-5 lg:px-1 xl:px-5 md:max-w-3xl lg:max-w-[40rem] xl:max-w-[48rem] group final-completion\">\n<div class=\"relative flex w-full flex-col agent-turn\">\n<div class=\"flex-col gap-1 md:gap-3\">\n<div class=\"flex flex-grow flex-col max-w-full\">\n<div class=\"min-h-[20px] text-message flex flex-col items-start gap-3 whitespace-pre-wrap break-words [.text-message+&amp;]:mt-5 overflow-x-auto\" data-message-author-role=\"assistant\" data-message-id=\"f1714e8a-3bb5-48c9-a58e-836002504a2b\">\n<div class=\"markdown prose w-full break-words dark:prose-invert light\">\n<ol>\n<li>Effectieve stofbestrijding: Verminder stof tijdens het snijden en cre&euml;er een schonere werkomgeving.<\/li>\n<li>Universele toepassing: Geschikt voor tegels, beton, bakstenen en andere materialen, waardoor het veelzijdig is.<\/li>\n<li>Stabiele positie en nauwkeurige sneden: Ingebouwde zijsteun zorgt voor stabiliteit en nauwkeurige sneden op 90 graden.<\/li>\n<li>Verstelbare snijdiepte: Traploze aanpassing en vergrendeling van de snijdiepte voor volledige controle over snijprojecten.<\/li>\n<li>Richtlijn voor precisie: De voorgids geeft de positie van het diamantzaagblad aan voor extra nauwkeurigheid.<\/li>\n<li>Stofkap voor specifieke materialen: Ontworpen voor tegels, beton, bakstenen en vermeden voor metalen projecten.<\/li>\n<li>Universele compatibiliteit: Past op de meeste merken haakse slijpers met verschillende adapters en instelschijven.<\/li>\n<\/ol>\n<\/div>\n<\/div>\n<\/div>\n<div class=\"mt-1 flex justify-start gap-3 empty:hidden\"><\/div>\n<\/div>\n<\/div>\n<\/div>\n<\/div>\n<\/div>\n<\/div>\n<\/div>\n<\/div>\n<\/div>\n<div class=\"w-full pt-2 md:pt-0 dark:border-white\/20 md:border-transparent md:dark:border-transparent md:w-[calc(100%-.5rem)]\"><\/div>\n<div class=\"flex-1 overflow-hidden\">\n<div class=\"react-scroll-to-bottom--css-wswhj-79elbk h-full\">\n<div class=\"react-scroll-to-bottom--css-wswhj-1n7m0yu\">\n<div class=\"flex flex-col pb-9 text-sm\">\n<div class=\"w-full text-token-text-primary\" data-testid=\"conversation-turn-261\">\n<div class=\"px-4 py-2 justify-center text-base md:gap-6 m-auto\">\n<div class=\"flex flex-1 text-base mx-auto gap-3 md:px-5 lg:px-1 xl:px-5 md:max-w-3xl lg:max-w-[40rem] xl:max-w-[48rem] group final-completion\">\n<div class=\"relative flex w-full flex-col agent-turn\">\n<div class=\"flex-col gap-1 md:gap-3\">\n<div class=\"flex flex-grow flex-col max-w-full\">\n<div class=\"min-h-[20px] text-message flex flex-col items-start gap-3 whitespace-pre-wrap break-words [.text-message+&amp;]:mt-5 overflow-x-auto\" data-message-author-role=\"assistant\" data-message-id=\"78e2d6fd-2558-4ce2-81b2-d4ee16fda1b6\">\n<div class=\"markdown prose w-full break-words dark:prose-invert light\">\n<p>Maak uw snijtaken effici&euml;nter en bijna stofvrij met deze stofkap, perfect voor taken waar stofbestrijding cruciaal is. Ideaal voor zowel professionals als doe-het-zelfliefhebbers.<\/p>\n<\/div>\n<\/div>\n<\/div>\n<\/div>\n<\/div>\n<\/div>\n<\/div>\n<\/div>\n<\/div>\n<\/div>\n<\/div>\n<\/div>\n<\/div>\n<\/div>\n<\/div>\n<\/div>\n<\/div>\n<\/div>\n<\/div>\n<\/div>\n<\/div>\n<\/div>\n<\/div>\n<\/div>\n","protected":false},"excerpt":{"rendered":"<h3>Stofkap voor haakse slijper &#8211; \u00d8115-125mm slijpmachines<\/h3>\n<p>Minimaliseer de hoeveelheid stof.<\/p>\n<p>Past op standaard haakse slijpers.<\/p>\n<p>Heeft verstelbare snijdiepte.<\/p>\n<p>Geschikt voor: \u00d8115, \u00d8125 mm zaagblad.<\/p>\n","protected":false},"featured_media":1557,"comment_status":"open","ping_status":"closed","template":"","meta":[],"product_brand":[],"product_cat":[649,655],"product_tag":[2324,184,1500,1224,1226,1501,2332,2321,216,2327,2501,2502,223,2323,3528,4046,2171,2225,684,1650,821],"class_list":{"0":"post-1556","1":"product","2":"type-product","3":"status-publish","4":"has-post-thumbnail","6":"product_cat-accessories","7":"product_cat-stofschermen","8":"product_tag-bouw","9":"product_tag-byggeri-nl-2","10":"product_tag-diamantklinga-nl","11":"product_tag-diamantklinge-nl","12":"product_tag-diamantscheibe-nl","13":"product_tag-diamantzaagblad-nl","14":"product_tag-doehetzelf","15":"product_tag-haakseslijper","16":"product_tag-precision-nl","17":"product_tag-professioneelgereedschap","18":"product_tag-professionelleswerkzeug-nl","19":"product_tag-professionelltverktyg-nl","20":"product_tag-professioneltvaerktoej-nl","21":"product_tag-renovatie","22":"product_tag-renovering-nl","23":"product_tag-renovierung-nl","24":"product_tag-skaerevaerktoej-nl","25":"product_tag-snijgereedschap-nl","26":"product_tag-stofkap","27":"product_tag-stoevskaerm-nl","28":"product_tag-winkelschleifer","30":"first","31":"instock","32":"taxable","33":"shipping-taxable","34":"purchasable","35":"product-type-simple"},"yoast_head":"<!-- This site is optimized with the Yoast SEO plugin v27.5 - https:\/\/yoast.com\/product\/yoast-seo-wordpress\/ -->\n<title>Stofkap voor haakse slijper - \u00d8115-125mm slijpmachines - Murerpoint ApS<\/title>\n<meta name=\"description\" content=\"Stofkap voor haakse slijper - \u00d8115-125mm slijpmachines Verstelbare snijdiepte en compatibel met een stofzuiger via de meegeleverde adapter.\" \/>\n<meta name=\"robots\" content=\"index, follow, max-snippet:-1, max-image-preview:large, max-video-preview:-1\" \/>\n<link rel=\"canonical\" href=\"https:\/\/murerpoint.dk\/nl\/product\/stofkap-voor-haakse-slijper-oe115-125mm-slijpmachines\/\" \/>\n<meta property=\"og:locale\" content=\"nl_NL\" \/>\n<meta property=\"og:type\" content=\"article\" \/>\n<meta property=\"og:title\" content=\"Stofkap voor haakse slijper - \u00d8115-125mm slijpmachines - Murerpoint ApS\" \/>\n<meta property=\"og:description\" content=\"Stofkap voor haakse slijper - \u00d8115-125mm slijpmachines Verstelbare snijdiepte en compatibel met een stofzuiger via de meegeleverde adapter.\" \/>\n<meta property=\"og:url\" content=\"https:\/\/murerpoint.dk\/nl\/product\/stofkap-voor-haakse-slijper-oe115-125mm-slijpmachines\/\" \/>\n<meta property=\"og:site_name\" content=\"Murerpoint ApS\" \/>\n<meta property=\"article:publisher\" content=\"https:\/\/m.facebook.com\/profile.php?id=61555157262134\" \/>\n<meta property=\"article:modified_time\" content=\"2024-07-08T10:14:07+00:00\" \/>\n<meta property=\"og:image\" content=\"https:\/\/murerpoint.dk\/wp-content\/uploads\/2024\/01\/image4__22_-removebg-preview-removebg-preview.png\" \/>\n\t<meta property=\"og:image:width\" content=\"433\" \/>\n\t<meta property=\"og:image:height\" content=\"577\" \/>\n\t<meta property=\"og:image:type\" content=\"image\/png\" \/>\n<meta name=\"twitter:card\" content=\"summary_large_image\" \/>\n<meta name=\"twitter:label1\" content=\"Prijs\" \/>\n\t<meta name=\"twitter:data1\" content=\"&euro;61.41 Pris ekskl. moms: &euro;49.13\" \/>\n\t<meta name=\"twitter:label2\" content=\"Beschikbaarheid\" \/>\n\t<meta name=\"twitter:data2\" content=\"Op voorraad\" \/>\n<script type=\"application\/ld+json\" class=\"yoast-schema-graph\">{\"@context\":\"https:\\\/\\\/schema.org\",\"@graph\":[{\"@type\":\"WebPage\",\"@id\":\"https:\\\/\\\/murerpoint.dk\\\/nl\\\/product\\\/stofkap-voor-haakse-slijper-oe115-125mm-slijpmachines\\\/\",\"url\":\"https:\\\/\\\/murerpoint.dk\\\/nl\\\/product\\\/stofkap-voor-haakse-slijper-oe115-125mm-slijpmachines\\\/\",\"name\":\"Stofkap voor haakse slijper - \u00d8115-125mm slijpmachines - Murerpoint ApS\",\"isPartOf\":{\"@id\":\"https:\\\/\\\/murerpoint.dk\\\/nl\\\/#website\"},\"primaryImageOfPage\":{\"@id\":\"https:\\\/\\\/murerpoint.dk\\\/nl\\\/product\\\/stofkap-voor-haakse-slijper-oe115-125mm-slijpmachines\\\/#primaryimage\"},\"image\":{\"@id\":\"https:\\\/\\\/murerpoint.dk\\\/nl\\\/product\\\/stofkap-voor-haakse-slijper-oe115-125mm-slijpmachines\\\/#primaryimage\"},\"thumbnailUrl\":\"https:\\\/\\\/murerpoint.dk\\\/wp-content\\\/uploads\\\/2024\\\/01\\\/image4__22_-removebg-preview-removebg-preview.png\",\"datePublished\":\"2024-01-25T10:46:32+00:00\",\"dateModified\":\"2024-07-08T10:14:07+00:00\",\"description\":\"Stofkap voor haakse slijper - \u00d8115-125mm slijpmachines Verstelbare snijdiepte en compatibel met een stofzuiger via de meegeleverde adapter.\",\"breadcrumb\":{\"@id\":\"https:\\\/\\\/murerpoint.dk\\\/nl\\\/product\\\/stofkap-voor-haakse-slijper-oe115-125mm-slijpmachines\\\/#breadcrumb\"},\"inLanguage\":\"nl-NL\",\"potentialAction\":[{\"@type\":\"ReadAction\",\"target\":[\"https:\\\/\\\/murerpoint.dk\\\/nl\\\/product\\\/stofkap-voor-haakse-slijper-oe115-125mm-slijpmachines\\\/\"]}]},{\"@type\":\"ImageObject\",\"inLanguage\":\"nl-NL\",\"@id\":\"https:\\\/\\\/murerpoint.dk\\\/nl\\\/product\\\/stofkap-voor-haakse-slijper-oe115-125mm-slijpmachines\\\/#primaryimage\",\"url\":\"https:\\\/\\\/murerpoint.dk\\\/wp-content\\\/uploads\\\/2024\\\/01\\\/image4__22_-removebg-preview-removebg-preview.png\",\"contentUrl\":\"https:\\\/\\\/murerpoint.dk\\\/wp-content\\\/uploads\\\/2024\\\/01\\\/image4__22_-removebg-preview-removebg-preview.png\",\"width\":433,\"height\":577,\"caption\":\"St\u00f8vsk\u00e6rm st\u00f8vkontrol til vinkelsliber\"},{\"@type\":\"BreadcrumbList\",\"@id\":\"https:\\\/\\\/murerpoint.dk\\\/nl\\\/product\\\/stofkap-voor-haakse-slijper-oe115-125mm-slijpmachines\\\/#breadcrumb\",\"itemListElement\":[{\"@type\":\"ListItem\",\"position\":1,\"name\":\"Hjem\",\"item\":\"https:\\\/\\\/murerpoint.dk\\\/nl\\\/\"},{\"@type\":\"ListItem\",\"position\":2,\"name\":\"SHOPPEN\",\"item\":\"https:\\\/\\\/murerpoint.dk\\\/nl\\\/shoppen\\\/\"},{\"@type\":\"ListItem\",\"position\":3,\"name\":\"Stofkap voor haakse slijper &#8211; \u00d8115-125mm slijpmachines\"}]},{\"@type\":\"WebSite\",\"@id\":\"https:\\\/\\\/murerpoint.dk\\\/nl\\\/#website\",\"url\":\"https:\\\/\\\/murerpoint.dk\\\/nl\\\/\",\"name\":\"Murerpoint\",\"description\":\"kvalitets v\u00e6rkt\u00f8j\",\"publisher\":{\"@id\":\"https:\\\/\\\/murerpoint.dk\\\/nl\\\/#organization\"},\"potentialAction\":[{\"@type\":\"SearchAction\",\"target\":{\"@type\":\"EntryPoint\",\"urlTemplate\":\"https:\\\/\\\/murerpoint.dk\\\/nl\\\/?s={search_term_string}\"},\"query-input\":{\"@type\":\"PropertyValueSpecification\",\"valueRequired\":true,\"valueName\":\"search_term_string\"}}],\"inLanguage\":\"nl-NL\"},{\"@type\":\"Organization\",\"@id\":\"https:\\\/\\\/murerpoint.dk\\\/nl\\\/#organization\",\"name\":\"Murerpoint ApS\",\"url\":\"https:\\\/\\\/murerpoint.dk\\\/nl\\\/\",\"logo\":{\"@type\":\"ImageObject\",\"inLanguage\":\"nl-NL\",\"@id\":\"https:\\\/\\\/murerpoint.dk\\\/nl\\\/#\\\/schema\\\/logo\\\/image\\\/\",\"url\":\"https:\\\/\\\/murerpoint.dk\\\/wp-content\\\/uploads\\\/2023\\\/12\\\/cropped-Sort-Midt-Roed-Mursten.png\",\"contentUrl\":\"https:\\\/\\\/murerpoint.dk\\\/wp-content\\\/uploads\\\/2023\\\/12\\\/cropped-Sort-Midt-Roed-Mursten.png\",\"width\":512,\"height\":512,\"caption\":\"Murerpoint ApS\"},\"image\":{\"@id\":\"https:\\\/\\\/murerpoint.dk\\\/nl\\\/#\\\/schema\\\/logo\\\/image\\\/\"},\"sameAs\":[\"https:\\\/\\\/m.facebook.com\\\/profile.php?id=61555157262134\",\"https:\\\/\\\/www.instagram.com\\\/murerpoint?igsh=azluMWV6cTnc2ts&utm_source=qr\",\"https:\\\/\\\/www.tiktok.com\\\/@murerpoint?is_from_webapp=1&sender_device=pc\"]}]}<\/script>\n<meta property=\"product:price:amount\" content=\"61.41\" \/>\n<meta property=\"product:price:currency\" content=\"EUR\" \/>\n<meta property=\"og:availability\" content=\"instock\" \/>\n<meta property=\"product:availability\" content=\"instock\" \/>\n<meta property=\"product:retailer_item_id\" content=\"mp0123\" \/>\n<meta property=\"product:condition\" content=\"new\" \/>\n<!-- \/ Yoast SEO plugin. -->","yoast_head_json":{"title":"Stofkap voor haakse slijper - \u00d8115-125mm slijpmachines - Murerpoint ApS","description":"Stofkap voor haakse slijper - \u00d8115-125mm slijpmachines Verstelbare snijdiepte en compatibel met een stofzuiger via de meegeleverde adapter.","robots":{"index":"index","follow":"follow","max-snippet":"max-snippet:-1","max-image-preview":"max-image-preview:large","max-video-preview":"max-video-preview:-1"},"canonical":"https:\/\/murerpoint.dk\/nl\/product\/stofkap-voor-haakse-slijper-oe115-125mm-slijpmachines\/","og_locale":"nl_NL","og_type":"article","og_title":"Stofkap voor haakse slijper - \u00d8115-125mm slijpmachines - Murerpoint ApS","og_description":"Stofkap voor haakse slijper - \u00d8115-125mm slijpmachines Verstelbare snijdiepte en compatibel met een stofzuiger via de meegeleverde adapter.","og_url":"https:\/\/murerpoint.dk\/nl\/product\/stofkap-voor-haakse-slijper-oe115-125mm-slijpmachines\/","og_site_name":"Murerpoint ApS","article_publisher":"https:\/\/m.facebook.com\/profile.php?id=61555157262134","article_modified_time":"2024-07-08T10:14:07+00:00","og_image":[{"width":433,"height":577,"url":"https:\/\/murerpoint.dk\/wp-content\/uploads\/2024\/01\/image4__22_-removebg-preview-removebg-preview.png","type":"image\/png"}],"twitter_card":"summary_large_image","twitter_misc":{"Prijs":"&euro;61.41 Pris ekskl. moms: &euro;49.13","Beschikbaarheid":"Op voorraad"},"schema":{"@context":"https:\/\/schema.org","@graph":[{"@type":"WebPage","@id":"https:\/\/murerpoint.dk\/nl\/product\/stofkap-voor-haakse-slijper-oe115-125mm-slijpmachines\/","url":"https:\/\/murerpoint.dk\/nl\/product\/stofkap-voor-haakse-slijper-oe115-125mm-slijpmachines\/","name":"Stofkap voor haakse slijper - \u00d8115-125mm slijpmachines - Murerpoint ApS","isPartOf":{"@id":"https:\/\/murerpoint.dk\/nl\/#website"},"primaryImageOfPage":{"@id":"https:\/\/murerpoint.dk\/nl\/product\/stofkap-voor-haakse-slijper-oe115-125mm-slijpmachines\/#primaryimage"},"image":{"@id":"https:\/\/murerpoint.dk\/nl\/product\/stofkap-voor-haakse-slijper-oe115-125mm-slijpmachines\/#primaryimage"},"thumbnailUrl":"https:\/\/murerpoint.dk\/wp-content\/uploads\/2024\/01\/image4__22_-removebg-preview-removebg-preview.png","datePublished":"2024-01-25T10:46:32+00:00","dateModified":"2024-07-08T10:14:07+00:00","description":"Stofkap voor haakse slijper - \u00d8115-125mm slijpmachines Verstelbare snijdiepte en compatibel met een stofzuiger via de meegeleverde adapter.","breadcrumb":{"@id":"https:\/\/murerpoint.dk\/nl\/product\/stofkap-voor-haakse-slijper-oe115-125mm-slijpmachines\/#breadcrumb"},"inLanguage":"nl-NL","potentialAction":[{"@type":"ReadAction","target":["https:\/\/murerpoint.dk\/nl\/product\/stofkap-voor-haakse-slijper-oe115-125mm-slijpmachines\/"]}]},{"@type":"ImageObject","inLanguage":"nl-NL","@id":"https:\/\/murerpoint.dk\/nl\/product\/stofkap-voor-haakse-slijper-oe115-125mm-slijpmachines\/#primaryimage","url":"https:\/\/murerpoint.dk\/wp-content\/uploads\/2024\/01\/image4__22_-removebg-preview-removebg-preview.png","contentUrl":"https:\/\/murerpoint.dk\/wp-content\/uploads\/2024\/01\/image4__22_-removebg-preview-removebg-preview.png","width":433,"height":577,"caption":"St\u00f8vsk\u00e6rm st\u00f8vkontrol til vinkelsliber"},{"@type":"BreadcrumbList","@id":"https:\/\/murerpoint.dk\/nl\/product\/stofkap-voor-haakse-slijper-oe115-125mm-slijpmachines\/#breadcrumb","itemListElement":[{"@type":"ListItem","position":1,"name":"Hjem","item":"https:\/\/murerpoint.dk\/nl\/"},{"@type":"ListItem","position":2,"name":"SHOPPEN","item":"https:\/\/murerpoint.dk\/nl\/shoppen\/"},{"@type":"ListItem","position":3,"name":"Stofkap voor haakse slijper &#8211; \u00d8115-125mm slijpmachines"}]},{"@type":"WebSite","@id":"https:\/\/murerpoint.dk\/nl\/#website","url":"https:\/\/murerpoint.dk\/nl\/","name":"Murerpoint","description":"kvalitets v\u00e6rkt\u00f8j","publisher":{"@id":"https:\/\/murerpoint.dk\/nl\/#organization"},"potentialAction":[{"@type":"SearchAction","target":{"@type":"EntryPoint","urlTemplate":"https:\/\/murerpoint.dk\/nl\/?s={search_term_string}"},"query-input":{"@type":"PropertyValueSpecification","valueRequired":true,"valueName":"search_term_string"}}],"inLanguage":"nl-NL"},{"@type":"Organization","@id":"https:\/\/murerpoint.dk\/nl\/#organization","name":"Murerpoint ApS","url":"https:\/\/murerpoint.dk\/nl\/","logo":{"@type":"ImageObject","inLanguage":"nl-NL","@id":"https:\/\/murerpoint.dk\/nl\/#\/schema\/logo\/image\/","url":"https:\/\/murerpoint.dk\/wp-content\/uploads\/2023\/12\/cropped-Sort-Midt-Roed-Mursten.png","contentUrl":"https:\/\/murerpoint.dk\/wp-content\/uploads\/2023\/12\/cropped-Sort-Midt-Roed-Mursten.png","width":512,"height":512,"caption":"Murerpoint ApS"},"image":{"@id":"https:\/\/murerpoint.dk\/nl\/#\/schema\/logo\/image\/"},"sameAs":["https:\/\/m.facebook.com\/profile.php?id=61555157262134","https:\/\/www.instagram.com\/murerpoint?igsh=azluMWV6cTnc2ts&utm_source=qr","https:\/\/www.tiktok.com\/@murerpoint?is_from_webapp=1&sender_device=pc"]}]},"product_price_amount":"61.41","product_price_currency":"EUR","og_availability":"instock","product_availability":"instock","product_retailer_item_id":"mp0123","product_condition":"new"},"_links":{"self":[{"href":"https:\/\/murerpoint.dk\/nl\/wp-json\/wp\/v2\/product\/1556","targetHints":{"allow":["GET"]}}],"collection":[{"href":"https:\/\/murerpoint.dk\/nl\/wp-json\/wp\/v2\/product"}],"about":[{"href":"https:\/\/murerpoint.dk\/nl\/wp-json\/wp\/v2\/types\/product"}],"replies":[{"embeddable":true,"href":"https:\/\/murerpoint.dk\/nl\/wp-json\/wp\/v2\/comments?post=1556"}],"wp:featuredmedia":[{"embeddable":true,"href":"https:\/\/murerpoint.dk\/nl\/wp-json\/wp\/v2\/media\/1557"}],"wp:attachment":[{"href":"https:\/\/murerpoint.dk\/nl\/wp-json\/wp\/v2\/media?parent=1556"}],"wp:term":[{"taxonomy":"product_brand","embeddable":true,"href":"https:\/\/murerpoint.dk\/nl\/wp-json\/wp\/v2\/product_brand?post=1556"},{"taxonomy":"product_cat","embeddable":true,"href":"https:\/\/murerpoint.dk\/nl\/wp-json\/wp\/v2\/product_cat?post=1556"},{"taxonomy":"product_tag","embeddable":true,"href":"https:\/\/murerpoint.dk\/nl\/wp-json\/wp\/v2\/product_tag?post=1556"}],"curies":[{"name":"wp","href":"https:\/\/api.w.org\/{rel}","templated":true}]}}