{"id":2313,"date":"2024-03-21T10:40:22","date_gmt":"2024-03-21T10:40:22","guid":{"rendered":"https:\/\/murerpoint.dk\/product\/gehaerteter-rostfreier-schneckenbohrer-fuer-moertel-fugenpistole\/"},"modified":"2024-08-20T11:46:16","modified_gmt":"2024-08-20T11:46:16","slug":"gehaerteter-rostfreier-schneckenbohrer-fuer-moertel-fugenpistole","status":"publish","type":"product","link":"https:\/\/murerpoint.dk\/nl\/product\/gehaerteter-rostfreier-schneckenbohrer-fuer-moertel-fugenpistole\/","title":{"rendered":"Geh\u00e4rteter rostfreier Schneckenbohrer f\u00fcr M\u00f6rtel fugenpistole"},"content":{"rendered":"<?xml encoding=\"utf-8\" ?><h2>Geh&auml;rteter rostfreier Schneckenbohrer f&uuml;r M&ouml;rtel fugenpistole<\/h2><p>Neuer Typ geh&auml;rtete rostfreie Schnecke speziell f&uuml;r schraubenbasierte M&ouml;rtelfugenpistolen entwickelt.<\/p><p>Die Schnecke schiebt 32% mehr M&ouml;rtel durch die M&ouml;rtelfugenpistole im Vergleich zur herk&ouml;mmlichen Schnecke (&ldquo;Ur-Schnecke&rdquo;), die urspr&uuml;nglich von QuickPoint entwickelt wurde. Der M&ouml;rtel flie&szlig;t einfach leichter durch. Dadurch wird deutlich weniger Verschlei&szlig; an allen Teilen verursacht. Dies f&uuml;hrt zu einer l&auml;ngeren Lebensdauer im Vergleich zur &ldquo;Ur-Schnecke&rdquo;. Die neue Schnecke von MurerPoint ist so konzipiert, dass keine Spitzenmesser wie bei der &ldquo;Ur-Schnecke&rdquo; ben&ouml;tigt werden<\/p><p><strong>Kaufen Sie die neue geh&auml;rtete rostfreie Schnecke hier zu einem g&uuml;nstigen Preis und lassen Sie den M&ouml;rtel besser als je zuvor flie&szlig;en.<\/strong><\/p><p>Die Schnecke in einer M&ouml;rtelfugenpistole zieht den M&ouml;rtel aus dem Beh&auml;lter durch die Schneckekammer und heraus durch die Fugend&uuml;se. Wenn Sie den Abzug an der Bohrmaschine bet&auml;tigen, dreht sich die Schnecke, wodurch der M&ouml;rtel vorw&auml;rts durch die Schneckekammer und heraus durch die Fugend&uuml;sen gedr&uuml;ckt wird. Dies erm&ouml;glicht das gleichm&auml;&szlig;ige und pr&auml;zise Auftragen von M&ouml;rtel an den Stellen, wo es zwischen den Ziegeln ben&ouml;tigt wird.<\/p><p>Die Schnecke dient also als Mechanismus zum Transport des Materials vom Beh&auml;lter zur Anwendungsstelle. Die Schnecke arbeitet in einer sehr abrasiven Umgebung &ndash; mit einem hohen pH-Wert und abrasiven Kies- oder Sandk&ouml;rnern bis zu 4 mm. Daher verschlei&szlig;t die Schnecke im Laufe der Zeit und muss ausgetauscht werden. Eine geh&auml;rtete Schnecke h&auml;lt in der M&ouml;rtelpistole l&auml;nger als eine nicht geh&auml;rtete<\/p>\n","protected":false},"excerpt":{"rendered":"<h3>Geh\u00e4rteter rostfreier Schneckenbohrer f\u00fcr M\u00f6rtel fugenpistole<\/h3>\n<p>Der geh\u00e4rtete rostfreie Schneckenkopf ist mit folgenden M\u00f6rtelfugenpistolen kompatibel:<\/p>\n<ul>\n<li>QuickPoint<\/li>\n<li>DanePoint<\/li>\n<li>MurerPoint<\/li>\n<\/ul>\n","protected":false},"featured_media":5622,"comment_status":"open","ping_status":"closed","template":"","meta":[],"product_brand":[],"product_cat":[649,182],"product_tag":[666,2487,774,204,667,238,354,1161,1162,1163,1164,2898],"class_list":{"0":"post-2313","1":"product","2":"type-product","3":"status-publish","4":"has-post-thumbnail","6":"product_cat-accessories","7":"product_cat-mortelfugepistoler-nl","8":"product_tag-danepoint-nl","9":"product_tag-masonrywork-nl","10":"product_tag-metselwerk","11":"product_tag-mortargun-nl","12":"product_tag-moertelfugepistol-nl","13":"product_tag-mortelpistool-nl","14":"product_tag-murerarbejde-nl-2","15":"product_tag-murersnegl-nl","16":"product_tag-rustfrisnegl-nl","17":"product_tag-snegl-nl","18":"product_tag-ursnegl-nl","19":"product_tag-googleads-nl","21":"first","22":"instock","23":"taxable","24":"shipping-taxable","25":"purchasable","26":"product-type-simple"},"yoast_head":"<!-- This site is optimized with the Yoast SEO plugin v27.4 - https:\/\/yoast.com\/product\/yoast-seo-wordpress\/ -->\n<title>Geh\u00e4rteter rostfreier Schneckenbohrer f\u00fcr M\u00f6rtel fugenpistole - Murerpoint ApS<\/title>\n<meta name=\"description\" content=\"Geh\u00e4rteter rostfreie Schneckenbohrer f\u00fcr M\u00f6rtel fugenpistole entwickelt. Er passt zu den fugenpistolen wie QuickPoint, DanePoint und MurerPoint.\" \/>\n<meta name=\"robots\" content=\"index, follow, max-snippet:-1, max-image-preview:large, max-video-preview:-1\" \/>\n<link rel=\"canonical\" href=\"https:\/\/murerpoint.dk\/nl\/product\/gehaerteter-rostfreier-schneckenbohrer-fuer-moertel-fugenpistole\/\" \/>\n<meta property=\"og:locale\" content=\"nl_NL\" \/>\n<meta property=\"og:type\" content=\"article\" \/>\n<meta property=\"og:title\" content=\"Geh\u00e4rteter rostfreier Schneckenbohrer f\u00fcr M\u00f6rtel fugenpistole - Murerpoint ApS\" \/>\n<meta property=\"og:description\" content=\"Geh\u00e4rteter rostfreie Schneckenbohrer f\u00fcr M\u00f6rtel fugenpistole entwickelt. Er passt zu den fugenpistolen wie QuickPoint, DanePoint und MurerPoint.\" \/>\n<meta property=\"og:url\" content=\"https:\/\/murerpoint.dk\/nl\/product\/gehaerteter-rostfreier-schneckenbohrer-fuer-moertel-fugenpistole\/\" \/>\n<meta property=\"og:site_name\" content=\"Murerpoint ApS\" \/>\n<meta property=\"article:publisher\" content=\"https:\/\/m.facebook.com\/profile.php?id=61555157262134\" \/>\n<meta property=\"article:modified_time\" content=\"2024-08-20T11:46:16+00:00\" \/>\n<meta property=\"og:image\" content=\"https:\/\/murerpoint.dk\/wp-content\/uploads\/2024\/03\/IMG_7978-removebg-preview.png\" \/>\n\t<meta property=\"og:image:width\" content=\"433\" \/>\n\t<meta property=\"og:image:height\" content=\"577\" \/>\n\t<meta property=\"og:image:type\" content=\"image\/png\" \/>\n<meta name=\"twitter:card\" content=\"summary_large_image\" \/>\n<meta name=\"twitter:label1\" content=\"Prijs\" \/>\n\t<meta name=\"twitter:data1\" content=\"&euro;63.51 Pris ekskl. moms: &euro;50.81\" \/>\n\t<meta name=\"twitter:label2\" content=\"Beschikbaarheid\" \/>\n\t<meta name=\"twitter:data2\" content=\"Op voorraad\" \/>\n<script type=\"application\/ld+json\" class=\"yoast-schema-graph\">{\"@context\":\"https:\\\/\\\/schema.org\",\"@graph\":[{\"@type\":\"WebPage\",\"@id\":\"https:\\\/\\\/murerpoint.dk\\\/nl\\\/product\\\/gehaerteter-rostfreier-schneckenbohrer-fuer-moertel-fugenpistole\\\/\",\"url\":\"https:\\\/\\\/murerpoint.dk\\\/nl\\\/product\\\/gehaerteter-rostfreier-schneckenbohrer-fuer-moertel-fugenpistole\\\/\",\"name\":\"Geh\u00e4rteter rostfreier Schneckenbohrer f\u00fcr M\u00f6rtel fugenpistole - Murerpoint ApS\",\"isPartOf\":{\"@id\":\"https:\\\/\\\/murerpoint.dk\\\/nl\\\/#website\"},\"primaryImageOfPage\":{\"@id\":\"https:\\\/\\\/murerpoint.dk\\\/nl\\\/product\\\/gehaerteter-rostfreier-schneckenbohrer-fuer-moertel-fugenpistole\\\/#primaryimage\"},\"image\":{\"@id\":\"https:\\\/\\\/murerpoint.dk\\\/nl\\\/product\\\/gehaerteter-rostfreier-schneckenbohrer-fuer-moertel-fugenpistole\\\/#primaryimage\"},\"thumbnailUrl\":\"https:\\\/\\\/murerpoint.dk\\\/wp-content\\\/uploads\\\/2024\\\/03\\\/IMG_7978-removebg-preview.png\",\"datePublished\":\"2024-03-21T10:40:22+00:00\",\"dateModified\":\"2024-08-20T11:46:16+00:00\",\"description\":\"Geh\u00e4rteter rostfreie Schneckenbohrer f\u00fcr M\u00f6rtel fugenpistole entwickelt. Er passt zu den fugenpistolen wie QuickPoint, DanePoint und MurerPoint.\",\"breadcrumb\":{\"@id\":\"https:\\\/\\\/murerpoint.dk\\\/nl\\\/product\\\/gehaerteter-rostfreier-schneckenbohrer-fuer-moertel-fugenpistole\\\/#breadcrumb\"},\"inLanguage\":\"nl-NL\",\"potentialAction\":[{\"@type\":\"ReadAction\",\"target\":[\"https:\\\/\\\/murerpoint.dk\\\/nl\\\/product\\\/gehaerteter-rostfreier-schneckenbohrer-fuer-moertel-fugenpistole\\\/\"]}]},{\"@type\":\"ImageObject\",\"inLanguage\":\"nl-NL\",\"@id\":\"https:\\\/\\\/murerpoint.dk\\\/nl\\\/product\\\/gehaerteter-rostfreier-schneckenbohrer-fuer-moertel-fugenpistole\\\/#primaryimage\",\"url\":\"https:\\\/\\\/murerpoint.dk\\\/wp-content\\\/uploads\\\/2024\\\/03\\\/IMG_7978-removebg-preview.png\",\"contentUrl\":\"https:\\\/\\\/murerpoint.dk\\\/wp-content\\\/uploads\\\/2024\\\/03\\\/IMG_7978-removebg-preview.png\",\"width\":433,\"height\":577,\"caption\":\"Ny h\u00e6rdet rustfri snegl, danepoint\\\/quikpoint,\"},{\"@type\":\"BreadcrumbList\",\"@id\":\"https:\\\/\\\/murerpoint.dk\\\/nl\\\/product\\\/gehaerteter-rostfreier-schneckenbohrer-fuer-moertel-fugenpistole\\\/#breadcrumb\",\"itemListElement\":[{\"@type\":\"ListItem\",\"position\":1,\"name\":\"Hjem\",\"item\":\"https:\\\/\\\/murerpoint.dk\\\/nl\\\/\"},{\"@type\":\"ListItem\",\"position\":2,\"name\":\"SHOPPEN\",\"item\":\"https:\\\/\\\/murerpoint.dk\\\/nl\\\/shoppen\\\/\"},{\"@type\":\"ListItem\",\"position\":3,\"name\":\"Geh\u00e4rteter rostfreier Schneckenbohrer f\u00fcr M\u00f6rtel fugenpistole\"}]},{\"@type\":\"WebSite\",\"@id\":\"https:\\\/\\\/murerpoint.dk\\\/nl\\\/#website\",\"url\":\"https:\\\/\\\/murerpoint.dk\\\/nl\\\/\",\"name\":\"Murerpoint\",\"description\":\"kvalitets v\u00e6rkt\u00f8j\",\"publisher\":{\"@id\":\"https:\\\/\\\/murerpoint.dk\\\/nl\\\/#organization\"},\"potentialAction\":[{\"@type\":\"SearchAction\",\"target\":{\"@type\":\"EntryPoint\",\"urlTemplate\":\"https:\\\/\\\/murerpoint.dk\\\/nl\\\/?s={search_term_string}\"},\"query-input\":{\"@type\":\"PropertyValueSpecification\",\"valueRequired\":true,\"valueName\":\"search_term_string\"}}],\"inLanguage\":\"nl-NL\"},{\"@type\":\"Organization\",\"@id\":\"https:\\\/\\\/murerpoint.dk\\\/nl\\\/#organization\",\"name\":\"Murerpoint ApS\",\"url\":\"https:\\\/\\\/murerpoint.dk\\\/nl\\\/\",\"logo\":{\"@type\":\"ImageObject\",\"inLanguage\":\"nl-NL\",\"@id\":\"https:\\\/\\\/murerpoint.dk\\\/nl\\\/#\\\/schema\\\/logo\\\/image\\\/\",\"url\":\"https:\\\/\\\/murerpoint.dk\\\/wp-content\\\/uploads\\\/2023\\\/12\\\/cropped-Sort-Midt-Roed-Mursten.png\",\"contentUrl\":\"https:\\\/\\\/murerpoint.dk\\\/wp-content\\\/uploads\\\/2023\\\/12\\\/cropped-Sort-Midt-Roed-Mursten.png\",\"width\":512,\"height\":512,\"caption\":\"Murerpoint ApS\"},\"image\":{\"@id\":\"https:\\\/\\\/murerpoint.dk\\\/nl\\\/#\\\/schema\\\/logo\\\/image\\\/\"},\"sameAs\":[\"https:\\\/\\\/m.facebook.com\\\/profile.php?id=61555157262134\",\"https:\\\/\\\/www.instagram.com\\\/murerpoint?igsh=azluMWV6cTnc2ts&utm_source=qr\",\"https:\\\/\\\/www.tiktok.com\\\/@murerpoint?is_from_webapp=1&sender_device=pc\"]}]}<\/script>\n<meta property=\"product:price:amount\" content=\"63.51\" \/>\n<meta property=\"product:price:currency\" content=\"EUR\" \/>\n<meta property=\"og:availability\" content=\"instock\" \/>\n<meta property=\"product:availability\" content=\"instock\" \/>\n<meta property=\"product:retailer_item_id\" content=\"mp0044\" \/>\n<meta property=\"product:condition\" content=\"new\" \/>\n<!-- \/ Yoast SEO plugin. -->","yoast_head_json":{"title":"Geh\u00e4rteter rostfreier Schneckenbohrer f\u00fcr M\u00f6rtel fugenpistole - Murerpoint ApS","description":"Geh\u00e4rteter rostfreie Schneckenbohrer f\u00fcr M\u00f6rtel fugenpistole entwickelt. Er passt zu den fugenpistolen wie QuickPoint, DanePoint und MurerPoint.","robots":{"index":"index","follow":"follow","max-snippet":"max-snippet:-1","max-image-preview":"max-image-preview:large","max-video-preview":"max-video-preview:-1"},"canonical":"https:\/\/murerpoint.dk\/nl\/product\/gehaerteter-rostfreier-schneckenbohrer-fuer-moertel-fugenpistole\/","og_locale":"nl_NL","og_type":"article","og_title":"Geh\u00e4rteter rostfreier Schneckenbohrer f\u00fcr M\u00f6rtel fugenpistole - Murerpoint ApS","og_description":"Geh\u00e4rteter rostfreie Schneckenbohrer f\u00fcr M\u00f6rtel fugenpistole entwickelt. Er passt zu den fugenpistolen wie QuickPoint, DanePoint und MurerPoint.","og_url":"https:\/\/murerpoint.dk\/nl\/product\/gehaerteter-rostfreier-schneckenbohrer-fuer-moertel-fugenpistole\/","og_site_name":"Murerpoint ApS","article_publisher":"https:\/\/m.facebook.com\/profile.php?id=61555157262134","article_modified_time":"2024-08-20T11:46:16+00:00","og_image":[{"width":433,"height":577,"url":"https:\/\/murerpoint.dk\/wp-content\/uploads\/2024\/03\/IMG_7978-removebg-preview.png","type":"image\/png"}],"twitter_card":"summary_large_image","twitter_misc":{"Prijs":"&euro;63.51 Pris ekskl. moms: &euro;50.81","Beschikbaarheid":"Op voorraad"},"schema":{"@context":"https:\/\/schema.org","@graph":[{"@type":"WebPage","@id":"https:\/\/murerpoint.dk\/nl\/product\/gehaerteter-rostfreier-schneckenbohrer-fuer-moertel-fugenpistole\/","url":"https:\/\/murerpoint.dk\/nl\/product\/gehaerteter-rostfreier-schneckenbohrer-fuer-moertel-fugenpistole\/","name":"Geh\u00e4rteter rostfreier Schneckenbohrer f\u00fcr M\u00f6rtel fugenpistole - Murerpoint ApS","isPartOf":{"@id":"https:\/\/murerpoint.dk\/nl\/#website"},"primaryImageOfPage":{"@id":"https:\/\/murerpoint.dk\/nl\/product\/gehaerteter-rostfreier-schneckenbohrer-fuer-moertel-fugenpistole\/#primaryimage"},"image":{"@id":"https:\/\/murerpoint.dk\/nl\/product\/gehaerteter-rostfreier-schneckenbohrer-fuer-moertel-fugenpistole\/#primaryimage"},"thumbnailUrl":"https:\/\/murerpoint.dk\/wp-content\/uploads\/2024\/03\/IMG_7978-removebg-preview.png","datePublished":"2024-03-21T10:40:22+00:00","dateModified":"2024-08-20T11:46:16+00:00","description":"Geh\u00e4rteter rostfreie Schneckenbohrer f\u00fcr M\u00f6rtel fugenpistole entwickelt. Er passt zu den fugenpistolen wie QuickPoint, DanePoint und MurerPoint.","breadcrumb":{"@id":"https:\/\/murerpoint.dk\/nl\/product\/gehaerteter-rostfreier-schneckenbohrer-fuer-moertel-fugenpistole\/#breadcrumb"},"inLanguage":"nl-NL","potentialAction":[{"@type":"ReadAction","target":["https:\/\/murerpoint.dk\/nl\/product\/gehaerteter-rostfreier-schneckenbohrer-fuer-moertel-fugenpistole\/"]}]},{"@type":"ImageObject","inLanguage":"nl-NL","@id":"https:\/\/murerpoint.dk\/nl\/product\/gehaerteter-rostfreier-schneckenbohrer-fuer-moertel-fugenpistole\/#primaryimage","url":"https:\/\/murerpoint.dk\/wp-content\/uploads\/2024\/03\/IMG_7978-removebg-preview.png","contentUrl":"https:\/\/murerpoint.dk\/wp-content\/uploads\/2024\/03\/IMG_7978-removebg-preview.png","width":433,"height":577,"caption":"Ny h\u00e6rdet rustfri snegl, danepoint\/quikpoint,"},{"@type":"BreadcrumbList","@id":"https:\/\/murerpoint.dk\/nl\/product\/gehaerteter-rostfreier-schneckenbohrer-fuer-moertel-fugenpistole\/#breadcrumb","itemListElement":[{"@type":"ListItem","position":1,"name":"Hjem","item":"https:\/\/murerpoint.dk\/nl\/"},{"@type":"ListItem","position":2,"name":"SHOPPEN","item":"https:\/\/murerpoint.dk\/nl\/shoppen\/"},{"@type":"ListItem","position":3,"name":"Geh\u00e4rteter rostfreier Schneckenbohrer f\u00fcr M\u00f6rtel fugenpistole"}]},{"@type":"WebSite","@id":"https:\/\/murerpoint.dk\/nl\/#website","url":"https:\/\/murerpoint.dk\/nl\/","name":"Murerpoint","description":"kvalitets v\u00e6rkt\u00f8j","publisher":{"@id":"https:\/\/murerpoint.dk\/nl\/#organization"},"potentialAction":[{"@type":"SearchAction","target":{"@type":"EntryPoint","urlTemplate":"https:\/\/murerpoint.dk\/nl\/?s={search_term_string}"},"query-input":{"@type":"PropertyValueSpecification","valueRequired":true,"valueName":"search_term_string"}}],"inLanguage":"nl-NL"},{"@type":"Organization","@id":"https:\/\/murerpoint.dk\/nl\/#organization","name":"Murerpoint ApS","url":"https:\/\/murerpoint.dk\/nl\/","logo":{"@type":"ImageObject","inLanguage":"nl-NL","@id":"https:\/\/murerpoint.dk\/nl\/#\/schema\/logo\/image\/","url":"https:\/\/murerpoint.dk\/wp-content\/uploads\/2023\/12\/cropped-Sort-Midt-Roed-Mursten.png","contentUrl":"https:\/\/murerpoint.dk\/wp-content\/uploads\/2023\/12\/cropped-Sort-Midt-Roed-Mursten.png","width":512,"height":512,"caption":"Murerpoint ApS"},"image":{"@id":"https:\/\/murerpoint.dk\/nl\/#\/schema\/logo\/image\/"},"sameAs":["https:\/\/m.facebook.com\/profile.php?id=61555157262134","https:\/\/www.instagram.com\/murerpoint?igsh=azluMWV6cTnc2ts&utm_source=qr","https:\/\/www.tiktok.com\/@murerpoint?is_from_webapp=1&sender_device=pc"]}]},"product_price_amount":"63.51","product_price_currency":"EUR","og_availability":"instock","product_availability":"instock","product_retailer_item_id":"mp0044","product_condition":"new"},"_links":{"self":[{"href":"https:\/\/murerpoint.dk\/nl\/wp-json\/wp\/v2\/product\/2313","targetHints":{"allow":["GET"]}}],"collection":[{"href":"https:\/\/murerpoint.dk\/nl\/wp-json\/wp\/v2\/product"}],"about":[{"href":"https:\/\/murerpoint.dk\/nl\/wp-json\/wp\/v2\/types\/product"}],"replies":[{"embeddable":true,"href":"https:\/\/murerpoint.dk\/nl\/wp-json\/wp\/v2\/comments?post=2313"}],"wp:featuredmedia":[{"embeddable":true,"href":"https:\/\/murerpoint.dk\/nl\/wp-json\/wp\/v2\/media\/5622"}],"wp:attachment":[{"href":"https:\/\/murerpoint.dk\/nl\/wp-json\/wp\/v2\/media?parent=2313"}],"wp:term":[{"taxonomy":"product_brand","embeddable":true,"href":"https:\/\/murerpoint.dk\/nl\/wp-json\/wp\/v2\/product_brand?post=2313"},{"taxonomy":"product_cat","embeddable":true,"href":"https:\/\/murerpoint.dk\/nl\/wp-json\/wp\/v2\/product_cat?post=2313"},{"taxonomy":"product_tag","embeddable":true,"href":"https:\/\/murerpoint.dk\/nl\/wp-json\/wp\/v2\/product_tag?post=2313"}],"curies":[{"name":"wp","href":"https:\/\/api.w.org\/{rel}","templated":true}]}}