{"id":2476,"date":"2024-04-11T10:30:57","date_gmt":"2024-04-11T10:30:57","guid":{"rendered":"https:\/\/murerpoint.dk\/product\/adapter-m10-m14-gangad-utbytbar-adapter-i-hardat-staal\/"},"modified":"2024-04-12T09:22:13","modified_gmt":"2024-04-12T09:22:13","slug":"adapter-m10-m14-ganga-utbytbar-adapter-av-hardat-staal","status":"publish","type":"product","link":"https:\/\/murerpoint.dk\/nl\/product\/adapter-m10-m14-ganga-utbytbar-adapter-av-hardat-staal\/","title":{"rendered":"Adapter M10\/M14-g\u00e4nga utbytbar adapter av h\u00e4rdat st\u00e5l"},"content":{"rendered":"<?xml encoding=\"utf-8\" ?><h2>Adapter M10\/M14-g&auml;nga, utbytbar adapter av h&auml;rdat st&aring;l<\/h2><div class=\"flex-1 overflow-hidden\">\n<div class=\"react-scroll-to-bottom--css-yosdb-79elbk h-full\">\n<div class=\"react-scroll-to-bottom--css-yosdb-1n7m0yu\">\n<div>\n<div class=\"flex flex-col text-sm pb-9\">\n<div class=\"w-full text-token-text-primary\" dir=\"auto\" data-testid=\"conversation-turn-126\">\n<div class=\"px-4 py-2 justify-center text-base md:gap-6 m-auto\">\n<div class=\"flex flex-1 text-base mx-auto gap-3 juice:gap-4 juice:md:gap-6 md:px-5 lg:px-1 xl:px-5 md:max-w-3xl lg:max-w-[40rem] xl:max-w-[48rem] group final-completion\">\n<div class=\"relative flex w-full flex-col agent-turn\">\n<div class=\"flex-col gap-1 md:gap-3\">\n<div class=\"flex flex-grow flex-col max-w-full\">\n<div class=\"min-h-[20px] text-message flex flex-col items-start gap-3 whitespace-pre-wrap break-words [.text-message+&amp;]:mt-5 overflow-x-auto\" dir=\"auto\" data-message-author-role=\"assistant\" data-message-id=\"39f6565a-88f2-4e3d-89b0-986081613278\">\n<div class=\"markdown prose w-full break-words dark:prose-invert light\">\n<p>&Aring;teranv&auml;ndbar adapter: Effektiv montering f&ouml;r fogfr&auml;sstift<\/p>\n<p>Letar du efter en p&aring;litlig l&ouml;sning f&ouml;r att montera l&ouml;sa fogfr&auml;sstift? V&aring;r &aring;teranv&auml;ndbara adapter &auml;r din perfekta f&ouml;ljeslagare! Med denna adapter kan du enkelt montera fogfr&auml;sstift p&aring; vinkelslipmaskiner med M10\/M14-g&auml;nga, och det b&auml;sta &auml;r att den &auml;r utformad f&ouml;r &aring;teranv&auml;ndning.<\/p>\n<p>Funktioner och f&ouml;rdelar:<\/p>\n<p>Universell kompatibilitet: Passar de flesta vinkelslipmaskiner med M10\/M14-g&auml;nga, vilket g&ouml;r den idealisk f&ouml;r b&aring;de proffs och hobbyister. H&ouml;g precision: Garanterar exakt och stabil montering av fogfr&auml;sstift, vilket leder till j&auml;mn och effektiv borttagning av fogmaterial. Robust konstruktion: Tillverkad av h&aring;llbara material f&ouml;r l&aring;ngvarig prestanda &auml;ven under kr&auml;vande arbetsf&ouml;rh&aring;llanden. Maximalt varvtal: T&aring;l upp till 20 000 varv per minut f&ouml;r snabb och effektiv arbetsfl&ouml;de.<\/p>\n<p>Kvalitet fr&aring;n Danmark:<\/p>\n<p>V&aring;r fogfr&auml;sv&auml;xel &auml;r k&auml;nd i branschen f&ouml;r sin h&ouml;ga effektivitet och utm&auml;rkta h&aring;llbarhet. Genom fokus p&aring; dansk produktion s&auml;kerst&auml;ller vi att v&aring;rt verktyg uppfyller h&ouml;gsta standard och levererar p&aring;litliga resultat varje g&aring;ng.<\/p>\n<p>Leveransinneh&aring;ll:<\/p>\n<p>Varje f&ouml;rpackning inneh&aring;ller 1 styck &aring;teranv&auml;ndbar adapter, redo f&ouml;r montering och f&ouml;rb&auml;ttring av dina fogfr&auml;sstift.<\/p>\n<p>Ta kontroll &ouml;ver dina fogfr&auml;sprojekt med v&aring;r p&aring;litliga adapter. Redo att tackla varje utmaning med l&auml;tthet och precision!<\/p>\n<\/div>\n<\/div>\n<\/div>\n<\/div>\n<\/div>\n<\/div>\n<\/div>\n<\/div>\n<\/div>\n<\/div>\n<\/div>\n<\/div>\n<\/div>\n","protected":false},"excerpt":{"rendered":"<h2>Adapter M10\/M14-g\u00e4nga, utbytbar adapter av h\u00e4rdat st\u00e5l<\/h2>\n<div class=\"flex-1 overflow-hidden\">\n<div class=\"react-scroll-to-bottom--css-yosdb-79elbk h-full\">\n<div class=\"react-scroll-to-bottom--css-yosdb-1n7m0yu\">\n<div>\n<div class=\"flex flex-col text-sm pb-9\">\n<div class=\"w-full text-token-text-primary\" dir=\"auto\" data-testid=\"conversation-turn-128\">\n<div class=\"px-4 py-2 justify-center text-base md:gap-6 m-auto\">\n<div class=\"flex flex-1 text-base mx-auto gap-3 juice:gap-4 juice:md:gap-6 md:px-5 lg:px-1 xl:px-5 md:max-w-3xl lg:max-w-[40rem] xl:max-w-[48rem] group final-completion\">\n<div class=\"relative flex w-full flex-col agent-turn\">\n<div class=\"flex-col gap-1 md:gap-3\">\n<div class=\"flex flex-grow flex-col max-w-full\">\n<div class=\"min-h-[20px] text-message flex flex-col items-start gap-3 whitespace-pre-wrap break-words [.text-message+&amp;]:mt-5 overflow-x-auto\" dir=\"auto\" data-message-author-role=\"assistant\" data-message-id=\"a8623e40-fe0a-4332-926e-4c2747681736\">\n<div class=\"markdown prose w-full break-words dark:prose-invert light\">\n<p>\u00c5teranv\u00e4ndbar adapter f\u00f6r montering av l\u00f6sa fogfresstifter i h\u00e5rdmetall:<\/p>\n<ul>\n<li>Fungerar som en monteringsadapter f\u00f6r fogfresstifter p\u00e5 vinkelslipmaskiner med M10\/M14-g\u00e4nga.<\/li>\n<li>Maximalt varvtal: 20 000 varv per minut.<\/li>\n<li>Dansk tillverkat fogfres verktyg, k\u00e4nt f\u00f6r sitt verktyg med h\u00f6g effektivitet och god h\u00e5llbarhet.<\/li>\n<\/ul>\n<\/div>\n<\/div>\n<\/div>\n<\/div>\n<\/div>\n<\/div>\n<\/div>\n<\/div>\n<\/div>\n<\/div>\n<\/div>\n<\/div>\n<\/div>\n","protected":false},"featured_media":2463,"comment_status":"open","ping_status":"closed","template":"","meta":[],"product_brand":[],"product_cat":[1259,428,429],"product_tag":[1337,567,1042,822,1045,728,1301,2898],"class_list":{"0":"post-2476","1":"product","2":"type-product","3":"status-publish","4":"has-post-thumbnail","6":"product_cat-voegenfrees-stift","7":"product_cat-voegfrezen-nl","8":"product_cat-voegfrezen-en-units-nl","9":"product_tag-adapter-nl-2","10":"product_tag-fugefraeser-nl","11":"product_tag-fugefraeserstift-nl","12":"product_tag-fugenfraser","13":"product_tag-tungsten-nl","14":"product_tag-voegen","15":"product_tag-voegenfrees-nl","16":"product_tag-googleads-nl","18":"first","19":"instock","20":"taxable","21":"shipping-taxable","22":"purchasable","23":"product-type-simple"},"yoast_head":"<!-- This site is optimized with the Yoast SEO plugin v27.6 - https:\/\/yoast.com\/product\/yoast-seo-wordpress\/ -->\n<title>Adapter M10\/M14-g\u00e4nga utbytbar adapter av h\u00e4rdat st\u00e5l - Murerpoint ApS<\/title>\n<meta name=\"description\" content=\"Met deze adapter kunt u moeiteloos voegfreesstiften monteren op haakse slijpmachines met M10\/M14-schroefdraad, voor herhaaldelijk gebruik.\" \/>\n<meta name=\"robots\" content=\"index, follow, max-snippet:-1, max-image-preview:large, max-video-preview:-1\" \/>\n<link rel=\"canonical\" href=\"https:\/\/murerpoint.dk\/nl\/product\/adapter-m10-m14-ganga-utbytbar-adapter-av-hardat-staal\/\" \/>\n<meta property=\"og:locale\" content=\"nl_NL\" \/>\n<meta property=\"og:type\" content=\"article\" \/>\n<meta property=\"og:title\" content=\"Adapter M10\/M14-g\u00e4nga utbytbar adapter av h\u00e4rdat st\u00e5l - Murerpoint ApS\" \/>\n<meta property=\"og:description\" content=\"Met deze adapter kunt u moeiteloos voegfreesstiften monteren op haakse slijpmachines met M10\/M14-schroefdraad, voor herhaaldelijk gebruik.\" \/>\n<meta property=\"og:url\" content=\"https:\/\/murerpoint.dk\/nl\/product\/adapter-m10-m14-ganga-utbytbar-adapter-av-hardat-staal\/\" \/>\n<meta property=\"og:site_name\" content=\"Murerpoint ApS\" \/>\n<meta property=\"article:publisher\" content=\"https:\/\/m.facebook.com\/profile.php?id=61555157262134\" \/>\n<meta property=\"article:modified_time\" content=\"2024-04-12T09:22:13+00:00\" \/>\n<meta property=\"og:image\" content=\"https:\/\/murerpoint.dk\/wp-content\/uploads\/2024\/04\/adaptor-m10-m14-fugefraeserstift.png\" \/>\n\t<meta property=\"og:image:width\" content=\"433\" \/>\n\t<meta property=\"og:image:height\" content=\"577\" \/>\n\t<meta property=\"og:image:type\" content=\"image\/png\" \/>\n<meta name=\"twitter:card\" content=\"summary_large_image\" \/>\n<meta name=\"twitter:label1\" content=\"Prijs\" \/>\n\t<meta name=\"twitter:data1\" content=\"&euro;6.56 Pris ekskl. moms: &euro;5.25\" \/>\n\t<meta name=\"twitter:label2\" content=\"Beschikbaarheid\" \/>\n\t<meta name=\"twitter:data2\" content=\"Op voorraad\" \/>\n<script type=\"application\/ld+json\" class=\"yoast-schema-graph\">{\"@context\":\"https:\\\/\\\/schema.org\",\"@graph\":[{\"@type\":\"WebPage\",\"@id\":\"https:\\\/\\\/murerpoint.dk\\\/nl\\\/product\\\/adapter-m10-m14-ganga-utbytbar-adapter-av-hardat-staal\\\/\",\"url\":\"https:\\\/\\\/murerpoint.dk\\\/nl\\\/product\\\/adapter-m10-m14-ganga-utbytbar-adapter-av-hardat-staal\\\/\",\"name\":\"Adapter M10\\\/M14-g\u00e4nga utbytbar adapter av h\u00e4rdat st\u00e5l - Murerpoint ApS\",\"isPartOf\":{\"@id\":\"https:\\\/\\\/murerpoint.dk\\\/nl\\\/#website\"},\"primaryImageOfPage\":{\"@id\":\"https:\\\/\\\/murerpoint.dk\\\/nl\\\/product\\\/adapter-m10-m14-ganga-utbytbar-adapter-av-hardat-staal\\\/#primaryimage\"},\"image\":{\"@id\":\"https:\\\/\\\/murerpoint.dk\\\/nl\\\/product\\\/adapter-m10-m14-ganga-utbytbar-adapter-av-hardat-staal\\\/#primaryimage\"},\"thumbnailUrl\":\"https:\\\/\\\/murerpoint.dk\\\/wp-content\\\/uploads\\\/2024\\\/04\\\/adaptor-m10-m14-fugefraeserstift.png\",\"datePublished\":\"2024-04-11T10:30:57+00:00\",\"dateModified\":\"2024-04-12T09:22:13+00:00\",\"description\":\"Met deze adapter kunt u moeiteloos voegfreesstiften monteren op haakse slijpmachines met M10\\\/M14-schroefdraad, voor herhaaldelijk gebruik.\",\"breadcrumb\":{\"@id\":\"https:\\\/\\\/murerpoint.dk\\\/nl\\\/product\\\/adapter-m10-m14-ganga-utbytbar-adapter-av-hardat-staal\\\/#breadcrumb\"},\"inLanguage\":\"nl-NL\",\"potentialAction\":[{\"@type\":\"ReadAction\",\"target\":[\"https:\\\/\\\/murerpoint.dk\\\/nl\\\/product\\\/adapter-m10-m14-ganga-utbytbar-adapter-av-hardat-staal\\\/\"]}]},{\"@type\":\"ImageObject\",\"inLanguage\":\"nl-NL\",\"@id\":\"https:\\\/\\\/murerpoint.dk\\\/nl\\\/product\\\/adapter-m10-m14-ganga-utbytbar-adapter-av-hardat-staal\\\/#primaryimage\",\"url\":\"https:\\\/\\\/murerpoint.dk\\\/wp-content\\\/uploads\\\/2024\\\/04\\\/adaptor-m10-m14-fugefraeserstift.png\",\"contentUrl\":\"https:\\\/\\\/murerpoint.dk\\\/wp-content\\\/uploads\\\/2024\\\/04\\\/adaptor-m10-m14-fugefraeserstift.png\",\"width\":433,\"height\":577,\"caption\":\"Adapter M10\\\/M14-gevind Genanvendelig adaptor i h\u00e6rdet st\u00e5l til fugefr\u00e6serstifter\"},{\"@type\":\"BreadcrumbList\",\"@id\":\"https:\\\/\\\/murerpoint.dk\\\/nl\\\/product\\\/adapter-m10-m14-ganga-utbytbar-adapter-av-hardat-staal\\\/#breadcrumb\",\"itemListElement\":[{\"@type\":\"ListItem\",\"position\":1,\"name\":\"Hjem\",\"item\":\"https:\\\/\\\/murerpoint.dk\\\/nl\\\/\"},{\"@type\":\"ListItem\",\"position\":2,\"name\":\"SHOPPEN\",\"item\":\"https:\\\/\\\/murerpoint.dk\\\/nl\\\/shoppen\\\/\"},{\"@type\":\"ListItem\",\"position\":3,\"name\":\"Adapter M10\\\/M14-g\u00e4nga utbytbar adapter av h\u00e4rdat st\u00e5l\"}]},{\"@type\":\"WebSite\",\"@id\":\"https:\\\/\\\/murerpoint.dk\\\/nl\\\/#website\",\"url\":\"https:\\\/\\\/murerpoint.dk\\\/nl\\\/\",\"name\":\"Murerpoint\",\"description\":\"kvalitets v\u00e6rkt\u00f8j\",\"publisher\":{\"@id\":\"https:\\\/\\\/murerpoint.dk\\\/nl\\\/#organization\"},\"potentialAction\":[{\"@type\":\"SearchAction\",\"target\":{\"@type\":\"EntryPoint\",\"urlTemplate\":\"https:\\\/\\\/murerpoint.dk\\\/nl\\\/?s={search_term_string}\"},\"query-input\":{\"@type\":\"PropertyValueSpecification\",\"valueRequired\":true,\"valueName\":\"search_term_string\"}}],\"inLanguage\":\"nl-NL\"},{\"@type\":\"Organization\",\"@id\":\"https:\\\/\\\/murerpoint.dk\\\/nl\\\/#organization\",\"name\":\"Murerpoint ApS\",\"url\":\"https:\\\/\\\/murerpoint.dk\\\/nl\\\/\",\"logo\":{\"@type\":\"ImageObject\",\"inLanguage\":\"nl-NL\",\"@id\":\"https:\\\/\\\/murerpoint.dk\\\/nl\\\/#\\\/schema\\\/logo\\\/image\\\/\",\"url\":\"https:\\\/\\\/murerpoint.dk\\\/wp-content\\\/uploads\\\/2023\\\/12\\\/cropped-Sort-Midt-Roed-Mursten.png\",\"contentUrl\":\"https:\\\/\\\/murerpoint.dk\\\/wp-content\\\/uploads\\\/2023\\\/12\\\/cropped-Sort-Midt-Roed-Mursten.png\",\"width\":512,\"height\":512,\"caption\":\"Murerpoint ApS\"},\"image\":{\"@id\":\"https:\\\/\\\/murerpoint.dk\\\/nl\\\/#\\\/schema\\\/logo\\\/image\\\/\"},\"sameAs\":[\"https:\\\/\\\/m.facebook.com\\\/profile.php?id=61555157262134\",\"https:\\\/\\\/www.instagram.com\\\/murerpoint?igsh=azluMWV6cTnc2ts&utm_source=qr\",\"https:\\\/\\\/www.tiktok.com\\\/@murerpoint?is_from_webapp=1&sender_device=pc\"]}]}<\/script>\n<meta property=\"product:price:amount\" content=\"6.56\" \/>\n<meta property=\"product:price:currency\" content=\"EUR\" \/>\n<meta property=\"og:availability\" content=\"instock\" \/>\n<meta property=\"product:availability\" content=\"instock\" \/>\n<meta property=\"product:retailer_item_id\" content=\"mp00042\" \/>\n<meta property=\"product:condition\" content=\"new\" \/>\n<!-- \/ Yoast SEO plugin. -->","yoast_head_json":{"title":"Adapter M10\/M14-g\u00e4nga utbytbar adapter av h\u00e4rdat st\u00e5l - Murerpoint ApS","description":"Met deze adapter kunt u moeiteloos voegfreesstiften monteren op haakse slijpmachines met M10\/M14-schroefdraad, voor herhaaldelijk gebruik.","robots":{"index":"index","follow":"follow","max-snippet":"max-snippet:-1","max-image-preview":"max-image-preview:large","max-video-preview":"max-video-preview:-1"},"canonical":"https:\/\/murerpoint.dk\/nl\/product\/adapter-m10-m14-ganga-utbytbar-adapter-av-hardat-staal\/","og_locale":"nl_NL","og_type":"article","og_title":"Adapter M10\/M14-g\u00e4nga utbytbar adapter av h\u00e4rdat st\u00e5l - Murerpoint ApS","og_description":"Met deze adapter kunt u moeiteloos voegfreesstiften monteren op haakse slijpmachines met M10\/M14-schroefdraad, voor herhaaldelijk gebruik.","og_url":"https:\/\/murerpoint.dk\/nl\/product\/adapter-m10-m14-ganga-utbytbar-adapter-av-hardat-staal\/","og_site_name":"Murerpoint ApS","article_publisher":"https:\/\/m.facebook.com\/profile.php?id=61555157262134","article_modified_time":"2024-04-12T09:22:13+00:00","og_image":[{"width":433,"height":577,"url":"https:\/\/murerpoint.dk\/wp-content\/uploads\/2024\/04\/adaptor-m10-m14-fugefraeserstift.png","type":"image\/png"}],"twitter_card":"summary_large_image","twitter_misc":{"Prijs":"&euro;6.56 Pris ekskl. moms: &euro;5.25","Beschikbaarheid":"Op voorraad"},"schema":{"@context":"https:\/\/schema.org","@graph":[{"@type":"WebPage","@id":"https:\/\/murerpoint.dk\/nl\/product\/adapter-m10-m14-ganga-utbytbar-adapter-av-hardat-staal\/","url":"https:\/\/murerpoint.dk\/nl\/product\/adapter-m10-m14-ganga-utbytbar-adapter-av-hardat-staal\/","name":"Adapter M10\/M14-g\u00e4nga utbytbar adapter av h\u00e4rdat st\u00e5l - Murerpoint ApS","isPartOf":{"@id":"https:\/\/murerpoint.dk\/nl\/#website"},"primaryImageOfPage":{"@id":"https:\/\/murerpoint.dk\/nl\/product\/adapter-m10-m14-ganga-utbytbar-adapter-av-hardat-staal\/#primaryimage"},"image":{"@id":"https:\/\/murerpoint.dk\/nl\/product\/adapter-m10-m14-ganga-utbytbar-adapter-av-hardat-staal\/#primaryimage"},"thumbnailUrl":"https:\/\/murerpoint.dk\/wp-content\/uploads\/2024\/04\/adaptor-m10-m14-fugefraeserstift.png","datePublished":"2024-04-11T10:30:57+00:00","dateModified":"2024-04-12T09:22:13+00:00","description":"Met deze adapter kunt u moeiteloos voegfreesstiften monteren op haakse slijpmachines met M10\/M14-schroefdraad, voor herhaaldelijk gebruik.","breadcrumb":{"@id":"https:\/\/murerpoint.dk\/nl\/product\/adapter-m10-m14-ganga-utbytbar-adapter-av-hardat-staal\/#breadcrumb"},"inLanguage":"nl-NL","potentialAction":[{"@type":"ReadAction","target":["https:\/\/murerpoint.dk\/nl\/product\/adapter-m10-m14-ganga-utbytbar-adapter-av-hardat-staal\/"]}]},{"@type":"ImageObject","inLanguage":"nl-NL","@id":"https:\/\/murerpoint.dk\/nl\/product\/adapter-m10-m14-ganga-utbytbar-adapter-av-hardat-staal\/#primaryimage","url":"https:\/\/murerpoint.dk\/wp-content\/uploads\/2024\/04\/adaptor-m10-m14-fugefraeserstift.png","contentUrl":"https:\/\/murerpoint.dk\/wp-content\/uploads\/2024\/04\/adaptor-m10-m14-fugefraeserstift.png","width":433,"height":577,"caption":"Adapter M10\/M14-gevind Genanvendelig adaptor i h\u00e6rdet st\u00e5l til fugefr\u00e6serstifter"},{"@type":"BreadcrumbList","@id":"https:\/\/murerpoint.dk\/nl\/product\/adapter-m10-m14-ganga-utbytbar-adapter-av-hardat-staal\/#breadcrumb","itemListElement":[{"@type":"ListItem","position":1,"name":"Hjem","item":"https:\/\/murerpoint.dk\/nl\/"},{"@type":"ListItem","position":2,"name":"SHOPPEN","item":"https:\/\/murerpoint.dk\/nl\/shoppen\/"},{"@type":"ListItem","position":3,"name":"Adapter M10\/M14-g\u00e4nga utbytbar adapter av h\u00e4rdat st\u00e5l"}]},{"@type":"WebSite","@id":"https:\/\/murerpoint.dk\/nl\/#website","url":"https:\/\/murerpoint.dk\/nl\/","name":"Murerpoint","description":"kvalitets v\u00e6rkt\u00f8j","publisher":{"@id":"https:\/\/murerpoint.dk\/nl\/#organization"},"potentialAction":[{"@type":"SearchAction","target":{"@type":"EntryPoint","urlTemplate":"https:\/\/murerpoint.dk\/nl\/?s={search_term_string}"},"query-input":{"@type":"PropertyValueSpecification","valueRequired":true,"valueName":"search_term_string"}}],"inLanguage":"nl-NL"},{"@type":"Organization","@id":"https:\/\/murerpoint.dk\/nl\/#organization","name":"Murerpoint ApS","url":"https:\/\/murerpoint.dk\/nl\/","logo":{"@type":"ImageObject","inLanguage":"nl-NL","@id":"https:\/\/murerpoint.dk\/nl\/#\/schema\/logo\/image\/","url":"https:\/\/murerpoint.dk\/wp-content\/uploads\/2023\/12\/cropped-Sort-Midt-Roed-Mursten.png","contentUrl":"https:\/\/murerpoint.dk\/wp-content\/uploads\/2023\/12\/cropped-Sort-Midt-Roed-Mursten.png","width":512,"height":512,"caption":"Murerpoint ApS"},"image":{"@id":"https:\/\/murerpoint.dk\/nl\/#\/schema\/logo\/image\/"},"sameAs":["https:\/\/m.facebook.com\/profile.php?id=61555157262134","https:\/\/www.instagram.com\/murerpoint?igsh=azluMWV6cTnc2ts&utm_source=qr","https:\/\/www.tiktok.com\/@murerpoint?is_from_webapp=1&sender_device=pc"]}]},"product_price_amount":"6.56","product_price_currency":"EUR","og_availability":"instock","product_availability":"instock","product_retailer_item_id":"mp00042","product_condition":"new"},"_links":{"self":[{"href":"https:\/\/murerpoint.dk\/nl\/wp-json\/wp\/v2\/product\/2476","targetHints":{"allow":["GET"]}}],"collection":[{"href":"https:\/\/murerpoint.dk\/nl\/wp-json\/wp\/v2\/product"}],"about":[{"href":"https:\/\/murerpoint.dk\/nl\/wp-json\/wp\/v2\/types\/product"}],"replies":[{"embeddable":true,"href":"https:\/\/murerpoint.dk\/nl\/wp-json\/wp\/v2\/comments?post=2476"}],"wp:featuredmedia":[{"embeddable":true,"href":"https:\/\/murerpoint.dk\/nl\/wp-json\/wp\/v2\/media\/2463"}],"wp:attachment":[{"href":"https:\/\/murerpoint.dk\/nl\/wp-json\/wp\/v2\/media?parent=2476"}],"wp:term":[{"taxonomy":"product_brand","embeddable":true,"href":"https:\/\/murerpoint.dk\/nl\/wp-json\/wp\/v2\/product_brand?post=2476"},{"taxonomy":"product_cat","embeddable":true,"href":"https:\/\/murerpoint.dk\/nl\/wp-json\/wp\/v2\/product_cat?post=2476"},{"taxonomy":"product_tag","embeddable":true,"href":"https:\/\/murerpoint.dk\/nl\/wp-json\/wp\/v2\/product_tag?post=2476"}],"curies":[{"name":"wp","href":"https:\/\/api.w.org\/{rel}","templated":true}]}}