{"id":3407,"date":"2024-04-30T11:51:43","date_gmt":"2024-04-30T11:51:43","guid":{"rendered":"https:\/\/murerpoint.dk\/product\/diamantkopsten-oe125mm-til-eibenstock-betonsliber\/"},"modified":"2024-05-05T12:28:48","modified_gmt":"2024-05-05T12:28:48","slug":"diamantslijpschijf-oe125-mm-voor-eibenstock-betonslijper","status":"publish","type":"product","link":"https:\/\/murerpoint.dk\/nl\/product\/diamantslijpschijf-oe125-mm-voor-eibenstock-betonslijper\/","title":{"rendered":"Diamantslijpschijf \u00d8125 mm voor EIBENSTOCK betonslijper"},"content":{"rendered":"<?xml encoding=\"utf-8\" ?><h5>Diamantslijpschijf &Oslash;125 mm voor EIBENSTOCK betonslijper EBS-serie en haakse slijper<\/h5><p>Ervaar een tijdperk van effici&euml;ntie en precisie met onze baanbrekende diamantslijpschijf &Oslash;125 mm, ontworpen voor de EIBENSTOCK betonslijper EBS-serie en standaard haakse slijpers. Deze diamantslijpschijf is niet zomaar een gereedschap &ndash; het is een technologische revolutie op het gebied van slijpen. Met geavanceerd vakmanschap en uitstekende duurzaamheid zal deze diamantslijpschijf uw slijpwerk naar nieuwe hoogten tillen.<\/p><p>De speciaal ontworpen diamantsegmenten zorgen voor een snellere en effici&euml;ntere slijpproces, terwijl ze de stofniveaus aanzienlijk verminderen. Of u nu werkt met natuursteen, beton, graniet of andere bouwmaterialen, deze diamantslijpschijf levert keer op keer uitstekende resultaten.<\/p><p>Met een gat van 22,2 mm kan deze diamantslijpschijf eenvoudig worden gemonteerd op zowel de EIBENSTOCK betonslijper EBS-serie als standaard haakse slijpers, waardoor u een uitstekende veelzijdigheid en flexibiliteit op de werkplek heeft. Voor optimale prestaties wordt aanbevolen om de diamantslijpschijf te gebruiken in combinatie met een aangesloten stofkap en stofzuiger, wat niet alleen uw werkplek schoner houdt, maar ook de levensduur van uw apparatuur verlengt. Stofkappen zijn te vinden onder het tabblad accessoires.<\/p><p><strong>Specificaties:<\/strong><\/p><ul>\n<li>Diameter: 125 mm<\/li>\n<li>Geschikt voor EIBENSTOCK betonslijper EBS-serie met 22,2 mm gat en standaard haakse slijpers<\/li>\n<li>Geschikt voor het slijpen van natuursteen, beton, graniet en diverse bouwmaterialen<\/li>\n<li>Diamantsegmenten van 6 mm hoogte voor verhoogde duurzaamheid en prestaties<\/li>\n<\/ul>\n","protected":false},"excerpt":{"rendered":"<h5>Diamantslijpschijf \u00d8125 mm voor EIBENSTOCK betonslijper EBS-serie en haakse slijper<\/h5>\n<p>Met een gat van 22,2 mm kan deze diamantslijpschijf eenvoudig worden gemonteerd op zowel de EIBENSTOCK betonslijper EBS-serie als standaard haakse slijpers, waardoor u een uitstekende veelzijdigheid en flexibiliteit op de werkplek heeft. Voor optimale prestaties wordt aanbevolen om de diamantslijpschijf te gebruiken in combinatie met een aangesloten stofkap en stofzuiger, wat niet alleen uw werkplek schoner houdt, maar ook de levensduur van uw apparatuur verlengt. Stofkappen zijn te vinden onder het tabblad accessoires.<\/p>\n<p><strong>Specificaties:<\/strong><\/p>\n<ul>\n<li>Diameter: 125 mm<\/li>\n<li>Geschikt voor EIBENSTOCK betonslijper EBS-serie met 22,2 mm gat en standaard haakse slijpers<\/li>\n<li>Geschikt voor het slijpen van natuursteen, beton, graniet en diverse bouwmaterialen<\/li>\n<li>Diamantsegmenten van 6 mm hoogte voor verhoogde duurzaamheid en prestaties<\/li>\n<\/ul>\n","protected":false},"featured_media":3259,"comment_status":"open","ping_status":"closed","template":"","meta":[],"product_brand":[],"product_cat":[1772,1222],"product_tag":[1939,1773,1774,2898],"class_list":{"0":"post-3407","1":"product","2":"type-product","3":"status-publish","4":"has-post-thumbnail","6":"product_cat-diamant-kopsten-nl","7":"product_cat-diamant-klinger-nl","8":"product_tag-concrete-nl","9":"product_tag-diamantkopsten-nl","10":"product_tag-kopsten-nl","11":"product_tag-googleads-nl","13":"first","14":"instock","15":"taxable","16":"shipping-taxable","17":"purchasable","18":"product-type-simple"},"yoast_head":"<!-- This site is optimized with the Yoast SEO plugin v27.4 - https:\/\/yoast.com\/product\/yoast-seo-wordpress\/ -->\n<title>Diamantslijpschijf \u00d8125 mm voor EIBENSTOCK betonslijper - Murerpoint ApS<\/title>\n<meta name=\"description\" content=\"Ervaar een tijdperk van effici\u00ebntie en precisie met onze baanbrekende diamantslijpschijf \u00d8125 mm, ontworpen voor de EIBENSTOCK betonslijper EBS-serie.\" \/>\n<meta name=\"robots\" content=\"index, follow, max-snippet:-1, max-image-preview:large, max-video-preview:-1\" \/>\n<link rel=\"canonical\" href=\"https:\/\/murerpoint.dk\/nl\/product\/diamantslijpschijf-oe125-mm-voor-eibenstock-betonslijper\/\" \/>\n<meta property=\"og:locale\" content=\"nl_NL\" \/>\n<meta property=\"og:type\" content=\"article\" \/>\n<meta property=\"og:title\" content=\"Diamantslijpschijf \u00d8125 mm voor EIBENSTOCK betonslijper - Murerpoint ApS\" \/>\n<meta property=\"og:description\" content=\"Ervaar een tijdperk van effici\u00ebntie en precisie met onze baanbrekende diamantslijpschijf \u00d8125 mm, ontworpen voor de EIBENSTOCK betonslijper EBS-serie.\" \/>\n<meta property=\"og:url\" content=\"https:\/\/murerpoint.dk\/nl\/product\/diamantslijpschijf-oe125-mm-voor-eibenstock-betonslijper\/\" \/>\n<meta property=\"og:site_name\" content=\"Murerpoint ApS\" \/>\n<meta property=\"article:publisher\" content=\"https:\/\/m.facebook.com\/profile.php?id=61555157262134\" \/>\n<meta property=\"article:modified_time\" content=\"2024-05-05T12:28:48+00:00\" \/>\n<meta property=\"og:image\" content=\"https:\/\/murerpoint.dk\/wp-content\/uploads\/2024\/04\/Diamantkopsten-Eibenstock-Oe125-front-scaled.jpg\" \/>\n\t<meta property=\"og:image:width\" content=\"1920\" \/>\n\t<meta property=\"og:image:height\" content=\"2560\" \/>\n\t<meta property=\"og:image:type\" content=\"image\/jpeg\" \/>\n<meta name=\"twitter:card\" content=\"summary_large_image\" \/>\n<meta name=\"twitter:label1\" content=\"Prijs\" \/>\n\t<meta name=\"twitter:data1\" content=\"&euro;39.48 Pris ekskl. moms: &euro;31.58\" \/>\n\t<meta name=\"twitter:label2\" content=\"Beschikbaarheid\" \/>\n\t<meta name=\"twitter:data2\" content=\"Op voorraad\" \/>\n<script type=\"application\/ld+json\" class=\"yoast-schema-graph\">{\"@context\":\"https:\\\/\\\/schema.org\",\"@graph\":[{\"@type\":\"WebPage\",\"@id\":\"https:\\\/\\\/murerpoint.dk\\\/nl\\\/product\\\/diamantslijpschijf-oe125-mm-voor-eibenstock-betonslijper\\\/\",\"url\":\"https:\\\/\\\/murerpoint.dk\\\/nl\\\/product\\\/diamantslijpschijf-oe125-mm-voor-eibenstock-betonslijper\\\/\",\"name\":\"Diamantslijpschijf \u00d8125 mm voor EIBENSTOCK betonslijper - Murerpoint ApS\",\"isPartOf\":{\"@id\":\"https:\\\/\\\/murerpoint.dk\\\/nl\\\/#website\"},\"primaryImageOfPage\":{\"@id\":\"https:\\\/\\\/murerpoint.dk\\\/nl\\\/product\\\/diamantslijpschijf-oe125-mm-voor-eibenstock-betonslijper\\\/#primaryimage\"},\"image\":{\"@id\":\"https:\\\/\\\/murerpoint.dk\\\/nl\\\/product\\\/diamantslijpschijf-oe125-mm-voor-eibenstock-betonslijper\\\/#primaryimage\"},\"thumbnailUrl\":\"https:\\\/\\\/murerpoint.dk\\\/wp-content\\\/uploads\\\/2024\\\/04\\\/Diamantkopsten-Eibenstock-Oe125-front-scaled.jpg\",\"datePublished\":\"2024-04-30T11:51:43+00:00\",\"dateModified\":\"2024-05-05T12:28:48+00:00\",\"description\":\"Ervaar een tijdperk van effici\u00ebntie en precisie met onze baanbrekende diamantslijpschijf \u00d8125 mm, ontworpen voor de EIBENSTOCK betonslijper EBS-serie.\",\"breadcrumb\":{\"@id\":\"https:\\\/\\\/murerpoint.dk\\\/nl\\\/product\\\/diamantslijpschijf-oe125-mm-voor-eibenstock-betonslijper\\\/#breadcrumb\"},\"inLanguage\":\"nl-NL\",\"potentialAction\":[{\"@type\":\"ReadAction\",\"target\":[\"https:\\\/\\\/murerpoint.dk\\\/nl\\\/product\\\/diamantslijpschijf-oe125-mm-voor-eibenstock-betonslijper\\\/\"]}]},{\"@type\":\"ImageObject\",\"inLanguage\":\"nl-NL\",\"@id\":\"https:\\\/\\\/murerpoint.dk\\\/nl\\\/product\\\/diamantslijpschijf-oe125-mm-voor-eibenstock-betonslijper\\\/#primaryimage\",\"url\":\"https:\\\/\\\/murerpoint.dk\\\/wp-content\\\/uploads\\\/2024\\\/04\\\/Diamantkopsten-Eibenstock-Oe125-front-scaled.jpg\",\"contentUrl\":\"https:\\\/\\\/murerpoint.dk\\\/wp-content\\\/uploads\\\/2024\\\/04\\\/Diamantkopsten-Eibenstock-Oe125-front-scaled.jpg\",\"width\":1920,\"height\":2560,\"caption\":\"Eibenstock \u00d8125 mm\"},{\"@type\":\"BreadcrumbList\",\"@id\":\"https:\\\/\\\/murerpoint.dk\\\/nl\\\/product\\\/diamantslijpschijf-oe125-mm-voor-eibenstock-betonslijper\\\/#breadcrumb\",\"itemListElement\":[{\"@type\":\"ListItem\",\"position\":1,\"name\":\"Hjem\",\"item\":\"https:\\\/\\\/murerpoint.dk\\\/nl\\\/\"},{\"@type\":\"ListItem\",\"position\":2,\"name\":\"SHOPPEN\",\"item\":\"https:\\\/\\\/murerpoint.dk\\\/nl\\\/shoppen\\\/\"},{\"@type\":\"ListItem\",\"position\":3,\"name\":\"Diamantslijpschijf \u00d8125 mm voor EIBENSTOCK betonslijper\"}]},{\"@type\":\"WebSite\",\"@id\":\"https:\\\/\\\/murerpoint.dk\\\/nl\\\/#website\",\"url\":\"https:\\\/\\\/murerpoint.dk\\\/nl\\\/\",\"name\":\"Murerpoint\",\"description\":\"kvalitets v\u00e6rkt\u00f8j\",\"publisher\":{\"@id\":\"https:\\\/\\\/murerpoint.dk\\\/nl\\\/#organization\"},\"potentialAction\":[{\"@type\":\"SearchAction\",\"target\":{\"@type\":\"EntryPoint\",\"urlTemplate\":\"https:\\\/\\\/murerpoint.dk\\\/nl\\\/?s={search_term_string}\"},\"query-input\":{\"@type\":\"PropertyValueSpecification\",\"valueRequired\":true,\"valueName\":\"search_term_string\"}}],\"inLanguage\":\"nl-NL\"},{\"@type\":\"Organization\",\"@id\":\"https:\\\/\\\/murerpoint.dk\\\/nl\\\/#organization\",\"name\":\"Murerpoint ApS\",\"url\":\"https:\\\/\\\/murerpoint.dk\\\/nl\\\/\",\"logo\":{\"@type\":\"ImageObject\",\"inLanguage\":\"nl-NL\",\"@id\":\"https:\\\/\\\/murerpoint.dk\\\/nl\\\/#\\\/schema\\\/logo\\\/image\\\/\",\"url\":\"https:\\\/\\\/murerpoint.dk\\\/wp-content\\\/uploads\\\/2023\\\/12\\\/cropped-Sort-Midt-Roed-Mursten.png\",\"contentUrl\":\"https:\\\/\\\/murerpoint.dk\\\/wp-content\\\/uploads\\\/2023\\\/12\\\/cropped-Sort-Midt-Roed-Mursten.png\",\"width\":512,\"height\":512,\"caption\":\"Murerpoint ApS\"},\"image\":{\"@id\":\"https:\\\/\\\/murerpoint.dk\\\/nl\\\/#\\\/schema\\\/logo\\\/image\\\/\"},\"sameAs\":[\"https:\\\/\\\/m.facebook.com\\\/profile.php?id=61555157262134\",\"https:\\\/\\\/www.instagram.com\\\/murerpoint?igsh=azluMWV6cTnc2ts&utm_source=qr\",\"https:\\\/\\\/www.tiktok.com\\\/@murerpoint?is_from_webapp=1&sender_device=pc\"]}]}<\/script>\n<meta property=\"product:price:amount\" content=\"39.48\" \/>\n<meta property=\"product:price:currency\" content=\"EUR\" \/>\n<meta property=\"og:availability\" content=\"instock\" \/>\n<meta property=\"product:availability\" content=\"instock\" \/>\n<meta property=\"product:retailer_item_id\" content=\"mp00061\" \/>\n<meta property=\"product:condition\" content=\"new\" \/>\n<!-- \/ Yoast SEO plugin. -->","yoast_head_json":{"title":"Diamantslijpschijf \u00d8125 mm voor EIBENSTOCK betonslijper - Murerpoint ApS","description":"Ervaar een tijdperk van effici\u00ebntie en precisie met onze baanbrekende diamantslijpschijf \u00d8125 mm, ontworpen voor de EIBENSTOCK betonslijper EBS-serie.","robots":{"index":"index","follow":"follow","max-snippet":"max-snippet:-1","max-image-preview":"max-image-preview:large","max-video-preview":"max-video-preview:-1"},"canonical":"https:\/\/murerpoint.dk\/nl\/product\/diamantslijpschijf-oe125-mm-voor-eibenstock-betonslijper\/","og_locale":"nl_NL","og_type":"article","og_title":"Diamantslijpschijf \u00d8125 mm voor EIBENSTOCK betonslijper - Murerpoint ApS","og_description":"Ervaar een tijdperk van effici\u00ebntie en precisie met onze baanbrekende diamantslijpschijf \u00d8125 mm, ontworpen voor de EIBENSTOCK betonslijper EBS-serie.","og_url":"https:\/\/murerpoint.dk\/nl\/product\/diamantslijpschijf-oe125-mm-voor-eibenstock-betonslijper\/","og_site_name":"Murerpoint ApS","article_publisher":"https:\/\/m.facebook.com\/profile.php?id=61555157262134","article_modified_time":"2024-05-05T12:28:48+00:00","og_image":[{"width":1920,"height":2560,"url":"https:\/\/murerpoint.dk\/wp-content\/uploads\/2024\/04\/Diamantkopsten-Eibenstock-Oe125-front-scaled.jpg","type":"image\/jpeg"}],"twitter_card":"summary_large_image","twitter_misc":{"Prijs":"&euro;39.48 Pris ekskl. moms: &euro;31.58","Beschikbaarheid":"Op voorraad"},"schema":{"@context":"https:\/\/schema.org","@graph":[{"@type":"WebPage","@id":"https:\/\/murerpoint.dk\/nl\/product\/diamantslijpschijf-oe125-mm-voor-eibenstock-betonslijper\/","url":"https:\/\/murerpoint.dk\/nl\/product\/diamantslijpschijf-oe125-mm-voor-eibenstock-betonslijper\/","name":"Diamantslijpschijf \u00d8125 mm voor EIBENSTOCK betonslijper - Murerpoint ApS","isPartOf":{"@id":"https:\/\/murerpoint.dk\/nl\/#website"},"primaryImageOfPage":{"@id":"https:\/\/murerpoint.dk\/nl\/product\/diamantslijpschijf-oe125-mm-voor-eibenstock-betonslijper\/#primaryimage"},"image":{"@id":"https:\/\/murerpoint.dk\/nl\/product\/diamantslijpschijf-oe125-mm-voor-eibenstock-betonslijper\/#primaryimage"},"thumbnailUrl":"https:\/\/murerpoint.dk\/wp-content\/uploads\/2024\/04\/Diamantkopsten-Eibenstock-Oe125-front-scaled.jpg","datePublished":"2024-04-30T11:51:43+00:00","dateModified":"2024-05-05T12:28:48+00:00","description":"Ervaar een tijdperk van effici\u00ebntie en precisie met onze baanbrekende diamantslijpschijf \u00d8125 mm, ontworpen voor de EIBENSTOCK betonslijper EBS-serie.","breadcrumb":{"@id":"https:\/\/murerpoint.dk\/nl\/product\/diamantslijpschijf-oe125-mm-voor-eibenstock-betonslijper\/#breadcrumb"},"inLanguage":"nl-NL","potentialAction":[{"@type":"ReadAction","target":["https:\/\/murerpoint.dk\/nl\/product\/diamantslijpschijf-oe125-mm-voor-eibenstock-betonslijper\/"]}]},{"@type":"ImageObject","inLanguage":"nl-NL","@id":"https:\/\/murerpoint.dk\/nl\/product\/diamantslijpschijf-oe125-mm-voor-eibenstock-betonslijper\/#primaryimage","url":"https:\/\/murerpoint.dk\/wp-content\/uploads\/2024\/04\/Diamantkopsten-Eibenstock-Oe125-front-scaled.jpg","contentUrl":"https:\/\/murerpoint.dk\/wp-content\/uploads\/2024\/04\/Diamantkopsten-Eibenstock-Oe125-front-scaled.jpg","width":1920,"height":2560,"caption":"Eibenstock \u00d8125 mm"},{"@type":"BreadcrumbList","@id":"https:\/\/murerpoint.dk\/nl\/product\/diamantslijpschijf-oe125-mm-voor-eibenstock-betonslijper\/#breadcrumb","itemListElement":[{"@type":"ListItem","position":1,"name":"Hjem","item":"https:\/\/murerpoint.dk\/nl\/"},{"@type":"ListItem","position":2,"name":"SHOPPEN","item":"https:\/\/murerpoint.dk\/nl\/shoppen\/"},{"@type":"ListItem","position":3,"name":"Diamantslijpschijf \u00d8125 mm voor EIBENSTOCK betonslijper"}]},{"@type":"WebSite","@id":"https:\/\/murerpoint.dk\/nl\/#website","url":"https:\/\/murerpoint.dk\/nl\/","name":"Murerpoint","description":"kvalitets v\u00e6rkt\u00f8j","publisher":{"@id":"https:\/\/murerpoint.dk\/nl\/#organization"},"potentialAction":[{"@type":"SearchAction","target":{"@type":"EntryPoint","urlTemplate":"https:\/\/murerpoint.dk\/nl\/?s={search_term_string}"},"query-input":{"@type":"PropertyValueSpecification","valueRequired":true,"valueName":"search_term_string"}}],"inLanguage":"nl-NL"},{"@type":"Organization","@id":"https:\/\/murerpoint.dk\/nl\/#organization","name":"Murerpoint ApS","url":"https:\/\/murerpoint.dk\/nl\/","logo":{"@type":"ImageObject","inLanguage":"nl-NL","@id":"https:\/\/murerpoint.dk\/nl\/#\/schema\/logo\/image\/","url":"https:\/\/murerpoint.dk\/wp-content\/uploads\/2023\/12\/cropped-Sort-Midt-Roed-Mursten.png","contentUrl":"https:\/\/murerpoint.dk\/wp-content\/uploads\/2023\/12\/cropped-Sort-Midt-Roed-Mursten.png","width":512,"height":512,"caption":"Murerpoint ApS"},"image":{"@id":"https:\/\/murerpoint.dk\/nl\/#\/schema\/logo\/image\/"},"sameAs":["https:\/\/m.facebook.com\/profile.php?id=61555157262134","https:\/\/www.instagram.com\/murerpoint?igsh=azluMWV6cTnc2ts&utm_source=qr","https:\/\/www.tiktok.com\/@murerpoint?is_from_webapp=1&sender_device=pc"]}]},"product_price_amount":"39.48","product_price_currency":"EUR","og_availability":"instock","product_availability":"instock","product_retailer_item_id":"mp00061","product_condition":"new"},"_links":{"self":[{"href":"https:\/\/murerpoint.dk\/nl\/wp-json\/wp\/v2\/product\/3407","targetHints":{"allow":["GET"]}}],"collection":[{"href":"https:\/\/murerpoint.dk\/nl\/wp-json\/wp\/v2\/product"}],"about":[{"href":"https:\/\/murerpoint.dk\/nl\/wp-json\/wp\/v2\/types\/product"}],"replies":[{"embeddable":true,"href":"https:\/\/murerpoint.dk\/nl\/wp-json\/wp\/v2\/comments?post=3407"}],"wp:featuredmedia":[{"embeddable":true,"href":"https:\/\/murerpoint.dk\/nl\/wp-json\/wp\/v2\/media\/3259"}],"wp:attachment":[{"href":"https:\/\/murerpoint.dk\/nl\/wp-json\/wp\/v2\/media?parent=3407"}],"wp:term":[{"taxonomy":"product_brand","embeddable":true,"href":"https:\/\/murerpoint.dk\/nl\/wp-json\/wp\/v2\/product_brand?post=3407"},{"taxonomy":"product_cat","embeddable":true,"href":"https:\/\/murerpoint.dk\/nl\/wp-json\/wp\/v2\/product_cat?post=3407"},{"taxonomy":"product_tag","embeddable":true,"href":"https:\/\/murerpoint.dk\/nl\/wp-json\/wp\/v2\/product_tag?post=3407"}],"curies":[{"name":"wp","href":"https:\/\/api.w.org\/{rel}","templated":true}]}}