{"id":3510,"date":"2024-01-02T09:00:59","date_gmt":"2024-01-02T09:00:59","guid":{"rendered":"https:\/\/murerpoint.dk\/product\/hjemmepoint-moertelfugepistol-til-goer-det-selv-folket\/"},"modified":"2024-10-22T13:30:37","modified_gmt":"2024-10-22T13:30:37","slug":"hjemmepoint-mortelpistool-voor-doe-het-zelf-liefhebbers","status":"publish","type":"product","link":"https:\/\/murerpoint.dk\/nl\/product\/hjemmepoint-mortelpistool-voor-doe-het-zelf-liefhebbers\/","title":{"rendered":"HjemmePoint Mortelpistool &#8211; Voor doe-het-zelf liefhebbers"},"content":{"rendered":"<?xml encoding=\"utf-8\" ?><h2>HjemmePoint Mortelpistool &ndash; Voor doe-het-zelf liefhebbers<\/h2><div class=\"flex-1 overflow-hidden\">\n<div class=\"react-scroll-to-bottom--css-sxzsi-79elbk h-full\">\n<div class=\"react-scroll-to-bottom--css-sxzsi-1n7m0yu\">\n<div class=\"flex flex-col text-sm pb-9\">\n<div class=\"w-full text-token-text-primary\" dir=\"auto\" data-testid=\"conversation-turn-143\" data-scroll-anchor=\"true\">\n<div class=\"py-2 px-3 text-base md:px-4 m-auto md:px-5 lg:px-1 xl:px-5\">\n<div class=\"mx-auto flex flex-1 gap-3 text-base juice:gap-4 juice:md:gap-6 md:max-w-3xl lg:max-w-[40rem] xl:max-w-[48rem]\">\n<div class=\"relative flex w-full min-w-0 flex-col agent-turn\">\n<div class=\"flex-col gap-1 md:gap-3\">\n<div class=\"flex flex-grow flex-col max-w-full\">\n<div class=\"min-h-[20px] text-message flex flex-col items-start whitespace-pre-wrap break-words [.text-message+&amp;]:mt-5 overflow-x-auto gap-3\" dir=\"auto\" data-message-author-role=\"assistant\" data-message-id=\"53d64b45-8f65-4ac6-b8e2-f5e5fbc215a0\">\n<div class=\"markdown prose w-full break-words dark:prose-invert light\">\n<p>Extreem betaalbare voegpistool<\/p>\n<p>Te monteren op een standaard boormachine<\/p>\n<p>De HjemmePoint m&oslash;rtelfugepistol is voor de doe-het-zelf vrouw of man die een stuk muur heeft dat opnieuw gevoegd moet worden en die graag een budgetmodel wil kopen voor een kleine klus.<\/p>\n<p>De HjemmePoint is een schroefgebaseerd voegpistool dat op een standaard boormachine wordt gemonteerd. Het is extreem eenvoudig te gebruiken. Samen met een boormachine van een bouwmarkt ben je voor minder dan &euro; 500 klaar. Vanwege het gewicht is een bedrade boormachine het meest ergonomisch. Aan de andere kant ben je met een accuboormachine handiger, vooral als je een steiger hebt opgezet en er moeilijk bereikbare voegen zijn die met mortel moeten worden gevuld.<\/p>\n<p>HjemmePoint werkt goed met zowel kuipmortel als zandslakmortel.<\/p>\n<p>De HjemmePoint voegpistool heeft een beperkte levensduur omdat de spiraalkamer en de spiraal slijten. Verwacht dus niet dat je met dit pistool honderden vierkante meters voegwerk kunt doen. Dan moet je investeren in de TrykPoint proff <a href=\"https:\/\/murerpoint.dk\/vare\/trykpoint-roed-trykluft-moertel-fugepistol\/\" target=\"_blank\" rel=\"noopener noreferrer\">https:\/\/murerpoint.dk\/vare\/trykpoint-roed-trykluft-moertel-fugepistol\/<\/a><\/p>\n<p>Als je 10-20 m2 te voegen hebt, moet je het volgende kopen:<\/p>\n<ul>\n<li>Hjemmepoint<\/li>\n<li>Een voegfrees die 1-2 mm kleiner is in diameter dan je voeg<\/li>\n<li>Een voegpers<\/li>\n<li>Eventueel 20 gram van ons GlipCO plasticiseringsmiddel<\/li>\n<\/ul>\n<p>Waarschijnlijk heb je zelf een haakse slijper en een boormachine, dus je bent aan de slag voor zeer beperkte kosten.<\/p>\n<\/div>\n<\/div>\n<\/div>\n<\/div>\n<\/div>\n<\/div>\n<\/div>\n<\/div>\n<\/div>\n<\/div>\n<\/div>\n<\/div>\n","protected":false},"excerpt":{"rendered":"<h2>HjemmePoint Mortelpistool &#8211; Voor doe-het-zelf liefhebbers<\/h2>\n<p>HjemmePoint is een schroefgebaseerd voegpistool dat wordt gemonteerd op een gewone boormachine. Wordt geleverd met 3 voegmondstukken en een handvat om onderaan het voegpistool te schroeven.<\/p>\n","protected":false},"featured_media":74,"comment_status":"open","ping_status":"closed","template":"","meta":[],"product_brand":[],"product_cat":[182],"product_tag":[985,667,866],"class_list":{"0":"post-3510","1":"product","2":"type-product","3":"status-publish","4":"has-post-thumbnail","6":"product_cat-mortelfugepistoler-nl","7":"product_tag-fugepistoltilmoertel-nl","8":"product_tag-moertelfugepistol-nl","9":"product_tag-mortelpistool-nl-2","11":"first","12":"instock","13":"taxable","14":"shipping-taxable","15":"purchasable","16":"product-type-simple"},"yoast_head":"<!-- This site is optimized with the Yoast SEO plugin v27.4 - https:\/\/yoast.com\/product\/yoast-seo-wordpress\/ -->\n<title>HjemmePoint Mortelpistool - Voor doe-het-zelf liefhebbers - Murerpoint ApS<\/title>\n<meta name=\"description\" content=\"HjemmePoint is een schroefgebaseerd voegpistool dat op een gewone boormachine wordt gemonteerd. Het is uiterst eenvoudig te gebruiken. Een budgetmodel.\" \/>\n<meta name=\"robots\" content=\"index, follow, max-snippet:-1, max-image-preview:large, max-video-preview:-1\" \/>\n<link rel=\"canonical\" href=\"https:\/\/murerpoint.dk\/nl\/product\/hjemmepoint-mortelpistool-voor-doe-het-zelf-liefhebbers\/\" \/>\n<meta property=\"og:locale\" content=\"nl_NL\" \/>\n<meta property=\"og:type\" content=\"article\" \/>\n<meta property=\"og:title\" content=\"HjemmePoint Mortelpistool - Voor doe-het-zelf liefhebbers - Murerpoint ApS\" \/>\n<meta property=\"og:description\" content=\"HjemmePoint is een schroefgebaseerd voegpistool dat op een gewone boormachine wordt gemonteerd. Het is uiterst eenvoudig te gebruiken. Een budgetmodel.\" \/>\n<meta property=\"og:url\" content=\"https:\/\/murerpoint.dk\/nl\/product\/hjemmepoint-mortelpistool-voor-doe-het-zelf-liefhebbers\/\" \/>\n<meta property=\"og:site_name\" content=\"Murerpoint ApS\" \/>\n<meta property=\"article:publisher\" content=\"https:\/\/m.facebook.com\/profile.php?id=61555157262134\" \/>\n<meta property=\"article:modified_time\" content=\"2024-10-22T13:30:37+00:00\" \/>\n<meta property=\"og:image\" content=\"https:\/\/murerpoint.dk\/wp-content\/uploads\/2024\/01\/billede_2024-01-02_100206253.png\" \/>\n\t<meta property=\"og:image:width\" content=\"1601\" \/>\n\t<meta property=\"og:image:height\" content=\"1601\" \/>\n\t<meta property=\"og:image:type\" content=\"image\/png\" \/>\n<meta name=\"twitter:card\" content=\"summary_large_image\" \/>\n<meta name=\"twitter:label1\" content=\"Prijs\" \/>\n\t<meta name=\"twitter:data1\" content=\"&euro;41.63 Pris ekskl. moms: &euro;33.30\" \/>\n\t<meta name=\"twitter:label2\" content=\"Beschikbaarheid\" \/>\n\t<meta name=\"twitter:data2\" content=\"Op voorraad\" \/>\n<script type=\"application\/ld+json\" class=\"yoast-schema-graph\">{\"@context\":\"https:\\\/\\\/schema.org\",\"@graph\":[{\"@type\":\"WebPage\",\"@id\":\"https:\\\/\\\/murerpoint.dk\\\/nl\\\/product\\\/hjemmepoint-mortelpistool-voor-doe-het-zelf-liefhebbers\\\/\",\"url\":\"https:\\\/\\\/murerpoint.dk\\\/nl\\\/product\\\/hjemmepoint-mortelpistool-voor-doe-het-zelf-liefhebbers\\\/\",\"name\":\"HjemmePoint Mortelpistool - Voor doe-het-zelf liefhebbers - Murerpoint ApS\",\"isPartOf\":{\"@id\":\"https:\\\/\\\/murerpoint.dk\\\/nl\\\/#website\"},\"primaryImageOfPage\":{\"@id\":\"https:\\\/\\\/murerpoint.dk\\\/nl\\\/product\\\/hjemmepoint-mortelpistool-voor-doe-het-zelf-liefhebbers\\\/#primaryimage\"},\"image\":{\"@id\":\"https:\\\/\\\/murerpoint.dk\\\/nl\\\/product\\\/hjemmepoint-mortelpistool-voor-doe-het-zelf-liefhebbers\\\/#primaryimage\"},\"thumbnailUrl\":\"https:\\\/\\\/murerpoint.dk\\\/wp-content\\\/uploads\\\/2024\\\/01\\\/billede_2024-01-02_100206253.png\",\"datePublished\":\"2024-01-02T09:00:59+00:00\",\"dateModified\":\"2024-10-22T13:30:37+00:00\",\"description\":\"HjemmePoint is een schroefgebaseerd voegpistool dat op een gewone boormachine wordt gemonteerd. Het is uiterst eenvoudig te gebruiken. Een budgetmodel.\",\"breadcrumb\":{\"@id\":\"https:\\\/\\\/murerpoint.dk\\\/nl\\\/product\\\/hjemmepoint-mortelpistool-voor-doe-het-zelf-liefhebbers\\\/#breadcrumb\"},\"inLanguage\":\"nl-NL\",\"potentialAction\":[{\"@type\":\"ReadAction\",\"target\":[\"https:\\\/\\\/murerpoint.dk\\\/nl\\\/product\\\/hjemmepoint-mortelpistool-voor-doe-het-zelf-liefhebbers\\\/\"]}]},{\"@type\":\"ImageObject\",\"inLanguage\":\"nl-NL\",\"@id\":\"https:\\\/\\\/murerpoint.dk\\\/nl\\\/product\\\/hjemmepoint-mortelpistool-voor-doe-het-zelf-liefhebbers\\\/#primaryimage\",\"url\":\"https:\\\/\\\/murerpoint.dk\\\/wp-content\\\/uploads\\\/2024\\\/01\\\/billede_2024-01-02_100206253.png\",\"contentUrl\":\"https:\\\/\\\/murerpoint.dk\\\/wp-content\\\/uploads\\\/2024\\\/01\\\/billede_2024-01-02_100206253.png\",\"width\":1601,\"height\":1601,\"caption\":\"Prisbillig og simpel m\u00f8rtelfugepistol til g\u00f8r-det-selv. Monteres p\u00e5 skruemaskine\"},{\"@type\":\"BreadcrumbList\",\"@id\":\"https:\\\/\\\/murerpoint.dk\\\/nl\\\/product\\\/hjemmepoint-mortelpistool-voor-doe-het-zelf-liefhebbers\\\/#breadcrumb\",\"itemListElement\":[{\"@type\":\"ListItem\",\"position\":1,\"name\":\"Hjem\",\"item\":\"https:\\\/\\\/murerpoint.dk\\\/nl\\\/\"},{\"@type\":\"ListItem\",\"position\":2,\"name\":\"SHOPPEN\",\"item\":\"https:\\\/\\\/murerpoint.dk\\\/nl\\\/shoppen\\\/\"},{\"@type\":\"ListItem\",\"position\":3,\"name\":\"HjemmePoint Mortelpistool &#8211; Voor doe-het-zelf liefhebbers\"}]},{\"@type\":\"WebSite\",\"@id\":\"https:\\\/\\\/murerpoint.dk\\\/nl\\\/#website\",\"url\":\"https:\\\/\\\/murerpoint.dk\\\/nl\\\/\",\"name\":\"Murerpoint\",\"description\":\"kvalitets v\u00e6rkt\u00f8j\",\"publisher\":{\"@id\":\"https:\\\/\\\/murerpoint.dk\\\/nl\\\/#organization\"},\"potentialAction\":[{\"@type\":\"SearchAction\",\"target\":{\"@type\":\"EntryPoint\",\"urlTemplate\":\"https:\\\/\\\/murerpoint.dk\\\/nl\\\/?s={search_term_string}\"},\"query-input\":{\"@type\":\"PropertyValueSpecification\",\"valueRequired\":true,\"valueName\":\"search_term_string\"}}],\"inLanguage\":\"nl-NL\"},{\"@type\":\"Organization\",\"@id\":\"https:\\\/\\\/murerpoint.dk\\\/nl\\\/#organization\",\"name\":\"Murerpoint ApS\",\"url\":\"https:\\\/\\\/murerpoint.dk\\\/nl\\\/\",\"logo\":{\"@type\":\"ImageObject\",\"inLanguage\":\"nl-NL\",\"@id\":\"https:\\\/\\\/murerpoint.dk\\\/nl\\\/#\\\/schema\\\/logo\\\/image\\\/\",\"url\":\"https:\\\/\\\/murerpoint.dk\\\/wp-content\\\/uploads\\\/2023\\\/12\\\/cropped-Sort-Midt-Roed-Mursten.png\",\"contentUrl\":\"https:\\\/\\\/murerpoint.dk\\\/wp-content\\\/uploads\\\/2023\\\/12\\\/cropped-Sort-Midt-Roed-Mursten.png\",\"width\":512,\"height\":512,\"caption\":\"Murerpoint ApS\"},\"image\":{\"@id\":\"https:\\\/\\\/murerpoint.dk\\\/nl\\\/#\\\/schema\\\/logo\\\/image\\\/\"},\"sameAs\":[\"https:\\\/\\\/m.facebook.com\\\/profile.php?id=61555157262134\",\"https:\\\/\\\/www.instagram.com\\\/murerpoint?igsh=azluMWV6cTnc2ts&utm_source=qr\",\"https:\\\/\\\/www.tiktok.com\\\/@murerpoint?is_from_webapp=1&sender_device=pc\"]}]}<\/script>\n<meta property=\"product:price:amount\" content=\"41.63\" \/>\n<meta property=\"product:price:currency\" content=\"EUR\" \/>\n<meta property=\"og:availability\" content=\"instock\" \/>\n<meta property=\"product:availability\" content=\"instock\" \/>\n<meta property=\"product:retailer_item_id\" content=\"MP007\" \/>\n<meta property=\"product:condition\" content=\"new\" \/>\n<!-- \/ Yoast SEO plugin. -->","yoast_head_json":{"title":"HjemmePoint Mortelpistool - Voor doe-het-zelf liefhebbers - Murerpoint ApS","description":"HjemmePoint is een schroefgebaseerd voegpistool dat op een gewone boormachine wordt gemonteerd. Het is uiterst eenvoudig te gebruiken. Een budgetmodel.","robots":{"index":"index","follow":"follow","max-snippet":"max-snippet:-1","max-image-preview":"max-image-preview:large","max-video-preview":"max-video-preview:-1"},"canonical":"https:\/\/murerpoint.dk\/nl\/product\/hjemmepoint-mortelpistool-voor-doe-het-zelf-liefhebbers\/","og_locale":"nl_NL","og_type":"article","og_title":"HjemmePoint Mortelpistool - Voor doe-het-zelf liefhebbers - Murerpoint ApS","og_description":"HjemmePoint is een schroefgebaseerd voegpistool dat op een gewone boormachine wordt gemonteerd. Het is uiterst eenvoudig te gebruiken. Een budgetmodel.","og_url":"https:\/\/murerpoint.dk\/nl\/product\/hjemmepoint-mortelpistool-voor-doe-het-zelf-liefhebbers\/","og_site_name":"Murerpoint ApS","article_publisher":"https:\/\/m.facebook.com\/profile.php?id=61555157262134","article_modified_time":"2024-10-22T13:30:37+00:00","og_image":[{"width":1601,"height":1601,"url":"https:\/\/murerpoint.dk\/wp-content\/uploads\/2024\/01\/billede_2024-01-02_100206253.png","type":"image\/png"}],"twitter_card":"summary_large_image","twitter_misc":{"Prijs":"&euro;41.63 Pris ekskl. moms: &euro;33.30","Beschikbaarheid":"Op voorraad"},"schema":{"@context":"https:\/\/schema.org","@graph":[{"@type":"WebPage","@id":"https:\/\/murerpoint.dk\/nl\/product\/hjemmepoint-mortelpistool-voor-doe-het-zelf-liefhebbers\/","url":"https:\/\/murerpoint.dk\/nl\/product\/hjemmepoint-mortelpistool-voor-doe-het-zelf-liefhebbers\/","name":"HjemmePoint Mortelpistool - Voor doe-het-zelf liefhebbers - Murerpoint ApS","isPartOf":{"@id":"https:\/\/murerpoint.dk\/nl\/#website"},"primaryImageOfPage":{"@id":"https:\/\/murerpoint.dk\/nl\/product\/hjemmepoint-mortelpistool-voor-doe-het-zelf-liefhebbers\/#primaryimage"},"image":{"@id":"https:\/\/murerpoint.dk\/nl\/product\/hjemmepoint-mortelpistool-voor-doe-het-zelf-liefhebbers\/#primaryimage"},"thumbnailUrl":"https:\/\/murerpoint.dk\/wp-content\/uploads\/2024\/01\/billede_2024-01-02_100206253.png","datePublished":"2024-01-02T09:00:59+00:00","dateModified":"2024-10-22T13:30:37+00:00","description":"HjemmePoint is een schroefgebaseerd voegpistool dat op een gewone boormachine wordt gemonteerd. Het is uiterst eenvoudig te gebruiken. Een budgetmodel.","breadcrumb":{"@id":"https:\/\/murerpoint.dk\/nl\/product\/hjemmepoint-mortelpistool-voor-doe-het-zelf-liefhebbers\/#breadcrumb"},"inLanguage":"nl-NL","potentialAction":[{"@type":"ReadAction","target":["https:\/\/murerpoint.dk\/nl\/product\/hjemmepoint-mortelpistool-voor-doe-het-zelf-liefhebbers\/"]}]},{"@type":"ImageObject","inLanguage":"nl-NL","@id":"https:\/\/murerpoint.dk\/nl\/product\/hjemmepoint-mortelpistool-voor-doe-het-zelf-liefhebbers\/#primaryimage","url":"https:\/\/murerpoint.dk\/wp-content\/uploads\/2024\/01\/billede_2024-01-02_100206253.png","contentUrl":"https:\/\/murerpoint.dk\/wp-content\/uploads\/2024\/01\/billede_2024-01-02_100206253.png","width":1601,"height":1601,"caption":"Prisbillig og simpel m\u00f8rtelfugepistol til g\u00f8r-det-selv. Monteres p\u00e5 skruemaskine"},{"@type":"BreadcrumbList","@id":"https:\/\/murerpoint.dk\/nl\/product\/hjemmepoint-mortelpistool-voor-doe-het-zelf-liefhebbers\/#breadcrumb","itemListElement":[{"@type":"ListItem","position":1,"name":"Hjem","item":"https:\/\/murerpoint.dk\/nl\/"},{"@type":"ListItem","position":2,"name":"SHOPPEN","item":"https:\/\/murerpoint.dk\/nl\/shoppen\/"},{"@type":"ListItem","position":3,"name":"HjemmePoint Mortelpistool &#8211; Voor doe-het-zelf liefhebbers"}]},{"@type":"WebSite","@id":"https:\/\/murerpoint.dk\/nl\/#website","url":"https:\/\/murerpoint.dk\/nl\/","name":"Murerpoint","description":"kvalitets v\u00e6rkt\u00f8j","publisher":{"@id":"https:\/\/murerpoint.dk\/nl\/#organization"},"potentialAction":[{"@type":"SearchAction","target":{"@type":"EntryPoint","urlTemplate":"https:\/\/murerpoint.dk\/nl\/?s={search_term_string}"},"query-input":{"@type":"PropertyValueSpecification","valueRequired":true,"valueName":"search_term_string"}}],"inLanguage":"nl-NL"},{"@type":"Organization","@id":"https:\/\/murerpoint.dk\/nl\/#organization","name":"Murerpoint ApS","url":"https:\/\/murerpoint.dk\/nl\/","logo":{"@type":"ImageObject","inLanguage":"nl-NL","@id":"https:\/\/murerpoint.dk\/nl\/#\/schema\/logo\/image\/","url":"https:\/\/murerpoint.dk\/wp-content\/uploads\/2023\/12\/cropped-Sort-Midt-Roed-Mursten.png","contentUrl":"https:\/\/murerpoint.dk\/wp-content\/uploads\/2023\/12\/cropped-Sort-Midt-Roed-Mursten.png","width":512,"height":512,"caption":"Murerpoint ApS"},"image":{"@id":"https:\/\/murerpoint.dk\/nl\/#\/schema\/logo\/image\/"},"sameAs":["https:\/\/m.facebook.com\/profile.php?id=61555157262134","https:\/\/www.instagram.com\/murerpoint?igsh=azluMWV6cTnc2ts&utm_source=qr","https:\/\/www.tiktok.com\/@murerpoint?is_from_webapp=1&sender_device=pc"]}]},"product_price_amount":"41.63","product_price_currency":"EUR","og_availability":"instock","product_availability":"instock","product_retailer_item_id":"MP007","product_condition":"new"},"_links":{"self":[{"href":"https:\/\/murerpoint.dk\/nl\/wp-json\/wp\/v2\/product\/3510","targetHints":{"allow":["GET"]}}],"collection":[{"href":"https:\/\/murerpoint.dk\/nl\/wp-json\/wp\/v2\/product"}],"about":[{"href":"https:\/\/murerpoint.dk\/nl\/wp-json\/wp\/v2\/types\/product"}],"replies":[{"embeddable":true,"href":"https:\/\/murerpoint.dk\/nl\/wp-json\/wp\/v2\/comments?post=3510"}],"wp:featuredmedia":[{"embeddable":true,"href":"https:\/\/murerpoint.dk\/nl\/wp-json\/wp\/v2\/media\/74"}],"wp:attachment":[{"href":"https:\/\/murerpoint.dk\/nl\/wp-json\/wp\/v2\/media?parent=3510"}],"wp:term":[{"taxonomy":"product_brand","embeddable":true,"href":"https:\/\/murerpoint.dk\/nl\/wp-json\/wp\/v2\/product_brand?post=3510"},{"taxonomy":"product_cat","embeddable":true,"href":"https:\/\/murerpoint.dk\/nl\/wp-json\/wp\/v2\/product_cat?post=3510"},{"taxonomy":"product_tag","embeddable":true,"href":"https:\/\/murerpoint.dk\/nl\/wp-json\/wp\/v2\/product_tag?post=3510"}],"curies":[{"name":"wp","href":"https:\/\/api.w.org\/{rel}","templated":true}]}}