{"id":3747,"date":"2024-05-13T09:31:30","date_gmt":"2024-05-13T09:31:30","guid":{"rendered":"https:\/\/murerpoint.dk\/product\/kombi-diamantskaereklinge-til-asfalt-og-beton-oe450\/"},"modified":"2024-05-14T10:56:13","modified_gmt":"2024-05-14T10:56:13","slug":"kombi-diamantzaagblad-voor-asfalt-en-beton-oe450","status":"publish","type":"product","link":"https:\/\/murerpoint.dk\/nl\/product\/kombi-diamantzaagblad-voor-asfalt-en-beton-oe450\/","title":{"rendered":"Kombi Diamantzaagblad voor asfalt en beton \u00d8450"},"content":{"rendered":"<?xml encoding=\"utf-8\" ?><div class=\"flex-1 overflow-hidden\">\n<div class=\"react-scroll-to-bottom--css-oidkc-79elbk h-full\">\n<div class=\"react-scroll-to-bottom--css-oidkc-1n7m0yu\">\n<div>\n<div class=\"flex flex-col text-sm pb-9\">\n<div class=\"w-full text-token-text-primary\" dir=\"auto\" data-testid=\"conversation-turn-435\" data-scroll-anchor=\"true\">\n<div class=\"py-2 px-3 text-base md:px-4 m-auto md:px-5 lg:px-1 xl:px-5\">\n<div class=\"mx-auto flex flex-1 gap-3 text-base juice:gap-4 juice:md:gap-6 md:max-w-3xl lg:max-w-[40rem] xl:max-w-[48rem]\">\n<div class=\"relative flex w-full min-w-0 flex-col agent-turn\">\n<div class=\"flex-col gap-1 md:gap-3\">\n<div class=\"flex flex-grow flex-col max-w-full\">\n<div class=\"min-h-[20px] text-message flex flex-col items-start whitespace-pre-wrap break-words [.text-message+&amp;]:mt-5 juice:w-full juice:items-end overflow-x-auto gap-3\" dir=\"auto\" data-message-author-role=\"assistant\" data-message-id=\"5cf39410-4e3f-46c4-bd01-ac8367be6ff7\">\n<div class=\"markdown prose w-full break-words dark:prose-invert light\">\n<h5>Kombi Diamantzaagblad voor asfalt en beton &Oslash;450<\/h5>\n<p>Optimaliseer uw zaagprojecten met ons diamantzaagblad voor asfalt en beton met stalen kern in de maat &Oslash;450 mm. Dit zaagblad combineert geavanceerde technologie met duurzaamheid en precisie om een effici&euml;nte zaagsnede op verschillende materialen en ondergronden te garanderen.<\/p>\n<p>Met laser- en turbosegmenten, evenals drie soorten diamantsegmenten, levert dit zaagblad een gelijkmatige en effici&euml;nte snede met hoge zaagsnelheid en lange levensduur. De ingebouwde koelopeningen en antivibratiegaten verlengen de levensduur van het zaagblad en zorgen voor een comfortabele werkomgeving.<\/p>\n<h5>Specificaties:<\/h5>\n<ul>\n<li>Diameter: &Oslash;350 mm, &Oslash;400 mm, &Oslash;450 mm, &Oslash;500 mm<\/li>\n<li>Segmenthoogte: 12 mm<\/li>\n<li>Zaagdiepte: 25,4 mm<\/li>\n<li>Toepassing: Asfalt, beton, gewapend beton, betonblokken, steen, graniet, marmer<\/li>\n<li>Zaagsnelheid: Hoog<\/li>\n<li>Duurzaamheid: Lange levensduur<\/li>\n<li>Segmenttypes: Lasersegmenten, turbosgmenten, vlakke segmenten<\/li>\n<li>Geschikt voor: De meeste gangbare vloer- en wegenzagen<\/li>\n<li>Middengat: 25,4 mm, te gebruiken met centerpen<\/li>\n<\/ul>\n<\/div>\n<\/div>\n<\/div>\n<div class=\"mt-1 flex gap-3 empty:hidden juice:-ml-3\"><\/div>\n<\/div>\n<\/div>\n<\/div>\n<\/div>\n<\/div>\n<\/div>\n<\/div>\n<\/div>\n<\/div>\n<\/div>\n","protected":false},"excerpt":{"rendered":"<h5>Kombi Diamantzaagblad voor asfalt en beton \u00d8450<\/h5>\n<p>Met laser- en turbosegmenten, evenals drie soorten diamantsegmenten, levert dit zaagblad een gelijkmatige en effici\u00ebnte snede met hoge zaagsnelheid en lange levensduur. De ingebouwde koelopeningen en antivibratiegaten verlengen de levensduur van het zaagblad en zorgen voor een comfortabele werkomgeving.<\/p>\n<h5>Specificaties:<\/h5>\n<ul>\n<li>Diameter: \u00d8350 mm, \u00d8400 mm, \u00d8450 mm, \u00d8500 mm<\/li>\n<li>Segmenthoogte: 12 mm<\/li>\n<li>Zaagdiepte: 25,4 mm<\/li>\n<li>Toepassing: Asfalt, beton, gewapend beton, betonblokken, steen, graniet, marmer<\/li>\n<li>Zaagsnelheid: Hoog<\/li>\n<li>Duurzaamheid: Lange levensduur<\/li>\n<li>Segmenttypes: Lasersegmenten, turbosgmenten, vlakke segmenten<\/li>\n<li>Geschikt voor: De meeste gangbare vloer- en wegenzagen<\/li>\n<li>Middengat: 25,4 mm, te gebruiken met centerpen<\/li>\n<\/ul>\n","protected":false},"featured_media":3733,"comment_status":"open","ping_status":"closed","template":"","meta":[],"product_brand":[],"product_cat":[1222],"product_tag":[2012,2013,2014,2015,2016,2017,2018,1223,2019,1939,1500,1224,1557,1501,1227,2020,2165,2021,2023,2024,2025,2026,2027,2028,2029,2030,2031,2032,2033,2034,2035,2036,2037,2038,2039,2040,2041,2042,2043,2044,2045,2046,2047,2048,2049],"class_list":{"0":"post-3747","1":"product","2":"type-product","3":"status-publish","4":"has-post-thumbnail","6":"product_cat-diamant-klinger-nl","7":"product_tag-asfalt-nl","8":"product_tag-asfaltenbeton-nl","9":"product_tag-asfaltochbetong-nl","10":"product_tag-asfaltogbeton-nl","11":"product_tag-asphalt-nl","12":"product_tag-asphaltandconcrete-nl","13":"product_tag-asphaltundbeton-nl","14":"product_tag-beton-nl","15":"product_tag-betong-nl","16":"product_tag-concrete-nl","17":"product_tag-diamantklinga-nl","18":"product_tag-diamantklinge-nl","19":"product_tag-diamantsaegeblatt-nl","20":"product_tag-diamantzaagblad-nl","21":"product_tag-diamondblade-nl","22":"product_tag-graniet-nl","23":"product_tag-granit-nl","24":"product_tag-granite-nl","25":"product_tag-laserblad-nl","26":"product_tag-laserblade-nl","27":"product_tag-laserblatt-nl","28":"product_tag-laserdiamantklinga-nl","29":"product_tag-laserdiamantklinge-nl","30":"product_tag-laserdiamantsaegeblatt-nl","31":"product_tag-laserdiamantzaagblad-nl","32":"product_tag-laserdiamondblade-nl","33":"product_tag-laserklinga-nl","34":"product_tag-laserklinge-nl","35":"product_tag-multicutting-nl","36":"product_tag-multischneiden-nl","37":"product_tag-multiskaering-nl","38":"product_tag-multiskaerning-nl","39":"product_tag-multisnijden-nl","40":"product_tag-stahl-nl","41":"product_tag-staal-nl","42":"product_tag-steel-nl","43":"product_tag-steen-nl","44":"product_tag-stein-nl","45":"product_tag-sten-nl","46":"product_tag-stone-nl","47":"product_tag-turboblad-nl","48":"product_tag-turboblade-nl","49":"product_tag-turboblatt-nl","50":"product_tag-turboklinga-nl","51":"product_tag-turboklinge-nl","53":"first","54":"instock","55":"taxable","56":"shipping-taxable","57":"purchasable","58":"product-type-simple"},"yoast_head":"<!-- This site is optimized with the Yoast SEO plugin v27.4 - https:\/\/yoast.com\/product\/yoast-seo-wordpress\/ -->\n<title>Kombi Diamantzaagblad voor asfalt en beton \u00d8450 - Murerpoint ApS<\/title>\n<meta name=\"description\" content=\"Med laser- en turbosegmenten, evenals drie soorten diamantsegmenten, biedt dit mes een gelijkmatige en effectieve snede met hoge snijsnelheid.\" \/>\n<meta name=\"robots\" content=\"index, follow, max-snippet:-1, max-image-preview:large, max-video-preview:-1\" \/>\n<link rel=\"canonical\" href=\"https:\/\/murerpoint.dk\/nl\/product\/kombi-diamantzaagblad-voor-asfalt-en-beton-oe450\/\" \/>\n<meta property=\"og:locale\" content=\"nl_NL\" \/>\n<meta property=\"og:type\" content=\"article\" \/>\n<meta property=\"og:title\" content=\"Kombi Diamantzaagblad voor asfalt en beton \u00d8450 - Murerpoint ApS\" \/>\n<meta property=\"og:description\" content=\"Med laser- en turbosegmenten, evenals drie soorten diamantsegmenten, biedt dit mes een gelijkmatige en effectieve snede met hoge snijsnelheid.\" \/>\n<meta property=\"og:url\" content=\"https:\/\/murerpoint.dk\/nl\/product\/kombi-diamantzaagblad-voor-asfalt-en-beton-oe450\/\" \/>\n<meta property=\"og:site_name\" content=\"Murerpoint ApS\" \/>\n<meta property=\"article:publisher\" content=\"https:\/\/m.facebook.com\/profile.php?id=61555157262134\" \/>\n<meta property=\"article:modified_time\" content=\"2024-05-14T10:56:13+00:00\" \/>\n<meta property=\"og:image\" content=\"https:\/\/murerpoint.dk\/wp-content\/uploads\/2024\/05\/Laser-turbe-damant-kombiklinge-front-719x1024.png\" \/>\n\t<meta property=\"og:image:width\" content=\"719\" \/>\n\t<meta property=\"og:image:height\" content=\"1024\" \/>\n\t<meta property=\"og:image:type\" content=\"image\/png\" \/>\n<meta name=\"twitter:card\" content=\"summary_large_image\" \/>\n<meta name=\"twitter:label1\" content=\"Prijs\" \/>\n\t<meta name=\"twitter:data1\" content=\"&euro;147.20 Pris ekskl. moms: &euro;117.76\" \/>\n\t<meta name=\"twitter:label2\" content=\"Beschikbaarheid\" \/>\n\t<meta name=\"twitter:data2\" content=\"Op voorraad\" \/>\n<script type=\"application\/ld+json\" class=\"yoast-schema-graph\">{\"@context\":\"https:\\\/\\\/schema.org\",\"@graph\":[{\"@type\":\"WebPage\",\"@id\":\"https:\\\/\\\/murerpoint.dk\\\/nl\\\/product\\\/kombi-diamantzaagblad-voor-asfalt-en-beton-oe450\\\/\",\"url\":\"https:\\\/\\\/murerpoint.dk\\\/nl\\\/product\\\/kombi-diamantzaagblad-voor-asfalt-en-beton-oe450\\\/\",\"name\":\"Kombi Diamantzaagblad voor asfalt en beton \u00d8450 - Murerpoint ApS\",\"isPartOf\":{\"@id\":\"https:\\\/\\\/murerpoint.dk\\\/nl\\\/#website\"},\"primaryImageOfPage\":{\"@id\":\"https:\\\/\\\/murerpoint.dk\\\/nl\\\/product\\\/kombi-diamantzaagblad-voor-asfalt-en-beton-oe450\\\/#primaryimage\"},\"image\":{\"@id\":\"https:\\\/\\\/murerpoint.dk\\\/nl\\\/product\\\/kombi-diamantzaagblad-voor-asfalt-en-beton-oe450\\\/#primaryimage\"},\"thumbnailUrl\":\"https:\\\/\\\/murerpoint.dk\\\/wp-content\\\/uploads\\\/2024\\\/05\\\/Laser-turbe-damant-kombiklinge-front.png\",\"datePublished\":\"2024-05-13T09:31:30+00:00\",\"dateModified\":\"2024-05-14T10:56:13+00:00\",\"description\":\"Med laser- en turbosegmenten, evenals drie soorten diamantsegmenten, biedt dit mes een gelijkmatige en effectieve snede met hoge snijsnelheid.\",\"breadcrumb\":{\"@id\":\"https:\\\/\\\/murerpoint.dk\\\/nl\\\/product\\\/kombi-diamantzaagblad-voor-asfalt-en-beton-oe450\\\/#breadcrumb\"},\"inLanguage\":\"nl-NL\",\"potentialAction\":[{\"@type\":\"ReadAction\",\"target\":[\"https:\\\/\\\/murerpoint.dk\\\/nl\\\/product\\\/kombi-diamantzaagblad-voor-asfalt-en-beton-oe450\\\/\"]}]},{\"@type\":\"ImageObject\",\"inLanguage\":\"nl-NL\",\"@id\":\"https:\\\/\\\/murerpoint.dk\\\/nl\\\/product\\\/kombi-diamantzaagblad-voor-asfalt-en-beton-oe450\\\/#primaryimage\",\"url\":\"https:\\\/\\\/murerpoint.dk\\\/wp-content\\\/uploads\\\/2024\\\/05\\\/Laser-turbe-damant-kombiklinge-front.png\",\"contentUrl\":\"https:\\\/\\\/murerpoint.dk\\\/wp-content\\\/uploads\\\/2024\\\/05\\\/Laser-turbe-damant-kombiklinge-front.png\",\"width\":2552,\"height\":3637,\"caption\":\"Multicut concrete & Asphalt \u00d8450, \u00d8400x25,40,12mm laser kombi klinge\"},{\"@type\":\"BreadcrumbList\",\"@id\":\"https:\\\/\\\/murerpoint.dk\\\/nl\\\/product\\\/kombi-diamantzaagblad-voor-asfalt-en-beton-oe450\\\/#breadcrumb\",\"itemListElement\":[{\"@type\":\"ListItem\",\"position\":1,\"name\":\"Hjem\",\"item\":\"https:\\\/\\\/murerpoint.dk\\\/nl\\\/\"},{\"@type\":\"ListItem\",\"position\":2,\"name\":\"SHOPPEN\",\"item\":\"https:\\\/\\\/murerpoint.dk\\\/nl\\\/shoppen\\\/\"},{\"@type\":\"ListItem\",\"position\":3,\"name\":\"Kombi Diamantzaagblad voor asfalt en beton \u00d8450\"}]},{\"@type\":\"WebSite\",\"@id\":\"https:\\\/\\\/murerpoint.dk\\\/nl\\\/#website\",\"url\":\"https:\\\/\\\/murerpoint.dk\\\/nl\\\/\",\"name\":\"Murerpoint\",\"description\":\"kvalitets v\u00e6rkt\u00f8j\",\"publisher\":{\"@id\":\"https:\\\/\\\/murerpoint.dk\\\/nl\\\/#organization\"},\"potentialAction\":[{\"@type\":\"SearchAction\",\"target\":{\"@type\":\"EntryPoint\",\"urlTemplate\":\"https:\\\/\\\/murerpoint.dk\\\/nl\\\/?s={search_term_string}\"},\"query-input\":{\"@type\":\"PropertyValueSpecification\",\"valueRequired\":true,\"valueName\":\"search_term_string\"}}],\"inLanguage\":\"nl-NL\"},{\"@type\":\"Organization\",\"@id\":\"https:\\\/\\\/murerpoint.dk\\\/nl\\\/#organization\",\"name\":\"Murerpoint ApS\",\"url\":\"https:\\\/\\\/murerpoint.dk\\\/nl\\\/\",\"logo\":{\"@type\":\"ImageObject\",\"inLanguage\":\"nl-NL\",\"@id\":\"https:\\\/\\\/murerpoint.dk\\\/nl\\\/#\\\/schema\\\/logo\\\/image\\\/\",\"url\":\"https:\\\/\\\/murerpoint.dk\\\/wp-content\\\/uploads\\\/2023\\\/12\\\/cropped-Sort-Midt-Roed-Mursten.png\",\"contentUrl\":\"https:\\\/\\\/murerpoint.dk\\\/wp-content\\\/uploads\\\/2023\\\/12\\\/cropped-Sort-Midt-Roed-Mursten.png\",\"width\":512,\"height\":512,\"caption\":\"Murerpoint ApS\"},\"image\":{\"@id\":\"https:\\\/\\\/murerpoint.dk\\\/nl\\\/#\\\/schema\\\/logo\\\/image\\\/\"},\"sameAs\":[\"https:\\\/\\\/m.facebook.com\\\/profile.php?id=61555157262134\",\"https:\\\/\\\/www.instagram.com\\\/murerpoint?igsh=azluMWV6cTnc2ts&utm_source=qr\",\"https:\\\/\\\/www.tiktok.com\\\/@murerpoint?is_from_webapp=1&sender_device=pc\"]}]}<\/script>\n<meta property=\"product:price:amount\" content=\"147.20\" \/>\n<meta property=\"product:price:currency\" content=\"EUR\" \/>\n<meta property=\"og:availability\" content=\"instock\" \/>\n<meta property=\"product:availability\" content=\"instock\" \/>\n<meta property=\"product:retailer_item_id\" content=\"mp00066\" \/>\n<meta property=\"product:condition\" content=\"new\" \/>\n<!-- \/ Yoast SEO plugin. -->","yoast_head_json":{"title":"Kombi Diamantzaagblad voor asfalt en beton \u00d8450 - Murerpoint ApS","description":"Med laser- en turbosegmenten, evenals drie soorten diamantsegmenten, biedt dit mes een gelijkmatige en effectieve snede met hoge snijsnelheid.","robots":{"index":"index","follow":"follow","max-snippet":"max-snippet:-1","max-image-preview":"max-image-preview:large","max-video-preview":"max-video-preview:-1"},"canonical":"https:\/\/murerpoint.dk\/nl\/product\/kombi-diamantzaagblad-voor-asfalt-en-beton-oe450\/","og_locale":"nl_NL","og_type":"article","og_title":"Kombi Diamantzaagblad voor asfalt en beton \u00d8450 - Murerpoint ApS","og_description":"Med laser- en turbosegmenten, evenals drie soorten diamantsegmenten, biedt dit mes een gelijkmatige en effectieve snede met hoge snijsnelheid.","og_url":"https:\/\/murerpoint.dk\/nl\/product\/kombi-diamantzaagblad-voor-asfalt-en-beton-oe450\/","og_site_name":"Murerpoint ApS","article_publisher":"https:\/\/m.facebook.com\/profile.php?id=61555157262134","article_modified_time":"2024-05-14T10:56:13+00:00","og_image":[{"width":719,"height":1024,"url":"https:\/\/murerpoint.dk\/wp-content\/uploads\/2024\/05\/Laser-turbe-damant-kombiklinge-front-719x1024.png","type":"image\/png"}],"twitter_card":"summary_large_image","twitter_misc":{"Prijs":"&euro;147.20 Pris ekskl. moms: &euro;117.76","Beschikbaarheid":"Op voorraad"},"schema":{"@context":"https:\/\/schema.org","@graph":[{"@type":"WebPage","@id":"https:\/\/murerpoint.dk\/nl\/product\/kombi-diamantzaagblad-voor-asfalt-en-beton-oe450\/","url":"https:\/\/murerpoint.dk\/nl\/product\/kombi-diamantzaagblad-voor-asfalt-en-beton-oe450\/","name":"Kombi Diamantzaagblad voor asfalt en beton \u00d8450 - Murerpoint ApS","isPartOf":{"@id":"https:\/\/murerpoint.dk\/nl\/#website"},"primaryImageOfPage":{"@id":"https:\/\/murerpoint.dk\/nl\/product\/kombi-diamantzaagblad-voor-asfalt-en-beton-oe450\/#primaryimage"},"image":{"@id":"https:\/\/murerpoint.dk\/nl\/product\/kombi-diamantzaagblad-voor-asfalt-en-beton-oe450\/#primaryimage"},"thumbnailUrl":"https:\/\/murerpoint.dk\/wp-content\/uploads\/2024\/05\/Laser-turbe-damant-kombiklinge-front.png","datePublished":"2024-05-13T09:31:30+00:00","dateModified":"2024-05-14T10:56:13+00:00","description":"Med laser- en turbosegmenten, evenals drie soorten diamantsegmenten, biedt dit mes een gelijkmatige en effectieve snede met hoge snijsnelheid.","breadcrumb":{"@id":"https:\/\/murerpoint.dk\/nl\/product\/kombi-diamantzaagblad-voor-asfalt-en-beton-oe450\/#breadcrumb"},"inLanguage":"nl-NL","potentialAction":[{"@type":"ReadAction","target":["https:\/\/murerpoint.dk\/nl\/product\/kombi-diamantzaagblad-voor-asfalt-en-beton-oe450\/"]}]},{"@type":"ImageObject","inLanguage":"nl-NL","@id":"https:\/\/murerpoint.dk\/nl\/product\/kombi-diamantzaagblad-voor-asfalt-en-beton-oe450\/#primaryimage","url":"https:\/\/murerpoint.dk\/wp-content\/uploads\/2024\/05\/Laser-turbe-damant-kombiklinge-front.png","contentUrl":"https:\/\/murerpoint.dk\/wp-content\/uploads\/2024\/05\/Laser-turbe-damant-kombiklinge-front.png","width":2552,"height":3637,"caption":"Multicut concrete & Asphalt \u00d8450, \u00d8400x25,40,12mm laser kombi klinge"},{"@type":"BreadcrumbList","@id":"https:\/\/murerpoint.dk\/nl\/product\/kombi-diamantzaagblad-voor-asfalt-en-beton-oe450\/#breadcrumb","itemListElement":[{"@type":"ListItem","position":1,"name":"Hjem","item":"https:\/\/murerpoint.dk\/nl\/"},{"@type":"ListItem","position":2,"name":"SHOPPEN","item":"https:\/\/murerpoint.dk\/nl\/shoppen\/"},{"@type":"ListItem","position":3,"name":"Kombi Diamantzaagblad voor asfalt en beton \u00d8450"}]},{"@type":"WebSite","@id":"https:\/\/murerpoint.dk\/nl\/#website","url":"https:\/\/murerpoint.dk\/nl\/","name":"Murerpoint","description":"kvalitets v\u00e6rkt\u00f8j","publisher":{"@id":"https:\/\/murerpoint.dk\/nl\/#organization"},"potentialAction":[{"@type":"SearchAction","target":{"@type":"EntryPoint","urlTemplate":"https:\/\/murerpoint.dk\/nl\/?s={search_term_string}"},"query-input":{"@type":"PropertyValueSpecification","valueRequired":true,"valueName":"search_term_string"}}],"inLanguage":"nl-NL"},{"@type":"Organization","@id":"https:\/\/murerpoint.dk\/nl\/#organization","name":"Murerpoint ApS","url":"https:\/\/murerpoint.dk\/nl\/","logo":{"@type":"ImageObject","inLanguage":"nl-NL","@id":"https:\/\/murerpoint.dk\/nl\/#\/schema\/logo\/image\/","url":"https:\/\/murerpoint.dk\/wp-content\/uploads\/2023\/12\/cropped-Sort-Midt-Roed-Mursten.png","contentUrl":"https:\/\/murerpoint.dk\/wp-content\/uploads\/2023\/12\/cropped-Sort-Midt-Roed-Mursten.png","width":512,"height":512,"caption":"Murerpoint ApS"},"image":{"@id":"https:\/\/murerpoint.dk\/nl\/#\/schema\/logo\/image\/"},"sameAs":["https:\/\/m.facebook.com\/profile.php?id=61555157262134","https:\/\/www.instagram.com\/murerpoint?igsh=azluMWV6cTnc2ts&utm_source=qr","https:\/\/www.tiktok.com\/@murerpoint?is_from_webapp=1&sender_device=pc"]}]},"product_price_amount":"147.20","product_price_currency":"EUR","og_availability":"instock","product_availability":"instock","product_retailer_item_id":"mp00066","product_condition":"new"},"_links":{"self":[{"href":"https:\/\/murerpoint.dk\/nl\/wp-json\/wp\/v2\/product\/3747","targetHints":{"allow":["GET"]}}],"collection":[{"href":"https:\/\/murerpoint.dk\/nl\/wp-json\/wp\/v2\/product"}],"about":[{"href":"https:\/\/murerpoint.dk\/nl\/wp-json\/wp\/v2\/types\/product"}],"replies":[{"embeddable":true,"href":"https:\/\/murerpoint.dk\/nl\/wp-json\/wp\/v2\/comments?post=3747"}],"wp:featuredmedia":[{"embeddable":true,"href":"https:\/\/murerpoint.dk\/nl\/wp-json\/wp\/v2\/media\/3733"}],"wp:attachment":[{"href":"https:\/\/murerpoint.dk\/nl\/wp-json\/wp\/v2\/media?parent=3747"}],"wp:term":[{"taxonomy":"product_brand","embeddable":true,"href":"https:\/\/murerpoint.dk\/nl\/wp-json\/wp\/v2\/product_brand?post=3747"},{"taxonomy":"product_cat","embeddable":true,"href":"https:\/\/murerpoint.dk\/nl\/wp-json\/wp\/v2\/product_cat?post=3747"},{"taxonomy":"product_tag","embeddable":true,"href":"https:\/\/murerpoint.dk\/nl\/wp-json\/wp\/v2\/product_tag?post=3747"}],"curies":[{"name":"wp","href":"https:\/\/api.w.org\/{rel}","templated":true}]}}