{"id":3753,"date":"2024-05-13T10:09:21","date_gmt":"2024-05-13T10:09:21","guid":{"rendered":"https:\/\/murerpoint.dk\/product\/kombi-diamantskaereklinge-til-asfalt-og-beton-oe500\/"},"modified":"2024-05-14T11:39:43","modified_gmt":"2024-05-14T11:39:43","slug":"kombi-diamantschijf-voor-asfalt-en-beton-oe500","status":"publish","type":"product","link":"https:\/\/murerpoint.dk\/nl\/product\/kombi-diamantschijf-voor-asfalt-en-beton-oe500\/","title":{"rendered":"Kombi Diamantschijf voor asfalt en beton \u00d8500"},"content":{"rendered":"<?xml encoding=\"utf-8\" ?><h5>Kombi Diamantschijf voor asfalt en beton &Oslash;500<\/h5><p>Optimaliseer uw snijprojecten met onze diamantschijf voor asfalt en beton met staal in de maat &Oslash;500 mm. Deze schijf combineert geavanceerde technologie met duurzaamheid en precisie om een effici&euml;nte snede op verschillende materialen en ondergronden te garanderen.<\/p><p>Met laser- en turbosegmenten en drie soorten diamantsegmenten levert deze schijf een gelijkmatige en effici&euml;nte snede met hoge snijsnelheid en lange levensduur. De ingebouwde koelopeningen en antivibratieopeningen verlengen de levensduur van de schijf en zorgen voor een comfortabele werkomgeving.<\/p><h5>Specificaties:<\/h5><ul>\n<li>Diameter: &Oslash;350 mm, &Oslash;400 mm, &Oslash;450 mm, &Oslash;500 mm<\/li>\n<li>Segmenthoogte: 12 mm<\/li>\n<li>Snijdiepte: 25,4 mm<\/li>\n<li>Toepassing: Asfalt, beton, gewapend beton, betonblokken, steen, graniet, marmer<\/li>\n<li>Snijsnelheid: Hoog<\/li>\n<li>Duurzaamheid: Lange levensduur<\/li>\n<li>Segmenttypen: Lasersegmenten, turbosegmenten, vlakke segmenten<\/li>\n<li>Geschikt voor: De meeste veelvoorkomende vloer- en wegenzagen<\/li>\n<li>Middengat: 25,4 mm, te gebruiken met centreerpen.<\/li>\n<\/ul>\n","protected":false},"excerpt":{"rendered":"<h5>Kombi Diamantschijf voor asfalt en beton \u00d8500<\/h5>\n<p>Met laser- en turbosegmenten en drie soorten diamantsegmenten levert deze schijf een gelijkmatige en effici\u00ebnte snede met hoge snijsnelheid en lange levensduur. De ingebouwde koelopeningen en antivibratieopeningen verlengen de levensduur van de schijf en zorgen voor een comfortabele werkomgeving.<\/p>\n<h5>Specificaties:<\/h5>\n<ul>\n<li>Diameter: \u00d8350 mm, \u00d8400 mm, \u00d8450 mm, \u00d8500 mm<\/li>\n<li>Segmenthoogte: 12 mm<\/li>\n<li>Snijdiepte: 25,4 mm<\/li>\n<li>Toepassing: Asfalt, beton, gewapend beton, betonblokken, steen, graniet, marmer<\/li>\n<li>Snijsnelheid: Hoog<\/li>\n<li>Duurzaamheid: Lange levensduur<\/li>\n<li>Segmenttypen: Lasersegmenten, turbosegmenten, vlakke segmenten<\/li>\n<li>Geschikt voor: De meeste veelvoorkomende vloer- en wegenzagen<\/li>\n<li>Middengat: 25,4 mm, te gebruiken met centreerpen.<\/li>\n<\/ul>\n","protected":false},"featured_media":3763,"comment_status":"open","ping_status":"closed","template":"","meta":[],"product_brand":[],"product_cat":[1222],"product_tag":[2012,2013,2014,2015,2016,2017,2018,1223,2019,1939,1500,1224,1557,1501,1227,2020,2165,2021,2023,2024,2025,2026,2027,2028,2029,2030,2031,2032,2033,2034,2035,2036,2037,2038,2039,2040,2041,2042,2043,2044,2045,2046,2047,2048,2049],"class_list":{"0":"post-3753","1":"product","2":"type-product","3":"status-publish","4":"has-post-thumbnail","6":"product_cat-diamant-klinger-nl","7":"product_tag-asfalt-nl","8":"product_tag-asfaltenbeton-nl","9":"product_tag-asfaltochbetong-nl","10":"product_tag-asfaltogbeton-nl","11":"product_tag-asphalt-nl","12":"product_tag-asphaltandconcrete-nl","13":"product_tag-asphaltundbeton-nl","14":"product_tag-beton-nl","15":"product_tag-betong-nl","16":"product_tag-concrete-nl","17":"product_tag-diamantklinga-nl","18":"product_tag-diamantklinge-nl","19":"product_tag-diamantsaegeblatt-nl","20":"product_tag-diamantzaagblad-nl","21":"product_tag-diamondblade-nl","22":"product_tag-graniet-nl","23":"product_tag-granit-nl","24":"product_tag-granite-nl","25":"product_tag-laserblad-nl","26":"product_tag-laserblade-nl","27":"product_tag-laserblatt-nl","28":"product_tag-laserdiamantklinga-nl","29":"product_tag-laserdiamantklinge-nl","30":"product_tag-laserdiamantsaegeblatt-nl","31":"product_tag-laserdiamantzaagblad-nl","32":"product_tag-laserdiamondblade-nl","33":"product_tag-laserklinga-nl","34":"product_tag-laserklinge-nl","35":"product_tag-multicutting-nl","36":"product_tag-multischneiden-nl","37":"product_tag-multiskaering-nl","38":"product_tag-multiskaerning-nl","39":"product_tag-multisnijden-nl","40":"product_tag-stahl-nl","41":"product_tag-staal-nl","42":"product_tag-steel-nl","43":"product_tag-steen-nl","44":"product_tag-stein-nl","45":"product_tag-sten-nl","46":"product_tag-stone-nl","47":"product_tag-turboblad-nl","48":"product_tag-turboblade-nl","49":"product_tag-turboblatt-nl","50":"product_tag-turboklinga-nl","51":"product_tag-turboklinge-nl","53":"first","54":"instock","55":"taxable","56":"shipping-taxable","57":"purchasable","58":"product-type-simple"},"yoast_head":"<!-- This site is optimized with the Yoast SEO plugin v27.4 - https:\/\/yoast.com\/product\/yoast-seo-wordpress\/ -->\n<title>Kombi Diamantschijf voor asfalt en beton \u00d8500 - Murerpoint ApS<\/title>\n<meta name=\"description\" content=\"Met laser- en turboschijven en drie soorten diamantsegmenten levert dit mes een gelijkmatige snede met hoge snijsnelheid.\" \/>\n<meta name=\"robots\" content=\"index, follow, max-snippet:-1, max-image-preview:large, max-video-preview:-1\" \/>\n<link rel=\"canonical\" href=\"https:\/\/murerpoint.dk\/nl\/product\/kombi-diamantschijf-voor-asfalt-en-beton-oe500\/\" \/>\n<meta property=\"og:locale\" content=\"nl_NL\" \/>\n<meta property=\"og:type\" content=\"article\" \/>\n<meta property=\"og:title\" content=\"Kombi Diamantschijf voor asfalt en beton \u00d8500 - Murerpoint ApS\" \/>\n<meta property=\"og:description\" content=\"Met laser- en turboschijven en drie soorten diamantsegmenten levert dit mes een gelijkmatige snede met hoge snijsnelheid.\" \/>\n<meta property=\"og:url\" content=\"https:\/\/murerpoint.dk\/nl\/product\/kombi-diamantschijf-voor-asfalt-en-beton-oe500\/\" \/>\n<meta property=\"og:site_name\" content=\"Murerpoint ApS\" \/>\n<meta property=\"article:publisher\" content=\"https:\/\/m.facebook.com\/profile.php?id=61555157262134\" \/>\n<meta property=\"article:modified_time\" content=\"2024-05-14T11:39:43+00:00\" \/>\n<meta property=\"og:image\" content=\"https:\/\/murerpoint.dk\/wp-content\/uploads\/2024\/05\/Oe500-kombi-diamantklinge-laser-turbo-1-1024x999.png\" \/>\n\t<meta property=\"og:image:width\" content=\"1024\" \/>\n\t<meta property=\"og:image:height\" content=\"999\" \/>\n\t<meta property=\"og:image:type\" content=\"image\/png\" \/>\n<meta name=\"twitter:card\" content=\"summary_large_image\" \/>\n<meta name=\"twitter:label1\" content=\"Prijs\" \/>\n\t<meta name=\"twitter:data1\" content=\"&euro;173.96 Pris ekskl. moms: &euro;139.17\" \/>\n\t<meta name=\"twitter:label2\" content=\"Beschikbaarheid\" \/>\n\t<meta name=\"twitter:data2\" content=\"Op voorraad\" \/>\n<script type=\"application\/ld+json\" class=\"yoast-schema-graph\">{\"@context\":\"https:\\\/\\\/schema.org\",\"@graph\":[{\"@type\":\"WebPage\",\"@id\":\"https:\\\/\\\/murerpoint.dk\\\/nl\\\/product\\\/kombi-diamantschijf-voor-asfalt-en-beton-oe500\\\/\",\"url\":\"https:\\\/\\\/murerpoint.dk\\\/nl\\\/product\\\/kombi-diamantschijf-voor-asfalt-en-beton-oe500\\\/\",\"name\":\"Kombi Diamantschijf voor asfalt en beton \u00d8500 - Murerpoint ApS\",\"isPartOf\":{\"@id\":\"https:\\\/\\\/murerpoint.dk\\\/nl\\\/#website\"},\"primaryImageOfPage\":{\"@id\":\"https:\\\/\\\/murerpoint.dk\\\/nl\\\/product\\\/kombi-diamantschijf-voor-asfalt-en-beton-oe500\\\/#primaryimage\"},\"image\":{\"@id\":\"https:\\\/\\\/murerpoint.dk\\\/nl\\\/product\\\/kombi-diamantschijf-voor-asfalt-en-beton-oe500\\\/#primaryimage\"},\"thumbnailUrl\":\"https:\\\/\\\/murerpoint.dk\\\/wp-content\\\/uploads\\\/2024\\\/05\\\/Oe500-kombi-diamantklinge-laser-turbo-1.png\",\"datePublished\":\"2024-05-13T10:09:21+00:00\",\"dateModified\":\"2024-05-14T11:39:43+00:00\",\"description\":\"Met laser- en turboschijven en drie soorten diamantsegmenten levert dit mes een gelijkmatige snede met hoge snijsnelheid.\",\"breadcrumb\":{\"@id\":\"https:\\\/\\\/murerpoint.dk\\\/nl\\\/product\\\/kombi-diamantschijf-voor-asfalt-en-beton-oe500\\\/#breadcrumb\"},\"inLanguage\":\"nl-NL\",\"potentialAction\":[{\"@type\":\"ReadAction\",\"target\":[\"https:\\\/\\\/murerpoint.dk\\\/nl\\\/product\\\/kombi-diamantschijf-voor-asfalt-en-beton-oe500\\\/\"]}]},{\"@type\":\"ImageObject\",\"inLanguage\":\"nl-NL\",\"@id\":\"https:\\\/\\\/murerpoint.dk\\\/nl\\\/product\\\/kombi-diamantschijf-voor-asfalt-en-beton-oe500\\\/#primaryimage\",\"url\":\"https:\\\/\\\/murerpoint.dk\\\/wp-content\\\/uploads\\\/2024\\\/05\\\/Oe500-kombi-diamantklinge-laser-turbo-1.png\",\"contentUrl\":\"https:\\\/\\\/murerpoint.dk\\\/wp-content\\\/uploads\\\/2024\\\/05\\\/Oe500-kombi-diamantklinge-laser-turbo-1.png\",\"width\":1726,\"height\":1684,\"caption\":\"Multicut concrete & Asphalt \u00d8500\"},{\"@type\":\"BreadcrumbList\",\"@id\":\"https:\\\/\\\/murerpoint.dk\\\/nl\\\/product\\\/kombi-diamantschijf-voor-asfalt-en-beton-oe500\\\/#breadcrumb\",\"itemListElement\":[{\"@type\":\"ListItem\",\"position\":1,\"name\":\"Hjem\",\"item\":\"https:\\\/\\\/murerpoint.dk\\\/nl\\\/\"},{\"@type\":\"ListItem\",\"position\":2,\"name\":\"SHOPPEN\",\"item\":\"https:\\\/\\\/murerpoint.dk\\\/nl\\\/shoppen\\\/\"},{\"@type\":\"ListItem\",\"position\":3,\"name\":\"Kombi Diamantschijf voor asfalt en beton \u00d8500\"}]},{\"@type\":\"WebSite\",\"@id\":\"https:\\\/\\\/murerpoint.dk\\\/nl\\\/#website\",\"url\":\"https:\\\/\\\/murerpoint.dk\\\/nl\\\/\",\"name\":\"Murerpoint\",\"description\":\"kvalitets v\u00e6rkt\u00f8j\",\"publisher\":{\"@id\":\"https:\\\/\\\/murerpoint.dk\\\/nl\\\/#organization\"},\"potentialAction\":[{\"@type\":\"SearchAction\",\"target\":{\"@type\":\"EntryPoint\",\"urlTemplate\":\"https:\\\/\\\/murerpoint.dk\\\/nl\\\/?s={search_term_string}\"},\"query-input\":{\"@type\":\"PropertyValueSpecification\",\"valueRequired\":true,\"valueName\":\"search_term_string\"}}],\"inLanguage\":\"nl-NL\"},{\"@type\":\"Organization\",\"@id\":\"https:\\\/\\\/murerpoint.dk\\\/nl\\\/#organization\",\"name\":\"Murerpoint ApS\",\"url\":\"https:\\\/\\\/murerpoint.dk\\\/nl\\\/\",\"logo\":{\"@type\":\"ImageObject\",\"inLanguage\":\"nl-NL\",\"@id\":\"https:\\\/\\\/murerpoint.dk\\\/nl\\\/#\\\/schema\\\/logo\\\/image\\\/\",\"url\":\"https:\\\/\\\/murerpoint.dk\\\/wp-content\\\/uploads\\\/2023\\\/12\\\/cropped-Sort-Midt-Roed-Mursten.png\",\"contentUrl\":\"https:\\\/\\\/murerpoint.dk\\\/wp-content\\\/uploads\\\/2023\\\/12\\\/cropped-Sort-Midt-Roed-Mursten.png\",\"width\":512,\"height\":512,\"caption\":\"Murerpoint ApS\"},\"image\":{\"@id\":\"https:\\\/\\\/murerpoint.dk\\\/nl\\\/#\\\/schema\\\/logo\\\/image\\\/\"},\"sameAs\":[\"https:\\\/\\\/m.facebook.com\\\/profile.php?id=61555157262134\",\"https:\\\/\\\/www.instagram.com\\\/murerpoint?igsh=azluMWV6cTnc2ts&utm_source=qr\",\"https:\\\/\\\/www.tiktok.com\\\/@murerpoint?is_from_webapp=1&sender_device=pc\"]}]}<\/script>\n<meta property=\"product:price:amount\" content=\"173.96\" \/>\n<meta property=\"product:price:currency\" content=\"EUR\" \/>\n<meta property=\"og:availability\" content=\"instock\" \/>\n<meta property=\"product:availability\" content=\"instock\" \/>\n<meta property=\"product:retailer_item_id\" content=\"mp00067\" \/>\n<meta property=\"product:condition\" content=\"new\" \/>\n<!-- \/ Yoast SEO plugin. -->","yoast_head_json":{"title":"Kombi Diamantschijf voor asfalt en beton \u00d8500 - Murerpoint ApS","description":"Met laser- en turboschijven en drie soorten diamantsegmenten levert dit mes een gelijkmatige snede met hoge snijsnelheid.","robots":{"index":"index","follow":"follow","max-snippet":"max-snippet:-1","max-image-preview":"max-image-preview:large","max-video-preview":"max-video-preview:-1"},"canonical":"https:\/\/murerpoint.dk\/nl\/product\/kombi-diamantschijf-voor-asfalt-en-beton-oe500\/","og_locale":"nl_NL","og_type":"article","og_title":"Kombi Diamantschijf voor asfalt en beton \u00d8500 - Murerpoint ApS","og_description":"Met laser- en turboschijven en drie soorten diamantsegmenten levert dit mes een gelijkmatige snede met hoge snijsnelheid.","og_url":"https:\/\/murerpoint.dk\/nl\/product\/kombi-diamantschijf-voor-asfalt-en-beton-oe500\/","og_site_name":"Murerpoint ApS","article_publisher":"https:\/\/m.facebook.com\/profile.php?id=61555157262134","article_modified_time":"2024-05-14T11:39:43+00:00","og_image":[{"width":1024,"height":999,"url":"https:\/\/murerpoint.dk\/wp-content\/uploads\/2024\/05\/Oe500-kombi-diamantklinge-laser-turbo-1-1024x999.png","type":"image\/png"}],"twitter_card":"summary_large_image","twitter_misc":{"Prijs":"&euro;173.96 Pris ekskl. moms: &euro;139.17","Beschikbaarheid":"Op voorraad"},"schema":{"@context":"https:\/\/schema.org","@graph":[{"@type":"WebPage","@id":"https:\/\/murerpoint.dk\/nl\/product\/kombi-diamantschijf-voor-asfalt-en-beton-oe500\/","url":"https:\/\/murerpoint.dk\/nl\/product\/kombi-diamantschijf-voor-asfalt-en-beton-oe500\/","name":"Kombi Diamantschijf voor asfalt en beton \u00d8500 - Murerpoint ApS","isPartOf":{"@id":"https:\/\/murerpoint.dk\/nl\/#website"},"primaryImageOfPage":{"@id":"https:\/\/murerpoint.dk\/nl\/product\/kombi-diamantschijf-voor-asfalt-en-beton-oe500\/#primaryimage"},"image":{"@id":"https:\/\/murerpoint.dk\/nl\/product\/kombi-diamantschijf-voor-asfalt-en-beton-oe500\/#primaryimage"},"thumbnailUrl":"https:\/\/murerpoint.dk\/wp-content\/uploads\/2024\/05\/Oe500-kombi-diamantklinge-laser-turbo-1.png","datePublished":"2024-05-13T10:09:21+00:00","dateModified":"2024-05-14T11:39:43+00:00","description":"Met laser- en turboschijven en drie soorten diamantsegmenten levert dit mes een gelijkmatige snede met hoge snijsnelheid.","breadcrumb":{"@id":"https:\/\/murerpoint.dk\/nl\/product\/kombi-diamantschijf-voor-asfalt-en-beton-oe500\/#breadcrumb"},"inLanguage":"nl-NL","potentialAction":[{"@type":"ReadAction","target":["https:\/\/murerpoint.dk\/nl\/product\/kombi-diamantschijf-voor-asfalt-en-beton-oe500\/"]}]},{"@type":"ImageObject","inLanguage":"nl-NL","@id":"https:\/\/murerpoint.dk\/nl\/product\/kombi-diamantschijf-voor-asfalt-en-beton-oe500\/#primaryimage","url":"https:\/\/murerpoint.dk\/wp-content\/uploads\/2024\/05\/Oe500-kombi-diamantklinge-laser-turbo-1.png","contentUrl":"https:\/\/murerpoint.dk\/wp-content\/uploads\/2024\/05\/Oe500-kombi-diamantklinge-laser-turbo-1.png","width":1726,"height":1684,"caption":"Multicut concrete & Asphalt \u00d8500"},{"@type":"BreadcrumbList","@id":"https:\/\/murerpoint.dk\/nl\/product\/kombi-diamantschijf-voor-asfalt-en-beton-oe500\/#breadcrumb","itemListElement":[{"@type":"ListItem","position":1,"name":"Hjem","item":"https:\/\/murerpoint.dk\/nl\/"},{"@type":"ListItem","position":2,"name":"SHOPPEN","item":"https:\/\/murerpoint.dk\/nl\/shoppen\/"},{"@type":"ListItem","position":3,"name":"Kombi Diamantschijf voor asfalt en beton \u00d8500"}]},{"@type":"WebSite","@id":"https:\/\/murerpoint.dk\/nl\/#website","url":"https:\/\/murerpoint.dk\/nl\/","name":"Murerpoint","description":"kvalitets v\u00e6rkt\u00f8j","publisher":{"@id":"https:\/\/murerpoint.dk\/nl\/#organization"},"potentialAction":[{"@type":"SearchAction","target":{"@type":"EntryPoint","urlTemplate":"https:\/\/murerpoint.dk\/nl\/?s={search_term_string}"},"query-input":{"@type":"PropertyValueSpecification","valueRequired":true,"valueName":"search_term_string"}}],"inLanguage":"nl-NL"},{"@type":"Organization","@id":"https:\/\/murerpoint.dk\/nl\/#organization","name":"Murerpoint ApS","url":"https:\/\/murerpoint.dk\/nl\/","logo":{"@type":"ImageObject","inLanguage":"nl-NL","@id":"https:\/\/murerpoint.dk\/nl\/#\/schema\/logo\/image\/","url":"https:\/\/murerpoint.dk\/wp-content\/uploads\/2023\/12\/cropped-Sort-Midt-Roed-Mursten.png","contentUrl":"https:\/\/murerpoint.dk\/wp-content\/uploads\/2023\/12\/cropped-Sort-Midt-Roed-Mursten.png","width":512,"height":512,"caption":"Murerpoint ApS"},"image":{"@id":"https:\/\/murerpoint.dk\/nl\/#\/schema\/logo\/image\/"},"sameAs":["https:\/\/m.facebook.com\/profile.php?id=61555157262134","https:\/\/www.instagram.com\/murerpoint?igsh=azluMWV6cTnc2ts&utm_source=qr","https:\/\/www.tiktok.com\/@murerpoint?is_from_webapp=1&sender_device=pc"]}]},"product_price_amount":"173.96","product_price_currency":"EUR","og_availability":"instock","product_availability":"instock","product_retailer_item_id":"mp00067","product_condition":"new"},"_links":{"self":[{"href":"https:\/\/murerpoint.dk\/nl\/wp-json\/wp\/v2\/product\/3753","targetHints":{"allow":["GET"]}}],"collection":[{"href":"https:\/\/murerpoint.dk\/nl\/wp-json\/wp\/v2\/product"}],"about":[{"href":"https:\/\/murerpoint.dk\/nl\/wp-json\/wp\/v2\/types\/product"}],"replies":[{"embeddable":true,"href":"https:\/\/murerpoint.dk\/nl\/wp-json\/wp\/v2\/comments?post=3753"}],"wp:featuredmedia":[{"embeddable":true,"href":"https:\/\/murerpoint.dk\/nl\/wp-json\/wp\/v2\/media\/3763"}],"wp:attachment":[{"href":"https:\/\/murerpoint.dk\/nl\/wp-json\/wp\/v2\/media?parent=3753"}],"wp:term":[{"taxonomy":"product_brand","embeddable":true,"href":"https:\/\/murerpoint.dk\/nl\/wp-json\/wp\/v2\/product_brand?post=3753"},{"taxonomy":"product_cat","embeddable":true,"href":"https:\/\/murerpoint.dk\/nl\/wp-json\/wp\/v2\/product_cat?post=3753"},{"taxonomy":"product_tag","embeddable":true,"href":"https:\/\/murerpoint.dk\/nl\/wp-json\/wp\/v2\/product_tag?post=3753"}],"curies":[{"name":"wp","href":"https:\/\/api.w.org\/{rel}","templated":true}]}}