{"id":4829,"date":"2024-06-27T07:04:36","date_gmt":"2024-06-27T07:04:36","guid":{"rendered":"https:\/\/murerpoint.dk\/?post_type=product&#038;p=4829"},"modified":"2024-06-27T07:06:46","modified_gmt":"2024-06-27T07:06:46","slug":"carbide-grout-snijder-z3-10x35mm-voor-haakse-grinder-2","status":"publish","type":"product","link":"https:\/\/murerpoint.dk\/nl\/product\/carbide-grout-snijder-z3-10x35mm-voor-haakse-grinder-2\/","title":{"rendered":"Carbide Grout Snijder (Z3) 10x35mm voor Haakse Grinder"},"content":{"rendered":"<?xml encoding=\"utf-8\" ?><h2>Carbide Grout Snijder (Z3) 10x35mm voor Haakse Grinder<\/h2><p><strong>Carbid Z3&nbsp; &ndash; Precision in metselwerk.<\/strong><\/p><div class=\"flex-1 overflow-hidden\">\n<div class=\"react-scroll-to-bottom--css-ctgxi-79elbk h-full\">\n<div class=\"react-scroll-to-bottom--css-ctgxi-1n7m0yu\">\n<div class=\"flex flex-col text-sm pb-9\">\n<div class=\"w-full text-token-text-primary\" data-testid=\"conversation-turn-335\">\n<div class=\"px-4 py-2 justify-center text-base md:gap-6 m-auto\">\n<div class=\"flex flex-1 text-base mx-auto gap-3 md:px-5 lg:px-1 xl:px-5 md:max-w-3xl lg:max-w-[40rem] xl:max-w-[48rem] group final-completion\">\n<div class=\"relative flex w-full flex-col agent-turn\">\n<div class=\"flex-col gap-1 md:gap-3\">\n<div class=\"flex flex-grow flex-col max-w-full\">\n<div class=\"min-h-[20px] text-message flex flex-col items-start gap-3 whitespace-pre-wrap break-words [.text-message+&amp;]:mt-5 overflow-x-auto\" data-message-author-role=\"assistant\" data-message-id=\"35304ea6-e0fe-4116-a5c4-e797b0c23d18\">\n<div class=\"markdown prose w-full break-words dark:prose-invert light\">\n<p>Bereik uitstekende precisie en effici&euml;ntie met onze Voegfrees (Z3). Dit speciaal ontworpen gereedschap is uitgerust met drie scherpe hardmetalen messen (Z3) die zorgen voor optimale prestaties bij het frezen van kalkmortelvoegen en hydraulische voegen.<\/p>\n<\/div>\n<\/div>\n<\/div>\n<\/div>\n<\/div>\n<\/div>\n<\/div>\n<\/div>\n<\/div>\n<\/div>\n<\/div>\n<\/div><p><strong>Hoogtepunten:<\/strong><\/p><ol>\n<li><strong>Nauwkeurig frezen:<\/strong> Met een diameter van 10 mm en een lengte van 35 mm is deze voegfreesunit ontworpen voor precisiewerk, wat zorgt voor nauwkeurige resultaten.<\/li>\n<li><strong>Hoogwaardige hardmetalen messen:<\/strong> De drie hardmetalen messen zorgen voor duurzaamheid en scherpte, waardoor het gereedschap ideaal is voor professionele metseltaken.<\/li>\n<li><strong>Geoptimaliseerd voor verschillende voegtypes:<\/strong> Geschikt voor kalkmortelvoegen met minimaal of geen cementgehalte, evenals hydraulische mortelvoegen, waardoor het veelzijdig is voor verschillende projecten.<\/li>\n<li><strong>Effici&euml;nt frezen:<\/strong> Het gereedschap is ontworpen om verschillende soorten voegmortel aan te kunnen, waardoor het ideaal is voor zowel renovatie- als nieuwbouwprojecten.<\/li>\n<li><strong>Gemakkelijke installatie:<\/strong> De M14-schroefdraad maakt het eenvoudig om deze voegfreesunit direct op uw haakse slijper te monteren, waardoor tijd wordt bespaard en de productiviteit wordt verhoogd.<\/li>\n<\/ol><p>Cree&euml;r metselwerk kunst met precisie en betrouwbaarheid door te kiezen voor deze Voegfreesunit met 3 snijders voor haakse slijper 10x35MM.<\/p><p>Een professioneel gereedschap voor professionele metselwerk taken<\/p>\n","protected":false},"excerpt":{"rendered":"<h3>Carbide Grout Snijder (Z3) 10x35mm voor Haakse Grinder<\/h3>\n<p>Carbide Grout Snijder (Z3) \u2013 10x35mm 3 Snijkanten voor Haakse Slijper &#8211; Gebruikt voor kalkmortelvoegen met weinig of geen cementinhoud, of in hydraulische mortelvoegen.<\/p>\n<p><strong>Verkrijgbaar in Diameter:<\/strong><\/p>\n<ul>\n<li>8, 10 and 12 mm<\/li>\n<\/ul>\n<p><strong>Aantal hardmetalen snijkanten en lengte<\/strong><\/p>\n<ul>\n<li>Aantal carbidesnijkanten: 3<\/li>\n<li>Lengte van de carbide snijkanten: 35 mm<\/li>\n<li>M14-schroefdraad om rechtstreeks op de haakse slijper te worden geschroefd.<\/li>\n<\/ul>\n<h5>Bij aankoop van 50 stuks en meer, zijn kwantumkortingen beschikbaar. Bel ons voor meer informatie.<\/h5>\n","protected":false},"featured_media":569,"comment_status":"open","ping_status":"closed","template":"","meta":[],"product_brand":[],"product_cat":[428,429],"product_tag":[817,1939,1296,1260,567,1041,574,1042,851,1043,822,1044,372,827,1045,728,1301],"class_list":{"0":"post-4829","1":"product","2":"type-product","3":"status-publish","4":"has-post-thumbnail","6":"product_cat-voegfrezen-nl","7":"product_cat-voegfrezen-en-units-nl","8":"product_tag-carbidegroutsnijder","9":"product_tag-concrete-nl","10":"product_tag-fogfras-nl","11":"product_tag-fraesestift-nl","12":"product_tag-fugefraeser-nl","13":"product_tag-fugefraeser3skaer-nl","14":"product_tag-fugefraesersaal-nl-2","15":"product_tag-fugefraeserstift-nl","16":"product_tag-fugefraeserunit-nl","17":"product_tag-fugenfraesen-nl","18":"product_tag-fugenfraser","19":"product_tag-haardmetal-nl","20":"product_tag-mortar","21":"product_tag-mortarrake-nl","22":"product_tag-tungsten-nl","23":"product_tag-voegen","24":"product_tag-voegenfrees-nl","26":"first","27":"instock","28":"taxable","29":"shipping-taxable","30":"purchasable","31":"product-type-simple"},"yoast_head":"<!-- This site is optimized with the Yoast SEO plugin v27.6 - https:\/\/yoast.com\/product\/yoast-seo-wordpress\/ -->\n<title>Carbide Grout Snijder (Z3) 10x35mm voor Haakse Grinder - Murerpoint ApS<\/title>\n<meta name=\"description\" content=\"Carbide Grout Snijder (Z3) - Ontworpen voor het frezen van kalkmortelvoegen met minimaal of geen cementgehalte, evenals in hydraulische mortelvoegen.\" \/>\n<meta name=\"robots\" content=\"index, follow, max-snippet:-1, max-image-preview:large, max-video-preview:-1\" \/>\n<link rel=\"canonical\" href=\"https:\/\/murerpoint.dk\/nl\/product\/carbide-grout-snijder-z3-10x35mm-voor-haakse-grinder-2\/\" \/>\n<meta property=\"og:locale\" content=\"nl_NL\" \/>\n<meta property=\"og:type\" content=\"article\" \/>\n<meta property=\"og:title\" content=\"Carbide Grout Snijder (Z3) 10x35mm voor Haakse Grinder - Murerpoint ApS\" \/>\n<meta property=\"og:description\" content=\"Carbide Grout Snijder (Z3) - Ontworpen voor het frezen van kalkmortelvoegen met minimaal of geen cementgehalte, evenals in hydraulische mortelvoegen.\" \/>\n<meta property=\"og:url\" content=\"https:\/\/murerpoint.dk\/nl\/product\/carbide-grout-snijder-z3-10x35mm-voor-haakse-grinder-2\/\" \/>\n<meta property=\"og:site_name\" content=\"Murerpoint ApS\" \/>\n<meta property=\"article:publisher\" content=\"https:\/\/m.facebook.com\/profile.php?id=61555157262134\" \/>\n<meta property=\"article:modified_time\" content=\"2024-06-27T07:06:46+00:00\" \/>\n<meta property=\"og:image\" content=\"https:\/\/murerpoint.dk\/wp-content\/uploads\/2024\/01\/10-x-35-mm-Z3-2-en-liggende.png\" \/>\n\t<meta property=\"og:image:width\" content=\"433\" \/>\n\t<meta property=\"og:image:height\" content=\"577\" \/>\n\t<meta property=\"og:image:type\" content=\"image\/png\" \/>\n<meta name=\"twitter:card\" content=\"summary_large_image\" \/>\n<meta name=\"twitter:label1\" content=\"Prijs\" \/>\n\t<meta name=\"twitter:data1\" content=\"&euro;17.90 Pris ekskl. moms: &euro;14.32\" \/>\n\t<meta name=\"twitter:label2\" content=\"Beschikbaarheid\" \/>\n\t<meta name=\"twitter:data2\" content=\"Op voorraad\" \/>\n<script type=\"application\/ld+json\" class=\"yoast-schema-graph\">{\"@context\":\"https:\\\/\\\/schema.org\",\"@graph\":[{\"@type\":\"WebPage\",\"@id\":\"https:\\\/\\\/murerpoint.dk\\\/nl\\\/product\\\/carbide-grout-snijder-z3-10x35mm-voor-haakse-grinder-2\\\/\",\"url\":\"https:\\\/\\\/murerpoint.dk\\\/nl\\\/product\\\/carbide-grout-snijder-z3-10x35mm-voor-haakse-grinder-2\\\/\",\"name\":\"Carbide Grout Snijder (Z3) 10x35mm voor Haakse Grinder - Murerpoint ApS\",\"isPartOf\":{\"@id\":\"https:\\\/\\\/murerpoint.dk\\\/nl\\\/#website\"},\"primaryImageOfPage\":{\"@id\":\"https:\\\/\\\/murerpoint.dk\\\/nl\\\/product\\\/carbide-grout-snijder-z3-10x35mm-voor-haakse-grinder-2\\\/#primaryimage\"},\"image\":{\"@id\":\"https:\\\/\\\/murerpoint.dk\\\/nl\\\/product\\\/carbide-grout-snijder-z3-10x35mm-voor-haakse-grinder-2\\\/#primaryimage\"},\"thumbnailUrl\":\"https:\\\/\\\/murerpoint.dk\\\/wp-content\\\/uploads\\\/2024\\\/01\\\/10-x-35-mm-Z3-2-en-liggende.png\",\"datePublished\":\"2024-06-27T07:04:36+00:00\",\"dateModified\":\"2024-06-27T07:06:46+00:00\",\"description\":\"Carbide Grout Snijder (Z3) - Ontworpen voor het frezen van kalkmortelvoegen met minimaal of geen cementgehalte, evenals in hydraulische mortelvoegen.\",\"breadcrumb\":{\"@id\":\"https:\\\/\\\/murerpoint.dk\\\/nl\\\/product\\\/carbide-grout-snijder-z3-10x35mm-voor-haakse-grinder-2\\\/#breadcrumb\"},\"inLanguage\":\"nl-NL\",\"potentialAction\":[{\"@type\":\"ReadAction\",\"target\":[\"https:\\\/\\\/murerpoint.dk\\\/nl\\\/product\\\/carbide-grout-snijder-z3-10x35mm-voor-haakse-grinder-2\\\/\"]}]},{\"@type\":\"ImageObject\",\"inLanguage\":\"nl-NL\",\"@id\":\"https:\\\/\\\/murerpoint.dk\\\/nl\\\/product\\\/carbide-grout-snijder-z3-10x35mm-voor-haakse-grinder-2\\\/#primaryimage\",\"url\":\"https:\\\/\\\/murerpoint.dk\\\/wp-content\\\/uploads\\\/2024\\\/01\\\/10-x-35-mm-Z3-2-en-liggende.png\",\"contentUrl\":\"https:\\\/\\\/murerpoint.dk\\\/wp-content\\\/uploads\\\/2024\\\/01\\\/10-x-35-mm-Z3-2-en-liggende.png\",\"width\":433,\"height\":577,\"caption\":\"Pr\u00e6cisionsfr\u00e6sning med MurerPoint 10x35 mm Fugefr\u00e6serunit\"},{\"@type\":\"BreadcrumbList\",\"@id\":\"https:\\\/\\\/murerpoint.dk\\\/nl\\\/product\\\/carbide-grout-snijder-z3-10x35mm-voor-haakse-grinder-2\\\/#breadcrumb\",\"itemListElement\":[{\"@type\":\"ListItem\",\"position\":1,\"name\":\"Hjem\",\"item\":\"https:\\\/\\\/murerpoint.dk\\\/nl\\\/\"},{\"@type\":\"ListItem\",\"position\":2,\"name\":\"SHOPPEN\",\"item\":\"https:\\\/\\\/murerpoint.dk\\\/nl\\\/shoppen\\\/\"},{\"@type\":\"ListItem\",\"position\":3,\"name\":\"Carbide Grout Snijder (Z3) 10x35mm voor Haakse Grinder\"}]},{\"@type\":\"WebSite\",\"@id\":\"https:\\\/\\\/murerpoint.dk\\\/nl\\\/#website\",\"url\":\"https:\\\/\\\/murerpoint.dk\\\/nl\\\/\",\"name\":\"Murerpoint\",\"description\":\"kvalitets v\u00e6rkt\u00f8j\",\"publisher\":{\"@id\":\"https:\\\/\\\/murerpoint.dk\\\/nl\\\/#organization\"},\"potentialAction\":[{\"@type\":\"SearchAction\",\"target\":{\"@type\":\"EntryPoint\",\"urlTemplate\":\"https:\\\/\\\/murerpoint.dk\\\/nl\\\/?s={search_term_string}\"},\"query-input\":{\"@type\":\"PropertyValueSpecification\",\"valueRequired\":true,\"valueName\":\"search_term_string\"}}],\"inLanguage\":\"nl-NL\"},{\"@type\":\"Organization\",\"@id\":\"https:\\\/\\\/murerpoint.dk\\\/nl\\\/#organization\",\"name\":\"Murerpoint ApS\",\"url\":\"https:\\\/\\\/murerpoint.dk\\\/nl\\\/\",\"logo\":{\"@type\":\"ImageObject\",\"inLanguage\":\"nl-NL\",\"@id\":\"https:\\\/\\\/murerpoint.dk\\\/nl\\\/#\\\/schema\\\/logo\\\/image\\\/\",\"url\":\"https:\\\/\\\/murerpoint.dk\\\/wp-content\\\/uploads\\\/2023\\\/12\\\/cropped-Sort-Midt-Roed-Mursten.png\",\"contentUrl\":\"https:\\\/\\\/murerpoint.dk\\\/wp-content\\\/uploads\\\/2023\\\/12\\\/cropped-Sort-Midt-Roed-Mursten.png\",\"width\":512,\"height\":512,\"caption\":\"Murerpoint ApS\"},\"image\":{\"@id\":\"https:\\\/\\\/murerpoint.dk\\\/nl\\\/#\\\/schema\\\/logo\\\/image\\\/\"},\"sameAs\":[\"https:\\\/\\\/m.facebook.com\\\/profile.php?id=61555157262134\",\"https:\\\/\\\/www.instagram.com\\\/murerpoint?igsh=azluMWV6cTnc2ts&utm_source=qr\",\"https:\\\/\\\/www.tiktok.com\\\/@murerpoint?is_from_webapp=1&sender_device=pc\"]}]}<\/script>\n<meta property=\"product:price:amount\" content=\"17.90\" \/>\n<meta property=\"product:price:currency\" content=\"EUR\" \/>\n<meta property=\"og:availability\" content=\"instock\" \/>\n<meta property=\"product:availability\" content=\"instock\" \/>\n<meta property=\"product:retailer_item_id\" content=\"mp0014-1-1-1\" \/>\n<meta property=\"product:condition\" content=\"new\" \/>\n<!-- \/ Yoast SEO plugin. -->","yoast_head_json":{"title":"Carbide Grout Snijder (Z3) 10x35mm voor Haakse Grinder - Murerpoint ApS","description":"Carbide Grout Snijder (Z3) - Ontworpen voor het frezen van kalkmortelvoegen met minimaal of geen cementgehalte, evenals in hydraulische mortelvoegen.","robots":{"index":"index","follow":"follow","max-snippet":"max-snippet:-1","max-image-preview":"max-image-preview:large","max-video-preview":"max-video-preview:-1"},"canonical":"https:\/\/murerpoint.dk\/nl\/product\/carbide-grout-snijder-z3-10x35mm-voor-haakse-grinder-2\/","og_locale":"nl_NL","og_type":"article","og_title":"Carbide Grout Snijder (Z3) 10x35mm voor Haakse Grinder - Murerpoint ApS","og_description":"Carbide Grout Snijder (Z3) - Ontworpen voor het frezen van kalkmortelvoegen met minimaal of geen cementgehalte, evenals in hydraulische mortelvoegen.","og_url":"https:\/\/murerpoint.dk\/nl\/product\/carbide-grout-snijder-z3-10x35mm-voor-haakse-grinder-2\/","og_site_name":"Murerpoint ApS","article_publisher":"https:\/\/m.facebook.com\/profile.php?id=61555157262134","article_modified_time":"2024-06-27T07:06:46+00:00","og_image":[{"width":433,"height":577,"url":"https:\/\/murerpoint.dk\/wp-content\/uploads\/2024\/01\/10-x-35-mm-Z3-2-en-liggende.png","type":"image\/png"}],"twitter_card":"summary_large_image","twitter_misc":{"Prijs":"&euro;17.90 Pris ekskl. moms: &euro;14.32","Beschikbaarheid":"Op voorraad"},"schema":{"@context":"https:\/\/schema.org","@graph":[{"@type":"WebPage","@id":"https:\/\/murerpoint.dk\/nl\/product\/carbide-grout-snijder-z3-10x35mm-voor-haakse-grinder-2\/","url":"https:\/\/murerpoint.dk\/nl\/product\/carbide-grout-snijder-z3-10x35mm-voor-haakse-grinder-2\/","name":"Carbide Grout Snijder (Z3) 10x35mm voor Haakse Grinder - Murerpoint ApS","isPartOf":{"@id":"https:\/\/murerpoint.dk\/nl\/#website"},"primaryImageOfPage":{"@id":"https:\/\/murerpoint.dk\/nl\/product\/carbide-grout-snijder-z3-10x35mm-voor-haakse-grinder-2\/#primaryimage"},"image":{"@id":"https:\/\/murerpoint.dk\/nl\/product\/carbide-grout-snijder-z3-10x35mm-voor-haakse-grinder-2\/#primaryimage"},"thumbnailUrl":"https:\/\/murerpoint.dk\/wp-content\/uploads\/2024\/01\/10-x-35-mm-Z3-2-en-liggende.png","datePublished":"2024-06-27T07:04:36+00:00","dateModified":"2024-06-27T07:06:46+00:00","description":"Carbide Grout Snijder (Z3) - Ontworpen voor het frezen van kalkmortelvoegen met minimaal of geen cementgehalte, evenals in hydraulische mortelvoegen.","breadcrumb":{"@id":"https:\/\/murerpoint.dk\/nl\/product\/carbide-grout-snijder-z3-10x35mm-voor-haakse-grinder-2\/#breadcrumb"},"inLanguage":"nl-NL","potentialAction":[{"@type":"ReadAction","target":["https:\/\/murerpoint.dk\/nl\/product\/carbide-grout-snijder-z3-10x35mm-voor-haakse-grinder-2\/"]}]},{"@type":"ImageObject","inLanguage":"nl-NL","@id":"https:\/\/murerpoint.dk\/nl\/product\/carbide-grout-snijder-z3-10x35mm-voor-haakse-grinder-2\/#primaryimage","url":"https:\/\/murerpoint.dk\/wp-content\/uploads\/2024\/01\/10-x-35-mm-Z3-2-en-liggende.png","contentUrl":"https:\/\/murerpoint.dk\/wp-content\/uploads\/2024\/01\/10-x-35-mm-Z3-2-en-liggende.png","width":433,"height":577,"caption":"Pr\u00e6cisionsfr\u00e6sning med MurerPoint 10x35 mm Fugefr\u00e6serunit"},{"@type":"BreadcrumbList","@id":"https:\/\/murerpoint.dk\/nl\/product\/carbide-grout-snijder-z3-10x35mm-voor-haakse-grinder-2\/#breadcrumb","itemListElement":[{"@type":"ListItem","position":1,"name":"Hjem","item":"https:\/\/murerpoint.dk\/nl\/"},{"@type":"ListItem","position":2,"name":"SHOPPEN","item":"https:\/\/murerpoint.dk\/nl\/shoppen\/"},{"@type":"ListItem","position":3,"name":"Carbide Grout Snijder (Z3) 10x35mm voor Haakse Grinder"}]},{"@type":"WebSite","@id":"https:\/\/murerpoint.dk\/nl\/#website","url":"https:\/\/murerpoint.dk\/nl\/","name":"Murerpoint","description":"kvalitets v\u00e6rkt\u00f8j","publisher":{"@id":"https:\/\/murerpoint.dk\/nl\/#organization"},"potentialAction":[{"@type":"SearchAction","target":{"@type":"EntryPoint","urlTemplate":"https:\/\/murerpoint.dk\/nl\/?s={search_term_string}"},"query-input":{"@type":"PropertyValueSpecification","valueRequired":true,"valueName":"search_term_string"}}],"inLanguage":"nl-NL"},{"@type":"Organization","@id":"https:\/\/murerpoint.dk\/nl\/#organization","name":"Murerpoint ApS","url":"https:\/\/murerpoint.dk\/nl\/","logo":{"@type":"ImageObject","inLanguage":"nl-NL","@id":"https:\/\/murerpoint.dk\/nl\/#\/schema\/logo\/image\/","url":"https:\/\/murerpoint.dk\/wp-content\/uploads\/2023\/12\/cropped-Sort-Midt-Roed-Mursten.png","contentUrl":"https:\/\/murerpoint.dk\/wp-content\/uploads\/2023\/12\/cropped-Sort-Midt-Roed-Mursten.png","width":512,"height":512,"caption":"Murerpoint ApS"},"image":{"@id":"https:\/\/murerpoint.dk\/nl\/#\/schema\/logo\/image\/"},"sameAs":["https:\/\/m.facebook.com\/profile.php?id=61555157262134","https:\/\/www.instagram.com\/murerpoint?igsh=azluMWV6cTnc2ts&utm_source=qr","https:\/\/www.tiktok.com\/@murerpoint?is_from_webapp=1&sender_device=pc"]}]},"product_price_amount":"17.90","product_price_currency":"EUR","og_availability":"instock","product_availability":"instock","product_retailer_item_id":"mp0014-1-1-1","product_condition":"new"},"_links":{"self":[{"href":"https:\/\/murerpoint.dk\/nl\/wp-json\/wp\/v2\/product\/4829","targetHints":{"allow":["GET"]}}],"collection":[{"href":"https:\/\/murerpoint.dk\/nl\/wp-json\/wp\/v2\/product"}],"about":[{"href":"https:\/\/murerpoint.dk\/nl\/wp-json\/wp\/v2\/types\/product"}],"replies":[{"embeddable":true,"href":"https:\/\/murerpoint.dk\/nl\/wp-json\/wp\/v2\/comments?post=4829"}],"wp:featuredmedia":[{"embeddable":true,"href":"https:\/\/murerpoint.dk\/nl\/wp-json\/wp\/v2\/media\/569"}],"wp:attachment":[{"href":"https:\/\/murerpoint.dk\/nl\/wp-json\/wp\/v2\/media?parent=4829"}],"wp:term":[{"taxonomy":"product_brand","embeddable":true,"href":"https:\/\/murerpoint.dk\/nl\/wp-json\/wp\/v2\/product_brand?post=4829"},{"taxonomy":"product_cat","embeddable":true,"href":"https:\/\/murerpoint.dk\/nl\/wp-json\/wp\/v2\/product_cat?post=4829"},{"taxonomy":"product_tag","embeddable":true,"href":"https:\/\/murerpoint.dk\/nl\/wp-json\/wp\/v2\/product_tag?post=4829"}],"curies":[{"name":"wp","href":"https:\/\/api.w.org\/{rel}","templated":true}]}}