{"id":6275,"date":"2024-09-07T13:43:29","date_gmt":"2024-09-07T13:43:29","guid":{"rendered":"https:\/\/murerpoint.dk\/product\/deckel-fuer-gelbe-druckluft-moertelfugenspritze\/"},"modified":"2024-09-07T13:52:52","modified_gmt":"2024-09-07T13:52:52","slug":"deksel-voor-gele-pneumatische-voegenpistool","status":"publish","type":"product","link":"https:\/\/murerpoint.dk\/nl\/product\/deksel-voor-gele-pneumatische-voegenpistool\/","title":{"rendered":"Deksel voor Gele Pneumatische Voegenpistool"},"content":{"rendered":"<?xml encoding=\"utf-8\" ?><h5><strong>Deksel voor Gele Pneumatische Voegenpistool<\/strong><\/h5><p>Dit deksel is speciaal ontworpen om perfect te passen op het gele pneumatische voegenpistool. Het is een essentieel accessoire dat zorgt voor een juiste drukopbouw en afdichting, wat cruciaal is voor het verkrijgen van de beste resultaten bij voegwerk. Het deksel is duurzaam en slijtvast, ideaal voor dagelijks gebruik in zowel professionele als doe-het-zelf projecten.<\/p><ul>\n<li><strong>Materiaal:<\/strong> Duurzaam kunststof<\/li>\n<li><strong>Compatibiliteit:<\/strong> Past op geel pneumatisch voegenpistool<\/li>\n<li><strong>Functie:<\/strong> Luchtdichte afdichting voor optimale drukopbouw<\/li>\n<li><strong>Gemakkelijke montage:<\/strong> Snel te monteren en te demonteren voor onderhoud<\/li>\n<li><strong>Gebruik:<\/strong> Voor voeg- en metselwerkprojecten<\/li>\n<\/ul>\n","protected":false},"excerpt":{"rendered":"<p>Duurzaam deksel voor geel pneumatisch voegenpistool. Gemaakt van duurzaam kunststof voor optimale afdichting en prestaties.<\/p>\n","protected":false},"featured_media":5508,"comment_status":"open","ping_status":"closed","template":"","meta":[],"product_brand":[],"product_cat":[649,6287],"product_tag":[5404,6288,6289,372,206,2838,5424,5426,6290,4755,866],"class_list":{"0":"post-6275","1":"product","2":"type-product","3":"status-publish","4":"has-post-thumbnail","6":"product_cat-accessories","7":"product_cat-reserveonderdelen-voor-gele-pneumatische-mortelvoegpistool","8":"product_tag-druckluft-nl","9":"product_tag-gulmoertelpistol-nl","10":"product_tag-laag-nl","11":"product_tag-mortar","12":"product_tag-mortel-nl","13":"product_tag-murbruk-nl","14":"product_tag-tryckluft-nl","15":"product_tag-trykluft-nl","16":"product_tag-trykluftstilbehoer-nl","17":"product_tag-voegenpistool-nl","18":"product_tag-mortelpistool-nl-2","20":"first","21":"instock","22":"taxable","23":"shipping-taxable","24":"purchasable","25":"product-type-simple"},"yoast_head":"<!-- This site is optimized with the Yoast SEO plugin v27.6 - https:\/\/yoast.com\/product\/yoast-seo-wordpress\/ -->\n<title>Deksel voor Gele Pneumatische Voegenpistool - Murerpoint ApS<\/title>\n<meta name=\"description\" content=\"Koop een deksel voor je gele pneumatische voegenpistool. Perfect voor afdichting en drukopbouw tijdens voegwerk, gemakkelijk te installeren.\" \/>\n<meta name=\"robots\" content=\"index, follow, max-snippet:-1, max-image-preview:large, max-video-preview:-1\" \/>\n<link rel=\"canonical\" href=\"https:\/\/murerpoint.dk\/nl\/product\/deksel-voor-gele-pneumatische-voegenpistool\/\" \/>\n<meta property=\"og:locale\" content=\"nl_NL\" \/>\n<meta property=\"og:type\" content=\"article\" \/>\n<meta property=\"og:title\" content=\"Deksel voor Gele Pneumatische Voegenpistool - Murerpoint ApS\" \/>\n<meta property=\"og:description\" content=\"Koop een deksel voor je gele pneumatische voegenpistool. Perfect voor afdichting en drukopbouw tijdens voegwerk, gemakkelijk te installeren.\" \/>\n<meta property=\"og:url\" content=\"https:\/\/murerpoint.dk\/nl\/product\/deksel-voor-gele-pneumatische-voegenpistool\/\" \/>\n<meta property=\"og:site_name\" content=\"Murerpoint ApS\" \/>\n<meta property=\"article:publisher\" content=\"https:\/\/m.facebook.com\/profile.php?id=61555157262134\" \/>\n<meta property=\"article:modified_time\" content=\"2024-09-07T13:52:52+00:00\" \/>\n<meta property=\"og:image\" content=\"https:\/\/murerpoint.dk\/wp-content\/uploads\/2023\/12\/snablaag-scaled.jpg\" \/>\n\t<meta property=\"og:image:width\" content=\"2560\" \/>\n\t<meta property=\"og:image:height\" content=\"1920\" \/>\n\t<meta property=\"og:image:type\" content=\"image\/jpeg\" \/>\n<meta name=\"twitter:card\" content=\"summary_large_image\" \/>\n<meta name=\"twitter:label1\" content=\"Prijs\" \/>\n\t<meta name=\"twitter:data1\" content=\"&euro;40.15 Pris ekskl. moms: &euro;32.12\" \/>\n\t<meta name=\"twitter:label2\" content=\"Beschikbaarheid\" \/>\n\t<meta name=\"twitter:data2\" content=\"Op voorraad\" \/>\n<script type=\"application\/ld+json\" class=\"yoast-schema-graph\">{\"@context\":\"https:\\\/\\\/schema.org\",\"@graph\":[{\"@type\":\"WebPage\",\"@id\":\"https:\\\/\\\/murerpoint.dk\\\/nl\\\/product\\\/deksel-voor-gele-pneumatische-voegenpistool\\\/\",\"url\":\"https:\\\/\\\/murerpoint.dk\\\/nl\\\/product\\\/deksel-voor-gele-pneumatische-voegenpistool\\\/\",\"name\":\"Deksel voor Gele Pneumatische Voegenpistool - Murerpoint ApS\",\"isPartOf\":{\"@id\":\"https:\\\/\\\/murerpoint.dk\\\/nl\\\/#website\"},\"primaryImageOfPage\":{\"@id\":\"https:\\\/\\\/murerpoint.dk\\\/nl\\\/product\\\/deksel-voor-gele-pneumatische-voegenpistool\\\/#primaryimage\"},\"image\":{\"@id\":\"https:\\\/\\\/murerpoint.dk\\\/nl\\\/product\\\/deksel-voor-gele-pneumatische-voegenpistool\\\/#primaryimage\"},\"thumbnailUrl\":\"https:\\\/\\\/murerpoint.dk\\\/wp-content\\\/uploads\\\/2023\\\/12\\\/snablaag-scaled.jpg\",\"datePublished\":\"2024-09-07T13:43:29+00:00\",\"dateModified\":\"2024-09-07T13:52:52+00:00\",\"description\":\"Koop een deksel voor je gele pneumatische voegenpistool. Perfect voor afdichting en drukopbouw tijdens voegwerk, gemakkelijk te installeren.\",\"breadcrumb\":{\"@id\":\"https:\\\/\\\/murerpoint.dk\\\/nl\\\/product\\\/deksel-voor-gele-pneumatische-voegenpistool\\\/#breadcrumb\"},\"inLanguage\":\"nl-NL\",\"potentialAction\":[{\"@type\":\"ReadAction\",\"target\":[\"https:\\\/\\\/murerpoint.dk\\\/nl\\\/product\\\/deksel-voor-gele-pneumatische-voegenpistool\\\/\"]}]},{\"@type\":\"ImageObject\",\"inLanguage\":\"nl-NL\",\"@id\":\"https:\\\/\\\/murerpoint.dk\\\/nl\\\/product\\\/deksel-voor-gele-pneumatische-voegenpistool\\\/#primaryimage\",\"url\":\"https:\\\/\\\/murerpoint.dk\\\/wp-content\\\/uploads\\\/2023\\\/12\\\/snablaag-scaled.jpg\",\"contentUrl\":\"https:\\\/\\\/murerpoint.dk\\\/wp-content\\\/uploads\\\/2023\\\/12\\\/snablaag-scaled.jpg\",\"width\":2560,\"height\":1920,\"caption\":\"Trykluft m\u00f8rtel fugepistol med snabbl\u00e5g - klikkes p\u00e5, hurtig nemt og enkelt\"},{\"@type\":\"BreadcrumbList\",\"@id\":\"https:\\\/\\\/murerpoint.dk\\\/nl\\\/product\\\/deksel-voor-gele-pneumatische-voegenpistool\\\/#breadcrumb\",\"itemListElement\":[{\"@type\":\"ListItem\",\"position\":1,\"name\":\"Hjem\",\"item\":\"https:\\\/\\\/murerpoint.dk\\\/nl\\\/\"},{\"@type\":\"ListItem\",\"position\":2,\"name\":\"SHOPPEN\",\"item\":\"https:\\\/\\\/murerpoint.dk\\\/nl\\\/shoppen\\\/\"},{\"@type\":\"ListItem\",\"position\":3,\"name\":\"Deksel voor Gele Pneumatische Voegenpistool\"}]},{\"@type\":\"WebSite\",\"@id\":\"https:\\\/\\\/murerpoint.dk\\\/nl\\\/#website\",\"url\":\"https:\\\/\\\/murerpoint.dk\\\/nl\\\/\",\"name\":\"Murerpoint\",\"description\":\"kvalitets v\u00e6rkt\u00f8j\",\"publisher\":{\"@id\":\"https:\\\/\\\/murerpoint.dk\\\/nl\\\/#organization\"},\"potentialAction\":[{\"@type\":\"SearchAction\",\"target\":{\"@type\":\"EntryPoint\",\"urlTemplate\":\"https:\\\/\\\/murerpoint.dk\\\/nl\\\/?s={search_term_string}\"},\"query-input\":{\"@type\":\"PropertyValueSpecification\",\"valueRequired\":true,\"valueName\":\"search_term_string\"}}],\"inLanguage\":\"nl-NL\"},{\"@type\":\"Organization\",\"@id\":\"https:\\\/\\\/murerpoint.dk\\\/nl\\\/#organization\",\"name\":\"Murerpoint ApS\",\"url\":\"https:\\\/\\\/murerpoint.dk\\\/nl\\\/\",\"logo\":{\"@type\":\"ImageObject\",\"inLanguage\":\"nl-NL\",\"@id\":\"https:\\\/\\\/murerpoint.dk\\\/nl\\\/#\\\/schema\\\/logo\\\/image\\\/\",\"url\":\"https:\\\/\\\/murerpoint.dk\\\/wp-content\\\/uploads\\\/2023\\\/12\\\/cropped-Sort-Midt-Roed-Mursten.png\",\"contentUrl\":\"https:\\\/\\\/murerpoint.dk\\\/wp-content\\\/uploads\\\/2023\\\/12\\\/cropped-Sort-Midt-Roed-Mursten.png\",\"width\":512,\"height\":512,\"caption\":\"Murerpoint ApS\"},\"image\":{\"@id\":\"https:\\\/\\\/murerpoint.dk\\\/nl\\\/#\\\/schema\\\/logo\\\/image\\\/\"},\"sameAs\":[\"https:\\\/\\\/m.facebook.com\\\/profile.php?id=61555157262134\",\"https:\\\/\\\/www.instagram.com\\\/murerpoint?igsh=azluMWV6cTnc2ts&utm_source=qr\",\"https:\\\/\\\/www.tiktok.com\\\/@murerpoint?is_from_webapp=1&sender_device=pc\"]}]}<\/script>\n<meta property=\"product:price:amount\" content=\"40.15\" \/>\n<meta property=\"product:price:currency\" content=\"EUR\" \/>\n<meta property=\"og:availability\" content=\"instock\" \/>\n<meta property=\"product:availability\" content=\"instock\" \/>\n<meta property=\"product:retailer_item_id\" content=\"mp000126\" \/>\n<meta property=\"product:condition\" content=\"new\" \/>\n<!-- \/ Yoast SEO plugin. -->","yoast_head_json":{"title":"Deksel voor Gele Pneumatische Voegenpistool - Murerpoint ApS","description":"Koop een deksel voor je gele pneumatische voegenpistool. Perfect voor afdichting en drukopbouw tijdens voegwerk, gemakkelijk te installeren.","robots":{"index":"index","follow":"follow","max-snippet":"max-snippet:-1","max-image-preview":"max-image-preview:large","max-video-preview":"max-video-preview:-1"},"canonical":"https:\/\/murerpoint.dk\/nl\/product\/deksel-voor-gele-pneumatische-voegenpistool\/","og_locale":"nl_NL","og_type":"article","og_title":"Deksel voor Gele Pneumatische Voegenpistool - Murerpoint ApS","og_description":"Koop een deksel voor je gele pneumatische voegenpistool. Perfect voor afdichting en drukopbouw tijdens voegwerk, gemakkelijk te installeren.","og_url":"https:\/\/murerpoint.dk\/nl\/product\/deksel-voor-gele-pneumatische-voegenpistool\/","og_site_name":"Murerpoint ApS","article_publisher":"https:\/\/m.facebook.com\/profile.php?id=61555157262134","article_modified_time":"2024-09-07T13:52:52+00:00","og_image":[{"width":2560,"height":1920,"url":"https:\/\/murerpoint.dk\/wp-content\/uploads\/2023\/12\/snablaag-scaled.jpg","type":"image\/jpeg"}],"twitter_card":"summary_large_image","twitter_misc":{"Prijs":"&euro;40.15 Pris ekskl. moms: &euro;32.12","Beschikbaarheid":"Op voorraad"},"schema":{"@context":"https:\/\/schema.org","@graph":[{"@type":"WebPage","@id":"https:\/\/murerpoint.dk\/nl\/product\/deksel-voor-gele-pneumatische-voegenpistool\/","url":"https:\/\/murerpoint.dk\/nl\/product\/deksel-voor-gele-pneumatische-voegenpistool\/","name":"Deksel voor Gele Pneumatische Voegenpistool - Murerpoint ApS","isPartOf":{"@id":"https:\/\/murerpoint.dk\/nl\/#website"},"primaryImageOfPage":{"@id":"https:\/\/murerpoint.dk\/nl\/product\/deksel-voor-gele-pneumatische-voegenpistool\/#primaryimage"},"image":{"@id":"https:\/\/murerpoint.dk\/nl\/product\/deksel-voor-gele-pneumatische-voegenpistool\/#primaryimage"},"thumbnailUrl":"https:\/\/murerpoint.dk\/wp-content\/uploads\/2023\/12\/snablaag-scaled.jpg","datePublished":"2024-09-07T13:43:29+00:00","dateModified":"2024-09-07T13:52:52+00:00","description":"Koop een deksel voor je gele pneumatische voegenpistool. Perfect voor afdichting en drukopbouw tijdens voegwerk, gemakkelijk te installeren.","breadcrumb":{"@id":"https:\/\/murerpoint.dk\/nl\/product\/deksel-voor-gele-pneumatische-voegenpistool\/#breadcrumb"},"inLanguage":"nl-NL","potentialAction":[{"@type":"ReadAction","target":["https:\/\/murerpoint.dk\/nl\/product\/deksel-voor-gele-pneumatische-voegenpistool\/"]}]},{"@type":"ImageObject","inLanguage":"nl-NL","@id":"https:\/\/murerpoint.dk\/nl\/product\/deksel-voor-gele-pneumatische-voegenpistool\/#primaryimage","url":"https:\/\/murerpoint.dk\/wp-content\/uploads\/2023\/12\/snablaag-scaled.jpg","contentUrl":"https:\/\/murerpoint.dk\/wp-content\/uploads\/2023\/12\/snablaag-scaled.jpg","width":2560,"height":1920,"caption":"Trykluft m\u00f8rtel fugepistol med snabbl\u00e5g - klikkes p\u00e5, hurtig nemt og enkelt"},{"@type":"BreadcrumbList","@id":"https:\/\/murerpoint.dk\/nl\/product\/deksel-voor-gele-pneumatische-voegenpistool\/#breadcrumb","itemListElement":[{"@type":"ListItem","position":1,"name":"Hjem","item":"https:\/\/murerpoint.dk\/nl\/"},{"@type":"ListItem","position":2,"name":"SHOPPEN","item":"https:\/\/murerpoint.dk\/nl\/shoppen\/"},{"@type":"ListItem","position":3,"name":"Deksel voor Gele Pneumatische Voegenpistool"}]},{"@type":"WebSite","@id":"https:\/\/murerpoint.dk\/nl\/#website","url":"https:\/\/murerpoint.dk\/nl\/","name":"Murerpoint","description":"kvalitets v\u00e6rkt\u00f8j","publisher":{"@id":"https:\/\/murerpoint.dk\/nl\/#organization"},"potentialAction":[{"@type":"SearchAction","target":{"@type":"EntryPoint","urlTemplate":"https:\/\/murerpoint.dk\/nl\/?s={search_term_string}"},"query-input":{"@type":"PropertyValueSpecification","valueRequired":true,"valueName":"search_term_string"}}],"inLanguage":"nl-NL"},{"@type":"Organization","@id":"https:\/\/murerpoint.dk\/nl\/#organization","name":"Murerpoint ApS","url":"https:\/\/murerpoint.dk\/nl\/","logo":{"@type":"ImageObject","inLanguage":"nl-NL","@id":"https:\/\/murerpoint.dk\/nl\/#\/schema\/logo\/image\/","url":"https:\/\/murerpoint.dk\/wp-content\/uploads\/2023\/12\/cropped-Sort-Midt-Roed-Mursten.png","contentUrl":"https:\/\/murerpoint.dk\/wp-content\/uploads\/2023\/12\/cropped-Sort-Midt-Roed-Mursten.png","width":512,"height":512,"caption":"Murerpoint ApS"},"image":{"@id":"https:\/\/murerpoint.dk\/nl\/#\/schema\/logo\/image\/"},"sameAs":["https:\/\/m.facebook.com\/profile.php?id=61555157262134","https:\/\/www.instagram.com\/murerpoint?igsh=azluMWV6cTnc2ts&utm_source=qr","https:\/\/www.tiktok.com\/@murerpoint?is_from_webapp=1&sender_device=pc"]}]},"product_price_amount":"40.15","product_price_currency":"EUR","og_availability":"instock","product_availability":"instock","product_retailer_item_id":"mp000126","product_condition":"new"},"_links":{"self":[{"href":"https:\/\/murerpoint.dk\/nl\/wp-json\/wp\/v2\/product\/6275","targetHints":{"allow":["GET"]}}],"collection":[{"href":"https:\/\/murerpoint.dk\/nl\/wp-json\/wp\/v2\/product"}],"about":[{"href":"https:\/\/murerpoint.dk\/nl\/wp-json\/wp\/v2\/types\/product"}],"replies":[{"embeddable":true,"href":"https:\/\/murerpoint.dk\/nl\/wp-json\/wp\/v2\/comments?post=6275"}],"wp:featuredmedia":[{"embeddable":true,"href":"https:\/\/murerpoint.dk\/nl\/wp-json\/wp\/v2\/media\/5508"}],"wp:attachment":[{"href":"https:\/\/murerpoint.dk\/nl\/wp-json\/wp\/v2\/media?parent=6275"}],"wp:term":[{"taxonomy":"product_brand","embeddable":true,"href":"https:\/\/murerpoint.dk\/nl\/wp-json\/wp\/v2\/product_brand?post=6275"},{"taxonomy":"product_cat","embeddable":true,"href":"https:\/\/murerpoint.dk\/nl\/wp-json\/wp\/v2\/product_cat?post=6275"},{"taxonomy":"product_tag","embeddable":true,"href":"https:\/\/murerpoint.dk\/nl\/wp-json\/wp\/v2\/product_tag?post=6275"}],"curies":[{"name":"wp","href":"https:\/\/api.w.org\/{rel}","templated":true}]}}