{"id":6544,"date":"2024-09-11T10:12:30","date_gmt":"2024-09-11T10:12:30","guid":{"rendered":"https:\/\/murerpoint.dk\/product\/chaser-sole-plate-for-angle-grinder-dust-free-channel-cutting\/"},"modified":"2024-10-22T18:07:09","modified_gmt":"2024-10-22T18:07:09","slug":"chaser-sole-plate-efficient-en-stofvrij-sleuven-frezen","status":"publish","type":"product","link":"https:\/\/murerpoint.dk\/nl\/product\/chaser-sole-plate-efficient-en-stofvrij-sleuven-frezen\/","title":{"rendered":"Chaser Sole Plate \u2013 Effici\u00ebnt en Stofvrij Sleuven Frezen"},"content":{"rendered":"<?xml encoding=\"utf-8\" ?><h5><strong>Chaser Sole Plate &ndash; Effici&euml;nt en Stofvrij Sleuven Frezen<\/strong><\/h5><p>Voor <strong>stofvrij sleuven frezen in Durox, Ytong en GiBo<\/strong> biedt onze oplossing een manier om nauwkeurig en schoon te werken zonder water. Speciaal ontworpen voor gebruik met standaard 125mm haakse slijpers, maakt dit accessoire het mogelijk om stofontwikkeling te minimaliseren, wat vooral nuttig is bij projecten in bewoonde ruimtes. Professionele stofafzuiging helpt om de kwaliteit van het werk te verbeteren en een veiligere omgeving te cre&euml;ren.<\/p><p><strong>Belangrijkste Kenmerken:<\/strong><\/p><ul>\n<li><strong>Constante diepte:<\/strong> Zorgt voor precieze en consistente sleuven bij elk gebruik.<\/li>\n<li><strong>Stabiele richting:<\/strong> De geleiderail helpt om nauwkeurige en rechte sleuven te cre&euml;ren.<\/li>\n<li><strong>Stofvrij werken:<\/strong> Bij aansluiting op een stofzuiger vermindert het stofontwikkeling, waardoor een schonere werkplek wordt gegarandeerd.<\/li>\n<\/ul><p><strong>Waarom Onze Oplossing Gebruiken?<\/strong> Of je nu werkt aan professionele installaties of doe-het-zelfprojecten, onze aanpak maakt sleuven frezen eenvoudiger en schoner. Speciaal ontworpen om zonder water te werken, ideaal voor Durox, Ytong en GiBo. Voor andere materialen gebeurt het frezen altijd in overleg, zodat de juiste technieken worden gebruikt.<\/p><p><strong>Opmerking:<\/strong> Het product is geschikt voor gebruik met standaard 125mm haakse slijpers. Sleuvenfrees niet inbegrepen.<\/p><p><iframe title=\"Frezen van Sleuven in Gasbeton met Sleuvenfrees + Freesschoen Stofvrije Precisie voor ElInstallaties\" width=\"800\" height=\"450\" src=\"https:\/\/www.youtube.com\/embed\/-L13l2apXzc?feature=oembed\" frameborder=\"0\" allow=\"accelerometer; autoplay; clipboard-write; encrypted-media; gyroscope; picture-in-picture; web-share\" referrerpolicy=\"strict-origin-when-cross-origin\" allowfullscreen><\/iframe><\/p><p>&nbsp;<\/p>\n","protected":false},"excerpt":{"rendered":"<h5>Chaser Sole Plate \u2013 Effici\u00ebnt en Stofvrij Sleuven Frezen<\/h5>\n<p>Stofvrij sleuven frezen in Durox, Ytong en GiBo voor schone en nauwkeurige resultaten. Gebruik met stofzuiger voor een effici\u00ebnte werkomgeving.<\/p>\n<p>&nbsp;<\/p>\n","protected":false},"featured_media":6522,"comment_status":"open","ping_status":"closed","template":"","meta":[],"product_brand":[],"product_cat":[631,428],"product_tag":[6946,8481,8482,7139,8494,826,8473,8474,8461,8462,8503,8504,8470,8476,8491,6611,8464,6947,6948,8478,8480,6949,6950,8500,6951,6952,8490,7145,6953,6954,6955,6956,6957,6958,8495,8484,6959,6960,7146,8485,8496,6961,8458,7147,8498,8454,7148,6962,6963,6964,8499,8488,6965,8468,7150,6966,6967,6968,2321,8459,8472,8502,8465,8505,8477,8489,8455,6969,8467,7157,6254,6970,7158,6971,8463,8475,6972,6973,8497,8453,7161,6154,6155,6156,6157,6158,7163,6974,6975,6976,6977,6978,8466,8486,8487,1369,7166,6979,6980,5281,8469,6981,6982,6983,7168,6984,6985,8456,6986,6987,8460,6988,6989,8483,6990,6991,8457,8501,5700,6992,6993,6994,8492,8493,8471,821,8479,2898],"class_list":{"0":"post-6544","1":"product","2":"type-product","3":"status-publish","4":"has-post-thumbnail","6":"product_cat-voegfreeszool","7":"product_cat-voegfrezen-nl","8":"product_tag-125mm-nl","9":"product_tag-26mmdepth-nl","10":"product_tag-60mmdepth-nl","11":"product_tag-aeratedconcrete-nl","12":"product_tag-afzuigsysteem-nl","13":"product_tag-anglegrinder-nl","14":"product_tag-arbeitstiefe26mm-nl","15":"product_tag-arbeitstiefe60mm-nl","16":"product_tag-arbejdsdybde26mm-nl","17":"product_tag-arbejdsdybde60mm-nl","18":"product_tag-arbetsdjup26mm-nl","19":"product_tag-arbetsdjup60mm-nl","20":"product_tag-baumaterial-nl","21":"product_tag-bauwerkzeug-nl","22":"product_tag-bouwgereedschap-nl","23":"product_tag-byggematerialer-nl","24":"product_tag-byggerivaerktoej-nl","25":"product_tag-channelcutter-nl","26":"product_tag-channelcutting-nl","27":"product_tag-chaser-nl","28":"product_tag-constructiontool-nl","29":"product_tag-dammfrifraening-nl","30":"product_tag-dammfrifraesning-nl","31":"product_tag-dammfritarbete-nl","32":"product_tag-dammsugare-nl","33":"product_tag-dammsugartillkoppling-nl","34":"product_tag-draadinstallatie-nl","35":"product_tag-dustfree-nl","36":"product_tag-dustfreecutting-nl","37":"product_tag-dustfreegrooving-nl","38":"product_tag-effektivfraesning-nl","39":"product_tag-effektivfraening-nl","40":"product_tag-efficientcutting-nl","41":"product_tag-efficientfrezen-nl","42":"product_tag-efficientwerken-nl","43":"product_tag-efficientwork-nl","44":"product_tag-effizientesfraesen-nl","45":"product_tag-electricalcables-nl","46":"product_tag-electricalinstallations-nl","47":"product_tag-electriciantool-nl","48":"product_tag-elektriciensgereedschap-nl","49":"product_tag-elektriciteitskabels-nl","50":"product_tag-elektriker-nl","51":"product_tag-elektrischeinstallaties-nl","52":"product_tag-elektriskainstallationer-nl","53":"product_tag-elektriskeinstallationer-nl","54":"product_tag-elektroinstallationen-nl","55":"product_tag-elektrokabel-nl","56":"product_tag-elkablar-nl","57":"product_tag-elkabler-nl","58":"product_tag-frassula","59":"product_tag-freesschoen-nl","60":"product_tag-fuehrungsschiene-nl","61":"product_tag-fuhrungsschlitten","62":"product_tag-gasbeton-nl","63":"product_tag-geleiderail-nl","64":"product_tag-groovingsole-nl","65":"product_tag-guiderail-nl","66":"product_tag-haakseslijper","67":"product_tag-haandvaerker-nl","68":"product_tag-handwerker-nl","69":"product_tag-hantverkare-nl","70":"product_tag-installationsvaerktoej-nl","71":"product_tag-installationsverktyg-nl","72":"product_tag-installationswerkzeug-nl","73":"product_tag-kabelinstallatie-nl","74":"product_tag-kabelinstallation-nl","75":"product_tag-kanalenfrezen-nl","76":"product_tag-kanalfasen","77":"product_tag-kanalfraeser-nl","78":"product_tag-kanalfraesning-nl","79":"product_tag-kanalfraening-nl","80":"product_tag-kanalfraes-nl","81":"product_tag-kanalfraesen-nl","82":"product_tag-ledningsinstallation-nl","83":"product_tag-leitungsinstallation-nl","84":"product_tag-nutfraessohle-nl","85":"product_tag-plumbingcables-nl","86":"product_tag-porbetong-nl","87":"product_tag-porebeton-nl","88":"product_tag-porenbeton-nl","89":"product_tag-praecisionsvaerktoej-nl","90":"product_tag-praezisionswerkzeug-nl","91":"product_tag-precisiegereedschap-nl","92":"product_tag-precisionsverktyg-nl","93":"product_tag-precisiontool-nl","94":"product_tag-rillefraeser-nl","95":"product_tag-rillefraesersaal-nl","96":"product_tag-rillefraesschiene-nl","97":"product_tag-rillefreeszool-nl","98":"product_tag-sanitairkabels-nl","99":"product_tag-sanitaerkabel-nl","100":"product_tag-schlitzfraser","101":"product_tag-sleuvenfrees-nl","102":"product_tag-sleuvenfrezen-nl","103":"product_tag-soleplate-nl","104":"product_tag-spaarfraes-nl","105":"product_tag-spaarfraessula-nl","106":"product_tag-spaarsaal-nl","107":"product_tag-staubabsaugung-nl","108":"product_tag-staubfreiesarbeiten-nl","109":"product_tag-staubfreiesfraesen-nl","110":"product_tag-staubsauger-nl","111":"product_tag-staubsaugeranschluss-nl","112":"product_tag-stofvrij-nl","113":"product_tag-stofvrijfrezen-nl","114":"product_tag-stofzuigeraansluiting-nl","115":"product_tag-stoevfriarbejde-nl","116":"product_tag-stoevfrifraesning-nl","117":"product_tag-stoevsuger-nl","118":"product_tag-stoevudtraek-nl","119":"product_tag-styreskinne-nl","120":"product_tag-styrskena-nl","121":"product_tag-vacuumattachment-nl","122":"product_tag-vacuumcleaner-nl","123":"product_tag-vacuumconnection-nl","124":"product_tag-vaerktoejtilbyggeri-nl","125":"product_tag-verktygforelektriker","126":"product_tag-vinkelsliber-nl","127":"product_tag-vinkelslip-nl","128":"product_tag-vvskablar-nl","129":"product_tag-vvskabler-nl","130":"product_tag-werkdiepte26mm-nl","131":"product_tag-werkdiepte60mm-nl","132":"product_tag-werkzeugfurelektriker","133":"product_tag-winkelschleifer","134":"product_tag-wireinstallation-nl","135":"product_tag-googleads-nl","137":"first","138":"instock","139":"taxable","140":"shipping-taxable","141":"purchasable","142":"product-type-simple"},"yoast_head":"<!-- This site is optimized with the Yoast SEO plugin v27.4 - https:\/\/yoast.com\/product\/yoast-seo-wordpress\/ -->\n<title>Chaser Sole Plate \u2013 Effici\u00ebnt en Stofvrij Sleuven Frezen - Murerpoint ApS<\/title>\n<meta name=\"description\" content=\"Stofvrij sleuven frezen in Durox, Ytong en GiBo met constante diepte en stabiele richting. Gebruik met stofzuiger voor optimale resultaten.\" \/>\n<meta name=\"robots\" content=\"index, follow, max-snippet:-1, max-image-preview:large, max-video-preview:-1\" \/>\n<link rel=\"canonical\" href=\"https:\/\/murerpoint.dk\/nl\/product\/chaser-sole-plate-efficient-en-stofvrij-sleuven-frezen\/\" \/>\n<meta property=\"og:locale\" content=\"nl_NL\" \/>\n<meta property=\"og:type\" content=\"article\" \/>\n<meta property=\"og:title\" content=\"Chaser Sole Plate \u2013 Effici\u00ebnt en Stofvrij Sleuven Frezen - Murerpoint ApS\" \/>\n<meta property=\"og:description\" content=\"Stofvrij sleuven frezen in Durox, Ytong en GiBo met constante diepte en stabiele richting. Gebruik met stofzuiger voor optimale resultaten.\" \/>\n<meta property=\"og:url\" content=\"https:\/\/murerpoint.dk\/nl\/product\/chaser-sole-plate-efficient-en-stofvrij-sleuven-frezen\/\" \/>\n<meta property=\"og:site_name\" content=\"Murerpoint ApS\" \/>\n<meta property=\"article:publisher\" content=\"https:\/\/m.facebook.com\/profile.php?id=61555157262134\" \/>\n<meta property=\"article:modified_time\" content=\"2024-10-22T18:07:09+00:00\" \/>\n<meta property=\"og:image\" content=\"https:\/\/murerpoint.dk\/wp-content\/uploads\/2024\/09\/Rillefraesersaal-top-150x150-1-1.jpg\" \/>\n\t<meta property=\"og:image:width\" content=\"223\" \/>\n\t<meta property=\"og:image:height\" content=\"234\" \/>\n\t<meta property=\"og:image:type\" content=\"image\/jpeg\" \/>\n<meta name=\"twitter:card\" content=\"summary_large_image\" \/>\n<meta name=\"twitter:label1\" content=\"Prijs\" \/>\n\t<meta name=\"twitter:data1\" content=\"&euro;76.94 Pris ekskl. moms: &euro;61.55\" \/>\n\t<meta name=\"twitter:label2\" content=\"Beschikbaarheid\" \/>\n\t<meta name=\"twitter:data2\" content=\"Op voorraad\" \/>\n<script type=\"application\/ld+json\" class=\"yoast-schema-graph\">{\"@context\":\"https:\\\/\\\/schema.org\",\"@graph\":[{\"@type\":\"WebPage\",\"@id\":\"https:\\\/\\\/murerpoint.dk\\\/nl\\\/product\\\/chaser-sole-plate-efficient-en-stofvrij-sleuven-frezen\\\/\",\"url\":\"https:\\\/\\\/murerpoint.dk\\\/nl\\\/product\\\/chaser-sole-plate-efficient-en-stofvrij-sleuven-frezen\\\/\",\"name\":\"Chaser Sole Plate \u2013 Effici\u00ebnt en Stofvrij Sleuven Frezen - Murerpoint ApS\",\"isPartOf\":{\"@id\":\"https:\\\/\\\/murerpoint.dk\\\/nl\\\/#website\"},\"primaryImageOfPage\":{\"@id\":\"https:\\\/\\\/murerpoint.dk\\\/nl\\\/product\\\/chaser-sole-plate-efficient-en-stofvrij-sleuven-frezen\\\/#primaryimage\"},\"image\":{\"@id\":\"https:\\\/\\\/murerpoint.dk\\\/nl\\\/product\\\/chaser-sole-plate-efficient-en-stofvrij-sleuven-frezen\\\/#primaryimage\"},\"thumbnailUrl\":\"https:\\\/\\\/murerpoint.dk\\\/wp-content\\\/uploads\\\/2024\\\/09\\\/Rillefraesersaal-top-150x150-1-1.jpg\",\"datePublished\":\"2024-09-11T10:12:30+00:00\",\"dateModified\":\"2024-10-22T18:07:09+00:00\",\"description\":\"Stofvrij sleuven frezen in Durox, Ytong en GiBo met constante diepte en stabiele richting. Gebruik met stofzuiger voor optimale resultaten.\",\"breadcrumb\":{\"@id\":\"https:\\\/\\\/murerpoint.dk\\\/nl\\\/product\\\/chaser-sole-plate-efficient-en-stofvrij-sleuven-frezen\\\/#breadcrumb\"},\"inLanguage\":\"nl-NL\",\"potentialAction\":[{\"@type\":\"ReadAction\",\"target\":[\"https:\\\/\\\/murerpoint.dk\\\/nl\\\/product\\\/chaser-sole-plate-efficient-en-stofvrij-sleuven-frezen\\\/\"]}]},{\"@type\":\"ImageObject\",\"inLanguage\":\"nl-NL\",\"@id\":\"https:\\\/\\\/murerpoint.dk\\\/nl\\\/product\\\/chaser-sole-plate-efficient-en-stofvrij-sleuven-frezen\\\/#primaryimage\",\"url\":\"https:\\\/\\\/murerpoint.dk\\\/wp-content\\\/uploads\\\/2024\\\/09\\\/Rillefraesersaal-top-150x150-1-1.jpg\",\"contentUrl\":\"https:\\\/\\\/murerpoint.dk\\\/wp-content\\\/uploads\\\/2024\\\/09\\\/Rillefraesersaal-top-150x150-1-1.jpg\",\"width\":223,\"height\":234,\"caption\":\"Rillefr\u00e6sers\u00e5len har tre funktioner: 1. s\u00f8rger for ensartet dybde 2. holder retningen grundet fixeret styreskinne 3. st\u00f8vfri fr\u00e6sning ved sammenkobling med st\u00f8vssuger\"},{\"@type\":\"BreadcrumbList\",\"@id\":\"https:\\\/\\\/murerpoint.dk\\\/nl\\\/product\\\/chaser-sole-plate-efficient-en-stofvrij-sleuven-frezen\\\/#breadcrumb\",\"itemListElement\":[{\"@type\":\"ListItem\",\"position\":1,\"name\":\"Hjem\",\"item\":\"https:\\\/\\\/murerpoint.dk\\\/nl\\\/\"},{\"@type\":\"ListItem\",\"position\":2,\"name\":\"SHOPPEN\",\"item\":\"https:\\\/\\\/murerpoint.dk\\\/nl\\\/shoppen\\\/\"},{\"@type\":\"ListItem\",\"position\":3,\"name\":\"Chaser Sole Plate \u2013 Effici\u00ebnt en Stofvrij Sleuven Frezen\"}]},{\"@type\":\"WebSite\",\"@id\":\"https:\\\/\\\/murerpoint.dk\\\/nl\\\/#website\",\"url\":\"https:\\\/\\\/murerpoint.dk\\\/nl\\\/\",\"name\":\"Murerpoint\",\"description\":\"kvalitets v\u00e6rkt\u00f8j\",\"publisher\":{\"@id\":\"https:\\\/\\\/murerpoint.dk\\\/nl\\\/#organization\"},\"potentialAction\":[{\"@type\":\"SearchAction\",\"target\":{\"@type\":\"EntryPoint\",\"urlTemplate\":\"https:\\\/\\\/murerpoint.dk\\\/nl\\\/?s={search_term_string}\"},\"query-input\":{\"@type\":\"PropertyValueSpecification\",\"valueRequired\":true,\"valueName\":\"search_term_string\"}}],\"inLanguage\":\"nl-NL\"},{\"@type\":\"Organization\",\"@id\":\"https:\\\/\\\/murerpoint.dk\\\/nl\\\/#organization\",\"name\":\"Murerpoint ApS\",\"url\":\"https:\\\/\\\/murerpoint.dk\\\/nl\\\/\",\"logo\":{\"@type\":\"ImageObject\",\"inLanguage\":\"nl-NL\",\"@id\":\"https:\\\/\\\/murerpoint.dk\\\/nl\\\/#\\\/schema\\\/logo\\\/image\\\/\",\"url\":\"https:\\\/\\\/murerpoint.dk\\\/wp-content\\\/uploads\\\/2023\\\/12\\\/cropped-Sort-Midt-Roed-Mursten.png\",\"contentUrl\":\"https:\\\/\\\/murerpoint.dk\\\/wp-content\\\/uploads\\\/2023\\\/12\\\/cropped-Sort-Midt-Roed-Mursten.png\",\"width\":512,\"height\":512,\"caption\":\"Murerpoint ApS\"},\"image\":{\"@id\":\"https:\\\/\\\/murerpoint.dk\\\/nl\\\/#\\\/schema\\\/logo\\\/image\\\/\"},\"sameAs\":[\"https:\\\/\\\/m.facebook.com\\\/profile.php?id=61555157262134\",\"https:\\\/\\\/www.instagram.com\\\/murerpoint?igsh=azluMWV6cTnc2ts&utm_source=qr\",\"https:\\\/\\\/www.tiktok.com\\\/@murerpoint?is_from_webapp=1&sender_device=pc\"]}]}<\/script>\n<meta property=\"product:price:amount\" content=\"76.94\" \/>\n<meta property=\"product:price:currency\" content=\"EUR\" \/>\n<meta property=\"og:availability\" content=\"instock\" \/>\n<meta property=\"product:availability\" content=\"instock\" \/>\n<meta property=\"product:retailer_item_id\" content=\"mp000133\" \/>\n<meta property=\"product:condition\" content=\"new\" \/>\n<!-- \/ Yoast SEO plugin. -->","yoast_head_json":{"title":"Chaser Sole Plate \u2013 Effici\u00ebnt en Stofvrij Sleuven Frezen - Murerpoint ApS","description":"Stofvrij sleuven frezen in Durox, Ytong en GiBo met constante diepte en stabiele richting. Gebruik met stofzuiger voor optimale resultaten.","robots":{"index":"index","follow":"follow","max-snippet":"max-snippet:-1","max-image-preview":"max-image-preview:large","max-video-preview":"max-video-preview:-1"},"canonical":"https:\/\/murerpoint.dk\/nl\/product\/chaser-sole-plate-efficient-en-stofvrij-sleuven-frezen\/","og_locale":"nl_NL","og_type":"article","og_title":"Chaser Sole Plate \u2013 Effici\u00ebnt en Stofvrij Sleuven Frezen - Murerpoint ApS","og_description":"Stofvrij sleuven frezen in Durox, Ytong en GiBo met constante diepte en stabiele richting. Gebruik met stofzuiger voor optimale resultaten.","og_url":"https:\/\/murerpoint.dk\/nl\/product\/chaser-sole-plate-efficient-en-stofvrij-sleuven-frezen\/","og_site_name":"Murerpoint ApS","article_publisher":"https:\/\/m.facebook.com\/profile.php?id=61555157262134","article_modified_time":"2024-10-22T18:07:09+00:00","og_image":[{"width":223,"height":234,"url":"https:\/\/murerpoint.dk\/wp-content\/uploads\/2024\/09\/Rillefraesersaal-top-150x150-1-1.jpg","type":"image\/jpeg"}],"twitter_card":"summary_large_image","twitter_misc":{"Prijs":"&euro;76.94 Pris ekskl. moms: &euro;61.55","Beschikbaarheid":"Op voorraad"},"schema":{"@context":"https:\/\/schema.org","@graph":[{"@type":"WebPage","@id":"https:\/\/murerpoint.dk\/nl\/product\/chaser-sole-plate-efficient-en-stofvrij-sleuven-frezen\/","url":"https:\/\/murerpoint.dk\/nl\/product\/chaser-sole-plate-efficient-en-stofvrij-sleuven-frezen\/","name":"Chaser Sole Plate \u2013 Effici\u00ebnt en Stofvrij Sleuven Frezen - Murerpoint ApS","isPartOf":{"@id":"https:\/\/murerpoint.dk\/nl\/#website"},"primaryImageOfPage":{"@id":"https:\/\/murerpoint.dk\/nl\/product\/chaser-sole-plate-efficient-en-stofvrij-sleuven-frezen\/#primaryimage"},"image":{"@id":"https:\/\/murerpoint.dk\/nl\/product\/chaser-sole-plate-efficient-en-stofvrij-sleuven-frezen\/#primaryimage"},"thumbnailUrl":"https:\/\/murerpoint.dk\/wp-content\/uploads\/2024\/09\/Rillefraesersaal-top-150x150-1-1.jpg","datePublished":"2024-09-11T10:12:30+00:00","dateModified":"2024-10-22T18:07:09+00:00","description":"Stofvrij sleuven frezen in Durox, Ytong en GiBo met constante diepte en stabiele richting. Gebruik met stofzuiger voor optimale resultaten.","breadcrumb":{"@id":"https:\/\/murerpoint.dk\/nl\/product\/chaser-sole-plate-efficient-en-stofvrij-sleuven-frezen\/#breadcrumb"},"inLanguage":"nl-NL","potentialAction":[{"@type":"ReadAction","target":["https:\/\/murerpoint.dk\/nl\/product\/chaser-sole-plate-efficient-en-stofvrij-sleuven-frezen\/"]}]},{"@type":"ImageObject","inLanguage":"nl-NL","@id":"https:\/\/murerpoint.dk\/nl\/product\/chaser-sole-plate-efficient-en-stofvrij-sleuven-frezen\/#primaryimage","url":"https:\/\/murerpoint.dk\/wp-content\/uploads\/2024\/09\/Rillefraesersaal-top-150x150-1-1.jpg","contentUrl":"https:\/\/murerpoint.dk\/wp-content\/uploads\/2024\/09\/Rillefraesersaal-top-150x150-1-1.jpg","width":223,"height":234,"caption":"Rillefr\u00e6sers\u00e5len har tre funktioner: 1. s\u00f8rger for ensartet dybde 2. holder retningen grundet fixeret styreskinne 3. st\u00f8vfri fr\u00e6sning ved sammenkobling med st\u00f8vssuger"},{"@type":"BreadcrumbList","@id":"https:\/\/murerpoint.dk\/nl\/product\/chaser-sole-plate-efficient-en-stofvrij-sleuven-frezen\/#breadcrumb","itemListElement":[{"@type":"ListItem","position":1,"name":"Hjem","item":"https:\/\/murerpoint.dk\/nl\/"},{"@type":"ListItem","position":2,"name":"SHOPPEN","item":"https:\/\/murerpoint.dk\/nl\/shoppen\/"},{"@type":"ListItem","position":3,"name":"Chaser Sole Plate \u2013 Effici\u00ebnt en Stofvrij Sleuven Frezen"}]},{"@type":"WebSite","@id":"https:\/\/murerpoint.dk\/nl\/#website","url":"https:\/\/murerpoint.dk\/nl\/","name":"Murerpoint","description":"kvalitets v\u00e6rkt\u00f8j","publisher":{"@id":"https:\/\/murerpoint.dk\/nl\/#organization"},"potentialAction":[{"@type":"SearchAction","target":{"@type":"EntryPoint","urlTemplate":"https:\/\/murerpoint.dk\/nl\/?s={search_term_string}"},"query-input":{"@type":"PropertyValueSpecification","valueRequired":true,"valueName":"search_term_string"}}],"inLanguage":"nl-NL"},{"@type":"Organization","@id":"https:\/\/murerpoint.dk\/nl\/#organization","name":"Murerpoint ApS","url":"https:\/\/murerpoint.dk\/nl\/","logo":{"@type":"ImageObject","inLanguage":"nl-NL","@id":"https:\/\/murerpoint.dk\/nl\/#\/schema\/logo\/image\/","url":"https:\/\/murerpoint.dk\/wp-content\/uploads\/2023\/12\/cropped-Sort-Midt-Roed-Mursten.png","contentUrl":"https:\/\/murerpoint.dk\/wp-content\/uploads\/2023\/12\/cropped-Sort-Midt-Roed-Mursten.png","width":512,"height":512,"caption":"Murerpoint ApS"},"image":{"@id":"https:\/\/murerpoint.dk\/nl\/#\/schema\/logo\/image\/"},"sameAs":["https:\/\/m.facebook.com\/profile.php?id=61555157262134","https:\/\/www.instagram.com\/murerpoint?igsh=azluMWV6cTnc2ts&utm_source=qr","https:\/\/www.tiktok.com\/@murerpoint?is_from_webapp=1&sender_device=pc"]}]},"product_price_amount":"76.94","product_price_currency":"EUR","og_availability":"instock","product_availability":"instock","product_retailer_item_id":"mp000133","product_condition":"new"},"_links":{"self":[{"href":"https:\/\/murerpoint.dk\/nl\/wp-json\/wp\/v2\/product\/6544","targetHints":{"allow":["GET"]}}],"collection":[{"href":"https:\/\/murerpoint.dk\/nl\/wp-json\/wp\/v2\/product"}],"about":[{"href":"https:\/\/murerpoint.dk\/nl\/wp-json\/wp\/v2\/types\/product"}],"replies":[{"embeddable":true,"href":"https:\/\/murerpoint.dk\/nl\/wp-json\/wp\/v2\/comments?post=6544"}],"wp:featuredmedia":[{"embeddable":true,"href":"https:\/\/murerpoint.dk\/nl\/wp-json\/wp\/v2\/media\/6522"}],"wp:attachment":[{"href":"https:\/\/murerpoint.dk\/nl\/wp-json\/wp\/v2\/media?parent=6544"}],"wp:term":[{"taxonomy":"product_brand","embeddable":true,"href":"https:\/\/murerpoint.dk\/nl\/wp-json\/wp\/v2\/product_brand?post=6544"},{"taxonomy":"product_cat","embeddable":true,"href":"https:\/\/murerpoint.dk\/nl\/wp-json\/wp\/v2\/product_cat?post=6544"},{"taxonomy":"product_tag","embeddable":true,"href":"https:\/\/murerpoint.dk\/nl\/wp-json\/wp\/v2\/product_tag?post=6544"}],"curies":[{"name":"wp","href":"https:\/\/api.w.org\/{rel}","templated":true}]}}