{"id":6626,"date":"2024-09-14T09:29:31","date_gmt":"2024-09-14T09:29:31","guid":{"rendered":"https:\/\/murerpoint.dk\/product\/diamant-fliesenscheibe-oe-50-mm-fuer-trocken-und-nassschnitt\/"},"modified":"2024-09-14T10:46:21","modified_gmt":"2024-09-14T10:46:21","slug":"diamant-fliesenscheibe-oe-50-mm-fur-trocken-und-nassschnitt","status":"publish","type":"product","link":"https:\/\/murerpoint.dk\/nl\/product\/diamant-fliesenscheibe-oe-50-mm-fur-trocken-und-nassschnitt\/","title":{"rendered":"Diamant-Fliesenscheibe \u00d8 50 mm f\u00fcr Trocken-und Nassschnitt"},"content":{"rendered":"<?xml encoding=\"utf-8\" ?><h5><strong>Diamant-Fliesenscheibe &Oslash; 50 mm f&uuml;r Trocken-und Nassschnitt &ndash; Pr&auml;zision<\/strong><\/h5><p>Beim Arbeiten mit Fliesen, Marmor oder Naturstein sind Pr&auml;zision und Effizienz entscheidend. Bei Murerpoint.de wissen wir, wie wichtig das richtige Werkzeug f&uuml;r die Arbeit ist. Deshalb bieten wir unsere <strong>50 mm Diamant-Fliesenscheibe<\/strong> an, die nicht nur pr&auml;zise Ergebnisse liefert, sondern Ihre Arbeit jedes Mal erleichtert.<\/p><hr><h5><strong>Warum unsere Diamant-Fliesenscheibe w&auml;hlen?<\/strong><\/h5><ul>\n<li><strong>Pr&auml;zision in den Ecken:<\/strong> Mit unserem Verl&auml;ngerungsst&uuml;ck und der 50 mm Scheibe k&ouml;nnen Sie perfekt in Ecken schneiden und pr&auml;zise Schnitte ausf&uuml;hren, die beim Fliesen- und Steinschneiden oft erforderlich sind.<\/li>\n<li><strong>F&uuml;r Trocken- und Nassschnitt geeignet:<\/strong> Egal, ob Sie im Trockenschnitt oder Nassschnitt arbeiten, das 6-mm-Diamantsegment erm&ouml;glicht einen schnellen und effizienten Schnitt durch Keramikfliesen, Porzellan, Marmor und Naturstein.<\/li>\n<li><strong>M14-Gewinde &ndash; einfache Montage:<\/strong> Das Verl&auml;ngerungsst&uuml;ck hat ein M14-Gewinde, das mit den meisten Winkelschleifern kompatibel ist. So k&ouml;nnen Sie schnell und problemlos mit der Arbeit beginnen.<\/li>\n<li><strong>Vielseitige Anwendung:<\/strong> Egal, ob Sie mit hartem Fliesenkleber arbeiten, Fliesen f&uuml;r kleinere Renovierungsarbeiten schneiden oder eine breite Nut f&uuml;r eine Abschlussleiste ben&ouml;tigen, dieses Werkzeug ist das richtige f&uuml;r Sie.<\/li>\n<\/ul><hr><h5><strong>Was bekommen Sie als Kunde bei uns?<\/strong><\/h5><p>Wir wissen, dass das richtige Werkzeug den Unterschied ausmacht. Bei Murerpoint erhalten Sie nicht nur Qualit&auml;tswerkzeuge &ndash; Sie bekommen eine L&ouml;sung, die auf Ihre Bed&uuml;rfnisse zugeschnitten ist. Unsere Produkte sind von Fachleuten getestet, und wir sorgen daf&uuml;r, dass Sie die Unterst&uuml;tzung und Beratung erhalten, die Sie brauchen, um Ihre Projekte effizient zu erledigen.<\/p>\n","protected":false},"excerpt":{"rendered":"<h5><strong>Diamant-Fliesenscheibe \u00d8 50 mm f\u00fcr Trocken- und Nassschnitt \u2013 Pr\u00e4zision<\/strong><\/h5>\n<p>50 mm Diamant-Fliesenscheibe f\u00fcr Trocken- und Nassschnitt von Keramikfliesen, Marmor, Porzellan und Naturstein. Passend f\u00fcr Winkelschleifer mit M14-Gewinde. Perfekt f\u00fcr pr\u00e4zise Eckschnitte.<\/p>\n<p>&nbsp;<\/p>\n<p>&nbsp;<\/p>\n<p>50 mm diamond tile blade for dry and wet cutting of ceramic tiles, marble, porcelain, and natural stone. Fits angle grinders with M14 thread. Perfect for precise corner cuts.<\/p>\n","protected":false},"featured_media":6603,"comment_status":"open","ping_status":"closed","template":"","meta":[],"product_brand":[],"product_cat":[5780,1222,1247,1203],"product_tag":[826,5678,7350,7351,1556,7352,7353,7354,7355,7356,7357,7358,2321,7359,6743,5689,5690,7360,7361,7362,7363,7364,7365,6744,6754,6745,1945,7366,7367,7368,7369,7370,7371,7372,7373,7374,7375,7376,7377,5700,6992,821,2898],"class_list":{"0":"post-6626","1":"product","2":"type-product","3":"status-publish","4":"has-post-thumbnail","6":"product_cat-diamant-tegelbor","7":"product_cat-diamant-klinger-nl","8":"product_cat-diamant-zaagbladen-voor-haakse-slijper-nl","9":"product_cat-zaagbladen-cirkelzaagbladen","10":"product_tag-anglegrinder-nl","11":"product_tag-ceramictiles-nl","12":"product_tag-diamantfliesenscheibe-nl","13":"product_tag-diamantfliseklinge-nl","14":"product_tag-diamantkakelblad-nl","15":"product_tag-diamanttegelzaag-nl","16":"product_tag-diamondtileblade-nl","17":"product_tag-droogennatzagen-nl","18":"product_tag-dryandwetcutting-nl","19":"product_tag-exaktskaerning-nl","20":"product_tag-fliesenschneiden-nl","21":"product_tag-fliseskaering-nl","22":"product_tag-haakseslijper","23":"product_tag-kakelklippning-nl","24":"product_tag-keramik-nl","25":"product_tag-keramikfliesen-nl","26":"product_tag-keramischetegels-nl","27":"product_tag-keramiskefliser-nl","28":"product_tag-m14draad-nl","29":"product_tag-m14gaenga-nl","30":"product_tag-m14gevind-nl","31":"product_tag-m14gewinde-nl","32":"product_tag-m14thread-nl","33":"product_tag-marble-nl","34":"product_tag-marmer-nl","35":"product_tag-marmor-nl","36":"product_tag-naturalstone-nl","37":"product_tag-naturstein-nl","38":"product_tag-natursten-nl","39":"product_tag-natuursteen-nl","40":"product_tag-nauwkeurigesneden-nl","41":"product_tag-praecisering-nl","42":"product_tag-praeziseschneiden-nl","43":"product_tag-precisecutting-nl","44":"product_tag-tegelsnijden-nl","45":"product_tag-tilecutting-nl","46":"product_tag-torrvaatklippning-nl","47":"product_tag-trockenundnassschnitt-nl","48":"product_tag-vaadogtoerskaering-nl","49":"product_tag-vinkelsliber-nl","50":"product_tag-vinkelslip-nl","51":"product_tag-winkelschleifer","52":"product_tag-googleads-nl","54":"first","55":"instock","56":"taxable","57":"shipping-taxable","58":"purchasable","59":"product-type-simple"},"yoast_head":"<!-- This site is optimized with the Yoast SEO plugin v27.4 - https:\/\/yoast.com\/product\/yoast-seo-wordpress\/ -->\n<title>Diamant-Fliesenscheibe \u00d8 50 mm f\u00fcr Trocken-und Nassschnitt - Murerpoint ApS<\/title>\n<meta name=\"description\" content=\"Effektive Diamant-Fliesenscheibe \u00d8 50 mm f\u00fcr Trocken- und Nassschnitt. F\u00fcr pr\u00e4zise Schnitte in Fliesen, Marmor und Naturstein. Mit M14-Gewinde.\" \/>\n<meta name=\"robots\" content=\"index, follow, max-snippet:-1, max-image-preview:large, max-video-preview:-1\" \/>\n<link rel=\"canonical\" href=\"https:\/\/murerpoint.dk\/nl\/product\/diamant-fliesenscheibe-oe-50-mm-fur-trocken-und-nassschnitt\/\" \/>\n<meta property=\"og:locale\" content=\"nl_NL\" \/>\n<meta property=\"og:type\" content=\"article\" \/>\n<meta property=\"og:title\" content=\"Diamant-Fliesenscheibe \u00d8 50 mm f\u00fcr Trocken-und Nassschnitt - Murerpoint ApS\" \/>\n<meta property=\"og:description\" content=\"Effektive Diamant-Fliesenscheibe \u00d8 50 mm f\u00fcr Trocken- und Nassschnitt. F\u00fcr pr\u00e4zise Schnitte in Fliesen, Marmor und Naturstein. Mit M14-Gewinde.\" \/>\n<meta property=\"og:url\" content=\"https:\/\/murerpoint.dk\/nl\/product\/diamant-fliesenscheibe-oe-50-mm-fur-trocken-und-nassschnitt\/\" \/>\n<meta property=\"og:site_name\" content=\"Murerpoint ApS\" \/>\n<meta property=\"article:publisher\" content=\"https:\/\/m.facebook.com\/profile.php?id=61555157262134\" \/>\n<meta property=\"article:modified_time\" content=\"2024-09-14T10:46:21+00:00\" \/>\n<meta property=\"og:image\" content=\"https:\/\/murerpoint.dk\/wp-content\/uploads\/2024\/09\/til_forsiden_-removebg-preview-1-e1726308942172.png\" \/>\n\t<meta property=\"og:image:width\" content=\"577\" \/>\n\t<meta property=\"og:image:height\" content=\"433\" \/>\n\t<meta property=\"og:image:type\" content=\"image\/png\" \/>\n<meta name=\"twitter:card\" content=\"summary_large_image\" \/>\n<meta name=\"twitter:label1\" content=\"Prijs\" \/>\n\t<meta name=\"twitter:data1\" content=\"&euro;16.05 Pris ekskl. moms: &euro;12.84\" \/>\n\t<meta name=\"twitter:label2\" content=\"Beschikbaarheid\" \/>\n\t<meta name=\"twitter:data2\" content=\"Op voorraad\" \/>\n<script type=\"application\/ld+json\" class=\"yoast-schema-graph\">{\"@context\":\"https:\\\/\\\/schema.org\",\"@graph\":[{\"@type\":\"WebPage\",\"@id\":\"https:\\\/\\\/murerpoint.dk\\\/nl\\\/product\\\/diamant-fliesenscheibe-oe-50-mm-fur-trocken-und-nassschnitt\\\/\",\"url\":\"https:\\\/\\\/murerpoint.dk\\\/nl\\\/product\\\/diamant-fliesenscheibe-oe-50-mm-fur-trocken-und-nassschnitt\\\/\",\"name\":\"Diamant-Fliesenscheibe \u00d8 50 mm f\u00fcr Trocken-und Nassschnitt - Murerpoint ApS\",\"isPartOf\":{\"@id\":\"https:\\\/\\\/murerpoint.dk\\\/nl\\\/#website\"},\"primaryImageOfPage\":{\"@id\":\"https:\\\/\\\/murerpoint.dk\\\/nl\\\/product\\\/diamant-fliesenscheibe-oe-50-mm-fur-trocken-und-nassschnitt\\\/#primaryimage\"},\"image\":{\"@id\":\"https:\\\/\\\/murerpoint.dk\\\/nl\\\/product\\\/diamant-fliesenscheibe-oe-50-mm-fur-trocken-und-nassschnitt\\\/#primaryimage\"},\"thumbnailUrl\":\"https:\\\/\\\/murerpoint.dk\\\/wp-content\\\/uploads\\\/2024\\\/09\\\/til_forsiden_-removebg-preview-1-e1726308942172.png\",\"datePublished\":\"2024-09-14T09:29:31+00:00\",\"dateModified\":\"2024-09-14T10:46:21+00:00\",\"description\":\"Effektive Diamant-Fliesenscheibe \u00d8 50 mm f\u00fcr Trocken- und Nassschnitt. F\u00fcr pr\u00e4zise Schnitte in Fliesen, Marmor und Naturstein. Mit M14-Gewinde.\",\"breadcrumb\":{\"@id\":\"https:\\\/\\\/murerpoint.dk\\\/nl\\\/product\\\/diamant-fliesenscheibe-oe-50-mm-fur-trocken-und-nassschnitt\\\/#breadcrumb\"},\"inLanguage\":\"nl-NL\",\"potentialAction\":[{\"@type\":\"ReadAction\",\"target\":[\"https:\\\/\\\/murerpoint.dk\\\/nl\\\/product\\\/diamant-fliesenscheibe-oe-50-mm-fur-trocken-und-nassschnitt\\\/\"]}]},{\"@type\":\"ImageObject\",\"inLanguage\":\"nl-NL\",\"@id\":\"https:\\\/\\\/murerpoint.dk\\\/nl\\\/product\\\/diamant-fliesenscheibe-oe-50-mm-fur-trocken-und-nassschnitt\\\/#primaryimage\",\"url\":\"https:\\\/\\\/murerpoint.dk\\\/wp-content\\\/uploads\\\/2024\\\/09\\\/til_forsiden_-removebg-preview-1-e1726308942172.png\",\"contentUrl\":\"https:\\\/\\\/murerpoint.dk\\\/wp-content\\\/uploads\\\/2024\\\/09\\\/til_forsiden_-removebg-preview-1-e1726308942172.png\",\"width\":577,\"height\":433,\"caption\":\"Diamant Fliseklinge \u00d8 50mm til montering p\u00e5 vinkelsliber\"},{\"@type\":\"BreadcrumbList\",\"@id\":\"https:\\\/\\\/murerpoint.dk\\\/nl\\\/product\\\/diamant-fliesenscheibe-oe-50-mm-fur-trocken-und-nassschnitt\\\/#breadcrumb\",\"itemListElement\":[{\"@type\":\"ListItem\",\"position\":1,\"name\":\"Hjem\",\"item\":\"https:\\\/\\\/murerpoint.dk\\\/nl\\\/\"},{\"@type\":\"ListItem\",\"position\":2,\"name\":\"SHOPPEN\",\"item\":\"https:\\\/\\\/murerpoint.dk\\\/nl\\\/shoppen\\\/\"},{\"@type\":\"ListItem\",\"position\":3,\"name\":\"Diamant-Fliesenscheibe \u00d8 50 mm f\u00fcr Trocken-und Nassschnitt\"}]},{\"@type\":\"WebSite\",\"@id\":\"https:\\\/\\\/murerpoint.dk\\\/nl\\\/#website\",\"url\":\"https:\\\/\\\/murerpoint.dk\\\/nl\\\/\",\"name\":\"Murerpoint\",\"description\":\"kvalitets v\u00e6rkt\u00f8j\",\"publisher\":{\"@id\":\"https:\\\/\\\/murerpoint.dk\\\/nl\\\/#organization\"},\"potentialAction\":[{\"@type\":\"SearchAction\",\"target\":{\"@type\":\"EntryPoint\",\"urlTemplate\":\"https:\\\/\\\/murerpoint.dk\\\/nl\\\/?s={search_term_string}\"},\"query-input\":{\"@type\":\"PropertyValueSpecification\",\"valueRequired\":true,\"valueName\":\"search_term_string\"}}],\"inLanguage\":\"nl-NL\"},{\"@type\":\"Organization\",\"@id\":\"https:\\\/\\\/murerpoint.dk\\\/nl\\\/#organization\",\"name\":\"Murerpoint ApS\",\"url\":\"https:\\\/\\\/murerpoint.dk\\\/nl\\\/\",\"logo\":{\"@type\":\"ImageObject\",\"inLanguage\":\"nl-NL\",\"@id\":\"https:\\\/\\\/murerpoint.dk\\\/nl\\\/#\\\/schema\\\/logo\\\/image\\\/\",\"url\":\"https:\\\/\\\/murerpoint.dk\\\/wp-content\\\/uploads\\\/2023\\\/12\\\/cropped-Sort-Midt-Roed-Mursten.png\",\"contentUrl\":\"https:\\\/\\\/murerpoint.dk\\\/wp-content\\\/uploads\\\/2023\\\/12\\\/cropped-Sort-Midt-Roed-Mursten.png\",\"width\":512,\"height\":512,\"caption\":\"Murerpoint ApS\"},\"image\":{\"@id\":\"https:\\\/\\\/murerpoint.dk\\\/nl\\\/#\\\/schema\\\/logo\\\/image\\\/\"},\"sameAs\":[\"https:\\\/\\\/m.facebook.com\\\/profile.php?id=61555157262134\",\"https:\\\/\\\/www.instagram.com\\\/murerpoint?igsh=azluMWV6cTnc2ts&utm_source=qr\",\"https:\\\/\\\/www.tiktok.com\\\/@murerpoint?is_from_webapp=1&sender_device=pc\"]}]}<\/script>\n<meta property=\"product:price:amount\" content=\"16.05\" \/>\n<meta property=\"product:price:currency\" content=\"EUR\" \/>\n<meta property=\"og:availability\" content=\"instock\" \/>\n<meta property=\"product:availability\" content=\"instock\" \/>\n<meta property=\"product:retailer_item_id\" content=\"mp000137\" \/>\n<meta property=\"product:condition\" content=\"new\" \/>\n<!-- \/ Yoast SEO plugin. -->","yoast_head_json":{"title":"Diamant-Fliesenscheibe \u00d8 50 mm f\u00fcr Trocken-und Nassschnitt - Murerpoint ApS","description":"Effektive Diamant-Fliesenscheibe \u00d8 50 mm f\u00fcr Trocken- und Nassschnitt. F\u00fcr pr\u00e4zise Schnitte in Fliesen, Marmor und Naturstein. Mit M14-Gewinde.","robots":{"index":"index","follow":"follow","max-snippet":"max-snippet:-1","max-image-preview":"max-image-preview:large","max-video-preview":"max-video-preview:-1"},"canonical":"https:\/\/murerpoint.dk\/nl\/product\/diamant-fliesenscheibe-oe-50-mm-fur-trocken-und-nassschnitt\/","og_locale":"nl_NL","og_type":"article","og_title":"Diamant-Fliesenscheibe \u00d8 50 mm f\u00fcr Trocken-und Nassschnitt - Murerpoint ApS","og_description":"Effektive Diamant-Fliesenscheibe \u00d8 50 mm f\u00fcr Trocken- und Nassschnitt. F\u00fcr pr\u00e4zise Schnitte in Fliesen, Marmor und Naturstein. Mit M14-Gewinde.","og_url":"https:\/\/murerpoint.dk\/nl\/product\/diamant-fliesenscheibe-oe-50-mm-fur-trocken-und-nassschnitt\/","og_site_name":"Murerpoint ApS","article_publisher":"https:\/\/m.facebook.com\/profile.php?id=61555157262134","article_modified_time":"2024-09-14T10:46:21+00:00","og_image":[{"width":577,"height":433,"url":"https:\/\/murerpoint.dk\/wp-content\/uploads\/2024\/09\/til_forsiden_-removebg-preview-1-e1726308942172.png","type":"image\/png"}],"twitter_card":"summary_large_image","twitter_misc":{"Prijs":"&euro;16.05 Pris ekskl. moms: &euro;12.84","Beschikbaarheid":"Op voorraad"},"schema":{"@context":"https:\/\/schema.org","@graph":[{"@type":"WebPage","@id":"https:\/\/murerpoint.dk\/nl\/product\/diamant-fliesenscheibe-oe-50-mm-fur-trocken-und-nassschnitt\/","url":"https:\/\/murerpoint.dk\/nl\/product\/diamant-fliesenscheibe-oe-50-mm-fur-trocken-und-nassschnitt\/","name":"Diamant-Fliesenscheibe \u00d8 50 mm f\u00fcr Trocken-und Nassschnitt - Murerpoint ApS","isPartOf":{"@id":"https:\/\/murerpoint.dk\/nl\/#website"},"primaryImageOfPage":{"@id":"https:\/\/murerpoint.dk\/nl\/product\/diamant-fliesenscheibe-oe-50-mm-fur-trocken-und-nassschnitt\/#primaryimage"},"image":{"@id":"https:\/\/murerpoint.dk\/nl\/product\/diamant-fliesenscheibe-oe-50-mm-fur-trocken-und-nassschnitt\/#primaryimage"},"thumbnailUrl":"https:\/\/murerpoint.dk\/wp-content\/uploads\/2024\/09\/til_forsiden_-removebg-preview-1-e1726308942172.png","datePublished":"2024-09-14T09:29:31+00:00","dateModified":"2024-09-14T10:46:21+00:00","description":"Effektive Diamant-Fliesenscheibe \u00d8 50 mm f\u00fcr Trocken- und Nassschnitt. F\u00fcr pr\u00e4zise Schnitte in Fliesen, Marmor und Naturstein. Mit M14-Gewinde.","breadcrumb":{"@id":"https:\/\/murerpoint.dk\/nl\/product\/diamant-fliesenscheibe-oe-50-mm-fur-trocken-und-nassschnitt\/#breadcrumb"},"inLanguage":"nl-NL","potentialAction":[{"@type":"ReadAction","target":["https:\/\/murerpoint.dk\/nl\/product\/diamant-fliesenscheibe-oe-50-mm-fur-trocken-und-nassschnitt\/"]}]},{"@type":"ImageObject","inLanguage":"nl-NL","@id":"https:\/\/murerpoint.dk\/nl\/product\/diamant-fliesenscheibe-oe-50-mm-fur-trocken-und-nassschnitt\/#primaryimage","url":"https:\/\/murerpoint.dk\/wp-content\/uploads\/2024\/09\/til_forsiden_-removebg-preview-1-e1726308942172.png","contentUrl":"https:\/\/murerpoint.dk\/wp-content\/uploads\/2024\/09\/til_forsiden_-removebg-preview-1-e1726308942172.png","width":577,"height":433,"caption":"Diamant Fliseklinge \u00d8 50mm til montering p\u00e5 vinkelsliber"},{"@type":"BreadcrumbList","@id":"https:\/\/murerpoint.dk\/nl\/product\/diamant-fliesenscheibe-oe-50-mm-fur-trocken-und-nassschnitt\/#breadcrumb","itemListElement":[{"@type":"ListItem","position":1,"name":"Hjem","item":"https:\/\/murerpoint.dk\/nl\/"},{"@type":"ListItem","position":2,"name":"SHOPPEN","item":"https:\/\/murerpoint.dk\/nl\/shoppen\/"},{"@type":"ListItem","position":3,"name":"Diamant-Fliesenscheibe \u00d8 50 mm f\u00fcr Trocken-und Nassschnitt"}]},{"@type":"WebSite","@id":"https:\/\/murerpoint.dk\/nl\/#website","url":"https:\/\/murerpoint.dk\/nl\/","name":"Murerpoint","description":"kvalitets v\u00e6rkt\u00f8j","publisher":{"@id":"https:\/\/murerpoint.dk\/nl\/#organization"},"potentialAction":[{"@type":"SearchAction","target":{"@type":"EntryPoint","urlTemplate":"https:\/\/murerpoint.dk\/nl\/?s={search_term_string}"},"query-input":{"@type":"PropertyValueSpecification","valueRequired":true,"valueName":"search_term_string"}}],"inLanguage":"nl-NL"},{"@type":"Organization","@id":"https:\/\/murerpoint.dk\/nl\/#organization","name":"Murerpoint ApS","url":"https:\/\/murerpoint.dk\/nl\/","logo":{"@type":"ImageObject","inLanguage":"nl-NL","@id":"https:\/\/murerpoint.dk\/nl\/#\/schema\/logo\/image\/","url":"https:\/\/murerpoint.dk\/wp-content\/uploads\/2023\/12\/cropped-Sort-Midt-Roed-Mursten.png","contentUrl":"https:\/\/murerpoint.dk\/wp-content\/uploads\/2023\/12\/cropped-Sort-Midt-Roed-Mursten.png","width":512,"height":512,"caption":"Murerpoint ApS"},"image":{"@id":"https:\/\/murerpoint.dk\/nl\/#\/schema\/logo\/image\/"},"sameAs":["https:\/\/m.facebook.com\/profile.php?id=61555157262134","https:\/\/www.instagram.com\/murerpoint?igsh=azluMWV6cTnc2ts&utm_source=qr","https:\/\/www.tiktok.com\/@murerpoint?is_from_webapp=1&sender_device=pc"]}]},"product_price_amount":"16.05","product_price_currency":"EUR","og_availability":"instock","product_availability":"instock","product_retailer_item_id":"mp000137","product_condition":"new"},"_links":{"self":[{"href":"https:\/\/murerpoint.dk\/nl\/wp-json\/wp\/v2\/product\/6626","targetHints":{"allow":["GET"]}}],"collection":[{"href":"https:\/\/murerpoint.dk\/nl\/wp-json\/wp\/v2\/product"}],"about":[{"href":"https:\/\/murerpoint.dk\/nl\/wp-json\/wp\/v2\/types\/product"}],"replies":[{"embeddable":true,"href":"https:\/\/murerpoint.dk\/nl\/wp-json\/wp\/v2\/comments?post=6626"}],"wp:featuredmedia":[{"embeddable":true,"href":"https:\/\/murerpoint.dk\/nl\/wp-json\/wp\/v2\/media\/6603"}],"wp:attachment":[{"href":"https:\/\/murerpoint.dk\/nl\/wp-json\/wp\/v2\/media?parent=6626"}],"wp:term":[{"taxonomy":"product_brand","embeddable":true,"href":"https:\/\/murerpoint.dk\/nl\/wp-json\/wp\/v2\/product_brand?post=6626"},{"taxonomy":"product_cat","embeddable":true,"href":"https:\/\/murerpoint.dk\/nl\/wp-json\/wp\/v2\/product_cat?post=6626"},{"taxonomy":"product_tag","embeddable":true,"href":"https:\/\/murerpoint.dk\/nl\/wp-json\/wp\/v2\/product_tag?post=6626"}],"curies":[{"name":"wp","href":"https:\/\/api.w.org\/{rel}","templated":true}]}}