{"id":6688,"date":"2024-09-14T12:00:07","date_gmt":"2024-09-14T12:00:07","guid":{"rendered":"https:\/\/murerpoint.dk\/product\/diamant-kakelblad-oe40-mm-for-horn\/"},"modified":"2024-09-14T12:45:11","modified_gmt":"2024-09-14T12:45:11","slug":"diamantslijpschijf-oe40-mm-voor-hoeken","status":"publish","type":"product","link":"https:\/\/murerpoint.dk\/nl\/product\/diamantslijpschijf-oe40-mm-voor-hoeken\/","title":{"rendered":"Diamantslijpschijf \u00d840 mm voor Hoeken"},"content":{"rendered":"<?xml encoding=\"utf-8\" ?><h5><strong>Diamantslijpschijf &Oslash;40 mm voor Hoeken, Randen en Krappe Ruimtes &ndash; Precisie in Compacte Gebieden<\/strong><\/h5><p>Bij Murerpoint.nl begrijpen we dat bij het werken in kleine ruimtes, precisie en effici&euml;ntie essentieel zijn. Onze <strong>Diamantslijpschijf &Oslash;40 mm<\/strong> is speciaal ontworpen voor taken waar de ruimte beperkt is, maar precisie nog steeds cruciaal is.<\/p><p>Met een diameter van slechts <strong>40 mm<\/strong> is deze <strong>snelheids-patroon<\/strong> diamantslijpschijf perfect voor het slijpen van <strong>hoeken, randen<\/strong>, en andere krappe ruimtes. De <strong>kleinste diameter op de markt<\/strong> zorgt ervoor dat u slijptaken kunt uitvoeren die onmogelijk zouden zijn met grotere schijven van &Oslash;115 mm of &Oslash;125 mm.<\/p><hr><h5><strong>Waarom onze Diamantslijpschijf &Oslash;40 mm kiezen?<\/strong><\/h5><ul>\n<li><strong>Maximale precisie in kleine ruimtes:<\/strong> Bereik eenvoudig hoeken en krappe gebieden waar grotere schijven niet kunnen komen.<\/li>\n<li><strong>Veelzijdig en effici&euml;nt:<\/strong> Ideaal voor zowel <strong>grof slijpen<\/strong> als <strong>fijn gladmaken<\/strong> van tegels, stenen, graniet, keramiek, porselein, beton en uitgeharde tegellijm.<\/li>\n<li><strong>Hoge snelheid en kwaliteit:<\/strong> Het snelheids-patroon zorgt voor effici&euml;nt slijpen, zodat u uw taken sneller en met hoge precisie kunt voltooien.<\/li>\n<li><strong>Eenvoudig te monteren:<\/strong> Voorzien van een <strong>M14 draad<\/strong>, waardoor het direct op uw haakse slijper kan worden gemonteerd voor snelle opstart.<\/li>\n<\/ul><hr><p><strong>Wij weten wat u nodig heeft!<\/strong><br>\nBij Murerpoint richten we ons op het leveren van gereedschappen van de hoogste kwaliteit, afgestemd op uw specifieke behoeften. Met onze producten krijgt u niet alleen een effectief gereedschap, maar ook de beste klantenservice en ondersteuning om uw projecten succesvol af te ronden.<\/p>\n","protected":false},"excerpt":{"rendered":"<h5>Diamantslijpschijf \u00d840 mm voor Hoeken<\/h5>\n<p><strong>Diamantslijpschijf \u00d840 mm<\/strong> voor het slijpen van hoeken, randen en krappe ruimtes. Perfect voor droog slijpen van tegels, graniet, keramiek en beton. Eenvoudig te monteren met M14 draad.<\/p>\n","protected":false},"featured_media":6663,"comment_status":"open","ping_status":"closed","template":"","meta":[],"product_brand":[],"product_cat":[1772,1222,1247,4799],"product_tag":[1223,2019,6735,1939,7487,7351,1556,1773,7488,4783,5267,11303,11304,7489,7490,7491,7492,7493,7494,7358,2165,2021,4787,7495,7496,7497,7498,7499,7500,6753,6743,7360,7361,7362,7363,7364,7365,6745,7367,7501,7370,7502,4794,4795,4796,4797,7503,7504,7505,7506,7507,7377,5700,2898],"class_list":{"0":"post-6688","1":"product","2":"type-product","3":"status-publish","4":"has-post-thumbnail","6":"product_cat-diamant-kopsten-nl","7":"product_cat-diamant-klinger-nl","8":"product_cat-diamant-zaagbladen-voor-haakse-slijper-nl","9":"product_cat-slibevaerktoej-nl","10":"product_tag-beton-nl","11":"product_tag-betong-nl","12":"product_tag-ceramic-nl","13":"product_tag-concrete-nl","14":"product_tag-corners-nl","15":"product_tag-diamantfliseklinge-nl","16":"product_tag-diamantkakelblad-nl","17":"product_tag-diamantkopsten-nl","18":"product_tag-diamantschleiftopf-nl","19":"product_tag-diamantslijpschijf-nl","20":"product_tag-diamondcupwheel-nl","21":"product_tag-diatech_diamant-nl","22":"product_tag-diatechdiamant-nl","23":"product_tag-droogslijpen-nl","24":"product_tag-drygrinding-nl","25":"product_tag-ecken-nl","26":"product_tag-edges-nl","27":"product_tag-fliesen-nl","28":"product_tag-fliser-nl","29":"product_tag-fliseskaering-nl","30":"product_tag-granit-nl","31":"product_tag-granite-nl","32":"product_tag-grinding-nl","33":"product_tag-hjoerner-nl","34":"product_tag-hoeken-nl","35":"product_tag-hoern-nl","36":"product_tag-kakel-nl","37":"product_tag-kanten-nl","38":"product_tag-kanter-nl","39":"product_tag-keramiek-nl","40":"product_tag-keramik-nl","41":"product_tag-keramiskefliser-nl","42":"product_tag-m14draad-nl","43":"product_tag-m14gaenga-nl","44":"product_tag-m14gevind-nl","45":"product_tag-m14gewinde-nl","46":"product_tag-m14thread-nl","47":"product_tag-marmor-nl","48":"product_tag-natursten-nl","49":"product_tag-oe40mm-nl","50":"product_tag-praecisering-nl","51":"product_tag-randen-nl","52":"product_tag-schleifen-nl","53":"product_tag-slibning-nl","54":"product_tag-slijpen-nl","55":"product_tag-slipning-nl","56":"product_tag-tegels-nl","57":"product_tag-tiles-nl","58":"product_tag-torrslipning-nl","59":"product_tag-toerslibning-nl","60":"product_tag-trockenschleifen-nl","61":"product_tag-vaadogtoerskaering-nl","62":"product_tag-vinkelsliber-nl","63":"product_tag-googleads-nl","65":"first","66":"instock","67":"taxable","68":"shipping-taxable","69":"purchasable","70":"product-type-simple"},"yoast_head":"<!-- This site is optimized with the Yoast SEO plugin v27.4 - https:\/\/yoast.com\/product\/yoast-seo-wordpress\/ -->\n<title>Diamantslijpschijf \u00d840 mm voor Hoeken - Murerpoint ApS<\/title>\n<meta name=\"description\" content=\"Effici\u00ebnte diamantslijpschijf \u00d840 mm voor hoeken en randen. Perfect voor droog slijpen van tegels, steen en beton. Koop nu op Murerpoint\" \/>\n<meta name=\"robots\" content=\"index, follow, max-snippet:-1, max-image-preview:large, max-video-preview:-1\" \/>\n<link rel=\"canonical\" href=\"https:\/\/murerpoint.dk\/nl\/product\/diamantslijpschijf-oe40-mm-voor-hoeken\/\" \/>\n<meta property=\"og:locale\" content=\"nl_NL\" \/>\n<meta property=\"og:type\" content=\"article\" \/>\n<meta property=\"og:title\" content=\"Diamantslijpschijf \u00d840 mm voor Hoeken - Murerpoint ApS\" \/>\n<meta property=\"og:description\" content=\"Effici\u00ebnte diamantslijpschijf \u00d840 mm voor hoeken en randen. Perfect voor droog slijpen van tegels, steen en beton. Koop nu op Murerpoint\" \/>\n<meta property=\"og:url\" content=\"https:\/\/murerpoint.dk\/nl\/product\/diamantslijpschijf-oe40-mm-voor-hoeken\/\" \/>\n<meta property=\"og:site_name\" content=\"Murerpoint ApS\" \/>\n<meta property=\"article:publisher\" content=\"https:\/\/m.facebook.com\/profile.php?id=61555157262134\" \/>\n<meta property=\"article:modified_time\" content=\"2024-09-14T12:45:11+00:00\" \/>\n<meta property=\"og:image\" content=\"https:\/\/murerpoint.dk\/wp-content\/uploads\/2024\/09\/IMG_8770-removebg-preview.png\" \/>\n\t<meta property=\"og:image:width\" content=\"433\" \/>\n\t<meta property=\"og:image:height\" content=\"577\" \/>\n\t<meta property=\"og:image:type\" content=\"image\/png\" \/>\n<meta name=\"twitter:card\" content=\"summary_large_image\" \/>\n<meta name=\"twitter:label1\" content=\"Prijs\" \/>\n\t<meta name=\"twitter:data1\" content=\"&euro;17.39 Pris ekskl. moms: &euro;13.91\" \/>\n\t<meta name=\"twitter:label2\" content=\"Beschikbaarheid\" \/>\n\t<meta name=\"twitter:data2\" content=\"Op voorraad\" \/>\n<script type=\"application\/ld+json\" class=\"yoast-schema-graph\">{\"@context\":\"https:\\\/\\\/schema.org\",\"@graph\":[{\"@type\":\"WebPage\",\"@id\":\"https:\\\/\\\/murerpoint.dk\\\/nl\\\/product\\\/diamantslijpschijf-oe40-mm-voor-hoeken\\\/\",\"url\":\"https:\\\/\\\/murerpoint.dk\\\/nl\\\/product\\\/diamantslijpschijf-oe40-mm-voor-hoeken\\\/\",\"name\":\"Diamantslijpschijf \u00d840 mm voor Hoeken - Murerpoint ApS\",\"isPartOf\":{\"@id\":\"https:\\\/\\\/murerpoint.dk\\\/nl\\\/#website\"},\"primaryImageOfPage\":{\"@id\":\"https:\\\/\\\/murerpoint.dk\\\/nl\\\/product\\\/diamantslijpschijf-oe40-mm-voor-hoeken\\\/#primaryimage\"},\"image\":{\"@id\":\"https:\\\/\\\/murerpoint.dk\\\/nl\\\/product\\\/diamantslijpschijf-oe40-mm-voor-hoeken\\\/#primaryimage\"},\"thumbnailUrl\":\"https:\\\/\\\/murerpoint.dk\\\/wp-content\\\/uploads\\\/2024\\\/09\\\/IMG_8770-removebg-preview.png\",\"datePublished\":\"2024-09-14T12:00:07+00:00\",\"dateModified\":\"2024-09-14T12:45:11+00:00\",\"description\":\"Effici\u00ebnte diamantslijpschijf \u00d840 mm voor hoeken en randen. Perfect voor droog slijpen van tegels, steen en beton. Koop nu op Murerpoint\",\"breadcrumb\":{\"@id\":\"https:\\\/\\\/murerpoint.dk\\\/nl\\\/product\\\/diamantslijpschijf-oe40-mm-voor-hoeken\\\/#breadcrumb\"},\"inLanguage\":\"nl-NL\",\"potentialAction\":[{\"@type\":\"ReadAction\",\"target\":[\"https:\\\/\\\/murerpoint.dk\\\/nl\\\/product\\\/diamantslijpschijf-oe40-mm-voor-hoeken\\\/\"]}]},{\"@type\":\"ImageObject\",\"inLanguage\":\"nl-NL\",\"@id\":\"https:\\\/\\\/murerpoint.dk\\\/nl\\\/product\\\/diamantslijpschijf-oe40-mm-voor-hoeken\\\/#primaryimage\",\"url\":\"https:\\\/\\\/murerpoint.dk\\\/wp-content\\\/uploads\\\/2024\\\/09\\\/IMG_8770-removebg-preview.png\",\"contentUrl\":\"https:\\\/\\\/murerpoint.dk\\\/wp-content\\\/uploads\\\/2024\\\/09\\\/IMG_8770-removebg-preview.png\",\"width\":433,\"height\":577,\"caption\":\"Diamantkopsten \u00f840 mm til hj\u00f8rner, kanter og steder med begr\u00e6nset plads\"},{\"@type\":\"BreadcrumbList\",\"@id\":\"https:\\\/\\\/murerpoint.dk\\\/nl\\\/product\\\/diamantslijpschijf-oe40-mm-voor-hoeken\\\/#breadcrumb\",\"itemListElement\":[{\"@type\":\"ListItem\",\"position\":1,\"name\":\"Hjem\",\"item\":\"https:\\\/\\\/murerpoint.dk\\\/nl\\\/\"},{\"@type\":\"ListItem\",\"position\":2,\"name\":\"SHOPPEN\",\"item\":\"https:\\\/\\\/murerpoint.dk\\\/nl\\\/shoppen\\\/\"},{\"@type\":\"ListItem\",\"position\":3,\"name\":\"Diamantslijpschijf \u00d840 mm voor Hoeken\"}]},{\"@type\":\"WebSite\",\"@id\":\"https:\\\/\\\/murerpoint.dk\\\/nl\\\/#website\",\"url\":\"https:\\\/\\\/murerpoint.dk\\\/nl\\\/\",\"name\":\"Murerpoint\",\"description\":\"kvalitets v\u00e6rkt\u00f8j\",\"publisher\":{\"@id\":\"https:\\\/\\\/murerpoint.dk\\\/nl\\\/#organization\"},\"potentialAction\":[{\"@type\":\"SearchAction\",\"target\":{\"@type\":\"EntryPoint\",\"urlTemplate\":\"https:\\\/\\\/murerpoint.dk\\\/nl\\\/?s={search_term_string}\"},\"query-input\":{\"@type\":\"PropertyValueSpecification\",\"valueRequired\":true,\"valueName\":\"search_term_string\"}}],\"inLanguage\":\"nl-NL\"},{\"@type\":\"Organization\",\"@id\":\"https:\\\/\\\/murerpoint.dk\\\/nl\\\/#organization\",\"name\":\"Murerpoint ApS\",\"url\":\"https:\\\/\\\/murerpoint.dk\\\/nl\\\/\",\"logo\":{\"@type\":\"ImageObject\",\"inLanguage\":\"nl-NL\",\"@id\":\"https:\\\/\\\/murerpoint.dk\\\/nl\\\/#\\\/schema\\\/logo\\\/image\\\/\",\"url\":\"https:\\\/\\\/murerpoint.dk\\\/wp-content\\\/uploads\\\/2023\\\/12\\\/cropped-Sort-Midt-Roed-Mursten.png\",\"contentUrl\":\"https:\\\/\\\/murerpoint.dk\\\/wp-content\\\/uploads\\\/2023\\\/12\\\/cropped-Sort-Midt-Roed-Mursten.png\",\"width\":512,\"height\":512,\"caption\":\"Murerpoint ApS\"},\"image\":{\"@id\":\"https:\\\/\\\/murerpoint.dk\\\/nl\\\/#\\\/schema\\\/logo\\\/image\\\/\"},\"sameAs\":[\"https:\\\/\\\/m.facebook.com\\\/profile.php?id=61555157262134\",\"https:\\\/\\\/www.instagram.com\\\/murerpoint?igsh=azluMWV6cTnc2ts&utm_source=qr\",\"https:\\\/\\\/www.tiktok.com\\\/@murerpoint?is_from_webapp=1&sender_device=pc\"]}]}<\/script>\n<meta property=\"product:price:amount\" content=\"17.39\" \/>\n<meta property=\"product:price:currency\" content=\"EUR\" \/>\n<meta property=\"og:availability\" content=\"instock\" \/>\n<meta property=\"product:availability\" content=\"instock\" \/>\n<meta property=\"product:retailer_item_id\" content=\"mp000138\" \/>\n<meta property=\"product:condition\" content=\"new\" \/>\n<!-- \/ Yoast SEO plugin. -->","yoast_head_json":{"title":"Diamantslijpschijf \u00d840 mm voor Hoeken - Murerpoint ApS","description":"Effici\u00ebnte diamantslijpschijf \u00d840 mm voor hoeken en randen. Perfect voor droog slijpen van tegels, steen en beton. Koop nu op Murerpoint","robots":{"index":"index","follow":"follow","max-snippet":"max-snippet:-1","max-image-preview":"max-image-preview:large","max-video-preview":"max-video-preview:-1"},"canonical":"https:\/\/murerpoint.dk\/nl\/product\/diamantslijpschijf-oe40-mm-voor-hoeken\/","og_locale":"nl_NL","og_type":"article","og_title":"Diamantslijpschijf \u00d840 mm voor Hoeken - Murerpoint ApS","og_description":"Effici\u00ebnte diamantslijpschijf \u00d840 mm voor hoeken en randen. Perfect voor droog slijpen van tegels, steen en beton. Koop nu op Murerpoint","og_url":"https:\/\/murerpoint.dk\/nl\/product\/diamantslijpschijf-oe40-mm-voor-hoeken\/","og_site_name":"Murerpoint ApS","article_publisher":"https:\/\/m.facebook.com\/profile.php?id=61555157262134","article_modified_time":"2024-09-14T12:45:11+00:00","og_image":[{"width":433,"height":577,"url":"https:\/\/murerpoint.dk\/wp-content\/uploads\/2024\/09\/IMG_8770-removebg-preview.png","type":"image\/png"}],"twitter_card":"summary_large_image","twitter_misc":{"Prijs":"&euro;17.39 Pris ekskl. moms: &euro;13.91","Beschikbaarheid":"Op voorraad"},"schema":{"@context":"https:\/\/schema.org","@graph":[{"@type":"WebPage","@id":"https:\/\/murerpoint.dk\/nl\/product\/diamantslijpschijf-oe40-mm-voor-hoeken\/","url":"https:\/\/murerpoint.dk\/nl\/product\/diamantslijpschijf-oe40-mm-voor-hoeken\/","name":"Diamantslijpschijf \u00d840 mm voor Hoeken - Murerpoint ApS","isPartOf":{"@id":"https:\/\/murerpoint.dk\/nl\/#website"},"primaryImageOfPage":{"@id":"https:\/\/murerpoint.dk\/nl\/product\/diamantslijpschijf-oe40-mm-voor-hoeken\/#primaryimage"},"image":{"@id":"https:\/\/murerpoint.dk\/nl\/product\/diamantslijpschijf-oe40-mm-voor-hoeken\/#primaryimage"},"thumbnailUrl":"https:\/\/murerpoint.dk\/wp-content\/uploads\/2024\/09\/IMG_8770-removebg-preview.png","datePublished":"2024-09-14T12:00:07+00:00","dateModified":"2024-09-14T12:45:11+00:00","description":"Effici\u00ebnte diamantslijpschijf \u00d840 mm voor hoeken en randen. Perfect voor droog slijpen van tegels, steen en beton. Koop nu op Murerpoint","breadcrumb":{"@id":"https:\/\/murerpoint.dk\/nl\/product\/diamantslijpschijf-oe40-mm-voor-hoeken\/#breadcrumb"},"inLanguage":"nl-NL","potentialAction":[{"@type":"ReadAction","target":["https:\/\/murerpoint.dk\/nl\/product\/diamantslijpschijf-oe40-mm-voor-hoeken\/"]}]},{"@type":"ImageObject","inLanguage":"nl-NL","@id":"https:\/\/murerpoint.dk\/nl\/product\/diamantslijpschijf-oe40-mm-voor-hoeken\/#primaryimage","url":"https:\/\/murerpoint.dk\/wp-content\/uploads\/2024\/09\/IMG_8770-removebg-preview.png","contentUrl":"https:\/\/murerpoint.dk\/wp-content\/uploads\/2024\/09\/IMG_8770-removebg-preview.png","width":433,"height":577,"caption":"Diamantkopsten \u00f840 mm til hj\u00f8rner, kanter og steder med begr\u00e6nset plads"},{"@type":"BreadcrumbList","@id":"https:\/\/murerpoint.dk\/nl\/product\/diamantslijpschijf-oe40-mm-voor-hoeken\/#breadcrumb","itemListElement":[{"@type":"ListItem","position":1,"name":"Hjem","item":"https:\/\/murerpoint.dk\/nl\/"},{"@type":"ListItem","position":2,"name":"SHOPPEN","item":"https:\/\/murerpoint.dk\/nl\/shoppen\/"},{"@type":"ListItem","position":3,"name":"Diamantslijpschijf \u00d840 mm voor Hoeken"}]},{"@type":"WebSite","@id":"https:\/\/murerpoint.dk\/nl\/#website","url":"https:\/\/murerpoint.dk\/nl\/","name":"Murerpoint","description":"kvalitets v\u00e6rkt\u00f8j","publisher":{"@id":"https:\/\/murerpoint.dk\/nl\/#organization"},"potentialAction":[{"@type":"SearchAction","target":{"@type":"EntryPoint","urlTemplate":"https:\/\/murerpoint.dk\/nl\/?s={search_term_string}"},"query-input":{"@type":"PropertyValueSpecification","valueRequired":true,"valueName":"search_term_string"}}],"inLanguage":"nl-NL"},{"@type":"Organization","@id":"https:\/\/murerpoint.dk\/nl\/#organization","name":"Murerpoint ApS","url":"https:\/\/murerpoint.dk\/nl\/","logo":{"@type":"ImageObject","inLanguage":"nl-NL","@id":"https:\/\/murerpoint.dk\/nl\/#\/schema\/logo\/image\/","url":"https:\/\/murerpoint.dk\/wp-content\/uploads\/2023\/12\/cropped-Sort-Midt-Roed-Mursten.png","contentUrl":"https:\/\/murerpoint.dk\/wp-content\/uploads\/2023\/12\/cropped-Sort-Midt-Roed-Mursten.png","width":512,"height":512,"caption":"Murerpoint ApS"},"image":{"@id":"https:\/\/murerpoint.dk\/nl\/#\/schema\/logo\/image\/"},"sameAs":["https:\/\/m.facebook.com\/profile.php?id=61555157262134","https:\/\/www.instagram.com\/murerpoint?igsh=azluMWV6cTnc2ts&utm_source=qr","https:\/\/www.tiktok.com\/@murerpoint?is_from_webapp=1&sender_device=pc"]}]},"product_price_amount":"17.39","product_price_currency":"EUR","og_availability":"instock","product_availability":"instock","product_retailer_item_id":"mp000138","product_condition":"new"},"_links":{"self":[{"href":"https:\/\/murerpoint.dk\/nl\/wp-json\/wp\/v2\/product\/6688","targetHints":{"allow":["GET"]}}],"collection":[{"href":"https:\/\/murerpoint.dk\/nl\/wp-json\/wp\/v2\/product"}],"about":[{"href":"https:\/\/murerpoint.dk\/nl\/wp-json\/wp\/v2\/types\/product"}],"replies":[{"embeddable":true,"href":"https:\/\/murerpoint.dk\/nl\/wp-json\/wp\/v2\/comments?post=6688"}],"wp:featuredmedia":[{"embeddable":true,"href":"https:\/\/murerpoint.dk\/nl\/wp-json\/wp\/v2\/media\/6663"}],"wp:attachment":[{"href":"https:\/\/murerpoint.dk\/nl\/wp-json\/wp\/v2\/media?parent=6688"}],"wp:term":[{"taxonomy":"product_brand","embeddable":true,"href":"https:\/\/murerpoint.dk\/nl\/wp-json\/wp\/v2\/product_brand?post=6688"},{"taxonomy":"product_cat","embeddable":true,"href":"https:\/\/murerpoint.dk\/nl\/wp-json\/wp\/v2\/product_cat?post=6688"},{"taxonomy":"product_tag","embeddable":true,"href":"https:\/\/murerpoint.dk\/nl\/wp-json\/wp\/v2\/product_tag?post=6688"}],"curies":[{"name":"wp","href":"https:\/\/api.w.org\/{rel}","templated":true}]}}