{"id":6796,"date":"2024-09-16T08:31:28","date_gmt":"2024-09-16T08:31:28","guid":{"rendered":"https:\/\/murerpoint.dk\/product\/doppelseitige-oe-125-mm-diamantscheibe-2in1\/"},"modified":"2024-09-16T08:48:04","modified_gmt":"2024-09-16T08:48:04","slug":"dubbelzijdige-oe-125-mm-diamantschijf-2in1","status":"publish","type":"product","link":"https:\/\/murerpoint.dk\/nl\/product\/dubbelzijdige-oe-125-mm-diamantschijf-2in1\/","title":{"rendered":"Dubbelzijdige \u00d8 125 mm Diamantschijf 2in1"},"content":{"rendered":"<?xml encoding=\"utf-8\" ?><h5><strong>Dubbelzijdige &Oslash; 125 mm Diamantschijf &ndash; De ultieme 2in1-oplossing voor snijden en slijpen<\/strong><\/h5><p><strong>Snijden en slijpen sneller, gemakkelijker en met precisie &ndash; alles in &eacute;&eacute;n schijf!<\/strong><br>\nDeze <strong>dubbelzijdige diamantschijf<\/strong> met een diameter van <strong>&Oslash; 125 mm<\/strong> is ontworpen voor degenen die maximale effici&euml;ntie en flexibiliteit in hun werk willen. Of je nu werkt met <strong>porselein, marmer of graniet<\/strong>, deze schijf zorgt ervoor dat je je werk snel en nauwkeurig kunt voltooien. Bespaar tijd door te schakelen tussen snijden en slijpen zonder van gereedschap te hoeven wisselen. Met een <strong>M14-schroefdraad<\/strong> past de schijf op de meeste standaard haakse slijpers en is hij direct klaar voor gebruik.<\/p><hr><h5><strong>Waarom kiezen voor deze 2in1-diamantschijf?<\/strong><\/h5><ul>\n<li><strong>2in1-functie &ndash; Bespaar tijd en krijg het perfecte resultaat<\/strong><br>\nNu kun je tegels nauwkeurig snijden en dezelfde schijf gebruiken om de randen glad en schoon te slijpen &ndash; alles in &eacute;&eacute;n stap. Perfect voor taken zoals het uitsnijden van inkepingen, het maken van groeven of het vormen van ronde hoeken. Deze schijf doet het allemaal in &eacute;&eacute;n keer.<\/li>\n<li><strong>Past op standaard haakse slijpers &ndash; Klaar voor gebruik in seconden<\/strong><br>\nMet zijn <strong>M14-schroefdraad<\/strong> past de schijf direct op je standaard haakse slijper. Geen adapters of extra gereedschappen nodig &ndash; gewoon monteren en beginnen!<\/li>\n<li><strong>Perfect voor harde materialen &ndash; Gemaakt om lang mee te gaan<\/strong><br>\nDe schijf is speciaal ontworpen om harde materialen zoals <strong>porselein, marmer en graniet<\/strong> aan te kunnen. De elektrolytisch gecoate diamanten zorgen voor duurzaamheid en precieze resultaten, keer op keer.<\/li>\n<li><strong>Perfect voor nauwkeurig snijden en fijne afwerking<\/strong><br>\nGebruik de schijf voor nauwkeurige sneden langs muren en precisieslijpen van oppervlakken. Met een maximale snelheid van <strong>12.250 RPM<\/strong> krijg je snelle, gladde resultaten.<\/li>\n<\/ul><hr><p><strong>Het is tijd om je gereedschap te upgraden &ndash; haal deze 2in1-schijf nu in huis!<\/strong><br>\nWanneer effici&euml;ntie en precisie hand in hand gaan, is deze <strong>diamantschijf<\/strong> precies wat je nodig hebt. Geen gedoe meer met het wisselen tussen verschillende gereedschappen &ndash; nu kun je het hele werk doen met slechts &eacute;&eacute;n product. Klaar om je werkproces naar een hoger niveau te tillen?<\/p>\n","protected":false},"excerpt":{"rendered":"<h5>DDubbelzijdige \u00d8 125 mm Diamantschijf 2in1<\/h5>\n<p>Dubbelzijdige \u00d8 125 mm diamantschijf voor snijden en slijpen. 2in1-oplossing. Geschikt voor haakse slijpers met M14-schroefdraad. Ideaal voor porselein, marmer en graniet.<\/p>\n","protected":false},"featured_media":6757,"comment_status":"open","ping_status":"closed","template":"","meta":[],"product_brand":[],"product_cat":[1222,1247],"product_tag":[7654,7655,826,7656,1500,1226,1826,1558,7657,7658,2165,2021,2321,7362,7363,7364,7659,7365,6744,6754,6745,7660,7661,7662,7663,7664,7665,7666,7667,7668,7669,5700,6992,821,2898],"class_list":{"0":"post-6796","1":"product","2":"type-product","3":"status-publish","4":"has-post-thumbnail","6":"product_cat-diamant-klinger-nl","7":"product_cat-diamant-zaagbladen-voor-haakse-slijper-nl","8":"product_tag-2i1-nl","9":"product_tag-2in1-nl","10":"product_tag-anglegrinder-nl","11":"product_tag-cuttingandgrinding-nl","12":"product_tag-diamantklinga-nl","13":"product_tag-diamantscheibe-nl","14":"product_tag-diamantschijf-nl","15":"product_tag-diamantskive-nl","16":"product_tag-diamonddisc-nl","17":"product_tag-effektivvaerktoej-nl","18":"product_tag-granit-nl","19":"product_tag-granite-nl","20":"product_tag-haakseslijper","21":"product_tag-m14gaenga-nl","22":"product_tag-m14gevind-nl","23":"product_tag-m14gewinde-nl","24":"product_tag-m14schroefdraad-nl","25":"product_tag-m14thread-nl","26":"product_tag-marble-nl","27":"product_tag-marmer-nl","28":"product_tag-marmor-nl","29":"product_tag-oe125mm-nl","30":"product_tag-porcelaen-nl","31":"product_tag-porcelain-nl","32":"product_tag-porselein-nl","33":"product_tag-porslin-nl","34":"product_tag-porzellan-nl","35":"product_tag-schneidenundschleifen-nl","36":"product_tag-skaeringogslibning-nl","37":"product_tag-skaerningochslipning-nl","38":"product_tag-snijdenenslijpen-nl","39":"product_tag-vinkelsliber-nl","40":"product_tag-vinkelslip-nl","41":"product_tag-winkelschleifer","42":"product_tag-googleads-nl","44":"first","45":"instock","46":"taxable","47":"shipping-taxable","48":"purchasable","49":"product-type-simple"},"yoast_head":"<!-- This site is optimized with the Yoast SEO plugin v27.4 - https:\/\/yoast.com\/product\/yoast-seo-wordpress\/ -->\n<title>Dubbelzijdige \u00d8 125 mm Diamantschijf 2in1 - Murerpoint ApS<\/title>\n<meta name=\"description\" content=\"Dubbelzijdige \u00d8 125 mm 2in1 diamantschijf. Snijden en slijpen in \u00e9\u00e9n stap. Geschikt voor haakse slijpers met M14-schroefdraad. Koop nu bij Murerpoint!\" \/>\n<meta name=\"robots\" content=\"index, follow, max-snippet:-1, max-image-preview:large, max-video-preview:-1\" \/>\n<link rel=\"canonical\" href=\"https:\/\/murerpoint.dk\/nl\/product\/dubbelzijdige-oe-125-mm-diamantschijf-2in1\/\" \/>\n<meta property=\"og:locale\" content=\"nl_NL\" \/>\n<meta property=\"og:type\" content=\"article\" \/>\n<meta property=\"og:title\" content=\"Dubbelzijdige \u00d8 125 mm Diamantschijf 2in1 - Murerpoint ApS\" \/>\n<meta property=\"og:description\" content=\"Dubbelzijdige \u00d8 125 mm 2in1 diamantschijf. Snijden en slijpen in \u00e9\u00e9n stap. Geschikt voor haakse slijpers met M14-schroefdraad. Koop nu bij Murerpoint!\" \/>\n<meta property=\"og:url\" content=\"https:\/\/murerpoint.dk\/nl\/product\/dubbelzijdige-oe-125-mm-diamantschijf-2in1\/\" \/>\n<meta property=\"og:site_name\" content=\"Murerpoint ApS\" \/>\n<meta property=\"article:publisher\" content=\"https:\/\/m.facebook.com\/profile.php?id=61555157262134\" \/>\n<meta property=\"article:modified_time\" content=\"2024-09-16T08:48:04+00:00\" \/>\n<meta property=\"og:image\" content=\"https:\/\/murerpoint.dk\/wp-content\/uploads\/2024\/09\/IMG_8818-removebg-1-768x1024.png\" \/>\n\t<meta property=\"og:image:width\" content=\"768\" \/>\n\t<meta property=\"og:image:height\" content=\"1024\" \/>\n\t<meta property=\"og:image:type\" content=\"image\/png\" \/>\n<meta name=\"twitter:card\" content=\"summary_large_image\" \/>\n<meta name=\"twitter:label1\" content=\"Prijs\" \/>\n\t<meta name=\"twitter:data1\" content=\"&euro;46.80 Pris ekskl. moms: &euro;37.44\" \/>\n\t<meta name=\"twitter:label2\" content=\"Beschikbaarheid\" \/>\n\t<meta name=\"twitter:data2\" content=\"Op voorraad\" \/>\n<script type=\"application\/ld+json\" class=\"yoast-schema-graph\">{\"@context\":\"https:\\\/\\\/schema.org\",\"@graph\":[{\"@type\":\"WebPage\",\"@id\":\"https:\\\/\\\/murerpoint.dk\\\/nl\\\/product\\\/dubbelzijdige-oe-125-mm-diamantschijf-2in1\\\/\",\"url\":\"https:\\\/\\\/murerpoint.dk\\\/nl\\\/product\\\/dubbelzijdige-oe-125-mm-diamantschijf-2in1\\\/\",\"name\":\"Dubbelzijdige \u00d8 125 mm Diamantschijf 2in1 - Murerpoint ApS\",\"isPartOf\":{\"@id\":\"https:\\\/\\\/murerpoint.dk\\\/nl\\\/#website\"},\"primaryImageOfPage\":{\"@id\":\"https:\\\/\\\/murerpoint.dk\\\/nl\\\/product\\\/dubbelzijdige-oe-125-mm-diamantschijf-2in1\\\/#primaryimage\"},\"image\":{\"@id\":\"https:\\\/\\\/murerpoint.dk\\\/nl\\\/product\\\/dubbelzijdige-oe-125-mm-diamantschijf-2in1\\\/#primaryimage\"},\"thumbnailUrl\":\"https:\\\/\\\/murerpoint.dk\\\/wp-content\\\/uploads\\\/2024\\\/09\\\/IMG_8818-removebg-1.png\",\"datePublished\":\"2024-09-16T08:31:28+00:00\",\"dateModified\":\"2024-09-16T08:48:04+00:00\",\"description\":\"Dubbelzijdige \u00d8 125 mm 2in1 diamantschijf. Snijden en slijpen in \u00e9\u00e9n stap. Geschikt voor haakse slijpers met M14-schroefdraad. Koop nu bij Murerpoint!\",\"breadcrumb\":{\"@id\":\"https:\\\/\\\/murerpoint.dk\\\/nl\\\/product\\\/dubbelzijdige-oe-125-mm-diamantschijf-2in1\\\/#breadcrumb\"},\"inLanguage\":\"nl-NL\",\"potentialAction\":[{\"@type\":\"ReadAction\",\"target\":[\"https:\\\/\\\/murerpoint.dk\\\/nl\\\/product\\\/dubbelzijdige-oe-125-mm-diamantschijf-2in1\\\/\"]}]},{\"@type\":\"ImageObject\",\"inLanguage\":\"nl-NL\",\"@id\":\"https:\\\/\\\/murerpoint.dk\\\/nl\\\/product\\\/dubbelzijdige-oe-125-mm-diamantschijf-2in1\\\/#primaryimage\",\"url\":\"https:\\\/\\\/murerpoint.dk\\\/wp-content\\\/uploads\\\/2024\\\/09\\\/IMG_8818-removebg-1.png\",\"contentUrl\":\"https:\\\/\\\/murerpoint.dk\\\/wp-content\\\/uploads\\\/2024\\\/09\\\/IMG_8818-removebg-1.png\",\"width\":3024,\"height\":4032,\"caption\":\"Effektiv 2i1 l\u00f8sning \u2013 Sk\u00e6r og slib med \u00e9n skive \u00d8125 mm, porcel\u00e6n, marmor eller granit, M14 gevind\"},{\"@type\":\"BreadcrumbList\",\"@id\":\"https:\\\/\\\/murerpoint.dk\\\/nl\\\/product\\\/dubbelzijdige-oe-125-mm-diamantschijf-2in1\\\/#breadcrumb\",\"itemListElement\":[{\"@type\":\"ListItem\",\"position\":1,\"name\":\"Hjem\",\"item\":\"https:\\\/\\\/murerpoint.dk\\\/nl\\\/\"},{\"@type\":\"ListItem\",\"position\":2,\"name\":\"SHOPPEN\",\"item\":\"https:\\\/\\\/murerpoint.dk\\\/nl\\\/shoppen\\\/\"},{\"@type\":\"ListItem\",\"position\":3,\"name\":\"Dubbelzijdige \u00d8 125 mm Diamantschijf 2in1\"}]},{\"@type\":\"WebSite\",\"@id\":\"https:\\\/\\\/murerpoint.dk\\\/nl\\\/#website\",\"url\":\"https:\\\/\\\/murerpoint.dk\\\/nl\\\/\",\"name\":\"Murerpoint\",\"description\":\"kvalitets v\u00e6rkt\u00f8j\",\"publisher\":{\"@id\":\"https:\\\/\\\/murerpoint.dk\\\/nl\\\/#organization\"},\"potentialAction\":[{\"@type\":\"SearchAction\",\"target\":{\"@type\":\"EntryPoint\",\"urlTemplate\":\"https:\\\/\\\/murerpoint.dk\\\/nl\\\/?s={search_term_string}\"},\"query-input\":{\"@type\":\"PropertyValueSpecification\",\"valueRequired\":true,\"valueName\":\"search_term_string\"}}],\"inLanguage\":\"nl-NL\"},{\"@type\":\"Organization\",\"@id\":\"https:\\\/\\\/murerpoint.dk\\\/nl\\\/#organization\",\"name\":\"Murerpoint ApS\",\"url\":\"https:\\\/\\\/murerpoint.dk\\\/nl\\\/\",\"logo\":{\"@type\":\"ImageObject\",\"inLanguage\":\"nl-NL\",\"@id\":\"https:\\\/\\\/murerpoint.dk\\\/nl\\\/#\\\/schema\\\/logo\\\/image\\\/\",\"url\":\"https:\\\/\\\/murerpoint.dk\\\/wp-content\\\/uploads\\\/2023\\\/12\\\/cropped-Sort-Midt-Roed-Mursten.png\",\"contentUrl\":\"https:\\\/\\\/murerpoint.dk\\\/wp-content\\\/uploads\\\/2023\\\/12\\\/cropped-Sort-Midt-Roed-Mursten.png\",\"width\":512,\"height\":512,\"caption\":\"Murerpoint ApS\"},\"image\":{\"@id\":\"https:\\\/\\\/murerpoint.dk\\\/nl\\\/#\\\/schema\\\/logo\\\/image\\\/\"},\"sameAs\":[\"https:\\\/\\\/m.facebook.com\\\/profile.php?id=61555157262134\",\"https:\\\/\\\/www.instagram.com\\\/murerpoint?igsh=azluMWV6cTnc2ts&utm_source=qr\",\"https:\\\/\\\/www.tiktok.com\\\/@murerpoint?is_from_webapp=1&sender_device=pc\"]}]}<\/script>\n<meta property=\"product:price:amount\" content=\"46.80\" \/>\n<meta property=\"product:price:currency\" content=\"EUR\" \/>\n<meta property=\"og:availability\" content=\"instock\" \/>\n<meta property=\"product:availability\" content=\"instock\" \/>\n<meta property=\"product:retailer_item_id\" content=\"mp000141\" \/>\n<meta property=\"product:condition\" content=\"new\" \/>\n<!-- \/ Yoast SEO plugin. -->","yoast_head_json":{"title":"Dubbelzijdige \u00d8 125 mm Diamantschijf 2in1 - Murerpoint ApS","description":"Dubbelzijdige \u00d8 125 mm 2in1 diamantschijf. Snijden en slijpen in \u00e9\u00e9n stap. Geschikt voor haakse slijpers met M14-schroefdraad. Koop nu bij Murerpoint!","robots":{"index":"index","follow":"follow","max-snippet":"max-snippet:-1","max-image-preview":"max-image-preview:large","max-video-preview":"max-video-preview:-1"},"canonical":"https:\/\/murerpoint.dk\/nl\/product\/dubbelzijdige-oe-125-mm-diamantschijf-2in1\/","og_locale":"nl_NL","og_type":"article","og_title":"Dubbelzijdige \u00d8 125 mm Diamantschijf 2in1 - Murerpoint ApS","og_description":"Dubbelzijdige \u00d8 125 mm 2in1 diamantschijf. Snijden en slijpen in \u00e9\u00e9n stap. Geschikt voor haakse slijpers met M14-schroefdraad. Koop nu bij Murerpoint!","og_url":"https:\/\/murerpoint.dk\/nl\/product\/dubbelzijdige-oe-125-mm-diamantschijf-2in1\/","og_site_name":"Murerpoint ApS","article_publisher":"https:\/\/m.facebook.com\/profile.php?id=61555157262134","article_modified_time":"2024-09-16T08:48:04+00:00","og_image":[{"width":768,"height":1024,"url":"https:\/\/murerpoint.dk\/wp-content\/uploads\/2024\/09\/IMG_8818-removebg-1-768x1024.png","type":"image\/png"}],"twitter_card":"summary_large_image","twitter_misc":{"Prijs":"&euro;46.80 Pris ekskl. moms: &euro;37.44","Beschikbaarheid":"Op voorraad"},"schema":{"@context":"https:\/\/schema.org","@graph":[{"@type":"WebPage","@id":"https:\/\/murerpoint.dk\/nl\/product\/dubbelzijdige-oe-125-mm-diamantschijf-2in1\/","url":"https:\/\/murerpoint.dk\/nl\/product\/dubbelzijdige-oe-125-mm-diamantschijf-2in1\/","name":"Dubbelzijdige \u00d8 125 mm Diamantschijf 2in1 - Murerpoint ApS","isPartOf":{"@id":"https:\/\/murerpoint.dk\/nl\/#website"},"primaryImageOfPage":{"@id":"https:\/\/murerpoint.dk\/nl\/product\/dubbelzijdige-oe-125-mm-diamantschijf-2in1\/#primaryimage"},"image":{"@id":"https:\/\/murerpoint.dk\/nl\/product\/dubbelzijdige-oe-125-mm-diamantschijf-2in1\/#primaryimage"},"thumbnailUrl":"https:\/\/murerpoint.dk\/wp-content\/uploads\/2024\/09\/IMG_8818-removebg-1.png","datePublished":"2024-09-16T08:31:28+00:00","dateModified":"2024-09-16T08:48:04+00:00","description":"Dubbelzijdige \u00d8 125 mm 2in1 diamantschijf. Snijden en slijpen in \u00e9\u00e9n stap. Geschikt voor haakse slijpers met M14-schroefdraad. Koop nu bij Murerpoint!","breadcrumb":{"@id":"https:\/\/murerpoint.dk\/nl\/product\/dubbelzijdige-oe-125-mm-diamantschijf-2in1\/#breadcrumb"},"inLanguage":"nl-NL","potentialAction":[{"@type":"ReadAction","target":["https:\/\/murerpoint.dk\/nl\/product\/dubbelzijdige-oe-125-mm-diamantschijf-2in1\/"]}]},{"@type":"ImageObject","inLanguage":"nl-NL","@id":"https:\/\/murerpoint.dk\/nl\/product\/dubbelzijdige-oe-125-mm-diamantschijf-2in1\/#primaryimage","url":"https:\/\/murerpoint.dk\/wp-content\/uploads\/2024\/09\/IMG_8818-removebg-1.png","contentUrl":"https:\/\/murerpoint.dk\/wp-content\/uploads\/2024\/09\/IMG_8818-removebg-1.png","width":3024,"height":4032,"caption":"Effektiv 2i1 l\u00f8sning \u2013 Sk\u00e6r og slib med \u00e9n skive \u00d8125 mm, porcel\u00e6n, marmor eller granit, M14 gevind"},{"@type":"BreadcrumbList","@id":"https:\/\/murerpoint.dk\/nl\/product\/dubbelzijdige-oe-125-mm-diamantschijf-2in1\/#breadcrumb","itemListElement":[{"@type":"ListItem","position":1,"name":"Hjem","item":"https:\/\/murerpoint.dk\/nl\/"},{"@type":"ListItem","position":2,"name":"SHOPPEN","item":"https:\/\/murerpoint.dk\/nl\/shoppen\/"},{"@type":"ListItem","position":3,"name":"Dubbelzijdige \u00d8 125 mm Diamantschijf 2in1"}]},{"@type":"WebSite","@id":"https:\/\/murerpoint.dk\/nl\/#website","url":"https:\/\/murerpoint.dk\/nl\/","name":"Murerpoint","description":"kvalitets v\u00e6rkt\u00f8j","publisher":{"@id":"https:\/\/murerpoint.dk\/nl\/#organization"},"potentialAction":[{"@type":"SearchAction","target":{"@type":"EntryPoint","urlTemplate":"https:\/\/murerpoint.dk\/nl\/?s={search_term_string}"},"query-input":{"@type":"PropertyValueSpecification","valueRequired":true,"valueName":"search_term_string"}}],"inLanguage":"nl-NL"},{"@type":"Organization","@id":"https:\/\/murerpoint.dk\/nl\/#organization","name":"Murerpoint ApS","url":"https:\/\/murerpoint.dk\/nl\/","logo":{"@type":"ImageObject","inLanguage":"nl-NL","@id":"https:\/\/murerpoint.dk\/nl\/#\/schema\/logo\/image\/","url":"https:\/\/murerpoint.dk\/wp-content\/uploads\/2023\/12\/cropped-Sort-Midt-Roed-Mursten.png","contentUrl":"https:\/\/murerpoint.dk\/wp-content\/uploads\/2023\/12\/cropped-Sort-Midt-Roed-Mursten.png","width":512,"height":512,"caption":"Murerpoint ApS"},"image":{"@id":"https:\/\/murerpoint.dk\/nl\/#\/schema\/logo\/image\/"},"sameAs":["https:\/\/m.facebook.com\/profile.php?id=61555157262134","https:\/\/www.instagram.com\/murerpoint?igsh=azluMWV6cTnc2ts&utm_source=qr","https:\/\/www.tiktok.com\/@murerpoint?is_from_webapp=1&sender_device=pc"]}]},"product_price_amount":"46.80","product_price_currency":"EUR","og_availability":"instock","product_availability":"instock","product_retailer_item_id":"mp000141","product_condition":"new"},"_links":{"self":[{"href":"https:\/\/murerpoint.dk\/nl\/wp-json\/wp\/v2\/product\/6796","targetHints":{"allow":["GET"]}}],"collection":[{"href":"https:\/\/murerpoint.dk\/nl\/wp-json\/wp\/v2\/product"}],"about":[{"href":"https:\/\/murerpoint.dk\/nl\/wp-json\/wp\/v2\/types\/product"}],"replies":[{"embeddable":true,"href":"https:\/\/murerpoint.dk\/nl\/wp-json\/wp\/v2\/comments?post=6796"}],"wp:featuredmedia":[{"embeddable":true,"href":"https:\/\/murerpoint.dk\/nl\/wp-json\/wp\/v2\/media\/6757"}],"wp:attachment":[{"href":"https:\/\/murerpoint.dk\/nl\/wp-json\/wp\/v2\/media?parent=6796"}],"wp:term":[{"taxonomy":"product_brand","embeddable":true,"href":"https:\/\/murerpoint.dk\/nl\/wp-json\/wp\/v2\/product_brand?post=6796"},{"taxonomy":"product_cat","embeddable":true,"href":"https:\/\/murerpoint.dk\/nl\/wp-json\/wp\/v2\/product_cat?post=6796"},{"taxonomy":"product_tag","embeddable":true,"href":"https:\/\/murerpoint.dk\/nl\/wp-json\/wp\/v2\/product_tag?post=6796"}],"curies":[{"name":"wp","href":"https:\/\/api.w.org\/{rel}","templated":true}]}}