{"id":9052,"date":"2025-03-11T18:09:52","date_gmt":"2025-03-11T18:09:52","guid":{"rendered":"https:\/\/murerpoint.dk\/?post_type=product&#038;p=9052"},"modified":"2025-06-20T14:51:16","modified_gmt":"2025-06-20T14:51:16","slug":"osm-rillefraeser-saet-til-vinkelsliber-stoevfri-fraesning-af-kanaler-til-vvs-el","status":"publish","type":"product","link":"https:\/\/murerpoint.dk\/nl\/product\/osm-rillefraeser-saet-til-vinkelsliber-stoevfri-fraesning-af-kanaler-til-vvs-el\/","title":{"rendered":"OSM Rillefr\u00e6ser-s\u00e6t til vinkelsliber. St\u00f8vfri fr\u00e6sning af kanaler til VVS &amp; el"},"content":{"rendered":"<?xml encoding=\"utf-8\" ?><h3 data-start=\"201\" data-end=\"286\">OSM Rillefr&aelig;ser-s&aelig;t til vinkelsliber. St&oslash;vfri fr&aelig;sning af kanaler til VVS &amp; el<\/h3><p data-start=\"288\" data-end=\"463\">&#9989; <strong data-start=\"290\" data-end=\"359\">Effektiv st&oslash;vfri fr&aelig;sning af kanaler til VVS- og elinstallationer<\/strong><br data-start=\"359\" data-end=\"362\">&#9989; <strong data-start=\"364\" data-end=\"401\">Passer til standard vinkelslibere<\/strong> (M14-spindel)<br data-start=\"415\" data-end=\"418\">&#9989; <strong data-start=\"420\" data-end=\"461\">Ideel til porebeton, LECA og gasbeton<\/strong><\/p><h4 data-start=\"465\" data-end=\"516\"><strong data-start=\"470\" data-end=\"514\">Perfekt l&oslash;sning til pr&aelig;cis kanalfr&aelig;sning<\/strong><\/h4><p data-start=\"517\" data-end=\"813\">Dette rillefr&aelig;ser-s&aelig;t g&oslash;r det nemt at fr&aelig;se <strong data-start=\"561\" data-end=\"586\">rene, pr&aelig;cise kanaler<\/strong> til kabler og r&oslash;rinstallationer i <strong data-start=\"621\" data-end=\"646\">bl&oslash;de byggematerialer<\/strong> som <strong data-start=\"651\" data-end=\"682\">porebeton, LECA og gasbeton<\/strong>. Sammenlignet med traditionelle skivefr&aelig;sere giver dette s&aelig;t en <strong data-start=\"747\" data-end=\"810\">dybere og j&aelig;vnere fr&aelig;sning uden behov for efterbearbejdning<\/strong>.<\/p><p data-start=\"815\" data-end=\"922\">&#128313; <strong data-start=\"818\" data-end=\"840\">Arbejdsmaterialer:<\/strong> Porebeton, LECA, gasbeton<br data-start=\"866\" data-end=\"869\">&#10060; <strong data-start=\"871\" data-end=\"920\">Ikke egnet til mursten eller h&aring;rde materialer<\/strong><\/p><hr data-start=\"924\" data-end=\"927\"><h3 data-start=\"929\" data-end=\"989\"><strong data-start=\"933\" data-end=\"987\">Fordele ved rillefr&aelig;ser med klinge frem for skiver<\/strong><\/h3><ul>\n<li data-start=\"990\" data-end=\"1538\">&#10004; <strong data-start=\"992\" data-end=\"1013\">St&oslash;rre fr&aelig;sedybde<\/strong> &ndash; 26 mm eller 60 mm sk&aelig;r giver mulighed for dybere fr&aelig;sning<br data-start=\"1073\" data-end=\"1076\">&#10004; <strong data-start=\"1078\" data-end=\"1110\">Mere pr&aelig;cise og stabile snit<\/strong> &ndash; Reducerer vibrationer for en <strong data-start=\"1142\" data-end=\"1168\">j&aelig;vn og ensartet kanal<\/strong><br data-start=\"1168\" data-end=\"1171\">&#10004; <strong data-start=\"1173\" data-end=\"1215\">Ingen behov for efterf&oslash;lgende mejsling<\/strong> &ndash; Kanalerne bliver <strong data-start=\"1235\" data-end=\"1268\">rene og klar til installation<\/strong><br data-start=\"1268\" data-end=\"1271\">&#10004; <strong data-start=\"1273\" data-end=\"1315\">Perfekt til fr&aelig;sning af stikd&aring;sehuller<\/strong> &ndash; Undg&aring;r sk&aelig;rem&aelig;rker, som skiver ofte efterlader<br data-start=\"1364\" data-end=\"1367\">&#10004; <strong data-start=\"1369\" data-end=\"1410\">Kompatibel med standard vinkelslibere<\/strong> &ndash; Let at montere og bruge<br data-start=\"1436\" data-end=\"1439\">&#10004; <strong data-start=\"1441\" data-end=\"1467\">Fugefr&aelig;sning i murv&aelig;rk<\/strong> &ndash; S&aring;len kan ogs&aring; bruges med <strong data-start=\"1496\" data-end=\"1517\">fugefr&aelig;serstifter<\/strong> til at fr&aelig;se fuger<\/li>\n<\/ul><hr data-start=\"1540\" data-end=\"1543\"><h3 data-start=\"1545\" data-end=\"1571\"><strong data-start=\"1549\" data-end=\"1569\">Indhold i s&aelig;ttet<\/strong><\/h3><p data-start=\"1572\" data-end=\"1650\">&#128230; <strong data-start=\"1575\" data-end=\"1594\">Rillefr&aelig;ser-s&aring;l<\/strong> + <strong data-start=\"1597\" data-end=\"1611\">26 mm sk&aelig;r<\/strong><br data-start=\"1611\" data-end=\"1614\">&#128295; <strong data-start=\"1617\" data-end=\"1648\">Vinkelsliber medf&oslash;lger ikke<\/strong><\/p><p data-start=\"1652\" data-end=\"1756\">&#128161; <strong data-start=\"1655\" data-end=\"1663\">Tip:<\/strong> Har du brug for en <strong data-start=\"1683\" data-end=\"1699\">60 mm rillefr&aelig;ser<\/strong>? Se vores tilbeh&oslash;r her! <a href=\"https:\/\/murerpoint.dk\/vare\/effektiv-rillefraeser-til-installationsdaaser-mm-i-gasbeton\/\" target=\"_blank\" rel=\"noopener noreferrer\">Effektiv Rillefr&aelig;ser til Installationsd&aring;ser mm. i Gasbeton&nbsp;<\/a><\/p>\n","protected":false},"excerpt":{"rendered":"<h5 class=\"ai-optimize-25\">OSM Rillefr\u00e6ser-s\u00e6t til vinkelsliber. St\u00f8vfri fr\u00e6sning af kanaler til VVS &amp; el<\/h5>\n<p class=\"ai-optimize-26\" data-start=\"60\" data-end=\"219\">\ud83d\udd39 <strong data-start=\"63\" data-end=\"99\">Rillefr\u00e6ser-s\u00e6t til vinkelsliber<\/strong> \u2013 St\u00f8vfri fr\u00e6sning af kanaler i <strong data-start=\"132\" data-end=\"163\">porebeton, LECA og gasbeton<\/strong>. J\u00e6vn, dyb fr\u00e6sning uden behov for efterbearbejdning.<\/p>\n<p class=\"ai-optimize-27\" data-start=\"221\" data-end=\"337\"><strong data-start=\"221\" data-end=\"259\">Passer til standard vinkelslibere.<\/strong> S\u00e6ttet indeholder <strong data-start=\"278\" data-end=\"304\">fr\u00e6sers\u00e5l + 26 mm sk\u00e6r<\/strong> (vinkelsliber medf\u00f8lger ikke).<\/p>\n<p>https:\/\/youtu.be\/FXtQkURwBPA?si=WWgp1Kuhf5Y6Lmk7<\/p>\n","protected":false},"featured_media":9058,"comment_status":"open","ping_status":"closed","template":"","meta":[],"product_brand":[],"product_cat":[10616],"product_tag":[7122,10759,6880,10755,10760,6865,10751,10744,10742,10749,8447,8437,7109,10762,10764,2435,311,2455,2450,7128,7108,7134,7115,10746,10756,1910,11298,11297,8405,10761,10757,7116,10758,7107,10741,10747,10748,8435,7133,10752,6886,10745,9622,10763,10743,10750,10765,10754,10753],"class_list":{"0":"post-9052","1":"product","2":"type-product","3":"status-publish","4":"has-post-thumbnail","6":"product_cat-bundles-starter-kit","7":"product_tag-aeratedconcrete","8":"product_tag-anglegrinderaccessory","9":"product_tag-channelcutter","10":"product_tag-cutterbase","11":"product_tag-dammfri-fraesning","12":"product_tag-dustfreecutting","13":"product_tag-elektrikerfraesen","14":"product_tag-elfraesning","15":"product_tag-fraesersaal","16":"product_tag-fraessohle","17":"product_tag-fraessula","18":"product_tag-freesschoen","19":"product_tag-gasbeton","20":"product_tag-gasbetong","21":"product_tag-haakse-slijper-accessoire","22":"product_tag-handgereedschap","23":"product_tag-handvaerktoej-3","24":"product_tag-handverktyg","25":"product_tag-handwerkzeug","26":"product_tag-kanaalfrees","27":"product_tag-kanalfraeser","28":"product_tag-kanalfraes","29":"product_tag-kanalfraese","30":"product_tag-leca","31":"product_tag-mortarcutting","32":"product_tag-osm","33":"product_tag-osm_tools","34":"product_tag-osmtools","35":"product_tag-porebeton","36":"product_tag-porebetong","37":"product_tag-poreconcrete","38":"product_tag-porenbeton","39":"product_tag-powertools","40":"product_tag-rillefraeser","41":"product_tag-rillefraeser-saet","42":"product_tag-schlitzfraese","43":"product_tag-schlitzfraesen-set","44":"product_tag-sleuvenfrees","45":"product_tag-spaarfraes","46":"product_tag-staubfreies-fraesen","47":"product_tag-stofvrijfrezen","48":"product_tag-stoevfri-fraesning","49":"product_tag-vinkelslibertilbehoer","50":"product_tag-vinkelslipstillbehoer","51":"product_tag-vvsfraesning","52":"product_tag-vvsfraesen","53":"product_tag-wallchaser-2","54":"product_tag-wallchasingkit","55":"product_tag-winkelschleiferzubehoer","57":"first","58":"instock","59":"taxable","60":"shipping-taxable","61":"purchasable","62":"product-type-simple"},"yoast_head":"<!-- This site is optimized with the Yoast SEO plugin v27.4 - https:\/\/yoast.com\/product\/yoast-seo-wordpress\/ -->\n<title>OSM Rillefr\u00e6ser-s\u00e6t til vinkelsliber. St\u00f8vfri fr\u00e6sning af kanaler til VVS &amp; el - Murerpoint ApS<\/title>\n<meta name=\"description\" content=\"Rillefr\u00e6ser-s\u00e6t til vinkelsliber. St\u00f8vfri fr\u00e6sning af kanaler i porebeton, LECA &amp; gasbeton. Dyb, j\u00e6vn fr\u00e6sning \u2013 ingen behov for mejsling.\" \/>\n<meta name=\"robots\" content=\"index, follow, max-snippet:-1, max-image-preview:large, max-video-preview:-1\" \/>\n<link rel=\"canonical\" href=\"https:\/\/murerpoint.dk\/nl\/product\/osm-rillefraeser-saet-til-vinkelsliber-stoevfri-fraesning-af-kanaler-til-vvs-el\/\" \/>\n<meta property=\"og:locale\" content=\"nl_NL\" \/>\n<meta property=\"og:type\" content=\"article\" \/>\n<meta property=\"og:title\" content=\"OSM Rillefr\u00e6ser-s\u00e6t til vinkelsliber. St\u00f8vfri fr\u00e6sning af kanaler til VVS &amp; el - Murerpoint ApS\" \/>\n<meta property=\"og:description\" content=\"Rillefr\u00e6ser-s\u00e6t til vinkelsliber. St\u00f8vfri fr\u00e6sning af kanaler i porebeton, LECA &amp; gasbeton. Dyb, j\u00e6vn fr\u00e6sning \u2013 ingen behov for mejsling.\" \/>\n<meta property=\"og:url\" content=\"https:\/\/murerpoint.dk\/nl\/product\/osm-rillefraeser-saet-til-vinkelsliber-stoevfri-fraesning-af-kanaler-til-vvs-el\/\" \/>\n<meta property=\"og:site_name\" content=\"Murerpoint ApS\" \/>\n<meta property=\"article:publisher\" content=\"https:\/\/m.facebook.com\/profile.php?id=61555157262134\" \/>\n<meta property=\"article:modified_time\" content=\"2025-06-20T14:51:16+00:00\" \/>\n<meta property=\"og:image\" content=\"https:\/\/murerpoint.dk\/wp-content\/uploads\/2025\/03\/rillefraesersaet.jpg\" \/>\n\t<meta property=\"og:image:width\" content=\"1200\" \/>\n\t<meta property=\"og:image:height\" content=\"1200\" \/>\n\t<meta property=\"og:image:type\" content=\"image\/jpeg\" \/>\n<meta name=\"twitter:card\" content=\"summary_large_image\" \/>\n<meta name=\"twitter:label1\" content=\"Prijs\" \/>\n\t<meta name=\"twitter:data1\" content=\"&euro;100.36 Pris ekskl. moms: &euro;80.29\" \/>\n\t<meta name=\"twitter:label2\" content=\"Beschikbaarheid\" \/>\n\t<meta name=\"twitter:data2\" content=\"Op voorraad\" \/>\n<script type=\"application\/ld+json\" class=\"yoast-schema-graph\">{\"@context\":\"https:\\\/\\\/schema.org\",\"@graph\":[{\"@type\":\"WebPage\",\"@id\":\"https:\\\/\\\/murerpoint.dk\\\/nl\\\/product\\\/osm-rillefraeser-saet-til-vinkelsliber-stoevfri-fraesning-af-kanaler-til-vvs-el\\\/\",\"url\":\"https:\\\/\\\/murerpoint.dk\\\/nl\\\/product\\\/osm-rillefraeser-saet-til-vinkelsliber-stoevfri-fraesning-af-kanaler-til-vvs-el\\\/\",\"name\":\"OSM Rillefr\u00e6ser-s\u00e6t til vinkelsliber. St\u00f8vfri fr\u00e6sning af kanaler til VVS &amp; el - Murerpoint ApS\",\"isPartOf\":{\"@id\":\"https:\\\/\\\/murerpoint.dk\\\/nl\\\/#website\"},\"primaryImageOfPage\":{\"@id\":\"https:\\\/\\\/murerpoint.dk\\\/nl\\\/product\\\/osm-rillefraeser-saet-til-vinkelsliber-stoevfri-fraesning-af-kanaler-til-vvs-el\\\/#primaryimage\"},\"image\":{\"@id\":\"https:\\\/\\\/murerpoint.dk\\\/nl\\\/product\\\/osm-rillefraeser-saet-til-vinkelsliber-stoevfri-fraesning-af-kanaler-til-vvs-el\\\/#primaryimage\"},\"thumbnailUrl\":\"https:\\\/\\\/murerpoint.dk\\\/wp-content\\\/uploads\\\/2025\\\/03\\\/rillefraesersaet.jpg\",\"datePublished\":\"2025-03-11T18:09:52+00:00\",\"dateModified\":\"2025-06-20T14:51:16+00:00\",\"description\":\"Rillefr\u00e6ser-s\u00e6t til vinkelsliber. St\u00f8vfri fr\u00e6sning af kanaler i porebeton, LECA & gasbeton. Dyb, j\u00e6vn fr\u00e6sning \u2013 ingen behov for mejsling.\",\"breadcrumb\":{\"@id\":\"https:\\\/\\\/murerpoint.dk\\\/nl\\\/product\\\/osm-rillefraeser-saet-til-vinkelsliber-stoevfri-fraesning-af-kanaler-til-vvs-el\\\/#breadcrumb\"},\"inLanguage\":\"nl-NL\",\"potentialAction\":[{\"@type\":\"ReadAction\",\"target\":[\"https:\\\/\\\/murerpoint.dk\\\/nl\\\/product\\\/osm-rillefraeser-saet-til-vinkelsliber-stoevfri-fraesning-af-kanaler-til-vvs-el\\\/\"]}]},{\"@type\":\"ImageObject\",\"inLanguage\":\"nl-NL\",\"@id\":\"https:\\\/\\\/murerpoint.dk\\\/nl\\\/product\\\/osm-rillefraeser-saet-til-vinkelsliber-stoevfri-fraesning-af-kanaler-til-vvs-el\\\/#primaryimage\",\"url\":\"https:\\\/\\\/murerpoint.dk\\\/wp-content\\\/uploads\\\/2025\\\/03\\\/rillefraesersaet.jpg\",\"contentUrl\":\"https:\\\/\\\/murerpoint.dk\\\/wp-content\\\/uploads\\\/2025\\\/03\\\/rillefraesersaet.jpg\",\"width\":1200,\"height\":1200,\"caption\":\"Rillefr\u00e6ser-s\u00e6t til vinkelsliber til st\u00f8vfri fr\u00e6sning i porebeton, LECA og gasbeton. Inkl. fr\u00e6sers\u00e5l og 26 mm sk\u00e6r.\"},{\"@type\":\"BreadcrumbList\",\"@id\":\"https:\\\/\\\/murerpoint.dk\\\/nl\\\/product\\\/osm-rillefraeser-saet-til-vinkelsliber-stoevfri-fraesning-af-kanaler-til-vvs-el\\\/#breadcrumb\",\"itemListElement\":[{\"@type\":\"ListItem\",\"position\":1,\"name\":\"Hjem\",\"item\":\"https:\\\/\\\/murerpoint.dk\\\/nl\\\/\"},{\"@type\":\"ListItem\",\"position\":2,\"name\":\"SHOPPEN\",\"item\":\"https:\\\/\\\/murerpoint.dk\\\/nl\\\/shoppen\\\/\"},{\"@type\":\"ListItem\",\"position\":3,\"name\":\"OSM Rillefr\u00e6ser-s\u00e6t til vinkelsliber. St\u00f8vfri fr\u00e6sning af kanaler til VVS &amp; el\"}]},{\"@type\":\"WebSite\",\"@id\":\"https:\\\/\\\/murerpoint.dk\\\/nl\\\/#website\",\"url\":\"https:\\\/\\\/murerpoint.dk\\\/nl\\\/\",\"name\":\"Murerpoint\",\"description\":\"kvalitets v\u00e6rkt\u00f8j\",\"publisher\":{\"@id\":\"https:\\\/\\\/murerpoint.dk\\\/nl\\\/#organization\"},\"potentialAction\":[{\"@type\":\"SearchAction\",\"target\":{\"@type\":\"EntryPoint\",\"urlTemplate\":\"https:\\\/\\\/murerpoint.dk\\\/nl\\\/?s={search_term_string}\"},\"query-input\":{\"@type\":\"PropertyValueSpecification\",\"valueRequired\":true,\"valueName\":\"search_term_string\"}}],\"inLanguage\":\"nl-NL\"},{\"@type\":\"Organization\",\"@id\":\"https:\\\/\\\/murerpoint.dk\\\/nl\\\/#organization\",\"name\":\"Murerpoint ApS\",\"url\":\"https:\\\/\\\/murerpoint.dk\\\/nl\\\/\",\"logo\":{\"@type\":\"ImageObject\",\"inLanguage\":\"nl-NL\",\"@id\":\"https:\\\/\\\/murerpoint.dk\\\/nl\\\/#\\\/schema\\\/logo\\\/image\\\/\",\"url\":\"https:\\\/\\\/murerpoint.dk\\\/wp-content\\\/uploads\\\/2023\\\/12\\\/cropped-Sort-Midt-Roed-Mursten.png\",\"contentUrl\":\"https:\\\/\\\/murerpoint.dk\\\/wp-content\\\/uploads\\\/2023\\\/12\\\/cropped-Sort-Midt-Roed-Mursten.png\",\"width\":512,\"height\":512,\"caption\":\"Murerpoint ApS\"},\"image\":{\"@id\":\"https:\\\/\\\/murerpoint.dk\\\/nl\\\/#\\\/schema\\\/logo\\\/image\\\/\"},\"sameAs\":[\"https:\\\/\\\/m.facebook.com\\\/profile.php?id=61555157262134\",\"https:\\\/\\\/www.instagram.com\\\/murerpoint?igsh=azluMWV6cTnc2ts&utm_source=qr\",\"https:\\\/\\\/www.tiktok.com\\\/@murerpoint?is_from_webapp=1&sender_device=pc\"]}]}<\/script>\n<meta property=\"product:price:amount\" content=\"100.36\" \/>\n<meta property=\"product:price:currency\" content=\"EUR\" \/>\n<meta property=\"og:availability\" content=\"instock\" \/>\n<meta property=\"product:availability\" content=\"instock\" \/>\n<meta property=\"product:retailer_item_id\" content=\"mp000265\" \/>\n<meta property=\"product:condition\" content=\"new\" \/>\n<!-- \/ Yoast SEO plugin. -->","yoast_head_json":{"title":"OSM Rillefr\u00e6ser-s\u00e6t til vinkelsliber. St\u00f8vfri fr\u00e6sning af kanaler til VVS &amp; el - Murerpoint ApS","description":"Rillefr\u00e6ser-s\u00e6t til vinkelsliber. St\u00f8vfri fr\u00e6sning af kanaler i porebeton, LECA & gasbeton. Dyb, j\u00e6vn fr\u00e6sning \u2013 ingen behov for mejsling.","robots":{"index":"index","follow":"follow","max-snippet":"max-snippet:-1","max-image-preview":"max-image-preview:large","max-video-preview":"max-video-preview:-1"},"canonical":"https:\/\/murerpoint.dk\/nl\/product\/osm-rillefraeser-saet-til-vinkelsliber-stoevfri-fraesning-af-kanaler-til-vvs-el\/","og_locale":"nl_NL","og_type":"article","og_title":"OSM Rillefr\u00e6ser-s\u00e6t til vinkelsliber. St\u00f8vfri fr\u00e6sning af kanaler til VVS &amp; el - Murerpoint ApS","og_description":"Rillefr\u00e6ser-s\u00e6t til vinkelsliber. St\u00f8vfri fr\u00e6sning af kanaler i porebeton, LECA & gasbeton. Dyb, j\u00e6vn fr\u00e6sning \u2013 ingen behov for mejsling.","og_url":"https:\/\/murerpoint.dk\/nl\/product\/osm-rillefraeser-saet-til-vinkelsliber-stoevfri-fraesning-af-kanaler-til-vvs-el\/","og_site_name":"Murerpoint ApS","article_publisher":"https:\/\/m.facebook.com\/profile.php?id=61555157262134","article_modified_time":"2025-06-20T14:51:16+00:00","og_image":[{"width":1200,"height":1200,"url":"https:\/\/murerpoint.dk\/wp-content\/uploads\/2025\/03\/rillefraesersaet.jpg","type":"image\/jpeg"}],"twitter_card":"summary_large_image","twitter_misc":{"Prijs":"&euro;100.36 Pris ekskl. moms: &euro;80.29","Beschikbaarheid":"Op voorraad"},"schema":{"@context":"https:\/\/schema.org","@graph":[{"@type":"WebPage","@id":"https:\/\/murerpoint.dk\/nl\/product\/osm-rillefraeser-saet-til-vinkelsliber-stoevfri-fraesning-af-kanaler-til-vvs-el\/","url":"https:\/\/murerpoint.dk\/nl\/product\/osm-rillefraeser-saet-til-vinkelsliber-stoevfri-fraesning-af-kanaler-til-vvs-el\/","name":"OSM Rillefr\u00e6ser-s\u00e6t til vinkelsliber. St\u00f8vfri fr\u00e6sning af kanaler til VVS &amp; el - Murerpoint ApS","isPartOf":{"@id":"https:\/\/murerpoint.dk\/nl\/#website"},"primaryImageOfPage":{"@id":"https:\/\/murerpoint.dk\/nl\/product\/osm-rillefraeser-saet-til-vinkelsliber-stoevfri-fraesning-af-kanaler-til-vvs-el\/#primaryimage"},"image":{"@id":"https:\/\/murerpoint.dk\/nl\/product\/osm-rillefraeser-saet-til-vinkelsliber-stoevfri-fraesning-af-kanaler-til-vvs-el\/#primaryimage"},"thumbnailUrl":"https:\/\/murerpoint.dk\/wp-content\/uploads\/2025\/03\/rillefraesersaet.jpg","datePublished":"2025-03-11T18:09:52+00:00","dateModified":"2025-06-20T14:51:16+00:00","description":"Rillefr\u00e6ser-s\u00e6t til vinkelsliber. St\u00f8vfri fr\u00e6sning af kanaler i porebeton, LECA & gasbeton. Dyb, j\u00e6vn fr\u00e6sning \u2013 ingen behov for mejsling.","breadcrumb":{"@id":"https:\/\/murerpoint.dk\/nl\/product\/osm-rillefraeser-saet-til-vinkelsliber-stoevfri-fraesning-af-kanaler-til-vvs-el\/#breadcrumb"},"inLanguage":"nl-NL","potentialAction":[{"@type":"ReadAction","target":["https:\/\/murerpoint.dk\/nl\/product\/osm-rillefraeser-saet-til-vinkelsliber-stoevfri-fraesning-af-kanaler-til-vvs-el\/"]}]},{"@type":"ImageObject","inLanguage":"nl-NL","@id":"https:\/\/murerpoint.dk\/nl\/product\/osm-rillefraeser-saet-til-vinkelsliber-stoevfri-fraesning-af-kanaler-til-vvs-el\/#primaryimage","url":"https:\/\/murerpoint.dk\/wp-content\/uploads\/2025\/03\/rillefraesersaet.jpg","contentUrl":"https:\/\/murerpoint.dk\/wp-content\/uploads\/2025\/03\/rillefraesersaet.jpg","width":1200,"height":1200,"caption":"Rillefr\u00e6ser-s\u00e6t til vinkelsliber til st\u00f8vfri fr\u00e6sning i porebeton, LECA og gasbeton. Inkl. fr\u00e6sers\u00e5l og 26 mm sk\u00e6r."},{"@type":"BreadcrumbList","@id":"https:\/\/murerpoint.dk\/nl\/product\/osm-rillefraeser-saet-til-vinkelsliber-stoevfri-fraesning-af-kanaler-til-vvs-el\/#breadcrumb","itemListElement":[{"@type":"ListItem","position":1,"name":"Hjem","item":"https:\/\/murerpoint.dk\/nl\/"},{"@type":"ListItem","position":2,"name":"SHOPPEN","item":"https:\/\/murerpoint.dk\/nl\/shoppen\/"},{"@type":"ListItem","position":3,"name":"OSM Rillefr\u00e6ser-s\u00e6t til vinkelsliber. St\u00f8vfri fr\u00e6sning af kanaler til VVS &amp; el"}]},{"@type":"WebSite","@id":"https:\/\/murerpoint.dk\/nl\/#website","url":"https:\/\/murerpoint.dk\/nl\/","name":"Murerpoint","description":"kvalitets v\u00e6rkt\u00f8j","publisher":{"@id":"https:\/\/murerpoint.dk\/nl\/#organization"},"potentialAction":[{"@type":"SearchAction","target":{"@type":"EntryPoint","urlTemplate":"https:\/\/murerpoint.dk\/nl\/?s={search_term_string}"},"query-input":{"@type":"PropertyValueSpecification","valueRequired":true,"valueName":"search_term_string"}}],"inLanguage":"nl-NL"},{"@type":"Organization","@id":"https:\/\/murerpoint.dk\/nl\/#organization","name":"Murerpoint ApS","url":"https:\/\/murerpoint.dk\/nl\/","logo":{"@type":"ImageObject","inLanguage":"nl-NL","@id":"https:\/\/murerpoint.dk\/nl\/#\/schema\/logo\/image\/","url":"https:\/\/murerpoint.dk\/wp-content\/uploads\/2023\/12\/cropped-Sort-Midt-Roed-Mursten.png","contentUrl":"https:\/\/murerpoint.dk\/wp-content\/uploads\/2023\/12\/cropped-Sort-Midt-Roed-Mursten.png","width":512,"height":512,"caption":"Murerpoint ApS"},"image":{"@id":"https:\/\/murerpoint.dk\/nl\/#\/schema\/logo\/image\/"},"sameAs":["https:\/\/m.facebook.com\/profile.php?id=61555157262134","https:\/\/www.instagram.com\/murerpoint?igsh=azluMWV6cTnc2ts&utm_source=qr","https:\/\/www.tiktok.com\/@murerpoint?is_from_webapp=1&sender_device=pc"]}]},"product_price_amount":"100.36","product_price_currency":"EUR","og_availability":"instock","product_availability":"instock","product_retailer_item_id":"mp000265","product_condition":"new"},"_links":{"self":[{"href":"https:\/\/murerpoint.dk\/nl\/wp-json\/wp\/v2\/product\/9052","targetHints":{"allow":["GET"]}}],"collection":[{"href":"https:\/\/murerpoint.dk\/nl\/wp-json\/wp\/v2\/product"}],"about":[{"href":"https:\/\/murerpoint.dk\/nl\/wp-json\/wp\/v2\/types\/product"}],"replies":[{"embeddable":true,"href":"https:\/\/murerpoint.dk\/nl\/wp-json\/wp\/v2\/comments?post=9052"}],"wp:featuredmedia":[{"embeddable":true,"href":"https:\/\/murerpoint.dk\/nl\/wp-json\/wp\/v2\/media\/9058"}],"wp:attachment":[{"href":"https:\/\/murerpoint.dk\/nl\/wp-json\/wp\/v2\/media?parent=9052"}],"wp:term":[{"taxonomy":"product_brand","embeddable":true,"href":"https:\/\/murerpoint.dk\/nl\/wp-json\/wp\/v2\/product_brand?post=9052"},{"taxonomy":"product_cat","embeddable":true,"href":"https:\/\/murerpoint.dk\/nl\/wp-json\/wp\/v2\/product_cat?post=9052"},{"taxonomy":"product_tag","embeddable":true,"href":"https:\/\/murerpoint.dk\/nl\/wp-json\/wp\/v2\/product_tag?post=9052"}],"curies":[{"name":"wp","href":"https:\/\/api.w.org\/{rel}","templated":true}]}}