{"id":6846,"date":"2024-09-16T10:38:04","date_gmt":"2024-09-16T10:38:04","guid":{"rendered":"https:\/\/murerpoint.dk\/?page_id=6846"},"modified":"2024-09-18T09:56:24","modified_gmt":"2024-09-18T09:56:24","slug":"optimal-slipning-med-diamantsegment","status":"publish","type":"page","link":"https:\/\/murerpoint.dk\/sv\/optimal-slipning-med-diamantsegment\/","title":{"rendered":"Optimal Slipning med Diamantsegment \u2013 R\u00e5d, V\u00e4gledning och 20 \u00c5rs Erfarenhet fr\u00e5n MurerPoint"},"content":{"rendered":"<?xml encoding=\"utf-8\" ?><div data-elementor-type=\"wp-page\" data-elementor-id=\"6846\" class=\"elementor elementor-6846 elementor-6807\" data-elementor-post-type=\"page\">\n\t\t\t\t<div class=\"elementor-element elementor-element-a8d3c32 e-flex e-con-boxed e-con e-parent\" data-id=\"a8d3c32\" data-element_type=\"container\" data-e-type=\"container\">\n\t\t\t\t\t<div class=\"e-con-inner\">\n\t\t\t\t<div class=\"elementor-element elementor-element-ecf6185 elementor-widget elementor-widget-image\" data-id=\"ecf6185\" data-element_type=\"widget\" data-e-type=\"widget\" data-widget_type=\"image.default\">\n\t\t\t\t<div class=\"elementor-widget-container\">\n\t\t\t\t\t\t\t\t\t\t\t\t\t\t\t<img fetchpriority=\"high\" decoding=\"async\" width=\"276\" height=\"183\" src=\"https:\/\/murerpoint.dk\/wp-content\/uploads\/2024\/09\/betonslibning.jpg\" class=\"attachment-medium size-medium wp-image-6813\" alt=\"Optimal Slibning med Diamantsegmenter &ndash; R&aring;d, Vejledning og 20 &Aring;rs Erfaring fra MurerPoint\">\t\t\t\t\t\t\t\t\t\t\t\t\t\t\t<\/div>\n\t\t\t\t<\/div>\n\t\t\t\t\t<\/div>\n\t\t\t\t<\/div>\n\t\t<div class=\"elementor-element elementor-element-69a11d2 e-flex e-con-boxed e-con e-parent\" data-id=\"69a11d2\" data-element_type=\"container\" data-e-type=\"container\">\n\t\t\t\t\t<div class=\"e-con-inner\">\n\t\t\t\t<div class=\"elementor-element elementor-element-1077027 elementor-widget elementor-widget-text-editor\" data-id=\"1077027\" data-element_type=\"widget\" data-e-type=\"widget\" data-widget_type=\"text-editor.default\">\n\t\t\t\t<div class=\"elementor-widget-container\">\n\t\t\t\t\t\t\t\t\t<p><strong>V&auml;lkommen till v&aring;r expertis inom diamantsegment och betongslipning!<\/strong><\/p><p>Hos MurerPoint har vi &ouml;ver 20 &aring;rs erfarenhet av att utveckla och anpassa diamantsegment f&ouml;r alla typer av betonggolv &ndash; fr&aring;n mjuk flytbetong till extremt h&aring;rda stenbel&auml;ggningar. Vi f&ouml;rst&aring;r hur viktigt det &auml;r att v&auml;lja r&auml;tt segment, och d&auml;rf&ouml;r delar vi v&aring;r omfattande kunskap h&auml;r.<\/p><p>P&aring; denna sida hittar du r&aring;d, v&auml;gledning och erfarenheter som hj&auml;lper dig att uppn&aring; de b&auml;sta resultaten, oavsett om du &auml;r professionell eller privat anv&auml;ndare. Du f&aring;r insikt i hur du optimerar din slipprocess och v&auml;ljer det diamantsegment som b&auml;st passar dina behov.<\/p><p><strong>Varf&ouml;r &auml;r valet av diamantsegment viktigt?<\/strong><\/p><p>R&auml;tt diamantsegment s&auml;kerst&auml;ller att din slipning sker snabbt och effektivt samtidigt som du f&aring;r den l&auml;ngsta m&ouml;jliga livsl&auml;ngden ur segmentet. Hos MurerPoint har vi testat och justerat v&aring;ra produkter i m&aring;nga &aring;r f&ouml;r att hitta den perfekta balansen mellan snabb slipning och h&aring;llbarhet.<\/p><p><i>L&auml;s vidare f&ouml;r att f&aring; insikt i hur du v&auml;ljer r&auml;tt diamantsegment, baserat p&aring; betongtyp, maskiner och arbetsuppgifter.<\/i><\/p>\t\t\t\t\t\t\t\t<\/div>\n\t\t\t\t<\/div>\n\t\t\t\t\t<\/div>\n\t\t\t\t<\/div>\n\t\t<div class=\"elementor-element elementor-element-b7bcaff e-flex e-con-boxed e-con e-parent\" data-id=\"b7bcaff\" data-element_type=\"container\" data-e-type=\"container\">\n\t\t\t\t\t<div class=\"e-con-inner\">\n\t\t\t\t<div class=\"elementor-element elementor-element-6d74ed2 elementor-widget elementor-widget-heading\" data-id=\"6d74ed2\" data-element_type=\"widget\" data-e-type=\"widget\" data-widget_type=\"heading.default\">\n\t\t\t\t<div class=\"elementor-widget-container\">\n\t\t\t\t\t<h2 class=\"elementor-heading-title elementor-size-default\">H&aring;rdhet i Diamantsegment &ndash; Vad Betyder Det f&ouml;r Dig?<\/h2>\t\t\t\t<\/div>\n\t\t\t\t<\/div>\n\t\t\t\t\t<\/div>\n\t\t\t\t<\/div>\n\t\t<div class=\"elementor-element elementor-element-c581bfa e-flex e-con-boxed e-con e-parent\" data-id=\"c581bfa\" data-element_type=\"container\" data-e-type=\"container\">\n\t\t\t\t\t<div class=\"e-con-inner\">\n\t\t\t\t<div class=\"elementor-element elementor-element-38b07dc elementor-widget elementor-widget-text-editor\" data-id=\"38b07dc\" data-element_type=\"widget\" data-e-type=\"widget\" data-widget_type=\"text-editor.default\">\n\t\t\t\t<div class=\"elementor-widget-container\">\n\t\t\t\t\t\t\t\t\t<h6 style=\"font-family: Roboto, sans-serif; color: rgb(15, 14, 14);\">H&aring;rdheten hos ett diamantsegment &auml;r avg&ouml;rande f&ouml;r hur effektivt och snabbt det arbetar samt hur l&auml;nge det h&aring;ller. Ett segment m&aring;ste vara tillr&auml;ckligt aggressivt f&ouml;r att snabbt avl&auml;gsna mycket material, men det f&aring;r samtidigt inte slitas ut f&ouml;r snabbt.<\/h6>\n<p><strong>Hos MurerPoint har vi justerat h&aring;rdheten i v&aring;ra diamantsegment s&aring; att du f&aring;r en optimal balans mellan:<\/strong><\/p><ul><li><strong>Slipningshastighet<\/strong> &ndash; Hur snabbt segmentet arbetar och avl&auml;gsnar betong.<\/li><li><strong>Slitstyrka<\/strong> &ndash; Hur l&auml;nge segmentet h&aring;ller innan det beh&ouml;ver bytas ut.<\/li><\/ul><p>Genom att v&auml;lja r&auml;tt segment f&aring;r du b&aring;de snabbare arbete och mindre slitage, vilket sparar b&aring;de tid och pengar.<\/p><p><strong>Professionella vs. privata behov &ndash; Vilket segment passar dig?<\/strong><br>Det finns en tydlig skillnad p&aring; vad professionella och privata anv&auml;ndare beh&ouml;ver n&auml;r de v&auml;ljer diamantsegment:<\/p><ul><li><strong>Professionella anv&auml;ndare<\/strong> har ofta h&ouml;ga arbetskostnader och beh&ouml;ver d&auml;rf&ouml;r segment som arbetar snabbt och effektivt. F&ouml;r dem &auml;r det viktigt att slutf&ouml;ra arbetet snabbt f&ouml;r att spara pengar.<\/li><li><strong>Privata anv&auml;ndare<\/strong> &auml;r mer intresserade av segmentets livsl&auml;ngd, eftersom de ofta arbetar p&aring; mindre projekt. H&auml;r handlar det om att f&aring; segmentet att h&aring;lla s&aring; l&auml;nge som m&ouml;jligt, &auml;ven om arbetet kan ta lite l&auml;ngre tid.<\/li><\/ul><p>Hos MurerPoint kan vi hj&auml;lpa dig att v&auml;lja r&auml;tt diamantsegment baserat p&aring; om du s&ouml;ker snabb slipning eller l&aring;ng h&aring;llbarhet.<\/p><p><strong>Hur v&auml;ljer du r&auml;tt diamantsegment?<\/strong><br>N&auml;r du ska v&auml;lja r&auml;tt diamantsegment m&aring;ste du ta h&auml;nsyn till flera faktorer:<\/p><ul><li><strong>Betongtyp<\/strong>: &Auml;r det mjuk flytbetong eller h&aring;rd, genomh&auml;rdad betong?<\/li><li><strong>Maskin<\/strong>: Vilken typ av maskin anv&auml;nder du och hur tung &auml;r den?<\/li><li><strong>Arbetsuppgift<\/strong>: Ska du ta bort stora m&auml;ngder betong, eller &auml;r det mer finare precisionsarbete?<\/li><\/ul><p>Hos MurerPoint hj&auml;lper vi dig att hitta den perfekta matchen mellan segment och betong, s&aring; att du alltid f&aring;r de b&auml;sta resultaten.<\/p><p><strong>Slipmaskiner och viktoptimering<\/strong><br>N&auml;r du arbetar med tunga betongslipmaskiner (&ouml;ver 280 kg) &auml;r det viktigt att justera trycket p&aring; maskinen beroende p&aring; vilken betongtyp du arbetar med. Vid mjuk betong kan du minska maskinens vikt f&ouml;r att optimera diamantsegmentets livsl&auml;ngd och undvika on&ouml;digt slitage.<\/p><p><strong>Testning av diamantsegment &ndash; Hur bed&ouml;mer du kvaliteten?<\/strong><br>F&ouml;r att m&auml;ta livsl&auml;ngden p&aring; ett segment korrekt kr&auml;vs det att du anv&auml;nder samma segmentform, maskin och arbetar p&aring; samma typ av golv. Hos MurerPoint har vi utf&ouml;rt denna typ av tester hundratals g&aring;nger f&ouml;r att s&auml;kerst&auml;lla att v&aring;ra segment levererar b&auml;sta prestanda och h&aring;llbarhet.<\/p><p>Vi m&auml;ter b&aring;de:<\/p><ul><li><strong>Slipningshastighet<\/strong> &ndash; Hur mycket betong som avl&auml;gsnas under en viss tid.<\/li><li><strong>Slitstyrka<\/strong> &ndash; Hur mycket segmentet slits under samma tid.<\/li><\/ul><p>Detta s&auml;kerst&auml;ller att du f&aring;r segment som b&aring;de arbetar snabbt och h&aring;ller l&auml;nge.<\/p><p><strong>Kontakta MurerPoint f&ouml;r professionell r&aring;dgivning<\/strong><br>Har du fr&aring;gor eller vill du ha hj&auml;lp med att hitta r&auml;tt diamantsegment f&ouml;r din uppgift? Kontakta oss idag f&ouml;r professionell v&auml;gledning fr&aring;n v&aring;ra experter med &ouml;ver 20 &aring;rs erfarenhet.<\/p><p><strong>F&ouml;rdelar med MurerPoints diamantsegment:<\/strong><\/p><ul><li>Snabb slipning f&ouml;r professionella anv&auml;ndare<\/li><li>L&aring;ng h&aring;llbarhet f&ouml;r privata anv&auml;ndare<\/li><li>Optimal balans mellan effektivitet och livsl&auml;ngd<\/li><li>R&aring;dgivning fr&aring;n experter med &ouml;ver 20 &aring;rs erfarenhet<\/li><\/ul><ul>\n<\/ul>\t\t\t\t\t\t\t\t<\/div>\n\t\t\t\t<\/div>\n\t\t\t\t\t<\/div>\n\t\t\t\t<\/div>\n\t\t\t\t<\/div>\n","protected":false},"excerpt":{"rendered":"<p>V&auml;lkommen till v&aring;r expertis inom diamantsegment och betongslipning! Hos MurerPoint har vi &ouml;ver 20 &aring;rs erfarenhet av att utveckla och anpassa diamantsegment f&ouml;r alla typer av betonggolv &ndash; fr&aring;n mjuk flytbetong till extremt h&aring;rda stenbel&auml;ggningar. Vi f&ouml;rst&aring;r hur viktigt det &auml;r att v&auml;lja r&auml;tt segment, och d&auml;rf&ouml;r delar vi v&aring;r omfattande kunskap h&auml;r. P&aring; denna [&hellip;]<\/p>\n","protected":false},"author":2,"featured_media":0,"parent":0,"menu_order":0,"comment_status":"closed","ping_status":"closed","template":"","meta":{"footnotes":""},"class_list":["post-6846","page","type-page","status-publish","hentry"],"yoast_head":"<!-- This site is optimized with the Yoast SEO plugin v27.4 - https:\/\/yoast.com\/product\/yoast-seo-wordpress\/ -->\n<title>Optimal Slipning med Diamantsegment \u2013 R\u00e5d, V\u00e4gledning och 20 \u00c5rs Erfarenhet fr\u00e5n MurerPoint - Murerpoint ApS<\/title>\n<meta name=\"description\" content=\"Vi har \u00f6ver 20 \u00e5rs erfarenhet av att utveckla och anpassa diamantsegment f\u00f6r betonggolv, fr\u00e5n mjuk betong till extremt h\u00e5rd.\" \/>\n<meta name=\"robots\" content=\"index, follow, max-snippet:-1, max-image-preview:large, max-video-preview:-1\" \/>\n<link rel=\"canonical\" href=\"https:\/\/murerpoint.dk\/sv\/optimal-slipning-med-diamantsegment\/\" \/>\n<meta property=\"og:locale\" content=\"sv_SE\" \/>\n<meta property=\"og:type\" content=\"article\" \/>\n<meta property=\"og:title\" content=\"Optimal Slipning med Diamantsegment \u2013 R\u00e5d, V\u00e4gledning och 20 \u00c5rs Erfarenhet fr\u00e5n MurerPoint - Murerpoint ApS\" \/>\n<meta property=\"og:description\" content=\"Vi har \u00f6ver 20 \u00e5rs erfarenhet av att utveckla och anpassa diamantsegment f\u00f6r betonggolv, fr\u00e5n mjuk betong till extremt h\u00e5rd.\" \/>\n<meta property=\"og:url\" content=\"https:\/\/murerpoint.dk\/sv\/optimal-slipning-med-diamantsegment\/\" \/>\n<meta property=\"og:site_name\" content=\"Murerpoint ApS\" \/>\n<meta property=\"article:publisher\" content=\"https:\/\/m.facebook.com\/profile.php?id=61555157262134\" \/>\n<meta property=\"article:modified_time\" content=\"2024-09-18T09:56:24+00:00\" \/>\n<meta property=\"og:image\" content=\"https:\/\/murerpoint.dk\/wp-content\/uploads\/2024\/09\/betonslibning.jpg\" \/>\n<meta name=\"twitter:card\" content=\"summary_large_image\" \/>\n<meta name=\"twitter:label1\" content=\"Ber\u00e4knad l\u00e4stid\" \/>\n\t<meta name=\"twitter:data1\" content=\"4 minuter\" \/>\n<script type=\"application\/ld+json\" class=\"yoast-schema-graph\">{\"@context\":\"https:\\\/\\\/schema.org\",\"@graph\":[{\"@type\":\"WebPage\",\"@id\":\"https:\\\/\\\/murerpoint.dk\\\/sv\\\/optimal-slipning-med-diamantsegment\\\/\",\"url\":\"https:\\\/\\\/murerpoint.dk\\\/sv\\\/optimal-slipning-med-diamantsegment\\\/\",\"name\":\"Optimal Slipning med Diamantsegment \u2013 R\u00e5d, V\u00e4gledning och 20 \u00c5rs Erfarenhet fr\u00e5n MurerPoint - Murerpoint ApS\",\"isPartOf\":{\"@id\":\"https:\\\/\\\/murerpoint.dk\\\/sv\\\/#website\"},\"primaryImageOfPage\":{\"@id\":\"https:\\\/\\\/murerpoint.dk\\\/sv\\\/optimal-slipning-med-diamantsegment\\\/#primaryimage\"},\"image\":{\"@id\":\"https:\\\/\\\/murerpoint.dk\\\/sv\\\/optimal-slipning-med-diamantsegment\\\/#primaryimage\"},\"thumbnailUrl\":\"https:\\\/\\\/murerpoint.dk\\\/wp-content\\\/uploads\\\/2024\\\/09\\\/betonslibning.jpg\",\"datePublished\":\"2024-09-16T10:38:04+00:00\",\"dateModified\":\"2024-09-18T09:56:24+00:00\",\"description\":\"Vi har \u00f6ver 20 \u00e5rs erfarenhet av att utveckla och anpassa diamantsegment f\u00f6r betonggolv, fr\u00e5n mjuk betong till extremt h\u00e5rd.\",\"breadcrumb\":{\"@id\":\"https:\\\/\\\/murerpoint.dk\\\/sv\\\/optimal-slipning-med-diamantsegment\\\/#breadcrumb\"},\"inLanguage\":\"sv-SE\",\"potentialAction\":[{\"@type\":\"ReadAction\",\"target\":[\"https:\\\/\\\/murerpoint.dk\\\/sv\\\/optimal-slipning-med-diamantsegment\\\/\"]}]},{\"@type\":\"ImageObject\",\"inLanguage\":\"sv-SE\",\"@id\":\"https:\\\/\\\/murerpoint.dk\\\/sv\\\/optimal-slipning-med-diamantsegment\\\/#primaryimage\",\"url\":\"https:\\\/\\\/murerpoint.dk\\\/wp-content\\\/uploads\\\/2024\\\/09\\\/betonslibning.jpg\",\"contentUrl\":\"https:\\\/\\\/murerpoint.dk\\\/wp-content\\\/uploads\\\/2024\\\/09\\\/betonslibning.jpg\"},{\"@type\":\"BreadcrumbList\",\"@id\":\"https:\\\/\\\/murerpoint.dk\\\/sv\\\/optimal-slipning-med-diamantsegment\\\/#breadcrumb\",\"itemListElement\":[{\"@type\":\"ListItem\",\"position\":1,\"name\":\"Hjem\",\"item\":\"https:\\\/\\\/murerpoint.dk\\\/sv\\\/\"},{\"@type\":\"ListItem\",\"position\":2,\"name\":\"Optimal Slipning med Diamantsegment \u2013 R\u00e5d, V\u00e4gledning och 20 \u00c5rs Erfarenhet fr\u00e5n MurerPoint\"}]},{\"@type\":\"WebSite\",\"@id\":\"https:\\\/\\\/murerpoint.dk\\\/sv\\\/#website\",\"url\":\"https:\\\/\\\/murerpoint.dk\\\/sv\\\/\",\"name\":\"Murerpoint\",\"description\":\"kvalitets v\u00e6rkt\u00f8j\",\"publisher\":{\"@id\":\"https:\\\/\\\/murerpoint.dk\\\/sv\\\/#organization\"},\"potentialAction\":[{\"@type\":\"SearchAction\",\"target\":{\"@type\":\"EntryPoint\",\"urlTemplate\":\"https:\\\/\\\/murerpoint.dk\\\/sv\\\/?s={search_term_string}\"},\"query-input\":{\"@type\":\"PropertyValueSpecification\",\"valueRequired\":true,\"valueName\":\"search_term_string\"}}],\"inLanguage\":\"sv-SE\"},{\"@type\":\"Organization\",\"@id\":\"https:\\\/\\\/murerpoint.dk\\\/sv\\\/#organization\",\"name\":\"Murerpoint ApS\",\"url\":\"https:\\\/\\\/murerpoint.dk\\\/sv\\\/\",\"logo\":{\"@type\":\"ImageObject\",\"inLanguage\":\"sv-SE\",\"@id\":\"https:\\\/\\\/murerpoint.dk\\\/sv\\\/#\\\/schema\\\/logo\\\/image\\\/\",\"url\":\"https:\\\/\\\/murerpoint.dk\\\/wp-content\\\/uploads\\\/2023\\\/12\\\/cropped-Sort-Midt-Roed-Mursten.png\",\"contentUrl\":\"https:\\\/\\\/murerpoint.dk\\\/wp-content\\\/uploads\\\/2023\\\/12\\\/cropped-Sort-Midt-Roed-Mursten.png\",\"width\":512,\"height\":512,\"caption\":\"Murerpoint ApS\"},\"image\":{\"@id\":\"https:\\\/\\\/murerpoint.dk\\\/sv\\\/#\\\/schema\\\/logo\\\/image\\\/\"},\"sameAs\":[\"https:\\\/\\\/m.facebook.com\\\/profile.php?id=61555157262134\",\"https:\\\/\\\/www.instagram.com\\\/murerpoint?igsh=azluMWV6cTnc2ts&utm_source=qr\",\"https:\\\/\\\/www.tiktok.com\\\/@murerpoint?is_from_webapp=1&sender_device=pc\"]}]}<\/script>\n<!-- \/ Yoast SEO plugin. -->","yoast_head_json":{"title":"Optimal Slipning med Diamantsegment \u2013 R\u00e5d, V\u00e4gledning och 20 \u00c5rs Erfarenhet fr\u00e5n MurerPoint - Murerpoint ApS","description":"Vi har \u00f6ver 20 \u00e5rs erfarenhet av att utveckla och anpassa diamantsegment f\u00f6r betonggolv, fr\u00e5n mjuk betong till extremt h\u00e5rd.","robots":{"index":"index","follow":"follow","max-snippet":"max-snippet:-1","max-image-preview":"max-image-preview:large","max-video-preview":"max-video-preview:-1"},"canonical":"https:\/\/murerpoint.dk\/sv\/optimal-slipning-med-diamantsegment\/","og_locale":"sv_SE","og_type":"article","og_title":"Optimal Slipning med Diamantsegment \u2013 R\u00e5d, V\u00e4gledning och 20 \u00c5rs Erfarenhet fr\u00e5n MurerPoint - Murerpoint ApS","og_description":"Vi har \u00f6ver 20 \u00e5rs erfarenhet av att utveckla och anpassa diamantsegment f\u00f6r betonggolv, fr\u00e5n mjuk betong till extremt h\u00e5rd.","og_url":"https:\/\/murerpoint.dk\/sv\/optimal-slipning-med-diamantsegment\/","og_site_name":"Murerpoint ApS","article_publisher":"https:\/\/m.facebook.com\/profile.php?id=61555157262134","article_modified_time":"2024-09-18T09:56:24+00:00","og_image":[{"url":"https:\/\/murerpoint.dk\/wp-content\/uploads\/2024\/09\/betonslibning.jpg","type":"","width":"","height":""}],"twitter_card":"summary_large_image","twitter_misc":{"Ber\u00e4knad l\u00e4stid":"4 minuter"},"schema":{"@context":"https:\/\/schema.org","@graph":[{"@type":"WebPage","@id":"https:\/\/murerpoint.dk\/sv\/optimal-slipning-med-diamantsegment\/","url":"https:\/\/murerpoint.dk\/sv\/optimal-slipning-med-diamantsegment\/","name":"Optimal Slipning med Diamantsegment \u2013 R\u00e5d, V\u00e4gledning och 20 \u00c5rs Erfarenhet fr\u00e5n MurerPoint - Murerpoint ApS","isPartOf":{"@id":"https:\/\/murerpoint.dk\/sv\/#website"},"primaryImageOfPage":{"@id":"https:\/\/murerpoint.dk\/sv\/optimal-slipning-med-diamantsegment\/#primaryimage"},"image":{"@id":"https:\/\/murerpoint.dk\/sv\/optimal-slipning-med-diamantsegment\/#primaryimage"},"thumbnailUrl":"https:\/\/murerpoint.dk\/wp-content\/uploads\/2024\/09\/betonslibning.jpg","datePublished":"2024-09-16T10:38:04+00:00","dateModified":"2024-09-18T09:56:24+00:00","description":"Vi har \u00f6ver 20 \u00e5rs erfarenhet av att utveckla och anpassa diamantsegment f\u00f6r betonggolv, fr\u00e5n mjuk betong till extremt h\u00e5rd.","breadcrumb":{"@id":"https:\/\/murerpoint.dk\/sv\/optimal-slipning-med-diamantsegment\/#breadcrumb"},"inLanguage":"sv-SE","potentialAction":[{"@type":"ReadAction","target":["https:\/\/murerpoint.dk\/sv\/optimal-slipning-med-diamantsegment\/"]}]},{"@type":"ImageObject","inLanguage":"sv-SE","@id":"https:\/\/murerpoint.dk\/sv\/optimal-slipning-med-diamantsegment\/#primaryimage","url":"https:\/\/murerpoint.dk\/wp-content\/uploads\/2024\/09\/betonslibning.jpg","contentUrl":"https:\/\/murerpoint.dk\/wp-content\/uploads\/2024\/09\/betonslibning.jpg"},{"@type":"BreadcrumbList","@id":"https:\/\/murerpoint.dk\/sv\/optimal-slipning-med-diamantsegment\/#breadcrumb","itemListElement":[{"@type":"ListItem","position":1,"name":"Hjem","item":"https:\/\/murerpoint.dk\/sv\/"},{"@type":"ListItem","position":2,"name":"Optimal Slipning med Diamantsegment \u2013 R\u00e5d, V\u00e4gledning och 20 \u00c5rs Erfarenhet fr\u00e5n MurerPoint"}]},{"@type":"WebSite","@id":"https:\/\/murerpoint.dk\/sv\/#website","url":"https:\/\/murerpoint.dk\/sv\/","name":"Murerpoint","description":"kvalitets v\u00e6rkt\u00f8j","publisher":{"@id":"https:\/\/murerpoint.dk\/sv\/#organization"},"potentialAction":[{"@type":"SearchAction","target":{"@type":"EntryPoint","urlTemplate":"https:\/\/murerpoint.dk\/sv\/?s={search_term_string}"},"query-input":{"@type":"PropertyValueSpecification","valueRequired":true,"valueName":"search_term_string"}}],"inLanguage":"sv-SE"},{"@type":"Organization","@id":"https:\/\/murerpoint.dk\/sv\/#organization","name":"Murerpoint ApS","url":"https:\/\/murerpoint.dk\/sv\/","logo":{"@type":"ImageObject","inLanguage":"sv-SE","@id":"https:\/\/murerpoint.dk\/sv\/#\/schema\/logo\/image\/","url":"https:\/\/murerpoint.dk\/wp-content\/uploads\/2023\/12\/cropped-Sort-Midt-Roed-Mursten.png","contentUrl":"https:\/\/murerpoint.dk\/wp-content\/uploads\/2023\/12\/cropped-Sort-Midt-Roed-Mursten.png","width":512,"height":512,"caption":"Murerpoint ApS"},"image":{"@id":"https:\/\/murerpoint.dk\/sv\/#\/schema\/logo\/image\/"},"sameAs":["https:\/\/m.facebook.com\/profile.php?id=61555157262134","https:\/\/www.instagram.com\/murerpoint?igsh=azluMWV6cTnc2ts&utm_source=qr","https:\/\/www.tiktok.com\/@murerpoint?is_from_webapp=1&sender_device=pc"]}]}},"_links":{"self":[{"href":"https:\/\/murerpoint.dk\/sv\/wp-json\/wp\/v2\/pages\/6846","targetHints":{"allow":["GET"]}}],"collection":[{"href":"https:\/\/murerpoint.dk\/sv\/wp-json\/wp\/v2\/pages"}],"about":[{"href":"https:\/\/murerpoint.dk\/sv\/wp-json\/wp\/v2\/types\/page"}],"author":[{"embeddable":true,"href":"https:\/\/murerpoint.dk\/sv\/wp-json\/wp\/v2\/users\/2"}],"replies":[{"embeddable":true,"href":"https:\/\/murerpoint.dk\/sv\/wp-json\/wp\/v2\/comments?post=6846"}],"version-history":[{"count":5,"href":"https:\/\/murerpoint.dk\/sv\/wp-json\/wp\/v2\/pages\/6846\/revisions"}],"predecessor-version":[{"id":6851,"href":"https:\/\/murerpoint.dk\/sv\/wp-json\/wp\/v2\/pages\/6846\/revisions\/6851"}],"wp:attachment":[{"href":"https:\/\/murerpoint.dk\/sv\/wp-json\/wp\/v2\/media?parent=6846"}],"curies":[{"name":"wp","href":"https:\/\/api.w.org\/{rel}","templated":true}]}}