{"id":1018,"date":"2024-01-26T16:47:39","date_gmt":"2024-01-26T16:47:39","guid":{"rendered":"https:\/\/murerpoint.dk\/product\/universal-fugestudshoved-til-fugestudser\/"},"modified":"2024-08-02T15:44:50","modified_gmt":"2024-08-02T15:44:50","slug":"roda-vridbara-munstyckshaallar-med-ganga-til-staalmunstycken","status":"publish","type":"product","link":"https:\/\/murerpoint.dk\/sv\/produkt\/roda-vridbara-munstyckshaallar-med-ganga-til-staalmunstycken\/","title":{"rendered":"R\u00f6da vridbara munstycksh\u00e5llar med g\u00e4nga til st\u00e5lmunstycken"},"content":{"rendered":"<?xml encoding=\"utf-8\" ?><h3>R&ouml;da vridbara munstycksh&aring;llar med g&auml;nga til st&aring;lmunstycken<\/h3><p>R&ouml;da vridbara munstycksh&aring;llar med g&auml;nga til st&aring;lmunstycken perfect til: <a href=\"https:\/\/murerpoint.dk\/sv\/produkt\/murbruksfogning-rod-tryckluft-mortelpistol\/\">Murbruksfogning R&ouml;d Tryckluft M&ouml;rtelpistol.<\/a>.<\/p><p>Monteringsverktyg f&ouml;r olika fogmunstycken som anv&auml;nds p&aring; maskinen.<\/p><p>V&aring;r adapter passar &auml;ven till DanePoint och Quikpoint m&ouml;rtelpistol. Den kan anv&auml;ndas med fogmunstycken i rostfritt st&aring;l. V&aring;rt fogmunstycke har g&auml;nga f&ouml;r montering av olika fogmunstycken. G&auml;ngan passar till alla Quipoint- och DanePoint-fogmunstycken.<\/p><ul>\n<li><strong>Enkel montering med g&auml;ngan &ndash; bara skru p&aring; fogmunstycket och du &auml;r redo<\/strong><\/li>\n<li><strong>Passar till alla DanePoint-fogmunstycken &ndash; b&aring;de i metall och nylon. <\/strong><\/li>\n<li><strong>Monterar den typen och storleken p&aring; fogmunstycke du beh&ouml;ver f&ouml;r det aktuella arbetet<\/strong><\/li>\n<\/ul><p>n video som visar hur l&auml;tt den &auml;r att anv&auml;nda, med olika munstycken.<\/p><p><iframe title=\"Fugestudshoved fra Danepoint og Quikpoint, passer p&aring; Trykpoint &#128079;. #m&oslash;rtelfugepistol #mortel\" width=\"800\" height=\"600\" src=\"https:\/\/www.youtube.com\/embed\/UtAd_tPPxt4?feature=oembed\" frameborder=\"0\" allow=\"accelerometer; autoplay; clipboard-write; encrypted-media; gyroscope; picture-in-picture; web-share\" referrerpolicy=\"strict-origin-when-cross-origin\" allowfullscreen><\/iframe><\/p>\n","protected":false},"excerpt":{"rendered":"<h2>R\u00f6da vridbara munstycksh\u00e5llar med g\u00e4nga til st\u00e5lmunstycken<\/h2>\n<p>G\u00e4ngan passar till alla Quipoint- och DanePoint-fogmunstycken.<\/p>\n<ul>\n<li><strong>Enkel montering med g\u00e4ngan &#8211; bara skru p\u00e5 fogmunstycket och du \u00e4r redo<\/strong><\/li>\n<li><strong>Passar till alla DanePoint-fogmunstycken &#8211; b\u00e5de i metall och nylon. <\/strong><\/li>\n<li><strong>Monterar den typen och storleken p\u00e5 fogmunstycke du beh\u00f6ver f\u00f6r det aktuella arbetet<\/strong><\/li>\n<\/ul>\n<p><a href=\"file:\/\/\/C:\/Users\/johan\/OneDrive\/Skrivebord\/fugestudser%20og%20fugestudshovede%20livsl%C3%A6ngde\/Livsl%C3%A4ngd%20p%C3%A5%20fogmunstycken%20Svenska.pdf\">Livsl\u00e4ngd p\u00e5 fogmunstycken Svenska.pdf<\/a><\/p>\n","protected":false},"featured_media":2039,"comment_status":"open","ping_status":"closed","template":"","meta":[],"product_brand":[],"product_cat":[106,107],"product_tag":[680,112,2877,2879,2884,912],"class_list":{"0":"post-1018","1":"product","2":"type-product","3":"status-publish","4":"has-post-thumbnail","6":"product_cat-fugestudser-sv","7":"product_cat-tilbehoer-sv","8":"product_tag-danepoint-sv","9":"product_tag-fugning","10":"product_tag-mortarjointgun-sv","11":"product_tag-moertelfugenpistole-sv","12":"product_tag-quikpoint-sv","13":"product_tag-fog-studser","15":"first","16":"instock","17":"taxable","18":"shipping-taxable","19":"purchasable","20":"product-type-simple"},"yoast_head":"<!-- This site is optimized with the Yoast SEO plugin v27.5 - https:\/\/yoast.com\/product\/yoast-seo-wordpress\/ -->\n<title>R\u00f6da vridbara munstycksh\u00e5llar med g\u00e4nga til st\u00e5lmunstycken - Murerpoint ApS<\/title>\n<meta name=\"description\" content=\"R\u00f6da vridbara munstycksh\u00e5llar med g\u00e4nga til st\u00e5lmunstycken \u00c4ven de fr\u00e5n DanePoint och Quikpoint, du bara beh\u00f6ver skruva p\u00e5 fogmunstycket och du \u00e4r klar.\" \/>\n<meta name=\"robots\" content=\"index, follow, max-snippet:-1, max-image-preview:large, max-video-preview:-1\" \/>\n<link rel=\"canonical\" href=\"https:\/\/murerpoint.dk\/sv\/produkt\/roda-vridbara-munstyckshaallar-med-ganga-til-staalmunstycken\/\" \/>\n<meta property=\"og:locale\" content=\"sv_SE\" \/>\n<meta property=\"og:type\" content=\"article\" \/>\n<meta property=\"og:title\" content=\"R\u00f6da vridbara munstycksh\u00e5llar med g\u00e4nga til st\u00e5lmunstycken - Murerpoint ApS\" \/>\n<meta property=\"og:description\" content=\"R\u00f6da vridbara munstycksh\u00e5llar med g\u00e4nga til st\u00e5lmunstycken \u00c4ven de fr\u00e5n DanePoint och Quikpoint, du bara beh\u00f6ver skruva p\u00e5 fogmunstycket och du \u00e4r klar.\" \/>\n<meta property=\"og:url\" content=\"https:\/\/murerpoint.dk\/sv\/produkt\/roda-vridbara-munstyckshaallar-med-ganga-til-staalmunstycken\/\" \/>\n<meta property=\"og:site_name\" content=\"Murerpoint ApS\" \/>\n<meta property=\"article:publisher\" content=\"https:\/\/m.facebook.com\/profile.php?id=61555157262134\" \/>\n<meta property=\"article:modified_time\" content=\"2024-08-02T15:44:50+00:00\" \/>\n<meta property=\"og:image\" content=\"https:\/\/murerpoint.dk\/wp-content\/uploads\/2024\/01\/Adapter-med-firm-grip-fra-siden.jpeg\" \/>\n\t<meta property=\"og:image:width\" content=\"535\" \/>\n\t<meta property=\"og:image:height\" content=\"792\" \/>\n\t<meta property=\"og:image:type\" content=\"image\/jpeg\" \/>\n<meta name=\"twitter:card\" content=\"summary_large_image\" \/>\n<meta name=\"twitter:label1\" content=\"Pris\" \/>\n\t<meta name=\"twitter:data1\" content=\"&euro;16.55 Pris ekskl. moms: &euro;13.24\" \/>\n\t<meta name=\"twitter:label2\" content=\"Tillg\u00e4nglig\" \/>\n\t<meta name=\"twitter:data2\" content=\"I lager\" \/>\n<script type=\"application\/ld+json\" class=\"yoast-schema-graph\">{\"@context\":\"https:\\\/\\\/schema.org\",\"@graph\":[{\"@type\":\"WebPage\",\"@id\":\"https:\\\/\\\/murerpoint.dk\\\/sv\\\/produkt\\\/roda-vridbara-munstyckshaallar-med-ganga-til-staalmunstycken\\\/\",\"url\":\"https:\\\/\\\/murerpoint.dk\\\/sv\\\/produkt\\\/roda-vridbara-munstyckshaallar-med-ganga-til-staalmunstycken\\\/\",\"name\":\"R\u00f6da vridbara munstycksh\u00e5llar med g\u00e4nga til st\u00e5lmunstycken - Murerpoint ApS\",\"isPartOf\":{\"@id\":\"https:\\\/\\\/murerpoint.dk\\\/sv\\\/#website\"},\"primaryImageOfPage\":{\"@id\":\"https:\\\/\\\/murerpoint.dk\\\/sv\\\/produkt\\\/roda-vridbara-munstyckshaallar-med-ganga-til-staalmunstycken\\\/#primaryimage\"},\"image\":{\"@id\":\"https:\\\/\\\/murerpoint.dk\\\/sv\\\/produkt\\\/roda-vridbara-munstyckshaallar-med-ganga-til-staalmunstycken\\\/#primaryimage\"},\"thumbnailUrl\":\"https:\\\/\\\/murerpoint.dk\\\/wp-content\\\/uploads\\\/2024\\\/01\\\/Adapter-med-firm-grip-fra-siden.jpeg\",\"datePublished\":\"2024-01-26T16:47:39+00:00\",\"dateModified\":\"2024-08-02T15:44:50+00:00\",\"description\":\"R\u00f6da vridbara munstycksh\u00e5llar med g\u00e4nga til st\u00e5lmunstycken \u00c4ven de fr\u00e5n DanePoint och Quikpoint, du bara beh\u00f6ver skruva p\u00e5 fogmunstycket och du \u00e4r klar.\",\"breadcrumb\":{\"@id\":\"https:\\\/\\\/murerpoint.dk\\\/sv\\\/produkt\\\/roda-vridbara-munstyckshaallar-med-ganga-til-staalmunstycken\\\/#breadcrumb\"},\"inLanguage\":\"sv-SE\",\"potentialAction\":[{\"@type\":\"ReadAction\",\"target\":[\"https:\\\/\\\/murerpoint.dk\\\/sv\\\/produkt\\\/roda-vridbara-munstyckshaallar-med-ganga-til-staalmunstycken\\\/\"]}]},{\"@type\":\"ImageObject\",\"inLanguage\":\"sv-SE\",\"@id\":\"https:\\\/\\\/murerpoint.dk\\\/sv\\\/produkt\\\/roda-vridbara-munstyckshaallar-med-ganga-til-staalmunstycken\\\/#primaryimage\",\"url\":\"https:\\\/\\\/murerpoint.dk\\\/wp-content\\\/uploads\\\/2024\\\/01\\\/Adapter-med-firm-grip-fra-siden.jpeg\",\"contentUrl\":\"https:\\\/\\\/murerpoint.dk\\\/wp-content\\\/uploads\\\/2024\\\/01\\\/Adapter-med-firm-grip-fra-siden.jpeg\",\"width\":535,\"height\":792,\"caption\":\"Fugestudhoved med gevind og firmgrip\"},{\"@type\":\"BreadcrumbList\",\"@id\":\"https:\\\/\\\/murerpoint.dk\\\/sv\\\/produkt\\\/roda-vridbara-munstyckshaallar-med-ganga-til-staalmunstycken\\\/#breadcrumb\",\"itemListElement\":[{\"@type\":\"ListItem\",\"position\":1,\"name\":\"Hjem\",\"item\":\"https:\\\/\\\/murerpoint.dk\\\/sv\\\/\"},{\"@type\":\"ListItem\",\"position\":2,\"name\":\"SHOPPEN\",\"item\":\"https:\\\/\\\/murerpoint.dk\\\/sv\\\/shoppen\\\/\"},{\"@type\":\"ListItem\",\"position\":3,\"name\":\"R\u00f6da vridbara munstycksh\u00e5llar med g\u00e4nga til st\u00e5lmunstycken\"}]},{\"@type\":\"WebSite\",\"@id\":\"https:\\\/\\\/murerpoint.dk\\\/sv\\\/#website\",\"url\":\"https:\\\/\\\/murerpoint.dk\\\/sv\\\/\",\"name\":\"Murerpoint\",\"description\":\"kvalitets v\u00e6rkt\u00f8j\",\"publisher\":{\"@id\":\"https:\\\/\\\/murerpoint.dk\\\/sv\\\/#organization\"},\"potentialAction\":[{\"@type\":\"SearchAction\",\"target\":{\"@type\":\"EntryPoint\",\"urlTemplate\":\"https:\\\/\\\/murerpoint.dk\\\/sv\\\/?s={search_term_string}\"},\"query-input\":{\"@type\":\"PropertyValueSpecification\",\"valueRequired\":true,\"valueName\":\"search_term_string\"}}],\"inLanguage\":\"sv-SE\"},{\"@type\":\"Organization\",\"@id\":\"https:\\\/\\\/murerpoint.dk\\\/sv\\\/#organization\",\"name\":\"Murerpoint ApS\",\"url\":\"https:\\\/\\\/murerpoint.dk\\\/sv\\\/\",\"logo\":{\"@type\":\"ImageObject\",\"inLanguage\":\"sv-SE\",\"@id\":\"https:\\\/\\\/murerpoint.dk\\\/sv\\\/#\\\/schema\\\/logo\\\/image\\\/\",\"url\":\"https:\\\/\\\/murerpoint.dk\\\/wp-content\\\/uploads\\\/2023\\\/12\\\/cropped-Sort-Midt-Roed-Mursten.png\",\"contentUrl\":\"https:\\\/\\\/murerpoint.dk\\\/wp-content\\\/uploads\\\/2023\\\/12\\\/cropped-Sort-Midt-Roed-Mursten.png\",\"width\":512,\"height\":512,\"caption\":\"Murerpoint ApS\"},\"image\":{\"@id\":\"https:\\\/\\\/murerpoint.dk\\\/sv\\\/#\\\/schema\\\/logo\\\/image\\\/\"},\"sameAs\":[\"https:\\\/\\\/m.facebook.com\\\/profile.php?id=61555157262134\",\"https:\\\/\\\/www.instagram.com\\\/murerpoint?igsh=azluMWV6cTnc2ts&utm_source=qr\",\"https:\\\/\\\/www.tiktok.com\\\/@murerpoint?is_from_webapp=1&sender_device=pc\"]}]}<\/script>\n<meta property=\"product:price:amount\" content=\"16.55\" \/>\n<meta property=\"product:price:currency\" content=\"EUR\" \/>\n<meta property=\"og:availability\" content=\"instock\" \/>\n<meta property=\"product:availability\" content=\"instock\" \/>\n<meta property=\"product:retailer_item_id\" content=\"MP0039\" \/>\n<meta property=\"product:condition\" content=\"new\" \/>\n<!-- \/ Yoast SEO plugin. -->","yoast_head_json":{"title":"R\u00f6da vridbara munstycksh\u00e5llar med g\u00e4nga til st\u00e5lmunstycken - Murerpoint ApS","description":"R\u00f6da vridbara munstycksh\u00e5llar med g\u00e4nga til st\u00e5lmunstycken \u00c4ven de fr\u00e5n DanePoint och Quikpoint, du bara beh\u00f6ver skruva p\u00e5 fogmunstycket och du \u00e4r klar.","robots":{"index":"index","follow":"follow","max-snippet":"max-snippet:-1","max-image-preview":"max-image-preview:large","max-video-preview":"max-video-preview:-1"},"canonical":"https:\/\/murerpoint.dk\/sv\/produkt\/roda-vridbara-munstyckshaallar-med-ganga-til-staalmunstycken\/","og_locale":"sv_SE","og_type":"article","og_title":"R\u00f6da vridbara munstycksh\u00e5llar med g\u00e4nga til st\u00e5lmunstycken - Murerpoint ApS","og_description":"R\u00f6da vridbara munstycksh\u00e5llar med g\u00e4nga til st\u00e5lmunstycken \u00c4ven de fr\u00e5n DanePoint och Quikpoint, du bara beh\u00f6ver skruva p\u00e5 fogmunstycket och du \u00e4r klar.","og_url":"https:\/\/murerpoint.dk\/sv\/produkt\/roda-vridbara-munstyckshaallar-med-ganga-til-staalmunstycken\/","og_site_name":"Murerpoint ApS","article_publisher":"https:\/\/m.facebook.com\/profile.php?id=61555157262134","article_modified_time":"2024-08-02T15:44:50+00:00","og_image":[{"width":535,"height":792,"url":"https:\/\/murerpoint.dk\/wp-content\/uploads\/2024\/01\/Adapter-med-firm-grip-fra-siden.jpeg","type":"image\/jpeg"}],"twitter_card":"summary_large_image","twitter_misc":{"Pris":"&euro;16.55 Pris ekskl. moms: &euro;13.24","Tillg\u00e4nglig":"I lager"},"schema":{"@context":"https:\/\/schema.org","@graph":[{"@type":"WebPage","@id":"https:\/\/murerpoint.dk\/sv\/produkt\/roda-vridbara-munstyckshaallar-med-ganga-til-staalmunstycken\/","url":"https:\/\/murerpoint.dk\/sv\/produkt\/roda-vridbara-munstyckshaallar-med-ganga-til-staalmunstycken\/","name":"R\u00f6da vridbara munstycksh\u00e5llar med g\u00e4nga til st\u00e5lmunstycken - Murerpoint ApS","isPartOf":{"@id":"https:\/\/murerpoint.dk\/sv\/#website"},"primaryImageOfPage":{"@id":"https:\/\/murerpoint.dk\/sv\/produkt\/roda-vridbara-munstyckshaallar-med-ganga-til-staalmunstycken\/#primaryimage"},"image":{"@id":"https:\/\/murerpoint.dk\/sv\/produkt\/roda-vridbara-munstyckshaallar-med-ganga-til-staalmunstycken\/#primaryimage"},"thumbnailUrl":"https:\/\/murerpoint.dk\/wp-content\/uploads\/2024\/01\/Adapter-med-firm-grip-fra-siden.jpeg","datePublished":"2024-01-26T16:47:39+00:00","dateModified":"2024-08-02T15:44:50+00:00","description":"R\u00f6da vridbara munstycksh\u00e5llar med g\u00e4nga til st\u00e5lmunstycken \u00c4ven de fr\u00e5n DanePoint och Quikpoint, du bara beh\u00f6ver skruva p\u00e5 fogmunstycket och du \u00e4r klar.","breadcrumb":{"@id":"https:\/\/murerpoint.dk\/sv\/produkt\/roda-vridbara-munstyckshaallar-med-ganga-til-staalmunstycken\/#breadcrumb"},"inLanguage":"sv-SE","potentialAction":[{"@type":"ReadAction","target":["https:\/\/murerpoint.dk\/sv\/produkt\/roda-vridbara-munstyckshaallar-med-ganga-til-staalmunstycken\/"]}]},{"@type":"ImageObject","inLanguage":"sv-SE","@id":"https:\/\/murerpoint.dk\/sv\/produkt\/roda-vridbara-munstyckshaallar-med-ganga-til-staalmunstycken\/#primaryimage","url":"https:\/\/murerpoint.dk\/wp-content\/uploads\/2024\/01\/Adapter-med-firm-grip-fra-siden.jpeg","contentUrl":"https:\/\/murerpoint.dk\/wp-content\/uploads\/2024\/01\/Adapter-med-firm-grip-fra-siden.jpeg","width":535,"height":792,"caption":"Fugestudhoved med gevind og firmgrip"},{"@type":"BreadcrumbList","@id":"https:\/\/murerpoint.dk\/sv\/produkt\/roda-vridbara-munstyckshaallar-med-ganga-til-staalmunstycken\/#breadcrumb","itemListElement":[{"@type":"ListItem","position":1,"name":"Hjem","item":"https:\/\/murerpoint.dk\/sv\/"},{"@type":"ListItem","position":2,"name":"SHOPPEN","item":"https:\/\/murerpoint.dk\/sv\/shoppen\/"},{"@type":"ListItem","position":3,"name":"R\u00f6da vridbara munstycksh\u00e5llar med g\u00e4nga til st\u00e5lmunstycken"}]},{"@type":"WebSite","@id":"https:\/\/murerpoint.dk\/sv\/#website","url":"https:\/\/murerpoint.dk\/sv\/","name":"Murerpoint","description":"kvalitets v\u00e6rkt\u00f8j","publisher":{"@id":"https:\/\/murerpoint.dk\/sv\/#organization"},"potentialAction":[{"@type":"SearchAction","target":{"@type":"EntryPoint","urlTemplate":"https:\/\/murerpoint.dk\/sv\/?s={search_term_string}"},"query-input":{"@type":"PropertyValueSpecification","valueRequired":true,"valueName":"search_term_string"}}],"inLanguage":"sv-SE"},{"@type":"Organization","@id":"https:\/\/murerpoint.dk\/sv\/#organization","name":"Murerpoint ApS","url":"https:\/\/murerpoint.dk\/sv\/","logo":{"@type":"ImageObject","inLanguage":"sv-SE","@id":"https:\/\/murerpoint.dk\/sv\/#\/schema\/logo\/image\/","url":"https:\/\/murerpoint.dk\/wp-content\/uploads\/2023\/12\/cropped-Sort-Midt-Roed-Mursten.png","contentUrl":"https:\/\/murerpoint.dk\/wp-content\/uploads\/2023\/12\/cropped-Sort-Midt-Roed-Mursten.png","width":512,"height":512,"caption":"Murerpoint ApS"},"image":{"@id":"https:\/\/murerpoint.dk\/sv\/#\/schema\/logo\/image\/"},"sameAs":["https:\/\/m.facebook.com\/profile.php?id=61555157262134","https:\/\/www.instagram.com\/murerpoint?igsh=azluMWV6cTnc2ts&utm_source=qr","https:\/\/www.tiktok.com\/@murerpoint?is_from_webapp=1&sender_device=pc"]}]},"product_price_amount":"16.55","product_price_currency":"EUR","og_availability":"instock","product_availability":"instock","product_retailer_item_id":"MP0039","product_condition":"new"},"_links":{"self":[{"href":"https:\/\/murerpoint.dk\/sv\/wp-json\/wp\/v2\/product\/1018","targetHints":{"allow":["GET"]}}],"collection":[{"href":"https:\/\/murerpoint.dk\/sv\/wp-json\/wp\/v2\/product"}],"about":[{"href":"https:\/\/murerpoint.dk\/sv\/wp-json\/wp\/v2\/types\/product"}],"replies":[{"embeddable":true,"href":"https:\/\/murerpoint.dk\/sv\/wp-json\/wp\/v2\/comments?post=1018"}],"wp:featuredmedia":[{"embeddable":true,"href":"https:\/\/murerpoint.dk\/sv\/wp-json\/wp\/v2\/media\/2039"}],"wp:attachment":[{"href":"https:\/\/murerpoint.dk\/sv\/wp-json\/wp\/v2\/media?parent=1018"}],"wp:term":[{"taxonomy":"product_brand","embeddable":true,"href":"https:\/\/murerpoint.dk\/sv\/wp-json\/wp\/v2\/product_brand?post=1018"},{"taxonomy":"product_cat","embeddable":true,"href":"https:\/\/murerpoint.dk\/sv\/wp-json\/wp\/v2\/product_cat?post=1018"},{"taxonomy":"product_tag","embeddable":true,"href":"https:\/\/murerpoint.dk\/sv\/wp-json\/wp\/v2\/product_tag?post=1018"}],"curies":[{"name":"wp","href":"https:\/\/api.w.org\/{rel}","templated":true}]}}